{"id":134516,"date":"2026-01-27T21:44:33","date_gmt":"2026-01-27T20:44:33","guid":{"rendered":"https:\/\/new.visit-montenegro.com\/kloster\/"},"modified":"2026-02-23T11:42:39","modified_gmt":"2026-02-23T10:42:39","slug":"cetinje-kloster","status":"publish","type":"page","link":"https:\/\/www.visit-montenegro.com\/de\/reiseziele\/cetinje\/sehenswuerdigkeiten\/cetinje-kloster\/","title":{"rendered":"Cetinje Kloster"},"content":{"rendered":"\n<p>Das <a href=\"https:\/\/www.visit-montenegro.com\/de\/reiseziele\/cetinje\/\">Cetinje<\/a> Kloster ist ein Muss f\u00fcr religi\u00f6se Zentren in Cetinje, Montenegro, bekannt f\u00fcr seine spirituelle Bedeutung, historische Architektur und kulturellen Sch\u00e4tze, was es zu einem Schl\u00fcsselziel f\u00fcr Touristen und Pilger gleicherma\u00dfen macht.<\/p>\n\n<hr class=\"wp-block-separator has-alpha-channel-opacity\"\/>\n\n<h2 class=\"wp-block-heading\">Besuch des Cetinje Klosters<\/h2>\n\n<p>Es ist ein Ort, den Sie unweigerlich w\u00e4hrend Ihrer ersten Bekanntschaft mit Cetinje besuchen m\u00fcssen. Das <strong>Cetinje Kloster<\/strong> ist eines der am h\u00e4ufigsten besuchten religi\u00f6sen Zentren der Stadt.<\/p>\n\n<p>Zum <strong>Cetinje Kloster<\/strong> ist es nicht schwer zu gelangen. Wenn Sie sich vom Zentrum Cetinjes in Richtung des K\u00f6nigsschlosses begeben, gehen Sie einfach ein wenig weiter, biegen rechts ab und passieren das Kloster auf Cipur, um das <strong>Cetinje Kloster<\/strong> zu erreichen. Touristen sowie religi\u00f6se Menschen verbeugen sich zuerst vor den \u00dcberresten des Heiligen Petrus oder betrachten einfach das Innere des Klosters. Abgesehen von den pr\u00e4chtigen Ikonen, Ikonostasen und Reliquiaren wirkt die Truhe, in der die \u00dcberreste des erw\u00e4hnten Heiligen aufbewahrt werden und die mit einem dunkelroten wasserdichten Tuch bedeckt ist, auf dem ein goldenes Kreuz angebracht ist, beeindruckend und mystisch. Dieser Ort erscheint sowohl spirituell und mystisch als auch verpflichtend f\u00fcr alle, die dieses Ziel besuchen m\u00f6chten.<\/p>\n\n<p>Das <strong>Cetinje Kloster<\/strong> befindet sich am Fu\u00dfe des Adlerfelsens, an dem Ort, an dem, wie angenommen wird, die Burg von Ivan Crnojevic stand, von dem man glaubt, dass er der Gr\u00fcnder von Cetinje ist. Im Laden des Klosters k\u00f6nnen Sie verschiedene Souvenirs, Kerzen, Kirchenartikel, Rosenkr\u00e4nze, heiliges \u00d6l, Weihrauch, Gebetb\u00fccher und orthodoxe Studien sowie viele andere Souvenirs kaufen.<\/p>\n\n<figure class=\"wp-block-image size-large\"><img loading=\"lazy\" decoding=\"async\" width=\"1024\" height=\"681\" src=\"https:\/\/www.visit-montenegro.com\/wp-content\/uploads\/2026\/01\/cetinje-monastery-1024x681.jpg\" alt=\"\" class=\"wp-image-36027\" srcset=\"https:\/\/www.visit-montenegro.com\/wp-content\/uploads\/2026\/01\/cetinje-monastery-1024x681.jpg 1024w, https:\/\/www.visit-montenegro.com\/wp-content\/uploads\/2026\/01\/cetinje-monastery-300x200.jpg 300w, https:\/\/www.visit-montenegro.com\/wp-content\/uploads\/2026\/01\/cetinje-monastery-768x511.jpg 768w, https:\/\/www.visit-montenegro.com\/wp-content\/uploads\/2026\/01\/cetinje-monastery-1536x1022.jpg 1536w, https:\/\/www.visit-montenegro.com\/wp-content\/uploads\/2026\/01\/cetinje-monastery-1200x798.jpg 1200w, https:\/\/www.visit-montenegro.com\/wp-content\/uploads\/2026\/01\/cetinje-monastery-scaled.jpg 1600w\" sizes=\"auto, (max-width: 1024px) 100vw, 1024px\" \/><figcaption class=\"wp-element-caption\">Altes Kloster der Geburt der Seligen Jungfrau Maria in Cetinje, beliebter touristischer Ort in Montenegro.<\/figcaption><\/figure>\n\n<h2 class=\"wp-block-heading\">Geschichte und Architektur des Cetinje Klosters<\/h2>\n\n<p>Das <strong>Cetinje Kloster<\/strong> wurde 1701 in der Regierungszeit von Danilo Petrovic, einem geistlichen und weltlichen Herrscher des ehemaligen Montenegro, erbaut, der architektonische Elemente aus dem zerst\u00f6rten Kloster von Crnojevic in das Kloster einbaute. Der Klosterkomplex wurde zum Zentrum des spirituellen, kulturellen und politischen Lebens Montenegros. Es wurde mehrmals von den T\u00fcrken verw\u00fcstet, aber auch mehrmals erneuert und erweitert, wobei seine Architektur gr\u00f6\u00dftenteils an die Gel\u00e4ndekonfiguration angepasst wurde.<\/p>\n\n<p>Die letzte gr\u00fcndliche Erneuerung des Klosters dauerte 2 Jahre und fand in der Zeit von 1925 bis 1927 statt.<\/p>\n\n<p>Der Kern des Komplexes dieses Klosters besteht aus einer Querschiffkirche bescheidener Abmessungen, die der Geburt der Heiligen Mutter Gottes gewidmet ist, in der wir die Ikonostase aus der Mitte des 19. Jahrhunderts haben, ein Kunstwerk griechischer Meister.<\/p>\n\n<p>Im s\u00fcdlichen Chor der Kirche befindet sich das Reliquiar mit den \u00dcberresten des Heiligen Petrus von Cetinje, w\u00e4hrend sich neben dem Eingang zum Kloster die Gr\u00e4ber von F\u00fcrst Danilo und Gro\u00dfgouverneur Mirko, dem Vater von K\u00f6nig Nikola I. Petrovic, befinden.<\/p>\n\n<p>Von der Nordseite der Kirche, neben dem Felsen, befindet sich die Zelle des Heiligen Petrus, und s\u00fcdlich der Kirche wurden zweist\u00f6ckige Schlafkammern erbaut. In den sogenannten Njegos-Schlafkammern ist das Klostermuseum untergebracht, das durch seinen Reichtum und die Vielfalt der Exponate die bedeutendste museale Einrichtung dieser Art in Montenegro ist. Das <strong>Cetinje Kloster<\/strong>, eine harmonische architektonische Einheit, besser bekannt als das Kloster des Heiligen Petrus, ist seit Jahren das Symbol der montenegrinischen Spiritualit\u00e4t, des freien Denkens und der Bildung.<\/p>\n","protected":false},"excerpt":{"rendered":"<p>Entdecken Sie das Cetinje Kloster, eine bedeutende spirituelle und historische St\u00e4tte in Montenegro. Erkunden Sie seine reiche Architektur, kulturellen Sch\u00e4tze und Bedeutung als Symbol des montenegrinischen Erbes. Planen Sie Ihren Besuch dieses Muss-Ziels f\u00fcr ein authentisches Erlebnis.<\/p>\n","protected":false},"author":1,"featured_media":134517,"parent":134802,"menu_order":0,"comment_status":"closed","ping_status":"closed","template":"","meta":{"_yoast_wpseo_focuskw":"Cetinje Kloster","_yoast_wpseo_metadesc":"Entdecken Sie das Cetinje Kloster in Montenegro: ein historisches spirituelles Zentrum mit beeindruckender Architektur, kulturellen Sch\u00e4tzen und reichem Erbe. Planen Sie noch heute Ihren Besuch!","_kad_post_transparent":"","_kad_post_title":"","_kad_post_layout":"","_kad_post_sidebar_id":"","_kad_post_content_style":"","_kad_post_vertical_padding":"","_kad_post_feature":"","_kad_post_feature_position":"","_kad_post_header":false,"_kad_post_footer":false,"_kad_post_classname":"","iawp_total_views":5,"footnotes":""},"tags":[],"class_list":["post-134516","page","type-page","status-publish","has-post-thumbnail","hentry"],"yoast_head":"<!-- This site is optimized with the Yoast SEO plugin v27.3 - https:\/\/yoast.com\/product\/yoast-seo-wordpress\/ -->\n<title>Cetinje Kloster - Visit Montenegro<\/title>\n<meta name=\"description\" content=\"Entdecken Sie das Cetinje Kloster in Montenegro: ein historisches spirituelles Zentrum mit beeindruckender Architektur, kulturellen Sch\u00e4tzen und reichem Erbe. Planen Sie noch heute Ihren Besuch!\" \/>\n<meta name=\"robots\" content=\"index, follow, max-snippet:-1, max-image-preview:large, max-video-preview:-1\" \/>\n<link rel=\"canonical\" href=\"https:\/\/www.visit-montenegro.com\/de\/reiseziele\/cetinje\/sehenswuerdigkeiten\/cetinje-kloster\/\" \/>\n<meta property=\"og:locale\" content=\"de_DE\" \/>\n<meta property=\"og:type\" content=\"article\" \/>\n<meta property=\"og:title\" content=\"Cetinje Kloster - Visit Montenegro\" \/>\n<meta property=\"og:description\" content=\"Entdecken Sie das Cetinje Kloster in Montenegro: ein historisches spirituelles Zentrum mit beeindruckender Architektur, kulturellen Sch\u00e4tzen und reichem Erbe. Planen Sie noch heute Ihren Besuch!\" \/>\n<meta property=\"og:url\" content=\"https:\/\/www.visit-montenegro.com\/de\/reiseziele\/cetinje\/sehenswuerdigkeiten\/cetinje-kloster\/\" \/>\n<meta property=\"og:site_name\" content=\"Visit Montenegro\" \/>\n<meta property=\"article:publisher\" content=\"https:\/\/www.facebook.com\/visitmontenegro\" \/>\n<meta property=\"article:modified_time\" content=\"2026-02-23T10:42:39+00:00\" \/>\n<meta property=\"og:image\" content=\"https:\/\/www.visit-montenegro.com\/wp-content\/uploads\/2014\/06\/Portfolio-_0003_Cetinje-Monastery-02.jpg\" \/>\n\t<meta property=\"og:image:width\" content=\"1280\" \/>\n\t<meta property=\"og:image:height\" content=\"720\" \/>\n\t<meta property=\"og:image:type\" content=\"image\/jpeg\" \/>\n<meta name=\"twitter:card\" content=\"summary_large_image\" \/>\n<meta name=\"twitter:site\" content=\"@visitmontenegro\" \/>\n<meta name=\"twitter:label1\" content=\"Gesch\u00e4tzte Lesezeit\" \/>\n\t<meta name=\"twitter:data1\" content=\"3\u00a0Minuten\" \/>\n<script type=\"application\/ld+json\" class=\"yoast-schema-graph\">{\"@context\":\"https:\\\/\\\/schema.org\",\"@graph\":[{\"@type\":\"WebPage\",\"@id\":\"https:\\\/\\\/www.visit-montenegro.com\\\/de\\\/reiseziele\\\/cetinje\\\/sehenswuerdigkeiten\\\/cetinje-kloster\\\/\",\"url\":\"https:\\\/\\\/www.visit-montenegro.com\\\/de\\\/reiseziele\\\/cetinje\\\/sehenswuerdigkeiten\\\/cetinje-kloster\\\/\",\"name\":\"Cetinje Kloster - Visit Montenegro\",\"isPartOf\":{\"@id\":\"https:\\\/\\\/www.visit-montenegro.com\\\/de\\\/#website\"},\"primaryImageOfPage\":{\"@id\":\"https:\\\/\\\/www.visit-montenegro.com\\\/de\\\/reiseziele\\\/cetinje\\\/sehenswuerdigkeiten\\\/cetinje-kloster\\\/#primaryimage\"},\"image\":{\"@id\":\"https:\\\/\\\/www.visit-montenegro.com\\\/de\\\/reiseziele\\\/cetinje\\\/sehenswuerdigkeiten\\\/cetinje-kloster\\\/#primaryimage\"},\"thumbnailUrl\":\"https:\\\/\\\/www.visit-montenegro.com\\\/wp-content\\\/uploads\\\/2014\\\/06\\\/Portfolio-_0003_Cetinje-Monastery-02.jpg\",\"datePublished\":\"2026-01-27T20:44:33+00:00\",\"dateModified\":\"2026-02-23T10:42:39+00:00\",\"description\":\"Entdecken Sie das Cetinje Kloster in Montenegro: ein historisches spirituelles Zentrum mit beeindruckender Architektur, kulturellen Sch\u00e4tzen und reichem Erbe. Planen Sie noch heute Ihren Besuch!\",\"breadcrumb\":{\"@id\":\"https:\\\/\\\/www.visit-montenegro.com\\\/de\\\/reiseziele\\\/cetinje\\\/sehenswuerdigkeiten\\\/cetinje-kloster\\\/#breadcrumb\"},\"inLanguage\":\"de\",\"potentialAction\":[{\"@type\":\"ReadAction\",\"target\":[\"https:\\\/\\\/www.visit-montenegro.com\\\/de\\\/reiseziele\\\/cetinje\\\/sehenswuerdigkeiten\\\/cetinje-kloster\\\/\"]}]},{\"@type\":\"ImageObject\",\"inLanguage\":\"de\",\"@id\":\"https:\\\/\\\/www.visit-montenegro.com\\\/de\\\/reiseziele\\\/cetinje\\\/sehenswuerdigkeiten\\\/cetinje-kloster\\\/#primaryimage\",\"url\":\"https:\\\/\\\/www.visit-montenegro.com\\\/wp-content\\\/uploads\\\/2014\\\/06\\\/Portfolio-_0003_Cetinje-Monastery-02.jpg\",\"contentUrl\":\"https:\\\/\\\/www.visit-montenegro.com\\\/wp-content\\\/uploads\\\/2014\\\/06\\\/Portfolio-_0003_Cetinje-Monastery-02.jpg\",\"width\":1280,\"height\":720},{\"@type\":\"BreadcrumbList\",\"@id\":\"https:\\\/\\\/www.visit-montenegro.com\\\/de\\\/reiseziele\\\/cetinje\\\/sehenswuerdigkeiten\\\/cetinje-kloster\\\/#breadcrumb\",\"itemListElement\":[{\"@type\":\"ListItem\",\"position\":1,\"name\":\"Home\",\"item\":\"https:\\\/\\\/www.visit-montenegro.com\\\/de\\\/home\\\/\"},{\"@type\":\"ListItem\",\"position\":2,\"name\":\"Reiseziele in Montenegro\",\"item\":\"https:\\\/\\\/www.visit-montenegro.com\\\/de\\\/reiseziele\\\/\"},{\"@type\":\"ListItem\",\"position\":3,\"name\":\"Cetinje\",\"item\":\"https:\\\/\\\/www.visit-montenegro.com\\\/de\\\/reiseziele\\\/cetinje\\\/\"},{\"@type\":\"ListItem\",\"position\":4,\"name\":\"Cetinje Sehensw\u00fcrdigkeiten\",\"item\":\"https:\\\/\\\/www.visit-montenegro.com\\\/de\\\/reiseziele\\\/cetinje\\\/sehenswuerdigkeiten\\\/\"},{\"@type\":\"ListItem\",\"position\":5,\"name\":\"Cetinje Kloster\"}]},{\"@type\":\"WebSite\",\"@id\":\"https:\\\/\\\/www.visit-montenegro.com\\\/de\\\/#website\",\"url\":\"https:\\\/\\\/www.visit-montenegro.com\\\/de\\\/\",\"name\":\"Visit Montenegro\",\"description\":\"Breathtaking beauty\",\"publisher\":{\"@id\":\"https:\\\/\\\/www.visit-montenegro.com\\\/de\\\/#organization\"},\"potentialAction\":[{\"@type\":\"SearchAction\",\"target\":{\"@type\":\"EntryPoint\",\"urlTemplate\":\"https:\\\/\\\/www.visit-montenegro.com\\\/de\\\/?s={search_term_string}\"},\"query-input\":{\"@type\":\"PropertyValueSpecification\",\"valueRequired\":true,\"valueName\":\"search_term_string\"}}],\"inLanguage\":\"de\"},{\"@type\":\"Organization\",\"@id\":\"https:\\\/\\\/www.visit-montenegro.com\\\/de\\\/#organization\",\"name\":\"Visit Montenegro\",\"url\":\"https:\\\/\\\/www.visit-montenegro.com\\\/de\\\/\",\"logo\":{\"@type\":\"ImageObject\",\"inLanguage\":\"de\",\"@id\":\"https:\\\/\\\/www.visit-montenegro.com\\\/de\\\/#\\\/schema\\\/logo\\\/image\\\/\",\"url\":\"https:\\\/\\\/www.visit-montenegro.com\\\/wp-content\\\/uploads\\\/2017\\\/10\\\/logo-amp.png\",\"contentUrl\":\"https:\\\/\\\/www.visit-montenegro.com\\\/wp-content\\\/uploads\\\/2017\\\/10\\\/logo-amp.png\",\"width\":190,\"height\":36,\"caption\":\"Visit Montenegro\"},\"image\":{\"@id\":\"https:\\\/\\\/www.visit-montenegro.com\\\/de\\\/#\\\/schema\\\/logo\\\/image\\\/\"},\"sameAs\":[\"https:\\\/\\\/www.facebook.com\\\/visitmontenegro\",\"https:\\\/\\\/x.com\\\/visitmontenegro\",\"https:\\\/\\\/www.instagram.com\\\/visit_montenegro\\\/\",\"https:\\\/\\\/www.youtube.com\\\/user\\\/VisitMontenegro\"]}]}<\/script>\n<!-- \/ Yoast SEO plugin. -->","yoast_head_json":{"title":"Cetinje Kloster - Visit Montenegro","description":"Entdecken Sie das Cetinje Kloster in Montenegro: ein historisches spirituelles Zentrum mit beeindruckender Architektur, kulturellen Sch\u00e4tzen und reichem Erbe. Planen Sie noch heute Ihren Besuch!","robots":{"index":"index","follow":"follow","max-snippet":"max-snippet:-1","max-image-preview":"max-image-preview:large","max-video-preview":"max-video-preview:-1"},"canonical":"https:\/\/www.visit-montenegro.com\/de\/reiseziele\/cetinje\/sehenswuerdigkeiten\/cetinje-kloster\/","og_locale":"de_DE","og_type":"article","og_title":"Cetinje Kloster - Visit Montenegro","og_description":"Entdecken Sie das Cetinje Kloster in Montenegro: ein historisches spirituelles Zentrum mit beeindruckender Architektur, kulturellen Sch\u00e4tzen und reichem Erbe. Planen Sie noch heute Ihren Besuch!","og_url":"https:\/\/www.visit-montenegro.com\/de\/reiseziele\/cetinje\/sehenswuerdigkeiten\/cetinje-kloster\/","og_site_name":"Visit Montenegro","article_publisher":"https:\/\/www.facebook.com\/visitmontenegro","article_modified_time":"2026-02-23T10:42:39+00:00","og_image":[{"width":1280,"height":720,"url":"https:\/\/www.visit-montenegro.com\/wp-content\/uploads\/2014\/06\/Portfolio-_0003_Cetinje-Monastery-02.jpg","type":"image\/jpeg"}],"twitter_card":"summary_large_image","twitter_site":"@visitmontenegro","twitter_misc":{"Gesch\u00e4tzte Lesezeit":"3\u00a0Minuten"},"schema":{"@context":"https:\/\/schema.org","@graph":[{"@type":"WebPage","@id":"https:\/\/www.visit-montenegro.com\/de\/reiseziele\/cetinje\/sehenswuerdigkeiten\/cetinje-kloster\/","url":"https:\/\/www.visit-montenegro.com\/de\/reiseziele\/cetinje\/sehenswuerdigkeiten\/cetinje-kloster\/","name":"Cetinje Kloster - Visit Montenegro","isPartOf":{"@id":"https:\/\/www.visit-montenegro.com\/de\/#website"},"primaryImageOfPage":{"@id":"https:\/\/www.visit-montenegro.com\/de\/reiseziele\/cetinje\/sehenswuerdigkeiten\/cetinje-kloster\/#primaryimage"},"image":{"@id":"https:\/\/www.visit-montenegro.com\/de\/reiseziele\/cetinje\/sehenswuerdigkeiten\/cetinje-kloster\/#primaryimage"},"thumbnailUrl":"https:\/\/www.visit-montenegro.com\/wp-content\/uploads\/2014\/06\/Portfolio-_0003_Cetinje-Monastery-02.jpg","datePublished":"2026-01-27T20:44:33+00:00","dateModified":"2026-02-23T10:42:39+00:00","description":"Entdecken Sie das Cetinje Kloster in Montenegro: ein historisches spirituelles Zentrum mit beeindruckender Architektur, kulturellen Sch\u00e4tzen und reichem Erbe. Planen Sie noch heute Ihren Besuch!","breadcrumb":{"@id":"https:\/\/www.visit-montenegro.com\/de\/reiseziele\/cetinje\/sehenswuerdigkeiten\/cetinje-kloster\/#breadcrumb"},"inLanguage":"de","potentialAction":[{"@type":"ReadAction","target":["https:\/\/www.visit-montenegro.com\/de\/reiseziele\/cetinje\/sehenswuerdigkeiten\/cetinje-kloster\/"]}]},{"@type":"ImageObject","inLanguage":"de","@id":"https:\/\/www.visit-montenegro.com\/de\/reiseziele\/cetinje\/sehenswuerdigkeiten\/cetinje-kloster\/#primaryimage","url":"https:\/\/www.visit-montenegro.com\/wp-content\/uploads\/2014\/06\/Portfolio-_0003_Cetinje-Monastery-02.jpg","contentUrl":"https:\/\/www.visit-montenegro.com\/wp-content\/uploads\/2014\/06\/Portfolio-_0003_Cetinje-Monastery-02.jpg","width":1280,"height":720},{"@type":"BreadcrumbList","@id":"https:\/\/www.visit-montenegro.com\/de\/reiseziele\/cetinje\/sehenswuerdigkeiten\/cetinje-kloster\/#breadcrumb","itemListElement":[{"@type":"ListItem","position":1,"name":"Home","item":"https:\/\/www.visit-montenegro.com\/de\/home\/"},{"@type":"ListItem","position":2,"name":"Reiseziele in Montenegro","item":"https:\/\/www.visit-montenegro.com\/de\/reiseziele\/"},{"@type":"ListItem","position":3,"name":"Cetinje","item":"https:\/\/www.visit-montenegro.com\/de\/reiseziele\/cetinje\/"},{"@type":"ListItem","position":4,"name":"Cetinje Sehensw\u00fcrdigkeiten","item":"https:\/\/www.visit-montenegro.com\/de\/reiseziele\/cetinje\/sehenswuerdigkeiten\/"},{"@type":"ListItem","position":5,"name":"Cetinje Kloster"}]},{"@type":"WebSite","@id":"https:\/\/www.visit-montenegro.com\/de\/#website","url":"https:\/\/www.visit-montenegro.com\/de\/","name":"Visit Montenegro","description":"Breathtaking beauty","publisher":{"@id":"https:\/\/www.visit-montenegro.com\/de\/#organization"},"potentialAction":[{"@type":"SearchAction","target":{"@type":"EntryPoint","urlTemplate":"https:\/\/www.visit-montenegro.com\/de\/?s={search_term_string}"},"query-input":{"@type":"PropertyValueSpecification","valueRequired":true,"valueName":"search_term_string"}}],"inLanguage":"de"},{"@type":"Organization","@id":"https:\/\/www.visit-montenegro.com\/de\/#organization","name":"Visit Montenegro","url":"https:\/\/www.visit-montenegro.com\/de\/","logo":{"@type":"ImageObject","inLanguage":"de","@id":"https:\/\/www.visit-montenegro.com\/de\/#\/schema\/logo\/image\/","url":"https:\/\/www.visit-montenegro.com\/wp-content\/uploads\/2017\/10\/logo-amp.png","contentUrl":"https:\/\/www.visit-montenegro.com\/wp-content\/uploads\/2017\/10\/logo-amp.png","width":190,"height":36,"caption":"Visit Montenegro"},"image":{"@id":"https:\/\/www.visit-montenegro.com\/de\/#\/schema\/logo\/image\/"},"sameAs":["https:\/\/www.facebook.com\/visitmontenegro","https:\/\/x.com\/visitmontenegro","https:\/\/www.instagram.com\/visit_montenegro\/","https:\/\/www.youtube.com\/user\/VisitMontenegro"]}]}},"translations":[],"_links":{"self":[{"href":"https:\/\/www.visit-montenegro.com\/de\/wp-json\/wp\/v2\/pages\/134516","targetHints":{"allow":["GET"]}}],"collection":[{"href":"https:\/\/www.visit-montenegro.com\/de\/wp-json\/wp\/v2\/pages"}],"about":[{"href":"https:\/\/www.visit-montenegro.com\/de\/wp-json\/wp\/v2\/types\/page"}],"author":[{"embeddable":true,"href":"https:\/\/www.visit-montenegro.com\/de\/wp-json\/wp\/v2\/users\/1"}],"replies":[{"embeddable":true,"href":"https:\/\/www.visit-montenegro.com\/de\/wp-json\/wp\/v2\/comments?post=134516"}],"version-history":[{"count":0,"href":"https:\/\/www.visit-montenegro.com\/de\/wp-json\/wp\/v2\/pages\/134516\/revisions"}],"up":[{"embeddable":true,"href":"https:\/\/www.visit-montenegro.com\/de\/wp-json\/wp\/v2\/pages\/134802"}],"wp:featuredmedia":[{"embeddable":true,"href":"https:\/\/www.visit-montenegro.com\/de\/wp-json\/wp\/v2\/media\/134517"}],"wp:attachment":[{"href":"https:\/\/www.visit-montenegro.com\/de\/wp-json\/wp\/v2\/media?parent=134516"}],"wp:term":[{"taxonomy":"post_tag","embeddable":true,"href":"https:\/\/www.visit-montenegro.com\/de\/wp-json\/wp\/v2\/tags?post=134516"}],"curies":[{"name":"wp","href":"https:\/\/api.w.org\/{rel}","templated":true}]}}