{"id":134522,"date":"2026-01-27T21:44:33","date_gmt":"2026-01-27T20:44:33","guid":{"rendered":"https:\/\/new.visit-montenegro.com\/billiard-palace\/"},"modified":"2026-02-22T17:05:16","modified_gmt":"2026-02-22T16:05:16","slug":"billiard-palace","status":"publish","type":"page","link":"https:\/\/www.visit-montenegro.com\/de\/reiseziele\/cetinje\/sehenswuerdigkeiten\/billiard-palace\/","title":{"rendered":"Billiard Palace"},"content":{"rendered":"\n<p>Montenegros Billiard Palace, auch bekannt als Njegos&#8216; Billardhalle, ist ein historisches Steingeb\u00e4ude in der N\u00e4he des Cetinje-Klosters, erbaut 1838 mit russischer Hilfe. Es diente als Residenz, staatliche Institution und beherbergt heute Njegos&#8216; Museum mit einem Billardtisch von 1839 und einem Reliefkarte von Montenegro.<\/p>\n\n<hr class=\"wp-block-separator has-alpha-channel-opacity\"\/>\n\n<h2 class=\"wp-block-heading\">Geschichte und Architektur des Billiard Palace<\/h2>\n\n<p>In unmittelbarer N\u00e4he des Cetinje-Klosters k\u00f6nnen wir sehen, dass Njegos&#8216; Residenz liegt, besser bekannt als der <strong>Billiard Palace<\/strong>, erbaut 1838 mit erheblicher finanzieller Hilfe aus Russland und nach dem Plan des russischen Emiss\u00e4rarchitekten Jakov Ozereckovski. Urspr\u00fcnglich Neues Haus genannt, erhielt es bald den Namen Njegos&#8216; Billardhalle nach der Ankunft eines Billardtischs in <a href=\"https:\/\/www.visit-montenegro.com\/de\/reiseziele\/cetinje\/\">Cetinje<\/a>. Sein Erscheinungsbild passt zum architektonischen Konzept einer mittelalterlichen Burg. Der <strong>Billiard Palace<\/strong> hat die Form eines rechteckigen Steingeb\u00e4udes mit einem Stockwerk; er ist schlicht verarbeitet, mit Blei gedeckt, umgeben von einer gro\u00dfen Steinmauer mit runden T\u00fcrmen in den Ecken und Toren auf allen Seiten. Tats\u00e4chlich gibt es im <strong>Billiard Palace<\/strong> 25 R\u00e4ume, mit 11 im Erdgeschoss und 14 im Obergeschoss.<\/p>\n\n<p>Am interessantesten f\u00fcr Touristen ist der gr\u00f6\u00dfte Raum im <strong>Billiard Palace<\/strong>, wo heute Njegos&#8216; Billardtisch aufbewahrt wird. Der erste Billardtisch in Cetinje kam 1839 aus Wien, finanziert von Russland, mit dem Montenegro wichtige diplomatische und milit\u00e4rische Beziehungen hatte. Neben seinem literarischen Werk und der Diplomatie war Njegos ein gro\u00dfer Liebhaber des Schie\u00dfens und Billards und gewann oft gegen Gegner.<\/p>\n\n<figure class=\"wp-block-image size-large\"><img loading=\"lazy\" decoding=\"async\" width=\"1024\" height=\"681\" src=\"https:\/\/www.visit-montenegro.com\/wp-content\/uploads\/2026\/01\/cetinje-biljarda-02-1024x681.jpg\" alt=\"\" class=\"wp-image-36024\" srcset=\"https:\/\/www.visit-montenegro.com\/wp-content\/uploads\/2026\/01\/cetinje-biljarda-02-1024x681.jpg 1024w, https:\/\/www.visit-montenegro.com\/wp-content\/uploads\/2026\/01\/cetinje-biljarda-02-300x200.jpg 300w, https:\/\/www.visit-montenegro.com\/wp-content\/uploads\/2026\/01\/cetinje-biljarda-02-768x511.jpg 768w, https:\/\/www.visit-montenegro.com\/wp-content\/uploads\/2026\/01\/cetinje-biljarda-02-1536x1022.jpg 1536w, https:\/\/www.visit-montenegro.com\/wp-content\/uploads\/2026\/01\/cetinje-biljarda-02-1200x798.jpg 1200w, https:\/\/www.visit-montenegro.com\/wp-content\/uploads\/2026\/01\/cetinje-biljarda-02-scaled.jpg 1600w\" sizes=\"auto, (max-width: 1024px) 100vw, 1024px\" \/><figcaption class=\"wp-element-caption\">Cetinje antike serbische Klostergeb\u00e4ude. Beliebte Touristenattraktion Montenegros.<\/figcaption><\/figure>\n\n<h3 class=\"wp-block-heading\">Nutzungen und Entwicklung im Laufe der Zeit<\/h3>\n\n<p>Eine bestimmte Anzahl von R\u00e4umen im <strong>Billiard Palace<\/strong> wurde von Njegos f\u00fcr pers\u00f6nliche Bed\u00fcrfnisse genutzt, w\u00e4hrend viele dem Senat, den Wachen des montenegrinischen F\u00fcrsten und anderen Staatsorganen sowie prominenten G\u00e4sten dienten. Bis 1867 diente der <strong>Billiard Palace<\/strong> als Residenz, zun\u00e4chst F\u00fcrst Danilo und dann kurzzeitig Nikola. Dieses ber\u00fchmte Geb\u00e4ude ist haupts\u00e4chlich mit Njegos verbunden. Dar\u00fcber hinaus diente der <strong>Billiard Palace<\/strong> neben Wohnzwecken verschiedenen staatlichen Institutionen, darunter Njegos&#8216; Druckerei, gegr\u00fcndet 1834, Theologie, Gymnasium und einem M\u00e4dcheninstitut. Auch Ende des 19. Jahrhunderts wurde es f\u00fcr die Unterbringung von Ministerien und als milit\u00e4rische Institution genutzt, wobei in diesen Jahren zwei T\u00fcrme entfernt wurden.<\/p>\n\n<p>Im Laufe der Zeit wurde der <strong>Billiard Palace<\/strong> umgebaut, wobei sich sowohl das \u00c4u\u00dfere als auch das Innere ver\u00e4nderten, mit bedeutenden \u00c4nderungen w\u00e4hrend der Regierungszeit von F\u00fcrst Danilo, als ein weiteres Geb\u00e4ude hinzugef\u00fcgt wurde. Zu Beginn des 20. Jahrhunderts wurde ein ger\u00e4umiges Geb\u00e4ude des Kriegsministeriums errichtet. Folglich fanden die drastischsten Ver\u00e4nderungen 1910 statt, als der Zaun und die verbleibenden zwei T\u00fcrme entfernt wurden, um Seitenblicke auf das Kloster zu \u00f6ffnen. Dennoch wurde 1951, zur Feier des 100. Todestages von Njegos, sein urspr\u00fcngliches Erscheinungsbild wiederhergestellt. W\u00e4hrend 1919\/1917 wurde eine Reliefkarte von Montenegro in einem Pavillon platziert, der die Zaunmauer durchschnitt. Seit der Restaurierung wurden Njegos&#8216; und das Ethnografische Museum im <strong>Billiard Palace<\/strong> gegr\u00fcndet. Nach der Erneuerung 1979 nach einem katastrophalen Erdbeben wird der Raum jetzt nur noch als Njegos&#8216; Museum genutzt.<\/p>\n\n<p>Der <strong>Billiard Palace<\/strong> ist gesetzlich als Denkmal der 1. Kategorie in Montenegro gesch\u00fctzt.<\/p>\n","protected":false},"excerpt":{"rendered":"<p>Erkunden Sie den historischen Billiard Palace in Cetinje, Montenegro, erbaut 1838 mit russischer Hilfe. Dieses Steingeb\u00e4ude diente als Residenz, staatliche Institution und beherbergt heute Njegos&#8216; Museum mit einem antiken Billardtisch und reichen architektonischen Details.<\/p>\n","protected":false},"author":1,"featured_media":134523,"parent":134802,"menu_order":0,"comment_status":"closed","ping_status":"closed","template":"","meta":{"_yoast_wpseo_focuskw":"Billiard Palace","_yoast_wpseo_metadesc":"Entdecken Sie Montenegros Billiard Palace: ein historisches Steingeb\u00e4ude von 1838 in der N\u00e4he des Cetinje-Klosters, heute ein Museum mit Njegos' Billardtisch und faszinierender Geschichte. Planen Sie Ihren Besuch!","_kad_post_transparent":"","_kad_post_title":"","_kad_post_layout":"","_kad_post_sidebar_id":"","_kad_post_content_style":"","_kad_post_vertical_padding":"","_kad_post_feature":"","_kad_post_feature_position":"","_kad_post_header":false,"_kad_post_footer":false,"_kad_post_classname":"","iawp_total_views":5,"footnotes":""},"tags":[],"class_list":["post-134522","page","type-page","status-publish","has-post-thumbnail","hentry"],"yoast_head":"<!-- This site is optimized with the Yoast SEO plugin v27.3 - https:\/\/yoast.com\/product\/yoast-seo-wordpress\/ -->\n<title>Billiard Palace - Visit Montenegro<\/title>\n<meta name=\"description\" content=\"Entdecken Sie Montenegros Billiard Palace: ein historisches Steingeb\u00e4ude von 1838 in der N\u00e4he des Cetinje-Klosters, heute ein Museum mit Njegos&#039; Billardtisch und faszinierender Geschichte. Planen Sie Ihren Besuch!\" \/>\n<meta name=\"robots\" content=\"index, follow, max-snippet:-1, max-image-preview:large, max-video-preview:-1\" \/>\n<link rel=\"canonical\" href=\"https:\/\/www.visit-montenegro.com\/de\/reiseziele\/cetinje\/sehenswuerdigkeiten\/billiard-palace\/\" \/>\n<meta property=\"og:locale\" content=\"de_DE\" \/>\n<meta property=\"og:type\" content=\"article\" \/>\n<meta property=\"og:title\" content=\"Billiard Palace - Visit Montenegro\" \/>\n<meta property=\"og:description\" content=\"Entdecken Sie Montenegros Billiard Palace: ein historisches Steingeb\u00e4ude von 1838 in der N\u00e4he des Cetinje-Klosters, heute ein Museum mit Njegos&#039; Billardtisch und faszinierender Geschichte. Planen Sie Ihren Besuch!\" \/>\n<meta property=\"og:url\" content=\"https:\/\/www.visit-montenegro.com\/de\/reiseziele\/cetinje\/sehenswuerdigkeiten\/billiard-palace\/\" \/>\n<meta property=\"og:site_name\" content=\"Visit Montenegro\" \/>\n<meta property=\"article:publisher\" content=\"https:\/\/www.facebook.com\/visitmontenegro\" \/>\n<meta property=\"article:modified_time\" content=\"2026-02-22T16:05:16+00:00\" \/>\n<meta property=\"og:image\" content=\"https:\/\/www.visit-montenegro.com\/wp-content\/uploads\/2017\/11\/cetinje-biljarda.jpg\" \/>\n\t<meta property=\"og:image:width\" content=\"1600\" \/>\n\t<meta property=\"og:image:height\" content=\"1011\" \/>\n\t<meta property=\"og:image:type\" content=\"image\/jpeg\" \/>\n<meta name=\"twitter:card\" content=\"summary_large_image\" \/>\n<meta name=\"twitter:site\" content=\"@visitmontenegro\" \/>\n<meta name=\"twitter:label1\" content=\"Gesch\u00e4tzte Lesezeit\" \/>\n\t<meta name=\"twitter:data1\" content=\"3\u00a0Minuten\" \/>\n<script type=\"application\/ld+json\" class=\"yoast-schema-graph\">{\"@context\":\"https:\\\/\\\/schema.org\",\"@graph\":[{\"@type\":\"WebPage\",\"@id\":\"https:\\\/\\\/www.visit-montenegro.com\\\/de\\\/reiseziele\\\/cetinje\\\/sehenswuerdigkeiten\\\/billiard-palace\\\/\",\"url\":\"https:\\\/\\\/www.visit-montenegro.com\\\/de\\\/reiseziele\\\/cetinje\\\/sehenswuerdigkeiten\\\/billiard-palace\\\/\",\"name\":\"Billiard Palace - Visit Montenegro\",\"isPartOf\":{\"@id\":\"https:\\\/\\\/www.visit-montenegro.com\\\/de\\\/#website\"},\"primaryImageOfPage\":{\"@id\":\"https:\\\/\\\/www.visit-montenegro.com\\\/de\\\/reiseziele\\\/cetinje\\\/sehenswuerdigkeiten\\\/billiard-palace\\\/#primaryimage\"},\"image\":{\"@id\":\"https:\\\/\\\/www.visit-montenegro.com\\\/de\\\/reiseziele\\\/cetinje\\\/sehenswuerdigkeiten\\\/billiard-palace\\\/#primaryimage\"},\"thumbnailUrl\":\"https:\\\/\\\/www.visit-montenegro.com\\\/wp-content\\\/uploads\\\/2017\\\/11\\\/cetinje-biljarda.jpg\",\"datePublished\":\"2026-01-27T20:44:33+00:00\",\"dateModified\":\"2026-02-22T16:05:16+00:00\",\"description\":\"Entdecken Sie Montenegros Billiard Palace: ein historisches Steingeb\u00e4ude von 1838 in der N\u00e4he des Cetinje-Klosters, heute ein Museum mit Njegos' Billardtisch und faszinierender Geschichte. Planen Sie Ihren Besuch!\",\"breadcrumb\":{\"@id\":\"https:\\\/\\\/www.visit-montenegro.com\\\/de\\\/reiseziele\\\/cetinje\\\/sehenswuerdigkeiten\\\/billiard-palace\\\/#breadcrumb\"},\"inLanguage\":\"de\",\"potentialAction\":[{\"@type\":\"ReadAction\",\"target\":[\"https:\\\/\\\/www.visit-montenegro.com\\\/de\\\/reiseziele\\\/cetinje\\\/sehenswuerdigkeiten\\\/billiard-palace\\\/\"]}]},{\"@type\":\"ImageObject\",\"inLanguage\":\"de\",\"@id\":\"https:\\\/\\\/www.visit-montenegro.com\\\/de\\\/reiseziele\\\/cetinje\\\/sehenswuerdigkeiten\\\/billiard-palace\\\/#primaryimage\",\"url\":\"https:\\\/\\\/www.visit-montenegro.com\\\/wp-content\\\/uploads\\\/2017\\\/11\\\/cetinje-biljarda.jpg\",\"contentUrl\":\"https:\\\/\\\/www.visit-montenegro.com\\\/wp-content\\\/uploads\\\/2017\\\/11\\\/cetinje-biljarda.jpg\",\"width\":1600,\"height\":1011},{\"@type\":\"BreadcrumbList\",\"@id\":\"https:\\\/\\\/www.visit-montenegro.com\\\/de\\\/reiseziele\\\/cetinje\\\/sehenswuerdigkeiten\\\/billiard-palace\\\/#breadcrumb\",\"itemListElement\":[{\"@type\":\"ListItem\",\"position\":1,\"name\":\"Home\",\"item\":\"https:\\\/\\\/www.visit-montenegro.com\\\/de\\\/home\\\/\"},{\"@type\":\"ListItem\",\"position\":2,\"name\":\"Reiseziele in Montenegro\",\"item\":\"https:\\\/\\\/www.visit-montenegro.com\\\/de\\\/reiseziele\\\/\"},{\"@type\":\"ListItem\",\"position\":3,\"name\":\"Cetinje\",\"item\":\"https:\\\/\\\/www.visit-montenegro.com\\\/de\\\/reiseziele\\\/cetinje\\\/\"},{\"@type\":\"ListItem\",\"position\":4,\"name\":\"Cetinje Sehensw\u00fcrdigkeiten\",\"item\":\"https:\\\/\\\/www.visit-montenegro.com\\\/de\\\/reiseziele\\\/cetinje\\\/sehenswuerdigkeiten\\\/\"},{\"@type\":\"ListItem\",\"position\":5,\"name\":\"Billiard Palace\"}]},{\"@type\":\"WebSite\",\"@id\":\"https:\\\/\\\/www.visit-montenegro.com\\\/de\\\/#website\",\"url\":\"https:\\\/\\\/www.visit-montenegro.com\\\/de\\\/\",\"name\":\"Visit Montenegro\",\"description\":\"Breathtaking beauty\",\"publisher\":{\"@id\":\"https:\\\/\\\/www.visit-montenegro.com\\\/de\\\/#organization\"},\"potentialAction\":[{\"@type\":\"SearchAction\",\"target\":{\"@type\":\"EntryPoint\",\"urlTemplate\":\"https:\\\/\\\/www.visit-montenegro.com\\\/de\\\/?s={search_term_string}\"},\"query-input\":{\"@type\":\"PropertyValueSpecification\",\"valueRequired\":true,\"valueName\":\"search_term_string\"}}],\"inLanguage\":\"de\"},{\"@type\":\"Organization\",\"@id\":\"https:\\\/\\\/www.visit-montenegro.com\\\/de\\\/#organization\",\"name\":\"Visit Montenegro\",\"url\":\"https:\\\/\\\/www.visit-montenegro.com\\\/de\\\/\",\"logo\":{\"@type\":\"ImageObject\",\"inLanguage\":\"de\",\"@id\":\"https:\\\/\\\/www.visit-montenegro.com\\\/de\\\/#\\\/schema\\\/logo\\\/image\\\/\",\"url\":\"https:\\\/\\\/www.visit-montenegro.com\\\/wp-content\\\/uploads\\\/2017\\\/10\\\/logo-amp.png\",\"contentUrl\":\"https:\\\/\\\/www.visit-montenegro.com\\\/wp-content\\\/uploads\\\/2017\\\/10\\\/logo-amp.png\",\"width\":190,\"height\":36,\"caption\":\"Visit Montenegro\"},\"image\":{\"@id\":\"https:\\\/\\\/www.visit-montenegro.com\\\/de\\\/#\\\/schema\\\/logo\\\/image\\\/\"},\"sameAs\":[\"https:\\\/\\\/www.facebook.com\\\/visitmontenegro\",\"https:\\\/\\\/x.com\\\/visitmontenegro\",\"https:\\\/\\\/www.instagram.com\\\/visit_montenegro\\\/\",\"https:\\\/\\\/www.youtube.com\\\/user\\\/VisitMontenegro\"]}]}<\/script>\n<!-- \/ Yoast SEO plugin. -->","yoast_head_json":{"title":"Billiard Palace - Visit Montenegro","description":"Entdecken Sie Montenegros Billiard Palace: ein historisches Steingeb\u00e4ude von 1838 in der N\u00e4he des Cetinje-Klosters, heute ein Museum mit Njegos' Billardtisch und faszinierender Geschichte. Planen Sie Ihren Besuch!","robots":{"index":"index","follow":"follow","max-snippet":"max-snippet:-1","max-image-preview":"max-image-preview:large","max-video-preview":"max-video-preview:-1"},"canonical":"https:\/\/www.visit-montenegro.com\/de\/reiseziele\/cetinje\/sehenswuerdigkeiten\/billiard-palace\/","og_locale":"de_DE","og_type":"article","og_title":"Billiard Palace - Visit Montenegro","og_description":"Entdecken Sie Montenegros Billiard Palace: ein historisches Steingeb\u00e4ude von 1838 in der N\u00e4he des Cetinje-Klosters, heute ein Museum mit Njegos' Billardtisch und faszinierender Geschichte. Planen Sie Ihren Besuch!","og_url":"https:\/\/www.visit-montenegro.com\/de\/reiseziele\/cetinje\/sehenswuerdigkeiten\/billiard-palace\/","og_site_name":"Visit Montenegro","article_publisher":"https:\/\/www.facebook.com\/visitmontenegro","article_modified_time":"2026-02-22T16:05:16+00:00","og_image":[{"width":1600,"height":1011,"url":"https:\/\/www.visit-montenegro.com\/wp-content\/uploads\/2017\/11\/cetinje-biljarda.jpg","type":"image\/jpeg"}],"twitter_card":"summary_large_image","twitter_site":"@visitmontenegro","twitter_misc":{"Gesch\u00e4tzte Lesezeit":"3\u00a0Minuten"},"schema":{"@context":"https:\/\/schema.org","@graph":[{"@type":"WebPage","@id":"https:\/\/www.visit-montenegro.com\/de\/reiseziele\/cetinje\/sehenswuerdigkeiten\/billiard-palace\/","url":"https:\/\/www.visit-montenegro.com\/de\/reiseziele\/cetinje\/sehenswuerdigkeiten\/billiard-palace\/","name":"Billiard Palace - Visit Montenegro","isPartOf":{"@id":"https:\/\/www.visit-montenegro.com\/de\/#website"},"primaryImageOfPage":{"@id":"https:\/\/www.visit-montenegro.com\/de\/reiseziele\/cetinje\/sehenswuerdigkeiten\/billiard-palace\/#primaryimage"},"image":{"@id":"https:\/\/www.visit-montenegro.com\/de\/reiseziele\/cetinje\/sehenswuerdigkeiten\/billiard-palace\/#primaryimage"},"thumbnailUrl":"https:\/\/www.visit-montenegro.com\/wp-content\/uploads\/2017\/11\/cetinje-biljarda.jpg","datePublished":"2026-01-27T20:44:33+00:00","dateModified":"2026-02-22T16:05:16+00:00","description":"Entdecken Sie Montenegros Billiard Palace: ein historisches Steingeb\u00e4ude von 1838 in der N\u00e4he des Cetinje-Klosters, heute ein Museum mit Njegos' Billardtisch und faszinierender Geschichte. Planen Sie Ihren Besuch!","breadcrumb":{"@id":"https:\/\/www.visit-montenegro.com\/de\/reiseziele\/cetinje\/sehenswuerdigkeiten\/billiard-palace\/#breadcrumb"},"inLanguage":"de","potentialAction":[{"@type":"ReadAction","target":["https:\/\/www.visit-montenegro.com\/de\/reiseziele\/cetinje\/sehenswuerdigkeiten\/billiard-palace\/"]}]},{"@type":"ImageObject","inLanguage":"de","@id":"https:\/\/www.visit-montenegro.com\/de\/reiseziele\/cetinje\/sehenswuerdigkeiten\/billiard-palace\/#primaryimage","url":"https:\/\/www.visit-montenegro.com\/wp-content\/uploads\/2017\/11\/cetinje-biljarda.jpg","contentUrl":"https:\/\/www.visit-montenegro.com\/wp-content\/uploads\/2017\/11\/cetinje-biljarda.jpg","width":1600,"height":1011},{"@type":"BreadcrumbList","@id":"https:\/\/www.visit-montenegro.com\/de\/reiseziele\/cetinje\/sehenswuerdigkeiten\/billiard-palace\/#breadcrumb","itemListElement":[{"@type":"ListItem","position":1,"name":"Home","item":"https:\/\/www.visit-montenegro.com\/de\/home\/"},{"@type":"ListItem","position":2,"name":"Reiseziele in Montenegro","item":"https:\/\/www.visit-montenegro.com\/de\/reiseziele\/"},{"@type":"ListItem","position":3,"name":"Cetinje","item":"https:\/\/www.visit-montenegro.com\/de\/reiseziele\/cetinje\/"},{"@type":"ListItem","position":4,"name":"Cetinje Sehensw\u00fcrdigkeiten","item":"https:\/\/www.visit-montenegro.com\/de\/reiseziele\/cetinje\/sehenswuerdigkeiten\/"},{"@type":"ListItem","position":5,"name":"Billiard Palace"}]},{"@type":"WebSite","@id":"https:\/\/www.visit-montenegro.com\/de\/#website","url":"https:\/\/www.visit-montenegro.com\/de\/","name":"Visit Montenegro","description":"Breathtaking beauty","publisher":{"@id":"https:\/\/www.visit-montenegro.com\/de\/#organization"},"potentialAction":[{"@type":"SearchAction","target":{"@type":"EntryPoint","urlTemplate":"https:\/\/www.visit-montenegro.com\/de\/?s={search_term_string}"},"query-input":{"@type":"PropertyValueSpecification","valueRequired":true,"valueName":"search_term_string"}}],"inLanguage":"de"},{"@type":"Organization","@id":"https:\/\/www.visit-montenegro.com\/de\/#organization","name":"Visit Montenegro","url":"https:\/\/www.visit-montenegro.com\/de\/","logo":{"@type":"ImageObject","inLanguage":"de","@id":"https:\/\/www.visit-montenegro.com\/de\/#\/schema\/logo\/image\/","url":"https:\/\/www.visit-montenegro.com\/wp-content\/uploads\/2017\/10\/logo-amp.png","contentUrl":"https:\/\/www.visit-montenegro.com\/wp-content\/uploads\/2017\/10\/logo-amp.png","width":190,"height":36,"caption":"Visit Montenegro"},"image":{"@id":"https:\/\/www.visit-montenegro.com\/de\/#\/schema\/logo\/image\/"},"sameAs":["https:\/\/www.facebook.com\/visitmontenegro","https:\/\/x.com\/visitmontenegro","https:\/\/www.instagram.com\/visit_montenegro\/","https:\/\/www.youtube.com\/user\/VisitMontenegro"]}]}},"translations":[],"_links":{"self":[{"href":"https:\/\/www.visit-montenegro.com\/de\/wp-json\/wp\/v2\/pages\/134522","targetHints":{"allow":["GET"]}}],"collection":[{"href":"https:\/\/www.visit-montenegro.com\/de\/wp-json\/wp\/v2\/pages"}],"about":[{"href":"https:\/\/www.visit-montenegro.com\/de\/wp-json\/wp\/v2\/types\/page"}],"author":[{"embeddable":true,"href":"https:\/\/www.visit-montenegro.com\/de\/wp-json\/wp\/v2\/users\/1"}],"replies":[{"embeddable":true,"href":"https:\/\/www.visit-montenegro.com\/de\/wp-json\/wp\/v2\/comments?post=134522"}],"version-history":[{"count":0,"href":"https:\/\/www.visit-montenegro.com\/de\/wp-json\/wp\/v2\/pages\/134522\/revisions"}],"up":[{"embeddable":true,"href":"https:\/\/www.visit-montenegro.com\/de\/wp-json\/wp\/v2\/pages\/134802"}],"wp:featuredmedia":[{"embeddable":true,"href":"https:\/\/www.visit-montenegro.com\/de\/wp-json\/wp\/v2\/media\/134523"}],"wp:attachment":[{"href":"https:\/\/www.visit-montenegro.com\/de\/wp-json\/wp\/v2\/media?parent=134522"}],"wp:term":[{"taxonomy":"post_tag","embeddable":true,"href":"https:\/\/www.visit-montenegro.com\/de\/wp-json\/wp\/v2\/tags?post=134522"}],"curies":[{"name":"wp","href":"https:\/\/api.w.org\/{rel}","templated":true}]}}