{"id":134537,"date":"2026-01-27T21:44:33","date_gmt":"2026-01-27T20:44:33","guid":{"rendered":"https:\/\/new.visit-montenegro.com\/ziele\/plav__trashed\/attractions\/prokletije\/"},"modified":"2026-02-24T13:29:20","modified_gmt":"2026-02-24T12:29:20","slug":"prokletije","status":"publish","type":"page","link":"https:\/\/www.visit-montenegro.com\/de\/reiseziele\/plav\/sehenswuerdigkeiten\/prokletije\/","title":{"rendered":"Prokletije-Nationalpark"},"content":{"rendered":"\n<p>Der Prokletije-Nationalpark, gegr\u00fcndet 2009, ist Montenegros neuester Nationalpark, gelegen in den s\u00fcdlichen Dinarischen Alpen entlang der Grenze zwischen Montenegro und Albanien, mit schroffen Gipfeln, Gletscherseen und reicher Artenvielfalt.<\/p>\n\n<hr class=\"wp-block-separator has-alpha-channel-opacity\"\/>\n\n<h2 class=\"wp-block-heading\">\u00dcberblick \u00fcber den Prokletije-Nationalpark<\/h2>\n\n<p>Montenegro erhielt 2009 einen weiteren Nationalpark \u2013 den <strong>Prokletije-Nationalpark<\/strong>. Die Prokletije-Berge befinden sich im s\u00fcdlichsten Teil der Dinarischen Alpen, mehr als 40 Meilen vom Skadar-See entfernt, entlang der Grenze zwischen Montenegro und Albanien. Es gibt drei Nationalparks in den Prokletije \u2013 diesen in Montenegro und zwei in Albanien.<\/p>\n\n<p>Dieses grandiose Bergmassiv zieht mit seiner Sch\u00f6nheit und Einzigartigkeit die Aufmerksamkeit aller Besucher, insbesondere von Touristen, auf sich. Das Relief ist zerkl\u00fcftet, mit zahlreichen Gipfeln, Schluchten, steilen H\u00e4ngen, alpinen Flusst\u00e4lern und anderen Naturph\u00e4nomenen. Es gibt mehrere Zonen im <strong>Prokletije-Nationalpark<\/strong>: Karanfilsko-Bjelicki (der raueste Teil des Gebiets, mit zahlreichen Gipfeln \u00fcber 2.000 Meter \u00fcber dem Meeresspiegel); Visitorsko; Zona Bogicevica; Zona Bora und Kofiljace; Stratacko-Zavojska-Zone.<\/p>\n\n<p>Gletscherseen, gro\u00dfe und kleine B\u00e4che, Quellen und Brunnen mit Trink- und Mineralwasser, Fl\u00fcsse, unterirdische Grundwasserleiter und Bergteiche werden Sie atemlos machen.<\/p>\n\n<figure class=\"wp-block-image size-large\"><img loading=\"lazy\" decoding=\"async\" width=\"1024\" height=\"649\" src=\"https:\/\/www.visit-montenegro.com\/wp-content\/uploads\/2026\/01\/prokletije-01-1024x649.jpg\" alt=\"\" class=\"wp-image-36195\" srcset=\"https:\/\/www.visit-montenegro.com\/wp-content\/uploads\/2026\/01\/prokletije-01-1024x649.jpg 1024w, https:\/\/www.visit-montenegro.com\/wp-content\/uploads\/2026\/01\/prokletije-01-300x190.jpg 300w, https:\/\/www.visit-montenegro.com\/wp-content\/uploads\/2026\/01\/prokletije-01-768x486.jpg 768w, https:\/\/www.visit-montenegro.com\/wp-content\/uploads\/2026\/01\/prokletije-01-1536x973.jpg 1536w, https:\/\/www.visit-montenegro.com\/wp-content\/uploads\/2026\/01\/prokletije-01-1200x760.jpg 1200w, https:\/\/www.visit-montenegro.com\/wp-content\/uploads\/2026\/01\/prokletije-01-scaled.jpg 1600w\" sizes=\"auto, (max-width: 1024px) 100vw, 1024px\" \/><figcaption class=\"wp-element-caption\">Prokletije-Nationalpark, Montenegro<\/figcaption><\/figure>\n\n<h2 class=\"wp-block-heading\">Artenvielfalt und nat\u00fcrliche Merkmale<\/h2>\n\n<h3 class=\"wp-block-heading\">Bedeutung<\/h3>\n\n<p>Auf dem Parkgel\u00e4nde gibt es \u00fcber 1.700 Pflanzenarten, die die H\u00e4lfte der Flora Montenegros oder etwa 1\/5 der gesamten Balkanflora ausmachen. Zusammenfassend 40 typische Pflanzengemeinschaften. Au\u00dferdem ist der <strong>Prokletije-Nationalpark<\/strong> ein Lebensraum f\u00fcr mehrere endemische Arten. Kaninchen, W\u00f6lfe, Braunb\u00e4ren, Luchse, Wildschweine, G\u00e4msen und Hirsche k\u00f6nnen alle im <strong>Prokletije-Nationalpark<\/strong> beobachtet werden.<\/p>\n\n<p>Aufgrund seiner vollst\u00e4ndigen Unber\u00fchrtheit sind Fl\u00fcsse und Seen reich an verschiedenen Tierarten (Fische, Amphibien und Reptilien) sowie Pflanzenarten.<\/p>\n\n<h3 class=\"wp-block-heading\">Flora<\/h3>\n\n<p>Die Vegetation der Prokletije geh\u00f6rt zu den reichsten auf der Balkanhalbinsel und ist eine der Hauptregionen Mitteleuropas f\u00fcr Flora. Etwa 1611 Wildpflanzen wurden beschrieben, 50 Pflanzenarten sind endemisch, sub-endemisch und gef\u00e4hrdet. Der s\u00fcdliche Rand der Berge hat einen sub-mediterranen Charakter.<\/p>\n\n<p>Aufgrund seiner H\u00f6henlage und seines bevorzugten Lebensraums ist das Gebirge eines der Zentren der arktisch-alpinen Flora auf der Balkanhalbinsel. Von 77 arktisch-alpinen Arten der ehemaligen Gletscherflora auf der Balkanhalbinsel k\u00f6nnen etwas mehr als 50 Arten im <strong>Prokletije-Nationalpark<\/strong> gefunden werden.<\/p>\n\n<figure class=\"wp-block-image size-large\"><img loading=\"lazy\" decoding=\"async\" width=\"1024\" height=\"678\" src=\"https:\/\/www.visit-montenegro.com\/wp-content\/uploads\/2026\/01\/prokletije-grebaja-01-1024x678.jpg\" alt=\"\" class=\"wp-image-36199\" srcset=\"https:\/\/www.visit-montenegro.com\/wp-content\/uploads\/2026\/01\/prokletije-grebaja-01-1024x678.jpg 1024w, https:\/\/www.visit-montenegro.com\/wp-content\/uploads\/2026\/01\/prokletije-grebaja-01-300x199.jpg 300w, https:\/\/www.visit-montenegro.com\/wp-content\/uploads\/2026\/01\/prokletije-grebaja-01-768x508.jpg 768w, https:\/\/www.visit-montenegro.com\/wp-content\/uploads\/2026\/01\/prokletije-grebaja-01-1536x1017.jpg 1536w, https:\/\/www.visit-montenegro.com\/wp-content\/uploads\/2026\/01\/prokletije-grebaja-01-1200x794.jpg 1200w, https:\/\/www.visit-montenegro.com\/wp-content\/uploads\/2026\/01\/prokletije-grebaja-01-scaled.jpg 1600w\" sizes=\"auto, (max-width: 1024px) 100vw, 1024px\" \/><figcaption class=\"wp-element-caption\">Grebaje-Tal, Prokletije<\/figcaption><\/figure>\n\n<p>Die Flora in den felsigen Gebieten der Prokletije ist besonders bemerkenswert, da sie seltene reiche und endemische Arten umfasst, einschlie\u00dflich des terti\u00e4ren Relikts Amphoricarpos neumayeri. Viele Pflanzenarten sind entweder endemisch oder haupts\u00e4chlich in den Prokletije zu finden.<\/p>\n\n<h2 class=\"wp-block-heading\">Kulturelle und historische Aspekte<\/h2>\n\n<h3 class=\"wp-block-heading\">Kulturelle Denkm\u00e4ler<\/h3>\n\n<p>Viele Einrichtungen sind aufgrund ihres architektonischen, k\u00fcnstlerischen und historischen Wertes als Denkm\u00e4ler erkl\u00e4rt worden. In Blue \u2013 alte Moschee aus dem f\u00fcnfzehnten Jahrhundert und Red\u017eepagi\u0107a-Turm; im Dorf gibt es eine Kirche, die dem Hl. Brezojevica gewidmet ist; Dreifaltigkeit aus dem zw\u00f6lften Jahrhundert und das Schulgeb\u00e4ude; in Gusinje \u2013 Vizier-Moschee aus dem achtzehnten Jahrhundert, der Turm und die Kirche des Hl. Balic. Georg.<\/p>\n\n<p>Die traditionelle Architektur des Gebiets ist in Form von Wohnh\u00e4usern erhalten, die aus Holz, einer Kombination von Holz und Stein oder nur aus Stein gebaut wurden.<\/p>\n\n<h3 class=\"wp-block-heading\">Geschichte des Parks<\/h3>\n\n<p>Der <strong>Prokletije-Nationalpark<\/strong> hat eine reiche kulturelle und historische Vergangenheit. In dieser Region haben viele Zivilisationen und Kulturen Spuren hinterlassen. Dies bezeugen die zahlreichen St\u00e4tten, Festungen, Kirchen, Moscheen, Siedlungen, Friedh\u00f6fe, traditionelle Architektur, Glauben, Br\u00e4uche, ethnologische Motive, Trachten und Folklore.<\/p>\n\n<p>Die \u00dcberreste von Siedlungen stammen aus dem Pal\u00e4olithikum, der Kupfer- und Bronzezeit, aus der Zeit der Illyrer und des R\u00f6mischen Reiches. Aus dem Mittelalter sind die \u00dcberreste religi\u00f6ser Geb\u00e4ude und Verteidigungsanlagen erhalten, und w\u00e4hrend der t\u00fcrkischen Herrschaft wurden viele Denkm\u00e4ler mit orientalischen Einfl\u00fcssen errichtet. Bedeutende \u00dcberreste aus pr\u00e4historischer Zeit sind in Felsen geritzte Zeichnungen auf dem H\u00fcgel Vizier chin und auf einem Felsen nahe Grbaje. Viele Einrichtungen sind aufgrund ihres architektonischen, k\u00fcnstlerischen und historischen Wertes als Denkm\u00e4ler erkl\u00e4rt worden.<\/p>\n\n<p>Dieses Gebiet zeichnet sich durch einen \u00e4u\u00dferst wertvollen ethnografischen Reichtum aus, der sich in der Vielfalt der Volkstrachten, origineller Musik, Folklore, Br\u00e4uchen widerspiegelt, und es gibt viele hausgemachte Produkte und Handwerkskunst.<\/p>\n\n<figure class=\"wp-block-image size-large\"><img loading=\"lazy\" decoding=\"async\" width=\"1024\" height=\"683\" src=\"https:\/\/www.visit-montenegro.com\/wp-content\/uploads\/2026\/01\/prokletije-grebaja-03-1024x683.jpg\" alt=\"\" class=\"wp-image-36201\" srcset=\"https:\/\/www.visit-montenegro.com\/wp-content\/uploads\/2026\/01\/prokletije-grebaja-03-1024x683.jpg 1024w, https:\/\/www.visit-montenegro.com\/wp-content\/uploads\/2026\/01\/prokletije-grebaja-03-300x200.jpg 300w, https:\/\/www.visit-montenegro.com\/wp-content\/uploads\/2026\/01\/prokletije-grebaja-03-768x512.jpg 768w, https:\/\/www.visit-montenegro.com\/wp-content\/uploads\/2026\/01\/prokletije-grebaja-03-1536x1024.jpg 1536w, https:\/\/www.visit-montenegro.com\/wp-content\/uploads\/2026\/01\/prokletije-grebaja-03-1200x800.jpg 1200w, https:\/\/www.visit-montenegro.com\/wp-content\/uploads\/2026\/01\/prokletije-grebaja-03-scaled.jpg 1600w\" sizes=\"auto, (max-width: 1024px) 100vw, 1024px\" \/><figcaption class=\"wp-element-caption\">MONTENEGRO, BERGE PROKLETIJE &#8211; 29. MAI 2017: Touristen besuchten das Restaurant, das auf der Ebene zwischen den hohen schneebedeckten Bergen liegt.<\/figcaption><\/figure>\n\n<h2 class=\"wp-block-heading\">Freizeitaktivit\u00e4ten und Besucherinformationen<\/h2>\n\n<h3 class=\"wp-block-heading\">Freizeitaktivit\u00e4ten<\/h3>\n\n<p>Wie auch in anderen Nationalparks bietet der <strong>Prokletije-Nationalpark<\/strong> einen unvergesslichen Aktivurlaub. Vom Wandern bis zum Bergsteigen wird Prokletije Sie mit seiner unber\u00fchrten Natur und Sch\u00f6nheit begeistern. Kleine Orte am Fu\u00dfe der Prokletije bieten eine einzigartige Atmosph\u00e4re und Gastfreundschaft.<\/p>\n\n<p>Was Sie nicht verpassen sollten, sind: und <a href=\"https:\/\/www.visit-montenegro.com\/de\/reiseziele\/plav\/sehenswuerdigkeiten\/ali-pasha-springs\/\">Ali-Pasha-Quellen<\/a>. Dies sind zwei MUSS-BESUCH-Orte.<\/p>\n\n<figure class=\"wp-block-image size-large\"><img loading=\"lazy\" decoding=\"async\" width=\"1024\" height=\"683\" src=\"https:\/\/www.visit-montenegro.com\/wp-content\/uploads\/2026\/01\/prokletije-plav-lake-1024x683.jpg\" alt=\"\" class=\"wp-image-36206\" srcset=\"https:\/\/www.visit-montenegro.com\/wp-content\/uploads\/2026\/01\/prokletije-plav-lake-1024x683.jpg 1024w, https:\/\/www.visit-montenegro.com\/wp-content\/uploads\/2026\/01\/prokletije-plav-lake-300x200.jpg 300w, https:\/\/www.visit-montenegro.com\/wp-content\/uploads\/2026\/01\/prokletije-plav-lake-768x512.jpg 768w, https:\/\/www.visit-montenegro.com\/wp-content\/uploads\/2026\/01\/prokletije-plav-lake-1536x1024.jpg 1536w, https:\/\/www.visit-montenegro.com\/wp-content\/uploads\/2026\/01\/prokletije-plav-lake-1200x800.jpg 1200w, https:\/\/www.visit-montenegro.com\/wp-content\/uploads\/2026\/01\/prokletije-plav-lake-scaled.jpg 1600w\" sizes=\"auto, (max-width: 1024px) 100vw, 1024px\" \/><figcaption class=\"wp-element-caption\">Blick auf den Plav-See im S\u00fcden Montenegros<\/figcaption><\/figure>\n\n<h3 class=\"wp-block-heading\">Transport\/Anreise<\/h3>\n\n<p>Der beste Weg, den <strong>Prokletije-Nationalpark<\/strong> zu besuchen, wenn Sie kein eigenes Fahrzeug haben, ist die Nutzung eines Mietwagenservices. Au\u00dferdem gibt es regelm\u00e4\u00dfige Buslinien, die Sie nutzen k\u00f6nnen.<\/p>\n\n<p>Schlie\u00dflich bieten einige Reiseb\u00fcros eine Tour zum Nationalpark Prokletije an, was ebenfalls eine M\u00f6glichkeit ist, diesen erstaunlichen Ort zu besuchen und zu genie\u00dfen.<\/p>\n","protected":false},"excerpt":{"rendered":"<p>Entdecken Sie den Prokletije-Nationalpark, Montenegros neuestes Juwel in den Dinarischen Alpen. Erkunden Sie seine schroffen Gipfel, Gletscherseen und reiche Artenvielfalt sowie kulturelle Denkm\u00e4ler und Wanderabenteuer.<\/p>\n","protected":false},"author":1,"featured_media":133941,"parent":133383,"menu_order":0,"comment_status":"closed","ping_status":"closed","template":"","meta":{"_yoast_wpseo_focuskw":"Prokletije-Nationalpark","_yoast_wpseo_metadesc":"Entdecken Sie den Prokletije-Nationalpark in Montenegro: schroffe Berge, Gletscherseen, reiche Flora und kulturelle Geschichte. Planen Sie Ihre Reise mit Wandertipps und Besucherinformationen.","_kad_post_transparent":"","_kad_post_title":"","_kad_post_layout":"","_kad_post_sidebar_id":"","_kad_post_content_style":"","_kad_post_vertical_padding":"","_kad_post_feature":"","_kad_post_feature_position":"","_kad_post_header":false,"_kad_post_footer":false,"_kad_post_classname":"","iawp_total_views":31,"footnotes":""},"tags":[],"class_list":["post-134537","page","type-page","status-publish","has-post-thumbnail","hentry"],"yoast_head":"<!-- This site is optimized with the Yoast SEO plugin v27.3 - https:\/\/yoast.com\/product\/yoast-seo-wordpress\/ -->\n<title>Prokletije-Nationalpark - Visit Montenegro<\/title>\n<meta name=\"description\" content=\"Entdecken Sie den Prokletije-Nationalpark in Montenegro: schroffe Berge, Gletscherseen, reiche Flora und kulturelle Geschichte. Planen Sie Ihre Reise mit Wandertipps und Besucherinformationen.\" \/>\n<meta name=\"robots\" content=\"index, follow, max-snippet:-1, max-image-preview:large, max-video-preview:-1\" \/>\n<link rel=\"canonical\" href=\"https:\/\/www.visit-montenegro.com\/de\/reiseziele\/plav\/sehenswuerdigkeiten\/prokletije\/\" \/>\n<meta property=\"og:locale\" content=\"de_DE\" \/>\n<meta property=\"og:type\" content=\"article\" \/>\n<meta property=\"og:title\" content=\"Prokletije-Nationalpark - Visit Montenegro\" \/>\n<meta property=\"og:description\" content=\"Entdecken Sie den Prokletije-Nationalpark in Montenegro: schroffe Berge, Gletscherseen, reiche Flora und kulturelle Geschichte. Planen Sie Ihre Reise mit Wandertipps und Besucherinformationen.\" \/>\n<meta property=\"og:url\" content=\"https:\/\/www.visit-montenegro.com\/de\/reiseziele\/plav\/sehenswuerdigkeiten\/prokletije\/\" \/>\n<meta property=\"og:site_name\" content=\"Visit Montenegro\" \/>\n<meta property=\"article:publisher\" content=\"https:\/\/www.facebook.com\/visitmontenegro\" \/>\n<meta property=\"article:modified_time\" content=\"2026-02-24T12:29:20+00:00\" \/>\n<meta property=\"og:image\" content=\"https:\/\/www.visit-montenegro.com\/wp-content\/uploads\/2026\/01\/prokletije-02-scaled.jpg\" \/>\n\t<meta property=\"og:image:width\" content=\"1600\" \/>\n\t<meta property=\"og:image:height\" content=\"1067\" \/>\n\t<meta property=\"og:image:type\" content=\"image\/jpeg\" \/>\n<meta name=\"twitter:card\" content=\"summary_large_image\" \/>\n<meta name=\"twitter:site\" content=\"@visitmontenegro\" \/>\n<meta name=\"twitter:label1\" content=\"Gesch\u00e4tzte Lesezeit\" \/>\n\t<meta name=\"twitter:data1\" content=\"4\u00a0Minuten\" \/>\n<script type=\"application\/ld+json\" class=\"yoast-schema-graph\">{\"@context\":\"https:\\\/\\\/schema.org\",\"@graph\":[{\"@type\":\"WebPage\",\"@id\":\"https:\\\/\\\/www.visit-montenegro.com\\\/de\\\/reiseziele\\\/plav\\\/sehenswuerdigkeiten\\\/prokletije\\\/\",\"url\":\"https:\\\/\\\/www.visit-montenegro.com\\\/de\\\/reiseziele\\\/plav\\\/sehenswuerdigkeiten\\\/prokletije\\\/\",\"name\":\"Prokletije-Nationalpark - Visit Montenegro\",\"isPartOf\":{\"@id\":\"https:\\\/\\\/www.visit-montenegro.com\\\/de\\\/#website\"},\"primaryImageOfPage\":{\"@id\":\"https:\\\/\\\/www.visit-montenegro.com\\\/de\\\/reiseziele\\\/plav\\\/sehenswuerdigkeiten\\\/prokletije\\\/#primaryimage\"},\"image\":{\"@id\":\"https:\\\/\\\/www.visit-montenegro.com\\\/de\\\/reiseziele\\\/plav\\\/sehenswuerdigkeiten\\\/prokletije\\\/#primaryimage\"},\"thumbnailUrl\":\"https:\\\/\\\/www.visit-montenegro.com\\\/wp-content\\\/uploads\\\/2026\\\/01\\\/prokletije-02-scaled.jpg\",\"datePublished\":\"2026-01-27T20:44:33+00:00\",\"dateModified\":\"2026-02-24T12:29:20+00:00\",\"description\":\"Entdecken Sie den Prokletije-Nationalpark in Montenegro: schroffe Berge, Gletscherseen, reiche Flora und kulturelle Geschichte. Planen Sie Ihre Reise mit Wandertipps und Besucherinformationen.\",\"breadcrumb\":{\"@id\":\"https:\\\/\\\/www.visit-montenegro.com\\\/de\\\/reiseziele\\\/plav\\\/sehenswuerdigkeiten\\\/prokletije\\\/#breadcrumb\"},\"inLanguage\":\"de\",\"potentialAction\":[{\"@type\":\"ReadAction\",\"target\":[\"https:\\\/\\\/www.visit-montenegro.com\\\/de\\\/reiseziele\\\/plav\\\/sehenswuerdigkeiten\\\/prokletije\\\/\"]}]},{\"@type\":\"ImageObject\",\"inLanguage\":\"de\",\"@id\":\"https:\\\/\\\/www.visit-montenegro.com\\\/de\\\/reiseziele\\\/plav\\\/sehenswuerdigkeiten\\\/prokletije\\\/#primaryimage\",\"url\":\"https:\\\/\\\/www.visit-montenegro.com\\\/wp-content\\\/uploads\\\/2026\\\/01\\\/prokletije-02-scaled.jpg\",\"contentUrl\":\"https:\\\/\\\/www.visit-montenegro.com\\\/wp-content\\\/uploads\\\/2026\\\/01\\\/prokletije-02-scaled.jpg\",\"width\":1600,\"height\":1067,\"caption\":\"Erstaunlicher Blick auf das stille Bergtal, Prokletije Nationalpark, Montenegro\"},{\"@type\":\"BreadcrumbList\",\"@id\":\"https:\\\/\\\/www.visit-montenegro.com\\\/de\\\/reiseziele\\\/plav\\\/sehenswuerdigkeiten\\\/prokletije\\\/#breadcrumb\",\"itemListElement\":[{\"@type\":\"ListItem\",\"position\":1,\"name\":\"Home\",\"item\":\"https:\\\/\\\/www.visit-montenegro.com\\\/de\\\/home\\\/\"},{\"@type\":\"ListItem\",\"position\":2,\"name\":\"Reiseziele in Montenegro\",\"item\":\"https:\\\/\\\/www.visit-montenegro.com\\\/de\\\/reiseziele\\\/\"},{\"@type\":\"ListItem\",\"position\":3,\"name\":\"Plav\",\"item\":\"https:\\\/\\\/www.visit-montenegro.com\\\/de\\\/destinations\\\/plav\\\/\"},{\"@type\":\"ListItem\",\"position\":4,\"name\":\"Plav Sehensw\u00fcrdigkeiten\",\"item\":\"https:\\\/\\\/www.visit-montenegro.com\\\/de\\\/destinations\\\/plav\\\/attractions\\\/\"},{\"@type\":\"ListItem\",\"position\":5,\"name\":\"Prokletije-Nationalpark\"}]},{\"@type\":\"WebSite\",\"@id\":\"https:\\\/\\\/www.visit-montenegro.com\\\/de\\\/#website\",\"url\":\"https:\\\/\\\/www.visit-montenegro.com\\\/de\\\/\",\"name\":\"Visit Montenegro\",\"description\":\"Breathtaking beauty\",\"publisher\":{\"@id\":\"https:\\\/\\\/www.visit-montenegro.com\\\/de\\\/#organization\"},\"potentialAction\":[{\"@type\":\"SearchAction\",\"target\":{\"@type\":\"EntryPoint\",\"urlTemplate\":\"https:\\\/\\\/www.visit-montenegro.com\\\/de\\\/?s={search_term_string}\"},\"query-input\":{\"@type\":\"PropertyValueSpecification\",\"valueRequired\":true,\"valueName\":\"search_term_string\"}}],\"inLanguage\":\"de\"},{\"@type\":\"Organization\",\"@id\":\"https:\\\/\\\/www.visit-montenegro.com\\\/de\\\/#organization\",\"name\":\"Visit Montenegro\",\"url\":\"https:\\\/\\\/www.visit-montenegro.com\\\/de\\\/\",\"logo\":{\"@type\":\"ImageObject\",\"inLanguage\":\"de\",\"@id\":\"https:\\\/\\\/www.visit-montenegro.com\\\/de\\\/#\\\/schema\\\/logo\\\/image\\\/\",\"url\":\"https:\\\/\\\/www.visit-montenegro.com\\\/wp-content\\\/uploads\\\/2017\\\/10\\\/logo-amp.png\",\"contentUrl\":\"https:\\\/\\\/www.visit-montenegro.com\\\/wp-content\\\/uploads\\\/2017\\\/10\\\/logo-amp.png\",\"width\":190,\"height\":36,\"caption\":\"Visit Montenegro\"},\"image\":{\"@id\":\"https:\\\/\\\/www.visit-montenegro.com\\\/de\\\/#\\\/schema\\\/logo\\\/image\\\/\"},\"sameAs\":[\"https:\\\/\\\/www.facebook.com\\\/visitmontenegro\",\"https:\\\/\\\/x.com\\\/visitmontenegro\",\"https:\\\/\\\/www.instagram.com\\\/visit_montenegro\\\/\",\"https:\\\/\\\/www.youtube.com\\\/user\\\/VisitMontenegro\"]}]}<\/script>\n<!-- \/ Yoast SEO plugin. -->","yoast_head_json":{"title":"Prokletije-Nationalpark - Visit Montenegro","description":"Entdecken Sie den Prokletije-Nationalpark in Montenegro: schroffe Berge, Gletscherseen, reiche Flora und kulturelle Geschichte. Planen Sie Ihre Reise mit Wandertipps und Besucherinformationen.","robots":{"index":"index","follow":"follow","max-snippet":"max-snippet:-1","max-image-preview":"max-image-preview:large","max-video-preview":"max-video-preview:-1"},"canonical":"https:\/\/www.visit-montenegro.com\/de\/reiseziele\/plav\/sehenswuerdigkeiten\/prokletije\/","og_locale":"de_DE","og_type":"article","og_title":"Prokletije-Nationalpark - Visit Montenegro","og_description":"Entdecken Sie den Prokletije-Nationalpark in Montenegro: schroffe Berge, Gletscherseen, reiche Flora und kulturelle Geschichte. Planen Sie Ihre Reise mit Wandertipps und Besucherinformationen.","og_url":"https:\/\/www.visit-montenegro.com\/de\/reiseziele\/plav\/sehenswuerdigkeiten\/prokletije\/","og_site_name":"Visit Montenegro","article_publisher":"https:\/\/www.facebook.com\/visitmontenegro","article_modified_time":"2026-02-24T12:29:20+00:00","og_image":[{"width":1600,"height":1067,"url":"https:\/\/www.visit-montenegro.com\/wp-content\/uploads\/2026\/01\/prokletije-02-scaled.jpg","type":"image\/jpeg"}],"twitter_card":"summary_large_image","twitter_site":"@visitmontenegro","twitter_misc":{"Gesch\u00e4tzte Lesezeit":"4\u00a0Minuten"},"schema":{"@context":"https:\/\/schema.org","@graph":[{"@type":"WebPage","@id":"https:\/\/www.visit-montenegro.com\/de\/reiseziele\/plav\/sehenswuerdigkeiten\/prokletije\/","url":"https:\/\/www.visit-montenegro.com\/de\/reiseziele\/plav\/sehenswuerdigkeiten\/prokletije\/","name":"Prokletije-Nationalpark - Visit Montenegro","isPartOf":{"@id":"https:\/\/www.visit-montenegro.com\/de\/#website"},"primaryImageOfPage":{"@id":"https:\/\/www.visit-montenegro.com\/de\/reiseziele\/plav\/sehenswuerdigkeiten\/prokletije\/#primaryimage"},"image":{"@id":"https:\/\/www.visit-montenegro.com\/de\/reiseziele\/plav\/sehenswuerdigkeiten\/prokletije\/#primaryimage"},"thumbnailUrl":"https:\/\/www.visit-montenegro.com\/wp-content\/uploads\/2026\/01\/prokletije-02-scaled.jpg","datePublished":"2026-01-27T20:44:33+00:00","dateModified":"2026-02-24T12:29:20+00:00","description":"Entdecken Sie den Prokletije-Nationalpark in Montenegro: schroffe Berge, Gletscherseen, reiche Flora und kulturelle Geschichte. Planen Sie Ihre Reise mit Wandertipps und Besucherinformationen.","breadcrumb":{"@id":"https:\/\/www.visit-montenegro.com\/de\/reiseziele\/plav\/sehenswuerdigkeiten\/prokletije\/#breadcrumb"},"inLanguage":"de","potentialAction":[{"@type":"ReadAction","target":["https:\/\/www.visit-montenegro.com\/de\/reiseziele\/plav\/sehenswuerdigkeiten\/prokletije\/"]}]},{"@type":"ImageObject","inLanguage":"de","@id":"https:\/\/www.visit-montenegro.com\/de\/reiseziele\/plav\/sehenswuerdigkeiten\/prokletije\/#primaryimage","url":"https:\/\/www.visit-montenegro.com\/wp-content\/uploads\/2026\/01\/prokletije-02-scaled.jpg","contentUrl":"https:\/\/www.visit-montenegro.com\/wp-content\/uploads\/2026\/01\/prokletije-02-scaled.jpg","width":1600,"height":1067,"caption":"Erstaunlicher Blick auf das stille Bergtal, Prokletije Nationalpark, Montenegro"},{"@type":"BreadcrumbList","@id":"https:\/\/www.visit-montenegro.com\/de\/reiseziele\/plav\/sehenswuerdigkeiten\/prokletije\/#breadcrumb","itemListElement":[{"@type":"ListItem","position":1,"name":"Home","item":"https:\/\/www.visit-montenegro.com\/de\/home\/"},{"@type":"ListItem","position":2,"name":"Reiseziele in Montenegro","item":"https:\/\/www.visit-montenegro.com\/de\/reiseziele\/"},{"@type":"ListItem","position":3,"name":"Plav","item":"https:\/\/www.visit-montenegro.com\/de\/destinations\/plav\/"},{"@type":"ListItem","position":4,"name":"Plav Sehensw\u00fcrdigkeiten","item":"https:\/\/www.visit-montenegro.com\/de\/destinations\/plav\/attractions\/"},{"@type":"ListItem","position":5,"name":"Prokletije-Nationalpark"}]},{"@type":"WebSite","@id":"https:\/\/www.visit-montenegro.com\/de\/#website","url":"https:\/\/www.visit-montenegro.com\/de\/","name":"Visit Montenegro","description":"Breathtaking beauty","publisher":{"@id":"https:\/\/www.visit-montenegro.com\/de\/#organization"},"potentialAction":[{"@type":"SearchAction","target":{"@type":"EntryPoint","urlTemplate":"https:\/\/www.visit-montenegro.com\/de\/?s={search_term_string}"},"query-input":{"@type":"PropertyValueSpecification","valueRequired":true,"valueName":"search_term_string"}}],"inLanguage":"de"},{"@type":"Organization","@id":"https:\/\/www.visit-montenegro.com\/de\/#organization","name":"Visit Montenegro","url":"https:\/\/www.visit-montenegro.com\/de\/","logo":{"@type":"ImageObject","inLanguage":"de","@id":"https:\/\/www.visit-montenegro.com\/de\/#\/schema\/logo\/image\/","url":"https:\/\/www.visit-montenegro.com\/wp-content\/uploads\/2017\/10\/logo-amp.png","contentUrl":"https:\/\/www.visit-montenegro.com\/wp-content\/uploads\/2017\/10\/logo-amp.png","width":190,"height":36,"caption":"Visit Montenegro"},"image":{"@id":"https:\/\/www.visit-montenegro.com\/de\/#\/schema\/logo\/image\/"},"sameAs":["https:\/\/www.facebook.com\/visitmontenegro","https:\/\/x.com\/visitmontenegro","https:\/\/www.instagram.com\/visit_montenegro\/","https:\/\/www.youtube.com\/user\/VisitMontenegro"]}]}},"translations":[],"_links":{"self":[{"href":"https:\/\/www.visit-montenegro.com\/de\/wp-json\/wp\/v2\/pages\/134537","targetHints":{"allow":["GET"]}}],"collection":[{"href":"https:\/\/www.visit-montenegro.com\/de\/wp-json\/wp\/v2\/pages"}],"about":[{"href":"https:\/\/www.visit-montenegro.com\/de\/wp-json\/wp\/v2\/types\/page"}],"author":[{"embeddable":true,"href":"https:\/\/www.visit-montenegro.com\/de\/wp-json\/wp\/v2\/users\/1"}],"replies":[{"embeddable":true,"href":"https:\/\/www.visit-montenegro.com\/de\/wp-json\/wp\/v2\/comments?post=134537"}],"version-history":[{"count":0,"href":"https:\/\/www.visit-montenegro.com\/de\/wp-json\/wp\/v2\/pages\/134537\/revisions"}],"up":[{"embeddable":true,"href":"https:\/\/www.visit-montenegro.com\/de\/wp-json\/wp\/v2\/pages\/133383"}],"wp:featuredmedia":[{"embeddable":true,"href":"https:\/\/www.visit-montenegro.com\/de\/wp-json\/wp\/v2\/media\/133941"}],"wp:attachment":[{"href":"https:\/\/www.visit-montenegro.com\/de\/wp-json\/wp\/v2\/media?parent=134537"}],"wp:term":[{"taxonomy":"post_tag","embeddable":true,"href":"https:\/\/www.visit-montenegro.com\/de\/wp-json\/wp\/v2\/tags?post=134537"}],"curies":[{"name":"wp","href":"https:\/\/api.w.org\/{rel}","templated":true}]}}