{"id":134547,"date":"2026-01-27T21:44:33","date_gmt":"2026-01-27T20:44:33","guid":{"rendered":"https:\/\/new.visit-montenegro.com\/ziele\/plav__trashed\/attractions\/plavsee\/"},"modified":"2026-02-22T16:59:54","modified_gmt":"2026-02-22T15:59:54","slug":"plavsee","status":"publish","type":"page","link":"https:\/\/www.visit-montenegro.com\/de\/reiseziele\/plav\/sehenswuerdigkeiten\/plavsee\/","title":{"rendered":"Plavsee"},"content":{"rendered":"\n<p>Der Plavsee (Plavsko jezero) ist der gr\u00f6\u00dfte und sch\u00f6nste See in der Plav-Region Montenegros, im Nordosten des Landes, gelegen zwischen den Gebirgsz\u00fcgen <a href=\"https:\/\/www.visit-montenegro.com\/de\/reiseziele\/plav\/sehenswuerdigkeiten\/prokletije\/\">Prokletije<\/a> und Visitor auf einer H\u00f6he von 906 m \u00fcber dem Meeresspiegel. Die Oberfl\u00e4che des <strong>Plavsees<\/strong> betr\u00e4gt 1,99 km2 und er erstreckt sich etwa 2.160 m von Norden nach S\u00fcden. Es handelt sich um einen Gletschersee, der sich vor etwa 10.000 Jahren am Ende der letzten Eiszeit gebildet hat. Er ist von gr\u00fcnen felsigen H\u00fcgeln umgeben, die zu den dahinter aufragenden Gipfeln f\u00fchren.<\/p>\n\n<p>Die Gegend um den <strong>Plavsee<\/strong> ist ideal zum Wandern und Mountainbiken, und der See selbst ist nur einer von vielen Bergseen, die Radfahrer und Wanderer besuchen k\u00f6nnen, sei es f\u00fcr ein schnelles Bad oder ein entspanntes Picknick.<\/p>\n\n<p>Die Landschaft, die sich auf seiner dunkelblauen Oberfl\u00e4che spiegelt, ist fast unwirklich, mit kahlen felsigen Gipfeln, die im Hochsommer mit Schnee bedeckt sind, als Hintergrund hinter gr\u00fcnen Feldern und dichtem Wald an den unteren H\u00e4ngen der Berge.<\/p>\n\n<figure class=\"wp-block-image size-large\"><img loading=\"lazy\" decoding=\"async\" width=\"1024\" height=\"683\" src=\"https:\/\/www.visit-montenegro.com\/wp-content\/uploads\/2026\/01\/prokletije-plav-lake-1024x683.jpg\" alt=\"\" class=\"wp-image-36206\" srcset=\"https:\/\/www.visit-montenegro.com\/wp-content\/uploads\/2026\/01\/prokletije-plav-lake-1024x683.jpg 1024w, https:\/\/www.visit-montenegro.com\/wp-content\/uploads\/2026\/01\/prokletije-plav-lake-300x200.jpg 300w, https:\/\/www.visit-montenegro.com\/wp-content\/uploads\/2026\/01\/prokletije-plav-lake-768x512.jpg 768w, https:\/\/www.visit-montenegro.com\/wp-content\/uploads\/2026\/01\/prokletije-plav-lake-1536x1024.jpg 1536w, https:\/\/www.visit-montenegro.com\/wp-content\/uploads\/2026\/01\/prokletije-plav-lake-1200x800.jpg 1200w, https:\/\/www.visit-montenegro.com\/wp-content\/uploads\/2026\/01\/prokletije-plav-lake-scaled.jpg 1600w\" sizes=\"auto, (max-width: 1024px) 100vw, 1024px\" \/><figcaption class=\"wp-element-caption\">Blick auf den Plavsee im S\u00fcden Montenegros<\/figcaption><\/figure>\n\n<h2 class=\"wp-block-heading\">Geografie und nat\u00fcrliche Merkmale<\/h2>\n\n<p>Die Plav-Region ist voller Karsth\u00f6hlen, die in letzter Zeit durch internationale Presseberichte bekannt geworden sind, als Teams von Entdeckern versuchten, ihre enormen Tiefen zu kartieren. Die gesamte Plav-Region liegt am Fu\u00dfe des aufragenden Prokletije-Gebirges, das im Winter gelegentliche Reisende mit dem Anblick der Reflexion der schneebedeckten Berge auf dem <strong>Plavsee<\/strong> verbl\u00fcfft, der sich \u00fcber mehr als 2 Kilometer (fast eine Meile) von Norden nach S\u00fcden erstreckt.<\/p>\n\n<h2 class=\"wp-block-heading\">Tourismus und Aktivit\u00e4ten<\/h2>\n\n<p>Der <strong>Plavsee<\/strong> ist ohne Zweifel das Zentrum des \u00d6kotourismus in der Region. Es ist der zweitgr\u00f6\u00dfte See auf dem Gebiet des ehemaligen Jugoslawien. Seine klaren Gew\u00e4sser sind im Sommer ideal zum Schwimmen, und im Winter friert der See zu und wird als riesige Schlittschuhbahn genutzt. Es gibt Bootsfahrten, Ruder- und Tauchwettbewerbe sowie Segelregatten auf dem See. Es gibt alle Voraussetzungen f\u00fcr den Sportfischfang. Dem Wasser im See werden heilende Eigenschaften zugeschrieben.<\/p>\n","protected":false},"excerpt":{"rendered":"<p>Entdecken Sie den Plavsee, Montenegros gr\u00f6\u00dften und sch\u00f6nsten Gletschersee, eingebettet zwischen den Bergen Prokletije und Visitor. Ideal zum Wandern, Radfahren und Wassersport bietet er atemberaubende Landschaften und \u00d6kotourismus-M\u00f6glichkeiten das ganze Jahr \u00fcber.<\/p>\n","protected":false},"author":1,"featured_media":133847,"parent":133383,"menu_order":0,"comment_status":"closed","ping_status":"closed","template":"","meta":{"_yoast_wpseo_focuskw":"Plavsee","_yoast_wpseo_metadesc":"Entdecken Sie den Plavsee in Montenegro: einen Gletschersee perfekt zum Wandern, Schwimmen und Schlittschuhlaufen im Winter. Erkunden Sie seine Sch\u00f6nheit und \u00d6kotourismus-Aktivit\u00e4ten in der Prokletije-Region.","_kad_post_transparent":"","_kad_post_title":"","_kad_post_layout":"","_kad_post_sidebar_id":"","_kad_post_content_style":"","_kad_post_vertical_padding":"","_kad_post_feature":"","_kad_post_feature_position":"","_kad_post_header":false,"_kad_post_footer":false,"_kad_post_classname":"","iawp_total_views":5,"footnotes":""},"tags":[],"class_list":["post-134547","page","type-page","status-publish","has-post-thumbnail","hentry"],"yoast_head":"<!-- This site is optimized with the Yoast SEO plugin v27.3 - https:\/\/yoast.com\/product\/yoast-seo-wordpress\/ -->\n<title>Plavsee - Visit Montenegro<\/title>\n<meta name=\"description\" content=\"Entdecken Sie den Plavsee in Montenegro: einen Gletschersee perfekt zum Wandern, Schwimmen und Schlittschuhlaufen im Winter. Erkunden Sie seine Sch\u00f6nheit und \u00d6kotourismus-Aktivit\u00e4ten in der Prokletije-Region.\" \/>\n<meta name=\"robots\" content=\"index, follow, max-snippet:-1, max-image-preview:large, max-video-preview:-1\" \/>\n<link rel=\"canonical\" href=\"https:\/\/www.visit-montenegro.com\/de\/reiseziele\/plav\/sehenswuerdigkeiten\/plavsee\/\" \/>\n<meta property=\"og:locale\" content=\"de_DE\" \/>\n<meta property=\"og:type\" content=\"article\" \/>\n<meta property=\"og:title\" content=\"Plavsee - Visit Montenegro\" \/>\n<meta property=\"og:description\" content=\"Entdecken Sie den Plavsee in Montenegro: einen Gletschersee perfekt zum Wandern, Schwimmen und Schlittschuhlaufen im Winter. Erkunden Sie seine Sch\u00f6nheit und \u00d6kotourismus-Aktivit\u00e4ten in der Prokletije-Region.\" \/>\n<meta property=\"og:url\" content=\"https:\/\/www.visit-montenegro.com\/de\/reiseziele\/plav\/sehenswuerdigkeiten\/plavsee\/\" \/>\n<meta property=\"og:site_name\" content=\"Visit Montenegro\" \/>\n<meta property=\"article:publisher\" content=\"https:\/\/www.facebook.com\/visitmontenegro\" \/>\n<meta property=\"article:modified_time\" content=\"2026-02-22T15:59:54+00:00\" \/>\n<meta property=\"og:image\" content=\"https:\/\/www.visit-montenegro.com\/wp-content\/uploads\/2026\/01\/prokletije-plav-aerial-scaled.jpg\" \/>\n\t<meta property=\"og:image:width\" content=\"1600\" \/>\n\t<meta property=\"og:image:height\" content=\"1067\" \/>\n\t<meta property=\"og:image:type\" content=\"image\/jpeg\" \/>\n<meta name=\"twitter:card\" content=\"summary_large_image\" \/>\n<meta name=\"twitter:site\" content=\"@visitmontenegro\" \/>\n<meta name=\"twitter:label1\" content=\"Gesch\u00e4tzte Lesezeit\" \/>\n\t<meta name=\"twitter:data1\" content=\"2\u00a0Minuten\" \/>\n<script type=\"application\/ld+json\" class=\"yoast-schema-graph\">{\"@context\":\"https:\\\/\\\/schema.org\",\"@graph\":[{\"@type\":\"WebPage\",\"@id\":\"https:\\\/\\\/www.visit-montenegro.com\\\/de\\\/reiseziele\\\/plav\\\/sehenswuerdigkeiten\\\/plavsee\\\/\",\"url\":\"https:\\\/\\\/www.visit-montenegro.com\\\/de\\\/reiseziele\\\/plav\\\/sehenswuerdigkeiten\\\/plavsee\\\/\",\"name\":\"Plavsee - Visit Montenegro\",\"isPartOf\":{\"@id\":\"https:\\\/\\\/www.visit-montenegro.com\\\/de\\\/#website\"},\"primaryImageOfPage\":{\"@id\":\"https:\\\/\\\/www.visit-montenegro.com\\\/de\\\/reiseziele\\\/plav\\\/sehenswuerdigkeiten\\\/plavsee\\\/#primaryimage\"},\"image\":{\"@id\":\"https:\\\/\\\/www.visit-montenegro.com\\\/de\\\/reiseziele\\\/plav\\\/sehenswuerdigkeiten\\\/plavsee\\\/#primaryimage\"},\"thumbnailUrl\":\"https:\\\/\\\/www.visit-montenegro.com\\\/wp-content\\\/uploads\\\/2026\\\/01\\\/prokletije-plav-aerial-scaled.jpg\",\"datePublished\":\"2026-01-27T20:44:33+00:00\",\"dateModified\":\"2026-02-22T15:59:54+00:00\",\"description\":\"Entdecken Sie den Plavsee in Montenegro: einen Gletschersee perfekt zum Wandern, Schwimmen und Schlittschuhlaufen im Winter. Erkunden Sie seine Sch\u00f6nheit und \u00d6kotourismus-Aktivit\u00e4ten in der Prokletije-Region.\",\"breadcrumb\":{\"@id\":\"https:\\\/\\\/www.visit-montenegro.com\\\/de\\\/reiseziele\\\/plav\\\/sehenswuerdigkeiten\\\/plavsee\\\/#breadcrumb\"},\"inLanguage\":\"de\",\"potentialAction\":[{\"@type\":\"ReadAction\",\"target\":[\"https:\\\/\\\/www.visit-montenegro.com\\\/de\\\/reiseziele\\\/plav\\\/sehenswuerdigkeiten\\\/plavsee\\\/\"]}]},{\"@type\":\"ImageObject\",\"inLanguage\":\"de\",\"@id\":\"https:\\\/\\\/www.visit-montenegro.com\\\/de\\\/reiseziele\\\/plav\\\/sehenswuerdigkeiten\\\/plavsee\\\/#primaryimage\",\"url\":\"https:\\\/\\\/www.visit-montenegro.com\\\/wp-content\\\/uploads\\\/2026\\\/01\\\/prokletije-plav-aerial-scaled.jpg\",\"contentUrl\":\"https:\\\/\\\/www.visit-montenegro.com\\\/wp-content\\\/uploads\\\/2026\\\/01\\\/prokletije-plav-aerial-scaled.jpg\",\"width\":1600,\"height\":1067,\"caption\":\"Vogelperspektive von Plav - Kleine Stadt in den Bergen Montenegros\"},{\"@type\":\"BreadcrumbList\",\"@id\":\"https:\\\/\\\/www.visit-montenegro.com\\\/de\\\/reiseziele\\\/plav\\\/sehenswuerdigkeiten\\\/plavsee\\\/#breadcrumb\",\"itemListElement\":[{\"@type\":\"ListItem\",\"position\":1,\"name\":\"Home\",\"item\":\"https:\\\/\\\/www.visit-montenegro.com\\\/de\\\/home\\\/\"},{\"@type\":\"ListItem\",\"position\":2,\"name\":\"Reiseziele in Montenegro\",\"item\":\"https:\\\/\\\/www.visit-montenegro.com\\\/de\\\/reiseziele\\\/\"},{\"@type\":\"ListItem\",\"position\":3,\"name\":\"Plav\",\"item\":\"https:\\\/\\\/www.visit-montenegro.com\\\/de\\\/destinations\\\/plav\\\/\"},{\"@type\":\"ListItem\",\"position\":4,\"name\":\"Plav Sehensw\u00fcrdigkeiten\",\"item\":\"https:\\\/\\\/www.visit-montenegro.com\\\/de\\\/destinations\\\/plav\\\/attractions\\\/\"},{\"@type\":\"ListItem\",\"position\":5,\"name\":\"Plavsee\"}]},{\"@type\":\"WebSite\",\"@id\":\"https:\\\/\\\/www.visit-montenegro.com\\\/de\\\/#website\",\"url\":\"https:\\\/\\\/www.visit-montenegro.com\\\/de\\\/\",\"name\":\"Visit Montenegro\",\"description\":\"Breathtaking beauty\",\"publisher\":{\"@id\":\"https:\\\/\\\/www.visit-montenegro.com\\\/de\\\/#organization\"},\"potentialAction\":[{\"@type\":\"SearchAction\",\"target\":{\"@type\":\"EntryPoint\",\"urlTemplate\":\"https:\\\/\\\/www.visit-montenegro.com\\\/de\\\/?s={search_term_string}\"},\"query-input\":{\"@type\":\"PropertyValueSpecification\",\"valueRequired\":true,\"valueName\":\"search_term_string\"}}],\"inLanguage\":\"de\"},{\"@type\":\"Organization\",\"@id\":\"https:\\\/\\\/www.visit-montenegro.com\\\/de\\\/#organization\",\"name\":\"Visit Montenegro\",\"url\":\"https:\\\/\\\/www.visit-montenegro.com\\\/de\\\/\",\"logo\":{\"@type\":\"ImageObject\",\"inLanguage\":\"de\",\"@id\":\"https:\\\/\\\/www.visit-montenegro.com\\\/de\\\/#\\\/schema\\\/logo\\\/image\\\/\",\"url\":\"https:\\\/\\\/www.visit-montenegro.com\\\/wp-content\\\/uploads\\\/2017\\\/10\\\/logo-amp.png\",\"contentUrl\":\"https:\\\/\\\/www.visit-montenegro.com\\\/wp-content\\\/uploads\\\/2017\\\/10\\\/logo-amp.png\",\"width\":190,\"height\":36,\"caption\":\"Visit Montenegro\"},\"image\":{\"@id\":\"https:\\\/\\\/www.visit-montenegro.com\\\/de\\\/#\\\/schema\\\/logo\\\/image\\\/\"},\"sameAs\":[\"https:\\\/\\\/www.facebook.com\\\/visitmontenegro\",\"https:\\\/\\\/x.com\\\/visitmontenegro\",\"https:\\\/\\\/www.instagram.com\\\/visit_montenegro\\\/\",\"https:\\\/\\\/www.youtube.com\\\/user\\\/VisitMontenegro\"]}]}<\/script>\n<!-- \/ Yoast SEO plugin. -->","yoast_head_json":{"title":"Plavsee - Visit Montenegro","description":"Entdecken Sie den Plavsee in Montenegro: einen Gletschersee perfekt zum Wandern, Schwimmen und Schlittschuhlaufen im Winter. Erkunden Sie seine Sch\u00f6nheit und \u00d6kotourismus-Aktivit\u00e4ten in der Prokletije-Region.","robots":{"index":"index","follow":"follow","max-snippet":"max-snippet:-1","max-image-preview":"max-image-preview:large","max-video-preview":"max-video-preview:-1"},"canonical":"https:\/\/www.visit-montenegro.com\/de\/reiseziele\/plav\/sehenswuerdigkeiten\/plavsee\/","og_locale":"de_DE","og_type":"article","og_title":"Plavsee - Visit Montenegro","og_description":"Entdecken Sie den Plavsee in Montenegro: einen Gletschersee perfekt zum Wandern, Schwimmen und Schlittschuhlaufen im Winter. Erkunden Sie seine Sch\u00f6nheit und \u00d6kotourismus-Aktivit\u00e4ten in der Prokletije-Region.","og_url":"https:\/\/www.visit-montenegro.com\/de\/reiseziele\/plav\/sehenswuerdigkeiten\/plavsee\/","og_site_name":"Visit Montenegro","article_publisher":"https:\/\/www.facebook.com\/visitmontenegro","article_modified_time":"2026-02-22T15:59:54+00:00","og_image":[{"width":1600,"height":1067,"url":"https:\/\/www.visit-montenegro.com\/wp-content\/uploads\/2026\/01\/prokletije-plav-aerial-scaled.jpg","type":"image\/jpeg"}],"twitter_card":"summary_large_image","twitter_site":"@visitmontenegro","twitter_misc":{"Gesch\u00e4tzte Lesezeit":"2\u00a0Minuten"},"schema":{"@context":"https:\/\/schema.org","@graph":[{"@type":"WebPage","@id":"https:\/\/www.visit-montenegro.com\/de\/reiseziele\/plav\/sehenswuerdigkeiten\/plavsee\/","url":"https:\/\/www.visit-montenegro.com\/de\/reiseziele\/plav\/sehenswuerdigkeiten\/plavsee\/","name":"Plavsee - Visit Montenegro","isPartOf":{"@id":"https:\/\/www.visit-montenegro.com\/de\/#website"},"primaryImageOfPage":{"@id":"https:\/\/www.visit-montenegro.com\/de\/reiseziele\/plav\/sehenswuerdigkeiten\/plavsee\/#primaryimage"},"image":{"@id":"https:\/\/www.visit-montenegro.com\/de\/reiseziele\/plav\/sehenswuerdigkeiten\/plavsee\/#primaryimage"},"thumbnailUrl":"https:\/\/www.visit-montenegro.com\/wp-content\/uploads\/2026\/01\/prokletije-plav-aerial-scaled.jpg","datePublished":"2026-01-27T20:44:33+00:00","dateModified":"2026-02-22T15:59:54+00:00","description":"Entdecken Sie den Plavsee in Montenegro: einen Gletschersee perfekt zum Wandern, Schwimmen und Schlittschuhlaufen im Winter. Erkunden Sie seine Sch\u00f6nheit und \u00d6kotourismus-Aktivit\u00e4ten in der Prokletije-Region.","breadcrumb":{"@id":"https:\/\/www.visit-montenegro.com\/de\/reiseziele\/plav\/sehenswuerdigkeiten\/plavsee\/#breadcrumb"},"inLanguage":"de","potentialAction":[{"@type":"ReadAction","target":["https:\/\/www.visit-montenegro.com\/de\/reiseziele\/plav\/sehenswuerdigkeiten\/plavsee\/"]}]},{"@type":"ImageObject","inLanguage":"de","@id":"https:\/\/www.visit-montenegro.com\/de\/reiseziele\/plav\/sehenswuerdigkeiten\/plavsee\/#primaryimage","url":"https:\/\/www.visit-montenegro.com\/wp-content\/uploads\/2026\/01\/prokletije-plav-aerial-scaled.jpg","contentUrl":"https:\/\/www.visit-montenegro.com\/wp-content\/uploads\/2026\/01\/prokletije-plav-aerial-scaled.jpg","width":1600,"height":1067,"caption":"Vogelperspektive von Plav - Kleine Stadt in den Bergen Montenegros"},{"@type":"BreadcrumbList","@id":"https:\/\/www.visit-montenegro.com\/de\/reiseziele\/plav\/sehenswuerdigkeiten\/plavsee\/#breadcrumb","itemListElement":[{"@type":"ListItem","position":1,"name":"Home","item":"https:\/\/www.visit-montenegro.com\/de\/home\/"},{"@type":"ListItem","position":2,"name":"Reiseziele in Montenegro","item":"https:\/\/www.visit-montenegro.com\/de\/reiseziele\/"},{"@type":"ListItem","position":3,"name":"Plav","item":"https:\/\/www.visit-montenegro.com\/de\/destinations\/plav\/"},{"@type":"ListItem","position":4,"name":"Plav Sehensw\u00fcrdigkeiten","item":"https:\/\/www.visit-montenegro.com\/de\/destinations\/plav\/attractions\/"},{"@type":"ListItem","position":5,"name":"Plavsee"}]},{"@type":"WebSite","@id":"https:\/\/www.visit-montenegro.com\/de\/#website","url":"https:\/\/www.visit-montenegro.com\/de\/","name":"Visit Montenegro","description":"Breathtaking beauty","publisher":{"@id":"https:\/\/www.visit-montenegro.com\/de\/#organization"},"potentialAction":[{"@type":"SearchAction","target":{"@type":"EntryPoint","urlTemplate":"https:\/\/www.visit-montenegro.com\/de\/?s={search_term_string}"},"query-input":{"@type":"PropertyValueSpecification","valueRequired":true,"valueName":"search_term_string"}}],"inLanguage":"de"},{"@type":"Organization","@id":"https:\/\/www.visit-montenegro.com\/de\/#organization","name":"Visit Montenegro","url":"https:\/\/www.visit-montenegro.com\/de\/","logo":{"@type":"ImageObject","inLanguage":"de","@id":"https:\/\/www.visit-montenegro.com\/de\/#\/schema\/logo\/image\/","url":"https:\/\/www.visit-montenegro.com\/wp-content\/uploads\/2017\/10\/logo-amp.png","contentUrl":"https:\/\/www.visit-montenegro.com\/wp-content\/uploads\/2017\/10\/logo-amp.png","width":190,"height":36,"caption":"Visit Montenegro"},"image":{"@id":"https:\/\/www.visit-montenegro.com\/de\/#\/schema\/logo\/image\/"},"sameAs":["https:\/\/www.facebook.com\/visitmontenegro","https:\/\/x.com\/visitmontenegro","https:\/\/www.instagram.com\/visit_montenegro\/","https:\/\/www.youtube.com\/user\/VisitMontenegro"]}]}},"translations":[],"_links":{"self":[{"href":"https:\/\/www.visit-montenegro.com\/de\/wp-json\/wp\/v2\/pages\/134547","targetHints":{"allow":["GET"]}}],"collection":[{"href":"https:\/\/www.visit-montenegro.com\/de\/wp-json\/wp\/v2\/pages"}],"about":[{"href":"https:\/\/www.visit-montenegro.com\/de\/wp-json\/wp\/v2\/types\/page"}],"author":[{"embeddable":true,"href":"https:\/\/www.visit-montenegro.com\/de\/wp-json\/wp\/v2\/users\/1"}],"replies":[{"embeddable":true,"href":"https:\/\/www.visit-montenegro.com\/de\/wp-json\/wp\/v2\/comments?post=134547"}],"version-history":[{"count":0,"href":"https:\/\/www.visit-montenegro.com\/de\/wp-json\/wp\/v2\/pages\/134547\/revisions"}],"up":[{"embeddable":true,"href":"https:\/\/www.visit-montenegro.com\/de\/wp-json\/wp\/v2\/pages\/133383"}],"wp:featuredmedia":[{"embeddable":true,"href":"https:\/\/www.visit-montenegro.com\/de\/wp-json\/wp\/v2\/media\/133847"}],"wp:attachment":[{"href":"https:\/\/www.visit-montenegro.com\/de\/wp-json\/wp\/v2\/media?parent=134547"}],"wp:term":[{"taxonomy":"post_tag","embeddable":true,"href":"https:\/\/www.visit-montenegro.com\/de\/wp-json\/wp\/v2\/tags?post=134547"}],"curies":[{"name":"wp","href":"https:\/\/api.w.org\/{rel}","templated":true}]}}