{"id":134551,"date":"2026-01-27T21:44:33","date_gmt":"2026-01-27T20:44:33","guid":{"rendered":"https:\/\/new.visit-montenegro.com\/ziele\/plav__trashed\/attractions\/hrid-see\/"},"modified":"2026-02-22T16:59:54","modified_gmt":"2026-02-22T15:59:54","slug":"hrid-see","status":"publish","type":"page","link":"https:\/\/www.visit-montenegro.com\/de\/reiseziele\/plav\/sehenswuerdigkeiten\/hrid-see\/","title":{"rendered":"Hrid-See"},"content":{"rendered":"\n<p><strong>Hrid-See<\/strong> (Hridsko jezero) ist ein &#8218;See des Gl\u00fccks&#8216;, versteckt auf 1.970 Metern in Montenegros Nationalpark <a href=\"https:\/\/www.visit-montenegro.com\/de\/reiseziele\/plav\/sehenswuerdigkeiten\/prokletije\/\">Prokletije<\/a>, nahe Plav und Gusinje. Dieses unber\u00fchrte Gebiet bietet reine Natur und wilde Sch\u00f6nheit, ohne menschliche Siedlungen in der N\u00e4he.<\/p>\n\n<hr class=\"wp-block-separator has-alpha-channel-opacity\"\/>\n\n<h2 class=\"wp-block-heading\">Lage und Landschaft<\/h2>\n\n<p><strong>Hrid-See<\/strong> liegt auf der Nordwestseite des Nationalparks Prokletije, in der Gemeinde Plav, Nordmontenegro. Er ist leicht von den St\u00e4dten Plav und Gusinje aus erreichbar. Die Natur ist in diesem Teil der &#8218;Verfluchten Berge&#8216; (&#8218;proklet&#8216; bedeutet verflucht) noch unber\u00fchrt. Tats\u00e4chlich k\u00f6nnen Sie einige naturliebende Wanderer treffen, aber es gibt keine menschlichen Siedlungen in der weiteren Umgebung. Reine Natur und wilde Sch\u00f6nheit!<\/p>\n\n<p><strong>Hrid-See<\/strong> liegt in einer spektakul\u00e4ren Landschaft, gepr\u00e4gt von hohen Kiefern, gebleichten Baumst\u00e4mmen und interessanten Felsformationen. Eingebettet in den intensiven Duft von Kiefern, finden Naturliebhaber und Ruhesuchende einen Ort zum Entspannen und Tr\u00e4umen. In der N\u00e4he des Sees gibt es ein Tal mit \u00fcppigen gr\u00fcnen Wiesen, die zum Verweilen einladen.<\/p>\n\n<p>Ein &#8217;schroffer Felsen&#8216; wird auf Montenegrinisch &#8218;hrid&#8216; genannt, und der See ist unter den steilen Klippen von Hridski Kr\u0161 (2358 m) und dem Berg Bogi\u0107evi\u0107a (2374 m) versteckt.<\/p>\n\n<h2 class=\"wp-block-heading\">Merkmale und Legenden<\/h2>\n\n<p><strong>Hrid-See<\/strong> ist einer der h\u00f6chstgelegenen Seen Montenegros, genannt &#8218;Gorske o\u010di&#8216;. Der See hat einen glazialen Ursprung und ist unter den Menschen als &#8218;Perle von Prokletije&#8216; bekannt.<\/p>\n<div class=\"wp-block-image\">\n<figure class=\"aligncenter size-large\"><img loading=\"lazy\" decoding=\"async\" width=\"1024\" height=\"678\" src=\"https:\/\/www.visit-montenegro.com\/wp-content\/uploads\/2026\/01\/prokletije-hrid-lake-02-1024x678.jpg\" alt=\"\" class=\"wp-image-36204\" srcset=\"https:\/\/www.visit-montenegro.com\/wp-content\/uploads\/2026\/01\/prokletije-hrid-lake-02-1024x678.jpg 1024w, https:\/\/www.visit-montenegro.com\/wp-content\/uploads\/2026\/01\/prokletije-hrid-lake-02-300x199.jpg 300w, https:\/\/www.visit-montenegro.com\/wp-content\/uploads\/2026\/01\/prokletije-hrid-lake-02-768x508.jpg 768w, https:\/\/www.visit-montenegro.com\/wp-content\/uploads\/2026\/01\/prokletije-hrid-lake-02-1536x1017.jpg 1536w, https:\/\/www.visit-montenegro.com\/wp-content\/uploads\/2026\/01\/prokletije-hrid-lake-02-1200x794.jpg 1200w, https:\/\/www.visit-montenegro.com\/wp-content\/uploads\/2026\/01\/prokletije-hrid-lake-02-scaled.jpg 1600w\" sizes=\"auto, (max-width: 1024px) 100vw, 1024px\" \/><figcaption class=\"wp-element-caption\">Ljuca Fluss, Plav, Montenegro.<\/figcaption><\/figure>\n<\/div>\n<p>Er ist 300 Meter lang und 160 Meter breit, und die Tiefe h\u00e4ngt von der Jahreszeit ab, betr\u00e4gt aber im Allgemeinen 5-6 m. Im Sommer wird er kleiner, aber den Rest der Zeit nimmt er zu, besonders bei Regen und Schneeschmelze. Im Winter gefroren, ist der <strong>Hrid-See<\/strong> nicht Montenegros gr\u00f6\u00dfter See. Doch was ihm an Gr\u00f6\u00dfe fehlt, macht er offenbar durch den &#8218;Gl\u00fccksfaktor&#8216; und seine atemberaubende Lage zwischen Kiefern- und Fichtenbest\u00e4nden wett.<\/p>\n\n<p><strong>Hrid-See<\/strong> (Hridsko Jezero) ist in Montenegro als &#8218;See des Gl\u00fccks&#8216; bekannt. Es gibt eine Legende \u00fcber Waldgeister, die sich vor Menschen verstecken und im <strong>Hrid-See<\/strong> baden. Selbst heute glauben diejenigen, die sich zum Schwimmen entscheiden, dass es Gesundheit und Gl\u00fcck in der Ehe bringt. Werfen Sie eine M\u00fcnze oder ein Schmuckst\u00fcck \u2013 einen Ring, ein Armband, eine Kette \u2013 in den See und machen Sie einen Wunsch. Vielleicht geht er bald in Erf\u00fcllung!<\/p>\n\n<h2 class=\"wp-block-heading\">Erreichbarkeit und Wandern<\/h2>\n\n<p>Der See liegt am internationalen Wanderweg Peaks of the Balkans, der 192 Kilometer lang ist und durch Montenegro, Kosovo und Albanien f\u00fchrt. Nicht weit vom See entfernt ist der &#8218;Dreil\u00e4ndergipfel&#8216; Trome\u0111a, wo die Grenzen aller drei L\u00e4nder an derselben Stelle zusammentreffen, was f\u00fcr Wanderer sehr interessant ist.<\/p>\n","protected":false},"excerpt":{"rendered":"<p>Entdecken Sie den Hrid-See, Montenegros versteckten &#8218;See des Gl\u00fccks&#8216; im Nationalpark Prokletije. Dieser Gletschersee bietet atemberaubende Landschaften, Gl\u00fcckslegenden und Zugang zum Peaks of the Balkans Trail.<\/p>\n","protected":false},"author":1,"featured_media":134552,"parent":133383,"menu_order":0,"comment_status":"closed","ping_status":"closed","template":"","meta":{"_yoast_wpseo_focuskw":"Hrid-See","_yoast_wpseo_metadesc":"Entdecken Sie den Hrid-See, Montenegros 'See des Gl\u00fccks' im Nationalpark Prokletije. Erfahren Sie mehr \u00fcber seine Legenden, Wanderwege und atemberaubende alpine Sch\u00f6nheit f\u00fcr Ihr n\u00e4chstes Abenteuer.","_kad_post_transparent":"","_kad_post_title":"","_kad_post_layout":"","_kad_post_sidebar_id":"","_kad_post_content_style":"","_kad_post_vertical_padding":"","_kad_post_feature":"","_kad_post_feature_position":"","_kad_post_header":false,"_kad_post_footer":false,"_kad_post_classname":"","iawp_total_views":5,"footnotes":""},"tags":[],"class_list":["post-134551","page","type-page","status-publish","has-post-thumbnail","hentry"],"yoast_head":"<!-- This site is optimized with the Yoast SEO plugin v27.3 - https:\/\/yoast.com\/product\/yoast-seo-wordpress\/ -->\n<title>Hrid-See - Visit Montenegro<\/title>\n<meta name=\"description\" content=\"Entdecken Sie den Hrid-See, Montenegros &#039;See des Gl\u00fccks&#039; im Nationalpark Prokletije. Erfahren Sie mehr \u00fcber seine Legenden, Wanderwege und atemberaubende alpine Sch\u00f6nheit f\u00fcr Ihr n\u00e4chstes Abenteuer.\" \/>\n<meta name=\"robots\" content=\"index, follow, max-snippet:-1, max-image-preview:large, max-video-preview:-1\" \/>\n<link rel=\"canonical\" href=\"https:\/\/www.visit-montenegro.com\/de\/reiseziele\/plav\/sehenswuerdigkeiten\/hrid-see\/\" \/>\n<meta property=\"og:locale\" content=\"de_DE\" \/>\n<meta property=\"og:type\" content=\"article\" \/>\n<meta property=\"og:title\" content=\"Hrid-See - Visit Montenegro\" \/>\n<meta property=\"og:description\" content=\"Entdecken Sie den Hrid-See, Montenegros &#039;See des Gl\u00fccks&#039; im Nationalpark Prokletije. Erfahren Sie mehr \u00fcber seine Legenden, Wanderwege und atemberaubende alpine Sch\u00f6nheit f\u00fcr Ihr n\u00e4chstes Abenteuer.\" \/>\n<meta property=\"og:url\" content=\"https:\/\/www.visit-montenegro.com\/de\/reiseziele\/plav\/sehenswuerdigkeiten\/hrid-see\/\" \/>\n<meta property=\"og:site_name\" content=\"Visit Montenegro\" \/>\n<meta property=\"article:publisher\" content=\"https:\/\/www.facebook.com\/visitmontenegro\" \/>\n<meta property=\"article:modified_time\" content=\"2026-02-22T15:59:54+00:00\" \/>\n<meta property=\"og:image\" content=\"https:\/\/www.visit-montenegro.com\/wp-content\/uploads\/2026\/01\/prokletije-hrid-lake-scaled.jpg\" \/>\n\t<meta property=\"og:image:width\" content=\"1600\" \/>\n\t<meta property=\"og:image:height\" content=\"1067\" \/>\n\t<meta property=\"og:image:type\" content=\"image\/jpeg\" \/>\n<meta name=\"twitter:card\" content=\"summary_large_image\" \/>\n<meta name=\"twitter:site\" content=\"@visitmontenegro\" \/>\n<meta name=\"twitter:label1\" content=\"Gesch\u00e4tzte Lesezeit\" \/>\n\t<meta name=\"twitter:data1\" content=\"2\u00a0Minuten\" \/>\n<script type=\"application\/ld+json\" class=\"yoast-schema-graph\">{\"@context\":\"https:\\\/\\\/schema.org\",\"@graph\":[{\"@type\":\"WebPage\",\"@id\":\"https:\\\/\\\/www.visit-montenegro.com\\\/de\\\/reiseziele\\\/plav\\\/sehenswuerdigkeiten\\\/hrid-see\\\/\",\"url\":\"https:\\\/\\\/www.visit-montenegro.com\\\/de\\\/reiseziele\\\/plav\\\/sehenswuerdigkeiten\\\/hrid-see\\\/\",\"name\":\"Hrid-See - Visit Montenegro\",\"isPartOf\":{\"@id\":\"https:\\\/\\\/www.visit-montenegro.com\\\/de\\\/#website\"},\"primaryImageOfPage\":{\"@id\":\"https:\\\/\\\/www.visit-montenegro.com\\\/de\\\/reiseziele\\\/plav\\\/sehenswuerdigkeiten\\\/hrid-see\\\/#primaryimage\"},\"image\":{\"@id\":\"https:\\\/\\\/www.visit-montenegro.com\\\/de\\\/reiseziele\\\/plav\\\/sehenswuerdigkeiten\\\/hrid-see\\\/#primaryimage\"},\"thumbnailUrl\":\"https:\\\/\\\/www.visit-montenegro.com\\\/wp-content\\\/uploads\\\/2026\\\/01\\\/prokletije-hrid-lake-scaled.jpg\",\"datePublished\":\"2026-01-27T20:44:33+00:00\",\"dateModified\":\"2026-02-22T15:59:54+00:00\",\"description\":\"Entdecken Sie den Hrid-See, Montenegros 'See des Gl\u00fccks' im Nationalpark Prokletije. Erfahren Sie mehr \u00fcber seine Legenden, Wanderwege und atemberaubende alpine Sch\u00f6nheit f\u00fcr Ihr n\u00e4chstes Abenteuer.\",\"breadcrumb\":{\"@id\":\"https:\\\/\\\/www.visit-montenegro.com\\\/de\\\/reiseziele\\\/plav\\\/sehenswuerdigkeiten\\\/hrid-see\\\/#breadcrumb\"},\"inLanguage\":\"de\",\"potentialAction\":[{\"@type\":\"ReadAction\",\"target\":[\"https:\\\/\\\/www.visit-montenegro.com\\\/de\\\/reiseziele\\\/plav\\\/sehenswuerdigkeiten\\\/hrid-see\\\/\"]}]},{\"@type\":\"ImageObject\",\"inLanguage\":\"de\",\"@id\":\"https:\\\/\\\/www.visit-montenegro.com\\\/de\\\/reiseziele\\\/plav\\\/sehenswuerdigkeiten\\\/hrid-see\\\/#primaryimage\",\"url\":\"https:\\\/\\\/www.visit-montenegro.com\\\/wp-content\\\/uploads\\\/2026\\\/01\\\/prokletije-hrid-lake-scaled.jpg\",\"contentUrl\":\"https:\\\/\\\/www.visit-montenegro.com\\\/wp-content\\\/uploads\\\/2026\\\/01\\\/prokletije-hrid-lake-scaled.jpg\",\"width\":1600,\"height\":1067},{\"@type\":\"BreadcrumbList\",\"@id\":\"https:\\\/\\\/www.visit-montenegro.com\\\/de\\\/reiseziele\\\/plav\\\/sehenswuerdigkeiten\\\/hrid-see\\\/#breadcrumb\",\"itemListElement\":[{\"@type\":\"ListItem\",\"position\":1,\"name\":\"Home\",\"item\":\"https:\\\/\\\/www.visit-montenegro.com\\\/de\\\/home\\\/\"},{\"@type\":\"ListItem\",\"position\":2,\"name\":\"Reiseziele in Montenegro\",\"item\":\"https:\\\/\\\/www.visit-montenegro.com\\\/de\\\/reiseziele\\\/\"},{\"@type\":\"ListItem\",\"position\":3,\"name\":\"Plav\",\"item\":\"https:\\\/\\\/www.visit-montenegro.com\\\/de\\\/destinations\\\/plav\\\/\"},{\"@type\":\"ListItem\",\"position\":4,\"name\":\"Plav Sehensw\u00fcrdigkeiten\",\"item\":\"https:\\\/\\\/www.visit-montenegro.com\\\/de\\\/destinations\\\/plav\\\/attractions\\\/\"},{\"@type\":\"ListItem\",\"position\":5,\"name\":\"Hrid-See\"}]},{\"@type\":\"WebSite\",\"@id\":\"https:\\\/\\\/www.visit-montenegro.com\\\/de\\\/#website\",\"url\":\"https:\\\/\\\/www.visit-montenegro.com\\\/de\\\/\",\"name\":\"Visit Montenegro\",\"description\":\"Breathtaking beauty\",\"publisher\":{\"@id\":\"https:\\\/\\\/www.visit-montenegro.com\\\/de\\\/#organization\"},\"potentialAction\":[{\"@type\":\"SearchAction\",\"target\":{\"@type\":\"EntryPoint\",\"urlTemplate\":\"https:\\\/\\\/www.visit-montenegro.com\\\/de\\\/?s={search_term_string}\"},\"query-input\":{\"@type\":\"PropertyValueSpecification\",\"valueRequired\":true,\"valueName\":\"search_term_string\"}}],\"inLanguage\":\"de\"},{\"@type\":\"Organization\",\"@id\":\"https:\\\/\\\/www.visit-montenegro.com\\\/de\\\/#organization\",\"name\":\"Visit Montenegro\",\"url\":\"https:\\\/\\\/www.visit-montenegro.com\\\/de\\\/\",\"logo\":{\"@type\":\"ImageObject\",\"inLanguage\":\"de\",\"@id\":\"https:\\\/\\\/www.visit-montenegro.com\\\/de\\\/#\\\/schema\\\/logo\\\/image\\\/\",\"url\":\"https:\\\/\\\/www.visit-montenegro.com\\\/wp-content\\\/uploads\\\/2017\\\/10\\\/logo-amp.png\",\"contentUrl\":\"https:\\\/\\\/www.visit-montenegro.com\\\/wp-content\\\/uploads\\\/2017\\\/10\\\/logo-amp.png\",\"width\":190,\"height\":36,\"caption\":\"Visit Montenegro\"},\"image\":{\"@id\":\"https:\\\/\\\/www.visit-montenegro.com\\\/de\\\/#\\\/schema\\\/logo\\\/image\\\/\"},\"sameAs\":[\"https:\\\/\\\/www.facebook.com\\\/visitmontenegro\",\"https:\\\/\\\/x.com\\\/visitmontenegro\",\"https:\\\/\\\/www.instagram.com\\\/visit_montenegro\\\/\",\"https:\\\/\\\/www.youtube.com\\\/user\\\/VisitMontenegro\"]}]}<\/script>\n<!-- \/ Yoast SEO plugin. -->","yoast_head_json":{"title":"Hrid-See - Visit Montenegro","description":"Entdecken Sie den Hrid-See, Montenegros 'See des Gl\u00fccks' im Nationalpark Prokletije. Erfahren Sie mehr \u00fcber seine Legenden, Wanderwege und atemberaubende alpine Sch\u00f6nheit f\u00fcr Ihr n\u00e4chstes Abenteuer.","robots":{"index":"index","follow":"follow","max-snippet":"max-snippet:-1","max-image-preview":"max-image-preview:large","max-video-preview":"max-video-preview:-1"},"canonical":"https:\/\/www.visit-montenegro.com\/de\/reiseziele\/plav\/sehenswuerdigkeiten\/hrid-see\/","og_locale":"de_DE","og_type":"article","og_title":"Hrid-See - Visit Montenegro","og_description":"Entdecken Sie den Hrid-See, Montenegros 'See des Gl\u00fccks' im Nationalpark Prokletije. Erfahren Sie mehr \u00fcber seine Legenden, Wanderwege und atemberaubende alpine Sch\u00f6nheit f\u00fcr Ihr n\u00e4chstes Abenteuer.","og_url":"https:\/\/www.visit-montenegro.com\/de\/reiseziele\/plav\/sehenswuerdigkeiten\/hrid-see\/","og_site_name":"Visit Montenegro","article_publisher":"https:\/\/www.facebook.com\/visitmontenegro","article_modified_time":"2026-02-22T15:59:54+00:00","og_image":[{"width":1600,"height":1067,"url":"https:\/\/www.visit-montenegro.com\/wp-content\/uploads\/2026\/01\/prokletije-hrid-lake-scaled.jpg","type":"image\/jpeg"}],"twitter_card":"summary_large_image","twitter_site":"@visitmontenegro","twitter_misc":{"Gesch\u00e4tzte Lesezeit":"2\u00a0Minuten"},"schema":{"@context":"https:\/\/schema.org","@graph":[{"@type":"WebPage","@id":"https:\/\/www.visit-montenegro.com\/de\/reiseziele\/plav\/sehenswuerdigkeiten\/hrid-see\/","url":"https:\/\/www.visit-montenegro.com\/de\/reiseziele\/plav\/sehenswuerdigkeiten\/hrid-see\/","name":"Hrid-See - Visit Montenegro","isPartOf":{"@id":"https:\/\/www.visit-montenegro.com\/de\/#website"},"primaryImageOfPage":{"@id":"https:\/\/www.visit-montenegro.com\/de\/reiseziele\/plav\/sehenswuerdigkeiten\/hrid-see\/#primaryimage"},"image":{"@id":"https:\/\/www.visit-montenegro.com\/de\/reiseziele\/plav\/sehenswuerdigkeiten\/hrid-see\/#primaryimage"},"thumbnailUrl":"https:\/\/www.visit-montenegro.com\/wp-content\/uploads\/2026\/01\/prokletije-hrid-lake-scaled.jpg","datePublished":"2026-01-27T20:44:33+00:00","dateModified":"2026-02-22T15:59:54+00:00","description":"Entdecken Sie den Hrid-See, Montenegros 'See des Gl\u00fccks' im Nationalpark Prokletije. Erfahren Sie mehr \u00fcber seine Legenden, Wanderwege und atemberaubende alpine Sch\u00f6nheit f\u00fcr Ihr n\u00e4chstes Abenteuer.","breadcrumb":{"@id":"https:\/\/www.visit-montenegro.com\/de\/reiseziele\/plav\/sehenswuerdigkeiten\/hrid-see\/#breadcrumb"},"inLanguage":"de","potentialAction":[{"@type":"ReadAction","target":["https:\/\/www.visit-montenegro.com\/de\/reiseziele\/plav\/sehenswuerdigkeiten\/hrid-see\/"]}]},{"@type":"ImageObject","inLanguage":"de","@id":"https:\/\/www.visit-montenegro.com\/de\/reiseziele\/plav\/sehenswuerdigkeiten\/hrid-see\/#primaryimage","url":"https:\/\/www.visit-montenegro.com\/wp-content\/uploads\/2026\/01\/prokletije-hrid-lake-scaled.jpg","contentUrl":"https:\/\/www.visit-montenegro.com\/wp-content\/uploads\/2026\/01\/prokletije-hrid-lake-scaled.jpg","width":1600,"height":1067},{"@type":"BreadcrumbList","@id":"https:\/\/www.visit-montenegro.com\/de\/reiseziele\/plav\/sehenswuerdigkeiten\/hrid-see\/#breadcrumb","itemListElement":[{"@type":"ListItem","position":1,"name":"Home","item":"https:\/\/www.visit-montenegro.com\/de\/home\/"},{"@type":"ListItem","position":2,"name":"Reiseziele in Montenegro","item":"https:\/\/www.visit-montenegro.com\/de\/reiseziele\/"},{"@type":"ListItem","position":3,"name":"Plav","item":"https:\/\/www.visit-montenegro.com\/de\/destinations\/plav\/"},{"@type":"ListItem","position":4,"name":"Plav Sehensw\u00fcrdigkeiten","item":"https:\/\/www.visit-montenegro.com\/de\/destinations\/plav\/attractions\/"},{"@type":"ListItem","position":5,"name":"Hrid-See"}]},{"@type":"WebSite","@id":"https:\/\/www.visit-montenegro.com\/de\/#website","url":"https:\/\/www.visit-montenegro.com\/de\/","name":"Visit Montenegro","description":"Breathtaking beauty","publisher":{"@id":"https:\/\/www.visit-montenegro.com\/de\/#organization"},"potentialAction":[{"@type":"SearchAction","target":{"@type":"EntryPoint","urlTemplate":"https:\/\/www.visit-montenegro.com\/de\/?s={search_term_string}"},"query-input":{"@type":"PropertyValueSpecification","valueRequired":true,"valueName":"search_term_string"}}],"inLanguage":"de"},{"@type":"Organization","@id":"https:\/\/www.visit-montenegro.com\/de\/#organization","name":"Visit Montenegro","url":"https:\/\/www.visit-montenegro.com\/de\/","logo":{"@type":"ImageObject","inLanguage":"de","@id":"https:\/\/www.visit-montenegro.com\/de\/#\/schema\/logo\/image\/","url":"https:\/\/www.visit-montenegro.com\/wp-content\/uploads\/2017\/10\/logo-amp.png","contentUrl":"https:\/\/www.visit-montenegro.com\/wp-content\/uploads\/2017\/10\/logo-amp.png","width":190,"height":36,"caption":"Visit Montenegro"},"image":{"@id":"https:\/\/www.visit-montenegro.com\/de\/#\/schema\/logo\/image\/"},"sameAs":["https:\/\/www.facebook.com\/visitmontenegro","https:\/\/x.com\/visitmontenegro","https:\/\/www.instagram.com\/visit_montenegro\/","https:\/\/www.youtube.com\/user\/VisitMontenegro"]}]}},"translations":[],"_links":{"self":[{"href":"https:\/\/www.visit-montenegro.com\/de\/wp-json\/wp\/v2\/pages\/134551","targetHints":{"allow":["GET"]}}],"collection":[{"href":"https:\/\/www.visit-montenegro.com\/de\/wp-json\/wp\/v2\/pages"}],"about":[{"href":"https:\/\/www.visit-montenegro.com\/de\/wp-json\/wp\/v2\/types\/page"}],"author":[{"embeddable":true,"href":"https:\/\/www.visit-montenegro.com\/de\/wp-json\/wp\/v2\/users\/1"}],"replies":[{"embeddable":true,"href":"https:\/\/www.visit-montenegro.com\/de\/wp-json\/wp\/v2\/comments?post=134551"}],"version-history":[{"count":0,"href":"https:\/\/www.visit-montenegro.com\/de\/wp-json\/wp\/v2\/pages\/134551\/revisions"}],"up":[{"embeddable":true,"href":"https:\/\/www.visit-montenegro.com\/de\/wp-json\/wp\/v2\/pages\/133383"}],"wp:featuredmedia":[{"embeddable":true,"href":"https:\/\/www.visit-montenegro.com\/de\/wp-json\/wp\/v2\/media\/134552"}],"wp:attachment":[{"href":"https:\/\/www.visit-montenegro.com\/de\/wp-json\/wp\/v2\/media?parent=134551"}],"wp:term":[{"taxonomy":"post_tag","embeddable":true,"href":"https:\/\/www.visit-montenegro.com\/de\/wp-json\/wp\/v2\/tags?post=134551"}],"curies":[{"name":"wp","href":"https:\/\/api.w.org\/{rel}","templated":true}]}}