{"id":134566,"date":"2026-01-27T21:44:33","date_gmt":"2026-01-27T20:44:33","guid":{"rendered":"https:\/\/new.visit-montenegro.com\/ziele\/niksic\/"},"modified":"2026-02-22T16:59:54","modified_gmt":"2026-02-22T15:59:54","slug":"niksic","status":"publish","type":"page","link":"https:\/\/www.visit-montenegro.com\/de\/reiseziele\/niksic\/","title":{"rendered":"Niksic"},"content":{"rendered":"\n<p>Nik\u0161i\u0107 ist Montenegros zweitgr\u00f6\u00dfte Stadt nach Einwohnerzahl (72.443) und ihre gr\u00f6\u00dfte Gemeinde, die 15 % der Landesfl\u00e4che bedeckt. Gelegen in Nordzentral-Montenegro auf 630 m \u00fcber dem Meeresspiegel, verf\u00fcgt sie \u00fcber ausgezeichnete Verkehrsanbindungen und N\u00e4he zu wichtigen Touristenorten wie der Adriak\u00fcste und dem \u017dabljak-Skigebiet.<\/p>\n\n<hr class=\"wp-block-separator has-alpha-channel-opacity\"\/>\n\n<h2 class=\"wp-block-heading\">Geschichte und Stadtbild<\/h2>\n\n<p>Die Stadt hat eine reiche Tradition und Kultur, da sie im Laufe der Geschichte wiederholt zerst\u00f6rt und wiederaufgebaut wurde, was ihren Namen und ihr Erscheinungsbild ver\u00e4nderte. Folglich verf\u00fcgt ihr Zentrum \u00fcber einen sch\u00f6nen Stadtplatz, der 1885 auf Wunsch von K\u00f6nig Nikola erbaut wurde, mit breiten Stra\u00dfen, Boulevards und Gr\u00fcnfl\u00e4chen.<\/p>\n\n<h2 class=\"wp-block-heading\">Nat\u00fcrliche und kulturelle Sehensw\u00fcrdigkeiten<\/h2>\n\n<p><strong>Nik\u0161i\u0107<\/strong> ist ber\u00fchmt f\u00fcr sein &#8222;Meer&#8220; \u2013 den k\u00fcnstlichen <a href=\"https:\/\/www.visit-montenegro.com\/de\/reiseziele\/niksic\/sehenswuerdigkeiten\/lake-krupac\/\">Krupac-See<\/a>, ein beliebter Ort bei Einheimischen. Dar\u00fcber hinaus steigerte die Einf\u00fchrung des Lake Fest die Popularit\u00e4t des Bedem Fest, das in der osmanischen Festung Bedem stattfindet und Touristen mit Rock- und Alternativmusik anzieht.<\/p>\n\n<p>Diese Musikszene tr\u00e4gt zum Spitznamen <strong>Nik\u0161i\u0107<\/strong>s als &#8222;Stadt des Biers, Stahls und RnR&#8220; bei. Tats\u00e4chlich war die Stadt ein Industriezentrum im ehemaligen Jugoslawien, Heimat bedeutender Stahlproduktion und Nik\u0161i\u0107ko Pivo, einem renommierten montenegrinischen Bier.<\/p>\n\n<h2 class=\"wp-block-heading\">Saisonale Aktivit\u00e4ten<\/h2>\n\n<p><strong>Nik\u0161i\u0107<\/strong> bietet sonnige Sommer und schneereiche Winter. Im Sommer k\u00f6nnen Sie in sechs Seen schwimmen, markierte Wanderwege erkunden, um die Stadt radeln und sch\u00f6ne Orte besuchen. Im Winter genie\u00dfen Sie Skifahren, Snowboarden und Rodeln im Winterwunderland von Vu\u010dje.<\/p>\n\n<hr class=\"wp-block-separator has-alpha-channel-opacity\"\/>\n\n<div class=\"wp-block-columns is-layout-flex wp-container-core-columns-is-layout-9d6595d7 wp-block-columns-is-layout-flex\">\n<div class=\"wp-block-column is-layout-flow wp-block-column-is-layout-flow\">\n<div class=\"wp-block-group\"><div class=\"wp-block-group__inner-container is-layout-constrained wp-block-group-is-layout-constrained\">\n<h3 class=\"wp-block-heading\">Entdecken Sie Niksics verborgene Sch\u00e4tze<\/h3>\n\n\n\n<p>Erkunden Sie die ikonischsten Wahrzeichen, historischen St\u00e4tten und Muss-Sehensw\u00fcrdigkeiten, die dieses Reiseziel einzigartig machen.<\/p>\n\n\n\n<div class=\"wp-block-buttons is-layout-flex wp-block-buttons-is-layout-flex\">\n<div class=\"wp-block-button\"><a class=\"wp-block-button__link wp-element-button\" href=\"https:\/\/www.visit-montenegro.com\/destinations\/niksic\/attractions\/\">Niksic Sehensw\u00fcrdigkeiten<\/a><\/div>\n<\/div>\n<\/div><\/div>\n<\/div>\n\n\n\n<div class=\"wp-block-column is-layout-flow wp-block-column-is-layout-flow\">\n<div class=\"wp-block-group\"><div class=\"wp-block-group__inner-container is-layout-constrained wp-block-group-is-layout-constrained\">\n<div class=\"wp-block-group\"><div class=\"wp-block-group__inner-container is-layout-constrained wp-block-group-is-layout-constrained\">\n<h3 class=\"wp-block-heading\">Erfahren Sie mehr \u00fcber Niksic<\/h3>\n\n\n\n<p>Tauchen Sie tiefer in die lokale Kultur, Geschichte und praktische Reiseberatung ein, um sich auf Ihre bevorstehende Reise vorzubereiten.<\/p>\n<\/div><\/div>\n\n\n\n<div class=\"wp-block-buttons is-layout-flex wp-block-buttons-is-layout-flex\">\n<div class=\"wp-block-button\"><a class=\"wp-block-button__link wp-element-button\" href=\"https:\/\/www.visit-montenegro.com\/de\/reiseziele\/niksic\/info\/\">Mehr \u00fcber Niksic<\/a><\/div>\n<\/div>\n<\/div><\/div>\n<\/div>\n<\/div>\n","protected":false},"excerpt":{"rendered":"<p>Entdecken Sie Nik\u0161i\u0107, Montenegros zweitgr\u00f6\u00dfte Stadt, bekannt f\u00fcr ihre reiche Geschichte, lebendige Festivals und atemberaubende Natur. Vom Krupac-See bis zum industriellen Erbe bietet sie ganzj\u00e4hrig Abenteuer.<\/p>\n","protected":false},"author":1,"featured_media":134501,"parent":133381,"menu_order":0,"comment_status":"closed","ping_status":"closed","template":"","meta":{"_yoast_wpseo_focuskw":"Niksic","_yoast_wpseo_metadesc":"Entdecken Sie Nik\u0161i\u0107, Montenegros Stadt des Biers, Stahls und Rock 'n' Roll. Erkunden Sie seine Geschichte, Festivals und Outdoor-Aktivit\u00e4ten in diesem umfassenden Reisef\u00fchrer.","_kad_post_transparent":"","_kad_post_title":"","_kad_post_layout":"","_kad_post_sidebar_id":"","_kad_post_content_style":"","_kad_post_vertical_padding":"","_kad_post_feature":"","_kad_post_feature_position":"","_kad_post_header":false,"_kad_post_footer":false,"_kad_post_classname":"","iawp_total_views":14,"footnotes":""},"tags":[2296,594],"class_list":["post-134566","page","type-page","status-publish","has-post-thumbnail","hentry","tag-central-destination","tag-destination"],"yoast_head":"<!-- This site is optimized with the Yoast SEO plugin v27.3 - https:\/\/yoast.com\/product\/yoast-seo-wordpress\/ -->\n<title>Niksic - Visit Montenegro<\/title>\n<meta name=\"description\" content=\"Entdecken Sie Nik\u0161i\u0107, Montenegros Stadt des Biers, Stahls und Rock &#039;n&#039; Roll. Erkunden Sie seine Geschichte, Festivals und Outdoor-Aktivit\u00e4ten in diesem umfassenden Reisef\u00fchrer.\" \/>\n<meta name=\"robots\" content=\"index, follow, max-snippet:-1, max-image-preview:large, max-video-preview:-1\" \/>\n<link rel=\"canonical\" href=\"https:\/\/www.visit-montenegro.com\/de\/reiseziele\/niksic\/\" \/>\n<meta property=\"og:locale\" content=\"de_DE\" \/>\n<meta property=\"og:type\" content=\"article\" \/>\n<meta property=\"og:title\" content=\"Niksic - Visit Montenegro\" \/>\n<meta property=\"og:description\" content=\"Entdecken Sie Nik\u0161i\u0107, Montenegros Stadt des Biers, Stahls und Rock &#039;n&#039; Roll. Erkunden Sie seine Geschichte, Festivals und Outdoor-Aktivit\u00e4ten in diesem umfassenden Reisef\u00fchrer.\" \/>\n<meta property=\"og:url\" content=\"https:\/\/www.visit-montenegro.com\/de\/reiseziele\/niksic\/\" \/>\n<meta property=\"og:site_name\" content=\"Visit Montenegro\" \/>\n<meta property=\"article:publisher\" content=\"https:\/\/www.facebook.com\/visitmontenegro\" \/>\n<meta property=\"article:modified_time\" content=\"2026-02-22T15:59:54+00:00\" \/>\n<meta property=\"og:image\" content=\"https:\/\/www.visit-montenegro.com\/wp-content\/uploads\/2026\/01\/niksic-tsar-bridge-scaled.jpg\" \/>\n\t<meta property=\"og:image:width\" content=\"1600\" \/>\n\t<meta property=\"og:image:height\" content=\"1067\" \/>\n\t<meta property=\"og:image:type\" content=\"image\/jpeg\" \/>\n<meta name=\"twitter:card\" content=\"summary_large_image\" \/>\n<meta name=\"twitter:site\" content=\"@visitmontenegro\" \/>\n<meta name=\"twitter:label1\" content=\"Gesch\u00e4tzte Lesezeit\" \/>\n\t<meta name=\"twitter:data1\" content=\"1\u00a0Minute\" \/>\n<script type=\"application\/ld+json\" class=\"yoast-schema-graph\">{\"@context\":\"https:\\\/\\\/schema.org\",\"@graph\":[{\"@type\":\"WebPage\",\"@id\":\"https:\\\/\\\/www.visit-montenegro.com\\\/de\\\/reiseziele\\\/niksic\\\/\",\"url\":\"https:\\\/\\\/www.visit-montenegro.com\\\/de\\\/reiseziele\\\/niksic\\\/\",\"name\":\"Niksic - Visit Montenegro\",\"isPartOf\":{\"@id\":\"https:\\\/\\\/www.visit-montenegro.com\\\/de\\\/#website\"},\"primaryImageOfPage\":{\"@id\":\"https:\\\/\\\/www.visit-montenegro.com\\\/de\\\/reiseziele\\\/niksic\\\/#primaryimage\"},\"image\":{\"@id\":\"https:\\\/\\\/www.visit-montenegro.com\\\/de\\\/reiseziele\\\/niksic\\\/#primaryimage\"},\"thumbnailUrl\":\"https:\\\/\\\/www.visit-montenegro.com\\\/wp-content\\\/uploads\\\/2026\\\/01\\\/niksic-tsar-bridge-scaled.jpg\",\"datePublished\":\"2026-01-27T20:44:33+00:00\",\"dateModified\":\"2026-02-22T15:59:54+00:00\",\"description\":\"Entdecken Sie Nik\u0161i\u0107, Montenegros Stadt des Biers, Stahls und Rock 'n' Roll. Erkunden Sie seine Geschichte, Festivals und Outdoor-Aktivit\u00e4ten in diesem umfassenden Reisef\u00fchrer.\",\"breadcrumb\":{\"@id\":\"https:\\\/\\\/www.visit-montenegro.com\\\/de\\\/reiseziele\\\/niksic\\\/#breadcrumb\"},\"inLanguage\":\"de\",\"potentialAction\":[{\"@type\":\"ReadAction\",\"target\":[\"https:\\\/\\\/www.visit-montenegro.com\\\/de\\\/reiseziele\\\/niksic\\\/\"]}]},{\"@type\":\"ImageObject\",\"inLanguage\":\"de\",\"@id\":\"https:\\\/\\\/www.visit-montenegro.com\\\/de\\\/reiseziele\\\/niksic\\\/#primaryimage\",\"url\":\"https:\\\/\\\/www.visit-montenegro.com\\\/wp-content\\\/uploads\\\/2026\\\/01\\\/niksic-tsar-bridge-scaled.jpg\",\"contentUrl\":\"https:\\\/\\\/www.visit-montenegro.com\\\/wp-content\\\/uploads\\\/2026\\\/01\\\/niksic-tsar-bridge-scaled.jpg\",\"width\":1600,\"height\":1067,\"caption\":\"Zarenbr\u00fccke (Carev most) \u00fcber die Zeta in Montenegro\"},{\"@type\":\"BreadcrumbList\",\"@id\":\"https:\\\/\\\/www.visit-montenegro.com\\\/de\\\/reiseziele\\\/niksic\\\/#breadcrumb\",\"itemListElement\":[{\"@type\":\"ListItem\",\"position\":1,\"name\":\"Home\",\"item\":\"https:\\\/\\\/www.visit-montenegro.com\\\/de\\\/home\\\/\"},{\"@type\":\"ListItem\",\"position\":2,\"name\":\"Reiseziele in Montenegro\",\"item\":\"https:\\\/\\\/www.visit-montenegro.com\\\/de\\\/reiseziele\\\/\"},{\"@type\":\"ListItem\",\"position\":3,\"name\":\"Niksic\"}]},{\"@type\":\"WebSite\",\"@id\":\"https:\\\/\\\/www.visit-montenegro.com\\\/de\\\/#website\",\"url\":\"https:\\\/\\\/www.visit-montenegro.com\\\/de\\\/\",\"name\":\"Visit Montenegro\",\"description\":\"Breathtaking beauty\",\"publisher\":{\"@id\":\"https:\\\/\\\/www.visit-montenegro.com\\\/de\\\/#organization\"},\"potentialAction\":[{\"@type\":\"SearchAction\",\"target\":{\"@type\":\"EntryPoint\",\"urlTemplate\":\"https:\\\/\\\/www.visit-montenegro.com\\\/de\\\/?s={search_term_string}\"},\"query-input\":{\"@type\":\"PropertyValueSpecification\",\"valueRequired\":true,\"valueName\":\"search_term_string\"}}],\"inLanguage\":\"de\"},{\"@type\":\"Organization\",\"@id\":\"https:\\\/\\\/www.visit-montenegro.com\\\/de\\\/#organization\",\"name\":\"Visit Montenegro\",\"url\":\"https:\\\/\\\/www.visit-montenegro.com\\\/de\\\/\",\"logo\":{\"@type\":\"ImageObject\",\"inLanguage\":\"de\",\"@id\":\"https:\\\/\\\/www.visit-montenegro.com\\\/de\\\/#\\\/schema\\\/logo\\\/image\\\/\",\"url\":\"https:\\\/\\\/www.visit-montenegro.com\\\/wp-content\\\/uploads\\\/2017\\\/10\\\/logo-amp.png\",\"contentUrl\":\"https:\\\/\\\/www.visit-montenegro.com\\\/wp-content\\\/uploads\\\/2017\\\/10\\\/logo-amp.png\",\"width\":190,\"height\":36,\"caption\":\"Visit Montenegro\"},\"image\":{\"@id\":\"https:\\\/\\\/www.visit-montenegro.com\\\/de\\\/#\\\/schema\\\/logo\\\/image\\\/\"},\"sameAs\":[\"https:\\\/\\\/www.facebook.com\\\/visitmontenegro\",\"https:\\\/\\\/x.com\\\/visitmontenegro\",\"https:\\\/\\\/www.instagram.com\\\/visit_montenegro\\\/\",\"https:\\\/\\\/www.youtube.com\\\/user\\\/VisitMontenegro\"]}]}<\/script>\n<!-- \/ Yoast SEO plugin. -->","yoast_head_json":{"title":"Niksic - Visit Montenegro","description":"Entdecken Sie Nik\u0161i\u0107, Montenegros Stadt des Biers, Stahls und Rock 'n' Roll. Erkunden Sie seine Geschichte, Festivals und Outdoor-Aktivit\u00e4ten in diesem umfassenden Reisef\u00fchrer.","robots":{"index":"index","follow":"follow","max-snippet":"max-snippet:-1","max-image-preview":"max-image-preview:large","max-video-preview":"max-video-preview:-1"},"canonical":"https:\/\/www.visit-montenegro.com\/de\/reiseziele\/niksic\/","og_locale":"de_DE","og_type":"article","og_title":"Niksic - Visit Montenegro","og_description":"Entdecken Sie Nik\u0161i\u0107, Montenegros Stadt des Biers, Stahls und Rock 'n' Roll. Erkunden Sie seine Geschichte, Festivals und Outdoor-Aktivit\u00e4ten in diesem umfassenden Reisef\u00fchrer.","og_url":"https:\/\/www.visit-montenegro.com\/de\/reiseziele\/niksic\/","og_site_name":"Visit Montenegro","article_publisher":"https:\/\/www.facebook.com\/visitmontenegro","article_modified_time":"2026-02-22T15:59:54+00:00","og_image":[{"width":1600,"height":1067,"url":"https:\/\/www.visit-montenegro.com\/wp-content\/uploads\/2026\/01\/niksic-tsar-bridge-scaled.jpg","type":"image\/jpeg"}],"twitter_card":"summary_large_image","twitter_site":"@visitmontenegro","twitter_misc":{"Gesch\u00e4tzte Lesezeit":"1\u00a0Minute"},"schema":{"@context":"https:\/\/schema.org","@graph":[{"@type":"WebPage","@id":"https:\/\/www.visit-montenegro.com\/de\/reiseziele\/niksic\/","url":"https:\/\/www.visit-montenegro.com\/de\/reiseziele\/niksic\/","name":"Niksic - Visit Montenegro","isPartOf":{"@id":"https:\/\/www.visit-montenegro.com\/de\/#website"},"primaryImageOfPage":{"@id":"https:\/\/www.visit-montenegro.com\/de\/reiseziele\/niksic\/#primaryimage"},"image":{"@id":"https:\/\/www.visit-montenegro.com\/de\/reiseziele\/niksic\/#primaryimage"},"thumbnailUrl":"https:\/\/www.visit-montenegro.com\/wp-content\/uploads\/2026\/01\/niksic-tsar-bridge-scaled.jpg","datePublished":"2026-01-27T20:44:33+00:00","dateModified":"2026-02-22T15:59:54+00:00","description":"Entdecken Sie Nik\u0161i\u0107, Montenegros Stadt des Biers, Stahls und Rock 'n' Roll. Erkunden Sie seine Geschichte, Festivals und Outdoor-Aktivit\u00e4ten in diesem umfassenden Reisef\u00fchrer.","breadcrumb":{"@id":"https:\/\/www.visit-montenegro.com\/de\/reiseziele\/niksic\/#breadcrumb"},"inLanguage":"de","potentialAction":[{"@type":"ReadAction","target":["https:\/\/www.visit-montenegro.com\/de\/reiseziele\/niksic\/"]}]},{"@type":"ImageObject","inLanguage":"de","@id":"https:\/\/www.visit-montenegro.com\/de\/reiseziele\/niksic\/#primaryimage","url":"https:\/\/www.visit-montenegro.com\/wp-content\/uploads\/2026\/01\/niksic-tsar-bridge-scaled.jpg","contentUrl":"https:\/\/www.visit-montenegro.com\/wp-content\/uploads\/2026\/01\/niksic-tsar-bridge-scaled.jpg","width":1600,"height":1067,"caption":"Zarenbr\u00fccke (Carev most) \u00fcber die Zeta in Montenegro"},{"@type":"BreadcrumbList","@id":"https:\/\/www.visit-montenegro.com\/de\/reiseziele\/niksic\/#breadcrumb","itemListElement":[{"@type":"ListItem","position":1,"name":"Home","item":"https:\/\/www.visit-montenegro.com\/de\/home\/"},{"@type":"ListItem","position":2,"name":"Reiseziele in Montenegro","item":"https:\/\/www.visit-montenegro.com\/de\/reiseziele\/"},{"@type":"ListItem","position":3,"name":"Niksic"}]},{"@type":"WebSite","@id":"https:\/\/www.visit-montenegro.com\/de\/#website","url":"https:\/\/www.visit-montenegro.com\/de\/","name":"Visit Montenegro","description":"Breathtaking beauty","publisher":{"@id":"https:\/\/www.visit-montenegro.com\/de\/#organization"},"potentialAction":[{"@type":"SearchAction","target":{"@type":"EntryPoint","urlTemplate":"https:\/\/www.visit-montenegro.com\/de\/?s={search_term_string}"},"query-input":{"@type":"PropertyValueSpecification","valueRequired":true,"valueName":"search_term_string"}}],"inLanguage":"de"},{"@type":"Organization","@id":"https:\/\/www.visit-montenegro.com\/de\/#organization","name":"Visit Montenegro","url":"https:\/\/www.visit-montenegro.com\/de\/","logo":{"@type":"ImageObject","inLanguage":"de","@id":"https:\/\/www.visit-montenegro.com\/de\/#\/schema\/logo\/image\/","url":"https:\/\/www.visit-montenegro.com\/wp-content\/uploads\/2017\/10\/logo-amp.png","contentUrl":"https:\/\/www.visit-montenegro.com\/wp-content\/uploads\/2017\/10\/logo-amp.png","width":190,"height":36,"caption":"Visit Montenegro"},"image":{"@id":"https:\/\/www.visit-montenegro.com\/de\/#\/schema\/logo\/image\/"},"sameAs":["https:\/\/www.facebook.com\/visitmontenegro","https:\/\/x.com\/visitmontenegro","https:\/\/www.instagram.com\/visit_montenegro\/","https:\/\/www.youtube.com\/user\/VisitMontenegro"]}]}},"translations":[],"_links":{"self":[{"href":"https:\/\/www.visit-montenegro.com\/de\/wp-json\/wp\/v2\/pages\/134566","targetHints":{"allow":["GET"]}}],"collection":[{"href":"https:\/\/www.visit-montenegro.com\/de\/wp-json\/wp\/v2\/pages"}],"about":[{"href":"https:\/\/www.visit-montenegro.com\/de\/wp-json\/wp\/v2\/types\/page"}],"author":[{"embeddable":true,"href":"https:\/\/www.visit-montenegro.com\/de\/wp-json\/wp\/v2\/users\/1"}],"replies":[{"embeddable":true,"href":"https:\/\/www.visit-montenegro.com\/de\/wp-json\/wp\/v2\/comments?post=134566"}],"version-history":[{"count":0,"href":"https:\/\/www.visit-montenegro.com\/de\/wp-json\/wp\/v2\/pages\/134566\/revisions"}],"up":[{"embeddable":true,"href":"https:\/\/www.visit-montenegro.com\/de\/wp-json\/wp\/v2\/pages\/133381"}],"wp:featuredmedia":[{"embeddable":true,"href":"https:\/\/www.visit-montenegro.com\/de\/wp-json\/wp\/v2\/media\/134501"}],"wp:attachment":[{"href":"https:\/\/www.visit-montenegro.com\/de\/wp-json\/wp\/v2\/media?parent=134566"}],"wp:term":[{"taxonomy":"post_tag","embeddable":true,"href":"https:\/\/www.visit-montenegro.com\/de\/wp-json\/wp\/v2\/tags?post=134566"}],"curies":[{"name":"wp","href":"https:\/\/api.w.org\/{rel}","templated":true}]}}