{"id":134570,"date":"2026-01-27T21:44:33","date_gmt":"2026-01-27T20:44:33","guid":{"rendered":"https:\/\/new.visit-montenegro.com\/ziele\/niksic\/attractions\/"},"modified":"2026-02-23T11:41:55","modified_gmt":"2026-02-23T10:41:55","slug":"sehenswuerdigkeiten","status":"publish","type":"page","link":"https:\/\/www.visit-montenegro.com\/de\/reiseziele\/niksic\/sehenswuerdigkeiten\/","title":{"rendered":"Niksic Sehensw\u00fcrdigkeiten"},"content":{"rendered":"\n<p><a href=\"https:\/\/www.visit-montenegro.com\/de\/reiseziele\/niksic\/\">Niksic<\/a> Sehensw\u00fcrdigkeiten umfassen spirituelle Wahrzeichen, malerische Seen und historische Br\u00fccken und bieten vielf\u00e4ltige Erlebnisse vom wundersamen Kloster <a href=\"https:\/\/www.visit-montenegro.com\/de\/reiseziele\/niksic\/sehenswuerdigkeiten\/ostrog\/\">Ostrog<\/a> bis zu k\u00fcnstlichen Seen wie Krupac und Slano.<\/p>\n\n<hr class=\"wp-block-separator has-alpha-channel-opacity\"\/>\n\n<div class=\"wp-block-query is-layout-flow wp-block-query-is-layout-flow\"><ul class=\"wp-block-post-template is-layout-flow wp-block-post-template-is-layout-flow\"><li class=\"wp-block-post post-134490 page type-page status-publish has-post-thumbnail hentry\">\n<h2 class=\"wp-block-post-title\"><a href=\"https:\/\/www.visit-montenegro.com\/de\/reiseziele\/niksic\/sehenswuerdigkeiten\/ostrog\/\" target=\"_self\" >Ostrog-Kloster<\/a><\/h2>\n\n<figure class=\"alignwide wp-block-post-featured-image\"><a href=\"https:\/\/www.visit-montenegro.com\/de\/reiseziele\/niksic\/sehenswuerdigkeiten\/ostrog\/\" target=\"_self\"  ><img loading=\"lazy\" decoding=\"async\" width=\"1200\" height=\"800\" src=\"https:\/\/www.visit-montenegro.com\/wp-content\/uploads\/2026\/01\/ostrog-monastery-01-1200x800.jpg\" class=\"attachment-post-thumbnail size-post-thumbnail wp-post-image\" alt=\"Ostrog-Kloster\" style=\"object-fit:cover;\" srcset=\"https:\/\/www.visit-montenegro.com\/wp-content\/uploads\/2026\/01\/ostrog-monastery-01-1200x800.jpg 1200w, https:\/\/www.visit-montenegro.com\/wp-content\/uploads\/2026\/01\/ostrog-monastery-01-300x200.jpg 300w, https:\/\/www.visit-montenegro.com\/wp-content\/uploads\/2026\/01\/ostrog-monastery-01-1024x683.jpg 1024w, https:\/\/www.visit-montenegro.com\/wp-content\/uploads\/2026\/01\/ostrog-monastery-01-768x512.jpg 768w, https:\/\/www.visit-montenegro.com\/wp-content\/uploads\/2026\/01\/ostrog-monastery-01-1536x1024.jpg 1536w, https:\/\/www.visit-montenegro.com\/wp-content\/uploads\/2026\/01\/ostrog-monastery-01-scaled.jpg 1600w\" sizes=\"auto, (max-width: 1200px) 100vw, 1200px\" \/><\/a><\/figure>\n\n<div class=\"wp-block-post-excerpt\"><p class=\"wp-block-post-excerpt__excerpt\">Entdecken Sie das Ostrog-Kloster, ein wundersames, in eine Klippe gehauenes Heiligtum in Montenegro. Dieses spirituelle Juwel zieht Pilger und Reisende aus aller Welt an und bietet tiefe Hingabe und kulturellen Reichtum.<\/p><p class=\"wp-block-post-excerpt__more-text\"><a class=\"wp-block-post-excerpt__more-link\" href=\"https:\/\/www.visit-montenegro.com\/de\/reiseziele\/niksic\/sehenswuerdigkeiten\/ostrog\/\"><strong>Weiterlesen<\/strong><\/a><\/p><\/div>\n\n\n<hr class=\"wp-block-separator has-css-opacity\" style=\"margin-top:var(--wp--preset--spacing--70);margin-bottom:var(--wp--preset--spacing--70)\"\/>\n\n<\/li><li class=\"wp-block-post post-134494 page type-page status-publish has-post-thumbnail hentry\">\n<h2 class=\"wp-block-post-title\"><a href=\"https:\/\/www.visit-montenegro.com\/de\/reiseziele\/niksic\/sehenswuerdigkeiten\/lake-krupac\/\" target=\"_self\" >Krupac-See<\/a><\/h2>\n\n<figure class=\"alignwide wp-block-post-featured-image\"><a href=\"https:\/\/www.visit-montenegro.com\/de\/reiseziele\/niksic\/sehenswuerdigkeiten\/lake-krupac\/\" target=\"_self\"  ><img loading=\"lazy\" decoding=\"async\" width=\"1600\" height=\"475\" src=\"https:\/\/www.visit-montenegro.com\/wp-content\/uploads\/2016\/03\/Slider-Krupac-02.jpg\" class=\"attachment-post-thumbnail size-post-thumbnail wp-post-image\" alt=\"Krupac-See\" style=\"object-fit:cover;\" srcset=\"https:\/\/www.visit-montenegro.com\/wp-content\/uploads\/2016\/03\/Slider-Krupac-02.jpg 1600w, https:\/\/www.visit-montenegro.com\/wp-content\/uploads\/2016\/03\/Slider-Krupac-02-300x89.jpg 300w, https:\/\/www.visit-montenegro.com\/wp-content\/uploads\/2016\/03\/Slider-Krupac-02-768x228.jpg 768w, https:\/\/www.visit-montenegro.com\/wp-content\/uploads\/2016\/03\/Slider-Krupac-02-1024x304.jpg 1024w\" sizes=\"auto, (max-width: 1600px) 100vw, 1600px\" \/><\/a><\/figure>\n\n<div class=\"wp-block-post-excerpt\"><p class=\"wp-block-post-excerpt__excerpt\">Entdecken Sie den Krupac-See, das geliebte &#8222;Meer&#8220; von Nik\u0161i\u0107, einen k\u00fcnstlichen See mit klarem Wasser, Angeln und malerischer Sch\u00f6nheit. Perfekt f\u00fcr Sport, Veranstaltungen und Entspannung, ist er ein Muss f\u00fcr Reisende in Montenegro.<\/p><p class=\"wp-block-post-excerpt__more-text\"><a class=\"wp-block-post-excerpt__more-link\" href=\"https:\/\/www.visit-montenegro.com\/de\/reiseziele\/niksic\/sehenswuerdigkeiten\/lake-krupac\/\"><strong>Weiterlesen<\/strong><\/a><\/p><\/div>\n\n\n<hr class=\"wp-block-separator has-css-opacity\" style=\"margin-top:var(--wp--preset--spacing--70);margin-bottom:var(--wp--preset--spacing--70)\"\/>\n\n<\/li><li class=\"wp-block-post post-134500 page type-page status-publish has-post-thumbnail hentry\">\n<h2 class=\"wp-block-post-title\"><a href=\"https:\/\/www.visit-montenegro.com\/de\/reiseziele\/niksic\/sehenswuerdigkeiten\/zarenbruecke\/\" target=\"_self\" >Zarenbr\u00fccke<\/a><\/h2>\n\n<figure class=\"alignwide wp-block-post-featured-image\"><a href=\"https:\/\/www.visit-montenegro.com\/de\/reiseziele\/niksic\/sehenswuerdigkeiten\/zarenbruecke\/\" target=\"_self\"  ><img loading=\"lazy\" decoding=\"async\" width=\"1200\" height=\"800\" src=\"https:\/\/www.visit-montenegro.com\/wp-content\/uploads\/2026\/01\/niksic-tsar-bridge-1200x800.jpg\" class=\"attachment-post-thumbnail size-post-thumbnail wp-post-image\" alt=\"Zarenbr\u00fccke\" style=\"object-fit:cover;\" srcset=\"https:\/\/www.visit-montenegro.com\/wp-content\/uploads\/2026\/01\/niksic-tsar-bridge-1200x800.jpg 1200w, https:\/\/www.visit-montenegro.com\/wp-content\/uploads\/2026\/01\/niksic-tsar-bridge-300x200.jpg 300w, https:\/\/www.visit-montenegro.com\/wp-content\/uploads\/2026\/01\/niksic-tsar-bridge-1024x683.jpg 1024w, https:\/\/www.visit-montenegro.com\/wp-content\/uploads\/2026\/01\/niksic-tsar-bridge-768x512.jpg 768w, https:\/\/www.visit-montenegro.com\/wp-content\/uploads\/2026\/01\/niksic-tsar-bridge-1536x1024.jpg 1536w, https:\/\/www.visit-montenegro.com\/wp-content\/uploads\/2026\/01\/niksic-tsar-bridge-scaled.jpg 1600w\" sizes=\"auto, (max-width: 1200px) 100vw, 1200px\" \/><\/a><\/figure>\n\n<div class=\"wp-block-post-excerpt\"><p class=\"wp-block-post-excerpt__excerpt\">Entdecken Sie die Zarenbr\u00fccke in Montenegro, eine beeindruckende 269 Meter lange Steinbr\u00fccke mit 18 B\u00f6gen, erbaut 1894. Benannt nach dem russischen Kaiser Alexander III., spielte sie eine Schl\u00fcsselrolle im regionalen Handel und der Entwicklung. Erkunden Sie ihre Geschichte, Architektur und malerische Lage entlang des Zeta-Flusses.<\/p><p class=\"wp-block-post-excerpt__more-text\"><a class=\"wp-block-post-excerpt__more-link\" href=\"https:\/\/www.visit-montenegro.com\/de\/reiseziele\/niksic\/sehenswuerdigkeiten\/zarenbruecke\/\"><strong>Weiterlesen<\/strong><\/a><\/p><\/div>\n\n\n<hr class=\"wp-block-separator has-css-opacity\" style=\"margin-top:var(--wp--preset--spacing--70);margin-bottom:var(--wp--preset--spacing--70)\"\/>\n\n<\/li><li class=\"wp-block-post post-134506 page type-page status-publish has-post-thumbnail hentry\">\n<h2 class=\"wp-block-post-title\"><a href=\"https:\/\/www.visit-montenegro.com\/de\/reiseziele\/niksic\/sehenswuerdigkeiten\/lake-slano\/\" target=\"_self\" >Slano-See<\/a><\/h2>\n\n<figure class=\"alignwide wp-block-post-featured-image\"><a href=\"https:\/\/www.visit-montenegro.com\/de\/reiseziele\/niksic\/sehenswuerdigkeiten\/lake-slano\/\" target=\"_self\"  ><img loading=\"lazy\" decoding=\"async\" width=\"1200\" height=\"779\" src=\"https:\/\/www.visit-montenegro.com\/wp-content\/uploads\/2026\/01\/niksic-lake-slano-02-1200x779.jpg\" class=\"attachment-post-thumbnail size-post-thumbnail wp-post-image\" alt=\"Slano-See\" style=\"object-fit:cover;\" srcset=\"https:\/\/www.visit-montenegro.com\/wp-content\/uploads\/2026\/01\/niksic-lake-slano-02-1200x779.jpg 1200w, https:\/\/www.visit-montenegro.com\/wp-content\/uploads\/2026\/01\/niksic-lake-slano-02-300x195.jpg 300w, https:\/\/www.visit-montenegro.com\/wp-content\/uploads\/2026\/01\/niksic-lake-slano-02-1024x665.jpg 1024w, https:\/\/www.visit-montenegro.com\/wp-content\/uploads\/2026\/01\/niksic-lake-slano-02-768x499.jpg 768w, https:\/\/www.visit-montenegro.com\/wp-content\/uploads\/2026\/01\/niksic-lake-slano-02-1536x998.jpg 1536w, https:\/\/www.visit-montenegro.com\/wp-content\/uploads\/2026\/01\/niksic-lake-slano-02-scaled.jpg 1600w\" sizes=\"auto, (max-width: 1200px) 100vw, 1200px\" \/><\/a><\/figure>\n\n<div class=\"wp-block-post-excerpt\"><p class=\"wp-block-post-excerpt__excerpt\">Entdecken Sie den Slano-See, einen k\u00fcnstlichen See in der N\u00e4he von Nik\u0161i\u0107, Montenegro, der 1950 entstand. Sein sauberes Wasser, die zerkl\u00fcftete K\u00fcste und die reiche Artenvielfalt bieten eine ruhige Flucht, perfekt f\u00fcr Naturliebhaber und Abenteuersuchende.<\/p><p class=\"wp-block-post-excerpt__more-text\"><a class=\"wp-block-post-excerpt__more-link\" href=\"https:\/\/www.visit-montenegro.com\/de\/reiseziele\/niksic\/sehenswuerdigkeiten\/lake-slano\/\"><strong>Weiterlesen<\/strong><\/a><\/p><\/div>\n\n\n<hr class=\"wp-block-separator has-css-opacity\" style=\"margin-top:var(--wp--preset--spacing--70);margin-bottom:var(--wp--preset--spacing--70)\"\/>\n\n<\/li><\/ul><\/div>\n","protected":false},"excerpt":{"rendered":"<p>Entdecken Sie die Top-Sehensw\u00fcrdigkeiten von Niksic, vom spirituellen Kloster Ostrog bis zu malerischen Seen und historischen Br\u00fccken. Dieser Leitfaden hebt die wichtigsten Orte f\u00fcr Reisende hervor, die die verborgenen Sch\u00e4tze Montenegros erkunden.<\/p>\n","protected":false},"author":1,"featured_media":134501,"parent":134566,"menu_order":0,"comment_status":"closed","ping_status":"closed","template":"","meta":{"_yoast_wpseo_focuskw":"Niksic Sehensw\u00fcrdigkeiten","_yoast_wpseo_metadesc":"Entdecken Sie Niksic Sehensw\u00fcrdigkeiten: Kloster Ostrog, Krupac-See, Zarenbr\u00fccke und mehr. Planen Sie Ihre Reise zu den kulturellen und nat\u00fcrlichen Highlights Montenegros.","_kad_post_transparent":"","_kad_post_title":"","_kad_post_layout":"","_kad_post_sidebar_id":"","_kad_post_content_style":"","_kad_post_vertical_padding":"","_kad_post_feature":"","_kad_post_feature_position":"","_kad_post_header":false,"_kad_post_footer":false,"_kad_post_classname":"","iawp_total_views":13,"footnotes":""},"tags":[],"class_list":["post-134570","page","type-page","status-publish","has-post-thumbnail","hentry"],"yoast_head":"<!-- This site is optimized with the Yoast SEO plugin v27.3 - https:\/\/yoast.com\/product\/yoast-seo-wordpress\/ -->\n<title>Niksic Sehensw\u00fcrdigkeiten - Visit Montenegro<\/title>\n<meta name=\"description\" content=\"Entdecken Sie Niksic Sehensw\u00fcrdigkeiten: Kloster Ostrog, Krupac-See, Zarenbr\u00fccke und mehr. Planen Sie Ihre Reise zu den kulturellen und nat\u00fcrlichen Highlights Montenegros.\" \/>\n<meta name=\"robots\" content=\"index, follow, max-snippet:-1, max-image-preview:large, max-video-preview:-1\" \/>\n<link rel=\"canonical\" href=\"https:\/\/www.visit-montenegro.com\/de\/reiseziele\/niksic\/sehenswuerdigkeiten\/\" \/>\n<meta property=\"og:locale\" content=\"de_DE\" \/>\n<meta property=\"og:type\" content=\"article\" \/>\n<meta property=\"og:title\" content=\"Niksic Sehensw\u00fcrdigkeiten - Visit Montenegro\" \/>\n<meta property=\"og:description\" content=\"Entdecken Sie Niksic Sehensw\u00fcrdigkeiten: Kloster Ostrog, Krupac-See, Zarenbr\u00fccke und mehr. Planen Sie Ihre Reise zu den kulturellen und nat\u00fcrlichen Highlights Montenegros.\" \/>\n<meta property=\"og:url\" content=\"https:\/\/www.visit-montenegro.com\/de\/reiseziele\/niksic\/sehenswuerdigkeiten\/\" \/>\n<meta property=\"og:site_name\" content=\"Visit Montenegro\" \/>\n<meta property=\"article:publisher\" content=\"https:\/\/www.facebook.com\/visitmontenegro\" \/>\n<meta property=\"article:modified_time\" content=\"2026-02-23T10:41:55+00:00\" \/>\n<meta property=\"og:image\" content=\"https:\/\/www.visit-montenegro.com\/wp-content\/uploads\/2026\/01\/niksic-tsar-bridge-scaled.jpg\" \/>\n\t<meta property=\"og:image:width\" content=\"1600\" \/>\n\t<meta property=\"og:image:height\" content=\"1067\" \/>\n\t<meta property=\"og:image:type\" content=\"image\/jpeg\" \/>\n<meta name=\"twitter:card\" content=\"summary_large_image\" \/>\n<meta name=\"twitter:site\" content=\"@visitmontenegro\" \/>\n<script type=\"application\/ld+json\" class=\"yoast-schema-graph\">{\"@context\":\"https:\\\/\\\/schema.org\",\"@graph\":[{\"@type\":\"WebPage\",\"@id\":\"https:\\\/\\\/www.visit-montenegro.com\\\/de\\\/reiseziele\\\/niksic\\\/sehenswuerdigkeiten\\\/\",\"url\":\"https:\\\/\\\/www.visit-montenegro.com\\\/de\\\/reiseziele\\\/niksic\\\/sehenswuerdigkeiten\\\/\",\"name\":\"Niksic Sehensw\u00fcrdigkeiten - Visit Montenegro\",\"isPartOf\":{\"@id\":\"https:\\\/\\\/www.visit-montenegro.com\\\/de\\\/#website\"},\"primaryImageOfPage\":{\"@id\":\"https:\\\/\\\/www.visit-montenegro.com\\\/de\\\/reiseziele\\\/niksic\\\/sehenswuerdigkeiten\\\/#primaryimage\"},\"image\":{\"@id\":\"https:\\\/\\\/www.visit-montenegro.com\\\/de\\\/reiseziele\\\/niksic\\\/sehenswuerdigkeiten\\\/#primaryimage\"},\"thumbnailUrl\":\"https:\\\/\\\/www.visit-montenegro.com\\\/wp-content\\\/uploads\\\/2026\\\/01\\\/niksic-tsar-bridge-scaled.jpg\",\"datePublished\":\"2026-01-27T20:44:33+00:00\",\"dateModified\":\"2026-02-23T10:41:55+00:00\",\"description\":\"Entdecken Sie Niksic Sehensw\u00fcrdigkeiten: Kloster Ostrog, Krupac-See, Zarenbr\u00fccke und mehr. Planen Sie Ihre Reise zu den kulturellen und nat\u00fcrlichen Highlights Montenegros.\",\"breadcrumb\":{\"@id\":\"https:\\\/\\\/www.visit-montenegro.com\\\/de\\\/reiseziele\\\/niksic\\\/sehenswuerdigkeiten\\\/#breadcrumb\"},\"inLanguage\":\"de\",\"potentialAction\":[{\"@type\":\"ReadAction\",\"target\":[\"https:\\\/\\\/www.visit-montenegro.com\\\/de\\\/reiseziele\\\/niksic\\\/sehenswuerdigkeiten\\\/\"]}]},{\"@type\":\"ImageObject\",\"inLanguage\":\"de\",\"@id\":\"https:\\\/\\\/www.visit-montenegro.com\\\/de\\\/reiseziele\\\/niksic\\\/sehenswuerdigkeiten\\\/#primaryimage\",\"url\":\"https:\\\/\\\/www.visit-montenegro.com\\\/wp-content\\\/uploads\\\/2026\\\/01\\\/niksic-tsar-bridge-scaled.jpg\",\"contentUrl\":\"https:\\\/\\\/www.visit-montenegro.com\\\/wp-content\\\/uploads\\\/2026\\\/01\\\/niksic-tsar-bridge-scaled.jpg\",\"width\":1600,\"height\":1067,\"caption\":\"Zarenbr\u00fccke (Carev most) \u00fcber die Zeta in Montenegro\"},{\"@type\":\"BreadcrumbList\",\"@id\":\"https:\\\/\\\/www.visit-montenegro.com\\\/de\\\/reiseziele\\\/niksic\\\/sehenswuerdigkeiten\\\/#breadcrumb\",\"itemListElement\":[{\"@type\":\"ListItem\",\"position\":1,\"name\":\"Home\",\"item\":\"https:\\\/\\\/www.visit-montenegro.com\\\/de\\\/home\\\/\"},{\"@type\":\"ListItem\",\"position\":2,\"name\":\"Reiseziele in Montenegro\",\"item\":\"https:\\\/\\\/www.visit-montenegro.com\\\/de\\\/reiseziele\\\/\"},{\"@type\":\"ListItem\",\"position\":3,\"name\":\"Niksic\",\"item\":\"https:\\\/\\\/www.visit-montenegro.com\\\/de\\\/reiseziele\\\/niksic\\\/\"},{\"@type\":\"ListItem\",\"position\":4,\"name\":\"Niksic Sehensw\u00fcrdigkeiten\"}]},{\"@type\":\"WebSite\",\"@id\":\"https:\\\/\\\/www.visit-montenegro.com\\\/de\\\/#website\",\"url\":\"https:\\\/\\\/www.visit-montenegro.com\\\/de\\\/\",\"name\":\"Visit Montenegro\",\"description\":\"Breathtaking beauty\",\"publisher\":{\"@id\":\"https:\\\/\\\/www.visit-montenegro.com\\\/de\\\/#organization\"},\"potentialAction\":[{\"@type\":\"SearchAction\",\"target\":{\"@type\":\"EntryPoint\",\"urlTemplate\":\"https:\\\/\\\/www.visit-montenegro.com\\\/de\\\/?s={search_term_string}\"},\"query-input\":{\"@type\":\"PropertyValueSpecification\",\"valueRequired\":true,\"valueName\":\"search_term_string\"}}],\"inLanguage\":\"de\"},{\"@type\":\"Organization\",\"@id\":\"https:\\\/\\\/www.visit-montenegro.com\\\/de\\\/#organization\",\"name\":\"Visit Montenegro\",\"url\":\"https:\\\/\\\/www.visit-montenegro.com\\\/de\\\/\",\"logo\":{\"@type\":\"ImageObject\",\"inLanguage\":\"de\",\"@id\":\"https:\\\/\\\/www.visit-montenegro.com\\\/de\\\/#\\\/schema\\\/logo\\\/image\\\/\",\"url\":\"https:\\\/\\\/www.visit-montenegro.com\\\/wp-content\\\/uploads\\\/2017\\\/10\\\/logo-amp.png\",\"contentUrl\":\"https:\\\/\\\/www.visit-montenegro.com\\\/wp-content\\\/uploads\\\/2017\\\/10\\\/logo-amp.png\",\"width\":190,\"height\":36,\"caption\":\"Visit Montenegro\"},\"image\":{\"@id\":\"https:\\\/\\\/www.visit-montenegro.com\\\/de\\\/#\\\/schema\\\/logo\\\/image\\\/\"},\"sameAs\":[\"https:\\\/\\\/www.facebook.com\\\/visitmontenegro\",\"https:\\\/\\\/x.com\\\/visitmontenegro\",\"https:\\\/\\\/www.instagram.com\\\/visit_montenegro\\\/\",\"https:\\\/\\\/www.youtube.com\\\/user\\\/VisitMontenegro\"]}]}<\/script>\n<!-- \/ Yoast SEO plugin. -->","yoast_head_json":{"title":"Niksic Sehensw\u00fcrdigkeiten - Visit Montenegro","description":"Entdecken Sie Niksic Sehensw\u00fcrdigkeiten: Kloster Ostrog, Krupac-See, Zarenbr\u00fccke und mehr. Planen Sie Ihre Reise zu den kulturellen und nat\u00fcrlichen Highlights Montenegros.","robots":{"index":"index","follow":"follow","max-snippet":"max-snippet:-1","max-image-preview":"max-image-preview:large","max-video-preview":"max-video-preview:-1"},"canonical":"https:\/\/www.visit-montenegro.com\/de\/reiseziele\/niksic\/sehenswuerdigkeiten\/","og_locale":"de_DE","og_type":"article","og_title":"Niksic Sehensw\u00fcrdigkeiten - Visit Montenegro","og_description":"Entdecken Sie Niksic Sehensw\u00fcrdigkeiten: Kloster Ostrog, Krupac-See, Zarenbr\u00fccke und mehr. Planen Sie Ihre Reise zu den kulturellen und nat\u00fcrlichen Highlights Montenegros.","og_url":"https:\/\/www.visit-montenegro.com\/de\/reiseziele\/niksic\/sehenswuerdigkeiten\/","og_site_name":"Visit Montenegro","article_publisher":"https:\/\/www.facebook.com\/visitmontenegro","article_modified_time":"2026-02-23T10:41:55+00:00","og_image":[{"width":1600,"height":1067,"url":"https:\/\/www.visit-montenegro.com\/wp-content\/uploads\/2026\/01\/niksic-tsar-bridge-scaled.jpg","type":"image\/jpeg"}],"twitter_card":"summary_large_image","twitter_site":"@visitmontenegro","schema":{"@context":"https:\/\/schema.org","@graph":[{"@type":"WebPage","@id":"https:\/\/www.visit-montenegro.com\/de\/reiseziele\/niksic\/sehenswuerdigkeiten\/","url":"https:\/\/www.visit-montenegro.com\/de\/reiseziele\/niksic\/sehenswuerdigkeiten\/","name":"Niksic Sehensw\u00fcrdigkeiten - Visit Montenegro","isPartOf":{"@id":"https:\/\/www.visit-montenegro.com\/de\/#website"},"primaryImageOfPage":{"@id":"https:\/\/www.visit-montenegro.com\/de\/reiseziele\/niksic\/sehenswuerdigkeiten\/#primaryimage"},"image":{"@id":"https:\/\/www.visit-montenegro.com\/de\/reiseziele\/niksic\/sehenswuerdigkeiten\/#primaryimage"},"thumbnailUrl":"https:\/\/www.visit-montenegro.com\/wp-content\/uploads\/2026\/01\/niksic-tsar-bridge-scaled.jpg","datePublished":"2026-01-27T20:44:33+00:00","dateModified":"2026-02-23T10:41:55+00:00","description":"Entdecken Sie Niksic Sehensw\u00fcrdigkeiten: Kloster Ostrog, Krupac-See, Zarenbr\u00fccke und mehr. Planen Sie Ihre Reise zu den kulturellen und nat\u00fcrlichen Highlights Montenegros.","breadcrumb":{"@id":"https:\/\/www.visit-montenegro.com\/de\/reiseziele\/niksic\/sehenswuerdigkeiten\/#breadcrumb"},"inLanguage":"de","potentialAction":[{"@type":"ReadAction","target":["https:\/\/www.visit-montenegro.com\/de\/reiseziele\/niksic\/sehenswuerdigkeiten\/"]}]},{"@type":"ImageObject","inLanguage":"de","@id":"https:\/\/www.visit-montenegro.com\/de\/reiseziele\/niksic\/sehenswuerdigkeiten\/#primaryimage","url":"https:\/\/www.visit-montenegro.com\/wp-content\/uploads\/2026\/01\/niksic-tsar-bridge-scaled.jpg","contentUrl":"https:\/\/www.visit-montenegro.com\/wp-content\/uploads\/2026\/01\/niksic-tsar-bridge-scaled.jpg","width":1600,"height":1067,"caption":"Zarenbr\u00fccke (Carev most) \u00fcber die Zeta in Montenegro"},{"@type":"BreadcrumbList","@id":"https:\/\/www.visit-montenegro.com\/de\/reiseziele\/niksic\/sehenswuerdigkeiten\/#breadcrumb","itemListElement":[{"@type":"ListItem","position":1,"name":"Home","item":"https:\/\/www.visit-montenegro.com\/de\/home\/"},{"@type":"ListItem","position":2,"name":"Reiseziele in Montenegro","item":"https:\/\/www.visit-montenegro.com\/de\/reiseziele\/"},{"@type":"ListItem","position":3,"name":"Niksic","item":"https:\/\/www.visit-montenegro.com\/de\/reiseziele\/niksic\/"},{"@type":"ListItem","position":4,"name":"Niksic Sehensw\u00fcrdigkeiten"}]},{"@type":"WebSite","@id":"https:\/\/www.visit-montenegro.com\/de\/#website","url":"https:\/\/www.visit-montenegro.com\/de\/","name":"Visit Montenegro","description":"Breathtaking beauty","publisher":{"@id":"https:\/\/www.visit-montenegro.com\/de\/#organization"},"potentialAction":[{"@type":"SearchAction","target":{"@type":"EntryPoint","urlTemplate":"https:\/\/www.visit-montenegro.com\/de\/?s={search_term_string}"},"query-input":{"@type":"PropertyValueSpecification","valueRequired":true,"valueName":"search_term_string"}}],"inLanguage":"de"},{"@type":"Organization","@id":"https:\/\/www.visit-montenegro.com\/de\/#organization","name":"Visit Montenegro","url":"https:\/\/www.visit-montenegro.com\/de\/","logo":{"@type":"ImageObject","inLanguage":"de","@id":"https:\/\/www.visit-montenegro.com\/de\/#\/schema\/logo\/image\/","url":"https:\/\/www.visit-montenegro.com\/wp-content\/uploads\/2017\/10\/logo-amp.png","contentUrl":"https:\/\/www.visit-montenegro.com\/wp-content\/uploads\/2017\/10\/logo-amp.png","width":190,"height":36,"caption":"Visit Montenegro"},"image":{"@id":"https:\/\/www.visit-montenegro.com\/de\/#\/schema\/logo\/image\/"},"sameAs":["https:\/\/www.facebook.com\/visitmontenegro","https:\/\/x.com\/visitmontenegro","https:\/\/www.instagram.com\/visit_montenegro\/","https:\/\/www.youtube.com\/user\/VisitMontenegro"]}]}},"translations":[],"_links":{"self":[{"href":"https:\/\/www.visit-montenegro.com\/de\/wp-json\/wp\/v2\/pages\/134570","targetHints":{"allow":["GET"]}}],"collection":[{"href":"https:\/\/www.visit-montenegro.com\/de\/wp-json\/wp\/v2\/pages"}],"about":[{"href":"https:\/\/www.visit-montenegro.com\/de\/wp-json\/wp\/v2\/types\/page"}],"author":[{"embeddable":true,"href":"https:\/\/www.visit-montenegro.com\/de\/wp-json\/wp\/v2\/users\/1"}],"replies":[{"embeddable":true,"href":"https:\/\/www.visit-montenegro.com\/de\/wp-json\/wp\/v2\/comments?post=134570"}],"version-history":[{"count":0,"href":"https:\/\/www.visit-montenegro.com\/de\/wp-json\/wp\/v2\/pages\/134570\/revisions"}],"up":[{"embeddable":true,"href":"https:\/\/www.visit-montenegro.com\/de\/wp-json\/wp\/v2\/pages\/134566"}],"wp:featuredmedia":[{"embeddable":true,"href":"https:\/\/www.visit-montenegro.com\/de\/wp-json\/wp\/v2\/media\/134501"}],"wp:attachment":[{"href":"https:\/\/www.visit-montenegro.com\/de\/wp-json\/wp\/v2\/media?parent=134570"}],"wp:term":[{"taxonomy":"post_tag","embeddable":true,"href":"https:\/\/www.visit-montenegro.com\/de\/wp-json\/wp\/v2\/tags?post=134570"}],"curies":[{"name":"wp","href":"https:\/\/api.w.org\/{rel}","templated":true}]}}