{"id":134580,"date":"2026-01-27T21:44:33","date_gmt":"2026-01-27T20:44:33","guid":{"rendered":"https:\/\/new.visit-montenegro.com\/moraca\/"},"modified":"2026-02-22T17:05:15","modified_gmt":"2026-02-22T16:05:15","slug":"moraca","status":"publish","type":"page","link":"https:\/\/www.visit-montenegro.com\/de\/reiseziele\/podgorica\/sehenswuerdigkeiten\/moraca\/","title":{"rendered":"Moraca-Schlucht"},"content":{"rendered":"\n<p>Die spektakul\u00e4re <strong>Moraca-Schlucht<\/strong> ist vor allem wegen einer der einzigartigsten und gef\u00e4hrlichsten Stra\u00dfen der Welt ber\u00fchmt. Die E65-Stra\u00dfe mit unz\u00e4hligen felsseitigen Kurven und Tunneln wird Sie in jeder Hinsicht begeistern.<\/p>\n\n<p>Entlang des \u00e4u\u00dfersten Randes dieser engen Schlucht wurde die Autobahn gebaut, um <a href=\"https:\/\/www.visit-montenegro.com\/de\/reiseziele\/podgorica\/\">Podgorica<\/a> und <a href=\"https:\/\/www.visit-montenegro.com\/de\/reiseziele\/kolasin\/\">Kolasin<\/a> zu verbinden. Folglich dient sie als lebenswichtige Verbindung durch diese atemberaubende Landschaft.<\/p>\n\n<p>Aber auf jeden Fall ist es einer der sch\u00f6nsten Flussschluchten in Montenegro, der die Berge der Moraca von der Sinjajevina-Kette trennt. Dieser absolut einzigartige Ort wird Sie sprachlos machen.<\/p>\n","protected":false},"excerpt":{"rendered":"<p>Entdecken Sie die atemberaubende Moraca-Schlucht, Heimat der aufregenden E65-Stra\u00dfe mit felsseitigen Kurven und Tunneln. Dieses beeindruckende Naturwunder trennt die Berge Montenegros und bietet Reisenden ein einzigartiges und unvergessliches Erlebnis.<\/p>\n","protected":false},"author":1,"featured_media":134581,"parent":134763,"menu_order":0,"comment_status":"closed","ping_status":"closed","template":"","meta":{"_yoast_wpseo_focuskw":"Moraca-Schlucht","_yoast_wpseo_metadesc":"Entdecken Sie die atemberaubende Sch\u00f6nheit der Moraca-Schlucht und die aufregende E65-Stra\u00dfe. Erfahren Sie, warum dieses Juwel in Montenegro ein Muss f\u00fcr Abenteuer- und Naturliebhaber ist.","_kad_post_transparent":"","_kad_post_title":"","_kad_post_layout":"","_kad_post_sidebar_id":"","_kad_post_content_style":"","_kad_post_vertical_padding":"","_kad_post_feature":"","_kad_post_feature_position":"","_kad_post_header":false,"_kad_post_footer":false,"_kad_post_classname":"","iawp_total_views":14,"footnotes":""},"tags":[],"class_list":["post-134580","page","type-page","status-publish","has-post-thumbnail","hentry"],"yoast_head":"<!-- This site is optimized with the Yoast SEO plugin v27.3 - https:\/\/yoast.com\/product\/yoast-seo-wordpress\/ -->\n<title>Moraca-Schlucht - Visit Montenegro<\/title>\n<meta name=\"description\" content=\"Entdecken Sie die atemberaubende Sch\u00f6nheit der Moraca-Schlucht und die aufregende E65-Stra\u00dfe. Erfahren Sie, warum dieses Juwel in Montenegro ein Muss f\u00fcr Abenteuer- und Naturliebhaber ist.\" \/>\n<meta name=\"robots\" content=\"index, follow, max-snippet:-1, max-image-preview:large, max-video-preview:-1\" \/>\n<link rel=\"canonical\" href=\"https:\/\/www.visit-montenegro.com\/de\/reiseziele\/podgorica\/sehenswuerdigkeiten\/moraca\/\" \/>\n<meta property=\"og:locale\" content=\"de_DE\" \/>\n<meta property=\"og:type\" content=\"article\" \/>\n<meta property=\"og:title\" content=\"Moraca-Schlucht - Visit Montenegro\" \/>\n<meta property=\"og:description\" content=\"Entdecken Sie die atemberaubende Sch\u00f6nheit der Moraca-Schlucht und die aufregende E65-Stra\u00dfe. Erfahren Sie, warum dieses Juwel in Montenegro ein Muss f\u00fcr Abenteuer- und Naturliebhaber ist.\" \/>\n<meta property=\"og:url\" content=\"https:\/\/www.visit-montenegro.com\/de\/reiseziele\/podgorica\/sehenswuerdigkeiten\/moraca\/\" \/>\n<meta property=\"og:site_name\" content=\"Visit Montenegro\" \/>\n<meta property=\"article:publisher\" content=\"https:\/\/www.facebook.com\/visitmontenegro\" \/>\n<meta property=\"article:modified_time\" content=\"2026-02-22T16:05:15+00:00\" \/>\n<meta property=\"og:image\" content=\"https:\/\/www.visit-montenegro.com\/wp-content\/uploads\/2026\/01\/podgorica-moraca-canyon-scaled.jpg\" \/>\n\t<meta property=\"og:image:width\" content=\"1067\" \/>\n\t<meta property=\"og:image:height\" content=\"1600\" \/>\n\t<meta property=\"og:image:type\" content=\"image\/jpeg\" \/>\n<meta name=\"twitter:card\" content=\"summary_large_image\" \/>\n<meta name=\"twitter:site\" content=\"@visitmontenegro\" \/>\n<script type=\"application\/ld+json\" class=\"yoast-schema-graph\">{\"@context\":\"https:\\\/\\\/schema.org\",\"@graph\":[{\"@type\":\"WebPage\",\"@id\":\"https:\\\/\\\/www.visit-montenegro.com\\\/de\\\/reiseziele\\\/podgorica\\\/sehenswuerdigkeiten\\\/moraca\\\/\",\"url\":\"https:\\\/\\\/www.visit-montenegro.com\\\/de\\\/reiseziele\\\/podgorica\\\/sehenswuerdigkeiten\\\/moraca\\\/\",\"name\":\"Moraca-Schlucht - Visit Montenegro\",\"isPartOf\":{\"@id\":\"https:\\\/\\\/www.visit-montenegro.com\\\/de\\\/#website\"},\"primaryImageOfPage\":{\"@id\":\"https:\\\/\\\/www.visit-montenegro.com\\\/de\\\/reiseziele\\\/podgorica\\\/sehenswuerdigkeiten\\\/moraca\\\/#primaryimage\"},\"image\":{\"@id\":\"https:\\\/\\\/www.visit-montenegro.com\\\/de\\\/reiseziele\\\/podgorica\\\/sehenswuerdigkeiten\\\/moraca\\\/#primaryimage\"},\"thumbnailUrl\":\"https:\\\/\\\/www.visit-montenegro.com\\\/wp-content\\\/uploads\\\/2026\\\/01\\\/podgorica-moraca-canyon-scaled.jpg\",\"datePublished\":\"2026-01-27T20:44:33+00:00\",\"dateModified\":\"2026-02-22T16:05:15+00:00\",\"description\":\"Entdecken Sie die atemberaubende Sch\u00f6nheit der Moraca-Schlucht und die aufregende E65-Stra\u00dfe. Erfahren Sie, warum dieses Juwel in Montenegro ein Muss f\u00fcr Abenteuer- und Naturliebhaber ist.\",\"breadcrumb\":{\"@id\":\"https:\\\/\\\/www.visit-montenegro.com\\\/de\\\/reiseziele\\\/podgorica\\\/sehenswuerdigkeiten\\\/moraca\\\/#breadcrumb\"},\"inLanguage\":\"de\",\"potentialAction\":[{\"@type\":\"ReadAction\",\"target\":[\"https:\\\/\\\/www.visit-montenegro.com\\\/de\\\/reiseziele\\\/podgorica\\\/sehenswuerdigkeiten\\\/moraca\\\/\"]}]},{\"@type\":\"ImageObject\",\"inLanguage\":\"de\",\"@id\":\"https:\\\/\\\/www.visit-montenegro.com\\\/de\\\/reiseziele\\\/podgorica\\\/sehenswuerdigkeiten\\\/moraca\\\/#primaryimage\",\"url\":\"https:\\\/\\\/www.visit-montenegro.com\\\/wp-content\\\/uploads\\\/2026\\\/01\\\/podgorica-moraca-canyon-scaled.jpg\",\"contentUrl\":\"https:\\\/\\\/www.visit-montenegro.com\\\/wp-content\\\/uploads\\\/2026\\\/01\\\/podgorica-moraca-canyon-scaled.jpg\",\"width\":1067,\"height\":1600,\"caption\":\"Die reinsten Gew\u00e4sser in t\u00fcrkiser Farbe des Flusses Moraca, die durch die Schluchten flie\u00dfen. Montenegro.\"},{\"@type\":\"BreadcrumbList\",\"@id\":\"https:\\\/\\\/www.visit-montenegro.com\\\/de\\\/reiseziele\\\/podgorica\\\/sehenswuerdigkeiten\\\/moraca\\\/#breadcrumb\",\"itemListElement\":[{\"@type\":\"ListItem\",\"position\":1,\"name\":\"Home\",\"item\":\"https:\\\/\\\/www.visit-montenegro.com\\\/de\\\/home\\\/\"},{\"@type\":\"ListItem\",\"position\":2,\"name\":\"Reiseziele in Montenegro\",\"item\":\"https:\\\/\\\/www.visit-montenegro.com\\\/de\\\/reiseziele\\\/\"},{\"@type\":\"ListItem\",\"position\":3,\"name\":\"Podgorica\",\"item\":\"https:\\\/\\\/www.visit-montenegro.com\\\/de\\\/destinations\\\/podgorica\\\/\"},{\"@type\":\"ListItem\",\"position\":4,\"name\":\"Podgorica Sehensw\u00fcrdigkeiten\",\"item\":\"https:\\\/\\\/www.visit-montenegro.com\\\/de\\\/destinations\\\/podgorica\\\/attractions\\\/\"},{\"@type\":\"ListItem\",\"position\":5,\"name\":\"Moraca-Schlucht\"}]},{\"@type\":\"WebSite\",\"@id\":\"https:\\\/\\\/www.visit-montenegro.com\\\/de\\\/#website\",\"url\":\"https:\\\/\\\/www.visit-montenegro.com\\\/de\\\/\",\"name\":\"Visit Montenegro\",\"description\":\"Breathtaking beauty\",\"publisher\":{\"@id\":\"https:\\\/\\\/www.visit-montenegro.com\\\/de\\\/#organization\"},\"potentialAction\":[{\"@type\":\"SearchAction\",\"target\":{\"@type\":\"EntryPoint\",\"urlTemplate\":\"https:\\\/\\\/www.visit-montenegro.com\\\/de\\\/?s={search_term_string}\"},\"query-input\":{\"@type\":\"PropertyValueSpecification\",\"valueRequired\":true,\"valueName\":\"search_term_string\"}}],\"inLanguage\":\"de\"},{\"@type\":\"Organization\",\"@id\":\"https:\\\/\\\/www.visit-montenegro.com\\\/de\\\/#organization\",\"name\":\"Visit Montenegro\",\"url\":\"https:\\\/\\\/www.visit-montenegro.com\\\/de\\\/\",\"logo\":{\"@type\":\"ImageObject\",\"inLanguage\":\"de\",\"@id\":\"https:\\\/\\\/www.visit-montenegro.com\\\/de\\\/#\\\/schema\\\/logo\\\/image\\\/\",\"url\":\"https:\\\/\\\/www.visit-montenegro.com\\\/wp-content\\\/uploads\\\/2017\\\/10\\\/logo-amp.png\",\"contentUrl\":\"https:\\\/\\\/www.visit-montenegro.com\\\/wp-content\\\/uploads\\\/2017\\\/10\\\/logo-amp.png\",\"width\":190,\"height\":36,\"caption\":\"Visit Montenegro\"},\"image\":{\"@id\":\"https:\\\/\\\/www.visit-montenegro.com\\\/de\\\/#\\\/schema\\\/logo\\\/image\\\/\"},\"sameAs\":[\"https:\\\/\\\/www.facebook.com\\\/visitmontenegro\",\"https:\\\/\\\/x.com\\\/visitmontenegro\",\"https:\\\/\\\/www.instagram.com\\\/visit_montenegro\\\/\",\"https:\\\/\\\/www.youtube.com\\\/user\\\/VisitMontenegro\"]}]}<\/script>\n<!-- \/ Yoast SEO plugin. -->","yoast_head_json":{"title":"Moraca-Schlucht - Visit Montenegro","description":"Entdecken Sie die atemberaubende Sch\u00f6nheit der Moraca-Schlucht und die aufregende E65-Stra\u00dfe. Erfahren Sie, warum dieses Juwel in Montenegro ein Muss f\u00fcr Abenteuer- und Naturliebhaber ist.","robots":{"index":"index","follow":"follow","max-snippet":"max-snippet:-1","max-image-preview":"max-image-preview:large","max-video-preview":"max-video-preview:-1"},"canonical":"https:\/\/www.visit-montenegro.com\/de\/reiseziele\/podgorica\/sehenswuerdigkeiten\/moraca\/","og_locale":"de_DE","og_type":"article","og_title":"Moraca-Schlucht - Visit Montenegro","og_description":"Entdecken Sie die atemberaubende Sch\u00f6nheit der Moraca-Schlucht und die aufregende E65-Stra\u00dfe. Erfahren Sie, warum dieses Juwel in Montenegro ein Muss f\u00fcr Abenteuer- und Naturliebhaber ist.","og_url":"https:\/\/www.visit-montenegro.com\/de\/reiseziele\/podgorica\/sehenswuerdigkeiten\/moraca\/","og_site_name":"Visit Montenegro","article_publisher":"https:\/\/www.facebook.com\/visitmontenegro","article_modified_time":"2026-02-22T16:05:15+00:00","og_image":[{"width":1067,"height":1600,"url":"https:\/\/www.visit-montenegro.com\/wp-content\/uploads\/2026\/01\/podgorica-moraca-canyon-scaled.jpg","type":"image\/jpeg"}],"twitter_card":"summary_large_image","twitter_site":"@visitmontenegro","schema":{"@context":"https:\/\/schema.org","@graph":[{"@type":"WebPage","@id":"https:\/\/www.visit-montenegro.com\/de\/reiseziele\/podgorica\/sehenswuerdigkeiten\/moraca\/","url":"https:\/\/www.visit-montenegro.com\/de\/reiseziele\/podgorica\/sehenswuerdigkeiten\/moraca\/","name":"Moraca-Schlucht - Visit Montenegro","isPartOf":{"@id":"https:\/\/www.visit-montenegro.com\/de\/#website"},"primaryImageOfPage":{"@id":"https:\/\/www.visit-montenegro.com\/de\/reiseziele\/podgorica\/sehenswuerdigkeiten\/moraca\/#primaryimage"},"image":{"@id":"https:\/\/www.visit-montenegro.com\/de\/reiseziele\/podgorica\/sehenswuerdigkeiten\/moraca\/#primaryimage"},"thumbnailUrl":"https:\/\/www.visit-montenegro.com\/wp-content\/uploads\/2026\/01\/podgorica-moraca-canyon-scaled.jpg","datePublished":"2026-01-27T20:44:33+00:00","dateModified":"2026-02-22T16:05:15+00:00","description":"Entdecken Sie die atemberaubende Sch\u00f6nheit der Moraca-Schlucht und die aufregende E65-Stra\u00dfe. Erfahren Sie, warum dieses Juwel in Montenegro ein Muss f\u00fcr Abenteuer- und Naturliebhaber ist.","breadcrumb":{"@id":"https:\/\/www.visit-montenegro.com\/de\/reiseziele\/podgorica\/sehenswuerdigkeiten\/moraca\/#breadcrumb"},"inLanguage":"de","potentialAction":[{"@type":"ReadAction","target":["https:\/\/www.visit-montenegro.com\/de\/reiseziele\/podgorica\/sehenswuerdigkeiten\/moraca\/"]}]},{"@type":"ImageObject","inLanguage":"de","@id":"https:\/\/www.visit-montenegro.com\/de\/reiseziele\/podgorica\/sehenswuerdigkeiten\/moraca\/#primaryimage","url":"https:\/\/www.visit-montenegro.com\/wp-content\/uploads\/2026\/01\/podgorica-moraca-canyon-scaled.jpg","contentUrl":"https:\/\/www.visit-montenegro.com\/wp-content\/uploads\/2026\/01\/podgorica-moraca-canyon-scaled.jpg","width":1067,"height":1600,"caption":"Die reinsten Gew\u00e4sser in t\u00fcrkiser Farbe des Flusses Moraca, die durch die Schluchten flie\u00dfen. Montenegro."},{"@type":"BreadcrumbList","@id":"https:\/\/www.visit-montenegro.com\/de\/reiseziele\/podgorica\/sehenswuerdigkeiten\/moraca\/#breadcrumb","itemListElement":[{"@type":"ListItem","position":1,"name":"Home","item":"https:\/\/www.visit-montenegro.com\/de\/home\/"},{"@type":"ListItem","position":2,"name":"Reiseziele in Montenegro","item":"https:\/\/www.visit-montenegro.com\/de\/reiseziele\/"},{"@type":"ListItem","position":3,"name":"Podgorica","item":"https:\/\/www.visit-montenegro.com\/de\/destinations\/podgorica\/"},{"@type":"ListItem","position":4,"name":"Podgorica Sehensw\u00fcrdigkeiten","item":"https:\/\/www.visit-montenegro.com\/de\/destinations\/podgorica\/attractions\/"},{"@type":"ListItem","position":5,"name":"Moraca-Schlucht"}]},{"@type":"WebSite","@id":"https:\/\/www.visit-montenegro.com\/de\/#website","url":"https:\/\/www.visit-montenegro.com\/de\/","name":"Visit Montenegro","description":"Breathtaking beauty","publisher":{"@id":"https:\/\/www.visit-montenegro.com\/de\/#organization"},"potentialAction":[{"@type":"SearchAction","target":{"@type":"EntryPoint","urlTemplate":"https:\/\/www.visit-montenegro.com\/de\/?s={search_term_string}"},"query-input":{"@type":"PropertyValueSpecification","valueRequired":true,"valueName":"search_term_string"}}],"inLanguage":"de"},{"@type":"Organization","@id":"https:\/\/www.visit-montenegro.com\/de\/#organization","name":"Visit Montenegro","url":"https:\/\/www.visit-montenegro.com\/de\/","logo":{"@type":"ImageObject","inLanguage":"de","@id":"https:\/\/www.visit-montenegro.com\/de\/#\/schema\/logo\/image\/","url":"https:\/\/www.visit-montenegro.com\/wp-content\/uploads\/2017\/10\/logo-amp.png","contentUrl":"https:\/\/www.visit-montenegro.com\/wp-content\/uploads\/2017\/10\/logo-amp.png","width":190,"height":36,"caption":"Visit Montenegro"},"image":{"@id":"https:\/\/www.visit-montenegro.com\/de\/#\/schema\/logo\/image\/"},"sameAs":["https:\/\/www.facebook.com\/visitmontenegro","https:\/\/x.com\/visitmontenegro","https:\/\/www.instagram.com\/visit_montenegro\/","https:\/\/www.youtube.com\/user\/VisitMontenegro"]}]}},"translations":[],"_links":{"self":[{"href":"https:\/\/www.visit-montenegro.com\/de\/wp-json\/wp\/v2\/pages\/134580","targetHints":{"allow":["GET"]}}],"collection":[{"href":"https:\/\/www.visit-montenegro.com\/de\/wp-json\/wp\/v2\/pages"}],"about":[{"href":"https:\/\/www.visit-montenegro.com\/de\/wp-json\/wp\/v2\/types\/page"}],"author":[{"embeddable":true,"href":"https:\/\/www.visit-montenegro.com\/de\/wp-json\/wp\/v2\/users\/1"}],"replies":[{"embeddable":true,"href":"https:\/\/www.visit-montenegro.com\/de\/wp-json\/wp\/v2\/comments?post=134580"}],"version-history":[{"count":0,"href":"https:\/\/www.visit-montenegro.com\/de\/wp-json\/wp\/v2\/pages\/134580\/revisions"}],"up":[{"embeddable":true,"href":"https:\/\/www.visit-montenegro.com\/de\/wp-json\/wp\/v2\/pages\/134763"}],"wp:featuredmedia":[{"embeddable":true,"href":"https:\/\/www.visit-montenegro.com\/de\/wp-json\/wp\/v2\/media\/134581"}],"wp:attachment":[{"href":"https:\/\/www.visit-montenegro.com\/de\/wp-json\/wp\/v2\/media?parent=134580"}],"wp:term":[{"taxonomy":"post_tag","embeddable":true,"href":"https:\/\/www.visit-montenegro.com\/de\/wp-json\/wp\/v2\/tags?post=134580"}],"curies":[{"name":"wp","href":"https:\/\/api.w.org\/{rel}","templated":true}]}}