{"id":134592,"date":"2026-01-27T21:44:33","date_gmt":"2026-01-27T20:44:33","guid":{"rendered":"https:\/\/new.visit-montenegro.com\/vranjina\/"},"modified":"2026-02-22T17:05:15","modified_gmt":"2026-02-22T16:05:15","slug":"vranjina","status":"publish","type":"page","link":"https:\/\/www.visit-montenegro.com\/de\/reiseziele\/podgorica\/sehenswuerdigkeiten\/vranjina\/","title":{"rendered":"Vranjina"},"content":{"rendered":"\n<p>Vranjina ist ein einzigartiges Inseldorf im Nationalpark Skadar-See in Montenegro, das \u00fcber eine Br\u00fccke mit dem Festland verbunden ist und eine Mischung aus historischen St\u00e4tten und nat\u00fcrlicher Sch\u00f6nheit bietet.<\/p>\n\n<hr class=\"wp-block-separator has-alpha-channel-opacity\"\/>\n\n<h2 class=\"wp-block-heading\">Historische Bedeutung und Kloster<\/h2>\n\n<p>Das Kloster <strong>Vranjina<\/strong> ist ein bekanntes Merkmal der Insel. Im Jahr 1843 zerst\u00f6rten die T\u00fcrken das Kloster und wandelten es in eine Festung um. K\u00f6nig Nikola erneuerte es 1886, aber Spuren des alten Klosters sind nicht erhalten geblieben. Daher wurde das Kloster 1998 erneut repariert und renoviert.<\/p>\n\n<h2 class=\"wp-block-heading\">Nat\u00fcrliche Umgebung und Dorfleben<\/h2>\n\n<p>Das Dorf <strong>Vranjina<\/strong> wird oft als das montenegrinische Venedig bezeichnet, aufgrund seiner nat\u00fcrlichen Umgebung und spezifischen Atmosph\u00e4re. Angeln ist hier eine sehr beliebte Aktivit\u00e4t. Au\u00dferdem finden Sie einige ausgezeichnete Restaurants auf oder in der N\u00e4he der Insel.<\/p>\n","protected":false},"excerpt":{"rendered":"<p>Entdecken Sie Vranjina, ein einzigartiges Inseldorf im Nationalpark Skadar-See in Montenegro. Erkunden Sie sein historisches Kloster und die charmante Atmosph\u00e4re des &#8218;montenegrinischen Venedigs&#8216;, ideal zum Angeln und Essen.<\/p>\n","protected":false},"author":1,"featured_media":134593,"parent":134763,"menu_order":0,"comment_status":"closed","ping_status":"closed","template":"","meta":{"_yoast_wpseo_focuskw":"Vranjina","_yoast_wpseo_metadesc":"Entdecken Sie Vranjina, das Inseldorf im Nationalpark Skadar-See in Montenegro. Erkunden Sie sein historisches Kloster, Angelpl\u00e4tze und venezianischen Charme. Planen Sie jetzt Ihre Reise!","_kad_post_transparent":"","_kad_post_title":"","_kad_post_layout":"","_kad_post_sidebar_id":"","_kad_post_content_style":"","_kad_post_vertical_padding":"","_kad_post_feature":"","_kad_post_feature_position":"","_kad_post_header":false,"_kad_post_footer":false,"_kad_post_classname":"","iawp_total_views":8,"footnotes":""},"tags":[],"class_list":["post-134592","page","type-page","status-publish","has-post-thumbnail","hentry"],"yoast_head":"<!-- This site is optimized with the Yoast SEO plugin v27.3 - https:\/\/yoast.com\/product\/yoast-seo-wordpress\/ -->\n<title>Vranjina - Visit Montenegro<\/title>\n<meta name=\"description\" content=\"Entdecken Sie Vranjina, das Inseldorf im Nationalpark Skadar-See in Montenegro. Erkunden Sie sein historisches Kloster, Angelpl\u00e4tze und venezianischen Charme. Planen Sie jetzt Ihre Reise!\" \/>\n<meta name=\"robots\" content=\"index, follow, max-snippet:-1, max-image-preview:large, max-video-preview:-1\" \/>\n<link rel=\"canonical\" href=\"https:\/\/www.visit-montenegro.com\/de\/reiseziele\/podgorica\/sehenswuerdigkeiten\/vranjina\/\" \/>\n<meta property=\"og:locale\" content=\"de_DE\" \/>\n<meta property=\"og:type\" content=\"article\" \/>\n<meta property=\"og:title\" content=\"Vranjina - Visit Montenegro\" \/>\n<meta property=\"og:description\" content=\"Entdecken Sie Vranjina, das Inseldorf im Nationalpark Skadar-See in Montenegro. Erkunden Sie sein historisches Kloster, Angelpl\u00e4tze und venezianischen Charme. Planen Sie jetzt Ihre Reise!\" \/>\n<meta property=\"og:url\" content=\"https:\/\/www.visit-montenegro.com\/de\/reiseziele\/podgorica\/sehenswuerdigkeiten\/vranjina\/\" \/>\n<meta property=\"og:site_name\" content=\"Visit Montenegro\" \/>\n<meta property=\"article:publisher\" content=\"https:\/\/www.facebook.com\/visitmontenegro\" \/>\n<meta property=\"article:modified_time\" content=\"2026-02-22T16:05:15+00:00\" \/>\n<meta property=\"og:image\" content=\"https:\/\/www.visit-montenegro.com\/wp-content\/uploads\/2026\/01\/lake-skadar-vranjina-scaled.jpg\" \/>\n\t<meta property=\"og:image:width\" content=\"1600\" \/>\n\t<meta property=\"og:image:height\" content=\"1067\" \/>\n\t<meta property=\"og:image:type\" content=\"image\/jpeg\" \/>\n<meta name=\"twitter:card\" content=\"summary_large_image\" \/>\n<meta name=\"twitter:site\" content=\"@visitmontenegro\" \/>\n<meta name=\"twitter:label1\" content=\"Gesch\u00e4tzte Lesezeit\" \/>\n\t<meta name=\"twitter:data1\" content=\"1\u00a0Minute\" \/>\n<script type=\"application\/ld+json\" class=\"yoast-schema-graph\">{\"@context\":\"https:\\\/\\\/schema.org\",\"@graph\":[{\"@type\":\"WebPage\",\"@id\":\"https:\\\/\\\/www.visit-montenegro.com\\\/de\\\/reiseziele\\\/podgorica\\\/sehenswuerdigkeiten\\\/vranjina\\\/\",\"url\":\"https:\\\/\\\/www.visit-montenegro.com\\\/de\\\/reiseziele\\\/podgorica\\\/sehenswuerdigkeiten\\\/vranjina\\\/\",\"name\":\"Vranjina - Visit Montenegro\",\"isPartOf\":{\"@id\":\"https:\\\/\\\/www.visit-montenegro.com\\\/de\\\/#website\"},\"primaryImageOfPage\":{\"@id\":\"https:\\\/\\\/www.visit-montenegro.com\\\/de\\\/reiseziele\\\/podgorica\\\/sehenswuerdigkeiten\\\/vranjina\\\/#primaryimage\"},\"image\":{\"@id\":\"https:\\\/\\\/www.visit-montenegro.com\\\/de\\\/reiseziele\\\/podgorica\\\/sehenswuerdigkeiten\\\/vranjina\\\/#primaryimage\"},\"thumbnailUrl\":\"https:\\\/\\\/www.visit-montenegro.com\\\/wp-content\\\/uploads\\\/2026\\\/01\\\/lake-skadar-vranjina-scaled.jpg\",\"datePublished\":\"2026-01-27T20:44:33+00:00\",\"dateModified\":\"2026-02-22T16:05:15+00:00\",\"description\":\"Entdecken Sie Vranjina, das Inseldorf im Nationalpark Skadar-See in Montenegro. Erkunden Sie sein historisches Kloster, Angelpl\u00e4tze und venezianischen Charme. Planen Sie jetzt Ihre Reise!\",\"breadcrumb\":{\"@id\":\"https:\\\/\\\/www.visit-montenegro.com\\\/de\\\/reiseziele\\\/podgorica\\\/sehenswuerdigkeiten\\\/vranjina\\\/#breadcrumb\"},\"inLanguage\":\"de\",\"potentialAction\":[{\"@type\":\"ReadAction\",\"target\":[\"https:\\\/\\\/www.visit-montenegro.com\\\/de\\\/reiseziele\\\/podgorica\\\/sehenswuerdigkeiten\\\/vranjina\\\/\"]}]},{\"@type\":\"ImageObject\",\"inLanguage\":\"de\",\"@id\":\"https:\\\/\\\/www.visit-montenegro.com\\\/de\\\/reiseziele\\\/podgorica\\\/sehenswuerdigkeiten\\\/vranjina\\\/#primaryimage\",\"url\":\"https:\\\/\\\/www.visit-montenegro.com\\\/wp-content\\\/uploads\\\/2026\\\/01\\\/lake-skadar-vranjina-scaled.jpg\",\"contentUrl\":\"https:\\\/\\\/www.visit-montenegro.com\\\/wp-content\\\/uploads\\\/2026\\\/01\\\/lake-skadar-vranjina-scaled.jpg\",\"width\":1600,\"height\":1067,\"caption\":\"Foto aufgenommen am Skadar-See, Region Podgorica.\"},{\"@type\":\"BreadcrumbList\",\"@id\":\"https:\\\/\\\/www.visit-montenegro.com\\\/de\\\/reiseziele\\\/podgorica\\\/sehenswuerdigkeiten\\\/vranjina\\\/#breadcrumb\",\"itemListElement\":[{\"@type\":\"ListItem\",\"position\":1,\"name\":\"Home\",\"item\":\"https:\\\/\\\/www.visit-montenegro.com\\\/de\\\/home\\\/\"},{\"@type\":\"ListItem\",\"position\":2,\"name\":\"Reiseziele in Montenegro\",\"item\":\"https:\\\/\\\/www.visit-montenegro.com\\\/de\\\/reiseziele\\\/\"},{\"@type\":\"ListItem\",\"position\":3,\"name\":\"Podgorica\",\"item\":\"https:\\\/\\\/www.visit-montenegro.com\\\/de\\\/destinations\\\/podgorica\\\/\"},{\"@type\":\"ListItem\",\"position\":4,\"name\":\"Podgorica Sehensw\u00fcrdigkeiten\",\"item\":\"https:\\\/\\\/www.visit-montenegro.com\\\/de\\\/destinations\\\/podgorica\\\/attractions\\\/\"},{\"@type\":\"ListItem\",\"position\":5,\"name\":\"Vranjina\"}]},{\"@type\":\"WebSite\",\"@id\":\"https:\\\/\\\/www.visit-montenegro.com\\\/de\\\/#website\",\"url\":\"https:\\\/\\\/www.visit-montenegro.com\\\/de\\\/\",\"name\":\"Visit Montenegro\",\"description\":\"Breathtaking beauty\",\"publisher\":{\"@id\":\"https:\\\/\\\/www.visit-montenegro.com\\\/de\\\/#organization\"},\"potentialAction\":[{\"@type\":\"SearchAction\",\"target\":{\"@type\":\"EntryPoint\",\"urlTemplate\":\"https:\\\/\\\/www.visit-montenegro.com\\\/de\\\/?s={search_term_string}\"},\"query-input\":{\"@type\":\"PropertyValueSpecification\",\"valueRequired\":true,\"valueName\":\"search_term_string\"}}],\"inLanguage\":\"de\"},{\"@type\":\"Organization\",\"@id\":\"https:\\\/\\\/www.visit-montenegro.com\\\/de\\\/#organization\",\"name\":\"Visit Montenegro\",\"url\":\"https:\\\/\\\/www.visit-montenegro.com\\\/de\\\/\",\"logo\":{\"@type\":\"ImageObject\",\"inLanguage\":\"de\",\"@id\":\"https:\\\/\\\/www.visit-montenegro.com\\\/de\\\/#\\\/schema\\\/logo\\\/image\\\/\",\"url\":\"https:\\\/\\\/www.visit-montenegro.com\\\/wp-content\\\/uploads\\\/2017\\\/10\\\/logo-amp.png\",\"contentUrl\":\"https:\\\/\\\/www.visit-montenegro.com\\\/wp-content\\\/uploads\\\/2017\\\/10\\\/logo-amp.png\",\"width\":190,\"height\":36,\"caption\":\"Visit Montenegro\"},\"image\":{\"@id\":\"https:\\\/\\\/www.visit-montenegro.com\\\/de\\\/#\\\/schema\\\/logo\\\/image\\\/\"},\"sameAs\":[\"https:\\\/\\\/www.facebook.com\\\/visitmontenegro\",\"https:\\\/\\\/x.com\\\/visitmontenegro\",\"https:\\\/\\\/www.instagram.com\\\/visit_montenegro\\\/\",\"https:\\\/\\\/www.youtube.com\\\/user\\\/VisitMontenegro\"]}]}<\/script>\n<!-- \/ Yoast SEO plugin. -->","yoast_head_json":{"title":"Vranjina - Visit Montenegro","description":"Entdecken Sie Vranjina, das Inseldorf im Nationalpark Skadar-See in Montenegro. Erkunden Sie sein historisches Kloster, Angelpl\u00e4tze und venezianischen Charme. Planen Sie jetzt Ihre Reise!","robots":{"index":"index","follow":"follow","max-snippet":"max-snippet:-1","max-image-preview":"max-image-preview:large","max-video-preview":"max-video-preview:-1"},"canonical":"https:\/\/www.visit-montenegro.com\/de\/reiseziele\/podgorica\/sehenswuerdigkeiten\/vranjina\/","og_locale":"de_DE","og_type":"article","og_title":"Vranjina - Visit Montenegro","og_description":"Entdecken Sie Vranjina, das Inseldorf im Nationalpark Skadar-See in Montenegro. Erkunden Sie sein historisches Kloster, Angelpl\u00e4tze und venezianischen Charme. Planen Sie jetzt Ihre Reise!","og_url":"https:\/\/www.visit-montenegro.com\/de\/reiseziele\/podgorica\/sehenswuerdigkeiten\/vranjina\/","og_site_name":"Visit Montenegro","article_publisher":"https:\/\/www.facebook.com\/visitmontenegro","article_modified_time":"2026-02-22T16:05:15+00:00","og_image":[{"width":1600,"height":1067,"url":"https:\/\/www.visit-montenegro.com\/wp-content\/uploads\/2026\/01\/lake-skadar-vranjina-scaled.jpg","type":"image\/jpeg"}],"twitter_card":"summary_large_image","twitter_site":"@visitmontenegro","twitter_misc":{"Gesch\u00e4tzte Lesezeit":"1\u00a0Minute"},"schema":{"@context":"https:\/\/schema.org","@graph":[{"@type":"WebPage","@id":"https:\/\/www.visit-montenegro.com\/de\/reiseziele\/podgorica\/sehenswuerdigkeiten\/vranjina\/","url":"https:\/\/www.visit-montenegro.com\/de\/reiseziele\/podgorica\/sehenswuerdigkeiten\/vranjina\/","name":"Vranjina - Visit Montenegro","isPartOf":{"@id":"https:\/\/www.visit-montenegro.com\/de\/#website"},"primaryImageOfPage":{"@id":"https:\/\/www.visit-montenegro.com\/de\/reiseziele\/podgorica\/sehenswuerdigkeiten\/vranjina\/#primaryimage"},"image":{"@id":"https:\/\/www.visit-montenegro.com\/de\/reiseziele\/podgorica\/sehenswuerdigkeiten\/vranjina\/#primaryimage"},"thumbnailUrl":"https:\/\/www.visit-montenegro.com\/wp-content\/uploads\/2026\/01\/lake-skadar-vranjina-scaled.jpg","datePublished":"2026-01-27T20:44:33+00:00","dateModified":"2026-02-22T16:05:15+00:00","description":"Entdecken Sie Vranjina, das Inseldorf im Nationalpark Skadar-See in Montenegro. Erkunden Sie sein historisches Kloster, Angelpl\u00e4tze und venezianischen Charme. Planen Sie jetzt Ihre Reise!","breadcrumb":{"@id":"https:\/\/www.visit-montenegro.com\/de\/reiseziele\/podgorica\/sehenswuerdigkeiten\/vranjina\/#breadcrumb"},"inLanguage":"de","potentialAction":[{"@type":"ReadAction","target":["https:\/\/www.visit-montenegro.com\/de\/reiseziele\/podgorica\/sehenswuerdigkeiten\/vranjina\/"]}]},{"@type":"ImageObject","inLanguage":"de","@id":"https:\/\/www.visit-montenegro.com\/de\/reiseziele\/podgorica\/sehenswuerdigkeiten\/vranjina\/#primaryimage","url":"https:\/\/www.visit-montenegro.com\/wp-content\/uploads\/2026\/01\/lake-skadar-vranjina-scaled.jpg","contentUrl":"https:\/\/www.visit-montenegro.com\/wp-content\/uploads\/2026\/01\/lake-skadar-vranjina-scaled.jpg","width":1600,"height":1067,"caption":"Foto aufgenommen am Skadar-See, Region Podgorica."},{"@type":"BreadcrumbList","@id":"https:\/\/www.visit-montenegro.com\/de\/reiseziele\/podgorica\/sehenswuerdigkeiten\/vranjina\/#breadcrumb","itemListElement":[{"@type":"ListItem","position":1,"name":"Home","item":"https:\/\/www.visit-montenegro.com\/de\/home\/"},{"@type":"ListItem","position":2,"name":"Reiseziele in Montenegro","item":"https:\/\/www.visit-montenegro.com\/de\/reiseziele\/"},{"@type":"ListItem","position":3,"name":"Podgorica","item":"https:\/\/www.visit-montenegro.com\/de\/destinations\/podgorica\/"},{"@type":"ListItem","position":4,"name":"Podgorica Sehensw\u00fcrdigkeiten","item":"https:\/\/www.visit-montenegro.com\/de\/destinations\/podgorica\/attractions\/"},{"@type":"ListItem","position":5,"name":"Vranjina"}]},{"@type":"WebSite","@id":"https:\/\/www.visit-montenegro.com\/de\/#website","url":"https:\/\/www.visit-montenegro.com\/de\/","name":"Visit Montenegro","description":"Breathtaking beauty","publisher":{"@id":"https:\/\/www.visit-montenegro.com\/de\/#organization"},"potentialAction":[{"@type":"SearchAction","target":{"@type":"EntryPoint","urlTemplate":"https:\/\/www.visit-montenegro.com\/de\/?s={search_term_string}"},"query-input":{"@type":"PropertyValueSpecification","valueRequired":true,"valueName":"search_term_string"}}],"inLanguage":"de"},{"@type":"Organization","@id":"https:\/\/www.visit-montenegro.com\/de\/#organization","name":"Visit Montenegro","url":"https:\/\/www.visit-montenegro.com\/de\/","logo":{"@type":"ImageObject","inLanguage":"de","@id":"https:\/\/www.visit-montenegro.com\/de\/#\/schema\/logo\/image\/","url":"https:\/\/www.visit-montenegro.com\/wp-content\/uploads\/2017\/10\/logo-amp.png","contentUrl":"https:\/\/www.visit-montenegro.com\/wp-content\/uploads\/2017\/10\/logo-amp.png","width":190,"height":36,"caption":"Visit Montenegro"},"image":{"@id":"https:\/\/www.visit-montenegro.com\/de\/#\/schema\/logo\/image\/"},"sameAs":["https:\/\/www.facebook.com\/visitmontenegro","https:\/\/x.com\/visitmontenegro","https:\/\/www.instagram.com\/visit_montenegro\/","https:\/\/www.youtube.com\/user\/VisitMontenegro"]}]}},"translations":[],"_links":{"self":[{"href":"https:\/\/www.visit-montenegro.com\/de\/wp-json\/wp\/v2\/pages\/134592","targetHints":{"allow":["GET"]}}],"collection":[{"href":"https:\/\/www.visit-montenegro.com\/de\/wp-json\/wp\/v2\/pages"}],"about":[{"href":"https:\/\/www.visit-montenegro.com\/de\/wp-json\/wp\/v2\/types\/page"}],"author":[{"embeddable":true,"href":"https:\/\/www.visit-montenegro.com\/de\/wp-json\/wp\/v2\/users\/1"}],"replies":[{"embeddable":true,"href":"https:\/\/www.visit-montenegro.com\/de\/wp-json\/wp\/v2\/comments?post=134592"}],"version-history":[{"count":0,"href":"https:\/\/www.visit-montenegro.com\/de\/wp-json\/wp\/v2\/pages\/134592\/revisions"}],"up":[{"embeddable":true,"href":"https:\/\/www.visit-montenegro.com\/de\/wp-json\/wp\/v2\/pages\/134763"}],"wp:featuredmedia":[{"embeddable":true,"href":"https:\/\/www.visit-montenegro.com\/de\/wp-json\/wp\/v2\/media\/134593"}],"wp:attachment":[{"href":"https:\/\/www.visit-montenegro.com\/de\/wp-json\/wp\/v2\/media?parent=134592"}],"wp:term":[{"taxonomy":"post_tag","embeddable":true,"href":"https:\/\/www.visit-montenegro.com\/de\/wp-json\/wp\/v2\/tags?post=134592"}],"curies":[{"name":"wp","href":"https:\/\/api.w.org\/{rel}","templated":true}]}}