{"id":134630,"date":"2026-01-27T21:44:33","date_gmt":"2026-01-27T20:44:33","guid":{"rendered":"https:\/\/new.visit-montenegro.com\/ziele\/zabljak\/attractions\/durmitor\/"},"modified":"2026-02-24T13:33:09","modified_gmt":"2026-02-24T12:33:09","slug":"durmitor","status":"publish","type":"page","link":"https:\/\/www.visit-montenegro.com\/de\/reiseziele\/zabljak\/sehenswuerdigkeiten\/durmitor\/","title":{"rendered":"Nationalpark Durmitor"},"content":{"rendered":"\n<p>Der Nationalpark <a href=\"https:\/\/www.visit-montenegro.com\/de\/reiseziele\/zabljak\/info\/durmitor\/\">Durmitor<\/a> ist eine UNESCO-gesch\u00fctzte Bergregion im Nordwesten Montenegros, die 23 Gipfel \u00fcber 2300 Meter, tiefe Schluchten wie Europas gr\u00f6\u00dfte Tara-Fluss-Schlucht und vielf\u00e4ltige \u00d6kosysteme mit reicher Flora und Fauna umfasst.<\/p>\n\n<hr class=\"wp-block-separator has-alpha-channel-opacity\"\/>\n\n<h2 class=\"wp-block-heading\">Geographie und nat\u00fcrliche Merkmale<\/h2>\n\n<p>Der Park liegt in einer weiten Bergregion im Nordwesten Montenegros, umgeben von den Fl\u00fcssen Piva und <a href=\"https:\/\/www.visit-montenegro.com\/de\/reiseziele\/zabljak\/sehenswuerdigkeiten\/tara-river\/\">Tara<\/a>. Er erstreckt sich \u00fcber 39.000 Hektar mit 23 Berggipfeln \u00fcber 2300 Meter H\u00f6he. Zudem umfasst er 82 Kilometer der Tara-Schlucht, die 1600 Meter \u00fcber dem Flussniveau aufragt.<\/p>\n\n<p>Die Durmitor-Region ist der wichtigste Teil des Dinarischen Gebirges, gepr\u00e4gt von hohen Gipfeln, \u00fcppigen W\u00e4ldern und tiefen Schluchten. Die <a href=\"https:\/\/www.visit-montenegro.com\/de\/reiseziele\/zabljak\/sehenswuerdigkeiten\/tara-river\/\">Tara-Schlucht<\/a> ist die gr\u00f6\u00dfte in Europa und beherbergt \u00fcber 1500 Pflanzenarten und 130 Vogelarten. Im Park gibt es 17 Gletscherseen, und der h\u00f6chste Gipfel Montenegros ist <a href=\"https:\/\/www.visit-montenegro.com\/de\/reiseziele\/zabljak\/sehenswuerdigkeiten\/bobotov-kuk\/\">Bobotov kuk (2522 m)<\/a>.<\/p>\n\n<figure class=\"wp-block-image size-full\"><img loading=\"lazy\" decoding=\"async\" width=\"1600\" height=\"1365\" src=\"https:\/\/www.visit-montenegro.com\/wp-content\/uploads\/2026\/01\/tara-river-panorama-scaled.jpg\" alt=\"\" class=\"wp-image-36254\" srcset=\"https:\/\/www.visit-montenegro.com\/wp-content\/uploads\/2026\/01\/tara-river-panorama-scaled.jpg 1600w, https:\/\/www.visit-montenegro.com\/wp-content\/uploads\/2026\/01\/tara-river-panorama-300x256.jpg 300w, https:\/\/www.visit-montenegro.com\/wp-content\/uploads\/2026\/01\/tara-river-panorama-1024x874.jpg 1024w, https:\/\/www.visit-montenegro.com\/wp-content\/uploads\/2026\/01\/tara-river-panorama-768x655.jpg 768w, https:\/\/www.visit-montenegro.com\/wp-content\/uploads\/2026\/01\/tara-river-panorama-1536x1310.jpg 1536w, https:\/\/www.visit-montenegro.com\/wp-content\/uploads\/2026\/01\/tara-river-panorama-1200x1024.jpg 1200w\" sizes=\"auto, (max-width: 1600px) 100vw, 1600px\" \/><figcaption class=\"wp-element-caption\">Tara-Fluss-Panorama<\/figcaption><\/figure>\n\n<p>Seit 1980 stehen der <strong>Nationalpark Durmitor<\/strong> und die Tara-Schlucht unter UNESCO-Schutz. 1977 wurde die Schlucht zum Welt\u00f6kologischen Reservat erkl\u00e4rt. Sieben Zonen des Parks geh\u00f6ren zu den besonders gesch\u00fctzten Gebieten (ICUM):<\/p>\n\n<ul class=\"wp-block-list\">\n<li>Ungeschlagener Tannenwald<\/li>\n\n\n\n<li>Schwarzkiefer bei Crna poda<\/li>\n\n\n\n<li>Schlucht von Susica<\/li>\n\n\n\n<li>Region des Barno-Sees<\/li>\n\n\n\n<li>Region des Zaboljsko-Sees<\/li>\n\n\n\n<li>Tara-Schlucht<\/li>\n\n\n\n<li>M\u00fchlbach<\/li>\n<\/ul>\n\n<p>Eine gro\u00dfe Anzahl von 314 gesch\u00fctzten Tieren in Montenegro, darunter 163 Vogelarten, leben im Gebiet des <strong>Nationalparks Durmitor<\/strong>.<\/p>\n\n<h2 class=\"wp-block-heading\">Geschichte und Entwicklung<\/h2>\n\n<h3 class=\"wp-block-heading\">Historische Bedeutung<\/h3>\n\n<p>Aufgrund einer gro\u00dfen Schlacht im Zweiten Weltkrieg in der N\u00e4he von \u017dabljak gibt es acht historische Denkm\u00e4ler. Weitere historische Orte und Denkm\u00e4ler sind im s\u00fcdlichen und n\u00f6rdlichen Teil des Parks verstreut. Obwohl noch nicht abgeschlossen, zeigen arch\u00e4ologische Untersuchungen Spuren aus der Mittelsteinzeit.<\/p>\n\n<h3 class=\"wp-block-heading\">Gr\u00fcndung des Parks<\/h3>\n\n<p>Das K\u00f6nigreich Montenegro stellte den <a href=\"https:\/\/www.visit-montenegro.com\/de\/reiseziele\/zabljak\/sehenswuerdigkeiten\/schwarzer-see\/\">Schwarzen See<\/a> und den Tara-Fluss unter k\u00f6niglichen Schutz. Am 6. September 1952 erkl\u00e4rte die Versammlung der Republik Montenegro den Berg Durmitor zum Nationalpark. Folglich erweiterte die Versammlung der Sozialistischen Republik Montenegro den <strong>Nationalpark Durmitor<\/strong> mit der Tara-Schlucht am 3. Februar 1978. Ein Raumplan f\u00fcr den Park wurde 1995 erstellt.<\/p>\n\n<h2 class=\"wp-block-heading\">Erholung und Zugang<\/h2>\n\n<p>Erholung spielt eine wichtige Rolle unter den Aktivit\u00e4ten im <strong>Nationalpark Durmitor<\/strong>. Tats\u00e4chlich stehen Ihnen Wandern, Bergsteigen, Alpin- und Nordisch-Skifahren, Rafting auf dem Tara-Fluss, Angeln, Camping sowie Besuche mit Bus oder Auto jederzeit zur Verf\u00fcgung.<\/p>\n\n<figure class=\"wp-block-image size-full\"><img loading=\"lazy\" decoding=\"async\" width=\"1600\" height=\"1020\" src=\"https:\/\/www.visit-montenegro.com\/wp-content\/uploads\/2026\/01\/durmitor-hiking-black-lake-scaled.jpg\" alt=\"\" class=\"wp-image-36244\" srcset=\"https:\/\/www.visit-montenegro.com\/wp-content\/uploads\/2026\/01\/durmitor-hiking-black-lake-scaled.jpg 1600w, https:\/\/www.visit-montenegro.com\/wp-content\/uploads\/2026\/01\/durmitor-hiking-black-lake-300x191.jpg 300w, https:\/\/www.visit-montenegro.com\/wp-content\/uploads\/2026\/01\/durmitor-hiking-black-lake-1024x653.jpg 1024w, https:\/\/www.visit-montenegro.com\/wp-content\/uploads\/2026\/01\/durmitor-hiking-black-lake-768x490.jpg 768w, https:\/\/www.visit-montenegro.com\/wp-content\/uploads\/2026\/01\/durmitor-hiking-black-lake-1536x979.jpg 1536w, https:\/\/www.visit-montenegro.com\/wp-content\/uploads\/2026\/01\/durmitor-hiking-black-lake-1200x765.jpg 1200w\" sizes=\"auto, (max-width: 1600px) 100vw, 1600px\" \/><figcaption class=\"wp-element-caption\">Szene in den Durmitor-Bergen (Montenegro). Frau mit Rucksack vor dem Hintergrund des Schwarzen Sees.<\/figcaption><\/figure>\n\n<h3 class=\"wp-block-heading\">Transport und Verbindung<\/h3>\n\n<p>Der Park ist von Belgrad aus \u00fcber die Autobahn nach Pljevlja und dann \u00fcber den Tara-Fluss nach \u017dabljak und Mojkovac erreichbar. Wenn Sie von <a href=\"https:\/\/www.visit-montenegro.com\/de\/reiseziele\/podgorica\/\">Podgorica<\/a> kommen, m\u00fcssen Sie h\u00f6chstwahrscheinlich durch die <a href=\"https:\/\/www.visit-montenegro.com\/de\/reiseziele\/podgorica\/sehenswuerdigkeiten\/moraca\/\">Moraca-Schlucht<\/a> nach Mojkovac und dann nach <a href=\"https:\/\/www.visit-montenegro.com\/de\/reiseziele\/zabljak\/\">Zabljak<\/a> fahren. Da es keinen funktionierenden Flughafen in der N\u00e4he gibt, k\u00f6nnen Sie Zabljak nicht mit dem Flugzeug erreichen. Es gibt eine Buslinie von Podgorica nach Pljevlja und Zabljak. Die Eisenbahnstrecke Belgrad \u2013 <a href=\"https:\/\/www.visit-montenegro.com\/de\/reiseziele\/bar\/\">Bar<\/a> verbindet Sie mit Mojkovac.<\/p>\n","protected":false},"excerpt":{"rendered":"<p>Erkunden Sie den Nationalpark Durmitor, ein UNESCO-gesch\u00fctztes Juwel in Montenegro mit hohen Gipfeln, Europas gr\u00f6\u00dfter Schlucht und reicher Artenvielfalt. Entdecken Sie seine Geschichte, Freizeitaktivit\u00e4ten und wie Sie diese beeindruckende Bergregion f\u00fcr ein unvergessliches Abenteuer erreichen.<\/p>\n","protected":false},"author":1,"featured_media":134631,"parent":134624,"menu_order":0,"comment_status":"closed","ping_status":"closed","template":"","meta":{"_yoast_wpseo_focuskw":"Nationalpark Durmitor","_yoast_wpseo_metadesc":"Entdecken Sie den Nationalpark Durmitor in Montenegro: UNESCO-St\u00e4tte mit Gipfeln, Tara-Schlucht und Outdoor-Abenteuern. Planen Sie Ihre Reise mit Geschichte, Aktivit\u00e4ten und Reisetipps.","_kad_post_transparent":"","_kad_post_title":"","_kad_post_layout":"","_kad_post_sidebar_id":"","_kad_post_content_style":"","_kad_post_vertical_padding":"","_kad_post_feature":"","_kad_post_feature_position":"","_kad_post_header":false,"_kad_post_footer":false,"_kad_post_classname":"","iawp_total_views":28,"footnotes":""},"tags":[],"class_list":["post-134630","page","type-page","status-publish","has-post-thumbnail","hentry"],"yoast_head":"<!-- This site is optimized with the Yoast SEO plugin v27.3 - https:\/\/yoast.com\/product\/yoast-seo-wordpress\/ -->\n<title>Nationalpark Durmitor - Visit Montenegro<\/title>\n<meta name=\"description\" content=\"Entdecken Sie den Nationalpark Durmitor in Montenegro: UNESCO-St\u00e4tte mit Gipfeln, Tara-Schlucht und Outdoor-Abenteuern. Planen Sie Ihre Reise mit Geschichte, Aktivit\u00e4ten und Reisetipps.\" \/>\n<meta name=\"robots\" content=\"index, follow, max-snippet:-1, max-image-preview:large, max-video-preview:-1\" \/>\n<link rel=\"canonical\" href=\"https:\/\/www.visit-montenegro.com\/de\/reiseziele\/zabljak\/sehenswuerdigkeiten\/durmitor\/\" \/>\n<meta property=\"og:locale\" content=\"de_DE\" \/>\n<meta property=\"og:type\" content=\"article\" \/>\n<meta property=\"og:title\" content=\"Nationalpark Durmitor - Visit Montenegro\" \/>\n<meta property=\"og:description\" content=\"Entdecken Sie den Nationalpark Durmitor in Montenegro: UNESCO-St\u00e4tte mit Gipfeln, Tara-Schlucht und Outdoor-Abenteuern. Planen Sie Ihre Reise mit Geschichte, Aktivit\u00e4ten und Reisetipps.\" \/>\n<meta property=\"og:url\" content=\"https:\/\/www.visit-montenegro.com\/de\/reiseziele\/zabljak\/sehenswuerdigkeiten\/durmitor\/\" \/>\n<meta property=\"og:site_name\" content=\"Visit Montenegro\" \/>\n<meta property=\"article:publisher\" content=\"https:\/\/www.facebook.com\/visitmontenegro\" \/>\n<meta property=\"article:modified_time\" content=\"2026-02-24T12:33:09+00:00\" \/>\n<meta property=\"og:image\" content=\"https:\/\/www.visit-montenegro.com\/wp-content\/uploads\/2019\/06\/why-visit-Montenegro-black-lake.jpg\" \/>\n\t<meta property=\"og:image:width\" content=\"1600\" \/>\n\t<meta property=\"og:image:height\" content=\"1081\" \/>\n\t<meta property=\"og:image:type\" content=\"image\/jpeg\" \/>\n<meta name=\"twitter:card\" content=\"summary_large_image\" \/>\n<meta name=\"twitter:site\" content=\"@visitmontenegro\" \/>\n<meta name=\"twitter:label1\" content=\"Gesch\u00e4tzte Lesezeit\" \/>\n\t<meta name=\"twitter:data1\" content=\"2\u00a0Minuten\" \/>\n<script type=\"application\/ld+json\" class=\"yoast-schema-graph\">{\"@context\":\"https:\\\/\\\/schema.org\",\"@graph\":[{\"@type\":\"WebPage\",\"@id\":\"https:\\\/\\\/www.visit-montenegro.com\\\/de\\\/reiseziele\\\/zabljak\\\/sehenswuerdigkeiten\\\/durmitor\\\/\",\"url\":\"https:\\\/\\\/www.visit-montenegro.com\\\/de\\\/reiseziele\\\/zabljak\\\/sehenswuerdigkeiten\\\/durmitor\\\/\",\"name\":\"Nationalpark Durmitor - Visit Montenegro\",\"isPartOf\":{\"@id\":\"https:\\\/\\\/www.visit-montenegro.com\\\/de\\\/#website\"},\"primaryImageOfPage\":{\"@id\":\"https:\\\/\\\/www.visit-montenegro.com\\\/de\\\/reiseziele\\\/zabljak\\\/sehenswuerdigkeiten\\\/durmitor\\\/#primaryimage\"},\"image\":{\"@id\":\"https:\\\/\\\/www.visit-montenegro.com\\\/de\\\/reiseziele\\\/zabljak\\\/sehenswuerdigkeiten\\\/durmitor\\\/#primaryimage\"},\"thumbnailUrl\":\"https:\\\/\\\/www.visit-montenegro.com\\\/wp-content\\\/uploads\\\/2019\\\/06\\\/why-visit-Montenegro-black-lake.jpg\",\"datePublished\":\"2026-01-27T20:44:33+00:00\",\"dateModified\":\"2026-02-24T12:33:09+00:00\",\"description\":\"Entdecken Sie den Nationalpark Durmitor in Montenegro: UNESCO-St\u00e4tte mit Gipfeln, Tara-Schlucht und Outdoor-Abenteuern. Planen Sie Ihre Reise mit Geschichte, Aktivit\u00e4ten und Reisetipps.\",\"breadcrumb\":{\"@id\":\"https:\\\/\\\/www.visit-montenegro.com\\\/de\\\/reiseziele\\\/zabljak\\\/sehenswuerdigkeiten\\\/durmitor\\\/#breadcrumb\"},\"inLanguage\":\"de\",\"potentialAction\":[{\"@type\":\"ReadAction\",\"target\":[\"https:\\\/\\\/www.visit-montenegro.com\\\/de\\\/reiseziele\\\/zabljak\\\/sehenswuerdigkeiten\\\/durmitor\\\/\"]}]},{\"@type\":\"ImageObject\",\"inLanguage\":\"de\",\"@id\":\"https:\\\/\\\/www.visit-montenegro.com\\\/de\\\/reiseziele\\\/zabljak\\\/sehenswuerdigkeiten\\\/durmitor\\\/#primaryimage\",\"url\":\"https:\\\/\\\/www.visit-montenegro.com\\\/wp-content\\\/uploads\\\/2019\\\/06\\\/why-visit-Montenegro-black-lake.jpg\",\"contentUrl\":\"https:\\\/\\\/www.visit-montenegro.com\\\/wp-content\\\/uploads\\\/2019\\\/06\\\/why-visit-Montenegro-black-lake.jpg\",\"width\":1600,\"height\":1081,\"caption\":\"Schwarzer See (Crno Jezero) im Durmitor - Montenegro\"},{\"@type\":\"BreadcrumbList\",\"@id\":\"https:\\\/\\\/www.visit-montenegro.com\\\/de\\\/reiseziele\\\/zabljak\\\/sehenswuerdigkeiten\\\/durmitor\\\/#breadcrumb\",\"itemListElement\":[{\"@type\":\"ListItem\",\"position\":1,\"name\":\"Home\",\"item\":\"https:\\\/\\\/www.visit-montenegro.com\\\/de\\\/home\\\/\"},{\"@type\":\"ListItem\",\"position\":2,\"name\":\"Reiseziele in Montenegro\",\"item\":\"https:\\\/\\\/www.visit-montenegro.com\\\/de\\\/reiseziele\\\/\"},{\"@type\":\"ListItem\",\"position\":3,\"name\":\"\u017dabljak\",\"item\":\"https:\\\/\\\/www.visit-montenegro.com\\\/de\\\/reiseziele\\\/zabljak\\\/\"},{\"@type\":\"ListItem\",\"position\":4,\"name\":\"\u017dabljak Sehensw\u00fcrdigkeiten\",\"item\":\"https:\\\/\\\/www.visit-montenegro.com\\\/de\\\/reiseziele\\\/zabljak\\\/sehenswuerdigkeiten\\\/\"},{\"@type\":\"ListItem\",\"position\":5,\"name\":\"Nationalpark Durmitor\"}]},{\"@type\":\"WebSite\",\"@id\":\"https:\\\/\\\/www.visit-montenegro.com\\\/de\\\/#website\",\"url\":\"https:\\\/\\\/www.visit-montenegro.com\\\/de\\\/\",\"name\":\"Visit Montenegro\",\"description\":\"Breathtaking beauty\",\"publisher\":{\"@id\":\"https:\\\/\\\/www.visit-montenegro.com\\\/de\\\/#organization\"},\"potentialAction\":[{\"@type\":\"SearchAction\",\"target\":{\"@type\":\"EntryPoint\",\"urlTemplate\":\"https:\\\/\\\/www.visit-montenegro.com\\\/de\\\/?s={search_term_string}\"},\"query-input\":{\"@type\":\"PropertyValueSpecification\",\"valueRequired\":true,\"valueName\":\"search_term_string\"}}],\"inLanguage\":\"de\"},{\"@type\":\"Organization\",\"@id\":\"https:\\\/\\\/www.visit-montenegro.com\\\/de\\\/#organization\",\"name\":\"Visit Montenegro\",\"url\":\"https:\\\/\\\/www.visit-montenegro.com\\\/de\\\/\",\"logo\":{\"@type\":\"ImageObject\",\"inLanguage\":\"de\",\"@id\":\"https:\\\/\\\/www.visit-montenegro.com\\\/de\\\/#\\\/schema\\\/logo\\\/image\\\/\",\"url\":\"https:\\\/\\\/www.visit-montenegro.com\\\/wp-content\\\/uploads\\\/2017\\\/10\\\/logo-amp.png\",\"contentUrl\":\"https:\\\/\\\/www.visit-montenegro.com\\\/wp-content\\\/uploads\\\/2017\\\/10\\\/logo-amp.png\",\"width\":190,\"height\":36,\"caption\":\"Visit Montenegro\"},\"image\":{\"@id\":\"https:\\\/\\\/www.visit-montenegro.com\\\/de\\\/#\\\/schema\\\/logo\\\/image\\\/\"},\"sameAs\":[\"https:\\\/\\\/www.facebook.com\\\/visitmontenegro\",\"https:\\\/\\\/x.com\\\/visitmontenegro\",\"https:\\\/\\\/www.instagram.com\\\/visit_montenegro\\\/\",\"https:\\\/\\\/www.youtube.com\\\/user\\\/VisitMontenegro\"]}]}<\/script>\n<!-- \/ Yoast SEO plugin. -->","yoast_head_json":{"title":"Nationalpark Durmitor - Visit Montenegro","description":"Entdecken Sie den Nationalpark Durmitor in Montenegro: UNESCO-St\u00e4tte mit Gipfeln, Tara-Schlucht und Outdoor-Abenteuern. Planen Sie Ihre Reise mit Geschichte, Aktivit\u00e4ten und Reisetipps.","robots":{"index":"index","follow":"follow","max-snippet":"max-snippet:-1","max-image-preview":"max-image-preview:large","max-video-preview":"max-video-preview:-1"},"canonical":"https:\/\/www.visit-montenegro.com\/de\/reiseziele\/zabljak\/sehenswuerdigkeiten\/durmitor\/","og_locale":"de_DE","og_type":"article","og_title":"Nationalpark Durmitor - Visit Montenegro","og_description":"Entdecken Sie den Nationalpark Durmitor in Montenegro: UNESCO-St\u00e4tte mit Gipfeln, Tara-Schlucht und Outdoor-Abenteuern. Planen Sie Ihre Reise mit Geschichte, Aktivit\u00e4ten und Reisetipps.","og_url":"https:\/\/www.visit-montenegro.com\/de\/reiseziele\/zabljak\/sehenswuerdigkeiten\/durmitor\/","og_site_name":"Visit Montenegro","article_publisher":"https:\/\/www.facebook.com\/visitmontenegro","article_modified_time":"2026-02-24T12:33:09+00:00","og_image":[{"width":1600,"height":1081,"url":"https:\/\/www.visit-montenegro.com\/wp-content\/uploads\/2019\/06\/why-visit-Montenegro-black-lake.jpg","type":"image\/jpeg"}],"twitter_card":"summary_large_image","twitter_site":"@visitmontenegro","twitter_misc":{"Gesch\u00e4tzte Lesezeit":"2\u00a0Minuten"},"schema":{"@context":"https:\/\/schema.org","@graph":[{"@type":"WebPage","@id":"https:\/\/www.visit-montenegro.com\/de\/reiseziele\/zabljak\/sehenswuerdigkeiten\/durmitor\/","url":"https:\/\/www.visit-montenegro.com\/de\/reiseziele\/zabljak\/sehenswuerdigkeiten\/durmitor\/","name":"Nationalpark Durmitor - Visit Montenegro","isPartOf":{"@id":"https:\/\/www.visit-montenegro.com\/de\/#website"},"primaryImageOfPage":{"@id":"https:\/\/www.visit-montenegro.com\/de\/reiseziele\/zabljak\/sehenswuerdigkeiten\/durmitor\/#primaryimage"},"image":{"@id":"https:\/\/www.visit-montenegro.com\/de\/reiseziele\/zabljak\/sehenswuerdigkeiten\/durmitor\/#primaryimage"},"thumbnailUrl":"https:\/\/www.visit-montenegro.com\/wp-content\/uploads\/2019\/06\/why-visit-Montenegro-black-lake.jpg","datePublished":"2026-01-27T20:44:33+00:00","dateModified":"2026-02-24T12:33:09+00:00","description":"Entdecken Sie den Nationalpark Durmitor in Montenegro: UNESCO-St\u00e4tte mit Gipfeln, Tara-Schlucht und Outdoor-Abenteuern. Planen Sie Ihre Reise mit Geschichte, Aktivit\u00e4ten und Reisetipps.","breadcrumb":{"@id":"https:\/\/www.visit-montenegro.com\/de\/reiseziele\/zabljak\/sehenswuerdigkeiten\/durmitor\/#breadcrumb"},"inLanguage":"de","potentialAction":[{"@type":"ReadAction","target":["https:\/\/www.visit-montenegro.com\/de\/reiseziele\/zabljak\/sehenswuerdigkeiten\/durmitor\/"]}]},{"@type":"ImageObject","inLanguage":"de","@id":"https:\/\/www.visit-montenegro.com\/de\/reiseziele\/zabljak\/sehenswuerdigkeiten\/durmitor\/#primaryimage","url":"https:\/\/www.visit-montenegro.com\/wp-content\/uploads\/2019\/06\/why-visit-Montenegro-black-lake.jpg","contentUrl":"https:\/\/www.visit-montenegro.com\/wp-content\/uploads\/2019\/06\/why-visit-Montenegro-black-lake.jpg","width":1600,"height":1081,"caption":"Schwarzer See (Crno Jezero) im Durmitor - Montenegro"},{"@type":"BreadcrumbList","@id":"https:\/\/www.visit-montenegro.com\/de\/reiseziele\/zabljak\/sehenswuerdigkeiten\/durmitor\/#breadcrumb","itemListElement":[{"@type":"ListItem","position":1,"name":"Home","item":"https:\/\/www.visit-montenegro.com\/de\/home\/"},{"@type":"ListItem","position":2,"name":"Reiseziele in Montenegro","item":"https:\/\/www.visit-montenegro.com\/de\/reiseziele\/"},{"@type":"ListItem","position":3,"name":"\u017dabljak","item":"https:\/\/www.visit-montenegro.com\/de\/reiseziele\/zabljak\/"},{"@type":"ListItem","position":4,"name":"\u017dabljak Sehensw\u00fcrdigkeiten","item":"https:\/\/www.visit-montenegro.com\/de\/reiseziele\/zabljak\/sehenswuerdigkeiten\/"},{"@type":"ListItem","position":5,"name":"Nationalpark Durmitor"}]},{"@type":"WebSite","@id":"https:\/\/www.visit-montenegro.com\/de\/#website","url":"https:\/\/www.visit-montenegro.com\/de\/","name":"Visit Montenegro","description":"Breathtaking beauty","publisher":{"@id":"https:\/\/www.visit-montenegro.com\/de\/#organization"},"potentialAction":[{"@type":"SearchAction","target":{"@type":"EntryPoint","urlTemplate":"https:\/\/www.visit-montenegro.com\/de\/?s={search_term_string}"},"query-input":{"@type":"PropertyValueSpecification","valueRequired":true,"valueName":"search_term_string"}}],"inLanguage":"de"},{"@type":"Organization","@id":"https:\/\/www.visit-montenegro.com\/de\/#organization","name":"Visit Montenegro","url":"https:\/\/www.visit-montenegro.com\/de\/","logo":{"@type":"ImageObject","inLanguage":"de","@id":"https:\/\/www.visit-montenegro.com\/de\/#\/schema\/logo\/image\/","url":"https:\/\/www.visit-montenegro.com\/wp-content\/uploads\/2017\/10\/logo-amp.png","contentUrl":"https:\/\/www.visit-montenegro.com\/wp-content\/uploads\/2017\/10\/logo-amp.png","width":190,"height":36,"caption":"Visit Montenegro"},"image":{"@id":"https:\/\/www.visit-montenegro.com\/de\/#\/schema\/logo\/image\/"},"sameAs":["https:\/\/www.facebook.com\/visitmontenegro","https:\/\/x.com\/visitmontenegro","https:\/\/www.instagram.com\/visit_montenegro\/","https:\/\/www.youtube.com\/user\/VisitMontenegro"]}]}},"translations":[],"_links":{"self":[{"href":"https:\/\/www.visit-montenegro.com\/de\/wp-json\/wp\/v2\/pages\/134630","targetHints":{"allow":["GET"]}}],"collection":[{"href":"https:\/\/www.visit-montenegro.com\/de\/wp-json\/wp\/v2\/pages"}],"about":[{"href":"https:\/\/www.visit-montenegro.com\/de\/wp-json\/wp\/v2\/types\/page"}],"author":[{"embeddable":true,"href":"https:\/\/www.visit-montenegro.com\/de\/wp-json\/wp\/v2\/users\/1"}],"replies":[{"embeddable":true,"href":"https:\/\/www.visit-montenegro.com\/de\/wp-json\/wp\/v2\/comments?post=134630"}],"version-history":[{"count":0,"href":"https:\/\/www.visit-montenegro.com\/de\/wp-json\/wp\/v2\/pages\/134630\/revisions"}],"up":[{"embeddable":true,"href":"https:\/\/www.visit-montenegro.com\/de\/wp-json\/wp\/v2\/pages\/134624"}],"wp:featuredmedia":[{"embeddable":true,"href":"https:\/\/www.visit-montenegro.com\/de\/wp-json\/wp\/v2\/media\/134631"}],"wp:attachment":[{"href":"https:\/\/www.visit-montenegro.com\/de\/wp-json\/wp\/v2\/media?parent=134630"}],"wp:term":[{"taxonomy":"post_tag","embeddable":true,"href":"https:\/\/www.visit-montenegro.com\/de\/wp-json\/wp\/v2\/tags?post=134630"}],"curies":[{"name":"wp","href":"https:\/\/api.w.org\/{rel}","templated":true}]}}