{"id":134636,"date":"2026-01-27T21:44:33","date_gmt":"2026-01-27T20:44:33","guid":{"rendered":"https:\/\/new.visit-montenegro.com\/ziele\/zabljak\/attractions\/tara-river\/"},"modified":"2026-02-24T13:33:07","modified_gmt":"2026-02-24T12:33:07","slug":"tara-river","status":"publish","type":"page","link":"https:\/\/www.visit-montenegro.com\/de\/reiseziele\/zabljak\/sehenswuerdigkeiten\/tara-river\/","title":{"rendered":"Tara-Fluss-Schlucht"},"content":{"rendered":"\n<p>Montenegros <strong>Tara-Fluss-Schlucht<\/strong>, bekannt als die &#8218;Tr\u00e4ne Europas&#8216;, ist ein UNESCO-gesch\u00fctztes Naturwunder, das atemberaubende Sch\u00f6nheit, unber\u00fchrte Gew\u00e4sser und tiefe Schluchtenlandschaften bietet, die dem Grand Canyon Konkurrenz machen. Mit endemischen Arten, warmer Gastfreundschaft und aufregenden Aktivit\u00e4ten wie Rafting ist es ein Muss f\u00fcr Naturliebhaber und Abenteurer.<\/p>\n\n<hr class=\"wp-block-separator has-alpha-channel-opacity\"\/>\n\n<h2 class=\"wp-block-heading\">Entdecken Sie die Tara-Fluss-Schlucht<\/h2>\n\n<p>Treffen Sie die &#8218;Tr\u00e4ne Europas&#8216;, den sch\u00f6nsten und saubersten Fluss dieser Weltregion, der Sie atemlos zur\u00fcckl\u00e4sst. Auf 36.000 Hektar unter UNESCO-Schutz k\u00f6nnen Sie den Reiz der tiefsten Schlucht der Welt nach dem Colorado River genie\u00dfen. Tats\u00e4chlich gibt es niemanden, der die <strong>Tara-Fluss-Schlucht<\/strong> besucht hat und nicht zur\u00fcckkehren m\u00f6chte, dank ihrer reichen nat\u00fcrlichen Sch\u00f6nheit, die nur wenige Orte erreichen.<\/p>\n\n<figure class=\"wp-block-image size-large\"><img loading=\"lazy\" decoding=\"async\" width=\"1024\" height=\"680\" src=\"https:\/\/www.visit-montenegro.com\/wp-content\/uploads\/2026\/01\/tara-river-fly-fishing-1024x680.jpg\" alt=\"\" class=\"wp-image-36253\" srcset=\"https:\/\/www.visit-montenegro.com\/wp-content\/uploads\/2026\/01\/tara-river-fly-fishing-1024x680.jpg 1024w, https:\/\/www.visit-montenegro.com\/wp-content\/uploads\/2026\/01\/tara-river-fly-fishing-300x199.jpg 300w, https:\/\/www.visit-montenegro.com\/wp-content\/uploads\/2026\/01\/tara-river-fly-fishing-768x510.jpg 768w, https:\/\/www.visit-montenegro.com\/wp-content\/uploads\/2026\/01\/tara-river-fly-fishing-1536x1020.jpg 1536w, https:\/\/www.visit-montenegro.com\/wp-content\/uploads\/2026\/01\/tara-river-fly-fishing-1200x797.jpg 1200w, https:\/\/www.visit-montenegro.com\/wp-content\/uploads\/2026\/01\/tara-river-fly-fishing-scaled.jpg 1600w\" sizes=\"auto, (max-width: 1024px) 100vw, 1024px\" \/><figcaption class=\"wp-element-caption\">Angeln am Gebirgsfluss mit schneller Str\u00f6mung<\/figcaption><\/figure>\n\n<p>Endemische Pflanzen- und Tierarten, unwirkliche Natursch\u00f6nheiten und der warme Geist der Einheimischen machen Ihren Urlaub unvergesslich. Im touristischen Angebot von \u017dabljak gibt es Rafting-Touren und Ausfl\u00fcge, einschlie\u00dflich \u00dcbernachtungen in der Natur, Verkostung lokaler traditioneller Gerichte und Adrenalin-Fahrten \u00fcber die Stromschnellen der <strong>Tara-Fluss-Schlucht<\/strong>. Besuchen Sie uns und sehen Sie, warum die <strong>Tara-Fluss-Schlucht<\/strong> heute ein weltweiter Touristenmagnet ist.<\/p>\n\n<h2 class=\"wp-block-heading\">Hauptattraktionen und Aktivit\u00e4ten<\/h2>\n\n<h3 class=\"wp-block-heading\">Tara-Br\u00fccke<\/h3>\n\n<p>Erbaut zwischen 1937 und 1940 ist die \u0110ur\u0111evi\u0107a-Tara-Br\u00fccke (oder einfach Tara-Br\u00fccke) eine der meistbesuchten Attraktionen Montenegros. Hunderte Busse mit Tausenden von Touristen kommen j\u00e4hrlich, um diese wunderbare Verbindung von Natur und Baukunst zu bewundern.<\/p>\n\n<figure class=\"wp-block-image size-large\"><img loading=\"lazy\" decoding=\"async\" width=\"1024\" height=\"500\" src=\"https:\/\/www.visit-montenegro.com\/wp-content\/uploads\/2026\/01\/tara-bridge-01-1024x500.jpg\" alt=\"\" class=\"wp-image-36251\" srcset=\"https:\/\/www.visit-montenegro.com\/wp-content\/uploads\/2026\/01\/tara-bridge-01-1024x500.jpg 1024w, https:\/\/www.visit-montenegro.com\/wp-content\/uploads\/2026\/01\/tara-bridge-01-300x146.jpg 300w, https:\/\/www.visit-montenegro.com\/wp-content\/uploads\/2026\/01\/tara-bridge-01-768x375.jpg 768w, https:\/\/www.visit-montenegro.com\/wp-content\/uploads\/2026\/01\/tara-bridge-01-1536x750.jpg 1536w, https:\/\/www.visit-montenegro.com\/wp-content\/uploads\/2026\/01\/tara-bridge-01-1200x586.jpg 1200w, https:\/\/www.visit-montenegro.com\/wp-content\/uploads\/2026\/01\/tara-bridge-01-scaled.jpg 1600w\" sizes=\"auto, (max-width: 1024px) 100vw, 1024px\" \/><figcaption class=\"wp-element-caption\">Bogenbr\u00fccke \u00fcber den Tara-Fluss im Norden Montenegros.<\/figcaption><\/figure>\n\n<p>In der N\u00e4he der Br\u00fccke bieten Restaurants Entspannung und einzigartige Ausblicke. Vergessen Sie nicht, Souvenirs mitzunehmen, von Magneten und Tassen bis zu handgefertigten Teppichen und T-Shirts.<\/p>\n\n<p>Mit 172 Metern \u00fcber der <strong>Tara-Fluss-Schlucht<\/strong> war diese Br\u00fccke bei ihrer Fertigstellung die gr\u00f6\u00dfte Fahrzeug-Betonbogenbr\u00fccke Europas. Sie hat viele K\u00fcnstler inspiriert, und ihre Sch\u00f6nheit wird von renommierten Architekten und Ingenieuren bewundert.<\/p>\n\n<p>Viele Sehensw\u00fcrdigkeiten befinden sich in der N\u00e4he der Br\u00fccke. F\u00fcr echtes Abenteuer empfehlen wir Rafting auf der <strong>Tara-Fluss-Schlucht<\/strong>.<\/p>\n","protected":false},"excerpt":{"rendered":"<p>Erkunden Sie die atemberaubende Tara-Fluss-Schlucht in Montenegro, ein UNESCO-gesch\u00fctztes Naturwunder, das als &#8218;Tr\u00e4ne Europas&#8216; bekannt ist. Entdecken Sie ihre tiefen Schluchtenlandschaften, endemische Arten und aufregende Aktivit\u00e4ten wie Rafting, alles vor der Kulisse herzlicher lokaler Gastfreundschaft.<\/p>\n","protected":false},"author":1,"featured_media":134637,"parent":134624,"menu_order":0,"comment_status":"closed","ping_status":"closed","template":"","meta":{"_yoast_wpseo_focuskw":"Tara-Fluss-Schlucht","_yoast_wpseo_metadesc":"Entdecken Sie Montenegros Tara-Fluss-Schlucht, eine UNESCO-St\u00e4tte mit unber\u00fchrten Gew\u00e4ssern, tiefen Schluchten und aufregendem Rafting. Planen Sie Ihr unvergessliches Abenteuer in diesem Naturwunder.","_kad_post_transparent":"","_kad_post_title":"","_kad_post_layout":"","_kad_post_sidebar_id":"","_kad_post_content_style":"","_kad_post_vertical_padding":"","_kad_post_feature":"","_kad_post_feature_position":"","_kad_post_header":false,"_kad_post_footer":false,"_kad_post_classname":"","iawp_total_views":17,"footnotes":""},"tags":[],"class_list":["post-134636","page","type-page","status-publish","has-post-thumbnail","hentry"],"yoast_head":"<!-- This site is optimized with the Yoast SEO plugin v27.3 - https:\/\/yoast.com\/product\/yoast-seo-wordpress\/ -->\n<title>Tara-Fluss-Schlucht - Visit Montenegro<\/title>\n<meta name=\"description\" content=\"Entdecken Sie Montenegros Tara-Fluss-Schlucht, eine UNESCO-St\u00e4tte mit unber\u00fchrten Gew\u00e4ssern, tiefen Schluchten und aufregendem Rafting. Planen Sie Ihr unvergessliches Abenteuer in diesem Naturwunder.\" \/>\n<meta name=\"robots\" content=\"index, follow, max-snippet:-1, max-image-preview:large, max-video-preview:-1\" \/>\n<link rel=\"canonical\" href=\"https:\/\/www.visit-montenegro.com\/de\/reiseziele\/zabljak\/sehenswuerdigkeiten\/tara-river\/\" \/>\n<meta property=\"og:locale\" content=\"de_DE\" \/>\n<meta property=\"og:type\" content=\"article\" \/>\n<meta property=\"og:title\" content=\"Tara-Fluss-Schlucht - Visit Montenegro\" \/>\n<meta property=\"og:description\" content=\"Entdecken Sie Montenegros Tara-Fluss-Schlucht, eine UNESCO-St\u00e4tte mit unber\u00fchrten Gew\u00e4ssern, tiefen Schluchten und aufregendem Rafting. Planen Sie Ihr unvergessliches Abenteuer in diesem Naturwunder.\" \/>\n<meta property=\"og:url\" content=\"https:\/\/www.visit-montenegro.com\/de\/reiseziele\/zabljak\/sehenswuerdigkeiten\/tara-river\/\" \/>\n<meta property=\"og:site_name\" content=\"Visit Montenegro\" \/>\n<meta property=\"article:publisher\" content=\"https:\/\/www.facebook.com\/visitmontenegro\" \/>\n<meta property=\"article:modified_time\" content=\"2026-02-24T12:33:07+00:00\" \/>\n<meta property=\"og:image\" content=\"https:\/\/www.visit-montenegro.com\/wp-content\/uploads\/2026\/01\/tara-river-panorama-scaled.jpg\" \/>\n\t<meta property=\"og:image:width\" content=\"1600\" \/>\n\t<meta property=\"og:image:height\" content=\"1365\" \/>\n\t<meta property=\"og:image:type\" content=\"image\/jpeg\" \/>\n<meta name=\"twitter:card\" content=\"summary_large_image\" \/>\n<meta name=\"twitter:site\" content=\"@visitmontenegro\" \/>\n<meta name=\"twitter:label1\" content=\"Gesch\u00e4tzte Lesezeit\" \/>\n\t<meta name=\"twitter:data1\" content=\"2\u00a0Minuten\" \/>\n<script type=\"application\/ld+json\" class=\"yoast-schema-graph\">{\"@context\":\"https:\\\/\\\/schema.org\",\"@graph\":[{\"@type\":\"WebPage\",\"@id\":\"https:\\\/\\\/www.visit-montenegro.com\\\/de\\\/reiseziele\\\/zabljak\\\/sehenswuerdigkeiten\\\/tara-river\\\/\",\"url\":\"https:\\\/\\\/www.visit-montenegro.com\\\/de\\\/reiseziele\\\/zabljak\\\/sehenswuerdigkeiten\\\/tara-river\\\/\",\"name\":\"Tara-Fluss-Schlucht - Visit Montenegro\",\"isPartOf\":{\"@id\":\"https:\\\/\\\/www.visit-montenegro.com\\\/de\\\/#website\"},\"primaryImageOfPage\":{\"@id\":\"https:\\\/\\\/www.visit-montenegro.com\\\/de\\\/reiseziele\\\/zabljak\\\/sehenswuerdigkeiten\\\/tara-river\\\/#primaryimage\"},\"image\":{\"@id\":\"https:\\\/\\\/www.visit-montenegro.com\\\/de\\\/reiseziele\\\/zabljak\\\/sehenswuerdigkeiten\\\/tara-river\\\/#primaryimage\"},\"thumbnailUrl\":\"https:\\\/\\\/www.visit-montenegro.com\\\/wp-content\\\/uploads\\\/2026\\\/01\\\/tara-river-panorama-scaled.jpg\",\"datePublished\":\"2026-01-27T20:44:33+00:00\",\"dateModified\":\"2026-02-24T12:33:07+00:00\",\"description\":\"Entdecken Sie Montenegros Tara-Fluss-Schlucht, eine UNESCO-St\u00e4tte mit unber\u00fchrten Gew\u00e4ssern, tiefen Schluchten und aufregendem Rafting. Planen Sie Ihr unvergessliches Abenteuer in diesem Naturwunder.\",\"breadcrumb\":{\"@id\":\"https:\\\/\\\/www.visit-montenegro.com\\\/de\\\/reiseziele\\\/zabljak\\\/sehenswuerdigkeiten\\\/tara-river\\\/#breadcrumb\"},\"inLanguage\":\"de\",\"potentialAction\":[{\"@type\":\"ReadAction\",\"target\":[\"https:\\\/\\\/www.visit-montenegro.com\\\/de\\\/reiseziele\\\/zabljak\\\/sehenswuerdigkeiten\\\/tara-river\\\/\"]}]},{\"@type\":\"ImageObject\",\"inLanguage\":\"de\",\"@id\":\"https:\\\/\\\/www.visit-montenegro.com\\\/de\\\/reiseziele\\\/zabljak\\\/sehenswuerdigkeiten\\\/tara-river\\\/#primaryimage\",\"url\":\"https:\\\/\\\/www.visit-montenegro.com\\\/wp-content\\\/uploads\\\/2026\\\/01\\\/tara-river-panorama-scaled.jpg\",\"contentUrl\":\"https:\\\/\\\/www.visit-montenegro.com\\\/wp-content\\\/uploads\\\/2026\\\/01\\\/tara-river-panorama-scaled.jpg\",\"width\":1600,\"height\":1365},{\"@type\":\"BreadcrumbList\",\"@id\":\"https:\\\/\\\/www.visit-montenegro.com\\\/de\\\/reiseziele\\\/zabljak\\\/sehenswuerdigkeiten\\\/tara-river\\\/#breadcrumb\",\"itemListElement\":[{\"@type\":\"ListItem\",\"position\":1,\"name\":\"Home\",\"item\":\"https:\\\/\\\/www.visit-montenegro.com\\\/de\\\/home\\\/\"},{\"@type\":\"ListItem\",\"position\":2,\"name\":\"Reiseziele in Montenegro\",\"item\":\"https:\\\/\\\/www.visit-montenegro.com\\\/de\\\/reiseziele\\\/\"},{\"@type\":\"ListItem\",\"position\":3,\"name\":\"\u017dabljak\",\"item\":\"https:\\\/\\\/www.visit-montenegro.com\\\/de\\\/reiseziele\\\/zabljak\\\/\"},{\"@type\":\"ListItem\",\"position\":4,\"name\":\"\u017dabljak Sehensw\u00fcrdigkeiten\",\"item\":\"https:\\\/\\\/www.visit-montenegro.com\\\/de\\\/reiseziele\\\/zabljak\\\/sehenswuerdigkeiten\\\/\"},{\"@type\":\"ListItem\",\"position\":5,\"name\":\"Tara-Fluss-Schlucht\"}]},{\"@type\":\"WebSite\",\"@id\":\"https:\\\/\\\/www.visit-montenegro.com\\\/de\\\/#website\",\"url\":\"https:\\\/\\\/www.visit-montenegro.com\\\/de\\\/\",\"name\":\"Visit Montenegro\",\"description\":\"Breathtaking beauty\",\"publisher\":{\"@id\":\"https:\\\/\\\/www.visit-montenegro.com\\\/de\\\/#organization\"},\"potentialAction\":[{\"@type\":\"SearchAction\",\"target\":{\"@type\":\"EntryPoint\",\"urlTemplate\":\"https:\\\/\\\/www.visit-montenegro.com\\\/de\\\/?s={search_term_string}\"},\"query-input\":{\"@type\":\"PropertyValueSpecification\",\"valueRequired\":true,\"valueName\":\"search_term_string\"}}],\"inLanguage\":\"de\"},{\"@type\":\"Organization\",\"@id\":\"https:\\\/\\\/www.visit-montenegro.com\\\/de\\\/#organization\",\"name\":\"Visit Montenegro\",\"url\":\"https:\\\/\\\/www.visit-montenegro.com\\\/de\\\/\",\"logo\":{\"@type\":\"ImageObject\",\"inLanguage\":\"de\",\"@id\":\"https:\\\/\\\/www.visit-montenegro.com\\\/de\\\/#\\\/schema\\\/logo\\\/image\\\/\",\"url\":\"https:\\\/\\\/www.visit-montenegro.com\\\/wp-content\\\/uploads\\\/2017\\\/10\\\/logo-amp.png\",\"contentUrl\":\"https:\\\/\\\/www.visit-montenegro.com\\\/wp-content\\\/uploads\\\/2017\\\/10\\\/logo-amp.png\",\"width\":190,\"height\":36,\"caption\":\"Visit Montenegro\"},\"image\":{\"@id\":\"https:\\\/\\\/www.visit-montenegro.com\\\/de\\\/#\\\/schema\\\/logo\\\/image\\\/\"},\"sameAs\":[\"https:\\\/\\\/www.facebook.com\\\/visitmontenegro\",\"https:\\\/\\\/x.com\\\/visitmontenegro\",\"https:\\\/\\\/www.instagram.com\\\/visit_montenegro\\\/\",\"https:\\\/\\\/www.youtube.com\\\/user\\\/VisitMontenegro\"]}]}<\/script>\n<!-- \/ Yoast SEO plugin. -->","yoast_head_json":{"title":"Tara-Fluss-Schlucht - Visit Montenegro","description":"Entdecken Sie Montenegros Tara-Fluss-Schlucht, eine UNESCO-St\u00e4tte mit unber\u00fchrten Gew\u00e4ssern, tiefen Schluchten und aufregendem Rafting. Planen Sie Ihr unvergessliches Abenteuer in diesem Naturwunder.","robots":{"index":"index","follow":"follow","max-snippet":"max-snippet:-1","max-image-preview":"max-image-preview:large","max-video-preview":"max-video-preview:-1"},"canonical":"https:\/\/www.visit-montenegro.com\/de\/reiseziele\/zabljak\/sehenswuerdigkeiten\/tara-river\/","og_locale":"de_DE","og_type":"article","og_title":"Tara-Fluss-Schlucht - Visit Montenegro","og_description":"Entdecken Sie Montenegros Tara-Fluss-Schlucht, eine UNESCO-St\u00e4tte mit unber\u00fchrten Gew\u00e4ssern, tiefen Schluchten und aufregendem Rafting. Planen Sie Ihr unvergessliches Abenteuer in diesem Naturwunder.","og_url":"https:\/\/www.visit-montenegro.com\/de\/reiseziele\/zabljak\/sehenswuerdigkeiten\/tara-river\/","og_site_name":"Visit Montenegro","article_publisher":"https:\/\/www.facebook.com\/visitmontenegro","article_modified_time":"2026-02-24T12:33:07+00:00","og_image":[{"width":1600,"height":1365,"url":"https:\/\/www.visit-montenegro.com\/wp-content\/uploads\/2026\/01\/tara-river-panorama-scaled.jpg","type":"image\/jpeg"}],"twitter_card":"summary_large_image","twitter_site":"@visitmontenegro","twitter_misc":{"Gesch\u00e4tzte Lesezeit":"2\u00a0Minuten"},"schema":{"@context":"https:\/\/schema.org","@graph":[{"@type":"WebPage","@id":"https:\/\/www.visit-montenegro.com\/de\/reiseziele\/zabljak\/sehenswuerdigkeiten\/tara-river\/","url":"https:\/\/www.visit-montenegro.com\/de\/reiseziele\/zabljak\/sehenswuerdigkeiten\/tara-river\/","name":"Tara-Fluss-Schlucht - Visit Montenegro","isPartOf":{"@id":"https:\/\/www.visit-montenegro.com\/de\/#website"},"primaryImageOfPage":{"@id":"https:\/\/www.visit-montenegro.com\/de\/reiseziele\/zabljak\/sehenswuerdigkeiten\/tara-river\/#primaryimage"},"image":{"@id":"https:\/\/www.visit-montenegro.com\/de\/reiseziele\/zabljak\/sehenswuerdigkeiten\/tara-river\/#primaryimage"},"thumbnailUrl":"https:\/\/www.visit-montenegro.com\/wp-content\/uploads\/2026\/01\/tara-river-panorama-scaled.jpg","datePublished":"2026-01-27T20:44:33+00:00","dateModified":"2026-02-24T12:33:07+00:00","description":"Entdecken Sie Montenegros Tara-Fluss-Schlucht, eine UNESCO-St\u00e4tte mit unber\u00fchrten Gew\u00e4ssern, tiefen Schluchten und aufregendem Rafting. Planen Sie Ihr unvergessliches Abenteuer in diesem Naturwunder.","breadcrumb":{"@id":"https:\/\/www.visit-montenegro.com\/de\/reiseziele\/zabljak\/sehenswuerdigkeiten\/tara-river\/#breadcrumb"},"inLanguage":"de","potentialAction":[{"@type":"ReadAction","target":["https:\/\/www.visit-montenegro.com\/de\/reiseziele\/zabljak\/sehenswuerdigkeiten\/tara-river\/"]}]},{"@type":"ImageObject","inLanguage":"de","@id":"https:\/\/www.visit-montenegro.com\/de\/reiseziele\/zabljak\/sehenswuerdigkeiten\/tara-river\/#primaryimage","url":"https:\/\/www.visit-montenegro.com\/wp-content\/uploads\/2026\/01\/tara-river-panorama-scaled.jpg","contentUrl":"https:\/\/www.visit-montenegro.com\/wp-content\/uploads\/2026\/01\/tara-river-panorama-scaled.jpg","width":1600,"height":1365},{"@type":"BreadcrumbList","@id":"https:\/\/www.visit-montenegro.com\/de\/reiseziele\/zabljak\/sehenswuerdigkeiten\/tara-river\/#breadcrumb","itemListElement":[{"@type":"ListItem","position":1,"name":"Home","item":"https:\/\/www.visit-montenegro.com\/de\/home\/"},{"@type":"ListItem","position":2,"name":"Reiseziele in Montenegro","item":"https:\/\/www.visit-montenegro.com\/de\/reiseziele\/"},{"@type":"ListItem","position":3,"name":"\u017dabljak","item":"https:\/\/www.visit-montenegro.com\/de\/reiseziele\/zabljak\/"},{"@type":"ListItem","position":4,"name":"\u017dabljak Sehensw\u00fcrdigkeiten","item":"https:\/\/www.visit-montenegro.com\/de\/reiseziele\/zabljak\/sehenswuerdigkeiten\/"},{"@type":"ListItem","position":5,"name":"Tara-Fluss-Schlucht"}]},{"@type":"WebSite","@id":"https:\/\/www.visit-montenegro.com\/de\/#website","url":"https:\/\/www.visit-montenegro.com\/de\/","name":"Visit Montenegro","description":"Breathtaking beauty","publisher":{"@id":"https:\/\/www.visit-montenegro.com\/de\/#organization"},"potentialAction":[{"@type":"SearchAction","target":{"@type":"EntryPoint","urlTemplate":"https:\/\/www.visit-montenegro.com\/de\/?s={search_term_string}"},"query-input":{"@type":"PropertyValueSpecification","valueRequired":true,"valueName":"search_term_string"}}],"inLanguage":"de"},{"@type":"Organization","@id":"https:\/\/www.visit-montenegro.com\/de\/#organization","name":"Visit Montenegro","url":"https:\/\/www.visit-montenegro.com\/de\/","logo":{"@type":"ImageObject","inLanguage":"de","@id":"https:\/\/www.visit-montenegro.com\/de\/#\/schema\/logo\/image\/","url":"https:\/\/www.visit-montenegro.com\/wp-content\/uploads\/2017\/10\/logo-amp.png","contentUrl":"https:\/\/www.visit-montenegro.com\/wp-content\/uploads\/2017\/10\/logo-amp.png","width":190,"height":36,"caption":"Visit Montenegro"},"image":{"@id":"https:\/\/www.visit-montenegro.com\/de\/#\/schema\/logo\/image\/"},"sameAs":["https:\/\/www.facebook.com\/visitmontenegro","https:\/\/x.com\/visitmontenegro","https:\/\/www.instagram.com\/visit_montenegro\/","https:\/\/www.youtube.com\/user\/VisitMontenegro"]}]}},"translations":[],"_links":{"self":[{"href":"https:\/\/www.visit-montenegro.com\/de\/wp-json\/wp\/v2\/pages\/134636","targetHints":{"allow":["GET"]}}],"collection":[{"href":"https:\/\/www.visit-montenegro.com\/de\/wp-json\/wp\/v2\/pages"}],"about":[{"href":"https:\/\/www.visit-montenegro.com\/de\/wp-json\/wp\/v2\/types\/page"}],"author":[{"embeddable":true,"href":"https:\/\/www.visit-montenegro.com\/de\/wp-json\/wp\/v2\/users\/1"}],"replies":[{"embeddable":true,"href":"https:\/\/www.visit-montenegro.com\/de\/wp-json\/wp\/v2\/comments?post=134636"}],"version-history":[{"count":0,"href":"https:\/\/www.visit-montenegro.com\/de\/wp-json\/wp\/v2\/pages\/134636\/revisions"}],"up":[{"embeddable":true,"href":"https:\/\/www.visit-montenegro.com\/de\/wp-json\/wp\/v2\/pages\/134624"}],"wp:featuredmedia":[{"embeddable":true,"href":"https:\/\/www.visit-montenegro.com\/de\/wp-json\/wp\/v2\/media\/134637"}],"wp:attachment":[{"href":"https:\/\/www.visit-montenegro.com\/de\/wp-json\/wp\/v2\/media?parent=134636"}],"wp:term":[{"taxonomy":"post_tag","embeddable":true,"href":"https:\/\/www.visit-montenegro.com\/de\/wp-json\/wp\/v2\/tags?post=134636"}],"curies":[{"name":"wp","href":"https:\/\/api.w.org\/{rel}","templated":true}]}}