{"id":134654,"date":"2026-01-27T21:44:33","date_gmt":"2026-01-27T20:44:33","guid":{"rendered":"https:\/\/new.visit-montenegro.com\/ziele\/zabljak\/attractions\/piva-see\/"},"modified":"2026-02-24T13:33:05","modified_gmt":"2026-02-24T12:33:05","slug":"piva-see","status":"publish","type":"page","link":"https:\/\/www.visit-montenegro.com\/de\/reiseziele\/zabljak\/sehenswuerdigkeiten\/piva-see\/","title":{"rendered":"Piva-See"},"content":{"rendered":"\n<p>Der Piva-See (Pivsko jezero) ist ein Stausee in der Gemeinde Plu\u017eine im Nordwesten Montenegros. <strong>Der Piva-See<\/strong> ist umgeben von dichten W\u00e4ldern, Kalksteinplateaus und dramatischen Schluchten, die von Fl\u00fcssen wie der <a href=\"https:\/\/www.visit-montenegro.com\/de\/reiseziele\/zabljak\/sehenswuerdigkeiten\/tara-river\/\">Tara<\/a> und Piva geformt wurden.<\/p>\n\n<hr class=\"wp-block-separator has-alpha-channel-opacity\"\/>\n\n<h2 class=\"wp-block-heading\">Entstehung und Hauptmerkmale des Piva-Sees<\/h2>\n\n<p>Der Piva-See entstand 1975, als der Piva-Fluss f\u00fcr die Wasserkraft aufgestaut wurde. Tats\u00e4chlich ist die Mratinje-Talsperre bei S\u0107epan Polje 220 Meter hoch und bietet atemberaubende Ausblicke auf den See und die Schlucht. <strong>Der Piva-See<\/strong> erreicht Tiefen von \u00fcber 200 Metern, erstreckt sich \u00fcber 45 Kilometer L\u00e4nge und liegt auf 675 Metern \u00fcber dem Meeresspiegel, was ihn zum h\u00f6chsten Stausee der Welt macht. Folglich h\u00e4lt er die gr\u00f6\u00dfte S\u00fc\u00dfwasserreserve der Region und bietet ausgezeichnete Bedingungen f\u00fcr Sportaktivit\u00e4ten. Bemerkenswerterweise liegen die Altstadt von Plu\u017eine und das umgesiedelte <a href=\"https:\/\/www.visit-montenegro.com\/de\/reiseziele\/zabljak\/sehenswuerdigkeiten\/piva-monastery\/\">Piva-Kloster<\/a> unter seinen Gew\u00e4ssern.<\/p>\n<div class=\"wp-block-image\">\n<figure class=\"aligncenter size-large\"><img loading=\"lazy\" decoding=\"async\" width=\"1024\" height=\"683\" src=\"https:\/\/www.visit-montenegro.com\/wp-content\/uploads\/2026\/02\/pluzine-bench-resting-copy-1024x683.jpg\" alt=\"\" class=\"wp-image-133843\" srcset=\"https:\/\/www.visit-montenegro.com\/wp-content\/uploads\/2026\/02\/pluzine-bench-resting-copy-1024x683.jpg 1024w, https:\/\/www.visit-montenegro.com\/wp-content\/uploads\/2026\/02\/pluzine-bench-resting-copy-300x200.jpg 300w, https:\/\/www.visit-montenegro.com\/wp-content\/uploads\/2026\/02\/pluzine-bench-resting-copy-768x512.jpg 768w, https:\/\/www.visit-montenegro.com\/wp-content\/uploads\/2026\/02\/pluzine-bench-resting-copy-1536x1024.jpg 1536w, https:\/\/www.visit-montenegro.com\/wp-content\/uploads\/2026\/02\/pluzine-bench-resting-copy.jpg 1600w\" sizes=\"auto, (max-width: 1024px) 100vw, 1024px\" \/><figcaption class=\"wp-element-caption\">Piva-See, Plu\u017eine<\/figcaption><\/figure>\n<\/div>\n<h2 class=\"wp-block-heading\">Nat\u00fcrliche Sch\u00f6nheit und Freizeitaktivit\u00e4ten<\/h2>\n\n<p>Mit seinen t\u00fcrkisfarbenen, kristallklaren Gew\u00e4ssern ist <strong>der Piva-See<\/strong> einer der sch\u00f6nsten Seen Montenegros. Dar\u00fcber hinaus f\u00fcgt er sich trotz seiner k\u00fcnstlichen Entstehung nahtlos in die faszinierende Landschaft ein. Die smaragdblauen Gew\u00e4sser sind reich an Fischen wie Forellen und D\u00f6beln, was ein Paradies f\u00fcr Angler schafft. Eine Bootsfahrt auf <strong>dem Piva-See<\/strong> bietet Entspannung und Ruhe in einer nat\u00fcrlichen Umgebung mit sch\u00f6nen Ausblicken und frischer Luft.<\/p>\n\n<p>Die tiefgr\u00fcne Farbe des Sees, eingerahmt von dichten W\u00e4ldern, verleiht dem Gebiet eine magische Atmosph\u00e4re. Im Sommer schwimmen oder fahren Besucher mit dem Boot, um beeindruckende Sehensw\u00fcrdigkeiten, unber\u00fchrte Natur und sch\u00f6ne H\u00f6hlen vom Wasser aus zu genie\u00dfen.<\/p>\n\n<p>Vergessen Sie nicht, das heilige <a href=\"https:\/\/www.visit-montenegro.com\/de\/reiseziele\/zabljak\/sehenswuerdigkeiten\/piva-monastery\/\">Piva-Kloster<\/a> zu besuchen und seine faszinierende Geschichte zu entdecken.<\/p>\n\n<p>Umgeben von hohen Bergen wie <a href=\"https:\/\/www.visit-montenegro.com\/de\/reiseziele\/zabljak\/sehenswuerdigkeiten\/durmitor\/\">Durmitor<\/a>, Vojnik, Golija, Volujak und Magli\u0107 bildet die Region Plu\u017eine und Piva ein ausgedehntes montenegrinisches Berggebiet. Pr\u00e4chtige Aussichtspunkte und aufregende Landschaften werden Sie sprachlos machen.<\/p>\n","protected":false},"excerpt":{"rendered":"<p>Entdecken Sie den Piva-See, Montenegros beeindruckenden Stausee in der Region Plu\u017eine. Mit seinen t\u00fcrkisfarbenen Gew\u00e4ssern, tiefen Schluchten und reicher Geschichte bietet er perfekte Bedingungen zum Angeln, Bootfahren und Erkunden unber\u00fchrter Natur.<\/p>\n","protected":false},"author":1,"featured_media":134655,"parent":134624,"menu_order":0,"comment_status":"closed","ping_status":"closed","template":"","meta":{"_yoast_wpseo_focuskw":"Piva-See","_yoast_wpseo_metadesc":"Entdecken Sie den Piva-See in Montenegro: ein t\u00fcrkisfarbener Stausee mit tiefen Gew\u00e4ssern, ideal zum Angeln, Bootfahren und f\u00fcr malerische Ausblicke. Erfahren Sie mehr \u00fcber seine Geschichte und nat\u00fcrliche Sch\u00f6nheit.","_kad_post_transparent":"","_kad_post_title":"","_kad_post_layout":"","_kad_post_sidebar_id":"","_kad_post_content_style":"","_kad_post_vertical_padding":"","_kad_post_feature":"","_kad_post_feature_position":"","_kad_post_header":false,"_kad_post_footer":false,"_kad_post_classname":"","iawp_total_views":18,"footnotes":""},"tags":[],"class_list":["post-134654","page","type-page","status-publish","has-post-thumbnail","hentry"],"yoast_head":"<!-- This site is optimized with the Yoast SEO plugin v27.3 - https:\/\/yoast.com\/product\/yoast-seo-wordpress\/ -->\n<title>Piva-See - Visit Montenegro<\/title>\n<meta name=\"description\" content=\"Entdecken Sie den Piva-See in Montenegro: ein t\u00fcrkisfarbener Stausee mit tiefen Gew\u00e4ssern, ideal zum Angeln, Bootfahren und f\u00fcr malerische Ausblicke. Erfahren Sie mehr \u00fcber seine Geschichte und nat\u00fcrliche Sch\u00f6nheit.\" \/>\n<meta name=\"robots\" content=\"index, follow, max-snippet:-1, max-image-preview:large, max-video-preview:-1\" \/>\n<link rel=\"canonical\" href=\"https:\/\/www.visit-montenegro.com\/de\/reiseziele\/zabljak\/sehenswuerdigkeiten\/piva-see\/\" \/>\n<meta property=\"og:locale\" content=\"de_DE\" \/>\n<meta property=\"og:type\" content=\"article\" \/>\n<meta property=\"og:title\" content=\"Piva-See - Visit Montenegro\" \/>\n<meta property=\"og:description\" content=\"Entdecken Sie den Piva-See in Montenegro: ein t\u00fcrkisfarbener Stausee mit tiefen Gew\u00e4ssern, ideal zum Angeln, Bootfahren und f\u00fcr malerische Ausblicke. Erfahren Sie mehr \u00fcber seine Geschichte und nat\u00fcrliche Sch\u00f6nheit.\" \/>\n<meta property=\"og:url\" content=\"https:\/\/www.visit-montenegro.com\/de\/reiseziele\/zabljak\/sehenswuerdigkeiten\/piva-see\/\" \/>\n<meta property=\"og:site_name\" content=\"Visit Montenegro\" \/>\n<meta property=\"article:publisher\" content=\"https:\/\/www.facebook.com\/visitmontenegro\" \/>\n<meta property=\"article:modified_time\" content=\"2026-02-24T12:33:05+00:00\" \/>\n<meta property=\"og:image\" content=\"https:\/\/www.visit-montenegro.com\/wp-content\/uploads\/2026\/02\/pluzine-piva-lake-copy.jpg\" \/>\n\t<meta property=\"og:image:width\" content=\"1600\" \/>\n\t<meta property=\"og:image:height\" content=\"1068\" \/>\n\t<meta property=\"og:image:type\" content=\"image\/jpeg\" \/>\n<meta name=\"twitter:card\" content=\"summary_large_image\" \/>\n<meta name=\"twitter:site\" content=\"@visitmontenegro\" \/>\n<meta name=\"twitter:label1\" content=\"Gesch\u00e4tzte Lesezeit\" \/>\n\t<meta name=\"twitter:data1\" content=\"2\u00a0Minuten\" \/>\n<script type=\"application\/ld+json\" class=\"yoast-schema-graph\">{\"@context\":\"https:\\\/\\\/schema.org\",\"@graph\":[{\"@type\":\"WebPage\",\"@id\":\"https:\\\/\\\/www.visit-montenegro.com\\\/de\\\/reiseziele\\\/zabljak\\\/sehenswuerdigkeiten\\\/piva-see\\\/\",\"url\":\"https:\\\/\\\/www.visit-montenegro.com\\\/de\\\/reiseziele\\\/zabljak\\\/sehenswuerdigkeiten\\\/piva-see\\\/\",\"name\":\"Piva-See - Visit Montenegro\",\"isPartOf\":{\"@id\":\"https:\\\/\\\/www.visit-montenegro.com\\\/de\\\/#website\"},\"primaryImageOfPage\":{\"@id\":\"https:\\\/\\\/www.visit-montenegro.com\\\/de\\\/reiseziele\\\/zabljak\\\/sehenswuerdigkeiten\\\/piva-see\\\/#primaryimage\"},\"image\":{\"@id\":\"https:\\\/\\\/www.visit-montenegro.com\\\/de\\\/reiseziele\\\/zabljak\\\/sehenswuerdigkeiten\\\/piva-see\\\/#primaryimage\"},\"thumbnailUrl\":\"https:\\\/\\\/www.visit-montenegro.com\\\/wp-content\\\/uploads\\\/2026\\\/02\\\/pluzine-piva-lake-copy.jpg\",\"datePublished\":\"2026-01-27T20:44:33+00:00\",\"dateModified\":\"2026-02-24T12:33:05+00:00\",\"description\":\"Entdecken Sie den Piva-See in Montenegro: ein t\u00fcrkisfarbener Stausee mit tiefen Gew\u00e4ssern, ideal zum Angeln, Bootfahren und f\u00fcr malerische Ausblicke. Erfahren Sie mehr \u00fcber seine Geschichte und nat\u00fcrliche Sch\u00f6nheit.\",\"breadcrumb\":{\"@id\":\"https:\\\/\\\/www.visit-montenegro.com\\\/de\\\/reiseziele\\\/zabljak\\\/sehenswuerdigkeiten\\\/piva-see\\\/#breadcrumb\"},\"inLanguage\":\"de\",\"potentialAction\":[{\"@type\":\"ReadAction\",\"target\":[\"https:\\\/\\\/www.visit-montenegro.com\\\/de\\\/reiseziele\\\/zabljak\\\/sehenswuerdigkeiten\\\/piva-see\\\/\"]}]},{\"@type\":\"ImageObject\",\"inLanguage\":\"de\",\"@id\":\"https:\\\/\\\/www.visit-montenegro.com\\\/de\\\/reiseziele\\\/zabljak\\\/sehenswuerdigkeiten\\\/piva-see\\\/#primaryimage\",\"url\":\"https:\\\/\\\/www.visit-montenegro.com\\\/wp-content\\\/uploads\\\/2026\\\/02\\\/pluzine-piva-lake-copy.jpg\",\"contentUrl\":\"https:\\\/\\\/www.visit-montenegro.com\\\/wp-content\\\/uploads\\\/2026\\\/02\\\/pluzine-piva-lake-copy.jpg\",\"width\":1600,\"height\":1068},{\"@type\":\"BreadcrumbList\",\"@id\":\"https:\\\/\\\/www.visit-montenegro.com\\\/de\\\/reiseziele\\\/zabljak\\\/sehenswuerdigkeiten\\\/piva-see\\\/#breadcrumb\",\"itemListElement\":[{\"@type\":\"ListItem\",\"position\":1,\"name\":\"Home\",\"item\":\"https:\\\/\\\/www.visit-montenegro.com\\\/de\\\/home\\\/\"},{\"@type\":\"ListItem\",\"position\":2,\"name\":\"Reiseziele in Montenegro\",\"item\":\"https:\\\/\\\/www.visit-montenegro.com\\\/de\\\/reiseziele\\\/\"},{\"@type\":\"ListItem\",\"position\":3,\"name\":\"\u017dabljak\",\"item\":\"https:\\\/\\\/www.visit-montenegro.com\\\/de\\\/reiseziele\\\/zabljak\\\/\"},{\"@type\":\"ListItem\",\"position\":4,\"name\":\"\u017dabljak Sehensw\u00fcrdigkeiten\",\"item\":\"https:\\\/\\\/www.visit-montenegro.com\\\/de\\\/reiseziele\\\/zabljak\\\/sehenswuerdigkeiten\\\/\"},{\"@type\":\"ListItem\",\"position\":5,\"name\":\"Piva-See\"}]},{\"@type\":\"WebSite\",\"@id\":\"https:\\\/\\\/www.visit-montenegro.com\\\/de\\\/#website\",\"url\":\"https:\\\/\\\/www.visit-montenegro.com\\\/de\\\/\",\"name\":\"Visit Montenegro\",\"description\":\"Breathtaking beauty\",\"publisher\":{\"@id\":\"https:\\\/\\\/www.visit-montenegro.com\\\/de\\\/#organization\"},\"potentialAction\":[{\"@type\":\"SearchAction\",\"target\":{\"@type\":\"EntryPoint\",\"urlTemplate\":\"https:\\\/\\\/www.visit-montenegro.com\\\/de\\\/?s={search_term_string}\"},\"query-input\":{\"@type\":\"PropertyValueSpecification\",\"valueRequired\":true,\"valueName\":\"search_term_string\"}}],\"inLanguage\":\"de\"},{\"@type\":\"Organization\",\"@id\":\"https:\\\/\\\/www.visit-montenegro.com\\\/de\\\/#organization\",\"name\":\"Visit Montenegro\",\"url\":\"https:\\\/\\\/www.visit-montenegro.com\\\/de\\\/\",\"logo\":{\"@type\":\"ImageObject\",\"inLanguage\":\"de\",\"@id\":\"https:\\\/\\\/www.visit-montenegro.com\\\/de\\\/#\\\/schema\\\/logo\\\/image\\\/\",\"url\":\"https:\\\/\\\/www.visit-montenegro.com\\\/wp-content\\\/uploads\\\/2017\\\/10\\\/logo-amp.png\",\"contentUrl\":\"https:\\\/\\\/www.visit-montenegro.com\\\/wp-content\\\/uploads\\\/2017\\\/10\\\/logo-amp.png\",\"width\":190,\"height\":36,\"caption\":\"Visit Montenegro\"},\"image\":{\"@id\":\"https:\\\/\\\/www.visit-montenegro.com\\\/de\\\/#\\\/schema\\\/logo\\\/image\\\/\"},\"sameAs\":[\"https:\\\/\\\/www.facebook.com\\\/visitmontenegro\",\"https:\\\/\\\/x.com\\\/visitmontenegro\",\"https:\\\/\\\/www.instagram.com\\\/visit_montenegro\\\/\",\"https:\\\/\\\/www.youtube.com\\\/user\\\/VisitMontenegro\"]}]}<\/script>\n<!-- \/ Yoast SEO plugin. -->","yoast_head_json":{"title":"Piva-See - Visit Montenegro","description":"Entdecken Sie den Piva-See in Montenegro: ein t\u00fcrkisfarbener Stausee mit tiefen Gew\u00e4ssern, ideal zum Angeln, Bootfahren und f\u00fcr malerische Ausblicke. Erfahren Sie mehr \u00fcber seine Geschichte und nat\u00fcrliche Sch\u00f6nheit.","robots":{"index":"index","follow":"follow","max-snippet":"max-snippet:-1","max-image-preview":"max-image-preview:large","max-video-preview":"max-video-preview:-1"},"canonical":"https:\/\/www.visit-montenegro.com\/de\/reiseziele\/zabljak\/sehenswuerdigkeiten\/piva-see\/","og_locale":"de_DE","og_type":"article","og_title":"Piva-See - Visit Montenegro","og_description":"Entdecken Sie den Piva-See in Montenegro: ein t\u00fcrkisfarbener Stausee mit tiefen Gew\u00e4ssern, ideal zum Angeln, Bootfahren und f\u00fcr malerische Ausblicke. Erfahren Sie mehr \u00fcber seine Geschichte und nat\u00fcrliche Sch\u00f6nheit.","og_url":"https:\/\/www.visit-montenegro.com\/de\/reiseziele\/zabljak\/sehenswuerdigkeiten\/piva-see\/","og_site_name":"Visit Montenegro","article_publisher":"https:\/\/www.facebook.com\/visitmontenegro","article_modified_time":"2026-02-24T12:33:05+00:00","og_image":[{"width":1600,"height":1068,"url":"https:\/\/www.visit-montenegro.com\/wp-content\/uploads\/2026\/02\/pluzine-piva-lake-copy.jpg","type":"image\/jpeg"}],"twitter_card":"summary_large_image","twitter_site":"@visitmontenegro","twitter_misc":{"Gesch\u00e4tzte Lesezeit":"2\u00a0Minuten"},"schema":{"@context":"https:\/\/schema.org","@graph":[{"@type":"WebPage","@id":"https:\/\/www.visit-montenegro.com\/de\/reiseziele\/zabljak\/sehenswuerdigkeiten\/piva-see\/","url":"https:\/\/www.visit-montenegro.com\/de\/reiseziele\/zabljak\/sehenswuerdigkeiten\/piva-see\/","name":"Piva-See - Visit Montenegro","isPartOf":{"@id":"https:\/\/www.visit-montenegro.com\/de\/#website"},"primaryImageOfPage":{"@id":"https:\/\/www.visit-montenegro.com\/de\/reiseziele\/zabljak\/sehenswuerdigkeiten\/piva-see\/#primaryimage"},"image":{"@id":"https:\/\/www.visit-montenegro.com\/de\/reiseziele\/zabljak\/sehenswuerdigkeiten\/piva-see\/#primaryimage"},"thumbnailUrl":"https:\/\/www.visit-montenegro.com\/wp-content\/uploads\/2026\/02\/pluzine-piva-lake-copy.jpg","datePublished":"2026-01-27T20:44:33+00:00","dateModified":"2026-02-24T12:33:05+00:00","description":"Entdecken Sie den Piva-See in Montenegro: ein t\u00fcrkisfarbener Stausee mit tiefen Gew\u00e4ssern, ideal zum Angeln, Bootfahren und f\u00fcr malerische Ausblicke. Erfahren Sie mehr \u00fcber seine Geschichte und nat\u00fcrliche Sch\u00f6nheit.","breadcrumb":{"@id":"https:\/\/www.visit-montenegro.com\/de\/reiseziele\/zabljak\/sehenswuerdigkeiten\/piva-see\/#breadcrumb"},"inLanguage":"de","potentialAction":[{"@type":"ReadAction","target":["https:\/\/www.visit-montenegro.com\/de\/reiseziele\/zabljak\/sehenswuerdigkeiten\/piva-see\/"]}]},{"@type":"ImageObject","inLanguage":"de","@id":"https:\/\/www.visit-montenegro.com\/de\/reiseziele\/zabljak\/sehenswuerdigkeiten\/piva-see\/#primaryimage","url":"https:\/\/www.visit-montenegro.com\/wp-content\/uploads\/2026\/02\/pluzine-piva-lake-copy.jpg","contentUrl":"https:\/\/www.visit-montenegro.com\/wp-content\/uploads\/2026\/02\/pluzine-piva-lake-copy.jpg","width":1600,"height":1068},{"@type":"BreadcrumbList","@id":"https:\/\/www.visit-montenegro.com\/de\/reiseziele\/zabljak\/sehenswuerdigkeiten\/piva-see\/#breadcrumb","itemListElement":[{"@type":"ListItem","position":1,"name":"Home","item":"https:\/\/www.visit-montenegro.com\/de\/home\/"},{"@type":"ListItem","position":2,"name":"Reiseziele in Montenegro","item":"https:\/\/www.visit-montenegro.com\/de\/reiseziele\/"},{"@type":"ListItem","position":3,"name":"\u017dabljak","item":"https:\/\/www.visit-montenegro.com\/de\/reiseziele\/zabljak\/"},{"@type":"ListItem","position":4,"name":"\u017dabljak Sehensw\u00fcrdigkeiten","item":"https:\/\/www.visit-montenegro.com\/de\/reiseziele\/zabljak\/sehenswuerdigkeiten\/"},{"@type":"ListItem","position":5,"name":"Piva-See"}]},{"@type":"WebSite","@id":"https:\/\/www.visit-montenegro.com\/de\/#website","url":"https:\/\/www.visit-montenegro.com\/de\/","name":"Visit Montenegro","description":"Breathtaking beauty","publisher":{"@id":"https:\/\/www.visit-montenegro.com\/de\/#organization"},"potentialAction":[{"@type":"SearchAction","target":{"@type":"EntryPoint","urlTemplate":"https:\/\/www.visit-montenegro.com\/de\/?s={search_term_string}"},"query-input":{"@type":"PropertyValueSpecification","valueRequired":true,"valueName":"search_term_string"}}],"inLanguage":"de"},{"@type":"Organization","@id":"https:\/\/www.visit-montenegro.com\/de\/#organization","name":"Visit Montenegro","url":"https:\/\/www.visit-montenegro.com\/de\/","logo":{"@type":"ImageObject","inLanguage":"de","@id":"https:\/\/www.visit-montenegro.com\/de\/#\/schema\/logo\/image\/","url":"https:\/\/www.visit-montenegro.com\/wp-content\/uploads\/2017\/10\/logo-amp.png","contentUrl":"https:\/\/www.visit-montenegro.com\/wp-content\/uploads\/2017\/10\/logo-amp.png","width":190,"height":36,"caption":"Visit Montenegro"},"image":{"@id":"https:\/\/www.visit-montenegro.com\/de\/#\/schema\/logo\/image\/"},"sameAs":["https:\/\/www.facebook.com\/visitmontenegro","https:\/\/x.com\/visitmontenegro","https:\/\/www.instagram.com\/visit_montenegro\/","https:\/\/www.youtube.com\/user\/VisitMontenegro"]}]}},"translations":[],"_links":{"self":[{"href":"https:\/\/www.visit-montenegro.com\/de\/wp-json\/wp\/v2\/pages\/134654","targetHints":{"allow":["GET"]}}],"collection":[{"href":"https:\/\/www.visit-montenegro.com\/de\/wp-json\/wp\/v2\/pages"}],"about":[{"href":"https:\/\/www.visit-montenegro.com\/de\/wp-json\/wp\/v2\/types\/page"}],"author":[{"embeddable":true,"href":"https:\/\/www.visit-montenegro.com\/de\/wp-json\/wp\/v2\/users\/1"}],"replies":[{"embeddable":true,"href":"https:\/\/www.visit-montenegro.com\/de\/wp-json\/wp\/v2\/comments?post=134654"}],"version-history":[{"count":0,"href":"https:\/\/www.visit-montenegro.com\/de\/wp-json\/wp\/v2\/pages\/134654\/revisions"}],"up":[{"embeddable":true,"href":"https:\/\/www.visit-montenegro.com\/de\/wp-json\/wp\/v2\/pages\/134624"}],"wp:featuredmedia":[{"embeddable":true,"href":"https:\/\/www.visit-montenegro.com\/de\/wp-json\/wp\/v2\/media\/134655"}],"wp:attachment":[{"href":"https:\/\/www.visit-montenegro.com\/de\/wp-json\/wp\/v2\/media?parent=134654"}],"wp:term":[{"taxonomy":"post_tag","embeddable":true,"href":"https:\/\/www.visit-montenegro.com\/de\/wp-json\/wp\/v2\/tags?post=134654"}],"curies":[{"name":"wp","href":"https:\/\/api.w.org\/{rel}","templated":true}]}}