{"id":134672,"date":"2026-01-27T21:44:33","date_gmt":"2026-01-27T20:44:33","guid":{"rendered":"https:\/\/new.visit-montenegro.com\/ziele\/zabljak\/attractions\/piva-monastery\/"},"modified":"2026-02-24T13:33:04","modified_gmt":"2026-02-24T12:33:04","slug":"piva-monastery","status":"publish","type":"page","link":"https:\/\/www.visit-montenegro.com\/de\/reiseziele\/zabljak\/sehenswuerdigkeiten\/piva-monastery\/","title":{"rendered":"Piva-Kloster"},"content":{"rendered":"\n<p>Das Piva-Kloster ist ein bedeutendes orthodoxes Kloster in Montenegro, urspr\u00fcnglich an der Quelle des Flusses Piva erbaut, aber Stein f\u00fcr Stein in das Dorf Goransko in der N\u00e4he des Mratinje-Sees verlegt, um seine historischen Fresken und Schatzkammer zu bewahren.<\/p>\n\n<hr class=\"wp-block-separator has-alpha-channel-opacity\" \/>\n\n<h2 class=\"wp-block-heading\">Geschichte und Verlegung des Piva-Klosters<\/h2>\n\n<p>Das Kloster <strong>Piva-Kloster<\/strong> befindet sich in Plu\u017eine. Es gilt als eines der wichtigsten orthodoxen Kl\u00f6ster in Montenegro. Vor langer Zeit lag es an der Quelle des Flusses Piva, wurde aber sp\u00e4ter wegen des Baus eines Staudamms und Stausees f\u00fcr ein Wasserkraftwerk an einen anderen Ort verlegt. Die Verlegung der Kirche dauerte etwa 12 Jahre, und was f\u00fcr dieses Kloster charakteristisch ist, ist, dass die alte Kirche Stein f\u00fcr Stein \u00fcbertragen wurde (die alte Kirche wurde abgebaut und aus denselben Steinen eine neue Kirche an einem anderen Ort errichtet), 9 Kilometer von Plu\u017eine entfernt, im Dorf Goransko, in der N\u00e4he des Mratinje-Sees. Von den W\u00e4nden der Kirche wurden 1.260 Quadratmeter Gem\u00e4lde entfernt und wieder angebracht.<\/p>\n\n<h2 class=\"wp-block-heading\">Architektonische und k\u00fcnstlerische Bedeutung<\/h2>\n\n<p>Die Klosterkirche Uspenja Bogorodice wurde zwischen 1573 und 1586 mit gro\u00dfem Aufwand vom Herzegovina-Metropoliten Savatje, sp\u00e4ter einem serbischen Patriarchen, erbaut. Neben dem architektonischen Wert, den diese Kirche hat, zeigt sich ihr Wert auch in ihren Bildern. Unbekannte griechische Maler schufen die meisten Bilder in den Jahren 1604 und 1605. Der obere Teil des Klosters wurde von Priester Strahinja aus Budimlje gemalt, der an einer sehr sichtbaren Stelle die Hymne der Heiligen Mutter Gottes malte. Die unteren Zonen sind das Werk des Malers Kozma aus dem fernen Jahr 1626. Dieser Maler schuf auch die meisten Ikonen auf einem vergoldeten Ikonostas.<\/p>\n\n<h3 class=\"wp-block-heading\">Sch\u00e4tze des Piva-Klosters<\/h3>\n\n<p>Das Kloster besitzt eine gro\u00dfe Schatzkammer: Psalter von Djuradj Crnojevic aus dem Jahr 1495, \u201eOmofor\u201c von Savtije Sokolovic aus dem Jahr 1568, pers\u00f6nliche Gegenst\u00e4nde von Bajo Pivljanin \u2013 einem Nationalhelden \u2013 und viele andere Dinge.<\/p>\n","protected":false},"excerpt":{"rendered":"<p>Entdecken Sie das historische Piva-Kloster in Montenegro, eine wichtige orthodoxe St\u00e4tte, die Stein f\u00fcr Stein verlegt wurde, um seine Sch\u00f6nheit zu bewahren. Lernen Sie seine k\u00fcnstlerischen Fresken und reiche Schatzkammer kennen, die einen Einblick in das kulturelle Erbe der Region bieten.<\/p>\n","protected":false},"author":1,"featured_media":134673,"parent":134624,"menu_order":0,"comment_status":"closed","ping_status":"closed","template":"","meta":{"_yoast_wpseo_focuskw":"Piva-Kloster","_yoast_wpseo_metadesc":"Entdecken Sie die Geschichte, Kunst und Sch\u00e4tze des Piva-Klosters in Montenegro. Erfahren Sie mehr \u00fcber seine Verlegung und Bedeutung als bedeutende orthodoxe St\u00e4tte f\u00fcr Reisende.","_kad_post_transparent":"","_kad_post_title":"","_kad_post_layout":"","_kad_post_sidebar_id":"","_kad_post_content_style":"","_kad_post_vertical_padding":"","_kad_post_feature":"","_kad_post_feature_position":"","_kad_post_header":false,"_kad_post_footer":false,"_kad_post_classname":"","iawp_total_views":8,"footnotes":""},"tags":[],"class_list":["post-134672","page","type-page","status-publish","has-post-thumbnail","hentry"],"yoast_head":"<!-- This site is optimized with the Yoast SEO plugin v27.3 - https:\/\/yoast.com\/product\/yoast-seo-wordpress\/ -->\n<title>Piva-Kloster - Visit Montenegro<\/title>\n<meta name=\"description\" content=\"Entdecken Sie die Geschichte, Kunst und Sch\u00e4tze des Piva-Klosters in Montenegro. Erfahren Sie mehr \u00fcber seine Verlegung und Bedeutung als bedeutende orthodoxe St\u00e4tte f\u00fcr Reisende.\" \/>\n<meta name=\"robots\" content=\"index, follow, max-snippet:-1, max-image-preview:large, max-video-preview:-1\" \/>\n<link rel=\"canonical\" href=\"https:\/\/www.visit-montenegro.com\/de\/reiseziele\/zabljak\/sehenswuerdigkeiten\/piva-monastery\/\" \/>\n<meta property=\"og:locale\" content=\"de_DE\" \/>\n<meta property=\"og:type\" content=\"article\" \/>\n<meta property=\"og:title\" content=\"Piva-Kloster - Visit Montenegro\" \/>\n<meta property=\"og:description\" content=\"Entdecken Sie die Geschichte, Kunst und Sch\u00e4tze des Piva-Klosters in Montenegro. Erfahren Sie mehr \u00fcber seine Verlegung und Bedeutung als bedeutende orthodoxe St\u00e4tte f\u00fcr Reisende.\" \/>\n<meta property=\"og:url\" content=\"https:\/\/www.visit-montenegro.com\/de\/reiseziele\/zabljak\/sehenswuerdigkeiten\/piva-monastery\/\" \/>\n<meta property=\"og:site_name\" content=\"Visit Montenegro\" \/>\n<meta property=\"article:publisher\" content=\"https:\/\/www.facebook.com\/visitmontenegro\" \/>\n<meta property=\"article:modified_time\" content=\"2026-02-24T12:33:04+00:00\" \/>\n<meta property=\"og:image\" content=\"https:\/\/www.visit-montenegro.com\/wp-content\/uploads\/2026\/02\/pluzine-piva-monastery-copy.jpg\" \/>\n\t<meta property=\"og:image:width\" content=\"1600\" \/>\n\t<meta property=\"og:image:height\" content=\"1067\" \/>\n\t<meta property=\"og:image:type\" content=\"image\/jpeg\" \/>\n<meta name=\"twitter:card\" content=\"summary_large_image\" \/>\n<meta name=\"twitter:site\" content=\"@visitmontenegro\" \/>\n<meta name=\"twitter:label1\" content=\"Gesch\u00e4tzte Lesezeit\" \/>\n\t<meta name=\"twitter:data1\" content=\"2\u00a0Minuten\" \/>\n<script type=\"application\/ld+json\" class=\"yoast-schema-graph\">{\"@context\":\"https:\\\/\\\/schema.org\",\"@graph\":[{\"@type\":\"WebPage\",\"@id\":\"https:\\\/\\\/www.visit-montenegro.com\\\/de\\\/reiseziele\\\/zabljak\\\/sehenswuerdigkeiten\\\/piva-monastery\\\/\",\"url\":\"https:\\\/\\\/www.visit-montenegro.com\\\/de\\\/reiseziele\\\/zabljak\\\/sehenswuerdigkeiten\\\/piva-monastery\\\/\",\"name\":\"Piva-Kloster - Visit Montenegro\",\"isPartOf\":{\"@id\":\"https:\\\/\\\/www.visit-montenegro.com\\\/de\\\/#website\"},\"primaryImageOfPage\":{\"@id\":\"https:\\\/\\\/www.visit-montenegro.com\\\/de\\\/reiseziele\\\/zabljak\\\/sehenswuerdigkeiten\\\/piva-monastery\\\/#primaryimage\"},\"image\":{\"@id\":\"https:\\\/\\\/www.visit-montenegro.com\\\/de\\\/reiseziele\\\/zabljak\\\/sehenswuerdigkeiten\\\/piva-monastery\\\/#primaryimage\"},\"thumbnailUrl\":\"https:\\\/\\\/www.visit-montenegro.com\\\/wp-content\\\/uploads\\\/2026\\\/02\\\/pluzine-piva-monastery-copy.jpg\",\"datePublished\":\"2026-01-27T20:44:33+00:00\",\"dateModified\":\"2026-02-24T12:33:04+00:00\",\"description\":\"Entdecken Sie die Geschichte, Kunst und Sch\u00e4tze des Piva-Klosters in Montenegro. Erfahren Sie mehr \u00fcber seine Verlegung und Bedeutung als bedeutende orthodoxe St\u00e4tte f\u00fcr Reisende.\",\"breadcrumb\":{\"@id\":\"https:\\\/\\\/www.visit-montenegro.com\\\/de\\\/reiseziele\\\/zabljak\\\/sehenswuerdigkeiten\\\/piva-monastery\\\/#breadcrumb\"},\"inLanguage\":\"de\",\"potentialAction\":[{\"@type\":\"ReadAction\",\"target\":[\"https:\\\/\\\/www.visit-montenegro.com\\\/de\\\/reiseziele\\\/zabljak\\\/sehenswuerdigkeiten\\\/piva-monastery\\\/\"]}]},{\"@type\":\"ImageObject\",\"inLanguage\":\"de\",\"@id\":\"https:\\\/\\\/www.visit-montenegro.com\\\/de\\\/reiseziele\\\/zabljak\\\/sehenswuerdigkeiten\\\/piva-monastery\\\/#primaryimage\",\"url\":\"https:\\\/\\\/www.visit-montenegro.com\\\/wp-content\\\/uploads\\\/2026\\\/02\\\/pluzine-piva-monastery-copy.jpg\",\"contentUrl\":\"https:\\\/\\\/www.visit-montenegro.com\\\/wp-content\\\/uploads\\\/2026\\\/02\\\/pluzine-piva-monastery-copy.jpg\",\"width\":1600,\"height\":1067},{\"@type\":\"BreadcrumbList\",\"@id\":\"https:\\\/\\\/www.visit-montenegro.com\\\/de\\\/reiseziele\\\/zabljak\\\/sehenswuerdigkeiten\\\/piva-monastery\\\/#breadcrumb\",\"itemListElement\":[{\"@type\":\"ListItem\",\"position\":1,\"name\":\"Home\",\"item\":\"https:\\\/\\\/www.visit-montenegro.com\\\/de\\\/home\\\/\"},{\"@type\":\"ListItem\",\"position\":2,\"name\":\"Reiseziele in Montenegro\",\"item\":\"https:\\\/\\\/www.visit-montenegro.com\\\/de\\\/reiseziele\\\/\"},{\"@type\":\"ListItem\",\"position\":3,\"name\":\"\u017dabljak\",\"item\":\"https:\\\/\\\/www.visit-montenegro.com\\\/de\\\/reiseziele\\\/zabljak\\\/\"},{\"@type\":\"ListItem\",\"position\":4,\"name\":\"\u017dabljak Sehensw\u00fcrdigkeiten\",\"item\":\"https:\\\/\\\/www.visit-montenegro.com\\\/de\\\/reiseziele\\\/zabljak\\\/sehenswuerdigkeiten\\\/\"},{\"@type\":\"ListItem\",\"position\":5,\"name\":\"Piva-Kloster\"}]},{\"@type\":\"WebSite\",\"@id\":\"https:\\\/\\\/www.visit-montenegro.com\\\/de\\\/#website\",\"url\":\"https:\\\/\\\/www.visit-montenegro.com\\\/de\\\/\",\"name\":\"Visit Montenegro\",\"description\":\"Breathtaking beauty\",\"publisher\":{\"@id\":\"https:\\\/\\\/www.visit-montenegro.com\\\/de\\\/#organization\"},\"potentialAction\":[{\"@type\":\"SearchAction\",\"target\":{\"@type\":\"EntryPoint\",\"urlTemplate\":\"https:\\\/\\\/www.visit-montenegro.com\\\/de\\\/?s={search_term_string}\"},\"query-input\":{\"@type\":\"PropertyValueSpecification\",\"valueRequired\":true,\"valueName\":\"search_term_string\"}}],\"inLanguage\":\"de\"},{\"@type\":\"Organization\",\"@id\":\"https:\\\/\\\/www.visit-montenegro.com\\\/de\\\/#organization\",\"name\":\"Visit Montenegro\",\"url\":\"https:\\\/\\\/www.visit-montenegro.com\\\/de\\\/\",\"logo\":{\"@type\":\"ImageObject\",\"inLanguage\":\"de\",\"@id\":\"https:\\\/\\\/www.visit-montenegro.com\\\/de\\\/#\\\/schema\\\/logo\\\/image\\\/\",\"url\":\"https:\\\/\\\/www.visit-montenegro.com\\\/wp-content\\\/uploads\\\/2017\\\/10\\\/logo-amp.png\",\"contentUrl\":\"https:\\\/\\\/www.visit-montenegro.com\\\/wp-content\\\/uploads\\\/2017\\\/10\\\/logo-amp.png\",\"width\":190,\"height\":36,\"caption\":\"Visit Montenegro\"},\"image\":{\"@id\":\"https:\\\/\\\/www.visit-montenegro.com\\\/de\\\/#\\\/schema\\\/logo\\\/image\\\/\"},\"sameAs\":[\"https:\\\/\\\/www.facebook.com\\\/visitmontenegro\",\"https:\\\/\\\/x.com\\\/visitmontenegro\",\"https:\\\/\\\/www.instagram.com\\\/visit_montenegro\\\/\",\"https:\\\/\\\/www.youtube.com\\\/user\\\/VisitMontenegro\"]}]}<\/script>\n<!-- \/ Yoast SEO plugin. -->","yoast_head_json":{"title":"Piva-Kloster - Visit Montenegro","description":"Entdecken Sie die Geschichte, Kunst und Sch\u00e4tze des Piva-Klosters in Montenegro. Erfahren Sie mehr \u00fcber seine Verlegung und Bedeutung als bedeutende orthodoxe St\u00e4tte f\u00fcr Reisende.","robots":{"index":"index","follow":"follow","max-snippet":"max-snippet:-1","max-image-preview":"max-image-preview:large","max-video-preview":"max-video-preview:-1"},"canonical":"https:\/\/www.visit-montenegro.com\/de\/reiseziele\/zabljak\/sehenswuerdigkeiten\/piva-monastery\/","og_locale":"de_DE","og_type":"article","og_title":"Piva-Kloster - Visit Montenegro","og_description":"Entdecken Sie die Geschichte, Kunst und Sch\u00e4tze des Piva-Klosters in Montenegro. Erfahren Sie mehr \u00fcber seine Verlegung und Bedeutung als bedeutende orthodoxe St\u00e4tte f\u00fcr Reisende.","og_url":"https:\/\/www.visit-montenegro.com\/de\/reiseziele\/zabljak\/sehenswuerdigkeiten\/piva-monastery\/","og_site_name":"Visit Montenegro","article_publisher":"https:\/\/www.facebook.com\/visitmontenegro","article_modified_time":"2026-02-24T12:33:04+00:00","og_image":[{"width":1600,"height":1067,"url":"https:\/\/www.visit-montenegro.com\/wp-content\/uploads\/2026\/02\/pluzine-piva-monastery-copy.jpg","type":"image\/jpeg"}],"twitter_card":"summary_large_image","twitter_site":"@visitmontenegro","twitter_misc":{"Gesch\u00e4tzte Lesezeit":"2\u00a0Minuten"},"schema":{"@context":"https:\/\/schema.org","@graph":[{"@type":"WebPage","@id":"https:\/\/www.visit-montenegro.com\/de\/reiseziele\/zabljak\/sehenswuerdigkeiten\/piva-monastery\/","url":"https:\/\/www.visit-montenegro.com\/de\/reiseziele\/zabljak\/sehenswuerdigkeiten\/piva-monastery\/","name":"Piva-Kloster - Visit Montenegro","isPartOf":{"@id":"https:\/\/www.visit-montenegro.com\/de\/#website"},"primaryImageOfPage":{"@id":"https:\/\/www.visit-montenegro.com\/de\/reiseziele\/zabljak\/sehenswuerdigkeiten\/piva-monastery\/#primaryimage"},"image":{"@id":"https:\/\/www.visit-montenegro.com\/de\/reiseziele\/zabljak\/sehenswuerdigkeiten\/piva-monastery\/#primaryimage"},"thumbnailUrl":"https:\/\/www.visit-montenegro.com\/wp-content\/uploads\/2026\/02\/pluzine-piva-monastery-copy.jpg","datePublished":"2026-01-27T20:44:33+00:00","dateModified":"2026-02-24T12:33:04+00:00","description":"Entdecken Sie die Geschichte, Kunst und Sch\u00e4tze des Piva-Klosters in Montenegro. Erfahren Sie mehr \u00fcber seine Verlegung und Bedeutung als bedeutende orthodoxe St\u00e4tte f\u00fcr Reisende.","breadcrumb":{"@id":"https:\/\/www.visit-montenegro.com\/de\/reiseziele\/zabljak\/sehenswuerdigkeiten\/piva-monastery\/#breadcrumb"},"inLanguage":"de","potentialAction":[{"@type":"ReadAction","target":["https:\/\/www.visit-montenegro.com\/de\/reiseziele\/zabljak\/sehenswuerdigkeiten\/piva-monastery\/"]}]},{"@type":"ImageObject","inLanguage":"de","@id":"https:\/\/www.visit-montenegro.com\/de\/reiseziele\/zabljak\/sehenswuerdigkeiten\/piva-monastery\/#primaryimage","url":"https:\/\/www.visit-montenegro.com\/wp-content\/uploads\/2026\/02\/pluzine-piva-monastery-copy.jpg","contentUrl":"https:\/\/www.visit-montenegro.com\/wp-content\/uploads\/2026\/02\/pluzine-piva-monastery-copy.jpg","width":1600,"height":1067},{"@type":"BreadcrumbList","@id":"https:\/\/www.visit-montenegro.com\/de\/reiseziele\/zabljak\/sehenswuerdigkeiten\/piva-monastery\/#breadcrumb","itemListElement":[{"@type":"ListItem","position":1,"name":"Home","item":"https:\/\/www.visit-montenegro.com\/de\/home\/"},{"@type":"ListItem","position":2,"name":"Reiseziele in Montenegro","item":"https:\/\/www.visit-montenegro.com\/de\/reiseziele\/"},{"@type":"ListItem","position":3,"name":"\u017dabljak","item":"https:\/\/www.visit-montenegro.com\/de\/reiseziele\/zabljak\/"},{"@type":"ListItem","position":4,"name":"\u017dabljak Sehensw\u00fcrdigkeiten","item":"https:\/\/www.visit-montenegro.com\/de\/reiseziele\/zabljak\/sehenswuerdigkeiten\/"},{"@type":"ListItem","position":5,"name":"Piva-Kloster"}]},{"@type":"WebSite","@id":"https:\/\/www.visit-montenegro.com\/de\/#website","url":"https:\/\/www.visit-montenegro.com\/de\/","name":"Visit Montenegro","description":"Breathtaking beauty","publisher":{"@id":"https:\/\/www.visit-montenegro.com\/de\/#organization"},"potentialAction":[{"@type":"SearchAction","target":{"@type":"EntryPoint","urlTemplate":"https:\/\/www.visit-montenegro.com\/de\/?s={search_term_string}"},"query-input":{"@type":"PropertyValueSpecification","valueRequired":true,"valueName":"search_term_string"}}],"inLanguage":"de"},{"@type":"Organization","@id":"https:\/\/www.visit-montenegro.com\/de\/#organization","name":"Visit Montenegro","url":"https:\/\/www.visit-montenegro.com\/de\/","logo":{"@type":"ImageObject","inLanguage":"de","@id":"https:\/\/www.visit-montenegro.com\/de\/#\/schema\/logo\/image\/","url":"https:\/\/www.visit-montenegro.com\/wp-content\/uploads\/2017\/10\/logo-amp.png","contentUrl":"https:\/\/www.visit-montenegro.com\/wp-content\/uploads\/2017\/10\/logo-amp.png","width":190,"height":36,"caption":"Visit Montenegro"},"image":{"@id":"https:\/\/www.visit-montenegro.com\/de\/#\/schema\/logo\/image\/"},"sameAs":["https:\/\/www.facebook.com\/visitmontenegro","https:\/\/x.com\/visitmontenegro","https:\/\/www.instagram.com\/visit_montenegro\/","https:\/\/www.youtube.com\/user\/VisitMontenegro"]}]}},"translations":[],"_links":{"self":[{"href":"https:\/\/www.visit-montenegro.com\/de\/wp-json\/wp\/v2\/pages\/134672","targetHints":{"allow":["GET"]}}],"collection":[{"href":"https:\/\/www.visit-montenegro.com\/de\/wp-json\/wp\/v2\/pages"}],"about":[{"href":"https:\/\/www.visit-montenegro.com\/de\/wp-json\/wp\/v2\/types\/page"}],"author":[{"embeddable":true,"href":"https:\/\/www.visit-montenegro.com\/de\/wp-json\/wp\/v2\/users\/1"}],"replies":[{"embeddable":true,"href":"https:\/\/www.visit-montenegro.com\/de\/wp-json\/wp\/v2\/comments?post=134672"}],"version-history":[{"count":0,"href":"https:\/\/www.visit-montenegro.com\/de\/wp-json\/wp\/v2\/pages\/134672\/revisions"}],"up":[{"embeddable":true,"href":"https:\/\/www.visit-montenegro.com\/de\/wp-json\/wp\/v2\/pages\/134624"}],"wp:featuredmedia":[{"embeddable":true,"href":"https:\/\/www.visit-montenegro.com\/de\/wp-json\/wp\/v2\/media\/134673"}],"wp:attachment":[{"href":"https:\/\/www.visit-montenegro.com\/de\/wp-json\/wp\/v2\/media?parent=134672"}],"wp:term":[{"taxonomy":"post_tag","embeddable":true,"href":"https:\/\/www.visit-montenegro.com\/de\/wp-json\/wp\/v2\/tags?post=134672"}],"curies":[{"name":"wp","href":"https:\/\/api.w.org\/{rel}","templated":true}]}}