{"id":134678,"date":"2026-01-27T21:44:33","date_gmt":"2026-01-27T20:44:33","guid":{"rendered":"https:\/\/new.visit-montenegro.com\/ziele\/zabljak\/info\/"},"modified":"2026-02-22T17:02:26","modified_gmt":"2026-02-22T16:02:26","slug":"info","status":"publish","type":"page","link":"https:\/\/www.visit-montenegro.com\/de\/reiseziele\/zabljak\/info\/","title":{"rendered":"Mehr \u00fcber \u017dabljak"},"content":{"rendered":"\n<p>\u017dabljak ist ein faszinierendes Reiseziel in Montenegro, eingebettet in der Durmitor-Bergregion, das reiche Geschichte, atemberaubende Naturlandschaften und Abenteuerm\u00f6glichkeiten f\u00fcr Reisende bietet.<\/p>\n<hr>\n\n<div class=\"wp-block-query is-layout-flow wp-block-query-is-layout-flow\"><ul class=\"wp-block-post-template is-layout-flow wp-block-post-template-is-layout-flow\"><li class=\"wp-block-post post-133921 page type-page status-publish has-post-thumbnail hentry tag-destination-hotels\">\n<h2 class=\"wp-block-post-title\"><a href=\"https:\/\/www.visit-montenegro.com\/de\/reiseziele\/zabljak\/info\/hotels\/\" target=\"_self\" >\u017dabljak Hotels<\/a><\/h2>\n\n<figure class=\"alignwide wp-block-post-featured-image\"><a href=\"https:\/\/www.visit-montenegro.com\/de\/reiseziele\/zabljak\/info\/hotels\/\" target=\"_self\"  ><img loading=\"lazy\" decoding=\"async\" width=\"1600\" height=\"1067\" src=\"https:\/\/www.visit-montenegro.com\/wp-content\/uploads\/2026\/02\/Depositphotos_639669476_L-scaled.jpg\" class=\"attachment-post-thumbnail size-post-thumbnail wp-post-image\" alt=\"\u017dabljak Hotels\" style=\"object-fit:cover;\" srcset=\"https:\/\/www.visit-montenegro.com\/wp-content\/uploads\/2026\/02\/Depositphotos_639669476_L-scaled.jpg 1600w, https:\/\/www.visit-montenegro.com\/wp-content\/uploads\/2026\/02\/Depositphotos_639669476_L-300x200.jpg 300w, https:\/\/www.visit-montenegro.com\/wp-content\/uploads\/2026\/02\/Depositphotos_639669476_L-1024x683.jpg 1024w, https:\/\/www.visit-montenegro.com\/wp-content\/uploads\/2026\/02\/Depositphotos_639669476_L-768x512.jpg 768w, https:\/\/www.visit-montenegro.com\/wp-content\/uploads\/2026\/02\/Depositphotos_639669476_L-1536x1025.jpg 1536w\" sizes=\"auto, (max-width: 1600px) 100vw, 1600px\" \/><\/a><\/figure>\n\n<div class=\"wp-block-post-excerpt\"><p class=\"wp-block-post-excerpt__excerpt\">\u017dabljak Hotels bieten Bergzugang, gem\u00fctliche H\u00fctten und atemberaubende Aussichten f\u00fcr Naturliebhaber in Montenegro.<\/p><p class=\"wp-block-post-excerpt__more-text\"><a class=\"wp-block-post-excerpt__more-link\" href=\"https:\/\/www.visit-montenegro.com\/de\/reiseziele\/zabljak\/info\/hotels\/\"><strong>Mehr lesen<\/strong><\/a><\/p><\/div>\n\n\n<hr class=\"wp-block-separator has-css-opacity\" style=\"margin-top:var(--wp--preset--spacing--70);margin-bottom:var(--wp--preset--spacing--70)\"\/>\n\n<\/li><li class=\"wp-block-post post-134687 page type-page status-publish has-post-thumbnail hentry\">\n<h2 class=\"wp-block-post-title\"><a href=\"https:\/\/www.visit-montenegro.com\/de\/reiseziele\/zabljak\/info\/geschichte\/\" target=\"_self\" >Die Geschichte von \u017dabljak<\/a><\/h2>\n\n<figure class=\"alignwide wp-block-post-featured-image\"><a href=\"https:\/\/www.visit-montenegro.com\/de\/reiseziele\/zabljak\/info\/geschichte\/\" target=\"_self\"  ><img loading=\"lazy\" decoding=\"async\" width=\"1200\" height=\"794\" src=\"https:\/\/www.visit-montenegro.com\/wp-content\/uploads\/2026\/01\/zabljak-house-road-1200x794.jpg\" class=\"attachment-post-thumbnail size-post-thumbnail wp-post-image\" alt=\"Die Geschichte von \u017dabljak\" style=\"object-fit:cover;\" srcset=\"https:\/\/www.visit-montenegro.com\/wp-content\/uploads\/2026\/01\/zabljak-house-road-1200x794.jpg 1200w, https:\/\/www.visit-montenegro.com\/wp-content\/uploads\/2026\/01\/zabljak-house-road-300x199.jpg 300w, https:\/\/www.visit-montenegro.com\/wp-content\/uploads\/2026\/01\/zabljak-house-road-1024x678.jpg 1024w, https:\/\/www.visit-montenegro.com\/wp-content\/uploads\/2026\/01\/zabljak-house-road-768x508.jpg 768w, https:\/\/www.visit-montenegro.com\/wp-content\/uploads\/2026\/01\/zabljak-house-road-1536x1017.jpg 1536w, https:\/\/www.visit-montenegro.com\/wp-content\/uploads\/2026\/01\/zabljak-house-road-scaled.jpg 1600w\" sizes=\"auto, (max-width: 1200px) 100vw, 1200px\" \/><\/a><\/figure>\n\n<div class=\"wp-block-post-excerpt\"><p class=\"wp-block-post-excerpt__excerpt\">Erkunden Sie die reiche Geschichte von \u017dabljak, von antiken illyrischen Siedlungen \u00fcber osmanischen Widerstand bis zur modernen Transformation. Entdecken Sie, wie diese montenegrinische Stadt zu einem Tourismuszentrum wurde, gepr\u00e4gt von Stammesleben und Kriegsopfern.<\/p><p class=\"wp-block-post-excerpt__more-text\"><a class=\"wp-block-post-excerpt__more-link\" href=\"https:\/\/www.visit-montenegro.com\/de\/reiseziele\/zabljak\/info\/geschichte\/\"><strong>Mehr lesen<\/strong><\/a><\/p><\/div>\n\n\n<hr class=\"wp-block-separator has-css-opacity\" style=\"margin-top:var(--wp--preset--spacing--70);margin-bottom:var(--wp--preset--spacing--70)\"\/>\n\n<\/li><li class=\"wp-block-post post-134690 page type-page status-publish has-post-thumbnail hentry\">\n<h2 class=\"wp-block-post-title\"><a href=\"https:\/\/www.visit-montenegro.com\/de\/reiseziele\/zabljak\/info\/durmitor\/\" target=\"_self\" >Durmitor Gebirge<\/a><\/h2>\n\n<figure class=\"alignwide wp-block-post-featured-image\"><a href=\"https:\/\/www.visit-montenegro.com\/de\/reiseziele\/zabljak\/info\/durmitor\/\" target=\"_self\"  ><img loading=\"lazy\" decoding=\"async\" width=\"1200\" height=\"800\" src=\"https:\/\/www.visit-montenegro.com\/wp-content\/uploads\/2026\/01\/crno-jezero-1-1200x800.jpg\" class=\"attachment-post-thumbnail size-post-thumbnail wp-post-image\" alt=\"Durmitor Gebirge\" style=\"object-fit:cover;\" srcset=\"https:\/\/www.visit-montenegro.com\/wp-content\/uploads\/2026\/01\/crno-jezero-1-1200x800.jpg 1200w, https:\/\/www.visit-montenegro.com\/wp-content\/uploads\/2026\/01\/crno-jezero-1-300x200.jpg 300w, https:\/\/www.visit-montenegro.com\/wp-content\/uploads\/2026\/01\/crno-jezero-1-1024x683.jpg 1024w, https:\/\/www.visit-montenegro.com\/wp-content\/uploads\/2026\/01\/crno-jezero-1-768x512.jpg 768w, https:\/\/www.visit-montenegro.com\/wp-content\/uploads\/2026\/01\/crno-jezero-1-1536x1024.jpg 1536w, https:\/\/www.visit-montenegro.com\/wp-content\/uploads\/2026\/01\/crno-jezero-1-scaled.jpg 1600w\" sizes=\"auto, (max-width: 1200px) 100vw, 1200px\" \/><\/a><\/figure>\n\n<div class=\"wp-block-post-excerpt\"><p class=\"wp-block-post-excerpt__excerpt\">Entdecken Sie das Durmitor Gebirge, eine atemberaubende Hochgebirgskuppel in Montenegro mit tiefen Canyons, Gletscherseen und reicher Artenvielfalt. Erkunden Sie seine beeindruckenden Landschaften, lebendige Flora und Fauna und die charmante Stadt \u017dabljak f\u00fcr ein unvergessliches Abenteuer im Herzen Europas.<\/p><p class=\"wp-block-post-excerpt__more-text\"><a class=\"wp-block-post-excerpt__more-link\" href=\"https:\/\/www.visit-montenegro.com\/de\/reiseziele\/zabljak\/info\/durmitor\/\"><strong>Mehr lesen<\/strong><\/a><\/p><\/div>\n\n\n<hr class=\"wp-block-separator has-css-opacity\" style=\"margin-top:var(--wp--preset--spacing--70);margin-bottom:var(--wp--preset--spacing--70)\"\/>\n\n<\/li><\/ul><\/div>\n","protected":false},"excerpt":{"rendered":"<p>Entdecken Sie \u017dabljak, ein Juwel in Montenegros Durmitor-Region. Erkunden Sie seine reiche Geschichte, atemberaubende Naturlandschaften und aufregende Abenteuer. Erfahren Sie mehr \u00fcber dieses faszinierende Reiseziel f\u00fcr Ihre n\u00e4chste Reise.<\/p>\n","protected":false},"author":1,"featured_media":134679,"parent":134612,"menu_order":0,"comment_status":"closed","ping_status":"closed","template":"","meta":{"_yoast_wpseo_focuskw":"Mehr \u00fcber \u017dabljak","_yoast_wpseo_metadesc":"Entdecken Sie \u017dabljak in Montenegro: reiche Geschichte, atemberaubende Durmitor-Landschaften und Abenteuer. Planen Sie Ihre Reise mit Einblicken in dieses sch\u00f6ne Reiseziel.","_kad_post_transparent":"","_kad_post_title":"","_kad_post_layout":"","_kad_post_sidebar_id":"","_kad_post_content_style":"","_kad_post_vertical_padding":"","_kad_post_feature":"","_kad_post_feature_position":"","_kad_post_header":false,"_kad_post_footer":false,"_kad_post_classname":"","iawp_total_views":9,"footnotes":""},"tags":[],"class_list":["post-134678","page","type-page","status-publish","has-post-thumbnail","hentry"],"yoast_head":"<!-- This site is optimized with the Yoast SEO plugin v27.3 - https:\/\/yoast.com\/product\/yoast-seo-wordpress\/ -->\n<title>Mehr \u00fcber \u017dabljak - Visit Montenegro<\/title>\n<meta name=\"description\" content=\"Entdecken Sie \u017dabljak in Montenegro: reiche Geschichte, atemberaubende Durmitor-Landschaften und Abenteuer. Planen Sie Ihre Reise mit Einblicken in dieses sch\u00f6ne Reiseziel.\" \/>\n<meta name=\"robots\" content=\"index, follow, max-snippet:-1, max-image-preview:large, max-video-preview:-1\" \/>\n<link rel=\"canonical\" href=\"https:\/\/www.visit-montenegro.com\/de\/reiseziele\/zabljak\/info\/\" \/>\n<meta property=\"og:locale\" content=\"de_DE\" \/>\n<meta property=\"og:type\" content=\"article\" \/>\n<meta property=\"og:title\" content=\"Mehr \u00fcber \u017dabljak - Visit Montenegro\" \/>\n<meta property=\"og:description\" content=\"Entdecken Sie \u017dabljak in Montenegro: reiche Geschichte, atemberaubende Durmitor-Landschaften und Abenteuer. Planen Sie Ihre Reise mit Einblicken in dieses sch\u00f6ne Reiseziel.\" \/>\n<meta property=\"og:url\" content=\"https:\/\/www.visit-montenegro.com\/de\/reiseziele\/zabljak\/info\/\" \/>\n<meta property=\"og:site_name\" content=\"Visit Montenegro\" \/>\n<meta property=\"article:publisher\" content=\"https:\/\/www.facebook.com\/visitmontenegro\" \/>\n<meta property=\"article:modified_time\" content=\"2026-02-22T16:02:26+00:00\" \/>\n<meta property=\"og:image\" content=\"https:\/\/www.visit-montenegro.com\/wp-content\/uploads\/2026\/01\/durmitor-house-in-forest-scaled.jpg\" \/>\n\t<meta property=\"og:image:width\" content=\"1600\" \/>\n\t<meta property=\"og:image:height\" content=\"669\" \/>\n\t<meta property=\"og:image:type\" content=\"image\/jpeg\" \/>\n<meta name=\"twitter:card\" content=\"summary_large_image\" \/>\n<meta name=\"twitter:site\" content=\"@visitmontenegro\" \/>\n<script type=\"application\/ld+json\" class=\"yoast-schema-graph\">{\"@context\":\"https:\\\/\\\/schema.org\",\"@graph\":[{\"@type\":\"WebPage\",\"@id\":\"https:\\\/\\\/www.visit-montenegro.com\\\/de\\\/reiseziele\\\/zabljak\\\/info\\\/\",\"url\":\"https:\\\/\\\/www.visit-montenegro.com\\\/de\\\/reiseziele\\\/zabljak\\\/info\\\/\",\"name\":\"Mehr \u00fcber \u017dabljak - Visit Montenegro\",\"isPartOf\":{\"@id\":\"https:\\\/\\\/www.visit-montenegro.com\\\/de\\\/#website\"},\"primaryImageOfPage\":{\"@id\":\"https:\\\/\\\/www.visit-montenegro.com\\\/de\\\/reiseziele\\\/zabljak\\\/info\\\/#primaryimage\"},\"image\":{\"@id\":\"https:\\\/\\\/www.visit-montenegro.com\\\/de\\\/reiseziele\\\/zabljak\\\/info\\\/#primaryimage\"},\"thumbnailUrl\":\"https:\\\/\\\/www.visit-montenegro.com\\\/wp-content\\\/uploads\\\/2026\\\/01\\\/durmitor-house-in-forest-scaled.jpg\",\"datePublished\":\"2026-01-27T20:44:33+00:00\",\"dateModified\":\"2026-02-22T16:02:26+00:00\",\"description\":\"Entdecken Sie \u017dabljak in Montenegro: reiche Geschichte, atemberaubende Durmitor-Landschaften und Abenteuer. Planen Sie Ihre Reise mit Einblicken in dieses sch\u00f6ne Reiseziel.\",\"breadcrumb\":{\"@id\":\"https:\\\/\\\/www.visit-montenegro.com\\\/de\\\/reiseziele\\\/zabljak\\\/info\\\/#breadcrumb\"},\"inLanguage\":\"de\",\"potentialAction\":[{\"@type\":\"ReadAction\",\"target\":[\"https:\\\/\\\/www.visit-montenegro.com\\\/de\\\/reiseziele\\\/zabljak\\\/info\\\/\"]}]},{\"@type\":\"ImageObject\",\"inLanguage\":\"de\",\"@id\":\"https:\\\/\\\/www.visit-montenegro.com\\\/de\\\/reiseziele\\\/zabljak\\\/info\\\/#primaryimage\",\"url\":\"https:\\\/\\\/www.visit-montenegro.com\\\/wp-content\\\/uploads\\\/2026\\\/01\\\/durmitor-house-in-forest-scaled.jpg\",\"contentUrl\":\"https:\\\/\\\/www.visit-montenegro.com\\\/wp-content\\\/uploads\\\/2026\\\/01\\\/durmitor-house-in-forest-scaled.jpg\",\"width\":1600,\"height\":669,\"caption\":\"Panoramablick auf sommerliche Berglandschaft mit traditioneller Bergchalet. \u017dabljak, Durmitor, Montenegro\"},{\"@type\":\"BreadcrumbList\",\"@id\":\"https:\\\/\\\/www.visit-montenegro.com\\\/de\\\/reiseziele\\\/zabljak\\\/info\\\/#breadcrumb\",\"itemListElement\":[{\"@type\":\"ListItem\",\"position\":1,\"name\":\"Home\",\"item\":\"https:\\\/\\\/www.visit-montenegro.com\\\/de\\\/home\\\/\"},{\"@type\":\"ListItem\",\"position\":2,\"name\":\"Reiseziele in Montenegro\",\"item\":\"https:\\\/\\\/www.visit-montenegro.com\\\/de\\\/reiseziele\\\/\"},{\"@type\":\"ListItem\",\"position\":3,\"name\":\"\u017dabljak\",\"item\":\"https:\\\/\\\/www.visit-montenegro.com\\\/de\\\/reiseziele\\\/zabljak\\\/\"},{\"@type\":\"ListItem\",\"position\":4,\"name\":\"Mehr \u00fcber \u017dabljak\"}]},{\"@type\":\"WebSite\",\"@id\":\"https:\\\/\\\/www.visit-montenegro.com\\\/de\\\/#website\",\"url\":\"https:\\\/\\\/www.visit-montenegro.com\\\/de\\\/\",\"name\":\"Visit Montenegro\",\"description\":\"Breathtaking beauty\",\"publisher\":{\"@id\":\"https:\\\/\\\/www.visit-montenegro.com\\\/de\\\/#organization\"},\"potentialAction\":[{\"@type\":\"SearchAction\",\"target\":{\"@type\":\"EntryPoint\",\"urlTemplate\":\"https:\\\/\\\/www.visit-montenegro.com\\\/de\\\/?s={search_term_string}\"},\"query-input\":{\"@type\":\"PropertyValueSpecification\",\"valueRequired\":true,\"valueName\":\"search_term_string\"}}],\"inLanguage\":\"de\"},{\"@type\":\"Organization\",\"@id\":\"https:\\\/\\\/www.visit-montenegro.com\\\/de\\\/#organization\",\"name\":\"Visit Montenegro\",\"url\":\"https:\\\/\\\/www.visit-montenegro.com\\\/de\\\/\",\"logo\":{\"@type\":\"ImageObject\",\"inLanguage\":\"de\",\"@id\":\"https:\\\/\\\/www.visit-montenegro.com\\\/de\\\/#\\\/schema\\\/logo\\\/image\\\/\",\"url\":\"https:\\\/\\\/www.visit-montenegro.com\\\/wp-content\\\/uploads\\\/2017\\\/10\\\/logo-amp.png\",\"contentUrl\":\"https:\\\/\\\/www.visit-montenegro.com\\\/wp-content\\\/uploads\\\/2017\\\/10\\\/logo-amp.png\",\"width\":190,\"height\":36,\"caption\":\"Visit Montenegro\"},\"image\":{\"@id\":\"https:\\\/\\\/www.visit-montenegro.com\\\/de\\\/#\\\/schema\\\/logo\\\/image\\\/\"},\"sameAs\":[\"https:\\\/\\\/www.facebook.com\\\/visitmontenegro\",\"https:\\\/\\\/x.com\\\/visitmontenegro\",\"https:\\\/\\\/www.instagram.com\\\/visit_montenegro\\\/\",\"https:\\\/\\\/www.youtube.com\\\/user\\\/VisitMontenegro\"]}]}<\/script>\n<!-- \/ Yoast SEO plugin. -->","yoast_head_json":{"title":"Mehr \u00fcber \u017dabljak - Visit Montenegro","description":"Entdecken Sie \u017dabljak in Montenegro: reiche Geschichte, atemberaubende Durmitor-Landschaften und Abenteuer. Planen Sie Ihre Reise mit Einblicken in dieses sch\u00f6ne Reiseziel.","robots":{"index":"index","follow":"follow","max-snippet":"max-snippet:-1","max-image-preview":"max-image-preview:large","max-video-preview":"max-video-preview:-1"},"canonical":"https:\/\/www.visit-montenegro.com\/de\/reiseziele\/zabljak\/info\/","og_locale":"de_DE","og_type":"article","og_title":"Mehr \u00fcber \u017dabljak - Visit Montenegro","og_description":"Entdecken Sie \u017dabljak in Montenegro: reiche Geschichte, atemberaubende Durmitor-Landschaften und Abenteuer. Planen Sie Ihre Reise mit Einblicken in dieses sch\u00f6ne Reiseziel.","og_url":"https:\/\/www.visit-montenegro.com\/de\/reiseziele\/zabljak\/info\/","og_site_name":"Visit Montenegro","article_publisher":"https:\/\/www.facebook.com\/visitmontenegro","article_modified_time":"2026-02-22T16:02:26+00:00","og_image":[{"width":1600,"height":669,"url":"https:\/\/www.visit-montenegro.com\/wp-content\/uploads\/2026\/01\/durmitor-house-in-forest-scaled.jpg","type":"image\/jpeg"}],"twitter_card":"summary_large_image","twitter_site":"@visitmontenegro","schema":{"@context":"https:\/\/schema.org","@graph":[{"@type":"WebPage","@id":"https:\/\/www.visit-montenegro.com\/de\/reiseziele\/zabljak\/info\/","url":"https:\/\/www.visit-montenegro.com\/de\/reiseziele\/zabljak\/info\/","name":"Mehr \u00fcber \u017dabljak - Visit Montenegro","isPartOf":{"@id":"https:\/\/www.visit-montenegro.com\/de\/#website"},"primaryImageOfPage":{"@id":"https:\/\/www.visit-montenegro.com\/de\/reiseziele\/zabljak\/info\/#primaryimage"},"image":{"@id":"https:\/\/www.visit-montenegro.com\/de\/reiseziele\/zabljak\/info\/#primaryimage"},"thumbnailUrl":"https:\/\/www.visit-montenegro.com\/wp-content\/uploads\/2026\/01\/durmitor-house-in-forest-scaled.jpg","datePublished":"2026-01-27T20:44:33+00:00","dateModified":"2026-02-22T16:02:26+00:00","description":"Entdecken Sie \u017dabljak in Montenegro: reiche Geschichte, atemberaubende Durmitor-Landschaften und Abenteuer. Planen Sie Ihre Reise mit Einblicken in dieses sch\u00f6ne Reiseziel.","breadcrumb":{"@id":"https:\/\/www.visit-montenegro.com\/de\/reiseziele\/zabljak\/info\/#breadcrumb"},"inLanguage":"de","potentialAction":[{"@type":"ReadAction","target":["https:\/\/www.visit-montenegro.com\/de\/reiseziele\/zabljak\/info\/"]}]},{"@type":"ImageObject","inLanguage":"de","@id":"https:\/\/www.visit-montenegro.com\/de\/reiseziele\/zabljak\/info\/#primaryimage","url":"https:\/\/www.visit-montenegro.com\/wp-content\/uploads\/2026\/01\/durmitor-house-in-forest-scaled.jpg","contentUrl":"https:\/\/www.visit-montenegro.com\/wp-content\/uploads\/2026\/01\/durmitor-house-in-forest-scaled.jpg","width":1600,"height":669,"caption":"Panoramablick auf sommerliche Berglandschaft mit traditioneller Bergchalet. \u017dabljak, Durmitor, Montenegro"},{"@type":"BreadcrumbList","@id":"https:\/\/www.visit-montenegro.com\/de\/reiseziele\/zabljak\/info\/#breadcrumb","itemListElement":[{"@type":"ListItem","position":1,"name":"Home","item":"https:\/\/www.visit-montenegro.com\/de\/home\/"},{"@type":"ListItem","position":2,"name":"Reiseziele in Montenegro","item":"https:\/\/www.visit-montenegro.com\/de\/reiseziele\/"},{"@type":"ListItem","position":3,"name":"\u017dabljak","item":"https:\/\/www.visit-montenegro.com\/de\/reiseziele\/zabljak\/"},{"@type":"ListItem","position":4,"name":"Mehr \u00fcber \u017dabljak"}]},{"@type":"WebSite","@id":"https:\/\/www.visit-montenegro.com\/de\/#website","url":"https:\/\/www.visit-montenegro.com\/de\/","name":"Visit Montenegro","description":"Breathtaking beauty","publisher":{"@id":"https:\/\/www.visit-montenegro.com\/de\/#organization"},"potentialAction":[{"@type":"SearchAction","target":{"@type":"EntryPoint","urlTemplate":"https:\/\/www.visit-montenegro.com\/de\/?s={search_term_string}"},"query-input":{"@type":"PropertyValueSpecification","valueRequired":true,"valueName":"search_term_string"}}],"inLanguage":"de"},{"@type":"Organization","@id":"https:\/\/www.visit-montenegro.com\/de\/#organization","name":"Visit Montenegro","url":"https:\/\/www.visit-montenegro.com\/de\/","logo":{"@type":"ImageObject","inLanguage":"de","@id":"https:\/\/www.visit-montenegro.com\/de\/#\/schema\/logo\/image\/","url":"https:\/\/www.visit-montenegro.com\/wp-content\/uploads\/2017\/10\/logo-amp.png","contentUrl":"https:\/\/www.visit-montenegro.com\/wp-content\/uploads\/2017\/10\/logo-amp.png","width":190,"height":36,"caption":"Visit Montenegro"},"image":{"@id":"https:\/\/www.visit-montenegro.com\/de\/#\/schema\/logo\/image\/"},"sameAs":["https:\/\/www.facebook.com\/visitmontenegro","https:\/\/x.com\/visitmontenegro","https:\/\/www.instagram.com\/visit_montenegro\/","https:\/\/www.youtube.com\/user\/VisitMontenegro"]}]}},"translations":[],"_links":{"self":[{"href":"https:\/\/www.visit-montenegro.com\/de\/wp-json\/wp\/v2\/pages\/134678","targetHints":{"allow":["GET"]}}],"collection":[{"href":"https:\/\/www.visit-montenegro.com\/de\/wp-json\/wp\/v2\/pages"}],"about":[{"href":"https:\/\/www.visit-montenegro.com\/de\/wp-json\/wp\/v2\/types\/page"}],"author":[{"embeddable":true,"href":"https:\/\/www.visit-montenegro.com\/de\/wp-json\/wp\/v2\/users\/1"}],"replies":[{"embeddable":true,"href":"https:\/\/www.visit-montenegro.com\/de\/wp-json\/wp\/v2\/comments?post=134678"}],"version-history":[{"count":0,"href":"https:\/\/www.visit-montenegro.com\/de\/wp-json\/wp\/v2\/pages\/134678\/revisions"}],"up":[{"embeddable":true,"href":"https:\/\/www.visit-montenegro.com\/de\/wp-json\/wp\/v2\/pages\/134612"}],"wp:featuredmedia":[{"embeddable":true,"href":"https:\/\/www.visit-montenegro.com\/de\/wp-json\/wp\/v2\/media\/134679"}],"wp:attachment":[{"href":"https:\/\/www.visit-montenegro.com\/de\/wp-json\/wp\/v2\/media?parent=134678"}],"wp:term":[{"taxonomy":"post_tag","embeddable":true,"href":"https:\/\/www.visit-montenegro.com\/de\/wp-json\/wp\/v2\/tags?post=134678"}],"curies":[{"name":"wp","href":"https:\/\/api.w.org\/{rel}","templated":true}]}}