{"id":134694,"date":"2026-01-27T21:44:33","date_gmt":"2026-01-27T20:44:33","guid":{"rendered":"https:\/\/new.visit-montenegro.com\/natur\/"},"modified":"2026-02-24T13:33:10","modified_gmt":"2026-02-24T12:33:10","slug":"natur","status":"publish","type":"page","link":"https:\/\/www.visit-montenegro.com\/de\/reiseziele\/kolasin\/info\/natur\/","title":{"rendered":"Kolasin Natur"},"content":{"rendered":"\n<p><a href=\"https:\/\/www.visit-montenegro.com\/de\/reiseziele\/kolasin\/\">Kolasin<\/a> Natur ist eine atemberaubende Region in Montenegro, in der dramatische Bergketten, tiefe Flussschluchten und unber\u00fchrte Seen zusammentreffen und eine malerische und vielf\u00e4ltige Landschaft schaffen, die ideal f\u00fcr Naturbegeisterte und Reisende ist.<\/p>\n\n<hr class=\"wp-block-separator has-alpha-channel-opacity\" \/>\n\n<h2 class=\"wp-block-heading\">Majest\u00e4tische Berge und Gipfel<\/h2>\n\n<p>Im Gebiet der <strong>Kolasin Natur<\/strong> treffen verschiedene Reliefformen aufeinander, was dieses Gebiet zu einem der malerischsten und sch\u00f6nsten in diesem Teil der Balkanhalbinsel macht. Berggipfel von Sinjajevina, Bjelasica, Kljuc, Kapa Moracka usw. erstrecken sich \u00fcber dieses Gebiet. Diese Berge sind reich an Vielfalt und Abwechslung der Oberfl\u00e4chen, \u00fcber denen Gipfel meist \u00fcber 2.000 Meter H\u00f6he \u00fcber dem Meeresspiegel erscheinen. Zu den bekanntesten geh\u00f6ren Jablanov vrh auf dem Berg Sinjajevina (Pappelgipfel \u2013 2.230 Meter H\u00f6he \u00fcber dem Meeresspiegel), Troglava auf Bjelasica (2.075 \u2013 2.230 Meter H\u00f6he \u00fcber dem Meeresspiegel), Zekova glava auf demselben Berg (2.116 \u2013 2.230 Meter H\u00f6he \u00fcber dem Meeresspiegel) und Kapa Moracka (2.227 \u2013 2.230 Meter H\u00f6he \u00fcber dem Meeresspiegel).<\/p>\n\n<h2 class=\"wp-block-heading\">Flussschluchten und Wasserwege<\/h2>\n\n<p>Die Fl\u00fcsse <a href=\"https:\/\/www.visit-montenegro.com\/de\/reiseziele\/zabljak\/sehenswuerdigkeiten\/tara-river\/\">Tara<\/a>, Moraca und ihre Nebenfl\u00fcsse, meist vom Schluchtentyp, tragen zum besonderen Reichtum der <strong>Kolasin Natur<\/strong> bei. Ihre Merkmale umfassen tief eingeschnittene T\u00e4ler und interessante Flussl\u00e4ufe, reich an Stromschnellen und Wasserf\u00e4llen. Tats\u00e4chlich ist die Sch\u00f6nheit der Tara und ihres Schluchttals weltweit bekannt. Die M\u00fcndung der Moraca liegt unter den H\u00e4ngen von Javorje, und die L\u00e4nge der Schlucht betr\u00e4gt \u00fcber 35 Kilometer, mit Tiefen an bestimmten Stellen von \u00fcber 1.000 Metern. Es ist eines der bekanntesten nat\u00fcrlichen Merkmale dieses Gebiets. Steile und hohe Klippen erheben sich \u00fcber die schnelle und kalte Moraca, was das Erlebnis der Reise durch die Schlucht unbeschreiblich sch\u00f6n und einzigartig macht.<\/p>\n\n<p>Von Flussschluchten mit unwirklicher Sch\u00f6nheit sticht die Schlucht des Flusses Mrtvica hervor. Auf einer L\u00e4nge von 9 Kilometern bereitet sie den wenigen Menschen Freude, die sie im Laufe des Jahres besuchen. Die Ufer des Flusses sind sehr steil und hoch, und auf ihnen finden Sie zahlreiche endemische Pflanzenarten \u2013 Strauchwerk, das f\u00fcr dieses Gebiet charakteristisch ist. Bis vor kurzem war dieses Gebiet unbekannt und unzug\u00e4nglich, und selbst heute gelangen Menschen dorthin \u00fcber wenig bekannte und kaum passierbare Pfade.<\/p>\n\n<h2 class=\"wp-block-heading\">Seen und Klima<\/h2>\n\n<p>Auf dem Berg Trebjes, auf einer H\u00f6he von 1.687 Metern \u00fcber dem Meeresspiegel, befinden sich Kapetanovo jezero (Kapit\u00e4nssee) und Brnjicko jezero (Maulsee) sowie einige sehr sch\u00f6ne Wasserfl\u00e4chen.<\/p>\n\n<p>Kolasin wird mit vollem Recht als Luftkurort betrachtet. Ein gro\u00dfer Teil des Gemeindegebiets liegt in der Grenzzone der subtropischen und gem\u00e4\u00dfigten Klimazonen. Dieser Zwischenklimatyp spiegelt sich in relativ trockenen und etwas k\u00fcrzeren Sommern wider. Im Tal des Flusses Moraca sp\u00fcrt man den Einfluss des Mittelmeers, und die Klimamerkmale dieses Gebiets werden weitgehend durch die hohe H\u00f6henlage des Landes und das Vorhandensein hoher Berge bestimmt, die Str\u00f6mungen aus dem S\u00fcden isolieren. Der Herbst ist etwas w\u00e4rmer als der Fr\u00fchling, w\u00e4hrend Schneedecke und extrem frisches, aber selten raues Klima f\u00fcr Kolasiner Winter charakteristisch sind. Auf einer H\u00f6he von 965 Metern \u00fcber dem Meeresspiegel verschmilzt all dies zu einem Luftkurort, der von denen besucht wird, die auf Anraten ihres Arztes nach Erholung und Erfrischung suchen.<\/p>\n\n<h2 class=\"wp-block-heading\">Flora und Fauna<\/h2>\n\n<p>\u00dcber den kristallklaren und ruhigen Seewassern erheben sich \u00fcber 80 Arten von Waldstammvegetation. In diesem Regenwaldreservat dominieren Waldgemeinschaften von Wacholder und Kiefer, subalpine Buchen mit Balkanahorn sowie Gemeinschaften von Hainbuche, Sesleria tenuifolia und Wildrosen. Im Gebiet des Nationalparks und des Berges Bjelasica, auf dem sich der Nationalpark weiter erstreckt, sind Dichte und Vielfalt der Flora charakteristisch. Auf der Fl\u00e4che, die der Nationalpark einnimmt, und sogar dar\u00fcber hinaus im Gebiet der Gemeinde Kolasin gibt es etwa 2.000 Pflanzenarten und -unterarten, von denen eine gro\u00dfe Anzahl endemisch ist. Von den gesetzlich gesch\u00fctzten haben wir Gelber Enzian (Gentiana lutea), Trollblume (Trolius europeus), Eibe (Taksus baccata), Baldrian (Valeriana pancicii) und viele andere. Zu den f\u00fcr dieses Gebiet charakteristischen Arten geh\u00f6ren Edrianthus Montenegrinus Hora (Edraianthus jugoslavicus lakusic), Montenegrinische Fingerkraut (Potentilla montenegrina Pant.) und andere.<\/p>\n\n<p>Wenn wir \u00fcber das Tierleben des Nationalparks <a href=\"https:\/\/www.visit-montenegro.com\/de\/reiseziele\/kolasin\/sehenswuerdigkeiten\/biogradska-gora\/\">Biogradska gora<\/a> sprechen, sprechen wir \u00fcber einen Raum von au\u00dfergew\u00f6hnlicher Sch\u00f6nheit und Reichtum. Von S\u00e4ugetieren finden Sie im Nationalpark und den W\u00e4ldern der Berge, die \u00fcber Kolasin aufragen: Braunb\u00e4r, Hirsch, Reh, Dachs, Maulwurf sowie zahlreiche Arten von Flederm\u00e4usen. \u00dcber 200 Arten von V\u00f6geln, von denen viele gesch\u00fctzte Arten sind, wurden im Nationalpark <a href=\"https:\/\/www.visit-montenegro.com\/de\/reiseziele\/kolasin\/sehenswuerdigkeiten\/biogradska-gora\/\">Biogradska gora<\/a> registriert. Zu den bekanntesten geh\u00f6ren: Steinadler (aguila chrysaetus), Habicht, Sperber, Auerhahn, Wildg\u00e4nse und Rotkehlchen. Es gibt mehrere Arten von Fischen, die im Biogradsko-See dominieren: Forelle, Groppe (cottus gobia), \u00c4sche (thymulus thymulus) und Huchen (hucho hucho). Im Gebiet des Nationalparks ist es m\u00f6glich, extrem seltene menschen\u00e4hnliche Fische, Europ\u00e4ische Sumpfschildkr\u00f6te, Europ\u00e4ischer Laubfrosch (Hyla arborea) und andere zu finden. F\u00fcr Liebhaber der Entomologie spricht die Tatsache, dass in diesem Reservat 80 verschiedene Arten von Schmetterlingen gefunden werden k\u00f6nnen, f\u00fcr sich.<\/p>\n\n<p><a href=\"https:\/\/www.visit-montenegro.com\/de\/reiseziele\/kolasin\/sehenswuerdigkeiten\/biogradska-gora\/\">Biogradska gora<\/a> hat auch viel in Bezug auf kulturell-historisches Erbe zu bieten. Zahlreiche arch\u00e4ologische St\u00e4tten, meist Nekropolen, und Volksbauweise dominieren in der Kultur des Biogradsko-Sees. Unter ihnen sind in der Zone des Nationalparks besonders bekannt: Brskovo, Sjerogoste, Macurska Gr\u00e4ber und andere. Objekte der nationalen Architektur wie H\u00fctten, Schuppen und Wasserm\u00fchlen aus Holz und Stein werden f\u00fcr jeden Besucher interessant sein.<\/p>\n","protected":false},"excerpt":{"rendered":"<p>Entdecken Sie Kolasin Natur, eine atemberaubende Region in Montenegro, in der majest\u00e4tische Berge, tiefe Flussschluchten und unber\u00fchrte Seen eine beeindruckende Landschaft bilden. Erkunden Sie ihre reiche Flora und Fauna, einschlie\u00dflich endemischer Arten und vielf\u00e4ltiger Wildtiere, ideal f\u00fcr Naturliebhaber und Abenteuersuchende.<\/p>\n","protected":false},"author":1,"featured_media":134695,"parent":134722,"menu_order":0,"comment_status":"closed","ping_status":"closed","template":"","meta":{"_yoast_wpseo_focuskw":"Kolasin Natur","_yoast_wpseo_metadesc":"Entdecken Sie Kolasin Natur in Montenegro: majest\u00e4tische Berge, tiefe Schluchten und unber\u00fchrte Seen. Erkunden Sie reiche Flora, Fauna und kulturelles Erbe f\u00fcr eine unvergessliche Reise.","_kad_post_transparent":"","_kad_post_title":"","_kad_post_layout":"","_kad_post_sidebar_id":"","_kad_post_content_style":"","_kad_post_vertical_padding":"","_kad_post_feature":"","_kad_post_feature_position":"","_kad_post_header":false,"_kad_post_footer":false,"_kad_post_classname":"","iawp_total_views":0,"footnotes":""},"tags":[],"class_list":["post-134694","page","type-page","status-publish","has-post-thumbnail","hentry"],"yoast_head":"<!-- This site is optimized with the Yoast SEO plugin v27.3 - https:\/\/yoast.com\/product\/yoast-seo-wordpress\/ -->\n<title>Kolasin Natur - Visit Montenegro<\/title>\n<meta name=\"description\" content=\"Entdecken Sie Kolasin Natur in Montenegro: majest\u00e4tische Berge, tiefe Schluchten und unber\u00fchrte Seen. Erkunden Sie reiche Flora, Fauna und kulturelles Erbe f\u00fcr eine unvergessliche Reise.\" \/>\n<meta name=\"robots\" content=\"index, follow, max-snippet:-1, max-image-preview:large, max-video-preview:-1\" \/>\n<link rel=\"canonical\" href=\"https:\/\/www.visit-montenegro.com\/de\/reiseziele\/kolasin\/info\/natur\/\" \/>\n<meta property=\"og:locale\" content=\"de_DE\" \/>\n<meta property=\"og:type\" content=\"article\" \/>\n<meta property=\"og:title\" content=\"Kolasin Natur - Visit Montenegro\" \/>\n<meta property=\"og:description\" content=\"Entdecken Sie Kolasin Natur in Montenegro: majest\u00e4tische Berge, tiefe Schluchten und unber\u00fchrte Seen. Erkunden Sie reiche Flora, Fauna und kulturelles Erbe f\u00fcr eine unvergessliche Reise.\" \/>\n<meta property=\"og:url\" content=\"https:\/\/www.visit-montenegro.com\/de\/reiseziele\/kolasin\/info\/natur\/\" \/>\n<meta property=\"og:site_name\" content=\"Visit Montenegro\" \/>\n<meta property=\"article:publisher\" content=\"https:\/\/www.facebook.com\/visitmontenegro\" \/>\n<meta property=\"article:modified_time\" content=\"2026-02-24T12:33:10+00:00\" \/>\n<meta property=\"og:image\" content=\"https:\/\/www.visit-montenegro.com\/wp-content\/uploads\/2026\/01\/kolasin-bjelasica-peaks-scaled.jpg\" \/>\n\t<meta property=\"og:image:width\" content=\"1600\" \/>\n\t<meta property=\"og:image:height\" content=\"635\" \/>\n\t<meta property=\"og:image:type\" content=\"image\/jpeg\" \/>\n<meta name=\"twitter:card\" content=\"summary_large_image\" \/>\n<meta name=\"twitter:site\" content=\"@visitmontenegro\" \/>\n<meta name=\"twitter:label1\" content=\"Gesch\u00e4tzte Lesezeit\" \/>\n\t<meta name=\"twitter:data1\" content=\"4\u00a0Minuten\" \/>\n<script type=\"application\/ld+json\" class=\"yoast-schema-graph\">{\"@context\":\"https:\\\/\\\/schema.org\",\"@graph\":[{\"@type\":\"WebPage\",\"@id\":\"https:\\\/\\\/www.visit-montenegro.com\\\/de\\\/reiseziele\\\/kolasin\\\/info\\\/natur\\\/\",\"url\":\"https:\\\/\\\/www.visit-montenegro.com\\\/de\\\/reiseziele\\\/kolasin\\\/info\\\/natur\\\/\",\"name\":\"Kolasin Natur - Visit Montenegro\",\"isPartOf\":{\"@id\":\"https:\\\/\\\/www.visit-montenegro.com\\\/de\\\/#website\"},\"primaryImageOfPage\":{\"@id\":\"https:\\\/\\\/www.visit-montenegro.com\\\/de\\\/reiseziele\\\/kolasin\\\/info\\\/natur\\\/#primaryimage\"},\"image\":{\"@id\":\"https:\\\/\\\/www.visit-montenegro.com\\\/de\\\/reiseziele\\\/kolasin\\\/info\\\/natur\\\/#primaryimage\"},\"thumbnailUrl\":\"https:\\\/\\\/www.visit-montenegro.com\\\/wp-content\\\/uploads\\\/2026\\\/01\\\/kolasin-bjelasica-peaks-scaled.jpg\",\"datePublished\":\"2026-01-27T20:44:33+00:00\",\"dateModified\":\"2026-02-24T12:33:10+00:00\",\"description\":\"Entdecken Sie Kolasin Natur in Montenegro: majest\u00e4tische Berge, tiefe Schluchten und unber\u00fchrte Seen. Erkunden Sie reiche Flora, Fauna und kulturelles Erbe f\u00fcr eine unvergessliche Reise.\",\"breadcrumb\":{\"@id\":\"https:\\\/\\\/www.visit-montenegro.com\\\/de\\\/reiseziele\\\/kolasin\\\/info\\\/natur\\\/#breadcrumb\"},\"inLanguage\":\"de\",\"potentialAction\":[{\"@type\":\"ReadAction\",\"target\":[\"https:\\\/\\\/www.visit-montenegro.com\\\/de\\\/reiseziele\\\/kolasin\\\/info\\\/natur\\\/\"]}]},{\"@type\":\"ImageObject\",\"inLanguage\":\"de\",\"@id\":\"https:\\\/\\\/www.visit-montenegro.com\\\/de\\\/reiseziele\\\/kolasin\\\/info\\\/natur\\\/#primaryimage\",\"url\":\"https:\\\/\\\/www.visit-montenegro.com\\\/wp-content\\\/uploads\\\/2026\\\/01\\\/kolasin-bjelasica-peaks-scaled.jpg\",\"contentUrl\":\"https:\\\/\\\/www.visit-montenegro.com\\\/wp-content\\\/uploads\\\/2026\\\/01\\\/kolasin-bjelasica-peaks-scaled.jpg\",\"width\":1600,\"height\":635,\"caption\":\"Panoramablick auf das Tal im Nationalpark \\\"Biogradska Gora\\\" bei bew\u00f6lktem Wetter. Montenegro. (2)\"},{\"@type\":\"BreadcrumbList\",\"@id\":\"https:\\\/\\\/www.visit-montenegro.com\\\/de\\\/reiseziele\\\/kolasin\\\/info\\\/natur\\\/#breadcrumb\",\"itemListElement\":[{\"@type\":\"ListItem\",\"position\":1,\"name\":\"Home\",\"item\":\"https:\\\/\\\/www.visit-montenegro.com\\\/de\\\/home\\\/\"},{\"@type\":\"ListItem\",\"position\":2,\"name\":\"Reiseziele in Montenegro\",\"item\":\"https:\\\/\\\/www.visit-montenegro.com\\\/de\\\/reiseziele\\\/\"},{\"@type\":\"ListItem\",\"position\":3,\"name\":\"Kolasin\",\"item\":\"https:\\\/\\\/www.visit-montenegro.com\\\/de\\\/reiseziele\\\/kolasin\\\/\"},{\"@type\":\"ListItem\",\"position\":4,\"name\":\"Mehr \u00fcber Kolasin\",\"item\":\"https:\\\/\\\/www.visit-montenegro.com\\\/de\\\/reiseziele\\\/kolasin\\\/info\\\/\"},{\"@type\":\"ListItem\",\"position\":5,\"name\":\"Kolasin Natur\"}]},{\"@type\":\"WebSite\",\"@id\":\"https:\\\/\\\/www.visit-montenegro.com\\\/de\\\/#website\",\"url\":\"https:\\\/\\\/www.visit-montenegro.com\\\/de\\\/\",\"name\":\"Visit Montenegro\",\"description\":\"Breathtaking beauty\",\"publisher\":{\"@id\":\"https:\\\/\\\/www.visit-montenegro.com\\\/de\\\/#organization\"},\"potentialAction\":[{\"@type\":\"SearchAction\",\"target\":{\"@type\":\"EntryPoint\",\"urlTemplate\":\"https:\\\/\\\/www.visit-montenegro.com\\\/de\\\/?s={search_term_string}\"},\"query-input\":{\"@type\":\"PropertyValueSpecification\",\"valueRequired\":true,\"valueName\":\"search_term_string\"}}],\"inLanguage\":\"de\"},{\"@type\":\"Organization\",\"@id\":\"https:\\\/\\\/www.visit-montenegro.com\\\/de\\\/#organization\",\"name\":\"Visit Montenegro\",\"url\":\"https:\\\/\\\/www.visit-montenegro.com\\\/de\\\/\",\"logo\":{\"@type\":\"ImageObject\",\"inLanguage\":\"de\",\"@id\":\"https:\\\/\\\/www.visit-montenegro.com\\\/de\\\/#\\\/schema\\\/logo\\\/image\\\/\",\"url\":\"https:\\\/\\\/www.visit-montenegro.com\\\/wp-content\\\/uploads\\\/2017\\\/10\\\/logo-amp.png\",\"contentUrl\":\"https:\\\/\\\/www.visit-montenegro.com\\\/wp-content\\\/uploads\\\/2017\\\/10\\\/logo-amp.png\",\"width\":190,\"height\":36,\"caption\":\"Visit Montenegro\"},\"image\":{\"@id\":\"https:\\\/\\\/www.visit-montenegro.com\\\/de\\\/#\\\/schema\\\/logo\\\/image\\\/\"},\"sameAs\":[\"https:\\\/\\\/www.facebook.com\\\/visitmontenegro\",\"https:\\\/\\\/x.com\\\/visitmontenegro\",\"https:\\\/\\\/www.instagram.com\\\/visit_montenegro\\\/\",\"https:\\\/\\\/www.youtube.com\\\/user\\\/VisitMontenegro\"]}]}<\/script>\n<!-- \/ Yoast SEO plugin. -->","yoast_head_json":{"title":"Kolasin Natur - Visit Montenegro","description":"Entdecken Sie Kolasin Natur in Montenegro: majest\u00e4tische Berge, tiefe Schluchten und unber\u00fchrte Seen. Erkunden Sie reiche Flora, Fauna und kulturelles Erbe f\u00fcr eine unvergessliche Reise.","robots":{"index":"index","follow":"follow","max-snippet":"max-snippet:-1","max-image-preview":"max-image-preview:large","max-video-preview":"max-video-preview:-1"},"canonical":"https:\/\/www.visit-montenegro.com\/de\/reiseziele\/kolasin\/info\/natur\/","og_locale":"de_DE","og_type":"article","og_title":"Kolasin Natur - Visit Montenegro","og_description":"Entdecken Sie Kolasin Natur in Montenegro: majest\u00e4tische Berge, tiefe Schluchten und unber\u00fchrte Seen. Erkunden Sie reiche Flora, Fauna und kulturelles Erbe f\u00fcr eine unvergessliche Reise.","og_url":"https:\/\/www.visit-montenegro.com\/de\/reiseziele\/kolasin\/info\/natur\/","og_site_name":"Visit Montenegro","article_publisher":"https:\/\/www.facebook.com\/visitmontenegro","article_modified_time":"2026-02-24T12:33:10+00:00","og_image":[{"width":1600,"height":635,"url":"https:\/\/www.visit-montenegro.com\/wp-content\/uploads\/2026\/01\/kolasin-bjelasica-peaks-scaled.jpg","type":"image\/jpeg"}],"twitter_card":"summary_large_image","twitter_site":"@visitmontenegro","twitter_misc":{"Gesch\u00e4tzte Lesezeit":"4\u00a0Minuten"},"schema":{"@context":"https:\/\/schema.org","@graph":[{"@type":"WebPage","@id":"https:\/\/www.visit-montenegro.com\/de\/reiseziele\/kolasin\/info\/natur\/","url":"https:\/\/www.visit-montenegro.com\/de\/reiseziele\/kolasin\/info\/natur\/","name":"Kolasin Natur - Visit Montenegro","isPartOf":{"@id":"https:\/\/www.visit-montenegro.com\/de\/#website"},"primaryImageOfPage":{"@id":"https:\/\/www.visit-montenegro.com\/de\/reiseziele\/kolasin\/info\/natur\/#primaryimage"},"image":{"@id":"https:\/\/www.visit-montenegro.com\/de\/reiseziele\/kolasin\/info\/natur\/#primaryimage"},"thumbnailUrl":"https:\/\/www.visit-montenegro.com\/wp-content\/uploads\/2026\/01\/kolasin-bjelasica-peaks-scaled.jpg","datePublished":"2026-01-27T20:44:33+00:00","dateModified":"2026-02-24T12:33:10+00:00","description":"Entdecken Sie Kolasin Natur in Montenegro: majest\u00e4tische Berge, tiefe Schluchten und unber\u00fchrte Seen. Erkunden Sie reiche Flora, Fauna und kulturelles Erbe f\u00fcr eine unvergessliche Reise.","breadcrumb":{"@id":"https:\/\/www.visit-montenegro.com\/de\/reiseziele\/kolasin\/info\/natur\/#breadcrumb"},"inLanguage":"de","potentialAction":[{"@type":"ReadAction","target":["https:\/\/www.visit-montenegro.com\/de\/reiseziele\/kolasin\/info\/natur\/"]}]},{"@type":"ImageObject","inLanguage":"de","@id":"https:\/\/www.visit-montenegro.com\/de\/reiseziele\/kolasin\/info\/natur\/#primaryimage","url":"https:\/\/www.visit-montenegro.com\/wp-content\/uploads\/2026\/01\/kolasin-bjelasica-peaks-scaled.jpg","contentUrl":"https:\/\/www.visit-montenegro.com\/wp-content\/uploads\/2026\/01\/kolasin-bjelasica-peaks-scaled.jpg","width":1600,"height":635,"caption":"Panoramablick auf das Tal im Nationalpark \"Biogradska Gora\" bei bew\u00f6lktem Wetter. Montenegro. (2)"},{"@type":"BreadcrumbList","@id":"https:\/\/www.visit-montenegro.com\/de\/reiseziele\/kolasin\/info\/natur\/#breadcrumb","itemListElement":[{"@type":"ListItem","position":1,"name":"Home","item":"https:\/\/www.visit-montenegro.com\/de\/home\/"},{"@type":"ListItem","position":2,"name":"Reiseziele in Montenegro","item":"https:\/\/www.visit-montenegro.com\/de\/reiseziele\/"},{"@type":"ListItem","position":3,"name":"Kolasin","item":"https:\/\/www.visit-montenegro.com\/de\/reiseziele\/kolasin\/"},{"@type":"ListItem","position":4,"name":"Mehr \u00fcber Kolasin","item":"https:\/\/www.visit-montenegro.com\/de\/reiseziele\/kolasin\/info\/"},{"@type":"ListItem","position":5,"name":"Kolasin Natur"}]},{"@type":"WebSite","@id":"https:\/\/www.visit-montenegro.com\/de\/#website","url":"https:\/\/www.visit-montenegro.com\/de\/","name":"Visit Montenegro","description":"Breathtaking beauty","publisher":{"@id":"https:\/\/www.visit-montenegro.com\/de\/#organization"},"potentialAction":[{"@type":"SearchAction","target":{"@type":"EntryPoint","urlTemplate":"https:\/\/www.visit-montenegro.com\/de\/?s={search_term_string}"},"query-input":{"@type":"PropertyValueSpecification","valueRequired":true,"valueName":"search_term_string"}}],"inLanguage":"de"},{"@type":"Organization","@id":"https:\/\/www.visit-montenegro.com\/de\/#organization","name":"Visit Montenegro","url":"https:\/\/www.visit-montenegro.com\/de\/","logo":{"@type":"ImageObject","inLanguage":"de","@id":"https:\/\/www.visit-montenegro.com\/de\/#\/schema\/logo\/image\/","url":"https:\/\/www.visit-montenegro.com\/wp-content\/uploads\/2017\/10\/logo-amp.png","contentUrl":"https:\/\/www.visit-montenegro.com\/wp-content\/uploads\/2017\/10\/logo-amp.png","width":190,"height":36,"caption":"Visit Montenegro"},"image":{"@id":"https:\/\/www.visit-montenegro.com\/de\/#\/schema\/logo\/image\/"},"sameAs":["https:\/\/www.facebook.com\/visitmontenegro","https:\/\/x.com\/visitmontenegro","https:\/\/www.instagram.com\/visit_montenegro\/","https:\/\/www.youtube.com\/user\/VisitMontenegro"]}]}},"translations":[],"_links":{"self":[{"href":"https:\/\/www.visit-montenegro.com\/de\/wp-json\/wp\/v2\/pages\/134694","targetHints":{"allow":["GET"]}}],"collection":[{"href":"https:\/\/www.visit-montenegro.com\/de\/wp-json\/wp\/v2\/pages"}],"about":[{"href":"https:\/\/www.visit-montenegro.com\/de\/wp-json\/wp\/v2\/types\/page"}],"author":[{"embeddable":true,"href":"https:\/\/www.visit-montenegro.com\/de\/wp-json\/wp\/v2\/users\/1"}],"replies":[{"embeddable":true,"href":"https:\/\/www.visit-montenegro.com\/de\/wp-json\/wp\/v2\/comments?post=134694"}],"version-history":[{"count":0,"href":"https:\/\/www.visit-montenegro.com\/de\/wp-json\/wp\/v2\/pages\/134694\/revisions"}],"up":[{"embeddable":true,"href":"https:\/\/www.visit-montenegro.com\/de\/wp-json\/wp\/v2\/pages\/134722"}],"wp:featuredmedia":[{"embeddable":true,"href":"https:\/\/www.visit-montenegro.com\/de\/wp-json\/wp\/v2\/media\/134695"}],"wp:attachment":[{"href":"https:\/\/www.visit-montenegro.com\/de\/wp-json\/wp\/v2\/media?parent=134694"}],"wp:term":[{"taxonomy":"post_tag","embeddable":true,"href":"https:\/\/www.visit-montenegro.com\/de\/wp-json\/wp\/v2\/tags?post=134694"}],"curies":[{"name":"wp","href":"https:\/\/api.w.org\/{rel}","templated":true}]}}