{"id":134716,"date":"2026-01-27T21:44:33","date_gmt":"2026-01-27T20:44:33","guid":{"rendered":"https:\/\/new.visit-montenegro.com\/ziele\/kolasin\/attractions\/kloster-moraca\/"},"modified":"2026-02-22T17:02:26","modified_gmt":"2026-02-22T16:02:26","slug":"kloster-moraca","status":"publish","type":"page","link":"https:\/\/www.visit-montenegro.com\/de\/reiseziele\/kolasin\/sehenswuerdigkeiten\/kloster-moraca\/","title":{"rendered":"Kloster Mora\u010da"},"content":{"rendered":"\n<p><strong>Kloster Mora\u010da<\/strong> ist ein serbisch-orthodoxes Kloster aus dem 13. Jahrhundert, das am rechten Ufer des Flusses Mora\u010da in der N\u00e4he von Kola\u0161in, Montenegro, liegt. Gegr\u00fcndet 1252 von Stefan Nemanja, zeichnet es sich durch eine festungsartige Steinmauer, romanische Architektur und ber\u00fchmte Fresken aus verschiedenen Jahrhunderten aus, was es zu einem bedeutenden kulturellen und spirituellen Ort macht.<\/p>\n\n<hr class=\"wp-block-separator has-alpha-channel-opacity\"\/>\n\n<h2 class=\"wp-block-heading\">Geschichte und Architektur des Klosters Mora\u010da<\/h2>\n\n<p>Das <strong>Kloster Mora\u010da<\/strong> wurde 1252 von Stefan Nemanja erbaut, wie eine Inschrift \u00fcber dem Westeingang belegt. Dieses mystische Sakralgeb\u00e4ude ist von einer hohen Steinmauer umgeben, die einer mittelalterlichen Festung \u00e4hnelt, mit Schlafquartieren, die lokale Legenden beherbergen. Einer Erz\u00e4hlung zufolge wurde das Kloster aus besonderem gelbem Stein errichtet, der \u00fcber eine Menschenkette aus Tu\u0161ina, mehrere Kilometer entfernt, transportiert wurde.<\/p>\n\n<figure class=\"wp-block-image size-large\"><img loading=\"lazy\" decoding=\"async\" width=\"1024\" height=\"683\" src=\"https:\/\/www.visit-montenegro.com\/wp-content\/uploads\/2026\/01\/podgorica-monastery-moraca-04-1024x683.jpg\" alt=\"\" class=\"wp-image-36181\" srcset=\"https:\/\/www.visit-montenegro.com\/wp-content\/uploads\/2026\/01\/podgorica-monastery-moraca-04-1024x683.jpg 1024w, https:\/\/www.visit-montenegro.com\/wp-content\/uploads\/2026\/01\/podgorica-monastery-moraca-04-300x200.jpg 300w, https:\/\/www.visit-montenegro.com\/wp-content\/uploads\/2026\/01\/podgorica-monastery-moraca-04-768x512.jpg 768w, https:\/\/www.visit-montenegro.com\/wp-content\/uploads\/2026\/01\/podgorica-monastery-moraca-04-1536x1024.jpg 1536w, https:\/\/www.visit-montenegro.com\/wp-content\/uploads\/2026\/01\/podgorica-monastery-moraca-04-1200x800.jpg 1200w, https:\/\/www.visit-montenegro.com\/wp-content\/uploads\/2026\/01\/podgorica-monastery-moraca-04-scaled.jpg 1600w\" sizes=\"auto, (max-width: 1024px) 100vw, 1024px\" \/><figcaption class=\"wp-element-caption\">Der Tempel des Klosters Mora\u010da befindet sich in den Schluchten des Flusses. Montenegro.<\/figcaption><\/figure>\n\n<p>Der Komplex umfasst die Synodenkirche Uspenja Bogorodice, die kleine Kirche Sveti Nikola und Schlafquartiere. Die Synodenkirche, im Stil der Ra\u0161ka-Kirchen erbaut, verf\u00fcgt \u00fcber eine halbkreisf\u00f6rmige Apsis, eine Kuppel und verputzte W\u00e4nde mit einem r\u00f6misch inspirierten Haupteingang. Dadurch hebt sich dieses Design von k\u00fcstennahen Kirchenstilen ab und unterstreicht sein einzigartiges architektonisches Erbe.<\/p>\n\n<h2 class=\"wp-block-heading\">K\u00fcnstlerische Bedeutung und Fresken<\/h2>\n\n<p>Das <strong>Kloster Mora\u010da<\/strong> ist ber\u00fchmt f\u00fcr seine Fresken, die aus dem 13., 16. und 18. Jahrhundert stammen. Das \u00e4lteste und bekannteste ist &#8222;Gavran hrani proroka Iliju&#8220; aus dem 13. Jahrhundert, das das Leben des Propheten Ilija darstellt. Weitere bemerkenswerte Werke sind &#8222;Pomazivanje careva i proroka&#8220; und &#8222;Rodjenje Svetog Jovana krstitelja.&#8220; Dar\u00fcber hinaus bilden die Fresken aus dem 16. Jahrhundert die gr\u00f6\u00dfte erhaltene Einheit von Wandmalereien aus dieser Zeit in der Region.<\/p>\n\n<figure class=\"wp-block-image size-large\"><img loading=\"lazy\" decoding=\"async\" width=\"1024\" height=\"678\" src=\"https:\/\/www.visit-montenegro.com\/wp-content\/uploads\/2026\/01\/podgorica-monastery-moraca-02-1024x678.jpg\" alt=\"\" class=\"wp-image-36179\" srcset=\"https:\/\/www.visit-montenegro.com\/wp-content\/uploads\/2026\/01\/podgorica-monastery-moraca-02-1024x678.jpg 1024w, https:\/\/www.visit-montenegro.com\/wp-content\/uploads\/2026\/01\/podgorica-monastery-moraca-02-300x199.jpg 300w, https:\/\/www.visit-montenegro.com\/wp-content\/uploads\/2026\/01\/podgorica-monastery-moraca-02-768x508.jpg 768w, https:\/\/www.visit-montenegro.com\/wp-content\/uploads\/2026\/01\/podgorica-monastery-moraca-02-1536x1017.jpg 1536w, https:\/\/www.visit-montenegro.com\/wp-content\/uploads\/2026\/01\/podgorica-monastery-moraca-02-1200x794.jpg 1200w, https:\/\/www.visit-montenegro.com\/wp-content\/uploads\/2026\/01\/podgorica-monastery-moraca-02-scaled.jpg 1600w\" sizes=\"auto, (max-width: 1024px) 100vw, 1024px\" \/><figcaption class=\"wp-element-caption\">Malerischer Hof des Klosters Mora\u010da mit gr\u00fcnem Rasen, Blumen und Geb\u00e4uden mit roten Ziegeld\u00e4chern vor blauem Himmel, Montenegro<\/figcaption><\/figure>\n\n<p>Die <strong>Kloster Mora\u010da<\/strong>-Malschule ist eine bedeutende Errungenschaft der byzantinischen Kunst. Sie zeichnet sich durch feine Proportionen, nicht-hierarchische Figuren und dicke Linien mit sanften Bewegungen aus. Tats\u00e4chlich \u00fcbertrifft ihre Farbtonmodellierung die von Studenica und Mile\u0161evo und zeigt einen plastischen Stil, der die Malerei in der Gegend pr\u00e4gte.<\/p>\n\n<h3 class=\"wp-block-heading\">Ikonen und Relikte<\/h3>\n\n<p>Neben Fresken beherbergt das Kloster wertvolle Ikonen aus dem 18. Jahrhundert, wie die von Sveti Sava und Sveti Luka, die zu den besten auf der Balkanhalbinsel z\u00e4hlen. Zu den Relikten geh\u00f6ren die Hand von Sveti Haralampije, gravierte Kreuze, ein Marmortaufbecken und ein Stab, von dem angenommen wird, dass er Sveti Sava geh\u00f6rte. Ein besonderes Highlight ist ein Walnusskreuz aus dem 16. Jahrhundert im Altar, das angeblich 11 Jahre zur Herstellung ben\u00f6tigte.<\/p>\n\n<p>Das <strong>Kloster Mora\u010da<\/strong> bietet Besuchern ein unvergessliches Erlebnis, das Geschichte, Kunst und Spiritualit\u00e4t in einer friedlichen Umgebung vereint.<\/p>\n","protected":false},"excerpt":{"rendered":"<p>Erkunden Sie das Kloster Mora\u010da, ein serbisch-orthodoxes Juwel aus dem 13. Jahrhundert in der N\u00e4he von Kola\u0161in, Montenegro. Entdecken Sie seine reiche Geschichte, beeindruckende Fresken und einzigartige Architektur. Dieser Kulturschatz bietet einen tiefen Einblick in byzantinische Kunst und lokale Legenden.<\/p>\n","protected":false},"author":1,"featured_media":134717,"parent":134706,"menu_order":0,"comment_status":"closed","ping_status":"closed","template":"","meta":{"_yoast_wpseo_focuskw":"Kloster Mora\u010da","_yoast_wpseo_metadesc":"Entdecken Sie das Kloster Mora\u010da in Montenegro: ein Wunder aus dem 13. Jahrhundert mit historischen Fresken, einzigartiger Architektur und spirituellen Relikten. Planen Sie Ihren Besuch dieses Kulturschatzes.","_kad_post_transparent":"","_kad_post_title":"","_kad_post_layout":"","_kad_post_sidebar_id":"","_kad_post_content_style":"","_kad_post_vertical_padding":"","_kad_post_feature":"","_kad_post_feature_position":"","_kad_post_header":false,"_kad_post_footer":false,"_kad_post_classname":"","iawp_total_views":7,"footnotes":""},"tags":[],"class_list":["post-134716","page","type-page","status-publish","has-post-thumbnail","hentry"],"yoast_head":"<!-- This site is optimized with the Yoast SEO plugin v27.3 - https:\/\/yoast.com\/product\/yoast-seo-wordpress\/ -->\n<title>Kloster Mora\u010da - Visit Montenegro<\/title>\n<meta name=\"description\" content=\"Entdecken Sie das Kloster Mora\u010da in Montenegro: ein Wunder aus dem 13. Jahrhundert mit historischen Fresken, einzigartiger Architektur und spirituellen Relikten. Planen Sie Ihren Besuch dieses Kulturschatzes.\" \/>\n<meta name=\"robots\" content=\"index, follow, max-snippet:-1, max-image-preview:large, max-video-preview:-1\" \/>\n<link rel=\"canonical\" href=\"https:\/\/www.visit-montenegro.com\/de\/reiseziele\/kolasin\/sehenswuerdigkeiten\/kloster-moraca\/\" \/>\n<meta property=\"og:locale\" content=\"de_DE\" \/>\n<meta property=\"og:type\" content=\"article\" \/>\n<meta property=\"og:title\" content=\"Kloster Mora\u010da - Visit Montenegro\" \/>\n<meta property=\"og:description\" content=\"Entdecken Sie das Kloster Mora\u010da in Montenegro: ein Wunder aus dem 13. Jahrhundert mit historischen Fresken, einzigartiger Architektur und spirituellen Relikten. Planen Sie Ihren Besuch dieses Kulturschatzes.\" \/>\n<meta property=\"og:url\" content=\"https:\/\/www.visit-montenegro.com\/de\/reiseziele\/kolasin\/sehenswuerdigkeiten\/kloster-moraca\/\" \/>\n<meta property=\"og:site_name\" content=\"Visit Montenegro\" \/>\n<meta property=\"article:publisher\" content=\"https:\/\/www.facebook.com\/visitmontenegro\" \/>\n<meta property=\"article:modified_time\" content=\"2026-02-22T16:02:26+00:00\" \/>\n<meta property=\"og:image\" content=\"https:\/\/www.visit-montenegro.com\/wp-content\/uploads\/2026\/01\/podgorica-monastery-moraca-scaled.jpg\" \/>\n\t<meta property=\"og:image:width\" content=\"1600\" \/>\n\t<meta property=\"og:image:height\" content=\"1068\" \/>\n\t<meta property=\"og:image:type\" content=\"image\/jpeg\" \/>\n<meta name=\"twitter:card\" content=\"summary_large_image\" \/>\n<meta name=\"twitter:site\" content=\"@visitmontenegro\" \/>\n<meta name=\"twitter:label1\" content=\"Gesch\u00e4tzte Lesezeit\" \/>\n\t<meta name=\"twitter:data1\" content=\"2\u00a0Minuten\" \/>\n<script type=\"application\/ld+json\" class=\"yoast-schema-graph\">{\"@context\":\"https:\\\/\\\/schema.org\",\"@graph\":[{\"@type\":\"WebPage\",\"@id\":\"https:\\\/\\\/www.visit-montenegro.com\\\/de\\\/reiseziele\\\/kolasin\\\/sehenswuerdigkeiten\\\/kloster-moraca\\\/\",\"url\":\"https:\\\/\\\/www.visit-montenegro.com\\\/de\\\/reiseziele\\\/kolasin\\\/sehenswuerdigkeiten\\\/kloster-moraca\\\/\",\"name\":\"Kloster Mora\u010da - Visit Montenegro\",\"isPartOf\":{\"@id\":\"https:\\\/\\\/www.visit-montenegro.com\\\/de\\\/#website\"},\"primaryImageOfPage\":{\"@id\":\"https:\\\/\\\/www.visit-montenegro.com\\\/de\\\/reiseziele\\\/kolasin\\\/sehenswuerdigkeiten\\\/kloster-moraca\\\/#primaryimage\"},\"image\":{\"@id\":\"https:\\\/\\\/www.visit-montenegro.com\\\/de\\\/reiseziele\\\/kolasin\\\/sehenswuerdigkeiten\\\/kloster-moraca\\\/#primaryimage\"},\"thumbnailUrl\":\"https:\\\/\\\/www.visit-montenegro.com\\\/wp-content\\\/uploads\\\/2026\\\/01\\\/podgorica-monastery-moraca-scaled.jpg\",\"datePublished\":\"2026-01-27T20:44:33+00:00\",\"dateModified\":\"2026-02-22T16:02:26+00:00\",\"description\":\"Entdecken Sie das Kloster Mora\u010da in Montenegro: ein Wunder aus dem 13. Jahrhundert mit historischen Fresken, einzigartiger Architektur und spirituellen Relikten. Planen Sie Ihren Besuch dieses Kulturschatzes.\",\"breadcrumb\":{\"@id\":\"https:\\\/\\\/www.visit-montenegro.com\\\/de\\\/reiseziele\\\/kolasin\\\/sehenswuerdigkeiten\\\/kloster-moraca\\\/#breadcrumb\"},\"inLanguage\":\"de\",\"potentialAction\":[{\"@type\":\"ReadAction\",\"target\":[\"https:\\\/\\\/www.visit-montenegro.com\\\/de\\\/reiseziele\\\/kolasin\\\/sehenswuerdigkeiten\\\/kloster-moraca\\\/\"]}]},{\"@type\":\"ImageObject\",\"inLanguage\":\"de\",\"@id\":\"https:\\\/\\\/www.visit-montenegro.com\\\/de\\\/reiseziele\\\/kolasin\\\/sehenswuerdigkeiten\\\/kloster-moraca\\\/#primaryimage\",\"url\":\"https:\\\/\\\/www.visit-montenegro.com\\\/wp-content\\\/uploads\\\/2026\\\/01\\\/podgorica-monastery-moraca-scaled.jpg\",\"contentUrl\":\"https:\\\/\\\/www.visit-montenegro.com\\\/wp-content\\\/uploads\\\/2026\\\/01\\\/podgorica-monastery-moraca-scaled.jpg\",\"width\":1600,\"height\":1068,\"caption\":\"Orthodoxes Kloster Mora\u010da. Montenegro.\"},{\"@type\":\"BreadcrumbList\",\"@id\":\"https:\\\/\\\/www.visit-montenegro.com\\\/de\\\/reiseziele\\\/kolasin\\\/sehenswuerdigkeiten\\\/kloster-moraca\\\/#breadcrumb\",\"itemListElement\":[{\"@type\":\"ListItem\",\"position\":1,\"name\":\"Home\",\"item\":\"https:\\\/\\\/www.visit-montenegro.com\\\/de\\\/home\\\/\"},{\"@type\":\"ListItem\",\"position\":2,\"name\":\"Reiseziele in Montenegro\",\"item\":\"https:\\\/\\\/www.visit-montenegro.com\\\/de\\\/reiseziele\\\/\"},{\"@type\":\"ListItem\",\"position\":3,\"name\":\"Kolasin\",\"item\":\"https:\\\/\\\/www.visit-montenegro.com\\\/de\\\/reiseziele\\\/kolasin\\\/\"},{\"@type\":\"ListItem\",\"position\":4,\"name\":\"Kola\u0161in Sehensw\u00fcrdigkeiten\",\"item\":\"https:\\\/\\\/www.visit-montenegro.com\\\/de\\\/reiseziele\\\/kolasin\\\/sehenswuerdigkeiten\\\/\"},{\"@type\":\"ListItem\",\"position\":5,\"name\":\"Kloster Mora\u010da\"}]},{\"@type\":\"WebSite\",\"@id\":\"https:\\\/\\\/www.visit-montenegro.com\\\/de\\\/#website\",\"url\":\"https:\\\/\\\/www.visit-montenegro.com\\\/de\\\/\",\"name\":\"Visit Montenegro\",\"description\":\"Breathtaking beauty\",\"publisher\":{\"@id\":\"https:\\\/\\\/www.visit-montenegro.com\\\/de\\\/#organization\"},\"potentialAction\":[{\"@type\":\"SearchAction\",\"target\":{\"@type\":\"EntryPoint\",\"urlTemplate\":\"https:\\\/\\\/www.visit-montenegro.com\\\/de\\\/?s={search_term_string}\"},\"query-input\":{\"@type\":\"PropertyValueSpecification\",\"valueRequired\":true,\"valueName\":\"search_term_string\"}}],\"inLanguage\":\"de\"},{\"@type\":\"Organization\",\"@id\":\"https:\\\/\\\/www.visit-montenegro.com\\\/de\\\/#organization\",\"name\":\"Visit Montenegro\",\"url\":\"https:\\\/\\\/www.visit-montenegro.com\\\/de\\\/\",\"logo\":{\"@type\":\"ImageObject\",\"inLanguage\":\"de\",\"@id\":\"https:\\\/\\\/www.visit-montenegro.com\\\/de\\\/#\\\/schema\\\/logo\\\/image\\\/\",\"url\":\"https:\\\/\\\/www.visit-montenegro.com\\\/wp-content\\\/uploads\\\/2017\\\/10\\\/logo-amp.png\",\"contentUrl\":\"https:\\\/\\\/www.visit-montenegro.com\\\/wp-content\\\/uploads\\\/2017\\\/10\\\/logo-amp.png\",\"width\":190,\"height\":36,\"caption\":\"Visit Montenegro\"},\"image\":{\"@id\":\"https:\\\/\\\/www.visit-montenegro.com\\\/de\\\/#\\\/schema\\\/logo\\\/image\\\/\"},\"sameAs\":[\"https:\\\/\\\/www.facebook.com\\\/visitmontenegro\",\"https:\\\/\\\/x.com\\\/visitmontenegro\",\"https:\\\/\\\/www.instagram.com\\\/visit_montenegro\\\/\",\"https:\\\/\\\/www.youtube.com\\\/user\\\/VisitMontenegro\"]}]}<\/script>\n<!-- \/ Yoast SEO plugin. -->","yoast_head_json":{"title":"Kloster Mora\u010da - Visit Montenegro","description":"Entdecken Sie das Kloster Mora\u010da in Montenegro: ein Wunder aus dem 13. Jahrhundert mit historischen Fresken, einzigartiger Architektur und spirituellen Relikten. Planen Sie Ihren Besuch dieses Kulturschatzes.","robots":{"index":"index","follow":"follow","max-snippet":"max-snippet:-1","max-image-preview":"max-image-preview:large","max-video-preview":"max-video-preview:-1"},"canonical":"https:\/\/www.visit-montenegro.com\/de\/reiseziele\/kolasin\/sehenswuerdigkeiten\/kloster-moraca\/","og_locale":"de_DE","og_type":"article","og_title":"Kloster Mora\u010da - Visit Montenegro","og_description":"Entdecken Sie das Kloster Mora\u010da in Montenegro: ein Wunder aus dem 13. Jahrhundert mit historischen Fresken, einzigartiger Architektur und spirituellen Relikten. Planen Sie Ihren Besuch dieses Kulturschatzes.","og_url":"https:\/\/www.visit-montenegro.com\/de\/reiseziele\/kolasin\/sehenswuerdigkeiten\/kloster-moraca\/","og_site_name":"Visit Montenegro","article_publisher":"https:\/\/www.facebook.com\/visitmontenegro","article_modified_time":"2026-02-22T16:02:26+00:00","og_image":[{"width":1600,"height":1068,"url":"https:\/\/www.visit-montenegro.com\/wp-content\/uploads\/2026\/01\/podgorica-monastery-moraca-scaled.jpg","type":"image\/jpeg"}],"twitter_card":"summary_large_image","twitter_site":"@visitmontenegro","twitter_misc":{"Gesch\u00e4tzte Lesezeit":"2\u00a0Minuten"},"schema":{"@context":"https:\/\/schema.org","@graph":[{"@type":"WebPage","@id":"https:\/\/www.visit-montenegro.com\/de\/reiseziele\/kolasin\/sehenswuerdigkeiten\/kloster-moraca\/","url":"https:\/\/www.visit-montenegro.com\/de\/reiseziele\/kolasin\/sehenswuerdigkeiten\/kloster-moraca\/","name":"Kloster Mora\u010da - Visit Montenegro","isPartOf":{"@id":"https:\/\/www.visit-montenegro.com\/de\/#website"},"primaryImageOfPage":{"@id":"https:\/\/www.visit-montenegro.com\/de\/reiseziele\/kolasin\/sehenswuerdigkeiten\/kloster-moraca\/#primaryimage"},"image":{"@id":"https:\/\/www.visit-montenegro.com\/de\/reiseziele\/kolasin\/sehenswuerdigkeiten\/kloster-moraca\/#primaryimage"},"thumbnailUrl":"https:\/\/www.visit-montenegro.com\/wp-content\/uploads\/2026\/01\/podgorica-monastery-moraca-scaled.jpg","datePublished":"2026-01-27T20:44:33+00:00","dateModified":"2026-02-22T16:02:26+00:00","description":"Entdecken Sie das Kloster Mora\u010da in Montenegro: ein Wunder aus dem 13. Jahrhundert mit historischen Fresken, einzigartiger Architektur und spirituellen Relikten. Planen Sie Ihren Besuch dieses Kulturschatzes.","breadcrumb":{"@id":"https:\/\/www.visit-montenegro.com\/de\/reiseziele\/kolasin\/sehenswuerdigkeiten\/kloster-moraca\/#breadcrumb"},"inLanguage":"de","potentialAction":[{"@type":"ReadAction","target":["https:\/\/www.visit-montenegro.com\/de\/reiseziele\/kolasin\/sehenswuerdigkeiten\/kloster-moraca\/"]}]},{"@type":"ImageObject","inLanguage":"de","@id":"https:\/\/www.visit-montenegro.com\/de\/reiseziele\/kolasin\/sehenswuerdigkeiten\/kloster-moraca\/#primaryimage","url":"https:\/\/www.visit-montenegro.com\/wp-content\/uploads\/2026\/01\/podgorica-monastery-moraca-scaled.jpg","contentUrl":"https:\/\/www.visit-montenegro.com\/wp-content\/uploads\/2026\/01\/podgorica-monastery-moraca-scaled.jpg","width":1600,"height":1068,"caption":"Orthodoxes Kloster Mora\u010da. Montenegro."},{"@type":"BreadcrumbList","@id":"https:\/\/www.visit-montenegro.com\/de\/reiseziele\/kolasin\/sehenswuerdigkeiten\/kloster-moraca\/#breadcrumb","itemListElement":[{"@type":"ListItem","position":1,"name":"Home","item":"https:\/\/www.visit-montenegro.com\/de\/home\/"},{"@type":"ListItem","position":2,"name":"Reiseziele in Montenegro","item":"https:\/\/www.visit-montenegro.com\/de\/reiseziele\/"},{"@type":"ListItem","position":3,"name":"Kolasin","item":"https:\/\/www.visit-montenegro.com\/de\/reiseziele\/kolasin\/"},{"@type":"ListItem","position":4,"name":"Kola\u0161in Sehensw\u00fcrdigkeiten","item":"https:\/\/www.visit-montenegro.com\/de\/reiseziele\/kolasin\/sehenswuerdigkeiten\/"},{"@type":"ListItem","position":5,"name":"Kloster Mora\u010da"}]},{"@type":"WebSite","@id":"https:\/\/www.visit-montenegro.com\/de\/#website","url":"https:\/\/www.visit-montenegro.com\/de\/","name":"Visit Montenegro","description":"Breathtaking beauty","publisher":{"@id":"https:\/\/www.visit-montenegro.com\/de\/#organization"},"potentialAction":[{"@type":"SearchAction","target":{"@type":"EntryPoint","urlTemplate":"https:\/\/www.visit-montenegro.com\/de\/?s={search_term_string}"},"query-input":{"@type":"PropertyValueSpecification","valueRequired":true,"valueName":"search_term_string"}}],"inLanguage":"de"},{"@type":"Organization","@id":"https:\/\/www.visit-montenegro.com\/de\/#organization","name":"Visit Montenegro","url":"https:\/\/www.visit-montenegro.com\/de\/","logo":{"@type":"ImageObject","inLanguage":"de","@id":"https:\/\/www.visit-montenegro.com\/de\/#\/schema\/logo\/image\/","url":"https:\/\/www.visit-montenegro.com\/wp-content\/uploads\/2017\/10\/logo-amp.png","contentUrl":"https:\/\/www.visit-montenegro.com\/wp-content\/uploads\/2017\/10\/logo-amp.png","width":190,"height":36,"caption":"Visit Montenegro"},"image":{"@id":"https:\/\/www.visit-montenegro.com\/de\/#\/schema\/logo\/image\/"},"sameAs":["https:\/\/www.facebook.com\/visitmontenegro","https:\/\/x.com\/visitmontenegro","https:\/\/www.instagram.com\/visit_montenegro\/","https:\/\/www.youtube.com\/user\/VisitMontenegro"]}]}},"translations":[],"_links":{"self":[{"href":"https:\/\/www.visit-montenegro.com\/de\/wp-json\/wp\/v2\/pages\/134716","targetHints":{"allow":["GET"]}}],"collection":[{"href":"https:\/\/www.visit-montenegro.com\/de\/wp-json\/wp\/v2\/pages"}],"about":[{"href":"https:\/\/www.visit-montenegro.com\/de\/wp-json\/wp\/v2\/types\/page"}],"author":[{"embeddable":true,"href":"https:\/\/www.visit-montenegro.com\/de\/wp-json\/wp\/v2\/users\/1"}],"replies":[{"embeddable":true,"href":"https:\/\/www.visit-montenegro.com\/de\/wp-json\/wp\/v2\/comments?post=134716"}],"version-history":[{"count":0,"href":"https:\/\/www.visit-montenegro.com\/de\/wp-json\/wp\/v2\/pages\/134716\/revisions"}],"up":[{"embeddable":true,"href":"https:\/\/www.visit-montenegro.com\/de\/wp-json\/wp\/v2\/pages\/134706"}],"wp:featuredmedia":[{"embeddable":true,"href":"https:\/\/www.visit-montenegro.com\/de\/wp-json\/wp\/v2\/media\/134717"}],"wp:attachment":[{"href":"https:\/\/www.visit-montenegro.com\/de\/wp-json\/wp\/v2\/media?parent=134716"}],"wp:term":[{"taxonomy":"post_tag","embeddable":true,"href":"https:\/\/www.visit-montenegro.com\/de\/wp-json\/wp\/v2\/tags?post=134716"}],"curies":[{"name":"wp","href":"https:\/\/api.w.org\/{rel}","templated":true}]}}