{"id":134722,"date":"2026-01-27T21:44:33","date_gmt":"2026-01-27T20:44:33","guid":{"rendered":"https:\/\/new.visit-montenegro.com\/ziele\/kolasin\/info\/"},"modified":"2026-02-22T17:02:26","modified_gmt":"2026-02-22T16:02:26","slug":"info","status":"publish","type":"page","link":"https:\/\/www.visit-montenegro.com\/de\/reiseziele\/kolasin\/info\/","title":{"rendered":"Mehr \u00fcber Kolasin"},"content":{"rendered":"\n<p><a href=\"https:\/\/www.visit-montenegro.com\/de\/reiseziele\/kolasin\/\">Kolasin<\/a> ist eine malerische montenegrinische Stadt, bekannt f\u00fcr ihre atemberaubenden Berglandschaften, reiche Geschichte und nat\u00fcrliche Sch\u00f6nheit, was sie zu einem idealen Ziel f\u00fcr Naturliebhaber und Geschichtsinteressierte macht.<\/p>\n\n<hr class=\"wp-block-separator has-alpha-channel-opacity\"\/>\n\n<div class=\"wp-block-query is-layout-flow wp-block-query-is-layout-flow\"><ul class=\"wp-block-post-template is-layout-flow wp-block-post-template-is-layout-flow\"><li class=\"wp-block-post post-133881 page type-page status-publish has-post-thumbnail hentry tag-destination-hotels\">\n<h2 class=\"wp-block-post-title\"><a href=\"https:\/\/www.visit-montenegro.com\/de\/reiseziele\/kolasin\/info\/hotels\/\" target=\"_self\" >Kolasin Hotels<\/a><\/h2>\n\n<figure class=\"alignwide wp-block-post-featured-image\"><a href=\"https:\/\/www.visit-montenegro.com\/de\/reiseziele\/kolasin\/info\/hotels\/\" target=\"_self\"  ><img loading=\"lazy\" decoding=\"async\" width=\"1600\" height=\"1067\" src=\"https:\/\/www.visit-montenegro.com\/wp-content\/uploads\/2026\/02\/Depositphotos_639669476_L-scaled.jpg\" class=\"attachment-post-thumbnail size-post-thumbnail wp-post-image\" alt=\"Kolasin Hotels\" style=\"object-fit:cover;\" srcset=\"https:\/\/www.visit-montenegro.com\/wp-content\/uploads\/2026\/02\/Depositphotos_639669476_L-scaled.jpg 1600w, https:\/\/www.visit-montenegro.com\/wp-content\/uploads\/2026\/02\/Depositphotos_639669476_L-300x200.jpg 300w, https:\/\/www.visit-montenegro.com\/wp-content\/uploads\/2026\/02\/Depositphotos_639669476_L-1024x683.jpg 1024w, https:\/\/www.visit-montenegro.com\/wp-content\/uploads\/2026\/02\/Depositphotos_639669476_L-768x512.jpg 768w, https:\/\/www.visit-montenegro.com\/wp-content\/uploads\/2026\/02\/Depositphotos_639669476_L-1536x1025.jpg 1536w\" sizes=\"auto, (max-width: 1600px) 100vw, 1600px\" \/><\/a><\/figure>\n\n<div class=\"wp-block-post-excerpt\"><p class=\"wp-block-post-excerpt__excerpt\">Entdecken Sie Hotels in Kolasin in den Bergen Montenegros f\u00fcr Skifahren, Wandern und landschaftlich reizvolle Aufenthalte.<\/p><p class=\"wp-block-post-excerpt__more-text\"><a class=\"wp-block-post-excerpt__more-link\" href=\"https:\/\/www.visit-montenegro.com\/de\/reiseziele\/kolasin\/info\/hotels\/\"><strong>Mehr lesen<\/strong><\/a><\/p><\/div>\n\n\n<hr class=\"wp-block-separator has-css-opacity\" style=\"margin-top:var(--wp--preset--spacing--70);margin-bottom:var(--wp--preset--spacing--70)\"\/>\n\n<\/li><li class=\"wp-block-post post-134694 page type-page status-publish has-post-thumbnail hentry\">\n<h2 class=\"wp-block-post-title\"><a href=\"https:\/\/www.visit-montenegro.com\/de\/reiseziele\/kolasin\/info\/natur\/\" target=\"_self\" >Kolasin Natur<\/a><\/h2>\n\n<figure class=\"alignwide wp-block-post-featured-image\"><a href=\"https:\/\/www.visit-montenegro.com\/de\/reiseziele\/kolasin\/info\/natur\/\" target=\"_self\"  ><img loading=\"lazy\" decoding=\"async\" width=\"1200\" height=\"476\" src=\"https:\/\/www.visit-montenegro.com\/wp-content\/uploads\/2026\/01\/kolasin-bjelasica-peaks-1200x476.jpg\" class=\"attachment-post-thumbnail size-post-thumbnail wp-post-image\" alt=\"Kolasin Natur\" style=\"object-fit:cover;\" srcset=\"https:\/\/www.visit-montenegro.com\/wp-content\/uploads\/2026\/01\/kolasin-bjelasica-peaks-1200x476.jpg 1200w, https:\/\/www.visit-montenegro.com\/wp-content\/uploads\/2026\/01\/kolasin-bjelasica-peaks-300x119.jpg 300w, https:\/\/www.visit-montenegro.com\/wp-content\/uploads\/2026\/01\/kolasin-bjelasica-peaks-1024x406.jpg 1024w, https:\/\/www.visit-montenegro.com\/wp-content\/uploads\/2026\/01\/kolasin-bjelasica-peaks-768x305.jpg 768w, https:\/\/www.visit-montenegro.com\/wp-content\/uploads\/2026\/01\/kolasin-bjelasica-peaks-1536x610.jpg 1536w, https:\/\/www.visit-montenegro.com\/wp-content\/uploads\/2026\/01\/kolasin-bjelasica-peaks-scaled.jpg 1600w\" sizes=\"auto, (max-width: 1200px) 100vw, 1200px\" \/><\/a><\/figure>\n\n<div class=\"wp-block-post-excerpt\"><p class=\"wp-block-post-excerpt__excerpt\">Entdecken Sie Kolasin Natur, eine atemberaubende Region in Montenegro, in der majest\u00e4tische Berge, tiefe Flussschluchten und unber\u00fchrte Seen eine beeindruckende Landschaft bilden. Erkunden Sie ihre reiche Flora und Fauna, einschlie\u00dflich endemischer Arten und vielf\u00e4ltiger Wildtiere, ideal f\u00fcr Naturliebhaber und Abenteuersuchende.<\/p><p class=\"wp-block-post-excerpt__more-text\"><a class=\"wp-block-post-excerpt__more-link\" href=\"https:\/\/www.visit-montenegro.com\/de\/reiseziele\/kolasin\/info\/natur\/\"><strong>Mehr lesen<\/strong><\/a><\/p><\/div>\n\n\n<hr class=\"wp-block-separator has-css-opacity\" style=\"margin-top:var(--wp--preset--spacing--70);margin-bottom:var(--wp--preset--spacing--70)\"\/>\n\n<\/li><li class=\"wp-block-post post-134726 page type-page status-publish has-post-thumbnail hentry\">\n<h2 class=\"wp-block-post-title\"><a href=\"https:\/\/www.visit-montenegro.com\/de\/reiseziele\/kolasin\/info\/geschichte\/\" target=\"_self\" >Die Geschichte von Kolasin<\/a><\/h2>\n\n<figure class=\"alignwide wp-block-post-featured-image\"><a href=\"https:\/\/www.visit-montenegro.com\/de\/reiseziele\/kolasin\/info\/geschichte\/\" target=\"_self\"  ><img loading=\"lazy\" decoding=\"async\" width=\"1200\" height=\"794\" src=\"https:\/\/www.visit-montenegro.com\/wp-content\/uploads\/2026\/01\/kolasin-mountain-peaks-1200x794.jpg\" class=\"attachment-post-thumbnail size-post-thumbnail wp-post-image\" alt=\"Die Geschichte von Kolasin\" style=\"object-fit:cover;\" srcset=\"https:\/\/www.visit-montenegro.com\/wp-content\/uploads\/2026\/01\/kolasin-mountain-peaks-1200x794.jpg 1200w, https:\/\/www.visit-montenegro.com\/wp-content\/uploads\/2026\/01\/kolasin-mountain-peaks-300x199.jpg 300w, https:\/\/www.visit-montenegro.com\/wp-content\/uploads\/2026\/01\/kolasin-mountain-peaks-1024x678.jpg 1024w, https:\/\/www.visit-montenegro.com\/wp-content\/uploads\/2026\/01\/kolasin-mountain-peaks-768x508.jpg 768w, https:\/\/www.visit-montenegro.com\/wp-content\/uploads\/2026\/01\/kolasin-mountain-peaks-1536x1017.jpg 1536w, https:\/\/www.visit-montenegro.com\/wp-content\/uploads\/2026\/01\/kolasin-mountain-peaks-scaled.jpg 1600w\" sizes=\"auto, (max-width: 1200px) 100vw, 1200px\" \/><\/a><\/figure>\n\n<div class=\"wp-block-post-excerpt\"><p class=\"wp-block-post-excerpt__excerpt\">Erkunden Sie die turbulente Vergangenheit von Kolasin, einer historischen montenegrinischen Stadt, die im 17. Jahrhundert gegr\u00fcndet wurde. Von osmanischen Urspr\u00fcngen bis zum Heldentum im Zweiten Weltkrieg entdecken Sie, wie sie 23 Mal den Besitzer wechselte und zu einem Symbol f\u00fcr Widerstandsf\u00e4higkeit und nat\u00fcrliche Sch\u00f6nheit wurde.<\/p><p class=\"wp-block-post-excerpt__more-text\"><a class=\"wp-block-post-excerpt__more-link\" href=\"https:\/\/www.visit-montenegro.com\/de\/reiseziele\/kolasin\/info\/geschichte\/\"><strong>Mehr lesen<\/strong><\/a><\/p><\/div>\n\n\n<hr class=\"wp-block-separator has-css-opacity\" style=\"margin-top:var(--wp--preset--spacing--70);margin-bottom:var(--wp--preset--spacing--70)\"\/>\n\n<\/li><\/ul><\/div>\n","protected":false},"excerpt":{"rendered":"<p>Entdecken Sie Kolasin, eine beeindruckende montenegrinische Stadt, in der majest\u00e4tische Berge auf reiche Geschichte treffen. Erkunden Sie ihre malerischen Landschaften und erhaltenes t\u00fcrkisches Erbe, ideal f\u00fcr Naturliebhaber und Kulturliebhaber, die ihr n\u00e4chstes Abenteuer planen.<\/p>\n","protected":false},"author":1,"featured_media":134701,"parent":134700,"menu_order":0,"comment_status":"closed","ping_status":"closed","template":"","meta":{"_yoast_wpseo_focuskw":"Mehr \u00fcber Kolasin","_yoast_wpseo_metadesc":"Erfahren Sie mehr \u00fcber die atemberaubenden Berge und faszinierende Geschichte von Kolasin. Planen Sie Ihre Reise zu diesem malerischen montenegrinischen Ziel mit unserem detaillierten Leitfaden.","_kad_post_transparent":"","_kad_post_title":"","_kad_post_layout":"","_kad_post_sidebar_id":"","_kad_post_content_style":"","_kad_post_vertical_padding":"","_kad_post_feature":"","_kad_post_feature_position":"","_kad_post_header":false,"_kad_post_footer":false,"_kad_post_classname":"","iawp_total_views":1,"footnotes":""},"tags":[],"class_list":["post-134722","page","type-page","status-publish","has-post-thumbnail","hentry"],"yoast_head":"<!-- This site is optimized with the Yoast SEO plugin v27.3 - https:\/\/yoast.com\/product\/yoast-seo-wordpress\/ -->\n<title>Mehr \u00fcber Kolasin - Visit Montenegro<\/title>\n<meta name=\"description\" content=\"Erfahren Sie mehr \u00fcber die atemberaubenden Berge und faszinierende Geschichte von Kolasin. Planen Sie Ihre Reise zu diesem malerischen montenegrinischen Ziel mit unserem detaillierten Leitfaden.\" \/>\n<meta name=\"robots\" content=\"index, follow, max-snippet:-1, max-image-preview:large, max-video-preview:-1\" \/>\n<link rel=\"canonical\" href=\"https:\/\/www.visit-montenegro.com\/de\/reiseziele\/kolasin\/info\/\" \/>\n<meta property=\"og:locale\" content=\"de_DE\" \/>\n<meta property=\"og:type\" content=\"article\" \/>\n<meta property=\"og:title\" content=\"Mehr \u00fcber Kolasin - Visit Montenegro\" \/>\n<meta property=\"og:description\" content=\"Erfahren Sie mehr \u00fcber die atemberaubenden Berge und faszinierende Geschichte von Kolasin. Planen Sie Ihre Reise zu diesem malerischen montenegrinischen Ziel mit unserem detaillierten Leitfaden.\" \/>\n<meta property=\"og:url\" content=\"https:\/\/www.visit-montenegro.com\/de\/reiseziele\/kolasin\/info\/\" \/>\n<meta property=\"og:site_name\" content=\"Visit Montenegro\" \/>\n<meta property=\"article:publisher\" content=\"https:\/\/www.facebook.com\/visitmontenegro\" \/>\n<meta property=\"article:modified_time\" content=\"2026-02-22T16:02:26+00:00\" \/>\n<meta property=\"og:image\" content=\"https:\/\/www.visit-montenegro.com\/wp-content\/uploads\/2026\/01\/kolasin-mountain-peaks-scaled.jpg\" \/>\n\t<meta property=\"og:image:width\" content=\"1600\" \/>\n\t<meta property=\"og:image:height\" content=\"1059\" \/>\n\t<meta property=\"og:image:type\" content=\"image\/jpeg\" \/>\n<meta name=\"twitter:card\" content=\"summary_large_image\" \/>\n<meta name=\"twitter:site\" content=\"@visitmontenegro\" \/>\n<script type=\"application\/ld+json\" class=\"yoast-schema-graph\">{\"@context\":\"https:\\\/\\\/schema.org\",\"@graph\":[{\"@type\":\"WebPage\",\"@id\":\"https:\\\/\\\/www.visit-montenegro.com\\\/de\\\/reiseziele\\\/kolasin\\\/info\\\/\",\"url\":\"https:\\\/\\\/www.visit-montenegro.com\\\/de\\\/reiseziele\\\/kolasin\\\/info\\\/\",\"name\":\"Mehr \u00fcber Kolasin - Visit Montenegro\",\"isPartOf\":{\"@id\":\"https:\\\/\\\/www.visit-montenegro.com\\\/de\\\/#website\"},\"primaryImageOfPage\":{\"@id\":\"https:\\\/\\\/www.visit-montenegro.com\\\/de\\\/reiseziele\\\/kolasin\\\/info\\\/#primaryimage\"},\"image\":{\"@id\":\"https:\\\/\\\/www.visit-montenegro.com\\\/de\\\/reiseziele\\\/kolasin\\\/info\\\/#primaryimage\"},\"thumbnailUrl\":\"https:\\\/\\\/www.visit-montenegro.com\\\/wp-content\\\/uploads\\\/2026\\\/01\\\/kolasin-mountain-peaks-scaled.jpg\",\"datePublished\":\"2026-01-27T20:44:33+00:00\",\"dateModified\":\"2026-02-22T16:02:26+00:00\",\"description\":\"Erfahren Sie mehr \u00fcber die atemberaubenden Berge und faszinierende Geschichte von Kolasin. Planen Sie Ihre Reise zu diesem malerischen montenegrinischen Ziel mit unserem detaillierten Leitfaden.\",\"breadcrumb\":{\"@id\":\"https:\\\/\\\/www.visit-montenegro.com\\\/de\\\/reiseziele\\\/kolasin\\\/info\\\/#breadcrumb\"},\"inLanguage\":\"de\",\"potentialAction\":[{\"@type\":\"ReadAction\",\"target\":[\"https:\\\/\\\/www.visit-montenegro.com\\\/de\\\/reiseziele\\\/kolasin\\\/info\\\/\"]}]},{\"@type\":\"ImageObject\",\"inLanguage\":\"de\",\"@id\":\"https:\\\/\\\/www.visit-montenegro.com\\\/de\\\/reiseziele\\\/kolasin\\\/info\\\/#primaryimage\",\"url\":\"https:\\\/\\\/www.visit-montenegro.com\\\/wp-content\\\/uploads\\\/2026\\\/01\\\/kolasin-mountain-peaks-scaled.jpg\",\"contentUrl\":\"https:\\\/\\\/www.visit-montenegro.com\\\/wp-content\\\/uploads\\\/2026\\\/01\\\/kolasin-mountain-peaks-scaled.jpg\",\"width\":1600,\"height\":1059,\"caption\":\"Sonnenuntergang im Hochland des Nationalparks \\\"Biogradska Gora\\\", Montenegro\"},{\"@type\":\"BreadcrumbList\",\"@id\":\"https:\\\/\\\/www.visit-montenegro.com\\\/de\\\/reiseziele\\\/kolasin\\\/info\\\/#breadcrumb\",\"itemListElement\":[{\"@type\":\"ListItem\",\"position\":1,\"name\":\"Home\",\"item\":\"https:\\\/\\\/www.visit-montenegro.com\\\/de\\\/home\\\/\"},{\"@type\":\"ListItem\",\"position\":2,\"name\":\"Reiseziele in Montenegro\",\"item\":\"https:\\\/\\\/www.visit-montenegro.com\\\/de\\\/reiseziele\\\/\"},{\"@type\":\"ListItem\",\"position\":3,\"name\":\"Kolasin\",\"item\":\"https:\\\/\\\/www.visit-montenegro.com\\\/de\\\/reiseziele\\\/kolasin\\\/\"},{\"@type\":\"ListItem\",\"position\":4,\"name\":\"Mehr \u00fcber Kolasin\"}]},{\"@type\":\"WebSite\",\"@id\":\"https:\\\/\\\/www.visit-montenegro.com\\\/de\\\/#website\",\"url\":\"https:\\\/\\\/www.visit-montenegro.com\\\/de\\\/\",\"name\":\"Visit Montenegro\",\"description\":\"Breathtaking beauty\",\"publisher\":{\"@id\":\"https:\\\/\\\/www.visit-montenegro.com\\\/de\\\/#organization\"},\"potentialAction\":[{\"@type\":\"SearchAction\",\"target\":{\"@type\":\"EntryPoint\",\"urlTemplate\":\"https:\\\/\\\/www.visit-montenegro.com\\\/de\\\/?s={search_term_string}\"},\"query-input\":{\"@type\":\"PropertyValueSpecification\",\"valueRequired\":true,\"valueName\":\"search_term_string\"}}],\"inLanguage\":\"de\"},{\"@type\":\"Organization\",\"@id\":\"https:\\\/\\\/www.visit-montenegro.com\\\/de\\\/#organization\",\"name\":\"Visit Montenegro\",\"url\":\"https:\\\/\\\/www.visit-montenegro.com\\\/de\\\/\",\"logo\":{\"@type\":\"ImageObject\",\"inLanguage\":\"de\",\"@id\":\"https:\\\/\\\/www.visit-montenegro.com\\\/de\\\/#\\\/schema\\\/logo\\\/image\\\/\",\"url\":\"https:\\\/\\\/www.visit-montenegro.com\\\/wp-content\\\/uploads\\\/2017\\\/10\\\/logo-amp.png\",\"contentUrl\":\"https:\\\/\\\/www.visit-montenegro.com\\\/wp-content\\\/uploads\\\/2017\\\/10\\\/logo-amp.png\",\"width\":190,\"height\":36,\"caption\":\"Visit Montenegro\"},\"image\":{\"@id\":\"https:\\\/\\\/www.visit-montenegro.com\\\/de\\\/#\\\/schema\\\/logo\\\/image\\\/\"},\"sameAs\":[\"https:\\\/\\\/www.facebook.com\\\/visitmontenegro\",\"https:\\\/\\\/x.com\\\/visitmontenegro\",\"https:\\\/\\\/www.instagram.com\\\/visit_montenegro\\\/\",\"https:\\\/\\\/www.youtube.com\\\/user\\\/VisitMontenegro\"]}]}<\/script>\n<!-- \/ Yoast SEO plugin. -->","yoast_head_json":{"title":"Mehr \u00fcber Kolasin - Visit Montenegro","description":"Erfahren Sie mehr \u00fcber die atemberaubenden Berge und faszinierende Geschichte von Kolasin. Planen Sie Ihre Reise zu diesem malerischen montenegrinischen Ziel mit unserem detaillierten Leitfaden.","robots":{"index":"index","follow":"follow","max-snippet":"max-snippet:-1","max-image-preview":"max-image-preview:large","max-video-preview":"max-video-preview:-1"},"canonical":"https:\/\/www.visit-montenegro.com\/de\/reiseziele\/kolasin\/info\/","og_locale":"de_DE","og_type":"article","og_title":"Mehr \u00fcber Kolasin - Visit Montenegro","og_description":"Erfahren Sie mehr \u00fcber die atemberaubenden Berge und faszinierende Geschichte von Kolasin. Planen Sie Ihre Reise zu diesem malerischen montenegrinischen Ziel mit unserem detaillierten Leitfaden.","og_url":"https:\/\/www.visit-montenegro.com\/de\/reiseziele\/kolasin\/info\/","og_site_name":"Visit Montenegro","article_publisher":"https:\/\/www.facebook.com\/visitmontenegro","article_modified_time":"2026-02-22T16:02:26+00:00","og_image":[{"width":1600,"height":1059,"url":"https:\/\/www.visit-montenegro.com\/wp-content\/uploads\/2026\/01\/kolasin-mountain-peaks-scaled.jpg","type":"image\/jpeg"}],"twitter_card":"summary_large_image","twitter_site":"@visitmontenegro","schema":{"@context":"https:\/\/schema.org","@graph":[{"@type":"WebPage","@id":"https:\/\/www.visit-montenegro.com\/de\/reiseziele\/kolasin\/info\/","url":"https:\/\/www.visit-montenegro.com\/de\/reiseziele\/kolasin\/info\/","name":"Mehr \u00fcber Kolasin - Visit Montenegro","isPartOf":{"@id":"https:\/\/www.visit-montenegro.com\/de\/#website"},"primaryImageOfPage":{"@id":"https:\/\/www.visit-montenegro.com\/de\/reiseziele\/kolasin\/info\/#primaryimage"},"image":{"@id":"https:\/\/www.visit-montenegro.com\/de\/reiseziele\/kolasin\/info\/#primaryimage"},"thumbnailUrl":"https:\/\/www.visit-montenegro.com\/wp-content\/uploads\/2026\/01\/kolasin-mountain-peaks-scaled.jpg","datePublished":"2026-01-27T20:44:33+00:00","dateModified":"2026-02-22T16:02:26+00:00","description":"Erfahren Sie mehr \u00fcber die atemberaubenden Berge und faszinierende Geschichte von Kolasin. Planen Sie Ihre Reise zu diesem malerischen montenegrinischen Ziel mit unserem detaillierten Leitfaden.","breadcrumb":{"@id":"https:\/\/www.visit-montenegro.com\/de\/reiseziele\/kolasin\/info\/#breadcrumb"},"inLanguage":"de","potentialAction":[{"@type":"ReadAction","target":["https:\/\/www.visit-montenegro.com\/de\/reiseziele\/kolasin\/info\/"]}]},{"@type":"ImageObject","inLanguage":"de","@id":"https:\/\/www.visit-montenegro.com\/de\/reiseziele\/kolasin\/info\/#primaryimage","url":"https:\/\/www.visit-montenegro.com\/wp-content\/uploads\/2026\/01\/kolasin-mountain-peaks-scaled.jpg","contentUrl":"https:\/\/www.visit-montenegro.com\/wp-content\/uploads\/2026\/01\/kolasin-mountain-peaks-scaled.jpg","width":1600,"height":1059,"caption":"Sonnenuntergang im Hochland des Nationalparks \"Biogradska Gora\", Montenegro"},{"@type":"BreadcrumbList","@id":"https:\/\/www.visit-montenegro.com\/de\/reiseziele\/kolasin\/info\/#breadcrumb","itemListElement":[{"@type":"ListItem","position":1,"name":"Home","item":"https:\/\/www.visit-montenegro.com\/de\/home\/"},{"@type":"ListItem","position":2,"name":"Reiseziele in Montenegro","item":"https:\/\/www.visit-montenegro.com\/de\/reiseziele\/"},{"@type":"ListItem","position":3,"name":"Kolasin","item":"https:\/\/www.visit-montenegro.com\/de\/reiseziele\/kolasin\/"},{"@type":"ListItem","position":4,"name":"Mehr \u00fcber Kolasin"}]},{"@type":"WebSite","@id":"https:\/\/www.visit-montenegro.com\/de\/#website","url":"https:\/\/www.visit-montenegro.com\/de\/","name":"Visit Montenegro","description":"Breathtaking beauty","publisher":{"@id":"https:\/\/www.visit-montenegro.com\/de\/#organization"},"potentialAction":[{"@type":"SearchAction","target":{"@type":"EntryPoint","urlTemplate":"https:\/\/www.visit-montenegro.com\/de\/?s={search_term_string}"},"query-input":{"@type":"PropertyValueSpecification","valueRequired":true,"valueName":"search_term_string"}}],"inLanguage":"de"},{"@type":"Organization","@id":"https:\/\/www.visit-montenegro.com\/de\/#organization","name":"Visit Montenegro","url":"https:\/\/www.visit-montenegro.com\/de\/","logo":{"@type":"ImageObject","inLanguage":"de","@id":"https:\/\/www.visit-montenegro.com\/de\/#\/schema\/logo\/image\/","url":"https:\/\/www.visit-montenegro.com\/wp-content\/uploads\/2017\/10\/logo-amp.png","contentUrl":"https:\/\/www.visit-montenegro.com\/wp-content\/uploads\/2017\/10\/logo-amp.png","width":190,"height":36,"caption":"Visit Montenegro"},"image":{"@id":"https:\/\/www.visit-montenegro.com\/de\/#\/schema\/logo\/image\/"},"sameAs":["https:\/\/www.facebook.com\/visitmontenegro","https:\/\/x.com\/visitmontenegro","https:\/\/www.instagram.com\/visit_montenegro\/","https:\/\/www.youtube.com\/user\/VisitMontenegro"]}]}},"translations":[],"_links":{"self":[{"href":"https:\/\/www.visit-montenegro.com\/de\/wp-json\/wp\/v2\/pages\/134722","targetHints":{"allow":["GET"]}}],"collection":[{"href":"https:\/\/www.visit-montenegro.com\/de\/wp-json\/wp\/v2\/pages"}],"about":[{"href":"https:\/\/www.visit-montenegro.com\/de\/wp-json\/wp\/v2\/types\/page"}],"author":[{"embeddable":true,"href":"https:\/\/www.visit-montenegro.com\/de\/wp-json\/wp\/v2\/users\/1"}],"replies":[{"embeddable":true,"href":"https:\/\/www.visit-montenegro.com\/de\/wp-json\/wp\/v2\/comments?post=134722"}],"version-history":[{"count":0,"href":"https:\/\/www.visit-montenegro.com\/de\/wp-json\/wp\/v2\/pages\/134722\/revisions"}],"up":[{"embeddable":true,"href":"https:\/\/www.visit-montenegro.com\/de\/wp-json\/wp\/v2\/pages\/134700"}],"wp:featuredmedia":[{"embeddable":true,"href":"https:\/\/www.visit-montenegro.com\/de\/wp-json\/wp\/v2\/media\/134701"}],"wp:attachment":[{"href":"https:\/\/www.visit-montenegro.com\/de\/wp-json\/wp\/v2\/media?parent=134722"}],"wp:term":[{"taxonomy":"post_tag","embeddable":true,"href":"https:\/\/www.visit-montenegro.com\/de\/wp-json\/wp\/v2\/tags?post=134722"}],"curies":[{"name":"wp","href":"https:\/\/api.w.org\/{rel}","templated":true}]}}