{"id":134730,"date":"2026-01-27T21:44:33","date_gmt":"2026-01-27T20:44:33","guid":{"rendered":"https:\/\/new.visit-montenegro.com\/info\/einkaufen\/"},"modified":"2026-02-23T14:31:04","modified_gmt":"2026-02-23T13:31:04","slug":"einkaufen","status":"publish","type":"page","link":"https:\/\/www.visit-montenegro.com\/de\/reiseziele\/podgorica\/info\/einkaufen\/","title":{"rendered":"Einkaufen in Podgorica"},"content":{"rendered":"\n<p><strong>Einkaufen in <a href=\"https:\/\/www.visit-montenegro.com\/de\/reiseziele\/podgorica\/\">Podgorica<\/a><\/strong> bietet ein lebendiges Einzelhandelserlebnis, das hochwertige Modeboutiquen, moderne Einkaufszentren und vielf\u00e4ltige M\u00e4rkte vereint. Von Luxusmarken im Delta City Mall bis zu erschwinglichen Waren im Mall of Montenegro, es bedient alle Geschm\u00e4cker, erg\u00e4nzt durch Buchhandlungen, Musikgesch\u00e4fte und Superm\u00e4rkte f\u00fcr ein umfassendes st\u00e4dtisches Einkaufsabenteuer.<\/p>\n\n<hr class=\"wp-block-separator has-alpha-channel-opacity\"\/>\n\n<h2 class=\"wp-block-heading\">Mode und Boutiquen<\/h2>\n\n<p>Die Menschen aus Podgorica sind ber\u00fchmt f\u00fcr ihren anspruchsvollen Geschmack, wenn es um Mode geht. Boutiquen in <a href=\"https:\/\/www.bigcenters.rs\/podgorica\/\" target=\"_blank\" rel=\"noreferrer noopener nofollow\">Big Fashion<\/a>, <a href=\"http:\/\/www.bazar-pg.me\/\" target=\"_blank\" rel=\"noreferrer noopener nofollow\">Bazar<\/a>, <a href=\"http:\/\/www.mallofmontenegro.com\" target=\"_blank\" rel=\"noreferrer noopener nofollow\">Mall of Montenegro<\/a> und anderen st\u00e4dtischen Einkaufszentren bieten die neuesten Kollektionen von Anz\u00fcgen, Schuhen, Kleidung und Accessoires ber\u00fchmter Modedesigner.<\/p>\n<div class=\"wp-block-image is-resized\">\n<figure class=\"aligncenter size-large\"><img loading=\"lazy\" decoding=\"async\" width=\"1024\" height=\"498\" src=\"https:\/\/www.visit-montenegro.com\/wp-content\/uploads\/2026\/02\/podgorica-delta-1024x498.jpg\" alt=\"\" class=\"wp-image-133817\" srcset=\"https:\/\/www.visit-montenegro.com\/wp-content\/uploads\/2026\/02\/podgorica-delta-1024x498.jpg 1024w, https:\/\/www.visit-montenegro.com\/wp-content\/uploads\/2026\/02\/podgorica-delta-300x146.jpg 300w, https:\/\/www.visit-montenegro.com\/wp-content\/uploads\/2026\/02\/podgorica-delta-768x374.jpg 768w, https:\/\/www.visit-montenegro.com\/wp-content\/uploads\/2026\/02\/podgorica-delta.jpg 1200w\" sizes=\"auto, (max-width: 1024px) 100vw, 1024px\" \/><figcaption class=\"wp-element-caption\">Big Fashion, Podgorica<\/figcaption><\/figure>\n<\/div>\n<p>Podgorica ist reich an Markthallen, in denen Sie vielf\u00e4ltigste Produkte kaufen k\u00f6nnen. Was Kleidung betrifft, finden Sie in Podgorica neben den erw\u00e4hnten Boutiquen mit Markenkleidung exklusive Vertreter erstklassiger Weltmarken. Ihr Bed\u00fcrfnis nach Erholung k\u00f6nnen Sie mit der Auswahl von Sportbekleidung begleiten, und Podgorica hat alles zu bieten. Wenn Sie vorhaben, Zeit in den Skizentren n\u00f6rdlich von Podgorica zu verbringen, finden Sie in dieser Stadt die modernste Skiausr\u00fcstung, wobei besonders der Elan-Vertriebsstand hervorsticht. Folglich umfasst <strong>Einkaufen in Podgorica<\/strong> alles von Alltagskleidung bis zu spezialisierter Sportausr\u00fcstung.<\/p>\n\n<h2 class=\"wp-block-heading\">Vielf\u00e4ltiger Einzelhandel und Unterhaltung<\/h2>\n\n<p>In den Einkaufszentren finden Sie oft exquisite Buchhandlungen mit ausl\u00e4ndischen Titeln. Neben B\u00fcchern k\u00f6nnen Sie dort t\u00e4gliche und w\u00f6chentliche ausl\u00e4ndische Zeitungen sowie einige spezialisierte Magazine verschiedener Profile finden. Auch in Podgoricas CD-Gesch\u00e4ften k\u00f6nnen Sie einige der neuen Originaltitel der Weltmusikproduktion kaufen. Dar\u00fcber hinaus erstreckt sich <strong>Einkaufen in Podgorica<\/strong> \u00fcber Mode hinaus und umfasst kulturelle und Medienprodukte.<\/p>\n\n<p>Wenn Sie vorhaben, l\u00e4nger in der Stadt zu bleiben, also ein Haus oder eine Wohnung zu mieten, finden Sie alles, was Sie in Bezug auf Haushaltsger\u00e4te ben\u00f6tigen, in gro\u00dfen Verkaufszentren f\u00fcr Maschinen, die zu sehr g\u00fcnstigen Preisen verkauft werden. Sie k\u00f6nnen etwas Passendes finden, sogar von hochwertigen Marken wie Siemens, Bosch, Sony, Gorenje usw. Tats\u00e4chlich macht dies <strong>Einkaufen in Podgorica<\/strong> praktisch f\u00fcr Einwohner und Langzeitbesucher.<\/p>\n\n<p>Mit seiner von Glas dominierten Fassade und dem angenehmen Innenraum zieht das Gesch\u00e4ftszentrum Palada, am Ufer der Mora\u010da, gro\u00dfe Aufmerksamkeit auf sich, wo Sie sich au\u00dfer beim Einkauf mit einem Kaffee oder einem Sandwich entspannen k\u00f6nnen. Beliebt bei den B\u00fcrgern von Podgorica ist auch der <a href=\"http:\/\/www.mallofmontenegro.com\" target=\"_blank\">Mall of Montenegro<\/a> Markt. Er hat eine gro\u00dfe Anzahl von St\u00e4nden, auf denen Kleidung, Werkzeuge und Haushaltsger\u00e4te zu sehr g\u00fcnstigen Preisen verkauft werden.<\/p>\n\n<h2 class=\"wp-block-heading\">Lebensmittel und Eink\u00e4ufe<\/h2>\n\n<p>Wenn es um Lebensmittel und Eink\u00e4ufe geht, gibt es einen gro\u00dfen gr\u00fcnen Markt, der sich im Prozess der Erneuerung befindet und zu einer gro\u00dfen Markthalle heranw\u00e4chst, die verschiedene Gem\u00fcse, Obst, einheimischen K\u00e4se, Fisch usw. anbietet. Nat\u00fcrlich k\u00f6nnen Sie den gr\u00f6\u00dften Teil davon in mehreren Superm\u00e4rkten kaufen, die seit Kurzem in Podgorica existieren. Voli, Roda, Lakovic bieten an einem Ort alles, was Sie brauchen, also wenn Sie mehr f\u00fcr diesen Einkaufstyp sind, stellen sie eine echte Wahl dar und zeichnen sich auch durch etwas niedrigere Preise aus.<\/p>\n","protected":false},"excerpt":{"rendered":"<p>Erkunden Sie die lebendige Einzelhandelsszene von Podgorica, wo Modeboutiquen, moderne Einkaufszentren und vielf\u00e4ltige M\u00e4rkte alles von Luxusmarken bis zu erschwinglichen Waren bieten. Perfekt f\u00fcr Reisende und Einheimische gleicherma\u00dfen.<\/p>\n","protected":false},"author":1,"featured_media":134057,"parent":134598,"menu_order":0,"comment_status":"closed","ping_status":"closed","template":"","meta":{"_yoast_wpseo_focuskw":"Einkaufen in Podgorica","_yoast_wpseo_metadesc":"Entdecken Sie das Einkaufen in Podgorica: Luxusboutiquen, moderne Einkaufszentren und lebendige M\u00e4rkte. Planen Sie Ihre Reise mit unserem Guide zu Mode, Lebensmitteln und mehr in der Hauptstadt Montenegros.","_kad_post_transparent":"","_kad_post_title":"","_kad_post_layout":"","_kad_post_sidebar_id":"","_kad_post_content_style":"","_kad_post_vertical_padding":"","_kad_post_feature":"","_kad_post_feature_position":"","_kad_post_header":false,"_kad_post_footer":false,"_kad_post_classname":"","iawp_total_views":24,"footnotes":""},"tags":[],"class_list":["post-134730","page","type-page","status-publish","has-post-thumbnail","hentry"],"yoast_head":"<!-- This site is optimized with the Yoast SEO plugin v27.3 - https:\/\/yoast.com\/product\/yoast-seo-wordpress\/ -->\n<title>Einkaufen in Podgorica - Visit Montenegro<\/title>\n<meta name=\"description\" content=\"Entdecken Sie das Einkaufen in Podgorica: Luxusboutiquen, moderne Einkaufszentren und lebendige M\u00e4rkte. Planen Sie Ihre Reise mit unserem Guide zu Mode, Lebensmitteln und mehr in der Hauptstadt Montenegros.\" \/>\n<meta name=\"robots\" content=\"index, follow, max-snippet:-1, max-image-preview:large, max-video-preview:-1\" \/>\n<link rel=\"canonical\" href=\"https:\/\/www.visit-montenegro.com\/de\/reiseziele\/podgorica\/info\/einkaufen\/\" \/>\n<meta property=\"og:locale\" content=\"de_DE\" \/>\n<meta property=\"og:type\" content=\"article\" \/>\n<meta property=\"og:title\" content=\"Einkaufen in Podgorica - Visit Montenegro\" \/>\n<meta property=\"og:description\" content=\"Entdecken Sie das Einkaufen in Podgorica: Luxusboutiquen, moderne Einkaufszentren und lebendige M\u00e4rkte. Planen Sie Ihre Reise mit unserem Guide zu Mode, Lebensmitteln und mehr in der Hauptstadt Montenegros.\" \/>\n<meta property=\"og:url\" content=\"https:\/\/www.visit-montenegro.com\/de\/reiseziele\/podgorica\/info\/einkaufen\/\" \/>\n<meta property=\"og:site_name\" content=\"Visit Montenegro\" \/>\n<meta property=\"article:publisher\" content=\"https:\/\/www.facebook.com\/visitmontenegro\" \/>\n<meta property=\"article:modified_time\" content=\"2026-02-23T13:31:04+00:00\" \/>\n<meta property=\"og:image\" content=\"https:\/\/www.visit-montenegro.com\/wp-content\/uploads\/2026\/02\/Depositphotos_153048182_XL-scaled.jpg\" \/>\n\t<meta property=\"og:image:width\" content=\"1600\" \/>\n\t<meta property=\"og:image:height\" content=\"1067\" \/>\n\t<meta property=\"og:image:type\" content=\"image\/jpeg\" \/>\n<meta name=\"twitter:card\" content=\"summary_large_image\" \/>\n<meta name=\"twitter:site\" content=\"@visitmontenegro\" \/>\n<meta name=\"twitter:label1\" content=\"Gesch\u00e4tzte Lesezeit\" \/>\n\t<meta name=\"twitter:data1\" content=\"3\u00a0Minuten\" \/>\n<script type=\"application\/ld+json\" class=\"yoast-schema-graph\">{\"@context\":\"https:\\\/\\\/schema.org\",\"@graph\":[{\"@type\":\"WebPage\",\"@id\":\"https:\\\/\\\/www.visit-montenegro.com\\\/de\\\/reiseziele\\\/podgorica\\\/info\\\/einkaufen\\\/\",\"url\":\"https:\\\/\\\/www.visit-montenegro.com\\\/de\\\/reiseziele\\\/podgorica\\\/info\\\/einkaufen\\\/\",\"name\":\"Einkaufen in Podgorica - Visit Montenegro\",\"isPartOf\":{\"@id\":\"https:\\\/\\\/www.visit-montenegro.com\\\/de\\\/#website\"},\"primaryImageOfPage\":{\"@id\":\"https:\\\/\\\/www.visit-montenegro.com\\\/de\\\/reiseziele\\\/podgorica\\\/info\\\/einkaufen\\\/#primaryimage\"},\"image\":{\"@id\":\"https:\\\/\\\/www.visit-montenegro.com\\\/de\\\/reiseziele\\\/podgorica\\\/info\\\/einkaufen\\\/#primaryimage\"},\"thumbnailUrl\":\"https:\\\/\\\/www.visit-montenegro.com\\\/wp-content\\\/uploads\\\/2026\\\/02\\\/Depositphotos_153048182_XL-scaled.jpg\",\"datePublished\":\"2026-01-27T20:44:33+00:00\",\"dateModified\":\"2026-02-23T13:31:04+00:00\",\"description\":\"Entdecken Sie das Einkaufen in Podgorica: Luxusboutiquen, moderne Einkaufszentren und lebendige M\u00e4rkte. Planen Sie Ihre Reise mit unserem Guide zu Mode, Lebensmitteln und mehr in der Hauptstadt Montenegros.\",\"breadcrumb\":{\"@id\":\"https:\\\/\\\/www.visit-montenegro.com\\\/de\\\/reiseziele\\\/podgorica\\\/info\\\/einkaufen\\\/#breadcrumb\"},\"inLanguage\":\"de\",\"potentialAction\":[{\"@type\":\"ReadAction\",\"target\":[\"https:\\\/\\\/www.visit-montenegro.com\\\/de\\\/reiseziele\\\/podgorica\\\/info\\\/einkaufen\\\/\"]}]},{\"@type\":\"ImageObject\",\"inLanguage\":\"de\",\"@id\":\"https:\\\/\\\/www.visit-montenegro.com\\\/de\\\/reiseziele\\\/podgorica\\\/info\\\/einkaufen\\\/#primaryimage\",\"url\":\"https:\\\/\\\/www.visit-montenegro.com\\\/wp-content\\\/uploads\\\/2026\\\/02\\\/Depositphotos_153048182_XL-scaled.jpg\",\"contentUrl\":\"https:\\\/\\\/www.visit-montenegro.com\\\/wp-content\\\/uploads\\\/2026\\\/02\\\/Depositphotos_153048182_XL-scaled.jpg\",\"width\":1600,\"height\":1067},{\"@type\":\"BreadcrumbList\",\"@id\":\"https:\\\/\\\/www.visit-montenegro.com\\\/de\\\/reiseziele\\\/podgorica\\\/info\\\/einkaufen\\\/#breadcrumb\",\"itemListElement\":[{\"@type\":\"ListItem\",\"position\":1,\"name\":\"Home\",\"item\":\"https:\\\/\\\/www.visit-montenegro.com\\\/de\\\/home\\\/\"},{\"@type\":\"ListItem\",\"position\":2,\"name\":\"Reiseziele in Montenegro\",\"item\":\"https:\\\/\\\/www.visit-montenegro.com\\\/de\\\/reiseziele\\\/\"},{\"@type\":\"ListItem\",\"position\":3,\"name\":\"Podgorica\",\"item\":\"https:\\\/\\\/www.visit-montenegro.com\\\/de\\\/destinations\\\/podgorica\\\/\"},{\"@type\":\"ListItem\",\"position\":4,\"name\":\"Mehr \u00fcber Podgorica\",\"item\":\"https:\\\/\\\/www.visit-montenegro.com\\\/de\\\/destinations\\\/podgorica\\\/info\\\/\"},{\"@type\":\"ListItem\",\"position\":5,\"name\":\"Einkaufen in Podgorica\"}]},{\"@type\":\"WebSite\",\"@id\":\"https:\\\/\\\/www.visit-montenegro.com\\\/de\\\/#website\",\"url\":\"https:\\\/\\\/www.visit-montenegro.com\\\/de\\\/\",\"name\":\"Visit Montenegro\",\"description\":\"Breathtaking beauty\",\"publisher\":{\"@id\":\"https:\\\/\\\/www.visit-montenegro.com\\\/de\\\/#organization\"},\"potentialAction\":[{\"@type\":\"SearchAction\",\"target\":{\"@type\":\"EntryPoint\",\"urlTemplate\":\"https:\\\/\\\/www.visit-montenegro.com\\\/de\\\/?s={search_term_string}\"},\"query-input\":{\"@type\":\"PropertyValueSpecification\",\"valueRequired\":true,\"valueName\":\"search_term_string\"}}],\"inLanguage\":\"de\"},{\"@type\":\"Organization\",\"@id\":\"https:\\\/\\\/www.visit-montenegro.com\\\/de\\\/#organization\",\"name\":\"Visit Montenegro\",\"url\":\"https:\\\/\\\/www.visit-montenegro.com\\\/de\\\/\",\"logo\":{\"@type\":\"ImageObject\",\"inLanguage\":\"de\",\"@id\":\"https:\\\/\\\/www.visit-montenegro.com\\\/de\\\/#\\\/schema\\\/logo\\\/image\\\/\",\"url\":\"https:\\\/\\\/www.visit-montenegro.com\\\/wp-content\\\/uploads\\\/2017\\\/10\\\/logo-amp.png\",\"contentUrl\":\"https:\\\/\\\/www.visit-montenegro.com\\\/wp-content\\\/uploads\\\/2017\\\/10\\\/logo-amp.png\",\"width\":190,\"height\":36,\"caption\":\"Visit Montenegro\"},\"image\":{\"@id\":\"https:\\\/\\\/www.visit-montenegro.com\\\/de\\\/#\\\/schema\\\/logo\\\/image\\\/\"},\"sameAs\":[\"https:\\\/\\\/www.facebook.com\\\/visitmontenegro\",\"https:\\\/\\\/x.com\\\/visitmontenegro\",\"https:\\\/\\\/www.instagram.com\\\/visit_montenegro\\\/\",\"https:\\\/\\\/www.youtube.com\\\/user\\\/VisitMontenegro\"]}]}<\/script>\n<!-- \/ Yoast SEO plugin. -->","yoast_head_json":{"title":"Einkaufen in Podgorica - Visit Montenegro","description":"Entdecken Sie das Einkaufen in Podgorica: Luxusboutiquen, moderne Einkaufszentren und lebendige M\u00e4rkte. Planen Sie Ihre Reise mit unserem Guide zu Mode, Lebensmitteln und mehr in der Hauptstadt Montenegros.","robots":{"index":"index","follow":"follow","max-snippet":"max-snippet:-1","max-image-preview":"max-image-preview:large","max-video-preview":"max-video-preview:-1"},"canonical":"https:\/\/www.visit-montenegro.com\/de\/reiseziele\/podgorica\/info\/einkaufen\/","og_locale":"de_DE","og_type":"article","og_title":"Einkaufen in Podgorica - Visit Montenegro","og_description":"Entdecken Sie das Einkaufen in Podgorica: Luxusboutiquen, moderne Einkaufszentren und lebendige M\u00e4rkte. Planen Sie Ihre Reise mit unserem Guide zu Mode, Lebensmitteln und mehr in der Hauptstadt Montenegros.","og_url":"https:\/\/www.visit-montenegro.com\/de\/reiseziele\/podgorica\/info\/einkaufen\/","og_site_name":"Visit Montenegro","article_publisher":"https:\/\/www.facebook.com\/visitmontenegro","article_modified_time":"2026-02-23T13:31:04+00:00","og_image":[{"width":1600,"height":1067,"url":"https:\/\/www.visit-montenegro.com\/wp-content\/uploads\/2026\/02\/Depositphotos_153048182_XL-scaled.jpg","type":"image\/jpeg"}],"twitter_card":"summary_large_image","twitter_site":"@visitmontenegro","twitter_misc":{"Gesch\u00e4tzte Lesezeit":"3\u00a0Minuten"},"schema":{"@context":"https:\/\/schema.org","@graph":[{"@type":"WebPage","@id":"https:\/\/www.visit-montenegro.com\/de\/reiseziele\/podgorica\/info\/einkaufen\/","url":"https:\/\/www.visit-montenegro.com\/de\/reiseziele\/podgorica\/info\/einkaufen\/","name":"Einkaufen in Podgorica - Visit Montenegro","isPartOf":{"@id":"https:\/\/www.visit-montenegro.com\/de\/#website"},"primaryImageOfPage":{"@id":"https:\/\/www.visit-montenegro.com\/de\/reiseziele\/podgorica\/info\/einkaufen\/#primaryimage"},"image":{"@id":"https:\/\/www.visit-montenegro.com\/de\/reiseziele\/podgorica\/info\/einkaufen\/#primaryimage"},"thumbnailUrl":"https:\/\/www.visit-montenegro.com\/wp-content\/uploads\/2026\/02\/Depositphotos_153048182_XL-scaled.jpg","datePublished":"2026-01-27T20:44:33+00:00","dateModified":"2026-02-23T13:31:04+00:00","description":"Entdecken Sie das Einkaufen in Podgorica: Luxusboutiquen, moderne Einkaufszentren und lebendige M\u00e4rkte. Planen Sie Ihre Reise mit unserem Guide zu Mode, Lebensmitteln und mehr in der Hauptstadt Montenegros.","breadcrumb":{"@id":"https:\/\/www.visit-montenegro.com\/de\/reiseziele\/podgorica\/info\/einkaufen\/#breadcrumb"},"inLanguage":"de","potentialAction":[{"@type":"ReadAction","target":["https:\/\/www.visit-montenegro.com\/de\/reiseziele\/podgorica\/info\/einkaufen\/"]}]},{"@type":"ImageObject","inLanguage":"de","@id":"https:\/\/www.visit-montenegro.com\/de\/reiseziele\/podgorica\/info\/einkaufen\/#primaryimage","url":"https:\/\/www.visit-montenegro.com\/wp-content\/uploads\/2026\/02\/Depositphotos_153048182_XL-scaled.jpg","contentUrl":"https:\/\/www.visit-montenegro.com\/wp-content\/uploads\/2026\/02\/Depositphotos_153048182_XL-scaled.jpg","width":1600,"height":1067},{"@type":"BreadcrumbList","@id":"https:\/\/www.visit-montenegro.com\/de\/reiseziele\/podgorica\/info\/einkaufen\/#breadcrumb","itemListElement":[{"@type":"ListItem","position":1,"name":"Home","item":"https:\/\/www.visit-montenegro.com\/de\/home\/"},{"@type":"ListItem","position":2,"name":"Reiseziele in Montenegro","item":"https:\/\/www.visit-montenegro.com\/de\/reiseziele\/"},{"@type":"ListItem","position":3,"name":"Podgorica","item":"https:\/\/www.visit-montenegro.com\/de\/destinations\/podgorica\/"},{"@type":"ListItem","position":4,"name":"Mehr \u00fcber Podgorica","item":"https:\/\/www.visit-montenegro.com\/de\/destinations\/podgorica\/info\/"},{"@type":"ListItem","position":5,"name":"Einkaufen in Podgorica"}]},{"@type":"WebSite","@id":"https:\/\/www.visit-montenegro.com\/de\/#website","url":"https:\/\/www.visit-montenegro.com\/de\/","name":"Visit Montenegro","description":"Breathtaking beauty","publisher":{"@id":"https:\/\/www.visit-montenegro.com\/de\/#organization"},"potentialAction":[{"@type":"SearchAction","target":{"@type":"EntryPoint","urlTemplate":"https:\/\/www.visit-montenegro.com\/de\/?s={search_term_string}"},"query-input":{"@type":"PropertyValueSpecification","valueRequired":true,"valueName":"search_term_string"}}],"inLanguage":"de"},{"@type":"Organization","@id":"https:\/\/www.visit-montenegro.com\/de\/#organization","name":"Visit Montenegro","url":"https:\/\/www.visit-montenegro.com\/de\/","logo":{"@type":"ImageObject","inLanguage":"de","@id":"https:\/\/www.visit-montenegro.com\/de\/#\/schema\/logo\/image\/","url":"https:\/\/www.visit-montenegro.com\/wp-content\/uploads\/2017\/10\/logo-amp.png","contentUrl":"https:\/\/www.visit-montenegro.com\/wp-content\/uploads\/2017\/10\/logo-amp.png","width":190,"height":36,"caption":"Visit Montenegro"},"image":{"@id":"https:\/\/www.visit-montenegro.com\/de\/#\/schema\/logo\/image\/"},"sameAs":["https:\/\/www.facebook.com\/visitmontenegro","https:\/\/x.com\/visitmontenegro","https:\/\/www.instagram.com\/visit_montenegro\/","https:\/\/www.youtube.com\/user\/VisitMontenegro"]}]}},"translations":[],"_links":{"self":[{"href":"https:\/\/www.visit-montenegro.com\/de\/wp-json\/wp\/v2\/pages\/134730","targetHints":{"allow":["GET"]}}],"collection":[{"href":"https:\/\/www.visit-montenegro.com\/de\/wp-json\/wp\/v2\/pages"}],"about":[{"href":"https:\/\/www.visit-montenegro.com\/de\/wp-json\/wp\/v2\/types\/page"}],"author":[{"embeddable":true,"href":"https:\/\/www.visit-montenegro.com\/de\/wp-json\/wp\/v2\/users\/1"}],"replies":[{"embeddable":true,"href":"https:\/\/www.visit-montenegro.com\/de\/wp-json\/wp\/v2\/comments?post=134730"}],"version-history":[{"count":0,"href":"https:\/\/www.visit-montenegro.com\/de\/wp-json\/wp\/v2\/pages\/134730\/revisions"}],"up":[{"embeddable":true,"href":"https:\/\/www.visit-montenegro.com\/de\/wp-json\/wp\/v2\/pages\/134598"}],"wp:featuredmedia":[{"embeddable":true,"href":"https:\/\/www.visit-montenegro.com\/de\/wp-json\/wp\/v2\/media\/134057"}],"wp:attachment":[{"href":"https:\/\/www.visit-montenegro.com\/de\/wp-json\/wp\/v2\/media?parent=134730"}],"wp:term":[{"taxonomy":"post_tag","embeddable":true,"href":"https:\/\/www.visit-montenegro.com\/de\/wp-json\/wp\/v2\/tags?post=134730"}],"curies":[{"name":"wp","href":"https:\/\/api.w.org\/{rel}","templated":true}]}}