{"id":134738,"date":"2026-01-27T21:44:33","date_gmt":"2026-01-27T20:44:33","guid":{"rendered":"https:\/\/new.visit-montenegro.com\/kloster-dajbabe\/"},"modified":"2026-02-22T17:05:15","modified_gmt":"2026-02-22T16:05:15","slug":"kloster-dajbabe","status":"publish","type":"page","link":"https:\/\/www.visit-montenegro.com\/de\/reiseziele\/podgorica\/sehenswuerdigkeiten\/kloster-dajbabe\/","title":{"rendered":"Kloster Dajbabe"},"content":{"rendered":"\n<p>Das Kloster Dajbabe ist ein einzigartiges H\u00f6hlenkloster in der N\u00e4he von <a href=\"https:\/\/www.visit-montenegro.com\/de\/reiseziele\/podgorica\/\">Podgorica<\/a>, Montenegro, gegr\u00fcndet 1897 und der Entschlafung der Muttergottes gewidmet, das eine Mischung aus nat\u00fcrlicher und menschlicher Kunstfertigkeit in seinem kreuzf\u00f6rmigen Design bietet.<\/p>\n\n<hr class=\"wp-block-separator has-alpha-channel-opacity\"\/>\n\n<h2 class=\"wp-block-heading\">Lage und Umgebung<\/h2>\n\n<p>Nicht weit von Podgorica entfernt, auf dem Weg nach <a href=\"https:\/\/www.visit-montenegro.com\/de\/reiseziele\/bar\/\">Bar<\/a>, befindet sich das <strong>Kloster Dajbabe<\/strong>. Es liegt unterhalb des Dajbaba-H\u00fcgels, der sich dominant \u00fcber das Zeta-Tal erhebt. Diese Umgebung bietet eine malerische Kulisse f\u00fcr Besucher, die Montenegro erkunden.<\/p>\n\n<h2 class=\"wp-block-heading\">Geschichte und Architektur<\/h2>\n\n<p>Das <strong>Kloster Dajbabe<\/strong> ist Uspenje Bogorodice (Entschlafung der Heiligen Muttergottes) gewidmet und erhielt seinen Namen vom Dorf. Es wurde 1897 gegr\u00fcndet. Urspr\u00fcnglich wurde nur der H\u00f6hlenraum f\u00fcr die Kirche genutzt, aber sp\u00e4ter wurde es zu einem kreuzf\u00f6rmigen Design mit Kapellen erweitert.<\/p>\n\n<figure class=\"wp-block-image size-large\"><img loading=\"lazy\" decoding=\"async\" width=\"1024\" height=\"705\" src=\"https:\/\/www.visit-montenegro.com\/wp-content\/uploads\/2026\/01\/podgorica-monastery-dajbabe-02-1024x705.jpg\" alt=\"\" class=\"wp-image-36177\" srcset=\"https:\/\/www.visit-montenegro.com\/wp-content\/uploads\/2026\/01\/podgorica-monastery-dajbabe-02-1024x705.jpg 1024w, https:\/\/www.visit-montenegro.com\/wp-content\/uploads\/2026\/01\/podgorica-monastery-dajbabe-02-300x207.jpg 300w, https:\/\/www.visit-montenegro.com\/wp-content\/uploads\/2026\/01\/podgorica-monastery-dajbabe-02-768x529.jpg 768w, https:\/\/www.visit-montenegro.com\/wp-content\/uploads\/2026\/01\/podgorica-monastery-dajbabe-02-1536x1058.jpg 1536w, https:\/\/www.visit-montenegro.com\/wp-content\/uploads\/2026\/01\/podgorica-monastery-dajbabe-02-1200x826.jpg 1200w, https:\/\/www.visit-montenegro.com\/wp-content\/uploads\/2026\/01\/podgorica-monastery-dajbabe-02-scaled.jpg 1600w\" sizes=\"auto, (max-width: 1024px) 100vw, 1024px\" \/><figcaption class=\"wp-element-caption\">Montenegro, Kloster Male Dajbabe. Wurde 1897 gegr\u00fcndet, Wahrzeichen<\/figcaption><\/figure>\n\n<p>Der einzige sichtbare Teil au\u00dferhalb der H\u00f6hle ist eine ger\u00e4umige Eingangsveranda mit zwei Glockent\u00fcrmen. Dar\u00fcber hinaus malte der Schutzm\u00f6nch Simeon Popovic das Innere und passte die Bilder den nat\u00fcrlichen Felsformen an. Dieser k\u00fcnstlerische Touch verst\u00e4rkt die spirituelle Atmosph\u00e4re des Klosters.<\/p>\n\n<h2 class=\"wp-block-heading\">Besuchererlebnis<\/h2>\n\n<p>F\u00fcr einen Besucher aus jedem Teil der Welt wird das <strong>Kloster Dajbabe<\/strong> ein unvergessliches Erlebnis darstellen. Tats\u00e4chlich ist es ein Werk, das Natur und Mensch vereint, da die Kirche in einer H\u00f6hle liegt. Dieses einzigartige Merkmal macht es zu einem Muss in Montenegro.<\/p>\n","protected":false},"excerpt":{"rendered":"<p>Entdecken Sie das Kloster Dajbabe, ein faszinierendes H\u00f6hlenkloster in der N\u00e4he von Podgorica, Montenegro. Gegr\u00fcndet 1897, vereint es nat\u00fcrliche Sch\u00f6nheit mit menschlicher Kunstfertigkeit in seinem kreuzf\u00f6rmigen Design. Erleben Sie seine einzigartige Geschichte und spirituelle Atmosph\u00e4re f\u00fcr einen unvergesslichen Besuch.<\/p>\n","protected":false},"author":1,"featured_media":134739,"parent":134763,"menu_order":0,"comment_status":"closed","ping_status":"closed","template":"","meta":{"_yoast_wpseo_focuskw":"Kloster Dajbabe","_yoast_wpseo_metadesc":"Entdecken Sie das Kloster Dajbabe, ein einzigartiges H\u00f6hlenkloster in der N\u00e4he von Podgorica. Erfahren Sie mehr \u00fcber seine Geschichte, Architektur und spirituelle Bedeutung f\u00fcr eine unvergessliche Reise nach Montenegro.","_kad_post_transparent":"","_kad_post_title":"","_kad_post_layout":"","_kad_post_sidebar_id":"","_kad_post_content_style":"","_kad_post_vertical_padding":"","_kad_post_feature":"","_kad_post_feature_position":"","_kad_post_header":false,"_kad_post_footer":false,"_kad_post_classname":"","iawp_total_views":12,"footnotes":""},"tags":[],"class_list":["post-134738","page","type-page","status-publish","has-post-thumbnail","hentry"],"yoast_head":"<!-- This site is optimized with the Yoast SEO plugin v27.3 - https:\/\/yoast.com\/product\/yoast-seo-wordpress\/ -->\n<title>Kloster Dajbabe - Visit Montenegro<\/title>\n<meta name=\"description\" content=\"Entdecken Sie das Kloster Dajbabe, ein einzigartiges H\u00f6hlenkloster in der N\u00e4he von Podgorica. Erfahren Sie mehr \u00fcber seine Geschichte, Architektur und spirituelle Bedeutung f\u00fcr eine unvergessliche Reise nach Montenegro.\" \/>\n<meta name=\"robots\" content=\"index, follow, max-snippet:-1, max-image-preview:large, max-video-preview:-1\" \/>\n<link rel=\"canonical\" href=\"https:\/\/www.visit-montenegro.com\/de\/reiseziele\/podgorica\/sehenswuerdigkeiten\/kloster-dajbabe\/\" \/>\n<meta property=\"og:locale\" content=\"de_DE\" \/>\n<meta property=\"og:type\" content=\"article\" \/>\n<meta property=\"og:title\" content=\"Kloster Dajbabe - Visit Montenegro\" \/>\n<meta property=\"og:description\" content=\"Entdecken Sie das Kloster Dajbabe, ein einzigartiges H\u00f6hlenkloster in der N\u00e4he von Podgorica. Erfahren Sie mehr \u00fcber seine Geschichte, Architektur und spirituelle Bedeutung f\u00fcr eine unvergessliche Reise nach Montenegro.\" \/>\n<meta property=\"og:url\" content=\"https:\/\/www.visit-montenegro.com\/de\/reiseziele\/podgorica\/sehenswuerdigkeiten\/kloster-dajbabe\/\" \/>\n<meta property=\"og:site_name\" content=\"Visit Montenegro\" \/>\n<meta property=\"article:publisher\" content=\"https:\/\/www.facebook.com\/visitmontenegro\" \/>\n<meta property=\"article:modified_time\" content=\"2026-02-22T16:05:15+00:00\" \/>\n<meta property=\"og:image\" content=\"https:\/\/www.visit-montenegro.com\/wp-content\/uploads\/2026\/01\/podgorica-monastery-dajbabe-scaled.jpg\" \/>\n\t<meta property=\"og:image:width\" content=\"1600\" \/>\n\t<meta property=\"og:image:height\" content=\"1065\" \/>\n\t<meta property=\"og:image:type\" content=\"image\/jpeg\" \/>\n<meta name=\"twitter:card\" content=\"summary_large_image\" \/>\n<meta name=\"twitter:site\" content=\"@visitmontenegro\" \/>\n<meta name=\"twitter:label1\" content=\"Gesch\u00e4tzte Lesezeit\" \/>\n\t<meta name=\"twitter:data1\" content=\"1\u00a0Minute\" \/>\n<script type=\"application\/ld+json\" class=\"yoast-schema-graph\">{\"@context\":\"https:\\\/\\\/schema.org\",\"@graph\":[{\"@type\":\"WebPage\",\"@id\":\"https:\\\/\\\/www.visit-montenegro.com\\\/de\\\/reiseziele\\\/podgorica\\\/sehenswuerdigkeiten\\\/kloster-dajbabe\\\/\",\"url\":\"https:\\\/\\\/www.visit-montenegro.com\\\/de\\\/reiseziele\\\/podgorica\\\/sehenswuerdigkeiten\\\/kloster-dajbabe\\\/\",\"name\":\"Kloster Dajbabe - Visit Montenegro\",\"isPartOf\":{\"@id\":\"https:\\\/\\\/www.visit-montenegro.com\\\/de\\\/#website\"},\"primaryImageOfPage\":{\"@id\":\"https:\\\/\\\/www.visit-montenegro.com\\\/de\\\/reiseziele\\\/podgorica\\\/sehenswuerdigkeiten\\\/kloster-dajbabe\\\/#primaryimage\"},\"image\":{\"@id\":\"https:\\\/\\\/www.visit-montenegro.com\\\/de\\\/reiseziele\\\/podgorica\\\/sehenswuerdigkeiten\\\/kloster-dajbabe\\\/#primaryimage\"},\"thumbnailUrl\":\"https:\\\/\\\/www.visit-montenegro.com\\\/wp-content\\\/uploads\\\/2026\\\/01\\\/podgorica-monastery-dajbabe-scaled.jpg\",\"datePublished\":\"2026-01-27T20:44:33+00:00\",\"dateModified\":\"2026-02-22T16:05:15+00:00\",\"description\":\"Entdecken Sie das Kloster Dajbabe, ein einzigartiges H\u00f6hlenkloster in der N\u00e4he von Podgorica. Erfahren Sie mehr \u00fcber seine Geschichte, Architektur und spirituelle Bedeutung f\u00fcr eine unvergessliche Reise nach Montenegro.\",\"breadcrumb\":{\"@id\":\"https:\\\/\\\/www.visit-montenegro.com\\\/de\\\/reiseziele\\\/podgorica\\\/sehenswuerdigkeiten\\\/kloster-dajbabe\\\/#breadcrumb\"},\"inLanguage\":\"de\",\"potentialAction\":[{\"@type\":\"ReadAction\",\"target\":[\"https:\\\/\\\/www.visit-montenegro.com\\\/de\\\/reiseziele\\\/podgorica\\\/sehenswuerdigkeiten\\\/kloster-dajbabe\\\/\"]}]},{\"@type\":\"ImageObject\",\"inLanguage\":\"de\",\"@id\":\"https:\\\/\\\/www.visit-montenegro.com\\\/de\\\/reiseziele\\\/podgorica\\\/sehenswuerdigkeiten\\\/kloster-dajbabe\\\/#primaryimage\",\"url\":\"https:\\\/\\\/www.visit-montenegro.com\\\/wp-content\\\/uploads\\\/2026\\\/01\\\/podgorica-monastery-dajbabe-scaled.jpg\",\"contentUrl\":\"https:\\\/\\\/www.visit-montenegro.com\\\/wp-content\\\/uploads\\\/2026\\\/01\\\/podgorica-monastery-dajbabe-scaled.jpg\",\"width\":1600,\"height\":1065,\"caption\":\"Weg zum Tempel. Blick auf das Serbisch-Orthodoxe Christliche Kloster Dajbabe, die Kirche befindet sich in der H\u00f6hle. Podgorica, Montenegro\"},{\"@type\":\"BreadcrumbList\",\"@id\":\"https:\\\/\\\/www.visit-montenegro.com\\\/de\\\/reiseziele\\\/podgorica\\\/sehenswuerdigkeiten\\\/kloster-dajbabe\\\/#breadcrumb\",\"itemListElement\":[{\"@type\":\"ListItem\",\"position\":1,\"name\":\"Home\",\"item\":\"https:\\\/\\\/www.visit-montenegro.com\\\/de\\\/home\\\/\"},{\"@type\":\"ListItem\",\"position\":2,\"name\":\"Reiseziele in Montenegro\",\"item\":\"https:\\\/\\\/www.visit-montenegro.com\\\/de\\\/reiseziele\\\/\"},{\"@type\":\"ListItem\",\"position\":3,\"name\":\"Podgorica\",\"item\":\"https:\\\/\\\/www.visit-montenegro.com\\\/de\\\/destinations\\\/podgorica\\\/\"},{\"@type\":\"ListItem\",\"position\":4,\"name\":\"Podgorica Sehensw\u00fcrdigkeiten\",\"item\":\"https:\\\/\\\/www.visit-montenegro.com\\\/de\\\/destinations\\\/podgorica\\\/attractions\\\/\"},{\"@type\":\"ListItem\",\"position\":5,\"name\":\"Kloster Dajbabe\"}]},{\"@type\":\"WebSite\",\"@id\":\"https:\\\/\\\/www.visit-montenegro.com\\\/de\\\/#website\",\"url\":\"https:\\\/\\\/www.visit-montenegro.com\\\/de\\\/\",\"name\":\"Visit Montenegro\",\"description\":\"Breathtaking beauty\",\"publisher\":{\"@id\":\"https:\\\/\\\/www.visit-montenegro.com\\\/de\\\/#organization\"},\"potentialAction\":[{\"@type\":\"SearchAction\",\"target\":{\"@type\":\"EntryPoint\",\"urlTemplate\":\"https:\\\/\\\/www.visit-montenegro.com\\\/de\\\/?s={search_term_string}\"},\"query-input\":{\"@type\":\"PropertyValueSpecification\",\"valueRequired\":true,\"valueName\":\"search_term_string\"}}],\"inLanguage\":\"de\"},{\"@type\":\"Organization\",\"@id\":\"https:\\\/\\\/www.visit-montenegro.com\\\/de\\\/#organization\",\"name\":\"Visit Montenegro\",\"url\":\"https:\\\/\\\/www.visit-montenegro.com\\\/de\\\/\",\"logo\":{\"@type\":\"ImageObject\",\"inLanguage\":\"de\",\"@id\":\"https:\\\/\\\/www.visit-montenegro.com\\\/de\\\/#\\\/schema\\\/logo\\\/image\\\/\",\"url\":\"https:\\\/\\\/www.visit-montenegro.com\\\/wp-content\\\/uploads\\\/2017\\\/10\\\/logo-amp.png\",\"contentUrl\":\"https:\\\/\\\/www.visit-montenegro.com\\\/wp-content\\\/uploads\\\/2017\\\/10\\\/logo-amp.png\",\"width\":190,\"height\":36,\"caption\":\"Visit Montenegro\"},\"image\":{\"@id\":\"https:\\\/\\\/www.visit-montenegro.com\\\/de\\\/#\\\/schema\\\/logo\\\/image\\\/\"},\"sameAs\":[\"https:\\\/\\\/www.facebook.com\\\/visitmontenegro\",\"https:\\\/\\\/x.com\\\/visitmontenegro\",\"https:\\\/\\\/www.instagram.com\\\/visit_montenegro\\\/\",\"https:\\\/\\\/www.youtube.com\\\/user\\\/VisitMontenegro\"]}]}<\/script>\n<!-- \/ Yoast SEO plugin. -->","yoast_head_json":{"title":"Kloster Dajbabe - Visit Montenegro","description":"Entdecken Sie das Kloster Dajbabe, ein einzigartiges H\u00f6hlenkloster in der N\u00e4he von Podgorica. Erfahren Sie mehr \u00fcber seine Geschichte, Architektur und spirituelle Bedeutung f\u00fcr eine unvergessliche Reise nach Montenegro.","robots":{"index":"index","follow":"follow","max-snippet":"max-snippet:-1","max-image-preview":"max-image-preview:large","max-video-preview":"max-video-preview:-1"},"canonical":"https:\/\/www.visit-montenegro.com\/de\/reiseziele\/podgorica\/sehenswuerdigkeiten\/kloster-dajbabe\/","og_locale":"de_DE","og_type":"article","og_title":"Kloster Dajbabe - Visit Montenegro","og_description":"Entdecken Sie das Kloster Dajbabe, ein einzigartiges H\u00f6hlenkloster in der N\u00e4he von Podgorica. Erfahren Sie mehr \u00fcber seine Geschichte, Architektur und spirituelle Bedeutung f\u00fcr eine unvergessliche Reise nach Montenegro.","og_url":"https:\/\/www.visit-montenegro.com\/de\/reiseziele\/podgorica\/sehenswuerdigkeiten\/kloster-dajbabe\/","og_site_name":"Visit Montenegro","article_publisher":"https:\/\/www.facebook.com\/visitmontenegro","article_modified_time":"2026-02-22T16:05:15+00:00","og_image":[{"width":1600,"height":1065,"url":"https:\/\/www.visit-montenegro.com\/wp-content\/uploads\/2026\/01\/podgorica-monastery-dajbabe-scaled.jpg","type":"image\/jpeg"}],"twitter_card":"summary_large_image","twitter_site":"@visitmontenegro","twitter_misc":{"Gesch\u00e4tzte Lesezeit":"1\u00a0Minute"},"schema":{"@context":"https:\/\/schema.org","@graph":[{"@type":"WebPage","@id":"https:\/\/www.visit-montenegro.com\/de\/reiseziele\/podgorica\/sehenswuerdigkeiten\/kloster-dajbabe\/","url":"https:\/\/www.visit-montenegro.com\/de\/reiseziele\/podgorica\/sehenswuerdigkeiten\/kloster-dajbabe\/","name":"Kloster Dajbabe - Visit Montenegro","isPartOf":{"@id":"https:\/\/www.visit-montenegro.com\/de\/#website"},"primaryImageOfPage":{"@id":"https:\/\/www.visit-montenegro.com\/de\/reiseziele\/podgorica\/sehenswuerdigkeiten\/kloster-dajbabe\/#primaryimage"},"image":{"@id":"https:\/\/www.visit-montenegro.com\/de\/reiseziele\/podgorica\/sehenswuerdigkeiten\/kloster-dajbabe\/#primaryimage"},"thumbnailUrl":"https:\/\/www.visit-montenegro.com\/wp-content\/uploads\/2026\/01\/podgorica-monastery-dajbabe-scaled.jpg","datePublished":"2026-01-27T20:44:33+00:00","dateModified":"2026-02-22T16:05:15+00:00","description":"Entdecken Sie das Kloster Dajbabe, ein einzigartiges H\u00f6hlenkloster in der N\u00e4he von Podgorica. Erfahren Sie mehr \u00fcber seine Geschichte, Architektur und spirituelle Bedeutung f\u00fcr eine unvergessliche Reise nach Montenegro.","breadcrumb":{"@id":"https:\/\/www.visit-montenegro.com\/de\/reiseziele\/podgorica\/sehenswuerdigkeiten\/kloster-dajbabe\/#breadcrumb"},"inLanguage":"de","potentialAction":[{"@type":"ReadAction","target":["https:\/\/www.visit-montenegro.com\/de\/reiseziele\/podgorica\/sehenswuerdigkeiten\/kloster-dajbabe\/"]}]},{"@type":"ImageObject","inLanguage":"de","@id":"https:\/\/www.visit-montenegro.com\/de\/reiseziele\/podgorica\/sehenswuerdigkeiten\/kloster-dajbabe\/#primaryimage","url":"https:\/\/www.visit-montenegro.com\/wp-content\/uploads\/2026\/01\/podgorica-monastery-dajbabe-scaled.jpg","contentUrl":"https:\/\/www.visit-montenegro.com\/wp-content\/uploads\/2026\/01\/podgorica-monastery-dajbabe-scaled.jpg","width":1600,"height":1065,"caption":"Weg zum Tempel. Blick auf das Serbisch-Orthodoxe Christliche Kloster Dajbabe, die Kirche befindet sich in der H\u00f6hle. Podgorica, Montenegro"},{"@type":"BreadcrumbList","@id":"https:\/\/www.visit-montenegro.com\/de\/reiseziele\/podgorica\/sehenswuerdigkeiten\/kloster-dajbabe\/#breadcrumb","itemListElement":[{"@type":"ListItem","position":1,"name":"Home","item":"https:\/\/www.visit-montenegro.com\/de\/home\/"},{"@type":"ListItem","position":2,"name":"Reiseziele in Montenegro","item":"https:\/\/www.visit-montenegro.com\/de\/reiseziele\/"},{"@type":"ListItem","position":3,"name":"Podgorica","item":"https:\/\/www.visit-montenegro.com\/de\/destinations\/podgorica\/"},{"@type":"ListItem","position":4,"name":"Podgorica Sehensw\u00fcrdigkeiten","item":"https:\/\/www.visit-montenegro.com\/de\/destinations\/podgorica\/attractions\/"},{"@type":"ListItem","position":5,"name":"Kloster Dajbabe"}]},{"@type":"WebSite","@id":"https:\/\/www.visit-montenegro.com\/de\/#website","url":"https:\/\/www.visit-montenegro.com\/de\/","name":"Visit Montenegro","description":"Breathtaking beauty","publisher":{"@id":"https:\/\/www.visit-montenegro.com\/de\/#organization"},"potentialAction":[{"@type":"SearchAction","target":{"@type":"EntryPoint","urlTemplate":"https:\/\/www.visit-montenegro.com\/de\/?s={search_term_string}"},"query-input":{"@type":"PropertyValueSpecification","valueRequired":true,"valueName":"search_term_string"}}],"inLanguage":"de"},{"@type":"Organization","@id":"https:\/\/www.visit-montenegro.com\/de\/#organization","name":"Visit Montenegro","url":"https:\/\/www.visit-montenegro.com\/de\/","logo":{"@type":"ImageObject","inLanguage":"de","@id":"https:\/\/www.visit-montenegro.com\/de\/#\/schema\/logo\/image\/","url":"https:\/\/www.visit-montenegro.com\/wp-content\/uploads\/2017\/10\/logo-amp.png","contentUrl":"https:\/\/www.visit-montenegro.com\/wp-content\/uploads\/2017\/10\/logo-amp.png","width":190,"height":36,"caption":"Visit Montenegro"},"image":{"@id":"https:\/\/www.visit-montenegro.com\/de\/#\/schema\/logo\/image\/"},"sameAs":["https:\/\/www.facebook.com\/visitmontenegro","https:\/\/x.com\/visitmontenegro","https:\/\/www.instagram.com\/visit_montenegro\/","https:\/\/www.youtube.com\/user\/VisitMontenegro"]}]}},"translations":[],"_links":{"self":[{"href":"https:\/\/www.visit-montenegro.com\/de\/wp-json\/wp\/v2\/pages\/134738","targetHints":{"allow":["GET"]}}],"collection":[{"href":"https:\/\/www.visit-montenegro.com\/de\/wp-json\/wp\/v2\/pages"}],"about":[{"href":"https:\/\/www.visit-montenegro.com\/de\/wp-json\/wp\/v2\/types\/page"}],"author":[{"embeddable":true,"href":"https:\/\/www.visit-montenegro.com\/de\/wp-json\/wp\/v2\/users\/1"}],"replies":[{"embeddable":true,"href":"https:\/\/www.visit-montenegro.com\/de\/wp-json\/wp\/v2\/comments?post=134738"}],"version-history":[{"count":0,"href":"https:\/\/www.visit-montenegro.com\/de\/wp-json\/wp\/v2\/pages\/134738\/revisions"}],"up":[{"embeddable":true,"href":"https:\/\/www.visit-montenegro.com\/de\/wp-json\/wp\/v2\/pages\/134763"}],"wp:featuredmedia":[{"embeddable":true,"href":"https:\/\/www.visit-montenegro.com\/de\/wp-json\/wp\/v2\/media\/134739"}],"wp:attachment":[{"href":"https:\/\/www.visit-montenegro.com\/de\/wp-json\/wp\/v2\/media?parent=134738"}],"wp:term":[{"taxonomy":"post_tag","embeddable":true,"href":"https:\/\/www.visit-montenegro.com\/de\/wp-json\/wp\/v2\/tags?post=134738"}],"curies":[{"name":"wp","href":"https:\/\/api.w.org\/{rel}","templated":true}]}}