{"id":134761,"date":"2026-01-27T21:44:33","date_gmt":"2026-01-27T20:44:33","guid":{"rendered":"https:\/\/new.visit-montenegro.com\/ziele\/podgorica\/"},"modified":"2026-02-23T14:27:30","modified_gmt":"2026-02-23T13:27:30","slug":"podgorica","status":"publish","type":"page","link":"https:\/\/www.visit-montenegro.com\/de\/reiseziele\/podgorica\/","title":{"rendered":"Podgorica"},"content":{"rendered":"\n<p>Podgorica, die Hauptstadt Montenegros, ist eine moderne Stadt, die nach der Zerst\u00f6rung im Zweiten Weltkrieg zwischen f\u00fcnf Fl\u00fcssen erbaut wurde und kulturelle Veranstaltungen, Gr\u00fcnfl\u00e4chen und ausgezeichnete Verkehrsverbindungen bietet, mit dem nahe gelegenen Skadar-See als bedeutender nat\u00fcrlicher Attraktion.<\/p>\n\n<hr class=\"wp-block-separator has-alpha-channel-opacity\"\/>\n\n<h2 class=\"wp-block-heading\">Podgorica: Eine moderne Stadt mit reicher Geschichte und Kultur<\/h2>\n\n<p>Der Name <strong>Podgorica<\/strong> stammt aus dem Jahr 1326, und die Stadt ist zwischen f\u00fcnf Fl\u00fcssen erbaut: der Zeta, Moraca, Ribnica, <a href=\"https:\/\/www.visit-montenegro.com\/de\/reiseziele\/podgorica\/sehenswuerdigkeiten\/cijevna\/\">Cijevna<\/a> und Sitnica. Der gr\u00f6\u00dfte Teil der Stadt wurde w\u00e4hrend des Zweiten Weltkriegs zerst\u00f6rt, daher ist <strong>Podgorica<\/strong> relativ neu, mit modernen Geb\u00e4uden an jeder Ecke, zusammen mit Gr\u00fcnfl\u00e4chen und Parks. Folglich veranstaltet <strong>Podgorica<\/strong> eine Reihe kultureller Events und verf\u00fcgt \u00fcber viele Theater, wie das Crnogorsko Narodno, Gradsko und Dodest.<\/p>\n\n<p>Weitere kulturelle und historische Denkm\u00e4ler in und um <strong>Podgorica<\/strong> umfassen die Sahat-kula Adzi-pasa Osmanagica, die Ruinen von Nemanjica Grad, \u00dcberreste der Stadt Doclea, Stara Varos und Vezirov. Dar\u00fcber hinaus hat <strong>Podgorica<\/strong> ausgezeichnete Verkehrsverbindungen zu anderen Zentren, was es f\u00fcr Besucher leicht erreichbar macht.<\/p>\n\n<figure class=\"wp-block-image size-large\"><img loading=\"lazy\" decoding=\"async\" width=\"1024\" height=\"694\" src=\"https:\/\/www.visit-montenegro.com\/wp-content\/uploads\/2026\/01\/podgorica-sahat-kula-1024x694.jpg\" alt=\"\" class=\"wp-image-36187\" srcset=\"https:\/\/www.visit-montenegro.com\/wp-content\/uploads\/2026\/01\/podgorica-sahat-kula-1024x694.jpg 1024w, https:\/\/www.visit-montenegro.com\/wp-content\/uploads\/2026\/01\/podgorica-sahat-kula-300x203.jpg 300w, https:\/\/www.visit-montenegro.com\/wp-content\/uploads\/2026\/01\/podgorica-sahat-kula-768x520.jpg 768w, https:\/\/www.visit-montenegro.com\/wp-content\/uploads\/2026\/01\/podgorica-sahat-kula-1536x1041.jpg 1536w, https:\/\/www.visit-montenegro.com\/wp-content\/uploads\/2026\/01\/podgorica-sahat-kula-1200x813.jpg 1200w, https:\/\/www.visit-montenegro.com\/wp-content\/uploads\/2026\/01\/podgorica-sahat-kula-scaled.jpg 1600w\" sizes=\"auto, (max-width: 1024px) 100vw, 1024px\" \/><figcaption class=\"wp-element-caption\">Sahat Kula, Podgorica<\/figcaption><\/figure>\n\n<h3 class=\"wp-block-heading\">Transport und Erreichbarkeit<\/h3>\n\n<p>Neun Kilometer von der Stadt entfernt liegt der internationale Flughafen, mit Bahnhof und Busbahnhof in unmittelbarer N\u00e4he zueinander, was bequeme Reisem\u00f6glichkeiten gew\u00e4hrleistet.<\/p>\n\n<h3 class=\"wp-block-heading\">Nat\u00fcrliche Attraktionen: Skadar-See<\/h3>\n\n<p>F\u00fcr Touristen ist der interessanteste Teil der Gemeinde <strong>Podgorica<\/strong> der Nationalpark Skardarsko oder Skadar-See, der gr\u00f6\u00dfte See auf dem Balkan, mit einer erstaunlichen Anzahl von V\u00f6geln und Pflanzen, von denen einige sehr selten sind.<\/p>\n\n<hr class=\"wp-block-separator has-alpha-channel-opacity\"\/>\n\n<div class=\"wp-block-columns is-layout-flex wp-container-core-columns-is-layout-9d6595d7 wp-block-columns-is-layout-flex\">\n<div class=\"wp-block-column is-layout-flow wp-block-column-is-layout-flow\">\n<div class=\"wp-block-group\"><div class=\"wp-block-group__inner-container is-layout-constrained wp-block-group-is-layout-constrained\">\n<h3 class=\"wp-block-heading\">Entdecken Sie Podgoricas verborgene Sch\u00e4tze<\/h3>\n\n\n\n<p>Erkunden Sie die ikonischsten Wahrzeichen, historischen St\u00e4tten und Muss-Sehensw\u00fcrdigkeiten, die dieses Reiseziel einzigartig machen.<\/p>\n\n\n\n<div class=\"wp-block-buttons is-layout-flex wp-block-buttons-is-layout-flex\">\n<div class=\"wp-block-button\"><a class=\"wp-block-button__link wp-element-button\" href=\"https:\/\/www.visit-montenegro.com\/de\/reiseziele\/podgorica\/sehenswuerdigkeiten\/\">Podgorica Sehensw\u00fcrdigkeiten<\/a><\/div>\n<\/div>\n<\/div><\/div>\n<\/div>\n\n\n\n<div class=\"wp-block-column is-layout-flow wp-block-column-is-layout-flow\">\n<div class=\"wp-block-group\"><div class=\"wp-block-group__inner-container is-layout-constrained wp-block-group-is-layout-constrained\">\n<h3 class=\"wp-block-heading\">Erfahren Sie mehr \u00fcber Podgorica<\/h3>\n\n\n\n<p>Tauchen Sie tiefer in die lokale Kultur, Geschichte und praktische Reisetipps ein, um sich auf Ihre bevorstehende Reise vorzubereiten.<\/p>\n<\/div><\/div>\n\n\n\n<div class=\"wp-block-buttons is-layout-flex wp-block-buttons-is-layout-flex\">\n<div class=\"wp-block-button\"><a class=\"wp-block-button__link wp-element-button\" href=\"https:\/\/www.visit-montenegro.com\/de\/reiseziele\/podgorica\/info\/\">Mehr \u00fcber Podgorica<\/a><\/div>\n<\/div>\n<\/div>\n<\/div>\n","protected":false},"excerpt":{"rendered":"<p>Entdecken Sie Podgorica, die Hauptstadt Montenegros, eine moderne Stadt, die nach dem Zweiten Weltkrieg wiederaufgebaut wurde, mit reichen kulturellen St\u00e4tten, Gr\u00fcnfl\u00e4chen und guter Verkehrsanbindung. Erkunden Sie den nahe gelegenen Skadar-See, ein Naturwunder voller seltener Tierwelt, ideal f\u00fcr Naturliebhaber und Geschichtsinteressierte.<\/p>\n","protected":false},"author":1,"featured_media":134599,"parent":133381,"menu_order":0,"comment_status":"closed","ping_status":"closed","template":"","meta":{"_yoast_wpseo_focuskw":"Podgorica","_yoast_wpseo_metadesc":"Entdecken Sie Podgorica, die lebendige Hauptstadt Montenegros: moderne Architektur, kulturelle Veranstaltungen und die nat\u00fcrliche Sch\u00f6nheit des Skadar-Sees. Planen Sie Ihre Reise mit unserem Guide zu Sehensw\u00fcrdigkeiten und Geschichte.","_kad_post_transparent":"","_kad_post_title":"","_kad_post_layout":"","_kad_post_sidebar_id":"","_kad_post_content_style":"","_kad_post_vertical_padding":"","_kad_post_feature":"","_kad_post_feature_position":"","_kad_post_header":false,"_kad_post_footer":false,"_kad_post_classname":"","iawp_total_views":24,"footnotes":""},"tags":[2296,594],"class_list":["post-134761","page","type-page","status-publish","has-post-thumbnail","hentry","tag-central-destination","tag-destination"],"yoast_head":"<!-- This site is optimized with the Yoast SEO plugin v27.3 - https:\/\/yoast.com\/product\/yoast-seo-wordpress\/ -->\n<title>Podgorica - Visit Montenegro<\/title>\n<meta name=\"description\" content=\"Entdecken Sie Podgorica, die lebendige Hauptstadt Montenegros: moderne Architektur, kulturelle Veranstaltungen und die nat\u00fcrliche Sch\u00f6nheit des Skadar-Sees. Planen Sie Ihre Reise mit unserem Guide zu Sehensw\u00fcrdigkeiten und Geschichte.\" \/>\n<meta name=\"robots\" content=\"index, follow, max-snippet:-1, max-image-preview:large, max-video-preview:-1\" \/>\n<link rel=\"canonical\" href=\"https:\/\/www.visit-montenegro.com\/de\/reiseziele\/podgorica\/\" \/>\n<meta property=\"og:locale\" content=\"de_DE\" \/>\n<meta property=\"og:type\" content=\"article\" \/>\n<meta property=\"og:title\" content=\"Podgorica - Visit Montenegro\" \/>\n<meta property=\"og:description\" content=\"Entdecken Sie Podgorica, die lebendige Hauptstadt Montenegros: moderne Architektur, kulturelle Veranstaltungen und die nat\u00fcrliche Sch\u00f6nheit des Skadar-Sees. Planen Sie Ihre Reise mit unserem Guide zu Sehensw\u00fcrdigkeiten und Geschichte.\" \/>\n<meta property=\"og:url\" content=\"https:\/\/www.visit-montenegro.com\/de\/reiseziele\/podgorica\/\" \/>\n<meta property=\"og:site_name\" content=\"Visit Montenegro\" \/>\n<meta property=\"article:publisher\" content=\"https:\/\/www.facebook.com\/visitmontenegro\" \/>\n<meta property=\"article:modified_time\" content=\"2026-02-23T13:27:30+00:00\" \/>\n<meta property=\"og:image\" content=\"https:\/\/www.visit-montenegro.com\/wp-content\/uploads\/2026\/01\/podgorica-milenium-bridge-scaled.jpg\" \/>\n\t<meta property=\"og:image:width\" content=\"1600\" \/>\n\t<meta property=\"og:image:height\" content=\"1067\" \/>\n\t<meta property=\"og:image:type\" content=\"image\/jpeg\" \/>\n<meta name=\"twitter:card\" content=\"summary_large_image\" \/>\n<meta name=\"twitter:site\" content=\"@visitmontenegro\" \/>\n<meta name=\"twitter:label1\" content=\"Gesch\u00e4tzte Lesezeit\" \/>\n\t<meta name=\"twitter:data1\" content=\"1\u00a0Minute\" \/>\n<script type=\"application\/ld+json\" class=\"yoast-schema-graph\">{\"@context\":\"https:\\\/\\\/schema.org\",\"@graph\":[{\"@type\":\"WebPage\",\"@id\":\"https:\\\/\\\/www.visit-montenegro.com\\\/de\\\/reiseziele\\\/podgorica\\\/\",\"url\":\"https:\\\/\\\/www.visit-montenegro.com\\\/de\\\/reiseziele\\\/podgorica\\\/\",\"name\":\"Podgorica - Visit Montenegro\",\"isPartOf\":{\"@id\":\"https:\\\/\\\/www.visit-montenegro.com\\\/de\\\/#website\"},\"primaryImageOfPage\":{\"@id\":\"https:\\\/\\\/www.visit-montenegro.com\\\/de\\\/reiseziele\\\/podgorica\\\/#primaryimage\"},\"image\":{\"@id\":\"https:\\\/\\\/www.visit-montenegro.com\\\/de\\\/reiseziele\\\/podgorica\\\/#primaryimage\"},\"thumbnailUrl\":\"https:\\\/\\\/www.visit-montenegro.com\\\/wp-content\\\/uploads\\\/2026\\\/01\\\/podgorica-milenium-bridge-scaled.jpg\",\"datePublished\":\"2026-01-27T20:44:33+00:00\",\"dateModified\":\"2026-02-23T13:27:30+00:00\",\"description\":\"Entdecken Sie Podgorica, die lebendige Hauptstadt Montenegros: moderne Architektur, kulturelle Veranstaltungen und die nat\u00fcrliche Sch\u00f6nheit des Skadar-Sees. Planen Sie Ihre Reise mit unserem Guide zu Sehensw\u00fcrdigkeiten und Geschichte.\",\"breadcrumb\":{\"@id\":\"https:\\\/\\\/www.visit-montenegro.com\\\/de\\\/reiseziele\\\/podgorica\\\/#breadcrumb\"},\"inLanguage\":\"de\",\"potentialAction\":[{\"@type\":\"ReadAction\",\"target\":[\"https:\\\/\\\/www.visit-montenegro.com\\\/de\\\/reiseziele\\\/podgorica\\\/\"]}]},{\"@type\":\"ImageObject\",\"inLanguage\":\"de\",\"@id\":\"https:\\\/\\\/www.visit-montenegro.com\\\/de\\\/reiseziele\\\/podgorica\\\/#primaryimage\",\"url\":\"https:\\\/\\\/www.visit-montenegro.com\\\/wp-content\\\/uploads\\\/2026\\\/01\\\/podgorica-milenium-bridge-scaled.jpg\",\"contentUrl\":\"https:\\\/\\\/www.visit-montenegro.com\\\/wp-content\\\/uploads\\\/2026\\\/01\\\/podgorica-milenium-bridge-scaled.jpg\",\"width\":1600,\"height\":1067,\"caption\":\"Millennium-Br\u00fccke \u00fcber den Fluss Moraca in Podgorica, Montenegro\"},{\"@type\":\"BreadcrumbList\",\"@id\":\"https:\\\/\\\/www.visit-montenegro.com\\\/de\\\/reiseziele\\\/podgorica\\\/#breadcrumb\",\"itemListElement\":[{\"@type\":\"ListItem\",\"position\":1,\"name\":\"Home\",\"item\":\"https:\\\/\\\/www.visit-montenegro.com\\\/de\\\/home\\\/\"},{\"@type\":\"ListItem\",\"position\":2,\"name\":\"Reiseziele in Montenegro\",\"item\":\"https:\\\/\\\/www.visit-montenegro.com\\\/de\\\/reiseziele\\\/\"},{\"@type\":\"ListItem\",\"position\":3,\"name\":\"Podgorica\"}]},{\"@type\":\"WebSite\",\"@id\":\"https:\\\/\\\/www.visit-montenegro.com\\\/de\\\/#website\",\"url\":\"https:\\\/\\\/www.visit-montenegro.com\\\/de\\\/\",\"name\":\"Visit Montenegro\",\"description\":\"Breathtaking beauty\",\"publisher\":{\"@id\":\"https:\\\/\\\/www.visit-montenegro.com\\\/de\\\/#organization\"},\"potentialAction\":[{\"@type\":\"SearchAction\",\"target\":{\"@type\":\"EntryPoint\",\"urlTemplate\":\"https:\\\/\\\/www.visit-montenegro.com\\\/de\\\/?s={search_term_string}\"},\"query-input\":{\"@type\":\"PropertyValueSpecification\",\"valueRequired\":true,\"valueName\":\"search_term_string\"}}],\"inLanguage\":\"de\"},{\"@type\":\"Organization\",\"@id\":\"https:\\\/\\\/www.visit-montenegro.com\\\/de\\\/#organization\",\"name\":\"Visit Montenegro\",\"url\":\"https:\\\/\\\/www.visit-montenegro.com\\\/de\\\/\",\"logo\":{\"@type\":\"ImageObject\",\"inLanguage\":\"de\",\"@id\":\"https:\\\/\\\/www.visit-montenegro.com\\\/de\\\/#\\\/schema\\\/logo\\\/image\\\/\",\"url\":\"https:\\\/\\\/www.visit-montenegro.com\\\/wp-content\\\/uploads\\\/2017\\\/10\\\/logo-amp.png\",\"contentUrl\":\"https:\\\/\\\/www.visit-montenegro.com\\\/wp-content\\\/uploads\\\/2017\\\/10\\\/logo-amp.png\",\"width\":190,\"height\":36,\"caption\":\"Visit Montenegro\"},\"image\":{\"@id\":\"https:\\\/\\\/www.visit-montenegro.com\\\/de\\\/#\\\/schema\\\/logo\\\/image\\\/\"},\"sameAs\":[\"https:\\\/\\\/www.facebook.com\\\/visitmontenegro\",\"https:\\\/\\\/x.com\\\/visitmontenegro\",\"https:\\\/\\\/www.instagram.com\\\/visit_montenegro\\\/\",\"https:\\\/\\\/www.youtube.com\\\/user\\\/VisitMontenegro\"]}]}<\/script>\n<!-- \/ Yoast SEO plugin. -->","yoast_head_json":{"title":"Podgorica - Visit Montenegro","description":"Entdecken Sie Podgorica, die lebendige Hauptstadt Montenegros: moderne Architektur, kulturelle Veranstaltungen und die nat\u00fcrliche Sch\u00f6nheit des Skadar-Sees. Planen Sie Ihre Reise mit unserem Guide zu Sehensw\u00fcrdigkeiten und Geschichte.","robots":{"index":"index","follow":"follow","max-snippet":"max-snippet:-1","max-image-preview":"max-image-preview:large","max-video-preview":"max-video-preview:-1"},"canonical":"https:\/\/www.visit-montenegro.com\/de\/reiseziele\/podgorica\/","og_locale":"de_DE","og_type":"article","og_title":"Podgorica - Visit Montenegro","og_description":"Entdecken Sie Podgorica, die lebendige Hauptstadt Montenegros: moderne Architektur, kulturelle Veranstaltungen und die nat\u00fcrliche Sch\u00f6nheit des Skadar-Sees. Planen Sie Ihre Reise mit unserem Guide zu Sehensw\u00fcrdigkeiten und Geschichte.","og_url":"https:\/\/www.visit-montenegro.com\/de\/reiseziele\/podgorica\/","og_site_name":"Visit Montenegro","article_publisher":"https:\/\/www.facebook.com\/visitmontenegro","article_modified_time":"2026-02-23T13:27:30+00:00","og_image":[{"width":1600,"height":1067,"url":"https:\/\/www.visit-montenegro.com\/wp-content\/uploads\/2026\/01\/podgorica-milenium-bridge-scaled.jpg","type":"image\/jpeg"}],"twitter_card":"summary_large_image","twitter_site":"@visitmontenegro","twitter_misc":{"Gesch\u00e4tzte Lesezeit":"1\u00a0Minute"},"schema":{"@context":"https:\/\/schema.org","@graph":[{"@type":"WebPage","@id":"https:\/\/www.visit-montenegro.com\/de\/reiseziele\/podgorica\/","url":"https:\/\/www.visit-montenegro.com\/de\/reiseziele\/podgorica\/","name":"Podgorica - Visit Montenegro","isPartOf":{"@id":"https:\/\/www.visit-montenegro.com\/de\/#website"},"primaryImageOfPage":{"@id":"https:\/\/www.visit-montenegro.com\/de\/reiseziele\/podgorica\/#primaryimage"},"image":{"@id":"https:\/\/www.visit-montenegro.com\/de\/reiseziele\/podgorica\/#primaryimage"},"thumbnailUrl":"https:\/\/www.visit-montenegro.com\/wp-content\/uploads\/2026\/01\/podgorica-milenium-bridge-scaled.jpg","datePublished":"2026-01-27T20:44:33+00:00","dateModified":"2026-02-23T13:27:30+00:00","description":"Entdecken Sie Podgorica, die lebendige Hauptstadt Montenegros: moderne Architektur, kulturelle Veranstaltungen und die nat\u00fcrliche Sch\u00f6nheit des Skadar-Sees. Planen Sie Ihre Reise mit unserem Guide zu Sehensw\u00fcrdigkeiten und Geschichte.","breadcrumb":{"@id":"https:\/\/www.visit-montenegro.com\/de\/reiseziele\/podgorica\/#breadcrumb"},"inLanguage":"de","potentialAction":[{"@type":"ReadAction","target":["https:\/\/www.visit-montenegro.com\/de\/reiseziele\/podgorica\/"]}]},{"@type":"ImageObject","inLanguage":"de","@id":"https:\/\/www.visit-montenegro.com\/de\/reiseziele\/podgorica\/#primaryimage","url":"https:\/\/www.visit-montenegro.com\/wp-content\/uploads\/2026\/01\/podgorica-milenium-bridge-scaled.jpg","contentUrl":"https:\/\/www.visit-montenegro.com\/wp-content\/uploads\/2026\/01\/podgorica-milenium-bridge-scaled.jpg","width":1600,"height":1067,"caption":"Millennium-Br\u00fccke \u00fcber den Fluss Moraca in Podgorica, Montenegro"},{"@type":"BreadcrumbList","@id":"https:\/\/www.visit-montenegro.com\/de\/reiseziele\/podgorica\/#breadcrumb","itemListElement":[{"@type":"ListItem","position":1,"name":"Home","item":"https:\/\/www.visit-montenegro.com\/de\/home\/"},{"@type":"ListItem","position":2,"name":"Reiseziele in Montenegro","item":"https:\/\/www.visit-montenegro.com\/de\/reiseziele\/"},{"@type":"ListItem","position":3,"name":"Podgorica"}]},{"@type":"WebSite","@id":"https:\/\/www.visit-montenegro.com\/de\/#website","url":"https:\/\/www.visit-montenegro.com\/de\/","name":"Visit Montenegro","description":"Breathtaking beauty","publisher":{"@id":"https:\/\/www.visit-montenegro.com\/de\/#organization"},"potentialAction":[{"@type":"SearchAction","target":{"@type":"EntryPoint","urlTemplate":"https:\/\/www.visit-montenegro.com\/de\/?s={search_term_string}"},"query-input":{"@type":"PropertyValueSpecification","valueRequired":true,"valueName":"search_term_string"}}],"inLanguage":"de"},{"@type":"Organization","@id":"https:\/\/www.visit-montenegro.com\/de\/#organization","name":"Visit Montenegro","url":"https:\/\/www.visit-montenegro.com\/de\/","logo":{"@type":"ImageObject","inLanguage":"de","@id":"https:\/\/www.visit-montenegro.com\/de\/#\/schema\/logo\/image\/","url":"https:\/\/www.visit-montenegro.com\/wp-content\/uploads\/2017\/10\/logo-amp.png","contentUrl":"https:\/\/www.visit-montenegro.com\/wp-content\/uploads\/2017\/10\/logo-amp.png","width":190,"height":36,"caption":"Visit Montenegro"},"image":{"@id":"https:\/\/www.visit-montenegro.com\/de\/#\/schema\/logo\/image\/"},"sameAs":["https:\/\/www.facebook.com\/visitmontenegro","https:\/\/x.com\/visitmontenegro","https:\/\/www.instagram.com\/visit_montenegro\/","https:\/\/www.youtube.com\/user\/VisitMontenegro"]}]}},"translations":[],"_links":{"self":[{"href":"https:\/\/www.visit-montenegro.com\/de\/wp-json\/wp\/v2\/pages\/134761","targetHints":{"allow":["GET"]}}],"collection":[{"href":"https:\/\/www.visit-montenegro.com\/de\/wp-json\/wp\/v2\/pages"}],"about":[{"href":"https:\/\/www.visit-montenegro.com\/de\/wp-json\/wp\/v2\/types\/page"}],"author":[{"embeddable":true,"href":"https:\/\/www.visit-montenegro.com\/de\/wp-json\/wp\/v2\/users\/1"}],"replies":[{"embeddable":true,"href":"https:\/\/www.visit-montenegro.com\/de\/wp-json\/wp\/v2\/comments?post=134761"}],"version-history":[{"count":0,"href":"https:\/\/www.visit-montenegro.com\/de\/wp-json\/wp\/v2\/pages\/134761\/revisions"}],"up":[{"embeddable":true,"href":"https:\/\/www.visit-montenegro.com\/de\/wp-json\/wp\/v2\/pages\/133381"}],"wp:featuredmedia":[{"embeddable":true,"href":"https:\/\/www.visit-montenegro.com\/de\/wp-json\/wp\/v2\/media\/134599"}],"wp:attachment":[{"href":"https:\/\/www.visit-montenegro.com\/de\/wp-json\/wp\/v2\/media?parent=134761"}],"wp:term":[{"taxonomy":"post_tag","embeddable":true,"href":"https:\/\/www.visit-montenegro.com\/de\/wp-json\/wp\/v2\/tags?post=134761"}],"curies":[{"name":"wp","href":"https:\/\/api.w.org\/{rel}","templated":true}]}}