{"id":134765,"date":"2026-01-27T21:44:33","date_gmt":"2026-01-27T20:44:33","guid":{"rendered":"https:\/\/new.visit-montenegro.com\/ziele\/podgorica\/attractions\/lake-skadar\/"},"modified":"2026-02-22T17:05:15","modified_gmt":"2026-02-22T16:05:15","slug":"lake-skadar","status":"publish","type":"page","link":"https:\/\/www.visit-montenegro.com\/de\/reiseziele\/podgorica\/sehenswuerdigkeiten\/lake-skadar\/","title":{"rendered":"Nationalpark Skutarisee"},"content":{"rendered":"\n<p>Der Nationalpark Skutarisee ist Montenegros gr\u00f6\u00dfter See und ein erstklassiger Nationalpark, bekannt f\u00fcr seine reiche Biodiversit\u00e4t, historischen St\u00e4tten und Freizeitm\u00f6glichkeiten in einer atemberaubenden Bergkulisse.<\/p>\n\n<hr class=\"wp-block-separator has-alpha-channel-opacity\"\/>\n\n<p>Der See liegt im Zeta-Skadar-Tal, umgeben von Bergen, und ist 7 km von der Adria entfernt. Zwei Drittel des <strong>Skutarisees<\/strong> befinden sich in Montenegro, der Rest in Albanien. Die Gr\u00f6\u00dfe des Sees variiert von 530 bis 370 km\u00b2; er ist 44 km lang und 14 km breit. Seine K\u00fcstenlinie ist sehr scharf, besonders auf der Nordwestseite.<\/p>\n\n<p>Der <strong>Skutarisee<\/strong> ist der gr\u00f6\u00dfte See auf der Balkanhalbinsel mit S\u00fc\u00dfwasser und einer der gr\u00f6\u00dften Nationalparks in Montenegro. Er ist \u00e4u\u00dferst ber\u00fchmt f\u00fcr seine Vielfalt an Flora und Fauna. Der See selbst ist ungew\u00f6hnlich f\u00fcr die gegenseitige N\u00e4he verschiedener Lebensr\u00e4ume und ihrer Nahrungsketten.<\/p>\n\n<figure class=\"wp-block-image size-large\"><img loading=\"lazy\" decoding=\"async\" width=\"1024\" height=\"684\" src=\"https:\/\/www.visit-montenegro.com\/wp-content\/uploads\/2026\/01\/lake-skadar-pavlova-strana-1024x684.jpg\" alt=\"\" class=\"wp-image-36132\" srcset=\"https:\/\/www.visit-montenegro.com\/wp-content\/uploads\/2026\/01\/lake-skadar-pavlova-strana-1024x684.jpg 1024w, https:\/\/www.visit-montenegro.com\/wp-content\/uploads\/2026\/01\/lake-skadar-pavlova-strana-300x200.jpg 300w, https:\/\/www.visit-montenegro.com\/wp-content\/uploads\/2026\/01\/lake-skadar-pavlova-strana-768x513.jpg 768w, https:\/\/www.visit-montenegro.com\/wp-content\/uploads\/2026\/01\/lake-skadar-pavlova-strana-1536x1026.jpg 1536w, https:\/\/www.visit-montenegro.com\/wp-content\/uploads\/2026\/01\/lake-skadar-pavlova-strana-1200x801.jpg 1200w, https:\/\/www.visit-montenegro.com\/wp-content\/uploads\/2026\/01\/lake-skadar-pavlova-strana-scaled.jpg 1600w\" sizes=\"auto, (max-width: 1024px) 100vw, 1024px\" \/><figcaption class=\"wp-element-caption\">Canyon des Flusses <a href=\"https:\/\/www.visit-montenegro.com\/de\/reiseziele\/cetinje\/sehenswuerdigkeiten\/rijeka-crnojevica\/\">Rijeka Crnojevica<\/a> im Nationalpark Skutarisee. Einer der ber\u00fchmtesten Ausblicke Montenegros. Die Gr\u00fcne Pyramide und die Flussbiegung zwischen Bergen.<\/figcaption><\/figure>\n\n<h2 class=\"wp-block-heading\">Biodiversit\u00e4t und nat\u00fcrliche Merkmale<\/h2>\n\n<h3 class=\"wp-block-heading\">V\u00f6gel<\/h3>\n\n<p>Es gibt viele Vogelarten. Tats\u00e4chlich bewohnen 270 Arten den <strong>Skutarisee<\/strong>. Etwa 90% sind Zugv\u00f6gel und von internationaler Bedeutung. W\u00e4hrend der Zugzeit ziehen wei\u00dfe Seidenreiher, L\u00f6ffler und verschiedene Enten \u00fcber diese Region. Kormorane nisten in den n\u00f6rdlichen S\u00fcmpfen und repr\u00e4sentieren eine der drei wichtigsten Kolonien weltweit. Seltene Krauskopfpelikane nisten auf schwimmenden Torfinseln im Nordende.<\/p>\n\n<figure class=\"wp-block-image size-large\"><img loading=\"lazy\" decoding=\"async\" width=\"1024\" height=\"678\" src=\"https:\/\/www.visit-montenegro.com\/wp-content\/uploads\/2026\/01\/lake-skadar-pelikan-1024x678.jpg\" alt=\"\" class=\"wp-image-36133\" srcset=\"https:\/\/www.visit-montenegro.com\/wp-content\/uploads\/2026\/01\/lake-skadar-pelikan-1024x678.jpg 1024w, https:\/\/www.visit-montenegro.com\/wp-content\/uploads\/2026\/01\/lake-skadar-pelikan-300x199.jpg 300w, https:\/\/www.visit-montenegro.com\/wp-content\/uploads\/2026\/01\/lake-skadar-pelikan-768x508.jpg 768w, https:\/\/www.visit-montenegro.com\/wp-content\/uploads\/2026\/01\/lake-skadar-pelikan-1536x1017.jpg 1536w, https:\/\/www.visit-montenegro.com\/wp-content\/uploads\/2026\/01\/lake-skadar-pelikan-1200x794.jpg 1200w, https:\/\/www.visit-montenegro.com\/wp-content\/uploads\/2026\/01\/lake-skadar-pelikan-scaled.jpg 1600w\" sizes=\"auto, (max-width: 1024px) 100vw, 1024px\" \/><figcaption class=\"wp-element-caption\">Pelikan auf dem Skutarisee<\/figcaption><\/figure>\n\n<h3 class=\"wp-block-heading\">Wasserfauna<\/h3>\n\n<p>Es gibt 50 Fischarten und 3 schlangenartige Kreaturen im See. Die wirtschaftlich wichtigsten sind Ukljeva und Karpfen.<\/p>\n\n<h3 class=\"wp-block-heading\">Flora<\/h3>\n\n<p>Die Pflanzenwelt hier ist sehr wichtig und unterscheidet sich in \u00fcberflutungsgef\u00e4hrdeten Regionen, kleinen Steininseln und steilen Klippen. Es gibt drei seltene, gesch\u00fctzte Pflanzen und B\u00e4ume sowie \u00fcber 30 seltene Pflanzen im Park.<\/p>\n\n<figure class=\"wp-block-image size-large\"><img loading=\"lazy\" decoding=\"async\" width=\"1024\" height=\"666\" src=\"https:\/\/www.visit-montenegro.com\/wp-content\/uploads\/2026\/01\/lake-skadar-03-1024x666.jpg\" alt=\"\" class=\"wp-image-36122\" srcset=\"https:\/\/www.visit-montenegro.com\/wp-content\/uploads\/2026\/01\/lake-skadar-03-1024x666.jpg 1024w, https:\/\/www.visit-montenegro.com\/wp-content\/uploads\/2026\/01\/lake-skadar-03-300x195.jpg 300w, https:\/\/www.visit-montenegro.com\/wp-content\/uploads\/2026\/01\/lake-skadar-03-768x499.jpg 768w, https:\/\/www.visit-montenegro.com\/wp-content\/uploads\/2026\/01\/lake-skadar-03-1536x998.jpg 1536w, https:\/\/www.visit-montenegro.com\/wp-content\/uploads\/2026\/01\/lake-skadar-03-1200x780.jpg 1200w, https:\/\/www.visit-montenegro.com\/wp-content\/uploads\/2026\/01\/lake-skadar-03-scaled.jpg 1600w\" sizes=\"auto, (max-width: 1024px) 100vw, 1024px\" \/><figcaption class=\"wp-element-caption\">Skutarisee<\/figcaption><\/figure>\n\n<h2 class=\"wp-block-heading\">Kulturelle und historische Bedeutung<\/h2>\n\n<p>In der Region des <strong>Skutarisees<\/strong> gibt es 20 Kl\u00f6ster, Kirchen, D\u00f6rfer, Festungen und heilige Denkm\u00e4ler. Dieser See ist Zeuge der montenegrinischen Geschichte vom 11. Jahrhundert bis heute. Rund um den See gibt es 18 wichtige historische Denkm\u00e4ler.<\/p>\n\n<p>Die menschliche Geschichte rund um den <strong>Skutarisee<\/strong> reicht bis in fr\u00fche Zeiten f\u00fcr Gesundheit und Ressourcen zur\u00fcck. Folglich stammen die fr\u00fchesten schriftlichen Dokumente aus dem 11. Jahrhundert, w\u00e4hrend der ersten montenegrinischen Dynastie. Die Bekehrung der r\u00f6mischen Katholiken zur Orthodoxie f\u00fchrte zum Bau vieler Kl\u00f6ster und Kirchen um 1400 n. Chr. Im Jahr 1478 besetzten die T\u00fcrken die Region und herrschten bis 1878, als Montenegro befreit wurde. W\u00e4hrend dieser Zeit \u00fcberlebte Montenegro unter den Metropoliten von <a href=\"https:\/\/www.visit-montenegro.com\/de\/reiseziele\/cetinje\/\">Cetinje<\/a>. Einige Festungen wurden von den Italienern im Zweiten Weltkrieg genutzt.<\/p>\n\n<figure class=\"wp-block-image size-large\"><img loading=\"lazy\" decoding=\"async\" width=\"1024\" height=\"683\" src=\"https:\/\/www.visit-montenegro.com\/wp-content\/uploads\/2026\/01\/lake-skadar-couple-bench-1024x683.jpg\" alt=\"\" class=\"wp-image-36127\" srcset=\"https:\/\/www.visit-montenegro.com\/wp-content\/uploads\/2026\/01\/lake-skadar-couple-bench-1024x683.jpg 1024w, https:\/\/www.visit-montenegro.com\/wp-content\/uploads\/2026\/01\/lake-skadar-couple-bench-300x200.jpg 300w, https:\/\/www.visit-montenegro.com\/wp-content\/uploads\/2026\/01\/lake-skadar-couple-bench-768x512.jpg 768w, https:\/\/www.visit-montenegro.com\/wp-content\/uploads\/2026\/01\/lake-skadar-couple-bench-1536x1024.jpg 1536w, https:\/\/www.visit-montenegro.com\/wp-content\/uploads\/2026\/01\/lake-skadar-couple-bench-1200x800.jpg 1200w, https:\/\/www.visit-montenegro.com\/wp-content\/uploads\/2026\/01\/lake-skadar-couple-bench-scaled.jpg 1600w\" sizes=\"auto, (max-width: 1024px) 100vw, 1024px\" \/><figcaption class=\"wp-element-caption\">Paar sitzt auf einer Bank und bewundert den Blick auf den See und H\u00fcgel an einem sonnigen Tag<\/figcaption><\/figure>\n\n<h2 class=\"wp-block-heading\">Freizeit und praktische Informationen<\/h2>\n\n<p><strong>Vogelbeobachtung, Angeln, Jagen, Bootsfahrten, Schwimmen und Sonnenbaden<\/strong> sind die Hauptfreizeitaktivit\u00e4ten rund um den See.<\/p>\n\n<p>Der Park wurde 1968 gegr\u00fcndet, um die wunderbare Umgebung des Sees und seines Ufers zu sch\u00fctzen. Ein Entwicklungsplan wurde 1997 erstellt.<\/p>\n\n<p>Dar\u00fcber hinaus ist der Park leicht von <a href=\"https:\/\/www.visit-montenegro.com\/de\/reiseziele\/podgorica\/\">Podgorica<\/a> und <a href=\"https:\/\/www.visit-montenegro.com\/de\/reiseziele\/bar\/\">Bar<\/a> \u00fcber die Autobahn oder den Zug via <a href=\"https:\/\/www.visit-montenegro.com\/de\/reiseziele\/bar\/sehenswuerdigkeiten\/virpazar\/\">Virpazar<\/a> erreichbar. Zu anderen Regionen im Inneren k\u00f6nnen Sie Ihr eigenes Auto oder ein Taxi nutzen. Reiseveranstalter in Podgorica bieten Tagesausfl\u00fcge an, einschlie\u00dflich Bootsfahrten und Mittagessen in einem Fischerdorf.<\/p>\n","protected":false},"excerpt":{"rendered":"<p>Entdecken Sie den Nationalpark Skutarisee, Montenegros gr\u00f6\u00dften See und einen Biodiversit\u00e4ts-Hotspot. Erkunden Sie seine reiche Vogelwelt, historischen St\u00e4tten und Freizeitaktivit\u00e4ten in einer malerischen Bergkulisse.<\/p>\n","protected":false},"author":1,"featured_media":134394,"parent":134763,"menu_order":0,"comment_status":"closed","ping_status":"closed","template":"","meta":{"_yoast_wpseo_focuskw":"Nationalpark Skutarisee","_yoast_wpseo_metadesc":"Entdecken Sie den Nationalpark Skutarisee: Montenegros gr\u00f6\u00dfter See mit vielf\u00e4ltiger Tierwelt, historischen St\u00e4tten und Aktivit\u00e4ten wie Vogelbeobachtung und Bootsfahrten. Planen Sie jetzt Ihre Reise!","_kad_post_transparent":"","_kad_post_title":"","_kad_post_layout":"","_kad_post_sidebar_id":"","_kad_post_content_style":"","_kad_post_vertical_padding":"","_kad_post_feature":"","_kad_post_feature_position":"","_kad_post_header":false,"_kad_post_footer":false,"_kad_post_classname":"","iawp_total_views":56,"footnotes":""},"tags":[],"class_list":["post-134765","page","type-page","status-publish","has-post-thumbnail","hentry"],"yoast_head":"<!-- This site is optimized with the Yoast SEO plugin v27.3 - https:\/\/yoast.com\/product\/yoast-seo-wordpress\/ -->\n<title>Nationalpark Skutarisee - Visit Montenegro<\/title>\n<meta name=\"description\" content=\"Entdecken Sie den Nationalpark Skutarisee: Montenegros gr\u00f6\u00dfter See mit vielf\u00e4ltiger Tierwelt, historischen St\u00e4tten und Aktivit\u00e4ten wie Vogelbeobachtung und Bootsfahrten. Planen Sie jetzt Ihre Reise!\" \/>\n<meta name=\"robots\" content=\"index, follow, max-snippet:-1, max-image-preview:large, max-video-preview:-1\" \/>\n<link rel=\"canonical\" href=\"https:\/\/www.visit-montenegro.com\/de\/reiseziele\/podgorica\/sehenswuerdigkeiten\/lake-skadar\/\" \/>\n<meta property=\"og:locale\" content=\"de_DE\" \/>\n<meta property=\"og:type\" content=\"article\" \/>\n<meta property=\"og:title\" content=\"Nationalpark Skutarisee - Visit Montenegro\" \/>\n<meta property=\"og:description\" content=\"Entdecken Sie den Nationalpark Skutarisee: Montenegros gr\u00f6\u00dfter See mit vielf\u00e4ltiger Tierwelt, historischen St\u00e4tten und Aktivit\u00e4ten wie Vogelbeobachtung und Bootsfahrten. Planen Sie jetzt Ihre Reise!\" \/>\n<meta property=\"og:url\" content=\"https:\/\/www.visit-montenegro.com\/de\/reiseziele\/podgorica\/sehenswuerdigkeiten\/lake-skadar\/\" \/>\n<meta property=\"og:site_name\" content=\"Visit Montenegro\" \/>\n<meta property=\"article:publisher\" content=\"https:\/\/www.facebook.com\/visitmontenegro\" \/>\n<meta property=\"article:modified_time\" content=\"2026-02-22T16:05:15+00:00\" \/>\n<meta property=\"og:image\" content=\"https:\/\/www.visit-montenegro.com\/wp-content\/uploads\/2026\/01\/lake-skadar-birds-scaled.jpg\" \/>\n\t<meta property=\"og:image:width\" content=\"1600\" \/>\n\t<meta property=\"og:image:height\" content=\"1107\" \/>\n\t<meta property=\"og:image:type\" content=\"image\/jpeg\" \/>\n<meta name=\"twitter:card\" content=\"summary_large_image\" \/>\n<meta name=\"twitter:site\" content=\"@visitmontenegro\" \/>\n<meta name=\"twitter:label1\" content=\"Gesch\u00e4tzte Lesezeit\" \/>\n\t<meta name=\"twitter:data1\" content=\"3\u00a0Minuten\" \/>\n<script type=\"application\/ld+json\" class=\"yoast-schema-graph\">{\"@context\":\"https:\\\/\\\/schema.org\",\"@graph\":[{\"@type\":\"WebPage\",\"@id\":\"https:\\\/\\\/www.visit-montenegro.com\\\/de\\\/reiseziele\\\/podgorica\\\/sehenswuerdigkeiten\\\/lake-skadar\\\/\",\"url\":\"https:\\\/\\\/www.visit-montenegro.com\\\/de\\\/reiseziele\\\/podgorica\\\/sehenswuerdigkeiten\\\/lake-skadar\\\/\",\"name\":\"Nationalpark Skutarisee - Visit Montenegro\",\"isPartOf\":{\"@id\":\"https:\\\/\\\/www.visit-montenegro.com\\\/de\\\/#website\"},\"primaryImageOfPage\":{\"@id\":\"https:\\\/\\\/www.visit-montenegro.com\\\/de\\\/reiseziele\\\/podgorica\\\/sehenswuerdigkeiten\\\/lake-skadar\\\/#primaryimage\"},\"image\":{\"@id\":\"https:\\\/\\\/www.visit-montenegro.com\\\/de\\\/reiseziele\\\/podgorica\\\/sehenswuerdigkeiten\\\/lake-skadar\\\/#primaryimage\"},\"thumbnailUrl\":\"https:\\\/\\\/www.visit-montenegro.com\\\/wp-content\\\/uploads\\\/2026\\\/01\\\/lake-skadar-birds-scaled.jpg\",\"datePublished\":\"2026-01-27T20:44:33+00:00\",\"dateModified\":\"2026-02-22T16:05:15+00:00\",\"description\":\"Entdecken Sie den Nationalpark Skutarisee: Montenegros gr\u00f6\u00dfter See mit vielf\u00e4ltiger Tierwelt, historischen St\u00e4tten und Aktivit\u00e4ten wie Vogelbeobachtung und Bootsfahrten. Planen Sie jetzt Ihre Reise!\",\"breadcrumb\":{\"@id\":\"https:\\\/\\\/www.visit-montenegro.com\\\/de\\\/reiseziele\\\/podgorica\\\/sehenswuerdigkeiten\\\/lake-skadar\\\/#breadcrumb\"},\"inLanguage\":\"de\",\"potentialAction\":[{\"@type\":\"ReadAction\",\"target\":[\"https:\\\/\\\/www.visit-montenegro.com\\\/de\\\/reiseziele\\\/podgorica\\\/sehenswuerdigkeiten\\\/lake-skadar\\\/\"]}]},{\"@type\":\"ImageObject\",\"inLanguage\":\"de\",\"@id\":\"https:\\\/\\\/www.visit-montenegro.com\\\/de\\\/reiseziele\\\/podgorica\\\/sehenswuerdigkeiten\\\/lake-skadar\\\/#primaryimage\",\"url\":\"https:\\\/\\\/www.visit-montenegro.com\\\/wp-content\\\/uploads\\\/2026\\\/01\\\/lake-skadar-birds-scaled.jpg\",\"contentUrl\":\"https:\\\/\\\/www.visit-montenegro.com\\\/wp-content\\\/uploads\\\/2026\\\/01\\\/lake-skadar-birds-scaled.jpg\",\"width\":1600,\"height\":1107,\"caption\":\"M\u00f6we und Kr\u00e4he sitzen auf einem alten, \u00fcberfluteten Baum. Skadar-See, Montenegro\"},{\"@type\":\"BreadcrumbList\",\"@id\":\"https:\\\/\\\/www.visit-montenegro.com\\\/de\\\/reiseziele\\\/podgorica\\\/sehenswuerdigkeiten\\\/lake-skadar\\\/#breadcrumb\",\"itemListElement\":[{\"@type\":\"ListItem\",\"position\":1,\"name\":\"Home\",\"item\":\"https:\\\/\\\/www.visit-montenegro.com\\\/de\\\/home\\\/\"},{\"@type\":\"ListItem\",\"position\":2,\"name\":\"Reiseziele in Montenegro\",\"item\":\"https:\\\/\\\/www.visit-montenegro.com\\\/de\\\/reiseziele\\\/\"},{\"@type\":\"ListItem\",\"position\":3,\"name\":\"Podgorica\",\"item\":\"https:\\\/\\\/www.visit-montenegro.com\\\/de\\\/destinations\\\/podgorica\\\/\"},{\"@type\":\"ListItem\",\"position\":4,\"name\":\"Podgorica Sehensw\u00fcrdigkeiten\",\"item\":\"https:\\\/\\\/www.visit-montenegro.com\\\/de\\\/destinations\\\/podgorica\\\/attractions\\\/\"},{\"@type\":\"ListItem\",\"position\":5,\"name\":\"Nationalpark Skutarisee\"}]},{\"@type\":\"WebSite\",\"@id\":\"https:\\\/\\\/www.visit-montenegro.com\\\/de\\\/#website\",\"url\":\"https:\\\/\\\/www.visit-montenegro.com\\\/de\\\/\",\"name\":\"Visit Montenegro\",\"description\":\"Breathtaking beauty\",\"publisher\":{\"@id\":\"https:\\\/\\\/www.visit-montenegro.com\\\/de\\\/#organization\"},\"potentialAction\":[{\"@type\":\"SearchAction\",\"target\":{\"@type\":\"EntryPoint\",\"urlTemplate\":\"https:\\\/\\\/www.visit-montenegro.com\\\/de\\\/?s={search_term_string}\"},\"query-input\":{\"@type\":\"PropertyValueSpecification\",\"valueRequired\":true,\"valueName\":\"search_term_string\"}}],\"inLanguage\":\"de\"},{\"@type\":\"Organization\",\"@id\":\"https:\\\/\\\/www.visit-montenegro.com\\\/de\\\/#organization\",\"name\":\"Visit Montenegro\",\"url\":\"https:\\\/\\\/www.visit-montenegro.com\\\/de\\\/\",\"logo\":{\"@type\":\"ImageObject\",\"inLanguage\":\"de\",\"@id\":\"https:\\\/\\\/www.visit-montenegro.com\\\/de\\\/#\\\/schema\\\/logo\\\/image\\\/\",\"url\":\"https:\\\/\\\/www.visit-montenegro.com\\\/wp-content\\\/uploads\\\/2017\\\/10\\\/logo-amp.png\",\"contentUrl\":\"https:\\\/\\\/www.visit-montenegro.com\\\/wp-content\\\/uploads\\\/2017\\\/10\\\/logo-amp.png\",\"width\":190,\"height\":36,\"caption\":\"Visit Montenegro\"},\"image\":{\"@id\":\"https:\\\/\\\/www.visit-montenegro.com\\\/de\\\/#\\\/schema\\\/logo\\\/image\\\/\"},\"sameAs\":[\"https:\\\/\\\/www.facebook.com\\\/visitmontenegro\",\"https:\\\/\\\/x.com\\\/visitmontenegro\",\"https:\\\/\\\/www.instagram.com\\\/visit_montenegro\\\/\",\"https:\\\/\\\/www.youtube.com\\\/user\\\/VisitMontenegro\"]}]}<\/script>\n<!-- \/ Yoast SEO plugin. -->","yoast_head_json":{"title":"Nationalpark Skutarisee - Visit Montenegro","description":"Entdecken Sie den Nationalpark Skutarisee: Montenegros gr\u00f6\u00dfter See mit vielf\u00e4ltiger Tierwelt, historischen St\u00e4tten und Aktivit\u00e4ten wie Vogelbeobachtung und Bootsfahrten. Planen Sie jetzt Ihre Reise!","robots":{"index":"index","follow":"follow","max-snippet":"max-snippet:-1","max-image-preview":"max-image-preview:large","max-video-preview":"max-video-preview:-1"},"canonical":"https:\/\/www.visit-montenegro.com\/de\/reiseziele\/podgorica\/sehenswuerdigkeiten\/lake-skadar\/","og_locale":"de_DE","og_type":"article","og_title":"Nationalpark Skutarisee - Visit Montenegro","og_description":"Entdecken Sie den Nationalpark Skutarisee: Montenegros gr\u00f6\u00dfter See mit vielf\u00e4ltiger Tierwelt, historischen St\u00e4tten und Aktivit\u00e4ten wie Vogelbeobachtung und Bootsfahrten. Planen Sie jetzt Ihre Reise!","og_url":"https:\/\/www.visit-montenegro.com\/de\/reiseziele\/podgorica\/sehenswuerdigkeiten\/lake-skadar\/","og_site_name":"Visit Montenegro","article_publisher":"https:\/\/www.facebook.com\/visitmontenegro","article_modified_time":"2026-02-22T16:05:15+00:00","og_image":[{"width":1600,"height":1107,"url":"https:\/\/www.visit-montenegro.com\/wp-content\/uploads\/2026\/01\/lake-skadar-birds-scaled.jpg","type":"image\/jpeg"}],"twitter_card":"summary_large_image","twitter_site":"@visitmontenegro","twitter_misc":{"Gesch\u00e4tzte Lesezeit":"3\u00a0Minuten"},"schema":{"@context":"https:\/\/schema.org","@graph":[{"@type":"WebPage","@id":"https:\/\/www.visit-montenegro.com\/de\/reiseziele\/podgorica\/sehenswuerdigkeiten\/lake-skadar\/","url":"https:\/\/www.visit-montenegro.com\/de\/reiseziele\/podgorica\/sehenswuerdigkeiten\/lake-skadar\/","name":"Nationalpark Skutarisee - Visit Montenegro","isPartOf":{"@id":"https:\/\/www.visit-montenegro.com\/de\/#website"},"primaryImageOfPage":{"@id":"https:\/\/www.visit-montenegro.com\/de\/reiseziele\/podgorica\/sehenswuerdigkeiten\/lake-skadar\/#primaryimage"},"image":{"@id":"https:\/\/www.visit-montenegro.com\/de\/reiseziele\/podgorica\/sehenswuerdigkeiten\/lake-skadar\/#primaryimage"},"thumbnailUrl":"https:\/\/www.visit-montenegro.com\/wp-content\/uploads\/2026\/01\/lake-skadar-birds-scaled.jpg","datePublished":"2026-01-27T20:44:33+00:00","dateModified":"2026-02-22T16:05:15+00:00","description":"Entdecken Sie den Nationalpark Skutarisee: Montenegros gr\u00f6\u00dfter See mit vielf\u00e4ltiger Tierwelt, historischen St\u00e4tten und Aktivit\u00e4ten wie Vogelbeobachtung und Bootsfahrten. Planen Sie jetzt Ihre Reise!","breadcrumb":{"@id":"https:\/\/www.visit-montenegro.com\/de\/reiseziele\/podgorica\/sehenswuerdigkeiten\/lake-skadar\/#breadcrumb"},"inLanguage":"de","potentialAction":[{"@type":"ReadAction","target":["https:\/\/www.visit-montenegro.com\/de\/reiseziele\/podgorica\/sehenswuerdigkeiten\/lake-skadar\/"]}]},{"@type":"ImageObject","inLanguage":"de","@id":"https:\/\/www.visit-montenegro.com\/de\/reiseziele\/podgorica\/sehenswuerdigkeiten\/lake-skadar\/#primaryimage","url":"https:\/\/www.visit-montenegro.com\/wp-content\/uploads\/2026\/01\/lake-skadar-birds-scaled.jpg","contentUrl":"https:\/\/www.visit-montenegro.com\/wp-content\/uploads\/2026\/01\/lake-skadar-birds-scaled.jpg","width":1600,"height":1107,"caption":"M\u00f6we und Kr\u00e4he sitzen auf einem alten, \u00fcberfluteten Baum. Skadar-See, Montenegro"},{"@type":"BreadcrumbList","@id":"https:\/\/www.visit-montenegro.com\/de\/reiseziele\/podgorica\/sehenswuerdigkeiten\/lake-skadar\/#breadcrumb","itemListElement":[{"@type":"ListItem","position":1,"name":"Home","item":"https:\/\/www.visit-montenegro.com\/de\/home\/"},{"@type":"ListItem","position":2,"name":"Reiseziele in Montenegro","item":"https:\/\/www.visit-montenegro.com\/de\/reiseziele\/"},{"@type":"ListItem","position":3,"name":"Podgorica","item":"https:\/\/www.visit-montenegro.com\/de\/destinations\/podgorica\/"},{"@type":"ListItem","position":4,"name":"Podgorica Sehensw\u00fcrdigkeiten","item":"https:\/\/www.visit-montenegro.com\/de\/destinations\/podgorica\/attractions\/"},{"@type":"ListItem","position":5,"name":"Nationalpark Skutarisee"}]},{"@type":"WebSite","@id":"https:\/\/www.visit-montenegro.com\/de\/#website","url":"https:\/\/www.visit-montenegro.com\/de\/","name":"Visit Montenegro","description":"Breathtaking beauty","publisher":{"@id":"https:\/\/www.visit-montenegro.com\/de\/#organization"},"potentialAction":[{"@type":"SearchAction","target":{"@type":"EntryPoint","urlTemplate":"https:\/\/www.visit-montenegro.com\/de\/?s={search_term_string}"},"query-input":{"@type":"PropertyValueSpecification","valueRequired":true,"valueName":"search_term_string"}}],"inLanguage":"de"},{"@type":"Organization","@id":"https:\/\/www.visit-montenegro.com\/de\/#organization","name":"Visit Montenegro","url":"https:\/\/www.visit-montenegro.com\/de\/","logo":{"@type":"ImageObject","inLanguage":"de","@id":"https:\/\/www.visit-montenegro.com\/de\/#\/schema\/logo\/image\/","url":"https:\/\/www.visit-montenegro.com\/wp-content\/uploads\/2017\/10\/logo-amp.png","contentUrl":"https:\/\/www.visit-montenegro.com\/wp-content\/uploads\/2017\/10\/logo-amp.png","width":190,"height":36,"caption":"Visit Montenegro"},"image":{"@id":"https:\/\/www.visit-montenegro.com\/de\/#\/schema\/logo\/image\/"},"sameAs":["https:\/\/www.facebook.com\/visitmontenegro","https:\/\/x.com\/visitmontenegro","https:\/\/www.instagram.com\/visit_montenegro\/","https:\/\/www.youtube.com\/user\/VisitMontenegro"]}]}},"translations":[],"_links":{"self":[{"href":"https:\/\/www.visit-montenegro.com\/de\/wp-json\/wp\/v2\/pages\/134765","targetHints":{"allow":["GET"]}}],"collection":[{"href":"https:\/\/www.visit-montenegro.com\/de\/wp-json\/wp\/v2\/pages"}],"about":[{"href":"https:\/\/www.visit-montenegro.com\/de\/wp-json\/wp\/v2\/types\/page"}],"author":[{"embeddable":true,"href":"https:\/\/www.visit-montenegro.com\/de\/wp-json\/wp\/v2\/users\/1"}],"replies":[{"embeddable":true,"href":"https:\/\/www.visit-montenegro.com\/de\/wp-json\/wp\/v2\/comments?post=134765"}],"version-history":[{"count":0,"href":"https:\/\/www.visit-montenegro.com\/de\/wp-json\/wp\/v2\/pages\/134765\/revisions"}],"up":[{"embeddable":true,"href":"https:\/\/www.visit-montenegro.com\/de\/wp-json\/wp\/v2\/pages\/134763"}],"wp:featuredmedia":[{"embeddable":true,"href":"https:\/\/www.visit-montenegro.com\/de\/wp-json\/wp\/v2\/media\/134394"}],"wp:attachment":[{"href":"https:\/\/www.visit-montenegro.com\/de\/wp-json\/wp\/v2\/media?parent=134765"}],"wp:term":[{"taxonomy":"post_tag","embeddable":true,"href":"https:\/\/www.visit-montenegro.com\/de\/wp-json\/wp\/v2\/tags?post=134765"}],"curies":[{"name":"wp","href":"https:\/\/api.w.org\/{rel}","templated":true}]}}