{"id":134785,"date":"2026-01-27T21:44:33","date_gmt":"2026-01-27T20:44:33","guid":{"rendered":"https:\/\/new.visit-montenegro.com\/njegusi\/"},"modified":"2026-02-22T17:05:16","modified_gmt":"2026-02-22T16:05:16","slug":"njegusi","status":"publish","type":"page","link":"https:\/\/www.visit-montenegro.com\/de\/reiseziele\/cetinje\/sehenswuerdigkeiten\/njegusi\/","title":{"rendered":"Njegu\u0161i"},"content":{"rendered":"\n<p>Montenegros Njegu\u0161i ist ein historisches Bergdorf, bekannt als Geburtsort von Petar II Petrovi\u0107 Njego\u0161 und ber\u00fchmt f\u00fcr seinen traditionellen Schinken, K\u00e4se und kulturelles Erbe, das Besuchern eine reiche Erfahrung bei der Erkundung der Region bietet.<\/p>\n\n<hr class=\"wp-block-separator has-alpha-channel-opacity\"\/>\n\n<h2 class=\"wp-block-heading\">Njegu\u0161i: Ein historisches und kulturelles Reiseziel<\/h2>\n\n<p>Diejenigen, die Lov\u0107en oder <a href=\"https:\/\/www.visit-montenegro.com\/de\/reiseziele\/cetinje\/\">Cetinje<\/a> mehrmals besucht haben, wissen, dass die touristische Route am besten abgeschlossen ist, wenn man nach dem Besuch der Ivan-Schluchten und des Mausoleums auf Lov\u0107en in Richtung <strong>Njegu\u0161i<\/strong> f\u00e4hrt, dem Geburtsort von Petar II Petrovi\u0107 Njego\u0161 und den anderen Adligen der Dynastie Petrovi\u0107. Dort gibt es auch Njego\u0161s Geburtshaus, das in ein Museum umgewandelt wurde, aber in diesem Dorf ist auch die ber\u00fchmte Schule, die fr\u00fcher f\u00fcr die Ausbildung von Menschen aus Cetinje bekannt war und mit touristischen Schildern gekennzeichnet ist.<\/p>\n\n<h2 class=\"wp-block-heading\">Kulinarische K\u00f6stlichkeiten und lokale Spezialit\u00e4ten<\/h2>\n\n<p>In der j\u00fcngeren Zeit sind <strong>Njegu\u0161i<\/strong> f\u00fcr die Produktion des ber\u00fchmten K\u00e4ses aus <strong>Njegu\u0161i<\/strong>, Schinken und getrocknetem Ziegenk\u00e4se aus <strong>Njegu\u0161i<\/strong> bekannt. In dieser Bergsiedlung auf 900 Metern \u00fcber dem Meeresspiegel werden hochwertiger Honig und das erfrischende Getr\u00e4nk Met hergestellt. Deshalb halten Touristengruppen immer in dieser Siedlung und probieren die Spezialit\u00e4ten aus <strong>Njegu\u0161i<\/strong>. Aus diesem Gebiet ist schon lange der schmackhafte <strong>Njegu\u0161i<\/strong>-Steak bekannt geworden, der zahlreiche europ\u00e4ische Restaurants erobert hat.<\/p>\n\n<h2 class=\"wp-block-heading\">Bemerkenswerte Sehensw\u00fcrdigkeiten und Gastfreundschaft<\/h2>\n\n<p>\u00dcber <strong>Njegu\u0161i<\/strong>, auf Bukovica, gibt es eine alte montenegrinische Taverne \u201eKod Pera\u201c (bei Pero), die der Familie Milo\u0161evi\u0107 geh\u00f6rt, die das erste G\u00e4stehaus in Montenegro er\u00f6ffnete. Busse und Autos, die von Cetinje zur\u00fcckkehren oder aus <a href=\"https:\/\/www.visit-montenegro.com\/de\/reiseziele\/kotor\/\">Kotor<\/a> oder <a href=\"https:\/\/www.visit-montenegro.com\/de\/reiseziele\/tivat\/\">Tivat<\/a> kommen, halten hier regelm\u00e4\u00dfig.<\/p>\n\n<p>In <strong>Njegu\u0161i<\/strong> selbst gibt es etwa 50 H\u00e4user, ein Erholungsheim, ein Restaurant \u201eNjegu\u0161ka sijela\u201c (Sitze aus <strong>Njegu\u0161i<\/strong>), viele Orte zum Trocknen von Schinken und eine Herberge. Die H\u00e4user sind aus Stein gebaut, und die neueren verwenden modernere Materialien und Elemente. Entlang der asphaltierten Stra\u00dfe, die durch die Siedlung <strong>Njegu\u0161i<\/strong> f\u00fchrt, werden Sie auf schriftliche Hinweise sto\u00dfen, dass Sie au\u00dfer in den Restaurants den ber\u00fchmten <strong>Njegu\u0161i<\/strong>-Schinken und K\u00e4se, aber auch Traubenschnaps und Wein direkt von Haushalten in der nahegelegenen Siedlung kaufen k\u00f6nnen. Wenn Sie sich f\u00fcr eine solche Reise entscheiden, wird Ihr Wissen \u00fcber montenegrinische Geschichte, Tradition und Kultur zu einem wunderbaren Erlebnis.<\/p>\n","protected":false},"excerpt":{"rendered":"<p>Entdecken Sie Njegu\u0161i, Montenegros historisches Bergdorf, ber\u00fchmt f\u00fcr sein kulturelles Erbe und kulinarische K\u00f6stlichkeiten wie Schinken und K\u00e4se. Erkunden Sie seine Sehensw\u00fcrdigkeiten und tauchen Sie in lokale Traditionen f\u00fcr einen unvergesslichen Besuch ein.<\/p>\n","protected":false},"author":1,"featured_media":134786,"parent":134802,"menu_order":0,"comment_status":"closed","ping_status":"closed","template":"","meta":{"_yoast_wpseo_focuskw":"Njegu\u0161i","_yoast_wpseo_metadesc":"Entdecken Sie Njegu\u0161i in Montenegro: historischer Geburtsort von Njego\u0161, ber\u00fchmt f\u00fcr Schinken, K\u00e4se und kulturelles Erbe. Planen Sie Ihre Reise in dieses Bergdorf.","_kad_post_transparent":"","_kad_post_title":"","_kad_post_layout":"","_kad_post_sidebar_id":"","_kad_post_content_style":"","_kad_post_vertical_padding":"","_kad_post_feature":"","_kad_post_feature_position":"","_kad_post_header":false,"_kad_post_footer":false,"_kad_post_classname":"","iawp_total_views":23,"footnotes":""},"tags":[],"class_list":["post-134785","page","type-page","status-publish","has-post-thumbnail","hentry"],"yoast_head":"<!-- This site is optimized with the Yoast SEO plugin v27.3 - https:\/\/yoast.com\/product\/yoast-seo-wordpress\/ -->\n<title>Njegu\u0161i - Visit Montenegro<\/title>\n<meta name=\"description\" content=\"Entdecken Sie Njegu\u0161i in Montenegro: historischer Geburtsort von Njego\u0161, ber\u00fchmt f\u00fcr Schinken, K\u00e4se und kulturelles Erbe. Planen Sie Ihre Reise in dieses Bergdorf.\" \/>\n<meta name=\"robots\" content=\"index, follow, max-snippet:-1, max-image-preview:large, max-video-preview:-1\" \/>\n<link rel=\"canonical\" href=\"https:\/\/www.visit-montenegro.com\/de\/reiseziele\/cetinje\/sehenswuerdigkeiten\/njegusi\/\" \/>\n<meta property=\"og:locale\" content=\"de_DE\" \/>\n<meta property=\"og:type\" content=\"article\" \/>\n<meta property=\"og:title\" content=\"Njegu\u0161i - Visit Montenegro\" \/>\n<meta property=\"og:description\" content=\"Entdecken Sie Njegu\u0161i in Montenegro: historischer Geburtsort von Njego\u0161, ber\u00fchmt f\u00fcr Schinken, K\u00e4se und kulturelles Erbe. Planen Sie Ihre Reise in dieses Bergdorf.\" \/>\n<meta property=\"og:url\" content=\"https:\/\/www.visit-montenegro.com\/de\/reiseziele\/cetinje\/sehenswuerdigkeiten\/njegusi\/\" \/>\n<meta property=\"og:site_name\" content=\"Visit Montenegro\" \/>\n<meta property=\"article:publisher\" content=\"https:\/\/www.facebook.com\/visitmontenegro\" \/>\n<meta property=\"article:modified_time\" content=\"2026-02-22T16:05:16+00:00\" \/>\n<meta property=\"og:image\" content=\"https:\/\/www.visit-montenegro.com\/wp-content\/uploads\/2026\/02\/cetinje-njegusi-copy.jpg\" \/>\n\t<meta property=\"og:image:width\" content=\"1600\" \/>\n\t<meta property=\"og:image:height\" content=\"1067\" \/>\n\t<meta property=\"og:image:type\" content=\"image\/jpeg\" \/>\n<meta name=\"twitter:card\" content=\"summary_large_image\" \/>\n<meta name=\"twitter:site\" content=\"@visitmontenegro\" \/>\n<meta name=\"twitter:label1\" content=\"Gesch\u00e4tzte Lesezeit\" \/>\n\t<meta name=\"twitter:data1\" content=\"2\u00a0Minuten\" \/>\n<script type=\"application\/ld+json\" class=\"yoast-schema-graph\">{\"@context\":\"https:\\\/\\\/schema.org\",\"@graph\":[{\"@type\":\"WebPage\",\"@id\":\"https:\\\/\\\/www.visit-montenegro.com\\\/de\\\/reiseziele\\\/cetinje\\\/sehenswuerdigkeiten\\\/njegusi\\\/\",\"url\":\"https:\\\/\\\/www.visit-montenegro.com\\\/de\\\/reiseziele\\\/cetinje\\\/sehenswuerdigkeiten\\\/njegusi\\\/\",\"name\":\"Njegu\u0161i - Visit Montenegro\",\"isPartOf\":{\"@id\":\"https:\\\/\\\/www.visit-montenegro.com\\\/de\\\/#website\"},\"primaryImageOfPage\":{\"@id\":\"https:\\\/\\\/www.visit-montenegro.com\\\/de\\\/reiseziele\\\/cetinje\\\/sehenswuerdigkeiten\\\/njegusi\\\/#primaryimage\"},\"image\":{\"@id\":\"https:\\\/\\\/www.visit-montenegro.com\\\/de\\\/reiseziele\\\/cetinje\\\/sehenswuerdigkeiten\\\/njegusi\\\/#primaryimage\"},\"thumbnailUrl\":\"https:\\\/\\\/www.visit-montenegro.com\\\/wp-content\\\/uploads\\\/2026\\\/02\\\/cetinje-njegusi-copy.jpg\",\"datePublished\":\"2026-01-27T20:44:33+00:00\",\"dateModified\":\"2026-02-22T16:05:16+00:00\",\"description\":\"Entdecken Sie Njegu\u0161i in Montenegro: historischer Geburtsort von Njego\u0161, ber\u00fchmt f\u00fcr Schinken, K\u00e4se und kulturelles Erbe. Planen Sie Ihre Reise in dieses Bergdorf.\",\"breadcrumb\":{\"@id\":\"https:\\\/\\\/www.visit-montenegro.com\\\/de\\\/reiseziele\\\/cetinje\\\/sehenswuerdigkeiten\\\/njegusi\\\/#breadcrumb\"},\"inLanguage\":\"de\",\"potentialAction\":[{\"@type\":\"ReadAction\",\"target\":[\"https:\\\/\\\/www.visit-montenegro.com\\\/de\\\/reiseziele\\\/cetinje\\\/sehenswuerdigkeiten\\\/njegusi\\\/\"]}]},{\"@type\":\"ImageObject\",\"inLanguage\":\"de\",\"@id\":\"https:\\\/\\\/www.visit-montenegro.com\\\/de\\\/reiseziele\\\/cetinje\\\/sehenswuerdigkeiten\\\/njegusi\\\/#primaryimage\",\"url\":\"https:\\\/\\\/www.visit-montenegro.com\\\/wp-content\\\/uploads\\\/2026\\\/02\\\/cetinje-njegusi-copy.jpg\",\"contentUrl\":\"https:\\\/\\\/www.visit-montenegro.com\\\/wp-content\\\/uploads\\\/2026\\\/02\\\/cetinje-njegusi-copy.jpg\",\"width\":1600,\"height\":1067},{\"@type\":\"BreadcrumbList\",\"@id\":\"https:\\\/\\\/www.visit-montenegro.com\\\/de\\\/reiseziele\\\/cetinje\\\/sehenswuerdigkeiten\\\/njegusi\\\/#breadcrumb\",\"itemListElement\":[{\"@type\":\"ListItem\",\"position\":1,\"name\":\"Home\",\"item\":\"https:\\\/\\\/www.visit-montenegro.com\\\/de\\\/home\\\/\"},{\"@type\":\"ListItem\",\"position\":2,\"name\":\"Reiseziele in Montenegro\",\"item\":\"https:\\\/\\\/www.visit-montenegro.com\\\/de\\\/reiseziele\\\/\"},{\"@type\":\"ListItem\",\"position\":3,\"name\":\"Cetinje\",\"item\":\"https:\\\/\\\/www.visit-montenegro.com\\\/de\\\/reiseziele\\\/cetinje\\\/\"},{\"@type\":\"ListItem\",\"position\":4,\"name\":\"Cetinje Sehensw\u00fcrdigkeiten\",\"item\":\"https:\\\/\\\/www.visit-montenegro.com\\\/de\\\/reiseziele\\\/cetinje\\\/sehenswuerdigkeiten\\\/\"},{\"@type\":\"ListItem\",\"position\":5,\"name\":\"Njegu\u0161i\"}]},{\"@type\":\"WebSite\",\"@id\":\"https:\\\/\\\/www.visit-montenegro.com\\\/de\\\/#website\",\"url\":\"https:\\\/\\\/www.visit-montenegro.com\\\/de\\\/\",\"name\":\"Visit Montenegro\",\"description\":\"Breathtaking beauty\",\"publisher\":{\"@id\":\"https:\\\/\\\/www.visit-montenegro.com\\\/de\\\/#organization\"},\"potentialAction\":[{\"@type\":\"SearchAction\",\"target\":{\"@type\":\"EntryPoint\",\"urlTemplate\":\"https:\\\/\\\/www.visit-montenegro.com\\\/de\\\/?s={search_term_string}\"},\"query-input\":{\"@type\":\"PropertyValueSpecification\",\"valueRequired\":true,\"valueName\":\"search_term_string\"}}],\"inLanguage\":\"de\"},{\"@type\":\"Organization\",\"@id\":\"https:\\\/\\\/www.visit-montenegro.com\\\/de\\\/#organization\",\"name\":\"Visit Montenegro\",\"url\":\"https:\\\/\\\/www.visit-montenegro.com\\\/de\\\/\",\"logo\":{\"@type\":\"ImageObject\",\"inLanguage\":\"de\",\"@id\":\"https:\\\/\\\/www.visit-montenegro.com\\\/de\\\/#\\\/schema\\\/logo\\\/image\\\/\",\"url\":\"https:\\\/\\\/www.visit-montenegro.com\\\/wp-content\\\/uploads\\\/2017\\\/10\\\/logo-amp.png\",\"contentUrl\":\"https:\\\/\\\/www.visit-montenegro.com\\\/wp-content\\\/uploads\\\/2017\\\/10\\\/logo-amp.png\",\"width\":190,\"height\":36,\"caption\":\"Visit Montenegro\"},\"image\":{\"@id\":\"https:\\\/\\\/www.visit-montenegro.com\\\/de\\\/#\\\/schema\\\/logo\\\/image\\\/\"},\"sameAs\":[\"https:\\\/\\\/www.facebook.com\\\/visitmontenegro\",\"https:\\\/\\\/x.com\\\/visitmontenegro\",\"https:\\\/\\\/www.instagram.com\\\/visit_montenegro\\\/\",\"https:\\\/\\\/www.youtube.com\\\/user\\\/VisitMontenegro\"]}]}<\/script>\n<!-- \/ Yoast SEO plugin. -->","yoast_head_json":{"title":"Njegu\u0161i - Visit Montenegro","description":"Entdecken Sie Njegu\u0161i in Montenegro: historischer Geburtsort von Njego\u0161, ber\u00fchmt f\u00fcr Schinken, K\u00e4se und kulturelles Erbe. Planen Sie Ihre Reise in dieses Bergdorf.","robots":{"index":"index","follow":"follow","max-snippet":"max-snippet:-1","max-image-preview":"max-image-preview:large","max-video-preview":"max-video-preview:-1"},"canonical":"https:\/\/www.visit-montenegro.com\/de\/reiseziele\/cetinje\/sehenswuerdigkeiten\/njegusi\/","og_locale":"de_DE","og_type":"article","og_title":"Njegu\u0161i - Visit Montenegro","og_description":"Entdecken Sie Njegu\u0161i in Montenegro: historischer Geburtsort von Njego\u0161, ber\u00fchmt f\u00fcr Schinken, K\u00e4se und kulturelles Erbe. Planen Sie Ihre Reise in dieses Bergdorf.","og_url":"https:\/\/www.visit-montenegro.com\/de\/reiseziele\/cetinje\/sehenswuerdigkeiten\/njegusi\/","og_site_name":"Visit Montenegro","article_publisher":"https:\/\/www.facebook.com\/visitmontenegro","article_modified_time":"2026-02-22T16:05:16+00:00","og_image":[{"width":1600,"height":1067,"url":"https:\/\/www.visit-montenegro.com\/wp-content\/uploads\/2026\/02\/cetinje-njegusi-copy.jpg","type":"image\/jpeg"}],"twitter_card":"summary_large_image","twitter_site":"@visitmontenegro","twitter_misc":{"Gesch\u00e4tzte Lesezeit":"2\u00a0Minuten"},"schema":{"@context":"https:\/\/schema.org","@graph":[{"@type":"WebPage","@id":"https:\/\/www.visit-montenegro.com\/de\/reiseziele\/cetinje\/sehenswuerdigkeiten\/njegusi\/","url":"https:\/\/www.visit-montenegro.com\/de\/reiseziele\/cetinje\/sehenswuerdigkeiten\/njegusi\/","name":"Njegu\u0161i - Visit Montenegro","isPartOf":{"@id":"https:\/\/www.visit-montenegro.com\/de\/#website"},"primaryImageOfPage":{"@id":"https:\/\/www.visit-montenegro.com\/de\/reiseziele\/cetinje\/sehenswuerdigkeiten\/njegusi\/#primaryimage"},"image":{"@id":"https:\/\/www.visit-montenegro.com\/de\/reiseziele\/cetinje\/sehenswuerdigkeiten\/njegusi\/#primaryimage"},"thumbnailUrl":"https:\/\/www.visit-montenegro.com\/wp-content\/uploads\/2026\/02\/cetinje-njegusi-copy.jpg","datePublished":"2026-01-27T20:44:33+00:00","dateModified":"2026-02-22T16:05:16+00:00","description":"Entdecken Sie Njegu\u0161i in Montenegro: historischer Geburtsort von Njego\u0161, ber\u00fchmt f\u00fcr Schinken, K\u00e4se und kulturelles Erbe. Planen Sie Ihre Reise in dieses Bergdorf.","breadcrumb":{"@id":"https:\/\/www.visit-montenegro.com\/de\/reiseziele\/cetinje\/sehenswuerdigkeiten\/njegusi\/#breadcrumb"},"inLanguage":"de","potentialAction":[{"@type":"ReadAction","target":["https:\/\/www.visit-montenegro.com\/de\/reiseziele\/cetinje\/sehenswuerdigkeiten\/njegusi\/"]}]},{"@type":"ImageObject","inLanguage":"de","@id":"https:\/\/www.visit-montenegro.com\/de\/reiseziele\/cetinje\/sehenswuerdigkeiten\/njegusi\/#primaryimage","url":"https:\/\/www.visit-montenegro.com\/wp-content\/uploads\/2026\/02\/cetinje-njegusi-copy.jpg","contentUrl":"https:\/\/www.visit-montenegro.com\/wp-content\/uploads\/2026\/02\/cetinje-njegusi-copy.jpg","width":1600,"height":1067},{"@type":"BreadcrumbList","@id":"https:\/\/www.visit-montenegro.com\/de\/reiseziele\/cetinje\/sehenswuerdigkeiten\/njegusi\/#breadcrumb","itemListElement":[{"@type":"ListItem","position":1,"name":"Home","item":"https:\/\/www.visit-montenegro.com\/de\/home\/"},{"@type":"ListItem","position":2,"name":"Reiseziele in Montenegro","item":"https:\/\/www.visit-montenegro.com\/de\/reiseziele\/"},{"@type":"ListItem","position":3,"name":"Cetinje","item":"https:\/\/www.visit-montenegro.com\/de\/reiseziele\/cetinje\/"},{"@type":"ListItem","position":4,"name":"Cetinje Sehensw\u00fcrdigkeiten","item":"https:\/\/www.visit-montenegro.com\/de\/reiseziele\/cetinje\/sehenswuerdigkeiten\/"},{"@type":"ListItem","position":5,"name":"Njegu\u0161i"}]},{"@type":"WebSite","@id":"https:\/\/www.visit-montenegro.com\/de\/#website","url":"https:\/\/www.visit-montenegro.com\/de\/","name":"Visit Montenegro","description":"Breathtaking beauty","publisher":{"@id":"https:\/\/www.visit-montenegro.com\/de\/#organization"},"potentialAction":[{"@type":"SearchAction","target":{"@type":"EntryPoint","urlTemplate":"https:\/\/www.visit-montenegro.com\/de\/?s={search_term_string}"},"query-input":{"@type":"PropertyValueSpecification","valueRequired":true,"valueName":"search_term_string"}}],"inLanguage":"de"},{"@type":"Organization","@id":"https:\/\/www.visit-montenegro.com\/de\/#organization","name":"Visit Montenegro","url":"https:\/\/www.visit-montenegro.com\/de\/","logo":{"@type":"ImageObject","inLanguage":"de","@id":"https:\/\/www.visit-montenegro.com\/de\/#\/schema\/logo\/image\/","url":"https:\/\/www.visit-montenegro.com\/wp-content\/uploads\/2017\/10\/logo-amp.png","contentUrl":"https:\/\/www.visit-montenegro.com\/wp-content\/uploads\/2017\/10\/logo-amp.png","width":190,"height":36,"caption":"Visit Montenegro"},"image":{"@id":"https:\/\/www.visit-montenegro.com\/de\/#\/schema\/logo\/image\/"},"sameAs":["https:\/\/www.facebook.com\/visitmontenegro","https:\/\/x.com\/visitmontenegro","https:\/\/www.instagram.com\/visit_montenegro\/","https:\/\/www.youtube.com\/user\/VisitMontenegro"]}]}},"translations":[],"_links":{"self":[{"href":"https:\/\/www.visit-montenegro.com\/de\/wp-json\/wp\/v2\/pages\/134785","targetHints":{"allow":["GET"]}}],"collection":[{"href":"https:\/\/www.visit-montenegro.com\/de\/wp-json\/wp\/v2\/pages"}],"about":[{"href":"https:\/\/www.visit-montenegro.com\/de\/wp-json\/wp\/v2\/types\/page"}],"author":[{"embeddable":true,"href":"https:\/\/www.visit-montenegro.com\/de\/wp-json\/wp\/v2\/users\/1"}],"replies":[{"embeddable":true,"href":"https:\/\/www.visit-montenegro.com\/de\/wp-json\/wp\/v2\/comments?post=134785"}],"version-history":[{"count":0,"href":"https:\/\/www.visit-montenegro.com\/de\/wp-json\/wp\/v2\/pages\/134785\/revisions"}],"up":[{"embeddable":true,"href":"https:\/\/www.visit-montenegro.com\/de\/wp-json\/wp\/v2\/pages\/134802"}],"wp:featuredmedia":[{"embeddable":true,"href":"https:\/\/www.visit-montenegro.com\/de\/wp-json\/wp\/v2\/media\/134786"}],"wp:attachment":[{"href":"https:\/\/www.visit-montenegro.com\/de\/wp-json\/wp\/v2\/media?parent=134785"}],"wp:term":[{"taxonomy":"post_tag","embeddable":true,"href":"https:\/\/www.visit-montenegro.com\/de\/wp-json\/wp\/v2\/tags?post=134785"}],"curies":[{"name":"wp","href":"https:\/\/api.w.org\/{rel}","templated":true}]}}