{"id":134798,"date":"2026-01-27T21:44:32","date_gmt":"2026-01-27T20:44:32","guid":{"rendered":"https:\/\/new.visit-montenegro.com\/ziele\/cetinje\/"},"modified":"2026-02-22T17:05:16","modified_gmt":"2026-02-22T16:05:16","slug":"cetinje","status":"publish","type":"page","link":"https:\/\/www.visit-montenegro.com\/de\/reiseziele\/cetinje\/","title":{"rendered":"Cetinje"},"content":{"rendered":"\n<p>Eingebettet in die Felder von <strong>Cetinje<\/strong> am Fu\u00dfe des Lovcen-Berges ist <strong>Cetinje<\/strong> ein Schatz des montenegrinischen kulturellen und historischen Erbes. Es bietet Architektur aus dem 18. und 19. Jahrhundert vor \u00fcppigem Gr\u00fcn. Als Hauptstadt Montenegros und der Crnogorsko \u2013 primorska Mitropolija erbl\u00fchte es unter der Herrschaft von K\u00f6nig Nikola, mit Botschaften, die sein einzigartiges Erscheinungsbild heute pr\u00e4gen. Zwei ikonische Geb\u00e4ude sind die Kl\u00f6ster von <strong>Cetinje<\/strong> und Biljarda.<\/p>\n\n<p>Das <strong>Cetinje<\/strong>-Kloster wurde 1701 erbaut und trotz mehrfacher Zerst\u00f6rungen durch die T\u00fcrken immer wieder vom Volk aufgebaut. Es beherbergt Relikte des Heiligen Petar von <strong>Cetinje<\/strong>, einem wichtigen Schutzpatron in der montenegrinischen Geschichte, und dient als spiritueller und politischer Sitz des montenegrinischen Volkes.<\/p>\n\n<!--more-->\n\n<p>F\u00fcr staatliche Zwecke baute Njegos Biljarda, benannt nach dem Billardspiel, das er genoss. <strong>Cetinje<\/strong> ist reich an Museen, der Kunstakademie, Parks und bietet atemberaubende Ausblicke vom Orlov Krs auf die Stadt und den Lovcen-Berg. Daher zieht es viele Besucher an, die kulturelle Tiefe suchen.<\/p>\n\n<figure class=\"wp-block-image size-full\"><img loading=\"lazy\" decoding=\"async\" width=\"800\" height=\"600\" src=\"https:\/\/www.visit-montenegro.com\/wp-content\/uploads\/2015\/02\/Cetinje-Biljarda.jpg\" alt=\"\" class=\"wp-image-1603\" srcset=\"https:\/\/www.visit-montenegro.com\/wp-content\/uploads\/2015\/02\/Cetinje-Biljarda.jpg 800w, https:\/\/www.visit-montenegro.com\/wp-content\/uploads\/2015\/02\/Cetinje-Biljarda-300x225.jpg 300w, https:\/\/www.visit-montenegro.com\/wp-content\/uploads\/2015\/02\/Cetinje-Biljarda-45x35.jpg 45w\" sizes=\"auto, (max-width: 800px) 100vw, 800px\" \/><\/figure>\n\n<p>Ein beliebtes Ziel, besonders im Sommer, ist Ivanova korita, mit einem gut angelegten Hotelkomplex, einem Kindererholungsheim und einem k\u00fcrzlich angepassten Bergheim. Dar\u00fcber hinaus ist ein weiteres Muss in der N\u00e4he von <strong>Cetinje<\/strong> <a href=\"https:\/\/www.visit-montenegro.com\/de\/reiseziele\/cetinje\/sehenswuerdigkeiten\/rijeka-crnojevica\/\">Rijeka Crnojevica<\/a>, was seinen Reiz f\u00fcr Reisende erh\u00f6ht.<\/p>\n\n<div class=\"wp-block-columns is-layout-flex wp-container-core-columns-is-layout-9d6595d7 wp-block-columns-is-layout-flex\">\n<div class=\"wp-block-column is-layout-flow wp-block-column-is-layout-flow\">\n<div class=\"wp-block-group\"><div class=\"wp-block-group__inner-container is-layout-constrained wp-block-group-is-layout-constrained\">\n<h3 class=\"wp-block-heading\">Entdecken Sie Cetinjes verborgene Sch\u00e4tze<\/h3>\n\n\n\n<p>Erkunden Sie die ikonischsten Sehensw\u00fcrdigkeiten, historischen St\u00e4tten und Must-See-Orte, die dieses Ziel einzigartig machen.<\/p>\n\n\n\n<div class=\"wp-block-buttons is-layout-flex wp-block-buttons-is-layout-flex\">\n<div class=\"wp-block-button\"><a class=\"wp-block-button__link wp-element-button\" href=\"https:\/\/www.visit-montenegro.com\/destinations\/cetinje\/attractions\/\">Cetinje Sehensw\u00fcrdigkeiten<\/a><\/div>\n<\/div>\n<\/div><\/div>\n<\/div>\n\n\n\n<div class=\"wp-block-column is-layout-flow wp-block-column-is-layout-flow\">\n<div class=\"wp-block-group\"><div class=\"wp-block-group__inner-container is-layout-constrained wp-block-group-is-layout-constrained\">\n<h3 class=\"wp-block-heading\">Erfahren Sie mehr \u00fcber Cetinje<\/h3>\n\n\n\n<p>Tauchen Sie tiefer in die lokale Kultur, Geschichte und praktische Reiseberatung ein, um sich auf Ihre bevorstehende Reise vorzubereiten.<\/p>\n<\/div><\/div>\n\n\n\n<div class=\"wp-block-buttons is-layout-flex wp-block-buttons-is-layout-flex\">\n<div class=\"wp-block-button\"><a class=\"wp-block-button__link wp-element-button\" href=\"https:\/\/www.visit-montenegro.com\/de\/reiseziele\/cetinje\/info\/\">Mehr \u00fcber Cetinje<\/a><\/div>\n<\/div>\n<\/div>\n<\/div>\n","protected":false},"excerpt":{"rendered":"<p>Entdecken Sie Cetinje, ein historisches Juwel am Fu\u00dfe des Lovcen-Berges, reich an kulturellem Erbe und beeindruckender Architektur. Erkunden Sie seine Kl\u00f6ster, Museen und malerische Orte wie Ivanova korita f\u00fcr ein unvergessliches montenegrinisches Erlebnis.<\/p>\n","protected":false},"author":1,"featured_media":134775,"parent":133381,"menu_order":0,"comment_status":"closed","ping_status":"closed","template":"","meta":{"_yoast_wpseo_focuskw":"Cetinje","_yoast_wpseo_metadesc":"Entdecken Sie Cetinje, das kulturelle Herz Montenegros mit historischen Kl\u00f6stern, Museen und malerischen Ausblicken. Planen Sie Ihre Reise in diese historische Hauptstadt, eingebettet in \u00fcppiges Gr\u00fcn.","_kad_post_transparent":"","_kad_post_title":"","_kad_post_layout":"","_kad_post_sidebar_id":"","_kad_post_content_style":"","_kad_post_vertical_padding":"","_kad_post_feature":"","_kad_post_feature_position":"","_kad_post_header":false,"_kad_post_footer":false,"_kad_post_classname":"","iawp_total_views":23,"footnotes":""},"tags":[2296,594],"class_list":["post-134798","page","type-page","status-publish","has-post-thumbnail","hentry","tag-central-destination","tag-destination"],"yoast_head":"<!-- This site is optimized with the Yoast SEO plugin v27.3 - https:\/\/yoast.com\/product\/yoast-seo-wordpress\/ -->\n<title>Cetinje - Visit Montenegro<\/title>\n<meta name=\"description\" content=\"Entdecken Sie Cetinje, das kulturelle Herz Montenegros mit historischen Kl\u00f6stern, Museen und malerischen Ausblicken. Planen Sie Ihre Reise in diese historische Hauptstadt, eingebettet in \u00fcppiges Gr\u00fcn.\" \/>\n<meta name=\"robots\" content=\"index, follow, max-snippet:-1, max-image-preview:large, max-video-preview:-1\" \/>\n<link rel=\"canonical\" href=\"https:\/\/www.visit-montenegro.com\/de\/reiseziele\/cetinje\/\" \/>\n<meta property=\"og:locale\" content=\"de_DE\" \/>\n<meta property=\"og:type\" content=\"article\" \/>\n<meta property=\"og:title\" content=\"Cetinje - Visit Montenegro\" \/>\n<meta property=\"og:description\" content=\"Entdecken Sie Cetinje, das kulturelle Herz Montenegros mit historischen Kl\u00f6stern, Museen und malerischen Ausblicken. Planen Sie Ihre Reise in diese historische Hauptstadt, eingebettet in \u00fcppiges Gr\u00fcn.\" \/>\n<meta property=\"og:url\" content=\"https:\/\/www.visit-montenegro.com\/de\/reiseziele\/cetinje\/\" \/>\n<meta property=\"og:site_name\" content=\"Visit Montenegro\" \/>\n<meta property=\"article:publisher\" content=\"https:\/\/www.facebook.com\/visitmontenegro\" \/>\n<meta property=\"article:modified_time\" content=\"2026-02-22T16:05:16+00:00\" \/>\n<meta property=\"og:image\" content=\"https:\/\/www.visit-montenegro.com\/wp-content\/uploads\/2026\/01\/cetinje-monastery-scaled.jpg\" \/>\n\t<meta property=\"og:image:width\" content=\"1600\" \/>\n\t<meta property=\"og:image:height\" content=\"1064\" \/>\n\t<meta property=\"og:image:type\" content=\"image\/jpeg\" \/>\n<meta name=\"twitter:card\" content=\"summary_large_image\" \/>\n<meta name=\"twitter:site\" content=\"@visitmontenegro\" \/>\n<meta name=\"twitter:label1\" content=\"Gesch\u00e4tzte Lesezeit\" \/>\n\t<meta name=\"twitter:data1\" content=\"1\u00a0Minute\" \/>\n<script type=\"application\/ld+json\" class=\"yoast-schema-graph\">{\"@context\":\"https:\\\/\\\/schema.org\",\"@graph\":[{\"@type\":\"WebPage\",\"@id\":\"https:\\\/\\\/www.visit-montenegro.com\\\/de\\\/reiseziele\\\/cetinje\\\/\",\"url\":\"https:\\\/\\\/www.visit-montenegro.com\\\/de\\\/reiseziele\\\/cetinje\\\/\",\"name\":\"Cetinje - Visit Montenegro\",\"isPartOf\":{\"@id\":\"https:\\\/\\\/www.visit-montenegro.com\\\/de\\\/#website\"},\"primaryImageOfPage\":{\"@id\":\"https:\\\/\\\/www.visit-montenegro.com\\\/de\\\/reiseziele\\\/cetinje\\\/#primaryimage\"},\"image\":{\"@id\":\"https:\\\/\\\/www.visit-montenegro.com\\\/de\\\/reiseziele\\\/cetinje\\\/#primaryimage\"},\"thumbnailUrl\":\"https:\\\/\\\/www.visit-montenegro.com\\\/wp-content\\\/uploads\\\/2026\\\/01\\\/cetinje-monastery-scaled.jpg\",\"datePublished\":\"2026-01-27T20:44:32+00:00\",\"dateModified\":\"2026-02-22T16:05:16+00:00\",\"description\":\"Entdecken Sie Cetinje, das kulturelle Herz Montenegros mit historischen Kl\u00f6stern, Museen und malerischen Ausblicken. Planen Sie Ihre Reise in diese historische Hauptstadt, eingebettet in \u00fcppiges Gr\u00fcn.\",\"breadcrumb\":{\"@id\":\"https:\\\/\\\/www.visit-montenegro.com\\\/de\\\/reiseziele\\\/cetinje\\\/#breadcrumb\"},\"inLanguage\":\"de\",\"potentialAction\":[{\"@type\":\"ReadAction\",\"target\":[\"https:\\\/\\\/www.visit-montenegro.com\\\/de\\\/reiseziele\\\/cetinje\\\/\"]}]},{\"@type\":\"ImageObject\",\"inLanguage\":\"de\",\"@id\":\"https:\\\/\\\/www.visit-montenegro.com\\\/de\\\/reiseziele\\\/cetinje\\\/#primaryimage\",\"url\":\"https:\\\/\\\/www.visit-montenegro.com\\\/wp-content\\\/uploads\\\/2026\\\/01\\\/cetinje-monastery-scaled.jpg\",\"contentUrl\":\"https:\\\/\\\/www.visit-montenegro.com\\\/wp-content\\\/uploads\\\/2026\\\/01\\\/cetinje-monastery-scaled.jpg\",\"width\":1600,\"height\":1064,\"caption\":\"Altes Kloster Mari\u00e4 Geburt in Cetinje, beliebter Touristenort in Montenegro.\"},{\"@type\":\"BreadcrumbList\",\"@id\":\"https:\\\/\\\/www.visit-montenegro.com\\\/de\\\/reiseziele\\\/cetinje\\\/#breadcrumb\",\"itemListElement\":[{\"@type\":\"ListItem\",\"position\":1,\"name\":\"Home\",\"item\":\"https:\\\/\\\/www.visit-montenegro.com\\\/de\\\/home\\\/\"},{\"@type\":\"ListItem\",\"position\":2,\"name\":\"Reiseziele in Montenegro\",\"item\":\"https:\\\/\\\/www.visit-montenegro.com\\\/de\\\/reiseziele\\\/\"},{\"@type\":\"ListItem\",\"position\":3,\"name\":\"Cetinje\"}]},{\"@type\":\"WebSite\",\"@id\":\"https:\\\/\\\/www.visit-montenegro.com\\\/de\\\/#website\",\"url\":\"https:\\\/\\\/www.visit-montenegro.com\\\/de\\\/\",\"name\":\"Visit Montenegro\",\"description\":\"Breathtaking beauty\",\"publisher\":{\"@id\":\"https:\\\/\\\/www.visit-montenegro.com\\\/de\\\/#organization\"},\"potentialAction\":[{\"@type\":\"SearchAction\",\"target\":{\"@type\":\"EntryPoint\",\"urlTemplate\":\"https:\\\/\\\/www.visit-montenegro.com\\\/de\\\/?s={search_term_string}\"},\"query-input\":{\"@type\":\"PropertyValueSpecification\",\"valueRequired\":true,\"valueName\":\"search_term_string\"}}],\"inLanguage\":\"de\"},{\"@type\":\"Organization\",\"@id\":\"https:\\\/\\\/www.visit-montenegro.com\\\/de\\\/#organization\",\"name\":\"Visit Montenegro\",\"url\":\"https:\\\/\\\/www.visit-montenegro.com\\\/de\\\/\",\"logo\":{\"@type\":\"ImageObject\",\"inLanguage\":\"de\",\"@id\":\"https:\\\/\\\/www.visit-montenegro.com\\\/de\\\/#\\\/schema\\\/logo\\\/image\\\/\",\"url\":\"https:\\\/\\\/www.visit-montenegro.com\\\/wp-content\\\/uploads\\\/2017\\\/10\\\/logo-amp.png\",\"contentUrl\":\"https:\\\/\\\/www.visit-montenegro.com\\\/wp-content\\\/uploads\\\/2017\\\/10\\\/logo-amp.png\",\"width\":190,\"height\":36,\"caption\":\"Visit Montenegro\"},\"image\":{\"@id\":\"https:\\\/\\\/www.visit-montenegro.com\\\/de\\\/#\\\/schema\\\/logo\\\/image\\\/\"},\"sameAs\":[\"https:\\\/\\\/www.facebook.com\\\/visitmontenegro\",\"https:\\\/\\\/x.com\\\/visitmontenegro\",\"https:\\\/\\\/www.instagram.com\\\/visit_montenegro\\\/\",\"https:\\\/\\\/www.youtube.com\\\/user\\\/VisitMontenegro\"]}]}<\/script>\n<!-- \/ Yoast SEO plugin. -->","yoast_head_json":{"title":"Cetinje - Visit Montenegro","description":"Entdecken Sie Cetinje, das kulturelle Herz Montenegros mit historischen Kl\u00f6stern, Museen und malerischen Ausblicken. Planen Sie Ihre Reise in diese historische Hauptstadt, eingebettet in \u00fcppiges Gr\u00fcn.","robots":{"index":"index","follow":"follow","max-snippet":"max-snippet:-1","max-image-preview":"max-image-preview:large","max-video-preview":"max-video-preview:-1"},"canonical":"https:\/\/www.visit-montenegro.com\/de\/reiseziele\/cetinje\/","og_locale":"de_DE","og_type":"article","og_title":"Cetinje - Visit Montenegro","og_description":"Entdecken Sie Cetinje, das kulturelle Herz Montenegros mit historischen Kl\u00f6stern, Museen und malerischen Ausblicken. Planen Sie Ihre Reise in diese historische Hauptstadt, eingebettet in \u00fcppiges Gr\u00fcn.","og_url":"https:\/\/www.visit-montenegro.com\/de\/reiseziele\/cetinje\/","og_site_name":"Visit Montenegro","article_publisher":"https:\/\/www.facebook.com\/visitmontenegro","article_modified_time":"2026-02-22T16:05:16+00:00","og_image":[{"width":1600,"height":1064,"url":"https:\/\/www.visit-montenegro.com\/wp-content\/uploads\/2026\/01\/cetinje-monastery-scaled.jpg","type":"image\/jpeg"}],"twitter_card":"summary_large_image","twitter_site":"@visitmontenegro","twitter_misc":{"Gesch\u00e4tzte Lesezeit":"1\u00a0Minute"},"schema":{"@context":"https:\/\/schema.org","@graph":[{"@type":"WebPage","@id":"https:\/\/www.visit-montenegro.com\/de\/reiseziele\/cetinje\/","url":"https:\/\/www.visit-montenegro.com\/de\/reiseziele\/cetinje\/","name":"Cetinje - Visit Montenegro","isPartOf":{"@id":"https:\/\/www.visit-montenegro.com\/de\/#website"},"primaryImageOfPage":{"@id":"https:\/\/www.visit-montenegro.com\/de\/reiseziele\/cetinje\/#primaryimage"},"image":{"@id":"https:\/\/www.visit-montenegro.com\/de\/reiseziele\/cetinje\/#primaryimage"},"thumbnailUrl":"https:\/\/www.visit-montenegro.com\/wp-content\/uploads\/2026\/01\/cetinje-monastery-scaled.jpg","datePublished":"2026-01-27T20:44:32+00:00","dateModified":"2026-02-22T16:05:16+00:00","description":"Entdecken Sie Cetinje, das kulturelle Herz Montenegros mit historischen Kl\u00f6stern, Museen und malerischen Ausblicken. Planen Sie Ihre Reise in diese historische Hauptstadt, eingebettet in \u00fcppiges Gr\u00fcn.","breadcrumb":{"@id":"https:\/\/www.visit-montenegro.com\/de\/reiseziele\/cetinje\/#breadcrumb"},"inLanguage":"de","potentialAction":[{"@type":"ReadAction","target":["https:\/\/www.visit-montenegro.com\/de\/reiseziele\/cetinje\/"]}]},{"@type":"ImageObject","inLanguage":"de","@id":"https:\/\/www.visit-montenegro.com\/de\/reiseziele\/cetinje\/#primaryimage","url":"https:\/\/www.visit-montenegro.com\/wp-content\/uploads\/2026\/01\/cetinje-monastery-scaled.jpg","contentUrl":"https:\/\/www.visit-montenegro.com\/wp-content\/uploads\/2026\/01\/cetinje-monastery-scaled.jpg","width":1600,"height":1064,"caption":"Altes Kloster Mari\u00e4 Geburt in Cetinje, beliebter Touristenort in Montenegro."},{"@type":"BreadcrumbList","@id":"https:\/\/www.visit-montenegro.com\/de\/reiseziele\/cetinje\/#breadcrumb","itemListElement":[{"@type":"ListItem","position":1,"name":"Home","item":"https:\/\/www.visit-montenegro.com\/de\/home\/"},{"@type":"ListItem","position":2,"name":"Reiseziele in Montenegro","item":"https:\/\/www.visit-montenegro.com\/de\/reiseziele\/"},{"@type":"ListItem","position":3,"name":"Cetinje"}]},{"@type":"WebSite","@id":"https:\/\/www.visit-montenegro.com\/de\/#website","url":"https:\/\/www.visit-montenegro.com\/de\/","name":"Visit Montenegro","description":"Breathtaking beauty","publisher":{"@id":"https:\/\/www.visit-montenegro.com\/de\/#organization"},"potentialAction":[{"@type":"SearchAction","target":{"@type":"EntryPoint","urlTemplate":"https:\/\/www.visit-montenegro.com\/de\/?s={search_term_string}"},"query-input":{"@type":"PropertyValueSpecification","valueRequired":true,"valueName":"search_term_string"}}],"inLanguage":"de"},{"@type":"Organization","@id":"https:\/\/www.visit-montenegro.com\/de\/#organization","name":"Visit Montenegro","url":"https:\/\/www.visit-montenegro.com\/de\/","logo":{"@type":"ImageObject","inLanguage":"de","@id":"https:\/\/www.visit-montenegro.com\/de\/#\/schema\/logo\/image\/","url":"https:\/\/www.visit-montenegro.com\/wp-content\/uploads\/2017\/10\/logo-amp.png","contentUrl":"https:\/\/www.visit-montenegro.com\/wp-content\/uploads\/2017\/10\/logo-amp.png","width":190,"height":36,"caption":"Visit Montenegro"},"image":{"@id":"https:\/\/www.visit-montenegro.com\/de\/#\/schema\/logo\/image\/"},"sameAs":["https:\/\/www.facebook.com\/visitmontenegro","https:\/\/x.com\/visitmontenegro","https:\/\/www.instagram.com\/visit_montenegro\/","https:\/\/www.youtube.com\/user\/VisitMontenegro"]}]}},"translations":[],"_links":{"self":[{"href":"https:\/\/www.visit-montenegro.com\/de\/wp-json\/wp\/v2\/pages\/134798","targetHints":{"allow":["GET"]}}],"collection":[{"href":"https:\/\/www.visit-montenegro.com\/de\/wp-json\/wp\/v2\/pages"}],"about":[{"href":"https:\/\/www.visit-montenegro.com\/de\/wp-json\/wp\/v2\/types\/page"}],"author":[{"embeddable":true,"href":"https:\/\/www.visit-montenegro.com\/de\/wp-json\/wp\/v2\/users\/1"}],"replies":[{"embeddable":true,"href":"https:\/\/www.visit-montenegro.com\/de\/wp-json\/wp\/v2\/comments?post=134798"}],"version-history":[{"count":0,"href":"https:\/\/www.visit-montenegro.com\/de\/wp-json\/wp\/v2\/pages\/134798\/revisions"}],"up":[{"embeddable":true,"href":"https:\/\/www.visit-montenegro.com\/de\/wp-json\/wp\/v2\/pages\/133381"}],"wp:featuredmedia":[{"embeddable":true,"href":"https:\/\/www.visit-montenegro.com\/de\/wp-json\/wp\/v2\/media\/134775"}],"wp:attachment":[{"href":"https:\/\/www.visit-montenegro.com\/de\/wp-json\/wp\/v2\/media?parent=134798"}],"wp:term":[{"taxonomy":"post_tag","embeddable":true,"href":"https:\/\/www.visit-montenegro.com\/de\/wp-json\/wp\/v2\/tags?post=134798"}],"curies":[{"name":"wp","href":"https:\/\/api.w.org\/{rel}","templated":true}]}}