{"id":134820,"date":"2026-01-27T21:44:32","date_gmt":"2026-01-27T20:44:32","guid":{"rendered":"https:\/\/new.visit-montenegro.com\/ziele\/herceg-novi\/attractions\/forte-mare\/"},"modified":"2026-02-22T17:05:17","modified_gmt":"2026-02-22T16:05:17","slug":"forte-mare","status":"publish","type":"page","link":"https:\/\/www.visit-montenegro.com\/de\/reiseziele\/herceg-novi\/sehenswuerdigkeiten\/forte-mare\/","title":{"rendered":"Forte Mare"},"content":{"rendered":"\n<p>Forte Mare ist eine historische Festung in Herceg Novi, Montenegro, die im Mittelalter erbaut und von t\u00fcrkischen, venezianischen und \u00f6sterreichischen Herrschern erweitert wurde. Heute dient sie als bedeutendes kulturelles Wahrzeichen mit erhaltenen Verteidigungsmauern und Kanonen.<\/p>\n\n<hr class=\"wp-block-separator has-alpha-channel-opacity\"\/>\n\n<h2 class=\"wp-block-heading\">Historische Bedeutung und Bauweise<\/h2>\n\n<p>Die Festung <strong>Forte Mare<\/strong> repr\u00e4sentiert einen der bedeutendsten Befestigungspunkte der Stadt. Tats\u00e4chlich wird angenommen, dass dieser Bau f\u00fcr die Errichtung des mittelalterlichen Herceg Novi verantwortlich ist. Noch heute wird auf der S\u00fcdostseite der Festung ein Teil der Verteidigungsmauer aus jener Zeit erhalten.<\/p>\n\n<figure class=\"wp-block-image size-large\"><img loading=\"lazy\" decoding=\"async\" width=\"1024\" height=\"682\" src=\"https:\/\/www.visit-montenegro.com\/wp-content\/uploads\/2026\/01\/herceg-novi-forte-mare-1024x682.jpg\" alt=\"\" class=\"wp-image-36044\" srcset=\"https:\/\/www.visit-montenegro.com\/wp-content\/uploads\/2026\/01\/herceg-novi-forte-mare-1024x682.jpg 1024w, https:\/\/www.visit-montenegro.com\/wp-content\/uploads\/2026\/01\/herceg-novi-forte-mare-300x200.jpg 300w, https:\/\/www.visit-montenegro.com\/wp-content\/uploads\/2026\/01\/herceg-novi-forte-mare-768x511.jpg 768w, https:\/\/www.visit-montenegro.com\/wp-content\/uploads\/2026\/01\/herceg-novi-forte-mare-1536x1022.jpg 1536w, https:\/\/www.visit-montenegro.com\/wp-content\/uploads\/2026\/01\/herceg-novi-forte-mare-1200x799.jpg 1200w, https:\/\/www.visit-montenegro.com\/wp-content\/uploads\/2026\/01\/herceg-novi-forte-mare-scaled.jpg 1600w\" sizes=\"auto, (max-width: 1024px) 100vw, 1024px\" \/><figcaption class=\"wp-element-caption\">Seefestung (Forte Mare). Herceg Novi, Montenegro<\/figcaption><\/figure>\n\n<p>Ihre heutige Gr\u00f6\u00dfe, Form und Abmessungen erhielt die Festung w\u00e4hrend der t\u00fcrkischen Herrschaft. Dar\u00fcber hinaus stammen aus dieser Zeit auch die Kanonen mit Verteidigungskronen. Mitte des 16. Jahrhunderts wurde diese Befestigung \u201eJaka kula\u201c (STARKER TURM) oder \u201eKula Apasbase\u201c genannt. Den heutigen Namen <strong>Forte Mare<\/strong> erhielt die Festung im 18. Jahrhundert w\u00e4hrend der venezianischen Herrschaft, w\u00e4hrend wir den \u00d6sterreichern f\u00fcr den Satz zus\u00e4tzlicher Bauten und das heutige Erscheinungsbild der Festung danken sollten.<\/p>\n","protected":false},"excerpt":{"rendered":"<p>Erkunden Sie Forte Mare, eine historische Festung in Herceg Novi, Montenegro, mit Wurzeln im Mittelalter. Erfahren Sie \u00fcber ihre Erweiterungen unter t\u00fcrkischer, venezianischer und \u00f6sterreichischer Herrschaft und entdecken Sie ihre erhaltenen Mauern und Kanonen.<\/p>\n","protected":false},"author":1,"featured_media":134821,"parent":134814,"menu_order":0,"comment_status":"closed","ping_status":"closed","template":"","meta":{"_yoast_wpseo_focuskw":"Forte Mare","_yoast_wpseo_metadesc":"Entdecken Sie Forte Mare in Herceg Novi: eine mittelalterliche Festung mit t\u00fcrkischen, venezianischen und \u00f6sterreichischen Einfl\u00fcssen. Erkunden Sie ihre Geschichte und erhaltenen Verteidigungsanlagen in Montenegro.","_kad_post_transparent":"","_kad_post_title":"","_kad_post_layout":"","_kad_post_sidebar_id":"","_kad_post_content_style":"","_kad_post_vertical_padding":"","_kad_post_feature":"","_kad_post_feature_position":"","_kad_post_header":false,"_kad_post_footer":false,"_kad_post_classname":"","iawp_total_views":5,"footnotes":""},"tags":[],"class_list":["post-134820","page","type-page","status-publish","has-post-thumbnail","hentry"],"yoast_head":"<!-- This site is optimized with the Yoast SEO plugin v27.3 - https:\/\/yoast.com\/product\/yoast-seo-wordpress\/ -->\n<title>Forte Mare - Visit Montenegro<\/title>\n<meta name=\"description\" content=\"Entdecken Sie Forte Mare in Herceg Novi: eine mittelalterliche Festung mit t\u00fcrkischen, venezianischen und \u00f6sterreichischen Einfl\u00fcssen. Erkunden Sie ihre Geschichte und erhaltenen Verteidigungsanlagen in Montenegro.\" \/>\n<meta name=\"robots\" content=\"index, follow, max-snippet:-1, max-image-preview:large, max-video-preview:-1\" \/>\n<link rel=\"canonical\" href=\"https:\/\/www.visit-montenegro.com\/de\/reiseziele\/herceg-novi\/sehenswuerdigkeiten\/forte-mare\/\" \/>\n<meta property=\"og:locale\" content=\"de_DE\" \/>\n<meta property=\"og:type\" content=\"article\" \/>\n<meta property=\"og:title\" content=\"Forte Mare - Visit Montenegro\" \/>\n<meta property=\"og:description\" content=\"Entdecken Sie Forte Mare in Herceg Novi: eine mittelalterliche Festung mit t\u00fcrkischen, venezianischen und \u00f6sterreichischen Einfl\u00fcssen. Erkunden Sie ihre Geschichte und erhaltenen Verteidigungsanlagen in Montenegro.\" \/>\n<meta property=\"og:url\" content=\"https:\/\/www.visit-montenegro.com\/de\/reiseziele\/herceg-novi\/sehenswuerdigkeiten\/forte-mare\/\" \/>\n<meta property=\"og:site_name\" content=\"Visit Montenegro\" \/>\n<meta property=\"article:publisher\" content=\"https:\/\/www.facebook.com\/visitmontenegro\" \/>\n<meta property=\"article:modified_time\" content=\"2026-02-22T16:05:17+00:00\" \/>\n<meta property=\"og:image\" content=\"https:\/\/www.visit-montenegro.com\/wp-content\/uploads\/2026\/01\/herceg-novi-forte-mare-air-scaled.jpg\" \/>\n\t<meta property=\"og:image:width\" content=\"1600\" \/>\n\t<meta property=\"og:image:height\" content=\"1198\" \/>\n\t<meta property=\"og:image:type\" content=\"image\/jpeg\" \/>\n<meta name=\"twitter:card\" content=\"summary_large_image\" \/>\n<meta name=\"twitter:site\" content=\"@visitmontenegro\" \/>\n<meta name=\"twitter:label1\" content=\"Gesch\u00e4tzte Lesezeit\" \/>\n\t<meta name=\"twitter:data1\" content=\"1\u00a0Minute\" \/>\n<script type=\"application\/ld+json\" class=\"yoast-schema-graph\">{\"@context\":\"https:\\\/\\\/schema.org\",\"@graph\":[{\"@type\":\"WebPage\",\"@id\":\"https:\\\/\\\/www.visit-montenegro.com\\\/de\\\/reiseziele\\\/herceg-novi\\\/sehenswuerdigkeiten\\\/forte-mare\\\/\",\"url\":\"https:\\\/\\\/www.visit-montenegro.com\\\/de\\\/reiseziele\\\/herceg-novi\\\/sehenswuerdigkeiten\\\/forte-mare\\\/\",\"name\":\"Forte Mare - Visit Montenegro\",\"isPartOf\":{\"@id\":\"https:\\\/\\\/www.visit-montenegro.com\\\/de\\\/#website\"},\"primaryImageOfPage\":{\"@id\":\"https:\\\/\\\/www.visit-montenegro.com\\\/de\\\/reiseziele\\\/herceg-novi\\\/sehenswuerdigkeiten\\\/forte-mare\\\/#primaryimage\"},\"image\":{\"@id\":\"https:\\\/\\\/www.visit-montenegro.com\\\/de\\\/reiseziele\\\/herceg-novi\\\/sehenswuerdigkeiten\\\/forte-mare\\\/#primaryimage\"},\"thumbnailUrl\":\"https:\\\/\\\/www.visit-montenegro.com\\\/wp-content\\\/uploads\\\/2026\\\/01\\\/herceg-novi-forte-mare-air-scaled.jpg\",\"datePublished\":\"2026-01-27T20:44:32+00:00\",\"dateModified\":\"2026-02-22T16:05:17+00:00\",\"description\":\"Entdecken Sie Forte Mare in Herceg Novi: eine mittelalterliche Festung mit t\u00fcrkischen, venezianischen und \u00f6sterreichischen Einfl\u00fcssen. Erkunden Sie ihre Geschichte und erhaltenen Verteidigungsanlagen in Montenegro.\",\"breadcrumb\":{\"@id\":\"https:\\\/\\\/www.visit-montenegro.com\\\/de\\\/reiseziele\\\/herceg-novi\\\/sehenswuerdigkeiten\\\/forte-mare\\\/#breadcrumb\"},\"inLanguage\":\"de\",\"potentialAction\":[{\"@type\":\"ReadAction\",\"target\":[\"https:\\\/\\\/www.visit-montenegro.com\\\/de\\\/reiseziele\\\/herceg-novi\\\/sehenswuerdigkeiten\\\/forte-mare\\\/\"]}]},{\"@type\":\"ImageObject\",\"inLanguage\":\"de\",\"@id\":\"https:\\\/\\\/www.visit-montenegro.com\\\/de\\\/reiseziele\\\/herceg-novi\\\/sehenswuerdigkeiten\\\/forte-mare\\\/#primaryimage\",\"url\":\"https:\\\/\\\/www.visit-montenegro.com\\\/wp-content\\\/uploads\\\/2026\\\/01\\\/herceg-novi-forte-mare-air-scaled.jpg\",\"contentUrl\":\"https:\\\/\\\/www.visit-montenegro.com\\\/wp-content\\\/uploads\\\/2026\\\/01\\\/herceg-novi-forte-mare-air-scaled.jpg\",\"width\":1600,\"height\":1198,\"caption\":\"Luftaufnahme von Forte Mare in Herceg Novi, Montenegro. Sommerurlaubskonzept\"},{\"@type\":\"BreadcrumbList\",\"@id\":\"https:\\\/\\\/www.visit-montenegro.com\\\/de\\\/reiseziele\\\/herceg-novi\\\/sehenswuerdigkeiten\\\/forte-mare\\\/#breadcrumb\",\"itemListElement\":[{\"@type\":\"ListItem\",\"position\":1,\"name\":\"Home\",\"item\":\"https:\\\/\\\/www.visit-montenegro.com\\\/de\\\/home\\\/\"},{\"@type\":\"ListItem\",\"position\":2,\"name\":\"Reiseziele in Montenegro\",\"item\":\"https:\\\/\\\/www.visit-montenegro.com\\\/de\\\/reiseziele\\\/\"},{\"@type\":\"ListItem\",\"position\":3,\"name\":\"Herceg Novi\",\"item\":\"https:\\\/\\\/www.visit-montenegro.com\\\/de\\\/reiseziele\\\/herceg-novi\\\/\"},{\"@type\":\"ListItem\",\"position\":4,\"name\":\"Herceg Novi Sehensw\u00fcrdigkeiten\",\"item\":\"https:\\\/\\\/www.visit-montenegro.com\\\/de\\\/reiseziele\\\/herceg-novi\\\/sehenswuerdigkeiten\\\/\"},{\"@type\":\"ListItem\",\"position\":5,\"name\":\"Forte Mare\"}]},{\"@type\":\"WebSite\",\"@id\":\"https:\\\/\\\/www.visit-montenegro.com\\\/de\\\/#website\",\"url\":\"https:\\\/\\\/www.visit-montenegro.com\\\/de\\\/\",\"name\":\"Visit Montenegro\",\"description\":\"Breathtaking beauty\",\"publisher\":{\"@id\":\"https:\\\/\\\/www.visit-montenegro.com\\\/de\\\/#organization\"},\"potentialAction\":[{\"@type\":\"SearchAction\",\"target\":{\"@type\":\"EntryPoint\",\"urlTemplate\":\"https:\\\/\\\/www.visit-montenegro.com\\\/de\\\/?s={search_term_string}\"},\"query-input\":{\"@type\":\"PropertyValueSpecification\",\"valueRequired\":true,\"valueName\":\"search_term_string\"}}],\"inLanguage\":\"de\"},{\"@type\":\"Organization\",\"@id\":\"https:\\\/\\\/www.visit-montenegro.com\\\/de\\\/#organization\",\"name\":\"Visit Montenegro\",\"url\":\"https:\\\/\\\/www.visit-montenegro.com\\\/de\\\/\",\"logo\":{\"@type\":\"ImageObject\",\"inLanguage\":\"de\",\"@id\":\"https:\\\/\\\/www.visit-montenegro.com\\\/de\\\/#\\\/schema\\\/logo\\\/image\\\/\",\"url\":\"https:\\\/\\\/www.visit-montenegro.com\\\/wp-content\\\/uploads\\\/2017\\\/10\\\/logo-amp.png\",\"contentUrl\":\"https:\\\/\\\/www.visit-montenegro.com\\\/wp-content\\\/uploads\\\/2017\\\/10\\\/logo-amp.png\",\"width\":190,\"height\":36,\"caption\":\"Visit Montenegro\"},\"image\":{\"@id\":\"https:\\\/\\\/www.visit-montenegro.com\\\/de\\\/#\\\/schema\\\/logo\\\/image\\\/\"},\"sameAs\":[\"https:\\\/\\\/www.facebook.com\\\/visitmontenegro\",\"https:\\\/\\\/x.com\\\/visitmontenegro\",\"https:\\\/\\\/www.instagram.com\\\/visit_montenegro\\\/\",\"https:\\\/\\\/www.youtube.com\\\/user\\\/VisitMontenegro\"]}]}<\/script>\n<!-- \/ Yoast SEO plugin. -->","yoast_head_json":{"title":"Forte Mare - Visit Montenegro","description":"Entdecken Sie Forte Mare in Herceg Novi: eine mittelalterliche Festung mit t\u00fcrkischen, venezianischen und \u00f6sterreichischen Einfl\u00fcssen. Erkunden Sie ihre Geschichte und erhaltenen Verteidigungsanlagen in Montenegro.","robots":{"index":"index","follow":"follow","max-snippet":"max-snippet:-1","max-image-preview":"max-image-preview:large","max-video-preview":"max-video-preview:-1"},"canonical":"https:\/\/www.visit-montenegro.com\/de\/reiseziele\/herceg-novi\/sehenswuerdigkeiten\/forte-mare\/","og_locale":"de_DE","og_type":"article","og_title":"Forte Mare - Visit Montenegro","og_description":"Entdecken Sie Forte Mare in Herceg Novi: eine mittelalterliche Festung mit t\u00fcrkischen, venezianischen und \u00f6sterreichischen Einfl\u00fcssen. Erkunden Sie ihre Geschichte und erhaltenen Verteidigungsanlagen in Montenegro.","og_url":"https:\/\/www.visit-montenegro.com\/de\/reiseziele\/herceg-novi\/sehenswuerdigkeiten\/forte-mare\/","og_site_name":"Visit Montenegro","article_publisher":"https:\/\/www.facebook.com\/visitmontenegro","article_modified_time":"2026-02-22T16:05:17+00:00","og_image":[{"width":1600,"height":1198,"url":"https:\/\/www.visit-montenegro.com\/wp-content\/uploads\/2026\/01\/herceg-novi-forte-mare-air-scaled.jpg","type":"image\/jpeg"}],"twitter_card":"summary_large_image","twitter_site":"@visitmontenegro","twitter_misc":{"Gesch\u00e4tzte Lesezeit":"1\u00a0Minute"},"schema":{"@context":"https:\/\/schema.org","@graph":[{"@type":"WebPage","@id":"https:\/\/www.visit-montenegro.com\/de\/reiseziele\/herceg-novi\/sehenswuerdigkeiten\/forte-mare\/","url":"https:\/\/www.visit-montenegro.com\/de\/reiseziele\/herceg-novi\/sehenswuerdigkeiten\/forte-mare\/","name":"Forte Mare - Visit Montenegro","isPartOf":{"@id":"https:\/\/www.visit-montenegro.com\/de\/#website"},"primaryImageOfPage":{"@id":"https:\/\/www.visit-montenegro.com\/de\/reiseziele\/herceg-novi\/sehenswuerdigkeiten\/forte-mare\/#primaryimage"},"image":{"@id":"https:\/\/www.visit-montenegro.com\/de\/reiseziele\/herceg-novi\/sehenswuerdigkeiten\/forte-mare\/#primaryimage"},"thumbnailUrl":"https:\/\/www.visit-montenegro.com\/wp-content\/uploads\/2026\/01\/herceg-novi-forte-mare-air-scaled.jpg","datePublished":"2026-01-27T20:44:32+00:00","dateModified":"2026-02-22T16:05:17+00:00","description":"Entdecken Sie Forte Mare in Herceg Novi: eine mittelalterliche Festung mit t\u00fcrkischen, venezianischen und \u00f6sterreichischen Einfl\u00fcssen. Erkunden Sie ihre Geschichte und erhaltenen Verteidigungsanlagen in Montenegro.","breadcrumb":{"@id":"https:\/\/www.visit-montenegro.com\/de\/reiseziele\/herceg-novi\/sehenswuerdigkeiten\/forte-mare\/#breadcrumb"},"inLanguage":"de","potentialAction":[{"@type":"ReadAction","target":["https:\/\/www.visit-montenegro.com\/de\/reiseziele\/herceg-novi\/sehenswuerdigkeiten\/forte-mare\/"]}]},{"@type":"ImageObject","inLanguage":"de","@id":"https:\/\/www.visit-montenegro.com\/de\/reiseziele\/herceg-novi\/sehenswuerdigkeiten\/forte-mare\/#primaryimage","url":"https:\/\/www.visit-montenegro.com\/wp-content\/uploads\/2026\/01\/herceg-novi-forte-mare-air-scaled.jpg","contentUrl":"https:\/\/www.visit-montenegro.com\/wp-content\/uploads\/2026\/01\/herceg-novi-forte-mare-air-scaled.jpg","width":1600,"height":1198,"caption":"Luftaufnahme von Forte Mare in Herceg Novi, Montenegro. Sommerurlaubskonzept"},{"@type":"BreadcrumbList","@id":"https:\/\/www.visit-montenegro.com\/de\/reiseziele\/herceg-novi\/sehenswuerdigkeiten\/forte-mare\/#breadcrumb","itemListElement":[{"@type":"ListItem","position":1,"name":"Home","item":"https:\/\/www.visit-montenegro.com\/de\/home\/"},{"@type":"ListItem","position":2,"name":"Reiseziele in Montenegro","item":"https:\/\/www.visit-montenegro.com\/de\/reiseziele\/"},{"@type":"ListItem","position":3,"name":"Herceg Novi","item":"https:\/\/www.visit-montenegro.com\/de\/reiseziele\/herceg-novi\/"},{"@type":"ListItem","position":4,"name":"Herceg Novi Sehensw\u00fcrdigkeiten","item":"https:\/\/www.visit-montenegro.com\/de\/reiseziele\/herceg-novi\/sehenswuerdigkeiten\/"},{"@type":"ListItem","position":5,"name":"Forte Mare"}]},{"@type":"WebSite","@id":"https:\/\/www.visit-montenegro.com\/de\/#website","url":"https:\/\/www.visit-montenegro.com\/de\/","name":"Visit Montenegro","description":"Breathtaking beauty","publisher":{"@id":"https:\/\/www.visit-montenegro.com\/de\/#organization"},"potentialAction":[{"@type":"SearchAction","target":{"@type":"EntryPoint","urlTemplate":"https:\/\/www.visit-montenegro.com\/de\/?s={search_term_string}"},"query-input":{"@type":"PropertyValueSpecification","valueRequired":true,"valueName":"search_term_string"}}],"inLanguage":"de"},{"@type":"Organization","@id":"https:\/\/www.visit-montenegro.com\/de\/#organization","name":"Visit Montenegro","url":"https:\/\/www.visit-montenegro.com\/de\/","logo":{"@type":"ImageObject","inLanguage":"de","@id":"https:\/\/www.visit-montenegro.com\/de\/#\/schema\/logo\/image\/","url":"https:\/\/www.visit-montenegro.com\/wp-content\/uploads\/2017\/10\/logo-amp.png","contentUrl":"https:\/\/www.visit-montenegro.com\/wp-content\/uploads\/2017\/10\/logo-amp.png","width":190,"height":36,"caption":"Visit Montenegro"},"image":{"@id":"https:\/\/www.visit-montenegro.com\/de\/#\/schema\/logo\/image\/"},"sameAs":["https:\/\/www.facebook.com\/visitmontenegro","https:\/\/x.com\/visitmontenegro","https:\/\/www.instagram.com\/visit_montenegro\/","https:\/\/www.youtube.com\/user\/VisitMontenegro"]}]}},"translations":[],"_links":{"self":[{"href":"https:\/\/www.visit-montenegro.com\/de\/wp-json\/wp\/v2\/pages\/134820","targetHints":{"allow":["GET"]}}],"collection":[{"href":"https:\/\/www.visit-montenegro.com\/de\/wp-json\/wp\/v2\/pages"}],"about":[{"href":"https:\/\/www.visit-montenegro.com\/de\/wp-json\/wp\/v2\/types\/page"}],"author":[{"embeddable":true,"href":"https:\/\/www.visit-montenegro.com\/de\/wp-json\/wp\/v2\/users\/1"}],"replies":[{"embeddable":true,"href":"https:\/\/www.visit-montenegro.com\/de\/wp-json\/wp\/v2\/comments?post=134820"}],"version-history":[{"count":0,"href":"https:\/\/www.visit-montenegro.com\/de\/wp-json\/wp\/v2\/pages\/134820\/revisions"}],"up":[{"embeddable":true,"href":"https:\/\/www.visit-montenegro.com\/de\/wp-json\/wp\/v2\/pages\/134814"}],"wp:featuredmedia":[{"embeddable":true,"href":"https:\/\/www.visit-montenegro.com\/de\/wp-json\/wp\/v2\/media\/134821"}],"wp:attachment":[{"href":"https:\/\/www.visit-montenegro.com\/de\/wp-json\/wp\/v2\/media?parent=134820"}],"wp:term":[{"taxonomy":"post_tag","embeddable":true,"href":"https:\/\/www.visit-montenegro.com\/de\/wp-json\/wp\/v2\/tags?post=134820"}],"curies":[{"name":"wp","href":"https:\/\/api.w.org\/{rel}","templated":true}]}}