{"id":134844,"date":"2026-01-27T21:44:32","date_gmt":"2026-01-27T20:44:32","guid":{"rendered":"https:\/\/new.visit-montenegro.com\/ziele\/herceg-novi\/attractions\/savina-kloster\/"},"modified":"2026-02-22T17:05:17","modified_gmt":"2026-02-22T16:05:17","slug":"savina-kloster","status":"publish","type":"page","link":"https:\/\/www.visit-montenegro.com\/de\/reiseziele\/herceg-novi\/sehenswuerdigkeiten\/savina-kloster\/","title":{"rendered":"Kloster Savina"},"content":{"rendered":"\n<p>Das Kloster Savina ist ein mittelalterliches orthodoxes Kloster in Montenegro, nahe Herceg Novi in der Bucht von <a href=\"https:\/\/www.visit-montenegro.com\/de\/reiseziele\/kotor\/\">Kotor<\/a> gelegen. Es umfasst drei Kirchen, darunter zwei, die der Entschlafung der Mutter Gottes gewidmet sind, und ist bekannt f\u00fcr seine historischen Fresken und barocke Architektur.<\/p>\n\n<hr class=\"wp-block-separator has-alpha-channel-opacity\"\/>\n\n<h2 class=\"wp-block-heading\">Lage und historischer \u00dcberblick<\/h2>\n\n<p>Das <strong>Kloster Savina<\/strong> befindet sich in einer der sch\u00f6nsten Buchten der Welt \u2013 der Bucht von Boka Kotorska. Es liegt 2 Kilometer von Herceg Novi entfernt in einem dichten mediterranen Wald. Dieser Standort bietet atemberaubende Ausblicke auf Lustica und Ostri Rt (Scharfes Kap) sowie auf Topla mit seiner Hinterlandebene Sutorina. Nach Osten erstreckt sich der Blick zur Bucht von <a href=\"https:\/\/www.visit-montenegro.com\/de\/reiseziele\/tivat\/\">Tivat<\/a>, \u00fcber der der riesige Berg Lovcen aufragt.<\/p>\n\n<p>Dieses mittelalterliche Kloster hat drei Kirchen, von denen zwei Uspenje Bogorodice (Entschlafung der Heiligen Mutter Gottes) gewidmet sind. Es umfasst Schlafquartiere mit einer Schatzkammer und eine separate Kirche, die Svet Sava (Heiliger Sava) gewidmet ist. Die Kleine und Gro\u00dfe Kirche bilden zusammen mit den Schlafquartieren eine Einheit, w\u00e4hrend die dritte Kirche, eine Pfarrkirche, auf dem Berg \u00fcber den Quartieren liegt und ebenfalls Sveti Sava gewidmet ist. Der Legende nach baute Sveti Sava diese Kirche im 13. Jahrhundert, und sie ist nach ihm benannt.<\/p>\n\n<figure class=\"wp-block-image size-large\"><img loading=\"lazy\" decoding=\"async\" width=\"1024\" height=\"695\" src=\"https:\/\/www.visit-montenegro.com\/wp-content\/uploads\/2026\/02\/monastery-savina-herceg-novi-copy-1024x695.jpg\" alt=\"\" class=\"wp-image-133739\" srcset=\"https:\/\/www.visit-montenegro.com\/wp-content\/uploads\/2026\/02\/monastery-savina-herceg-novi-copy-1024x695.jpg 1024w, https:\/\/www.visit-montenegro.com\/wp-content\/uploads\/2026\/02\/monastery-savina-herceg-novi-copy-300x204.jpg 300w, https:\/\/www.visit-montenegro.com\/wp-content\/uploads\/2026\/02\/monastery-savina-herceg-novi-copy-768x521.jpg 768w, https:\/\/www.visit-montenegro.com\/wp-content\/uploads\/2026\/02\/monastery-savina-herceg-novi-copy-1536x1043.jpg 1536w, https:\/\/www.visit-montenegro.com\/wp-content\/uploads\/2026\/02\/monastery-savina-herceg-novi-copy.jpg 1600w\" sizes=\"auto, (max-width: 1024px) 100vw, 1024px\" \/><figcaption class=\"wp-element-caption\">Kloster Savina, Herceg Novi<\/figcaption><\/figure>\n\n<h2 class=\"wp-block-heading\">Architektonische und k\u00fcnstlerische Highlights<\/h2>\n\n<h3 class=\"wp-block-heading\">Kleine Kirche von Sveto Uspenje Bogorodice<\/h3>\n\n<p>Die Kleine Kirche von Sveto Uspenje Bogorodice (Heilige Entschlafung der Heiligen Mutter Gottes) ist bekannt f\u00fcr ihre Fresken, die Gro\u00dfe Feste und das Leben Jesu darstellen. Diese wurden vom ber\u00fchmten Kotorer Maler Lovro Dobricevic geschaffen, einem der gr\u00f6\u00dften Meister an der K\u00fcste Mitte des 15. Jahrhunderts. Diese Fresken sind ein Beispiel f\u00fcr eine Mischung aus byzantinischer Ikonenmalerei und gotischem Ausdruck. Nach einigen Aufzeichnungen stammt diese Kirche aus dem Jahr 1030. Sie verf\u00fcgt \u00fcber ein Querschiff mit einer halbkreisf\u00f6rmigen Apsis, einen Glockenturm und ein Oculus \u00fcber dem Westportal. Sie wurde 1831 mit Hilfe des Priors Makarije erneuert, und zu dieser Zeit wurden auch ihre alten Bilder restauriert. Der Erbauer der Kleinen Kirche, die aus dem 15. Jahrhundert stammt, ist unbekannt, aber viele Indizien deuten darauf hin, dass sie von der bosnischen Adelsfamilie Kosaca errichtet wurde.<\/p>\n\n<h3 class=\"wp-block-heading\">Kloster Schlafquartiere<\/h3>\n\n<p>Die Kloster Schlafquartiere wurden urspr\u00fcnglich als regelm\u00e4\u00dfiges Rechteck erbaut, bestehend aus West- und Nordfl\u00fcgel. Der Nordfl\u00fcgel hatte 4 Zellen, und der Westfl\u00fcgel umfasste eine Pergola, einen Bischofssaal und eine Bibliothek. Das Geb\u00e4ude wurde 1937 abgerissen, um auf die Erneuerung zu warten, die 1725 begann. Sp\u00e4tere Reparaturen umfassten das \u00d6ffnen neuer T\u00fcren und das Einbauen geeigneter Fenster.<\/p>\n\n<h3 class=\"wp-block-heading\">Gro\u00dfe Kirche<\/h3>\n\n<p>Die Gro\u00dfe Kirche stammt aus dem 18. Jahrhundert und ist das Werk des dalmatinischen Baumeisters Nikola Foretic. Sie repr\u00e4sentiert eine der sch\u00f6nsten Anlagen aus der Zeit des dalmatinischen Barocks. Der Glockenturm ist besonders bemerkenswert, verziert mit Kr\u00e4nzen, Rosetten und Nischen, die der Fassade eine barocke Silhouette verleihen. Die Entscheidung f\u00fcr ihren Bau wurde 1755 von der Synode der Klosterbisch\u00f6fe getroffen. Danilo Joanorajovic reiste nach Venedig, um die Genehmigung einzuholen, und der venezianische Doge Alvizo Mocenigo erteilte die Erlaubnis, ein Dokument, das sich noch heute in der Schatzkammer des Klosters befindet.<\/p>\n\n<h3 class=\"wp-block-heading\">Schatzkammer<\/h3>\n\n<p>Die Schatzkammer des <strong>Klosters Savina<\/strong> beherbergt russische, italienische und kretische Ikonen sowie Pergamente und gebundene Evangelien.<\/p>\n","protected":false},"excerpt":{"rendered":"<p>Entdecken Sie das Kloster Savina, ein historisches Juwel in der Bucht von Kotor in Montenegro. Erkunden Sie seine atemberaubende Lage, mittelalterlichen Kirchen und k\u00fcnstlerischen Sch\u00e4tze, darunter Fresken von Lovro Dobricevic und barocke Architektur. Erfahren Sie mehr \u00fcber seine Legenden und kulturelle Bedeutung.<\/p>\n","protected":false},"author":1,"featured_media":134845,"parent":134814,"menu_order":0,"comment_status":"closed","ping_status":"closed","template":"","meta":{"_yoast_wpseo_focuskw":"Kloster Savina","_yoast_wpseo_metadesc":"Entdecken Sie das Kloster Savina in Montenegro: ein mittelalterliches Wunderwerk mit beeindruckenden Fresken, barocker Architektur und reicher Geschichte in der Bucht von Kotor. Planen Sie noch heute Ihren Besuch!","_kad_post_transparent":"","_kad_post_title":"","_kad_post_layout":"","_kad_post_sidebar_id":"","_kad_post_content_style":"","_kad_post_vertical_padding":"","_kad_post_feature":"","_kad_post_feature_position":"","_kad_post_header":false,"_kad_post_footer":false,"_kad_post_classname":"","iawp_total_views":4,"footnotes":""},"tags":[],"class_list":["post-134844","page","type-page","status-publish","has-post-thumbnail","hentry"],"yoast_head":"<!-- This site is optimized with the Yoast SEO plugin v27.3 - https:\/\/yoast.com\/product\/yoast-seo-wordpress\/ -->\n<title>Kloster Savina - Visit Montenegro<\/title>\n<meta name=\"description\" content=\"Entdecken Sie das Kloster Savina in Montenegro: ein mittelalterliches Wunderwerk mit beeindruckenden Fresken, barocker Architektur und reicher Geschichte in der Bucht von Kotor. Planen Sie noch heute Ihren Besuch!\" \/>\n<meta name=\"robots\" content=\"index, follow, max-snippet:-1, max-image-preview:large, max-video-preview:-1\" \/>\n<link rel=\"canonical\" href=\"https:\/\/www.visit-montenegro.com\/de\/reiseziele\/herceg-novi\/sehenswuerdigkeiten\/savina-kloster\/\" \/>\n<meta property=\"og:locale\" content=\"de_DE\" \/>\n<meta property=\"og:type\" content=\"article\" \/>\n<meta property=\"og:title\" content=\"Kloster Savina - Visit Montenegro\" \/>\n<meta property=\"og:description\" content=\"Entdecken Sie das Kloster Savina in Montenegro: ein mittelalterliches Wunderwerk mit beeindruckenden Fresken, barocker Architektur und reicher Geschichte in der Bucht von Kotor. Planen Sie noch heute Ihren Besuch!\" \/>\n<meta property=\"og:url\" content=\"https:\/\/www.visit-montenegro.com\/de\/reiseziele\/herceg-novi\/sehenswuerdigkeiten\/savina-kloster\/\" \/>\n<meta property=\"og:site_name\" content=\"Visit Montenegro\" \/>\n<meta property=\"article:publisher\" content=\"https:\/\/www.facebook.com\/visitmontenegro\" \/>\n<meta property=\"article:modified_time\" content=\"2026-02-22T16:05:17+00:00\" \/>\n<meta property=\"og:image\" content=\"https:\/\/www.visit-montenegro.com\/wp-content\/uploads\/2026\/01\/herceg-novi-savina-monastery-scaled.jpg\" \/>\n\t<meta property=\"og:image:width\" content=\"1600\" \/>\n\t<meta property=\"og:image:height\" content=\"1068\" \/>\n\t<meta property=\"og:image:type\" content=\"image\/jpeg\" \/>\n<meta name=\"twitter:card\" content=\"summary_large_image\" \/>\n<meta name=\"twitter:site\" content=\"@visitmontenegro\" \/>\n<meta name=\"twitter:label1\" content=\"Gesch\u00e4tzte Lesezeit\" \/>\n\t<meta name=\"twitter:data1\" content=\"3\u00a0Minuten\" \/>\n<script type=\"application\/ld+json\" class=\"yoast-schema-graph\">{\"@context\":\"https:\\\/\\\/schema.org\",\"@graph\":[{\"@type\":\"WebPage\",\"@id\":\"https:\\\/\\\/www.visit-montenegro.com\\\/de\\\/reiseziele\\\/herceg-novi\\\/sehenswuerdigkeiten\\\/savina-kloster\\\/\",\"url\":\"https:\\\/\\\/www.visit-montenegro.com\\\/de\\\/reiseziele\\\/herceg-novi\\\/sehenswuerdigkeiten\\\/savina-kloster\\\/\",\"name\":\"Kloster Savina - Visit Montenegro\",\"isPartOf\":{\"@id\":\"https:\\\/\\\/www.visit-montenegro.com\\\/de\\\/#website\"},\"primaryImageOfPage\":{\"@id\":\"https:\\\/\\\/www.visit-montenegro.com\\\/de\\\/reiseziele\\\/herceg-novi\\\/sehenswuerdigkeiten\\\/savina-kloster\\\/#primaryimage\"},\"image\":{\"@id\":\"https:\\\/\\\/www.visit-montenegro.com\\\/de\\\/reiseziele\\\/herceg-novi\\\/sehenswuerdigkeiten\\\/savina-kloster\\\/#primaryimage\"},\"thumbnailUrl\":\"https:\\\/\\\/www.visit-montenegro.com\\\/wp-content\\\/uploads\\\/2026\\\/01\\\/herceg-novi-savina-monastery-scaled.jpg\",\"datePublished\":\"2026-01-27T20:44:32+00:00\",\"dateModified\":\"2026-02-22T16:05:17+00:00\",\"description\":\"Entdecken Sie das Kloster Savina in Montenegro: ein mittelalterliches Wunderwerk mit beeindruckenden Fresken, barocker Architektur und reicher Geschichte in der Bucht von Kotor. Planen Sie noch heute Ihren Besuch!\",\"breadcrumb\":{\"@id\":\"https:\\\/\\\/www.visit-montenegro.com\\\/de\\\/reiseziele\\\/herceg-novi\\\/sehenswuerdigkeiten\\\/savina-kloster\\\/#breadcrumb\"},\"inLanguage\":\"de\",\"potentialAction\":[{\"@type\":\"ReadAction\",\"target\":[\"https:\\\/\\\/www.visit-montenegro.com\\\/de\\\/reiseziele\\\/herceg-novi\\\/sehenswuerdigkeiten\\\/savina-kloster\\\/\"]}]},{\"@type\":\"ImageObject\",\"inLanguage\":\"de\",\"@id\":\"https:\\\/\\\/www.visit-montenegro.com\\\/de\\\/reiseziele\\\/herceg-novi\\\/sehenswuerdigkeiten\\\/savina-kloster\\\/#primaryimage\",\"url\":\"https:\\\/\\\/www.visit-montenegro.com\\\/wp-content\\\/uploads\\\/2026\\\/01\\\/herceg-novi-savina-monastery-scaled.jpg\",\"contentUrl\":\"https:\\\/\\\/www.visit-montenegro.com\\\/wp-content\\\/uploads\\\/2026\\\/01\\\/herceg-novi-savina-monastery-scaled.jpg\",\"width\":1600,\"height\":1068,\"caption\":\"Entschlafungskirche des Savina-Orthodoxen Klosters in der K\u00fcstenstadt Herceg Novi am Eingang zur Bucht von Kotor in Montenegro\"},{\"@type\":\"BreadcrumbList\",\"@id\":\"https:\\\/\\\/www.visit-montenegro.com\\\/de\\\/reiseziele\\\/herceg-novi\\\/sehenswuerdigkeiten\\\/savina-kloster\\\/#breadcrumb\",\"itemListElement\":[{\"@type\":\"ListItem\",\"position\":1,\"name\":\"Home\",\"item\":\"https:\\\/\\\/www.visit-montenegro.com\\\/de\\\/home\\\/\"},{\"@type\":\"ListItem\",\"position\":2,\"name\":\"Reiseziele in Montenegro\",\"item\":\"https:\\\/\\\/www.visit-montenegro.com\\\/de\\\/reiseziele\\\/\"},{\"@type\":\"ListItem\",\"position\":3,\"name\":\"Herceg Novi\",\"item\":\"https:\\\/\\\/www.visit-montenegro.com\\\/de\\\/reiseziele\\\/herceg-novi\\\/\"},{\"@type\":\"ListItem\",\"position\":4,\"name\":\"Herceg Novi Sehensw\u00fcrdigkeiten\",\"item\":\"https:\\\/\\\/www.visit-montenegro.com\\\/de\\\/reiseziele\\\/herceg-novi\\\/sehenswuerdigkeiten\\\/\"},{\"@type\":\"ListItem\",\"position\":5,\"name\":\"Kloster Savina\"}]},{\"@type\":\"WebSite\",\"@id\":\"https:\\\/\\\/www.visit-montenegro.com\\\/de\\\/#website\",\"url\":\"https:\\\/\\\/www.visit-montenegro.com\\\/de\\\/\",\"name\":\"Visit Montenegro\",\"description\":\"Breathtaking beauty\",\"publisher\":{\"@id\":\"https:\\\/\\\/www.visit-montenegro.com\\\/de\\\/#organization\"},\"potentialAction\":[{\"@type\":\"SearchAction\",\"target\":{\"@type\":\"EntryPoint\",\"urlTemplate\":\"https:\\\/\\\/www.visit-montenegro.com\\\/de\\\/?s={search_term_string}\"},\"query-input\":{\"@type\":\"PropertyValueSpecification\",\"valueRequired\":true,\"valueName\":\"search_term_string\"}}],\"inLanguage\":\"de\"},{\"@type\":\"Organization\",\"@id\":\"https:\\\/\\\/www.visit-montenegro.com\\\/de\\\/#organization\",\"name\":\"Visit Montenegro\",\"url\":\"https:\\\/\\\/www.visit-montenegro.com\\\/de\\\/\",\"logo\":{\"@type\":\"ImageObject\",\"inLanguage\":\"de\",\"@id\":\"https:\\\/\\\/www.visit-montenegro.com\\\/de\\\/#\\\/schema\\\/logo\\\/image\\\/\",\"url\":\"https:\\\/\\\/www.visit-montenegro.com\\\/wp-content\\\/uploads\\\/2017\\\/10\\\/logo-amp.png\",\"contentUrl\":\"https:\\\/\\\/www.visit-montenegro.com\\\/wp-content\\\/uploads\\\/2017\\\/10\\\/logo-amp.png\",\"width\":190,\"height\":36,\"caption\":\"Visit Montenegro\"},\"image\":{\"@id\":\"https:\\\/\\\/www.visit-montenegro.com\\\/de\\\/#\\\/schema\\\/logo\\\/image\\\/\"},\"sameAs\":[\"https:\\\/\\\/www.facebook.com\\\/visitmontenegro\",\"https:\\\/\\\/x.com\\\/visitmontenegro\",\"https:\\\/\\\/www.instagram.com\\\/visit_montenegro\\\/\",\"https:\\\/\\\/www.youtube.com\\\/user\\\/VisitMontenegro\"]}]}<\/script>\n<!-- \/ Yoast SEO plugin. -->","yoast_head_json":{"title":"Kloster Savina - Visit Montenegro","description":"Entdecken Sie das Kloster Savina in Montenegro: ein mittelalterliches Wunderwerk mit beeindruckenden Fresken, barocker Architektur und reicher Geschichte in der Bucht von Kotor. Planen Sie noch heute Ihren Besuch!","robots":{"index":"index","follow":"follow","max-snippet":"max-snippet:-1","max-image-preview":"max-image-preview:large","max-video-preview":"max-video-preview:-1"},"canonical":"https:\/\/www.visit-montenegro.com\/de\/reiseziele\/herceg-novi\/sehenswuerdigkeiten\/savina-kloster\/","og_locale":"de_DE","og_type":"article","og_title":"Kloster Savina - Visit Montenegro","og_description":"Entdecken Sie das Kloster Savina in Montenegro: ein mittelalterliches Wunderwerk mit beeindruckenden Fresken, barocker Architektur und reicher Geschichte in der Bucht von Kotor. Planen Sie noch heute Ihren Besuch!","og_url":"https:\/\/www.visit-montenegro.com\/de\/reiseziele\/herceg-novi\/sehenswuerdigkeiten\/savina-kloster\/","og_site_name":"Visit Montenegro","article_publisher":"https:\/\/www.facebook.com\/visitmontenegro","article_modified_time":"2026-02-22T16:05:17+00:00","og_image":[{"width":1600,"height":1068,"url":"https:\/\/www.visit-montenegro.com\/wp-content\/uploads\/2026\/01\/herceg-novi-savina-monastery-scaled.jpg","type":"image\/jpeg"}],"twitter_card":"summary_large_image","twitter_site":"@visitmontenegro","twitter_misc":{"Gesch\u00e4tzte Lesezeit":"3\u00a0Minuten"},"schema":{"@context":"https:\/\/schema.org","@graph":[{"@type":"WebPage","@id":"https:\/\/www.visit-montenegro.com\/de\/reiseziele\/herceg-novi\/sehenswuerdigkeiten\/savina-kloster\/","url":"https:\/\/www.visit-montenegro.com\/de\/reiseziele\/herceg-novi\/sehenswuerdigkeiten\/savina-kloster\/","name":"Kloster Savina - Visit Montenegro","isPartOf":{"@id":"https:\/\/www.visit-montenegro.com\/de\/#website"},"primaryImageOfPage":{"@id":"https:\/\/www.visit-montenegro.com\/de\/reiseziele\/herceg-novi\/sehenswuerdigkeiten\/savina-kloster\/#primaryimage"},"image":{"@id":"https:\/\/www.visit-montenegro.com\/de\/reiseziele\/herceg-novi\/sehenswuerdigkeiten\/savina-kloster\/#primaryimage"},"thumbnailUrl":"https:\/\/www.visit-montenegro.com\/wp-content\/uploads\/2026\/01\/herceg-novi-savina-monastery-scaled.jpg","datePublished":"2026-01-27T20:44:32+00:00","dateModified":"2026-02-22T16:05:17+00:00","description":"Entdecken Sie das Kloster Savina in Montenegro: ein mittelalterliches Wunderwerk mit beeindruckenden Fresken, barocker Architektur und reicher Geschichte in der Bucht von Kotor. Planen Sie noch heute Ihren Besuch!","breadcrumb":{"@id":"https:\/\/www.visit-montenegro.com\/de\/reiseziele\/herceg-novi\/sehenswuerdigkeiten\/savina-kloster\/#breadcrumb"},"inLanguage":"de","potentialAction":[{"@type":"ReadAction","target":["https:\/\/www.visit-montenegro.com\/de\/reiseziele\/herceg-novi\/sehenswuerdigkeiten\/savina-kloster\/"]}]},{"@type":"ImageObject","inLanguage":"de","@id":"https:\/\/www.visit-montenegro.com\/de\/reiseziele\/herceg-novi\/sehenswuerdigkeiten\/savina-kloster\/#primaryimage","url":"https:\/\/www.visit-montenegro.com\/wp-content\/uploads\/2026\/01\/herceg-novi-savina-monastery-scaled.jpg","contentUrl":"https:\/\/www.visit-montenegro.com\/wp-content\/uploads\/2026\/01\/herceg-novi-savina-monastery-scaled.jpg","width":1600,"height":1068,"caption":"Entschlafungskirche des Savina-Orthodoxen Klosters in der K\u00fcstenstadt Herceg Novi am Eingang zur Bucht von Kotor in Montenegro"},{"@type":"BreadcrumbList","@id":"https:\/\/www.visit-montenegro.com\/de\/reiseziele\/herceg-novi\/sehenswuerdigkeiten\/savina-kloster\/#breadcrumb","itemListElement":[{"@type":"ListItem","position":1,"name":"Home","item":"https:\/\/www.visit-montenegro.com\/de\/home\/"},{"@type":"ListItem","position":2,"name":"Reiseziele in Montenegro","item":"https:\/\/www.visit-montenegro.com\/de\/reiseziele\/"},{"@type":"ListItem","position":3,"name":"Herceg Novi","item":"https:\/\/www.visit-montenegro.com\/de\/reiseziele\/herceg-novi\/"},{"@type":"ListItem","position":4,"name":"Herceg Novi Sehensw\u00fcrdigkeiten","item":"https:\/\/www.visit-montenegro.com\/de\/reiseziele\/herceg-novi\/sehenswuerdigkeiten\/"},{"@type":"ListItem","position":5,"name":"Kloster Savina"}]},{"@type":"WebSite","@id":"https:\/\/www.visit-montenegro.com\/de\/#website","url":"https:\/\/www.visit-montenegro.com\/de\/","name":"Visit Montenegro","description":"Breathtaking beauty","publisher":{"@id":"https:\/\/www.visit-montenegro.com\/de\/#organization"},"potentialAction":[{"@type":"SearchAction","target":{"@type":"EntryPoint","urlTemplate":"https:\/\/www.visit-montenegro.com\/de\/?s={search_term_string}"},"query-input":{"@type":"PropertyValueSpecification","valueRequired":true,"valueName":"search_term_string"}}],"inLanguage":"de"},{"@type":"Organization","@id":"https:\/\/www.visit-montenegro.com\/de\/#organization","name":"Visit Montenegro","url":"https:\/\/www.visit-montenegro.com\/de\/","logo":{"@type":"ImageObject","inLanguage":"de","@id":"https:\/\/www.visit-montenegro.com\/de\/#\/schema\/logo\/image\/","url":"https:\/\/www.visit-montenegro.com\/wp-content\/uploads\/2017\/10\/logo-amp.png","contentUrl":"https:\/\/www.visit-montenegro.com\/wp-content\/uploads\/2017\/10\/logo-amp.png","width":190,"height":36,"caption":"Visit Montenegro"},"image":{"@id":"https:\/\/www.visit-montenegro.com\/de\/#\/schema\/logo\/image\/"},"sameAs":["https:\/\/www.facebook.com\/visitmontenegro","https:\/\/x.com\/visitmontenegro","https:\/\/www.instagram.com\/visit_montenegro\/","https:\/\/www.youtube.com\/user\/VisitMontenegro"]}]}},"translations":[],"_links":{"self":[{"href":"https:\/\/www.visit-montenegro.com\/de\/wp-json\/wp\/v2\/pages\/134844","targetHints":{"allow":["GET"]}}],"collection":[{"href":"https:\/\/www.visit-montenegro.com\/de\/wp-json\/wp\/v2\/pages"}],"about":[{"href":"https:\/\/www.visit-montenegro.com\/de\/wp-json\/wp\/v2\/types\/page"}],"author":[{"embeddable":true,"href":"https:\/\/www.visit-montenegro.com\/de\/wp-json\/wp\/v2\/users\/1"}],"replies":[{"embeddable":true,"href":"https:\/\/www.visit-montenegro.com\/de\/wp-json\/wp\/v2\/comments?post=134844"}],"version-history":[{"count":0,"href":"https:\/\/www.visit-montenegro.com\/de\/wp-json\/wp\/v2\/pages\/134844\/revisions"}],"up":[{"embeddable":true,"href":"https:\/\/www.visit-montenegro.com\/de\/wp-json\/wp\/v2\/pages\/134814"}],"wp:featuredmedia":[{"embeddable":true,"href":"https:\/\/www.visit-montenegro.com\/de\/wp-json\/wp\/v2\/media\/134845"}],"wp:attachment":[{"href":"https:\/\/www.visit-montenegro.com\/de\/wp-json\/wp\/v2\/media?parent=134844"}],"wp:term":[{"taxonomy":"post_tag","embeddable":true,"href":"https:\/\/www.visit-montenegro.com\/de\/wp-json\/wp\/v2\/tags?post=134844"}],"curies":[{"name":"wp","href":"https:\/\/api.w.org\/{rel}","templated":true}]}}