{"id":134862,"date":"2026-01-27T21:44:32","date_gmt":"2026-01-27T20:44:32","guid":{"rendered":"https:\/\/new.visit-montenegro.com\/ziele\/herceg-novi\/attractions\/igalo\/"},"modified":"2026-02-22T17:05:17","modified_gmt":"2026-02-22T16:05:17","slug":"igalo","status":"publish","type":"page","link":"https:\/\/www.visit-montenegro.com\/de\/reiseziele\/herceg-novi\/sehenswuerdigkeiten\/igalo\/","title":{"rendered":"Igalo"},"content":{"rendered":"\n<p>Igalo ist ein renommiertes montenegrinisches Rehabilitationsziel innerhalb von Herceg Novi, ber\u00fchmt f\u00fcr das Institut Dr. Simo Milosevic. Es verwendet Techniken wie Massagen, Elektrotherapien, Hydromassagen, Heilwasser und Schlamm zur Gesundheitsverbesserung. Daher dient es nicht nur Patienten mit Verletzungen oder St\u00f6rungen, sondern auch Sportlern und Rekonvaleszenten.<\/p>\n\n<hr class=\"wp-block-separator has-alpha-channel-opacity\"\/>\n\n<h2 class=\"wp-block-heading\">Rehabilitation und Gesundheitsdienste in Igalo<\/h2>\n\n<p>Der Aufenthalt und die Dienste des Rehabilitationszentrums in <strong>Igalo<\/strong> werden nicht nur von Patienten mit schweren Verletzungen, rheumatischen und Extremit\u00e4tsst\u00f6rungen genutzt, sondern auch von Sportlern und Rekonvaleszenten. Tats\u00e4chlich haben Berichten zufolge viele hoffnungslose F\u00e4lle in Rollst\u00fchlen <strong>Igalo<\/strong> auf eigenen F\u00fc\u00dfen verlassen.<\/p>\n\n<p>In den letzten Jahren hat <strong>Igalo<\/strong> haupts\u00e4chlich Touristen aus Skandinavien, insbesondere Norweger, angezogen. Dar\u00fcber hinaus hat es viele ber\u00fchmte Personen beherbergt, wobei der ehemalige jugoslawische Pr\u00e4sident Josip Broz Tito dort viel Zeit verbrachte.<\/p>\n\n<h2 class=\"wp-block-heading\">Attraktionen und Erreichbarkeit von Igalo<\/h2>\n\n<p>F\u00fcr Titos Sommerurlaube wurde die Villa &#8222;Galeb&#8220; gebaut, die heute von der montenegrinischen Regierung genutzt wird. Von <strong>Igalo<\/strong> aus k\u00f6nnen Sie leicht Ausflugsziele wie Zanjice oder Njivice per Taxiboot und Barke besuchen. Zudem ist die ber\u00fchmte H\u00f6hle &#8222;Plava spilja&#8220; ein Muss, die von Touristen als &#8222;Tempel des Meeresgottes&#8220; beschrieben wird.<\/p>\n","protected":false},"excerpt":{"rendered":"<p>Entdecken Sie Igalo, ein ber\u00fchmtes montenegrinisches Rehabilitationszentrum in Herceg Novi, bekannt f\u00fcr sein Gesundheitsinstitut und Heiltechniken. Es zieht Patienten, Sportler und Touristen an und bietet Zugang zu malerischen Orten und historischen St\u00e4tten.<\/p>\n","protected":false},"author":1,"featured_media":134863,"parent":134814,"menu_order":0,"comment_status":"closed","ping_status":"closed","template":"","meta":{"_yoast_wpseo_focuskw":"Igalo","_yoast_wpseo_metadesc":"Entdecken Sie Igalo, Montenegros f\u00fchrendes Rehabilitationszentrum mit heilenden Therapien. Erfahren Sie mehr \u00fcber seine Geschichte, ber\u00fchmte Besucher und nahegelegene Attraktionen f\u00fcr eine perfekte Reise.","_kad_post_transparent":"","_kad_post_title":"","_kad_post_layout":"","_kad_post_sidebar_id":"","_kad_post_content_style":"","_kad_post_vertical_padding":"","_kad_post_feature":"","_kad_post_feature_position":"","_kad_post_header":false,"_kad_post_footer":false,"_kad_post_classname":"","iawp_total_views":3,"footnotes":""},"tags":[],"class_list":["post-134862","page","type-page","status-publish","has-post-thumbnail","hentry"],"yoast_head":"<!-- This site is optimized with the Yoast SEO plugin v27.3 - https:\/\/yoast.com\/product\/yoast-seo-wordpress\/ -->\n<title>Igalo - Visit Montenegro<\/title>\n<meta name=\"description\" content=\"Entdecken Sie Igalo, Montenegros f\u00fchrendes Rehabilitationszentrum mit heilenden Therapien. Erfahren Sie mehr \u00fcber seine Geschichte, ber\u00fchmte Besucher und nahegelegene Attraktionen f\u00fcr eine perfekte Reise.\" \/>\n<meta name=\"robots\" content=\"index, follow, max-snippet:-1, max-image-preview:large, max-video-preview:-1\" \/>\n<link rel=\"canonical\" href=\"https:\/\/www.visit-montenegro.com\/de\/reiseziele\/herceg-novi\/sehenswuerdigkeiten\/igalo\/\" \/>\n<meta property=\"og:locale\" content=\"de_DE\" \/>\n<meta property=\"og:type\" content=\"article\" \/>\n<meta property=\"og:title\" content=\"Igalo - Visit Montenegro\" \/>\n<meta property=\"og:description\" content=\"Entdecken Sie Igalo, Montenegros f\u00fchrendes Rehabilitationszentrum mit heilenden Therapien. Erfahren Sie mehr \u00fcber seine Geschichte, ber\u00fchmte Besucher und nahegelegene Attraktionen f\u00fcr eine perfekte Reise.\" \/>\n<meta property=\"og:url\" content=\"https:\/\/www.visit-montenegro.com\/de\/reiseziele\/herceg-novi\/sehenswuerdigkeiten\/igalo\/\" \/>\n<meta property=\"og:site_name\" content=\"Visit Montenegro\" \/>\n<meta property=\"article:publisher\" content=\"https:\/\/www.facebook.com\/visitmontenegro\" \/>\n<meta property=\"article:modified_time\" content=\"2026-02-22T16:05:17+00:00\" \/>\n<meta property=\"og:image\" content=\"https:\/\/www.visit-montenegro.com\/wp-content\/uploads\/2026\/01\/igalo-scaled.jpg\" \/>\n\t<meta property=\"og:image:width\" content=\"1600\" \/>\n\t<meta property=\"og:image:height\" content=\"1067\" \/>\n\t<meta property=\"og:image:type\" content=\"image\/jpeg\" \/>\n<meta name=\"twitter:card\" content=\"summary_large_image\" \/>\n<meta name=\"twitter:site\" content=\"@visitmontenegro\" \/>\n<meta name=\"twitter:label1\" content=\"Gesch\u00e4tzte Lesezeit\" \/>\n\t<meta name=\"twitter:data1\" content=\"1\u00a0Minute\" \/>\n<script type=\"application\/ld+json\" class=\"yoast-schema-graph\">{\"@context\":\"https:\\\/\\\/schema.org\",\"@graph\":[{\"@type\":\"WebPage\",\"@id\":\"https:\\\/\\\/www.visit-montenegro.com\\\/de\\\/reiseziele\\\/herceg-novi\\\/sehenswuerdigkeiten\\\/igalo\\\/\",\"url\":\"https:\\\/\\\/www.visit-montenegro.com\\\/de\\\/reiseziele\\\/herceg-novi\\\/sehenswuerdigkeiten\\\/igalo\\\/\",\"name\":\"Igalo - Visit Montenegro\",\"isPartOf\":{\"@id\":\"https:\\\/\\\/www.visit-montenegro.com\\\/de\\\/#website\"},\"primaryImageOfPage\":{\"@id\":\"https:\\\/\\\/www.visit-montenegro.com\\\/de\\\/reiseziele\\\/herceg-novi\\\/sehenswuerdigkeiten\\\/igalo\\\/#primaryimage\"},\"image\":{\"@id\":\"https:\\\/\\\/www.visit-montenegro.com\\\/de\\\/reiseziele\\\/herceg-novi\\\/sehenswuerdigkeiten\\\/igalo\\\/#primaryimage\"},\"thumbnailUrl\":\"https:\\\/\\\/www.visit-montenegro.com\\\/wp-content\\\/uploads\\\/2026\\\/01\\\/igalo-scaled.jpg\",\"datePublished\":\"2026-01-27T20:44:32+00:00\",\"dateModified\":\"2026-02-22T16:05:17+00:00\",\"description\":\"Entdecken Sie Igalo, Montenegros f\u00fchrendes Rehabilitationszentrum mit heilenden Therapien. Erfahren Sie mehr \u00fcber seine Geschichte, ber\u00fchmte Besucher und nahegelegene Attraktionen f\u00fcr eine perfekte Reise.\",\"breadcrumb\":{\"@id\":\"https:\\\/\\\/www.visit-montenegro.com\\\/de\\\/reiseziele\\\/herceg-novi\\\/sehenswuerdigkeiten\\\/igalo\\\/#breadcrumb\"},\"inLanguage\":\"de\",\"potentialAction\":[{\"@type\":\"ReadAction\",\"target\":[\"https:\\\/\\\/www.visit-montenegro.com\\\/de\\\/reiseziele\\\/herceg-novi\\\/sehenswuerdigkeiten\\\/igalo\\\/\"]}]},{\"@type\":\"ImageObject\",\"inLanguage\":\"de\",\"@id\":\"https:\\\/\\\/www.visit-montenegro.com\\\/de\\\/reiseziele\\\/herceg-novi\\\/sehenswuerdigkeiten\\\/igalo\\\/#primaryimage\",\"url\":\"https:\\\/\\\/www.visit-montenegro.com\\\/wp-content\\\/uploads\\\/2026\\\/01\\\/igalo-scaled.jpg\",\"contentUrl\":\"https:\\\/\\\/www.visit-montenegro.com\\\/wp-content\\\/uploads\\\/2026\\\/01\\\/igalo-scaled.jpg\",\"width\":1600,\"height\":1067,\"caption\":\"Draufsicht auf Geb\u00e4ude und Bereich mit Schwimmbad und Sonnenliegen am Meer\"},{\"@type\":\"BreadcrumbList\",\"@id\":\"https:\\\/\\\/www.visit-montenegro.com\\\/de\\\/reiseziele\\\/herceg-novi\\\/sehenswuerdigkeiten\\\/igalo\\\/#breadcrumb\",\"itemListElement\":[{\"@type\":\"ListItem\",\"position\":1,\"name\":\"Home\",\"item\":\"https:\\\/\\\/www.visit-montenegro.com\\\/de\\\/home\\\/\"},{\"@type\":\"ListItem\",\"position\":2,\"name\":\"Reiseziele in Montenegro\",\"item\":\"https:\\\/\\\/www.visit-montenegro.com\\\/de\\\/reiseziele\\\/\"},{\"@type\":\"ListItem\",\"position\":3,\"name\":\"Herceg Novi\",\"item\":\"https:\\\/\\\/www.visit-montenegro.com\\\/de\\\/reiseziele\\\/herceg-novi\\\/\"},{\"@type\":\"ListItem\",\"position\":4,\"name\":\"Herceg Novi Sehensw\u00fcrdigkeiten\",\"item\":\"https:\\\/\\\/www.visit-montenegro.com\\\/de\\\/reiseziele\\\/herceg-novi\\\/sehenswuerdigkeiten\\\/\"},{\"@type\":\"ListItem\",\"position\":5,\"name\":\"Igalo\"}]},{\"@type\":\"WebSite\",\"@id\":\"https:\\\/\\\/www.visit-montenegro.com\\\/de\\\/#website\",\"url\":\"https:\\\/\\\/www.visit-montenegro.com\\\/de\\\/\",\"name\":\"Visit Montenegro\",\"description\":\"Breathtaking beauty\",\"publisher\":{\"@id\":\"https:\\\/\\\/www.visit-montenegro.com\\\/de\\\/#organization\"},\"potentialAction\":[{\"@type\":\"SearchAction\",\"target\":{\"@type\":\"EntryPoint\",\"urlTemplate\":\"https:\\\/\\\/www.visit-montenegro.com\\\/de\\\/?s={search_term_string}\"},\"query-input\":{\"@type\":\"PropertyValueSpecification\",\"valueRequired\":true,\"valueName\":\"search_term_string\"}}],\"inLanguage\":\"de\"},{\"@type\":\"Organization\",\"@id\":\"https:\\\/\\\/www.visit-montenegro.com\\\/de\\\/#organization\",\"name\":\"Visit Montenegro\",\"url\":\"https:\\\/\\\/www.visit-montenegro.com\\\/de\\\/\",\"logo\":{\"@type\":\"ImageObject\",\"inLanguage\":\"de\",\"@id\":\"https:\\\/\\\/www.visit-montenegro.com\\\/de\\\/#\\\/schema\\\/logo\\\/image\\\/\",\"url\":\"https:\\\/\\\/www.visit-montenegro.com\\\/wp-content\\\/uploads\\\/2017\\\/10\\\/logo-amp.png\",\"contentUrl\":\"https:\\\/\\\/www.visit-montenegro.com\\\/wp-content\\\/uploads\\\/2017\\\/10\\\/logo-amp.png\",\"width\":190,\"height\":36,\"caption\":\"Visit Montenegro\"},\"image\":{\"@id\":\"https:\\\/\\\/www.visit-montenegro.com\\\/de\\\/#\\\/schema\\\/logo\\\/image\\\/\"},\"sameAs\":[\"https:\\\/\\\/www.facebook.com\\\/visitmontenegro\",\"https:\\\/\\\/x.com\\\/visitmontenegro\",\"https:\\\/\\\/www.instagram.com\\\/visit_montenegro\\\/\",\"https:\\\/\\\/www.youtube.com\\\/user\\\/VisitMontenegro\"]}]}<\/script>\n<!-- \/ Yoast SEO plugin. -->","yoast_head_json":{"title":"Igalo - Visit Montenegro","description":"Entdecken Sie Igalo, Montenegros f\u00fchrendes Rehabilitationszentrum mit heilenden Therapien. Erfahren Sie mehr \u00fcber seine Geschichte, ber\u00fchmte Besucher und nahegelegene Attraktionen f\u00fcr eine perfekte Reise.","robots":{"index":"index","follow":"follow","max-snippet":"max-snippet:-1","max-image-preview":"max-image-preview:large","max-video-preview":"max-video-preview:-1"},"canonical":"https:\/\/www.visit-montenegro.com\/de\/reiseziele\/herceg-novi\/sehenswuerdigkeiten\/igalo\/","og_locale":"de_DE","og_type":"article","og_title":"Igalo - Visit Montenegro","og_description":"Entdecken Sie Igalo, Montenegros f\u00fchrendes Rehabilitationszentrum mit heilenden Therapien. Erfahren Sie mehr \u00fcber seine Geschichte, ber\u00fchmte Besucher und nahegelegene Attraktionen f\u00fcr eine perfekte Reise.","og_url":"https:\/\/www.visit-montenegro.com\/de\/reiseziele\/herceg-novi\/sehenswuerdigkeiten\/igalo\/","og_site_name":"Visit Montenegro","article_publisher":"https:\/\/www.facebook.com\/visitmontenegro","article_modified_time":"2026-02-22T16:05:17+00:00","og_image":[{"width":1600,"height":1067,"url":"https:\/\/www.visit-montenegro.com\/wp-content\/uploads\/2026\/01\/igalo-scaled.jpg","type":"image\/jpeg"}],"twitter_card":"summary_large_image","twitter_site":"@visitmontenegro","twitter_misc":{"Gesch\u00e4tzte Lesezeit":"1\u00a0Minute"},"schema":{"@context":"https:\/\/schema.org","@graph":[{"@type":"WebPage","@id":"https:\/\/www.visit-montenegro.com\/de\/reiseziele\/herceg-novi\/sehenswuerdigkeiten\/igalo\/","url":"https:\/\/www.visit-montenegro.com\/de\/reiseziele\/herceg-novi\/sehenswuerdigkeiten\/igalo\/","name":"Igalo - Visit Montenegro","isPartOf":{"@id":"https:\/\/www.visit-montenegro.com\/de\/#website"},"primaryImageOfPage":{"@id":"https:\/\/www.visit-montenegro.com\/de\/reiseziele\/herceg-novi\/sehenswuerdigkeiten\/igalo\/#primaryimage"},"image":{"@id":"https:\/\/www.visit-montenegro.com\/de\/reiseziele\/herceg-novi\/sehenswuerdigkeiten\/igalo\/#primaryimage"},"thumbnailUrl":"https:\/\/www.visit-montenegro.com\/wp-content\/uploads\/2026\/01\/igalo-scaled.jpg","datePublished":"2026-01-27T20:44:32+00:00","dateModified":"2026-02-22T16:05:17+00:00","description":"Entdecken Sie Igalo, Montenegros f\u00fchrendes Rehabilitationszentrum mit heilenden Therapien. Erfahren Sie mehr \u00fcber seine Geschichte, ber\u00fchmte Besucher und nahegelegene Attraktionen f\u00fcr eine perfekte Reise.","breadcrumb":{"@id":"https:\/\/www.visit-montenegro.com\/de\/reiseziele\/herceg-novi\/sehenswuerdigkeiten\/igalo\/#breadcrumb"},"inLanguage":"de","potentialAction":[{"@type":"ReadAction","target":["https:\/\/www.visit-montenegro.com\/de\/reiseziele\/herceg-novi\/sehenswuerdigkeiten\/igalo\/"]}]},{"@type":"ImageObject","inLanguage":"de","@id":"https:\/\/www.visit-montenegro.com\/de\/reiseziele\/herceg-novi\/sehenswuerdigkeiten\/igalo\/#primaryimage","url":"https:\/\/www.visit-montenegro.com\/wp-content\/uploads\/2026\/01\/igalo-scaled.jpg","contentUrl":"https:\/\/www.visit-montenegro.com\/wp-content\/uploads\/2026\/01\/igalo-scaled.jpg","width":1600,"height":1067,"caption":"Draufsicht auf Geb\u00e4ude und Bereich mit Schwimmbad und Sonnenliegen am Meer"},{"@type":"BreadcrumbList","@id":"https:\/\/www.visit-montenegro.com\/de\/reiseziele\/herceg-novi\/sehenswuerdigkeiten\/igalo\/#breadcrumb","itemListElement":[{"@type":"ListItem","position":1,"name":"Home","item":"https:\/\/www.visit-montenegro.com\/de\/home\/"},{"@type":"ListItem","position":2,"name":"Reiseziele in Montenegro","item":"https:\/\/www.visit-montenegro.com\/de\/reiseziele\/"},{"@type":"ListItem","position":3,"name":"Herceg Novi","item":"https:\/\/www.visit-montenegro.com\/de\/reiseziele\/herceg-novi\/"},{"@type":"ListItem","position":4,"name":"Herceg Novi Sehensw\u00fcrdigkeiten","item":"https:\/\/www.visit-montenegro.com\/de\/reiseziele\/herceg-novi\/sehenswuerdigkeiten\/"},{"@type":"ListItem","position":5,"name":"Igalo"}]},{"@type":"WebSite","@id":"https:\/\/www.visit-montenegro.com\/de\/#website","url":"https:\/\/www.visit-montenegro.com\/de\/","name":"Visit Montenegro","description":"Breathtaking beauty","publisher":{"@id":"https:\/\/www.visit-montenegro.com\/de\/#organization"},"potentialAction":[{"@type":"SearchAction","target":{"@type":"EntryPoint","urlTemplate":"https:\/\/www.visit-montenegro.com\/de\/?s={search_term_string}"},"query-input":{"@type":"PropertyValueSpecification","valueRequired":true,"valueName":"search_term_string"}}],"inLanguage":"de"},{"@type":"Organization","@id":"https:\/\/www.visit-montenegro.com\/de\/#organization","name":"Visit Montenegro","url":"https:\/\/www.visit-montenegro.com\/de\/","logo":{"@type":"ImageObject","inLanguage":"de","@id":"https:\/\/www.visit-montenegro.com\/de\/#\/schema\/logo\/image\/","url":"https:\/\/www.visit-montenegro.com\/wp-content\/uploads\/2017\/10\/logo-amp.png","contentUrl":"https:\/\/www.visit-montenegro.com\/wp-content\/uploads\/2017\/10\/logo-amp.png","width":190,"height":36,"caption":"Visit Montenegro"},"image":{"@id":"https:\/\/www.visit-montenegro.com\/de\/#\/schema\/logo\/image\/"},"sameAs":["https:\/\/www.facebook.com\/visitmontenegro","https:\/\/x.com\/visitmontenegro","https:\/\/www.instagram.com\/visit_montenegro\/","https:\/\/www.youtube.com\/user\/VisitMontenegro"]}]}},"translations":[],"_links":{"self":[{"href":"https:\/\/www.visit-montenegro.com\/de\/wp-json\/wp\/v2\/pages\/134862","targetHints":{"allow":["GET"]}}],"collection":[{"href":"https:\/\/www.visit-montenegro.com\/de\/wp-json\/wp\/v2\/pages"}],"about":[{"href":"https:\/\/www.visit-montenegro.com\/de\/wp-json\/wp\/v2\/types\/page"}],"author":[{"embeddable":true,"href":"https:\/\/www.visit-montenegro.com\/de\/wp-json\/wp\/v2\/users\/1"}],"replies":[{"embeddable":true,"href":"https:\/\/www.visit-montenegro.com\/de\/wp-json\/wp\/v2\/comments?post=134862"}],"version-history":[{"count":0,"href":"https:\/\/www.visit-montenegro.com\/de\/wp-json\/wp\/v2\/pages\/134862\/revisions"}],"up":[{"embeddable":true,"href":"https:\/\/www.visit-montenegro.com\/de\/wp-json\/wp\/v2\/pages\/134814"}],"wp:featuredmedia":[{"embeddable":true,"href":"https:\/\/www.visit-montenegro.com\/de\/wp-json\/wp\/v2\/media\/134863"}],"wp:attachment":[{"href":"https:\/\/www.visit-montenegro.com\/de\/wp-json\/wp\/v2\/media?parent=134862"}],"wp:term":[{"taxonomy":"post_tag","embeddable":true,"href":"https:\/\/www.visit-montenegro.com\/de\/wp-json\/wp\/v2\/tags?post=134862"}],"curies":[{"name":"wp","href":"https:\/\/api.w.org\/{rel}","templated":true}]}}