{"id":134880,"date":"2026-01-27T21:44:32","date_gmt":"2026-01-27T20:44:32","guid":{"rendered":"https:\/\/new.visit-montenegro.com\/ziele\/herceg-novi\/info\/geschichte\/"},"modified":"2026-02-22T17:05:18","modified_gmt":"2026-02-22T16:05:18","slug":"geschichte","status":"publish","type":"page","link":"https:\/\/www.visit-montenegro.com\/de\/reiseziele\/herceg-novi\/info\/geschichte\/","title":{"rendered":"Die Geschichte von Herceg Novi"},"content":{"rendered":"\n<p>Herceg Novi ist eine historische K\u00fcstenstadt in Montenegro, gegr\u00fcndet 1382 vom bosnischen K\u00f6nig Tvrtko I. Kotromani\u0107, mit einer reichen Vergangenheit, die von verschiedenen Herrschern wie T\u00fcrken, Venezianern, Spaniern und \u00d6sterreichern gepr\u00e4gt wurde und Festungen und kulturelle Einfl\u00fcsse hinterlassen hat.<\/p>\n\n<hr class=\"wp-block-separator has-alpha-channel-opacity\"\/>\n\n<h2 class=\"wp-block-heading\">Gr\u00fcndung und fr\u00fche Entwicklung<\/h2>\n\n<p>Herceg Novi wurde vor 600 Jahren (im Jahr 1382) gegr\u00fcndet. Die Befestigungsanlagen in der Stadt \u2013 Festungen aus der t\u00fcrkischen, venezianischen, spanischen und \u00f6sterreichischen Zeit \u2013 zeugen von diesen l\u00e4ngst vergangenen Tagen. Nach den relevantesten historischen Daten begann <strong>Die Geschichte von Herceg Novi<\/strong> mit ihrer Gr\u00fcndung durch den <strong>bosnischen K\u00f6nig Tvrtko I. Kotromani\u0107<\/strong> im Fr\u00fchjahr 1382. Tvrtko I. war auch \u201eder K\u00f6nig der Serben, Bosniens und der K\u00fcste und Westseiten\u201c. Herceg Novi wurde im ehemaligen Bezirk Dra\u010devica, in der Topalj-Bucht (ein Teil des heutigen Gebiets Topla bei Herceg Novi), errichtet und hie\u00df fr\u00fcher <a href=\"https:\/\/www.visit-montenegro.com\/de\/reiseziele\/budva\/sehenswuerdigkeiten\/sveti-stefan\/\">Sveti Stefan<\/a> (ST. STEFAN). Neben dem heutigen Namen (Herceg Novi) war die Stadt auch unter den Namen NOVI, CASTRUM NOVUM, CASTEL NUOVO bekannt\u2026<\/p>\n\n<figure class=\"wp-block-image size-full\"><img loading=\"lazy\" decoding=\"async\" width=\"1600\" height=\"1065\" src=\"https:\/\/www.visit-montenegro.com\/wp-content\/uploads\/2026\/01\/herceg-novi-forte-mare-scaled.jpg\" alt=\"\" class=\"wp-image-36044\" srcset=\"https:\/\/www.visit-montenegro.com\/wp-content\/uploads\/2026\/01\/herceg-novi-forte-mare-scaled.jpg 1600w, https:\/\/www.visit-montenegro.com\/wp-content\/uploads\/2026\/01\/herceg-novi-forte-mare-300x200.jpg 300w, https:\/\/www.visit-montenegro.com\/wp-content\/uploads\/2026\/01\/herceg-novi-forte-mare-1024x682.jpg 1024w, https:\/\/www.visit-montenegro.com\/wp-content\/uploads\/2026\/01\/herceg-novi-forte-mare-768x511.jpg 768w, https:\/\/www.visit-montenegro.com\/wp-content\/uploads\/2026\/01\/herceg-novi-forte-mare-1536x1022.jpg 1536w, https:\/\/www.visit-montenegro.com\/wp-content\/uploads\/2026\/01\/herceg-novi-forte-mare-1200x799.jpg 1200w\" sizes=\"auto, (max-width: 1600px) 100vw, 1600px\" \/><figcaption class=\"wp-element-caption\">Seefestung (<a href=\"https:\/\/www.visit-montenegro.com\/de\/reiseziele\/herceg-novi\/sehenswuerdigkeiten\/forte-mare\/\">Forte Mare<\/a>). Herceg Novi, Montenegro<\/figcaption><\/figure>\n\n<p>Den heutigen Namen erhielt die Stadt w\u00e4hrend der Herrschaft von <strong>Herceg Stjepan Vuk\u010di\u0107 Kosa\u010da<\/strong>, besser bekannt als Herceg Stjepan, und das weitere Gebiet, \u00fcber das er herrschte, war als Herzegowina bekannt. In dieser Zeit (15. Jahrhundert) erlebte Herceg Novi die gr\u00f6\u00dfte Entwicklung und Bl\u00fcte.<\/p>\n\n<h2 class=\"wp-block-heading\">Perioden der Fremdherrschaft<\/h2>\n\n<p>Die Stadt wurde <strong>1482 von den T\u00fcrken erobert<\/strong>, und sie herrschten fast 200 Jahre \u00fcber Herceg Novi. Genauer gesagt endete die t\u00fcrkische Herrschaft in Herceg Novi im Jahr 1687. <strong>Von 1687 bis 1797 wurde Herceg Novi von Venedig regiert<\/strong>. Historische Daten bezeugen die kurze <strong>spanische<\/strong> Unterbrechung der t\u00fcrkischen Herrschaft \u00fcber die Stadt. Nach diesen Daten regierten die Spanier Herceg Novi von 1538 bis 1539.<\/p>\n\n<figure class=\"wp-block-image size-full\"><img loading=\"lazy\" decoding=\"async\" width=\"1600\" height=\"1518\" src=\"https:\/\/www.visit-montenegro.com\/wp-content\/uploads\/2026\/01\/herceg-novi-spanjola-air-scaled.jpg\" alt=\"\" class=\"wp-image-36052\" srcset=\"https:\/\/www.visit-montenegro.com\/wp-content\/uploads\/2026\/01\/herceg-novi-spanjola-air-scaled.jpg 1600w, https:\/\/www.visit-montenegro.com\/wp-content\/uploads\/2026\/01\/herceg-novi-spanjola-air-300x285.jpg 300w, https:\/\/www.visit-montenegro.com\/wp-content\/uploads\/2026\/01\/herceg-novi-spanjola-air-1024x972.jpg 1024w, https:\/\/www.visit-montenegro.com\/wp-content\/uploads\/2026\/01\/herceg-novi-spanjola-air-768x729.jpg 768w, https:\/\/www.visit-montenegro.com\/wp-content\/uploads\/2026\/01\/herceg-novi-spanjola-air-1536x1458.jpg 1536w, https:\/\/www.visit-montenegro.com\/wp-content\/uploads\/2026\/01\/herceg-novi-spanjola-air-1200x1139.jpg 1200w\" sizes=\"auto, (max-width: 1600px) 100vw, 1600px\" \/><figcaption class=\"wp-element-caption\">Drohnenansicht der Kasernen in der Festung <a href=\"https:\/\/www.visit-montenegro.com\/de\/reiseziele\/herceg-novi\/sehenswuerdigkeiten\/spanjola\/\">Spanjola<\/a> Herceg Novi, Montenegro<\/figcaption><\/figure>\n\n<p>Neben den T\u00fcrken und Spaniern wurde Herceg Novi von anderen gro\u00dfen Eroberern regiert, und die historischen Umst\u00e4nde haben dazu gef\u00fchrt, dass auf dem Gebiet von Herceg Novi viele V\u00f6lker und Zivilisationen ihre Spuren in der Geschichte, Kultur und wirtschaftlichen Entwicklung der Stadt und Umgebung hinterlassen haben.<\/p>\n\n<h3 class=\"wp-block-heading\">Sp\u00e4tere Verwaltungen und moderne \u00c4ra<\/h3>\n\n<p>Herceg Novi wurde auch <strong>von den Venezianern erobert<\/strong>, die die Stadt bis zum endg\u00fcltigen Untergang der Republik Venedig im Jahr 1797 regierten. Die Zeit danach ist gepr\u00e4gt von h\u00e4ufigen Wechseln der Verwaltungen, die die Stadt regieren. Im Jahr 1797 wurde die erste <strong>\u00f6sterreichische Verwaltung<\/strong> in Herceg Novi eingerichtet, die bis 1806 dauerte. F\u00fcr ein Jahr (1806 \u2013 1807) wurde Herceg Novi von den <strong>Russen<\/strong> regiert. Die Zeit von 1807 bis 1815 in Herceg Novi ist durch die <strong>franz\u00f6sische<\/strong> Regierung unter der Autorit\u00e4t Napoleons gekennzeichnet. In einem sehr kurzen Intervall von 1813 bis 1814 wurde Herceg Novi von der provisorischen Regierung von Montenegro und Boka Kotorska \u00fcbernommen, die bereits 1815 durch die <strong>\u00f6sterreichisch-ungarische<\/strong> Regierung ersetzt wurde. Von 1815 bis 1918 hatten wir die zweite \u00f6sterreichisch-ungarische Herrschaft \u00fcber die Stadt.<\/p>\n\n<p>Mit dem Zusammenbruch des \u00f6sterreichisch-ungarischen Staates 1918 traf in Herceg Novi die serbische Armee ein. Zu dieser Zeit trat die Stadt in das ehemalige <strong>K\u00f6nigreich der Serben, Kroaten und Slowenen<\/strong> ein, oder wie es ab 1929 genannt wurde, K\u00f6nigreich <strong>Jugoslawien<\/strong>. 1941 wurde Herceg Novi von den Faschisten besetzt, zuerst den Italienern (1941 \u2013 1943) und dann den Deutschen (1943 \u2013 1944). Die Stadt wurde Ende Oktober 1944 von den Partisanentruppen befreit.<\/p>\n","protected":false},"excerpt":{"rendered":"<p>Erkunden Sie die reiche Geschichte von Herceg Novi, einer montenegrinischen Stadt, die 1382 gegr\u00fcndet wurde. Entdecken Sie, wie verschiedene Herrscher, von bosnischen K\u00f6nigen bis zu europ\u00e4ischen M\u00e4chten, ihr kulturelles und architektonisches Erbe \u00fcber Jahrhunderte gepr\u00e4gt haben.<\/p>\n","protected":false},"author":1,"featured_media":134881,"parent":134870,"menu_order":0,"comment_status":"closed","ping_status":"closed","template":"","meta":{"_yoast_wpseo_focuskw":"Die Geschichte von Herceg Novi","_yoast_wpseo_metadesc":"Tauchen Sie ein in die 600-j\u00e4hrige Geschichte von Herceg Novi, von der Gr\u00fcndung durch den bosnischen K\u00f6nig Tvrtko I. bis zur Herrschaft der T\u00fcrken, Venezianer und mehr. Perfekt f\u00fcr Geschichtsinteressierte, die eine Reise nach Montenegro planen.","_kad_post_transparent":"","_kad_post_title":"","_kad_post_layout":"","_kad_post_sidebar_id":"","_kad_post_content_style":"","_kad_post_vertical_padding":"","_kad_post_feature":"","_kad_post_feature_position":"","_kad_post_header":false,"_kad_post_footer":false,"_kad_post_classname":"","iawp_total_views":5,"footnotes":""},"tags":[],"class_list":["post-134880","page","type-page","status-publish","has-post-thumbnail","hentry"],"yoast_head":"<!-- This site is optimized with the Yoast SEO plugin v27.3 - https:\/\/yoast.com\/product\/yoast-seo-wordpress\/ -->\n<title>Die Geschichte von Herceg Novi - Visit Montenegro<\/title>\n<meta name=\"description\" content=\"Tauchen Sie ein in die 600-j\u00e4hrige Geschichte von Herceg Novi, von der Gr\u00fcndung durch den bosnischen K\u00f6nig Tvrtko I. bis zur Herrschaft der T\u00fcrken, Venezianer und mehr. Perfekt f\u00fcr Geschichtsinteressierte, die eine Reise nach Montenegro planen.\" \/>\n<meta name=\"robots\" content=\"index, follow, max-snippet:-1, max-image-preview:large, max-video-preview:-1\" \/>\n<link rel=\"canonical\" href=\"https:\/\/www.visit-montenegro.com\/de\/reiseziele\/herceg-novi\/info\/geschichte\/\" \/>\n<meta property=\"og:locale\" content=\"de_DE\" \/>\n<meta property=\"og:type\" content=\"article\" \/>\n<meta property=\"og:title\" content=\"Die Geschichte von Herceg Novi - Visit Montenegro\" \/>\n<meta property=\"og:description\" content=\"Tauchen Sie ein in die 600-j\u00e4hrige Geschichte von Herceg Novi, von der Gr\u00fcndung durch den bosnischen K\u00f6nig Tvrtko I. bis zur Herrschaft der T\u00fcrken, Venezianer und mehr. Perfekt f\u00fcr Geschichtsinteressierte, die eine Reise nach Montenegro planen.\" \/>\n<meta property=\"og:url\" content=\"https:\/\/www.visit-montenegro.com\/de\/reiseziele\/herceg-novi\/info\/geschichte\/\" \/>\n<meta property=\"og:site_name\" content=\"Visit Montenegro\" \/>\n<meta property=\"article:publisher\" content=\"https:\/\/www.facebook.com\/visitmontenegro\" \/>\n<meta property=\"article:modified_time\" content=\"2026-02-22T16:05:18+00:00\" \/>\n<meta property=\"og:image\" content=\"https:\/\/www.visit-montenegro.com\/wp-content\/uploads\/2026\/01\/herceg-novi-spanjola-scaled.jpg\" \/>\n\t<meta property=\"og:image:width\" content=\"1600\" \/>\n\t<meta property=\"og:image:height\" content=\"1064\" \/>\n\t<meta property=\"og:image:type\" content=\"image\/jpeg\" \/>\n<meta name=\"twitter:card\" content=\"summary_large_image\" \/>\n<meta name=\"twitter:site\" content=\"@visitmontenegro\" \/>\n<meta name=\"twitter:label1\" content=\"Gesch\u00e4tzte Lesezeit\" \/>\n\t<meta name=\"twitter:data1\" content=\"3\u00a0Minuten\" \/>\n<script type=\"application\/ld+json\" class=\"yoast-schema-graph\">{\"@context\":\"https:\\\/\\\/schema.org\",\"@graph\":[{\"@type\":\"WebPage\",\"@id\":\"https:\\\/\\\/www.visit-montenegro.com\\\/de\\\/reiseziele\\\/herceg-novi\\\/info\\\/geschichte\\\/\",\"url\":\"https:\\\/\\\/www.visit-montenegro.com\\\/de\\\/reiseziele\\\/herceg-novi\\\/info\\\/geschichte\\\/\",\"name\":\"Die Geschichte von Herceg Novi - Visit Montenegro\",\"isPartOf\":{\"@id\":\"https:\\\/\\\/www.visit-montenegro.com\\\/de\\\/#website\"},\"primaryImageOfPage\":{\"@id\":\"https:\\\/\\\/www.visit-montenegro.com\\\/de\\\/reiseziele\\\/herceg-novi\\\/info\\\/geschichte\\\/#primaryimage\"},\"image\":{\"@id\":\"https:\\\/\\\/www.visit-montenegro.com\\\/de\\\/reiseziele\\\/herceg-novi\\\/info\\\/geschichte\\\/#primaryimage\"},\"thumbnailUrl\":\"https:\\\/\\\/www.visit-montenegro.com\\\/wp-content\\\/uploads\\\/2026\\\/01\\\/herceg-novi-spanjola-scaled.jpg\",\"datePublished\":\"2026-01-27T20:44:32+00:00\",\"dateModified\":\"2026-02-22T16:05:18+00:00\",\"description\":\"Tauchen Sie ein in die 600-j\u00e4hrige Geschichte von Herceg Novi, von der Gr\u00fcndung durch den bosnischen K\u00f6nig Tvrtko I. bis zur Herrschaft der T\u00fcrken, Venezianer und mehr. Perfekt f\u00fcr Geschichtsinteressierte, die eine Reise nach Montenegro planen.\",\"breadcrumb\":{\"@id\":\"https:\\\/\\\/www.visit-montenegro.com\\\/de\\\/reiseziele\\\/herceg-novi\\\/info\\\/geschichte\\\/#breadcrumb\"},\"inLanguage\":\"de\",\"potentialAction\":[{\"@type\":\"ReadAction\",\"target\":[\"https:\\\/\\\/www.visit-montenegro.com\\\/de\\\/reiseziele\\\/herceg-novi\\\/info\\\/geschichte\\\/\"]}]},{\"@type\":\"ImageObject\",\"inLanguage\":\"de\",\"@id\":\"https:\\\/\\\/www.visit-montenegro.com\\\/de\\\/reiseziele\\\/herceg-novi\\\/info\\\/geschichte\\\/#primaryimage\",\"url\":\"https:\\\/\\\/www.visit-montenegro.com\\\/wp-content\\\/uploads\\\/2026\\\/01\\\/herceg-novi-spanjola-scaled.jpg\",\"contentUrl\":\"https:\\\/\\\/www.visit-montenegro.com\\\/wp-content\\\/uploads\\\/2026\\\/01\\\/herceg-novi-spanjola-scaled.jpg\",\"width\":1600,\"height\":1064,\"caption\":\"Alte Befestigungen. Blick auf die Spanjola-Festung (spanische Festung), Stadt Herceg Novi, Montenegro\"},{\"@type\":\"BreadcrumbList\",\"@id\":\"https:\\\/\\\/www.visit-montenegro.com\\\/de\\\/reiseziele\\\/herceg-novi\\\/info\\\/geschichte\\\/#breadcrumb\",\"itemListElement\":[{\"@type\":\"ListItem\",\"position\":1,\"name\":\"Home\",\"item\":\"https:\\\/\\\/www.visit-montenegro.com\\\/de\\\/home\\\/\"},{\"@type\":\"ListItem\",\"position\":2,\"name\":\"Reiseziele in Montenegro\",\"item\":\"https:\\\/\\\/www.visit-montenegro.com\\\/de\\\/reiseziele\\\/\"},{\"@type\":\"ListItem\",\"position\":3,\"name\":\"Herceg Novi\",\"item\":\"https:\\\/\\\/www.visit-montenegro.com\\\/de\\\/reiseziele\\\/herceg-novi\\\/\"},{\"@type\":\"ListItem\",\"position\":4,\"name\":\"Mehr \u00fcber Herceg Novi\",\"item\":\"https:\\\/\\\/www.visit-montenegro.com\\\/de\\\/reiseziele\\\/herceg-novi\\\/info\\\/\"},{\"@type\":\"ListItem\",\"position\":5,\"name\":\"Die Geschichte von Herceg Novi\"}]},{\"@type\":\"WebSite\",\"@id\":\"https:\\\/\\\/www.visit-montenegro.com\\\/de\\\/#website\",\"url\":\"https:\\\/\\\/www.visit-montenegro.com\\\/de\\\/\",\"name\":\"Visit Montenegro\",\"description\":\"Breathtaking beauty\",\"publisher\":{\"@id\":\"https:\\\/\\\/www.visit-montenegro.com\\\/de\\\/#organization\"},\"potentialAction\":[{\"@type\":\"SearchAction\",\"target\":{\"@type\":\"EntryPoint\",\"urlTemplate\":\"https:\\\/\\\/www.visit-montenegro.com\\\/de\\\/?s={search_term_string}\"},\"query-input\":{\"@type\":\"PropertyValueSpecification\",\"valueRequired\":true,\"valueName\":\"search_term_string\"}}],\"inLanguage\":\"de\"},{\"@type\":\"Organization\",\"@id\":\"https:\\\/\\\/www.visit-montenegro.com\\\/de\\\/#organization\",\"name\":\"Visit Montenegro\",\"url\":\"https:\\\/\\\/www.visit-montenegro.com\\\/de\\\/\",\"logo\":{\"@type\":\"ImageObject\",\"inLanguage\":\"de\",\"@id\":\"https:\\\/\\\/www.visit-montenegro.com\\\/de\\\/#\\\/schema\\\/logo\\\/image\\\/\",\"url\":\"https:\\\/\\\/www.visit-montenegro.com\\\/wp-content\\\/uploads\\\/2017\\\/10\\\/logo-amp.png\",\"contentUrl\":\"https:\\\/\\\/www.visit-montenegro.com\\\/wp-content\\\/uploads\\\/2017\\\/10\\\/logo-amp.png\",\"width\":190,\"height\":36,\"caption\":\"Visit Montenegro\"},\"image\":{\"@id\":\"https:\\\/\\\/www.visit-montenegro.com\\\/de\\\/#\\\/schema\\\/logo\\\/image\\\/\"},\"sameAs\":[\"https:\\\/\\\/www.facebook.com\\\/visitmontenegro\",\"https:\\\/\\\/x.com\\\/visitmontenegro\",\"https:\\\/\\\/www.instagram.com\\\/visit_montenegro\\\/\",\"https:\\\/\\\/www.youtube.com\\\/user\\\/VisitMontenegro\"]}]}<\/script>\n<!-- \/ Yoast SEO plugin. -->","yoast_head_json":{"title":"Die Geschichte von Herceg Novi - Visit Montenegro","description":"Tauchen Sie ein in die 600-j\u00e4hrige Geschichte von Herceg Novi, von der Gr\u00fcndung durch den bosnischen K\u00f6nig Tvrtko I. bis zur Herrschaft der T\u00fcrken, Venezianer und mehr. Perfekt f\u00fcr Geschichtsinteressierte, die eine Reise nach Montenegro planen.","robots":{"index":"index","follow":"follow","max-snippet":"max-snippet:-1","max-image-preview":"max-image-preview:large","max-video-preview":"max-video-preview:-1"},"canonical":"https:\/\/www.visit-montenegro.com\/de\/reiseziele\/herceg-novi\/info\/geschichte\/","og_locale":"de_DE","og_type":"article","og_title":"Die Geschichte von Herceg Novi - Visit Montenegro","og_description":"Tauchen Sie ein in die 600-j\u00e4hrige Geschichte von Herceg Novi, von der Gr\u00fcndung durch den bosnischen K\u00f6nig Tvrtko I. bis zur Herrschaft der T\u00fcrken, Venezianer und mehr. Perfekt f\u00fcr Geschichtsinteressierte, die eine Reise nach Montenegro planen.","og_url":"https:\/\/www.visit-montenegro.com\/de\/reiseziele\/herceg-novi\/info\/geschichte\/","og_site_name":"Visit Montenegro","article_publisher":"https:\/\/www.facebook.com\/visitmontenegro","article_modified_time":"2026-02-22T16:05:18+00:00","og_image":[{"width":1600,"height":1064,"url":"https:\/\/www.visit-montenegro.com\/wp-content\/uploads\/2026\/01\/herceg-novi-spanjola-scaled.jpg","type":"image\/jpeg"}],"twitter_card":"summary_large_image","twitter_site":"@visitmontenegro","twitter_misc":{"Gesch\u00e4tzte Lesezeit":"3\u00a0Minuten"},"schema":{"@context":"https:\/\/schema.org","@graph":[{"@type":"WebPage","@id":"https:\/\/www.visit-montenegro.com\/de\/reiseziele\/herceg-novi\/info\/geschichte\/","url":"https:\/\/www.visit-montenegro.com\/de\/reiseziele\/herceg-novi\/info\/geschichte\/","name":"Die Geschichte von Herceg Novi - Visit Montenegro","isPartOf":{"@id":"https:\/\/www.visit-montenegro.com\/de\/#website"},"primaryImageOfPage":{"@id":"https:\/\/www.visit-montenegro.com\/de\/reiseziele\/herceg-novi\/info\/geschichte\/#primaryimage"},"image":{"@id":"https:\/\/www.visit-montenegro.com\/de\/reiseziele\/herceg-novi\/info\/geschichte\/#primaryimage"},"thumbnailUrl":"https:\/\/www.visit-montenegro.com\/wp-content\/uploads\/2026\/01\/herceg-novi-spanjola-scaled.jpg","datePublished":"2026-01-27T20:44:32+00:00","dateModified":"2026-02-22T16:05:18+00:00","description":"Tauchen Sie ein in die 600-j\u00e4hrige Geschichte von Herceg Novi, von der Gr\u00fcndung durch den bosnischen K\u00f6nig Tvrtko I. bis zur Herrschaft der T\u00fcrken, Venezianer und mehr. Perfekt f\u00fcr Geschichtsinteressierte, die eine Reise nach Montenegro planen.","breadcrumb":{"@id":"https:\/\/www.visit-montenegro.com\/de\/reiseziele\/herceg-novi\/info\/geschichte\/#breadcrumb"},"inLanguage":"de","potentialAction":[{"@type":"ReadAction","target":["https:\/\/www.visit-montenegro.com\/de\/reiseziele\/herceg-novi\/info\/geschichte\/"]}]},{"@type":"ImageObject","inLanguage":"de","@id":"https:\/\/www.visit-montenegro.com\/de\/reiseziele\/herceg-novi\/info\/geschichte\/#primaryimage","url":"https:\/\/www.visit-montenegro.com\/wp-content\/uploads\/2026\/01\/herceg-novi-spanjola-scaled.jpg","contentUrl":"https:\/\/www.visit-montenegro.com\/wp-content\/uploads\/2026\/01\/herceg-novi-spanjola-scaled.jpg","width":1600,"height":1064,"caption":"Alte Befestigungen. Blick auf die Spanjola-Festung (spanische Festung), Stadt Herceg Novi, Montenegro"},{"@type":"BreadcrumbList","@id":"https:\/\/www.visit-montenegro.com\/de\/reiseziele\/herceg-novi\/info\/geschichte\/#breadcrumb","itemListElement":[{"@type":"ListItem","position":1,"name":"Home","item":"https:\/\/www.visit-montenegro.com\/de\/home\/"},{"@type":"ListItem","position":2,"name":"Reiseziele in Montenegro","item":"https:\/\/www.visit-montenegro.com\/de\/reiseziele\/"},{"@type":"ListItem","position":3,"name":"Herceg Novi","item":"https:\/\/www.visit-montenegro.com\/de\/reiseziele\/herceg-novi\/"},{"@type":"ListItem","position":4,"name":"Mehr \u00fcber Herceg Novi","item":"https:\/\/www.visit-montenegro.com\/de\/reiseziele\/herceg-novi\/info\/"},{"@type":"ListItem","position":5,"name":"Die Geschichte von Herceg Novi"}]},{"@type":"WebSite","@id":"https:\/\/www.visit-montenegro.com\/de\/#website","url":"https:\/\/www.visit-montenegro.com\/de\/","name":"Visit Montenegro","description":"Breathtaking beauty","publisher":{"@id":"https:\/\/www.visit-montenegro.com\/de\/#organization"},"potentialAction":[{"@type":"SearchAction","target":{"@type":"EntryPoint","urlTemplate":"https:\/\/www.visit-montenegro.com\/de\/?s={search_term_string}"},"query-input":{"@type":"PropertyValueSpecification","valueRequired":true,"valueName":"search_term_string"}}],"inLanguage":"de"},{"@type":"Organization","@id":"https:\/\/www.visit-montenegro.com\/de\/#organization","name":"Visit Montenegro","url":"https:\/\/www.visit-montenegro.com\/de\/","logo":{"@type":"ImageObject","inLanguage":"de","@id":"https:\/\/www.visit-montenegro.com\/de\/#\/schema\/logo\/image\/","url":"https:\/\/www.visit-montenegro.com\/wp-content\/uploads\/2017\/10\/logo-amp.png","contentUrl":"https:\/\/www.visit-montenegro.com\/wp-content\/uploads\/2017\/10\/logo-amp.png","width":190,"height":36,"caption":"Visit Montenegro"},"image":{"@id":"https:\/\/www.visit-montenegro.com\/de\/#\/schema\/logo\/image\/"},"sameAs":["https:\/\/www.facebook.com\/visitmontenegro","https:\/\/x.com\/visitmontenegro","https:\/\/www.instagram.com\/visit_montenegro\/","https:\/\/www.youtube.com\/user\/VisitMontenegro"]}]}},"translations":[],"_links":{"self":[{"href":"https:\/\/www.visit-montenegro.com\/de\/wp-json\/wp\/v2\/pages\/134880","targetHints":{"allow":["GET"]}}],"collection":[{"href":"https:\/\/www.visit-montenegro.com\/de\/wp-json\/wp\/v2\/pages"}],"about":[{"href":"https:\/\/www.visit-montenegro.com\/de\/wp-json\/wp\/v2\/types\/page"}],"author":[{"embeddable":true,"href":"https:\/\/www.visit-montenegro.com\/de\/wp-json\/wp\/v2\/users\/1"}],"replies":[{"embeddable":true,"href":"https:\/\/www.visit-montenegro.com\/de\/wp-json\/wp\/v2\/comments?post=134880"}],"version-history":[{"count":0,"href":"https:\/\/www.visit-montenegro.com\/de\/wp-json\/wp\/v2\/pages\/134880\/revisions"}],"up":[{"embeddable":true,"href":"https:\/\/www.visit-montenegro.com\/de\/wp-json\/wp\/v2\/pages\/134870"}],"wp:featuredmedia":[{"embeddable":true,"href":"https:\/\/www.visit-montenegro.com\/de\/wp-json\/wp\/v2\/media\/134881"}],"wp:attachment":[{"href":"https:\/\/www.visit-montenegro.com\/de\/wp-json\/wp\/v2\/media?parent=134880"}],"wp:term":[{"taxonomy":"post_tag","embeddable":true,"href":"https:\/\/www.visit-montenegro.com\/de\/wp-json\/wp\/v2\/tags?post=134880"}],"curies":[{"name":"wp","href":"https:\/\/api.w.org\/{rel}","templated":true}]}}