{"id":134899,"date":"2026-01-27T21:44:32","date_gmt":"2026-01-27T20:44:32","guid":{"rendered":"https:\/\/new.visit-montenegro.com\/ziele\/herceg-novi\/info\/einkaufen\/"},"modified":"2026-02-22T17:09:04","modified_gmt":"2026-02-22T16:09:04","slug":"einkaufen","status":"publish","type":"page","link":"https:\/\/www.visit-montenegro.com\/de\/reiseziele\/herceg-novi\/info\/einkaufen\/","title":{"rendered":"Einkaufen in Herceg Novi"},"content":{"rendered":"\n<p>Herceg Novi bietet ein vielf\u00e4ltiges Einkaufserlebnis mit Boutiquen, Gesch\u00e4ften und Mini-Zentren, die haupts\u00e4chlich im Stadtzentrum liegen und sowohl moderne Modebed\u00fcrfnisse als auch Souvenirsucher bedienen.<\/p>\n\n<hr class=\"wp-block-separator has-alpha-channel-opacity\"\/>\n\n<h2 class=\"wp-block-heading\">Mode und Kleidung in Herceg Novi<\/h2>\n\n<p>Alles, was f\u00fcr ein gutes und modernes Aussehen notwendig ist, bieten die <strong>Einkaufsm\u00f6glichkeiten in Herceg Novi<\/strong>. Dabei handelt es sich meist um Boutiquen, Gesch\u00e4fte und Mini-Einkaufszentren, die \u00fcberwiegend im Zentrum von Herceg Novi liegen. Sommerkleidungsst\u00fccke in allen Farben, Mustern und Gr\u00f6\u00dfen k\u00f6nnen in den Verkaufsstellen in der Stadt und au\u00dferhalb erworben werden. F\u00fcr diejenigen, f\u00fcr die Finanzen kein Hindernis beim Kauf von Markenkleidung darstellen, werden in erster Linie Modelle italienischer Modedesigner angeboten, aber auch von allen anderen weltweit oder europ\u00e4isch bekannten Designern. Folglich haben die H\u00e4ndler aus Herceg Novi angemessen daf\u00fcr gesorgt, die feinen weiblichen, m\u00e4nnlichen und kindlichen Geschm\u00e4cker f\u00fcr Kleidungsst\u00fccke und Schuhe zu befriedigen.<\/p>\n\n<p>In Herceg Novi gibt es auch Verkaufsstellen, die eine moderne Garderobe zu etwas g\u00fcnstigeren Preisen anbieten. Mit ein wenig Fantasie und Kombinationsgeschick k\u00f6nnen Sie sich also sch\u00f6n kleiden und anst\u00e4ndig aussehen, auch wenn Sie nicht viel Geld f\u00fcr die Garderobe ausgeben m\u00f6chten. Dar\u00fcber hinaus gibt es f\u00fcr G\u00e4ste, die die Stadt durch den Kauf von Kleinigkeiten erkunden m\u00f6chten, die sie am besten an den Sommerurlaub in Herceg Novi erinnern, zahlreiche Souvenirl\u00e4den, Juweliergesch\u00e4fte, Galerien usw.<\/p>\n\n<h2 class=\"wp-block-heading\">Erreichbarkeit und Vielfalt in ganz Herceg Novi<\/h2>\n\n<p>Egal, ob Sie sich im Herzen von Herceg Novi aufhalten oder in den umliegenden Orten wie Zelenika, Bijela, <a href=\"https:\/\/www.visit-montenegro.com\/de\/reiseziele\/herceg-novi\/sehenswuerdigkeiten\/igalo\/\">Igalo<\/a>, Kumbor usw. untergebracht sind, Sie k\u00f6nnen leicht verschiedene Boutiquen und Gesch\u00e4fte f\u00fcr Kleidung finden, aber auch Fotogesch\u00e4fte, Juweliergesch\u00e4fte, Buchhandlungen, Wochenm\u00e4rkte, Minim\u00e4rkte usw. Tats\u00e4chlich bietet <strong>Einkaufen in Herceg Novi<\/strong> einen bequemen Zugang zu einer breiten Palette von Einzelhandelsoptionen in der gesamten Region.<\/p>\n","protected":false},"excerpt":{"rendered":"<p>Entdecken Sie die lebendige Einkaufsszene in Herceg Novi, von hochwertigen Boutiquen bis zu g\u00fcnstigen Funden und einzigartigen Souvenirs. Dieser Leitfaden deckt alles von Mode bis zu lokalen M\u00e4rkten ab und macht es einfach, Ihre Einkaufserfahrung in dieser sch\u00f6nen K\u00fcstenstadt zu erkunden und zu genie\u00dfen.<\/p>\n","protected":false},"author":1,"featured_media":134057,"parent":134870,"menu_order":0,"comment_status":"closed","ping_status":"closed","template":"","meta":{"_yoast_wpseo_focuskw":"Einkaufen in Herceg Novi","_yoast_wpseo_metadesc":"Entdecken Sie das Einkaufen in Herceg Novi: Boutiquen, Souvenirs und M\u00e4rkte. Finden Sie Mode, Geschenke und mehr in dieser lebendigen K\u00fcstenstadt. Planen Sie heute Ihren perfekten Einkaufsausflug!","_kad_post_transparent":"","_kad_post_title":"","_kad_post_layout":"","_kad_post_sidebar_id":"","_kad_post_content_style":"","_kad_post_vertical_padding":"","_kad_post_feature":"","_kad_post_feature_position":"","_kad_post_header":false,"_kad_post_footer":false,"_kad_post_classname":"","iawp_total_views":12,"footnotes":""},"tags":[],"class_list":["post-134899","page","type-page","status-publish","has-post-thumbnail","hentry"],"yoast_head":"<!-- This site is optimized with the Yoast SEO plugin v27.3 - https:\/\/yoast.com\/product\/yoast-seo-wordpress\/ -->\n<title>Einkaufen in Herceg Novi - Visit Montenegro<\/title>\n<meta name=\"description\" content=\"Entdecken Sie das Einkaufen in Herceg Novi: Boutiquen, Souvenirs und M\u00e4rkte. Finden Sie Mode, Geschenke und mehr in dieser lebendigen K\u00fcstenstadt. Planen Sie heute Ihren perfekten Einkaufsausflug!\" \/>\n<meta name=\"robots\" content=\"index, follow, max-snippet:-1, max-image-preview:large, max-video-preview:-1\" \/>\n<link rel=\"canonical\" href=\"https:\/\/www.visit-montenegro.com\/de\/reiseziele\/herceg-novi\/info\/einkaufen\/\" \/>\n<meta property=\"og:locale\" content=\"de_DE\" \/>\n<meta property=\"og:type\" content=\"article\" \/>\n<meta property=\"og:title\" content=\"Einkaufen in Herceg Novi - Visit Montenegro\" \/>\n<meta property=\"og:description\" content=\"Entdecken Sie das Einkaufen in Herceg Novi: Boutiquen, Souvenirs und M\u00e4rkte. Finden Sie Mode, Geschenke und mehr in dieser lebendigen K\u00fcstenstadt. Planen Sie heute Ihren perfekten Einkaufsausflug!\" \/>\n<meta property=\"og:url\" content=\"https:\/\/www.visit-montenegro.com\/de\/reiseziele\/herceg-novi\/info\/einkaufen\/\" \/>\n<meta property=\"og:site_name\" content=\"Visit Montenegro\" \/>\n<meta property=\"article:publisher\" content=\"https:\/\/www.facebook.com\/visitmontenegro\" \/>\n<meta property=\"article:modified_time\" content=\"2026-02-22T16:09:04+00:00\" \/>\n<meta property=\"og:image\" content=\"https:\/\/www.visit-montenegro.com\/wp-content\/uploads\/2026\/02\/Depositphotos_153048182_XL-scaled.jpg\" \/>\n\t<meta property=\"og:image:width\" content=\"1600\" \/>\n\t<meta property=\"og:image:height\" content=\"1067\" \/>\n\t<meta property=\"og:image:type\" content=\"image\/jpeg\" \/>\n<meta name=\"twitter:card\" content=\"summary_large_image\" \/>\n<meta name=\"twitter:site\" content=\"@visitmontenegro\" \/>\n<meta name=\"twitter:label1\" content=\"Gesch\u00e4tzte Lesezeit\" \/>\n\t<meta name=\"twitter:data1\" content=\"2\u00a0Minuten\" \/>\n<script type=\"application\/ld+json\" class=\"yoast-schema-graph\">{\"@context\":\"https:\\\/\\\/schema.org\",\"@graph\":[{\"@type\":\"WebPage\",\"@id\":\"https:\\\/\\\/www.visit-montenegro.com\\\/de\\\/reiseziele\\\/herceg-novi\\\/info\\\/einkaufen\\\/\",\"url\":\"https:\\\/\\\/www.visit-montenegro.com\\\/de\\\/reiseziele\\\/herceg-novi\\\/info\\\/einkaufen\\\/\",\"name\":\"Einkaufen in Herceg Novi - Visit Montenegro\",\"isPartOf\":{\"@id\":\"https:\\\/\\\/www.visit-montenegro.com\\\/de\\\/#website\"},\"primaryImageOfPage\":{\"@id\":\"https:\\\/\\\/www.visit-montenegro.com\\\/de\\\/reiseziele\\\/herceg-novi\\\/info\\\/einkaufen\\\/#primaryimage\"},\"image\":{\"@id\":\"https:\\\/\\\/www.visit-montenegro.com\\\/de\\\/reiseziele\\\/herceg-novi\\\/info\\\/einkaufen\\\/#primaryimage\"},\"thumbnailUrl\":\"https:\\\/\\\/www.visit-montenegro.com\\\/wp-content\\\/uploads\\\/2026\\\/02\\\/Depositphotos_153048182_XL-scaled.jpg\",\"datePublished\":\"2026-01-27T20:44:32+00:00\",\"dateModified\":\"2026-02-22T16:09:04+00:00\",\"description\":\"Entdecken Sie das Einkaufen in Herceg Novi: Boutiquen, Souvenirs und M\u00e4rkte. Finden Sie Mode, Geschenke und mehr in dieser lebendigen K\u00fcstenstadt. Planen Sie heute Ihren perfekten Einkaufsausflug!\",\"breadcrumb\":{\"@id\":\"https:\\\/\\\/www.visit-montenegro.com\\\/de\\\/reiseziele\\\/herceg-novi\\\/info\\\/einkaufen\\\/#breadcrumb\"},\"inLanguage\":\"de\",\"potentialAction\":[{\"@type\":\"ReadAction\",\"target\":[\"https:\\\/\\\/www.visit-montenegro.com\\\/de\\\/reiseziele\\\/herceg-novi\\\/info\\\/einkaufen\\\/\"]}]},{\"@type\":\"ImageObject\",\"inLanguage\":\"de\",\"@id\":\"https:\\\/\\\/www.visit-montenegro.com\\\/de\\\/reiseziele\\\/herceg-novi\\\/info\\\/einkaufen\\\/#primaryimage\",\"url\":\"https:\\\/\\\/www.visit-montenegro.com\\\/wp-content\\\/uploads\\\/2026\\\/02\\\/Depositphotos_153048182_XL-scaled.jpg\",\"contentUrl\":\"https:\\\/\\\/www.visit-montenegro.com\\\/wp-content\\\/uploads\\\/2026\\\/02\\\/Depositphotos_153048182_XL-scaled.jpg\",\"width\":1600,\"height\":1067},{\"@type\":\"BreadcrumbList\",\"@id\":\"https:\\\/\\\/www.visit-montenegro.com\\\/de\\\/reiseziele\\\/herceg-novi\\\/info\\\/einkaufen\\\/#breadcrumb\",\"itemListElement\":[{\"@type\":\"ListItem\",\"position\":1,\"name\":\"Home\",\"item\":\"https:\\\/\\\/www.visit-montenegro.com\\\/de\\\/home\\\/\"},{\"@type\":\"ListItem\",\"position\":2,\"name\":\"Reiseziele in Montenegro\",\"item\":\"https:\\\/\\\/www.visit-montenegro.com\\\/de\\\/reiseziele\\\/\"},{\"@type\":\"ListItem\",\"position\":3,\"name\":\"Herceg Novi\",\"item\":\"https:\\\/\\\/www.visit-montenegro.com\\\/de\\\/reiseziele\\\/herceg-novi\\\/\"},{\"@type\":\"ListItem\",\"position\":4,\"name\":\"Mehr \u00fcber Herceg Novi\",\"item\":\"https:\\\/\\\/www.visit-montenegro.com\\\/de\\\/reiseziele\\\/herceg-novi\\\/info\\\/\"},{\"@type\":\"ListItem\",\"position\":5,\"name\":\"Einkaufen in Herceg Novi\"}]},{\"@type\":\"WebSite\",\"@id\":\"https:\\\/\\\/www.visit-montenegro.com\\\/de\\\/#website\",\"url\":\"https:\\\/\\\/www.visit-montenegro.com\\\/de\\\/\",\"name\":\"Visit Montenegro\",\"description\":\"Breathtaking beauty\",\"publisher\":{\"@id\":\"https:\\\/\\\/www.visit-montenegro.com\\\/de\\\/#organization\"},\"potentialAction\":[{\"@type\":\"SearchAction\",\"target\":{\"@type\":\"EntryPoint\",\"urlTemplate\":\"https:\\\/\\\/www.visit-montenegro.com\\\/de\\\/?s={search_term_string}\"},\"query-input\":{\"@type\":\"PropertyValueSpecification\",\"valueRequired\":true,\"valueName\":\"search_term_string\"}}],\"inLanguage\":\"de\"},{\"@type\":\"Organization\",\"@id\":\"https:\\\/\\\/www.visit-montenegro.com\\\/de\\\/#organization\",\"name\":\"Visit Montenegro\",\"url\":\"https:\\\/\\\/www.visit-montenegro.com\\\/de\\\/\",\"logo\":{\"@type\":\"ImageObject\",\"inLanguage\":\"de\",\"@id\":\"https:\\\/\\\/www.visit-montenegro.com\\\/de\\\/#\\\/schema\\\/logo\\\/image\\\/\",\"url\":\"https:\\\/\\\/www.visit-montenegro.com\\\/wp-content\\\/uploads\\\/2017\\\/10\\\/logo-amp.png\",\"contentUrl\":\"https:\\\/\\\/www.visit-montenegro.com\\\/wp-content\\\/uploads\\\/2017\\\/10\\\/logo-amp.png\",\"width\":190,\"height\":36,\"caption\":\"Visit Montenegro\"},\"image\":{\"@id\":\"https:\\\/\\\/www.visit-montenegro.com\\\/de\\\/#\\\/schema\\\/logo\\\/image\\\/\"},\"sameAs\":[\"https:\\\/\\\/www.facebook.com\\\/visitmontenegro\",\"https:\\\/\\\/x.com\\\/visitmontenegro\",\"https:\\\/\\\/www.instagram.com\\\/visit_montenegro\\\/\",\"https:\\\/\\\/www.youtube.com\\\/user\\\/VisitMontenegro\"]}]}<\/script>\n<!-- \/ Yoast SEO plugin. -->","yoast_head_json":{"title":"Einkaufen in Herceg Novi - Visit Montenegro","description":"Entdecken Sie das Einkaufen in Herceg Novi: Boutiquen, Souvenirs und M\u00e4rkte. Finden Sie Mode, Geschenke und mehr in dieser lebendigen K\u00fcstenstadt. Planen Sie heute Ihren perfekten Einkaufsausflug!","robots":{"index":"index","follow":"follow","max-snippet":"max-snippet:-1","max-image-preview":"max-image-preview:large","max-video-preview":"max-video-preview:-1"},"canonical":"https:\/\/www.visit-montenegro.com\/de\/reiseziele\/herceg-novi\/info\/einkaufen\/","og_locale":"de_DE","og_type":"article","og_title":"Einkaufen in Herceg Novi - Visit Montenegro","og_description":"Entdecken Sie das Einkaufen in Herceg Novi: Boutiquen, Souvenirs und M\u00e4rkte. Finden Sie Mode, Geschenke und mehr in dieser lebendigen K\u00fcstenstadt. Planen Sie heute Ihren perfekten Einkaufsausflug!","og_url":"https:\/\/www.visit-montenegro.com\/de\/reiseziele\/herceg-novi\/info\/einkaufen\/","og_site_name":"Visit Montenegro","article_publisher":"https:\/\/www.facebook.com\/visitmontenegro","article_modified_time":"2026-02-22T16:09:04+00:00","og_image":[{"width":1600,"height":1067,"url":"https:\/\/www.visit-montenegro.com\/wp-content\/uploads\/2026\/02\/Depositphotos_153048182_XL-scaled.jpg","type":"image\/jpeg"}],"twitter_card":"summary_large_image","twitter_site":"@visitmontenegro","twitter_misc":{"Gesch\u00e4tzte Lesezeit":"2\u00a0Minuten"},"schema":{"@context":"https:\/\/schema.org","@graph":[{"@type":"WebPage","@id":"https:\/\/www.visit-montenegro.com\/de\/reiseziele\/herceg-novi\/info\/einkaufen\/","url":"https:\/\/www.visit-montenegro.com\/de\/reiseziele\/herceg-novi\/info\/einkaufen\/","name":"Einkaufen in Herceg Novi - Visit Montenegro","isPartOf":{"@id":"https:\/\/www.visit-montenegro.com\/de\/#website"},"primaryImageOfPage":{"@id":"https:\/\/www.visit-montenegro.com\/de\/reiseziele\/herceg-novi\/info\/einkaufen\/#primaryimage"},"image":{"@id":"https:\/\/www.visit-montenegro.com\/de\/reiseziele\/herceg-novi\/info\/einkaufen\/#primaryimage"},"thumbnailUrl":"https:\/\/www.visit-montenegro.com\/wp-content\/uploads\/2026\/02\/Depositphotos_153048182_XL-scaled.jpg","datePublished":"2026-01-27T20:44:32+00:00","dateModified":"2026-02-22T16:09:04+00:00","description":"Entdecken Sie das Einkaufen in Herceg Novi: Boutiquen, Souvenirs und M\u00e4rkte. Finden Sie Mode, Geschenke und mehr in dieser lebendigen K\u00fcstenstadt. Planen Sie heute Ihren perfekten Einkaufsausflug!","breadcrumb":{"@id":"https:\/\/www.visit-montenegro.com\/de\/reiseziele\/herceg-novi\/info\/einkaufen\/#breadcrumb"},"inLanguage":"de","potentialAction":[{"@type":"ReadAction","target":["https:\/\/www.visit-montenegro.com\/de\/reiseziele\/herceg-novi\/info\/einkaufen\/"]}]},{"@type":"ImageObject","inLanguage":"de","@id":"https:\/\/www.visit-montenegro.com\/de\/reiseziele\/herceg-novi\/info\/einkaufen\/#primaryimage","url":"https:\/\/www.visit-montenegro.com\/wp-content\/uploads\/2026\/02\/Depositphotos_153048182_XL-scaled.jpg","contentUrl":"https:\/\/www.visit-montenegro.com\/wp-content\/uploads\/2026\/02\/Depositphotos_153048182_XL-scaled.jpg","width":1600,"height":1067},{"@type":"BreadcrumbList","@id":"https:\/\/www.visit-montenegro.com\/de\/reiseziele\/herceg-novi\/info\/einkaufen\/#breadcrumb","itemListElement":[{"@type":"ListItem","position":1,"name":"Home","item":"https:\/\/www.visit-montenegro.com\/de\/home\/"},{"@type":"ListItem","position":2,"name":"Reiseziele in Montenegro","item":"https:\/\/www.visit-montenegro.com\/de\/reiseziele\/"},{"@type":"ListItem","position":3,"name":"Herceg Novi","item":"https:\/\/www.visit-montenegro.com\/de\/reiseziele\/herceg-novi\/"},{"@type":"ListItem","position":4,"name":"Mehr \u00fcber Herceg Novi","item":"https:\/\/www.visit-montenegro.com\/de\/reiseziele\/herceg-novi\/info\/"},{"@type":"ListItem","position":5,"name":"Einkaufen in Herceg Novi"}]},{"@type":"WebSite","@id":"https:\/\/www.visit-montenegro.com\/de\/#website","url":"https:\/\/www.visit-montenegro.com\/de\/","name":"Visit Montenegro","description":"Breathtaking beauty","publisher":{"@id":"https:\/\/www.visit-montenegro.com\/de\/#organization"},"potentialAction":[{"@type":"SearchAction","target":{"@type":"EntryPoint","urlTemplate":"https:\/\/www.visit-montenegro.com\/de\/?s={search_term_string}"},"query-input":{"@type":"PropertyValueSpecification","valueRequired":true,"valueName":"search_term_string"}}],"inLanguage":"de"},{"@type":"Organization","@id":"https:\/\/www.visit-montenegro.com\/de\/#organization","name":"Visit Montenegro","url":"https:\/\/www.visit-montenegro.com\/de\/","logo":{"@type":"ImageObject","inLanguage":"de","@id":"https:\/\/www.visit-montenegro.com\/de\/#\/schema\/logo\/image\/","url":"https:\/\/www.visit-montenegro.com\/wp-content\/uploads\/2017\/10\/logo-amp.png","contentUrl":"https:\/\/www.visit-montenegro.com\/wp-content\/uploads\/2017\/10\/logo-amp.png","width":190,"height":36,"caption":"Visit Montenegro"},"image":{"@id":"https:\/\/www.visit-montenegro.com\/de\/#\/schema\/logo\/image\/"},"sameAs":["https:\/\/www.facebook.com\/visitmontenegro","https:\/\/x.com\/visitmontenegro","https:\/\/www.instagram.com\/visit_montenegro\/","https:\/\/www.youtube.com\/user\/VisitMontenegro"]}]}},"translations":[],"_links":{"self":[{"href":"https:\/\/www.visit-montenegro.com\/de\/wp-json\/wp\/v2\/pages\/134899","targetHints":{"allow":["GET"]}}],"collection":[{"href":"https:\/\/www.visit-montenegro.com\/de\/wp-json\/wp\/v2\/pages"}],"about":[{"href":"https:\/\/www.visit-montenegro.com\/de\/wp-json\/wp\/v2\/types\/page"}],"author":[{"embeddable":true,"href":"https:\/\/www.visit-montenegro.com\/de\/wp-json\/wp\/v2\/users\/1"}],"replies":[{"embeddable":true,"href":"https:\/\/www.visit-montenegro.com\/de\/wp-json\/wp\/v2\/comments?post=134899"}],"version-history":[{"count":0,"href":"https:\/\/www.visit-montenegro.com\/de\/wp-json\/wp\/v2\/pages\/134899\/revisions"}],"up":[{"embeddable":true,"href":"https:\/\/www.visit-montenegro.com\/de\/wp-json\/wp\/v2\/pages\/134870"}],"wp:featuredmedia":[{"embeddable":true,"href":"https:\/\/www.visit-montenegro.com\/de\/wp-json\/wp\/v2\/media\/134057"}],"wp:attachment":[{"href":"https:\/\/www.visit-montenegro.com\/de\/wp-json\/wp\/v2\/media?parent=134899"}],"wp:term":[{"taxonomy":"post_tag","embeddable":true,"href":"https:\/\/www.visit-montenegro.com\/de\/wp-json\/wp\/v2\/tags?post=134899"}],"curies":[{"name":"wp","href":"https:\/\/api.w.org\/{rel}","templated":true}]}}