{"id":134903,"date":"2026-01-27T21:44:32","date_gmt":"2026-01-27T20:44:32","guid":{"rendered":"https:\/\/new.visit-montenegro.com\/ziele\/herceg-novi\/info\/straende\/"},"modified":"2026-02-22T17:09:04","modified_gmt":"2026-02-22T16:09:04","slug":"straende","status":"publish","type":"page","link":"https:\/\/www.visit-montenegro.com\/de\/reiseziele\/herceg-novi\/info\/straende\/","title":{"rendered":"Herceg Novi Str\u00e4nde"},"content":{"rendered":"\n<p>Die Herceg Novi Str\u00e4nde in Montenegro bieten eine atemberaubende 25 km lange K\u00fcste mit 62 registrierten Optionen, von Sandstr\u00e4nden bis zu modernen Einrichtungen, ideal f\u00fcr eine vielf\u00e4ltige und lange Badesaison.<\/p>\n\n<hr class=\"wp-block-separator has-alpha-channel-opacity\"\/>\n\n<h2 class=\"wp-block-heading\">Historische und klimatische Grundlagen des Tourismus in Herceg Novi<\/h2>\n\n<p>Die Anf\u00e4nge des Tourismus in Herceg Novi sind mit dem 19. Jahrhundert verbunden. Damals werden die Taverne von Sjora Roza und das Caf\u00e9 \u201eBella Vista\u201c erw\u00e4hnt. Dennoch gilt der ungarische Adlige Antal Magyar aus Budapest als Vorl\u00e4ufer des modernen Hotelwesens an der montenegrinischen K\u00fcste, der 1902 ein \u201ePension am gr\u00fcnen Strand\u201c in Zelenika baute, das sp\u00e4ter zum Hotel \u201ePlaza\u201c (STRAND) \u2013 Zelenika wurde.<\/p>\n\n<p>Wie in allen anderen St\u00e4dten an der K\u00fcste hat auch <strong>Herceg Novi<\/strong> ein mildes mediterranes Klima mit trockenen, warmen Sommern und milden Wintern. In den Sommermonaten (Juli und August) hat die Stadt etwa 10,7 Sonnenstunden pro Tag. Die Meerestemperatur in <strong>Herceg Novi<\/strong> betr\u00e4gt im Sommer 22\u201326\u00b0C, und bei etwa der gleichen t\u00e4glichen Lufttemperatur erm\u00f6glicht dies eine Badesaison von bis zu 5 Monaten.<\/p>\n\n<h2 class=\"wp-block-heading\">\u00dcberblick \u00fcber die Herceg Novi Str\u00e4nde und Riviera<\/h2>\n\n<p>Heute erstreckt sich die <strong>Herceg Novi<\/strong> Riviera \u00fcber 25 km und umfasst 7 Orte, jeder mit einzigartigen Merkmalen. Wir nennen Ihnen einige der Orte: Meljine, Bijela, Djenovici, Kumbor, Zelenika\u2026 <strong>Herceg Novi<\/strong> hat sehr sch\u00f6n angelegte Str\u00e4nde. 62 davon (registriert) erstrecken sich von Njivice bis zum Kap Macak (KATZE) auf der Halbinsel Lustica. Neben den attraktiven nat\u00fcrlichen Str\u00e4nden verf\u00fcgt <strong>Herceg Novi<\/strong> in den letzten Jahren \u00fcber moderne Badepl\u00e4tze, die sich neben Hotels oder Picknickpl\u00e4tzen befinden.<\/p>\n\n<p>Wir erw\u00e4hnen einige der <strong>Herceg Novi Str\u00e4nde<\/strong>:<\/p>\n\n<h3 class=\"wp-block-heading\">Bemerkenswerte \u00f6ffentliche und Sandstr\u00e4nde<\/h3>\n\n<p>Der <strong>Njivice Strand<\/strong> ist ein \u00f6ffentlicher Strand im gleichnamigen Ort, 4 km von <strong>Herceg Novi<\/strong> entfernt. Er kombiniert felsige, sandige und betonierte Bereiche. Die Einheimischen nennen ihn auch Kraljicina plaza (K\u00d6NIGINNENSTRAND).<\/p>\n\n<p>In Sutorina, mehrere Kilometer westlich von <strong>Herceg Novi<\/strong>, liegt der gr\u00f6\u00dfte \u00f6ffentliche Strand der <strong>Herceg Novi<\/strong> Riviera: Blatna plaza (SCHLAMMSTRAND), mit einer Fl\u00e4che von 9.000 m\u00b2. Er ist reich an sehr heilsamem Sand und Schlamm.<\/p>\n\n<p>Der Strand des Rehabilitationszentrums <a href=\"https:\/\/www.visit-montenegro.com\/de\/reiseziele\/herceg-novi\/sehenswuerdigkeiten\/igalo\/\">Igalo<\/a> ist ebenfalls \u00f6ffentlich, aber gepflastert. Dann haben wir einen weiteren gepflasterten Strand, den Strand des Hotels \u201eIgalo\u201c. Dennoch ist der attraktivste \u00f6ffentliche Sandstrand \u201eRaffaelo\u201c unter dem gleichnamigen Touristenkomplex. Laut zahlreichen Umfragen unter Touristen ist der Strand \u201eRaffaelo\u201c die Nummer 1.<\/p>\n\n<p>Wie alle anderen \u00f6ffentlichen Str\u00e4nde ist \u201eMilasinovica plaza\u201c (STRAND DER FAMILIE MILOSINOVIC) w\u00e4hrend der gesamten Saison f\u00fcr Touristen und B\u00fcrger ge\u00f6ffnet. Er befindet sich in Topla. Es gibt auch andere sehr attraktive Str\u00e4nde wie \u201eMontenegrina\u201c (FRAU AUS MONTENEGRO) oder Str\u00e4nde in der N\u00e4he des Tunnels. Im Stadthafen gibt es den Strand \u201eBijela vila\u201c (WEI\u00dfE FEE), heute ein \u00f6ffentlicher Strand, der fr\u00fcher das Hauptbad in <strong>Herceg Novi<\/strong> war. In der N\u00e4he dieses Strandes befindet sich auch der Strand \u201eZalo\u201c (WELLE), mit mittelkleinem Sand und Kies, und der \u00f6ffentliche Sandstrand \u201eCorovica plaza\u201c (STRAND DER FAMILIE COROVIC).<\/p>\n\n<h3 class=\"wp-block-heading\">Hotel- und moderne Strandoptionen<\/h3>\n\n<p>Der Strand des Hotels \u201ePerla\u201c, in der N\u00e4he des Stadtzentrums gelegen, kombiniert Beton und Sand, ideal f\u00fcr Touristen mit anspruchsvollerem Geschmack. Sehr attraktiv und mit gleicher Bodenstruktur ist der Strand \u201eAzzuro\u201c, ein Hotel- aber auch \u00f6ffentlicher Strand in Bijela, 13 km von <strong>Herceg Novi<\/strong> entfernt.<\/p>\n\n<p>In den letzten Jahren sind die Str\u00e4nde \u201eZanjice\u201c und \u201eMirista\u201c, Teil der gleichnamigen Picknickpl\u00e4tze, touristisch interessant. Zanjice ist der beliebteste Picknickplatz der <strong>Herceg Novi<\/strong> Riviera. Der Strand dort ist \u00f6ffentlich, besteht aus Kies, Beton und Sand. Sehr interessant ist auch der Strand in der Bucht Miriste, der aus Beton und Sand besteht.<\/p>\n\n<p>Interessant wegen seines Namens ist der Strand \u201eFenix Montenegro\u201c in Meljine, 3 km von <strong>Herceg Novi<\/strong> entfernt. Es handelt sich um einen kombinierten Beton-Sandstrand.<\/p>\n\n<p>Die G\u00e4ste von <strong>Herceg Novi<\/strong>, und haupts\u00e4chlich Ausfl\u00fcgler, besuchen gerne den Sandstrand \u201eDobrec\u201c auf der Halbinsel Lustica, der eine blaue Flagge tr\u00e4gt, mit einer Gesamtfl\u00e4che von 600 m\u00b2. Alle genannten Str\u00e4nde haben meist vollst\u00e4ndige Strandausstattung: Liegest\u00fchle, Sonnenschirme, Duschen, Wasser, Strom\u2026 Eine gro\u00dfe Anzahl von Str\u00e4nden bietet zus\u00e4tzliche Dienstleistungen wie Caf\u00e9-Bars, Restaurants, eigene Parkpl\u00e4tze oder andere Services.<\/p>\n\n<h2 class=\"wp-block-heading\">Moderne Badeeinrichtungen und Besuchertipps<\/h2>\n\n<p>Wenn man \u00fcber die Strand- und Badekapazit\u00e4ten von <strong>Herceg Novi<\/strong> spricht, muss man unweigerlich erw\u00e4hnen, dass Touristen in letzter Zeit an zwei aktuellen Badepl\u00e4tzen interessiert sind. In der N\u00e4he des Stadthafens befindet sich der Badeplatz \u201eYachting club\u201c. Er ist f\u00fcr alle Touristen und B\u00fcrger ge\u00f6ffnet, besteht aus Beton und Sand und bietet einen vollst\u00e4ndigen Service. Als Teil des Badeplatzes gibt es ein Restaurant und eine Pizzeria. Wenn Sie ein Fan von Aktivit\u00e4ten auf dem Meer sind, bietet der \u201eYachting club\u201c die Vermietung von Motorrollern, Tauchunterricht, Fahrradverleih usw. an.<\/p>\n\n<p>Ein Teil des Hotels \u201ePlaza\u201c in <strong>Herceg Novi<\/strong> ist ein vollst\u00e4ndig eingerichteter Badeplatz mit einer Fl\u00e4che von 3.600 m\u00b2, und als Teil des Strandes gibt es eine Strandbar. Wenn Sie sich entscheiden, Ihren Urlaub in <strong>Herceg Novi<\/strong> zu verbringen, ist es am besten, von Tag zu Tag dar\u00fcber nachzudenken, welchen neuen Strand Sie besuchen m\u00f6chten, da es 62 registrierte Str\u00e4nde gibt. Wenn Sie die <strong>Herceg Novi Str\u00e4nde<\/strong> schnell erreichen m\u00f6chten, k\u00f6nnen Sie zwischen der Anmietung von Taxibooten, gr\u00f6\u00dferen Taxibooten oder Barkassen w\u00e4hlen, die meist im Stadthafen liegen. Informationen dar\u00fcber, wie Sie zu dem Strand gelangen, den Sie besuchen m\u00f6chten, k\u00f6nnen Sie von freundlichen Menschen in <strong>Herceg Novi<\/strong>, zahlreichen Reiseb\u00fcros, Restaurants oder der Tourismusorganisation von <strong>Herceg Novi<\/strong> erhalten.<\/p>\n","protected":false},"excerpt":{"rendered":"<p>Entdecken Sie die atemberaubenden Herceg Novi Str\u00e4nde entlang der 25 km langen K\u00fcste Montenegros. Mit 62 registrierten Optionen, von Sandstr\u00e4nden bis zu modernen Einrichtungen, deckt dieser Leitfaden alles von historischen Wurzeln bis zu praktischen Tipps f\u00fcr Ihren Besuch ab.<\/p>\n","protected":false},"author":1,"featured_media":134904,"parent":134870,"menu_order":0,"comment_status":"closed","ping_status":"closed","template":"","meta":{"_yoast_wpseo_focuskw":"Herceg Novi Str\u00e4nde","_yoast_wpseo_metadesc":"Entdecken Sie 62 Herceg Novi Str\u00e4nde an der malerischen K\u00fcste Montenegros. Erfahren Sie mehr \u00fcber Sandstr\u00e4nde, moderne Einrichtungen und Tipps f\u00fcr einen unvergesslichen Strandurlaub.","_kad_post_transparent":"","_kad_post_title":"","_kad_post_layout":"","_kad_post_sidebar_id":"","_kad_post_content_style":"","_kad_post_vertical_padding":"","_kad_post_feature":"","_kad_post_feature_position":"","_kad_post_header":false,"_kad_post_footer":false,"_kad_post_classname":"","iawp_total_views":21,"footnotes":""},"tags":[],"class_list":["post-134903","page","type-page","status-publish","has-post-thumbnail","hentry"],"yoast_head":"<!-- This site is optimized with the Yoast SEO plugin v27.3 - https:\/\/yoast.com\/product\/yoast-seo-wordpress\/ -->\n<title>Herceg Novi Str\u00e4nde - Visit Montenegro<\/title>\n<meta name=\"description\" content=\"Entdecken Sie 62 Herceg Novi Str\u00e4nde an der malerischen K\u00fcste Montenegros. Erfahren Sie mehr \u00fcber Sandstr\u00e4nde, moderne Einrichtungen und Tipps f\u00fcr einen unvergesslichen Strandurlaub.\" \/>\n<meta name=\"robots\" content=\"index, follow, max-snippet:-1, max-image-preview:large, max-video-preview:-1\" \/>\n<link rel=\"canonical\" href=\"https:\/\/www.visit-montenegro.com\/de\/reiseziele\/herceg-novi\/info\/straende\/\" \/>\n<meta property=\"og:locale\" content=\"de_DE\" \/>\n<meta property=\"og:type\" content=\"article\" \/>\n<meta property=\"og:title\" content=\"Herceg Novi Str\u00e4nde - Visit Montenegro\" \/>\n<meta property=\"og:description\" content=\"Entdecken Sie 62 Herceg Novi Str\u00e4nde an der malerischen K\u00fcste Montenegros. Erfahren Sie mehr \u00fcber Sandstr\u00e4nde, moderne Einrichtungen und Tipps f\u00fcr einen unvergesslichen Strandurlaub.\" \/>\n<meta property=\"og:url\" content=\"https:\/\/www.visit-montenegro.com\/de\/reiseziele\/herceg-novi\/info\/straende\/\" \/>\n<meta property=\"og:site_name\" content=\"Visit Montenegro\" \/>\n<meta property=\"article:publisher\" content=\"https:\/\/www.facebook.com\/visitmontenegro\" \/>\n<meta property=\"article:modified_time\" content=\"2026-02-22T16:09:04+00:00\" \/>\n<meta property=\"og:image\" content=\"https:\/\/www.visit-montenegro.com\/wp-content\/uploads\/2026\/02\/herceg-novi-beach.jpg\" \/>\n\t<meta property=\"og:image:width\" content=\"1600\" \/>\n\t<meta property=\"og:image:height\" content=\"1067\" \/>\n\t<meta property=\"og:image:type\" content=\"image\/jpeg\" \/>\n<meta name=\"twitter:card\" content=\"summary_large_image\" \/>\n<meta name=\"twitter:site\" content=\"@visitmontenegro\" \/>\n<meta name=\"twitter:label1\" content=\"Gesch\u00e4tzte Lesezeit\" \/>\n\t<meta name=\"twitter:data1\" content=\"5\u00a0Minuten\" \/>\n<script type=\"application\/ld+json\" class=\"yoast-schema-graph\">{\"@context\":\"https:\\\/\\\/schema.org\",\"@graph\":[{\"@type\":\"WebPage\",\"@id\":\"https:\\\/\\\/www.visit-montenegro.com\\\/de\\\/reiseziele\\\/herceg-novi\\\/info\\\/straende\\\/\",\"url\":\"https:\\\/\\\/www.visit-montenegro.com\\\/de\\\/reiseziele\\\/herceg-novi\\\/info\\\/straende\\\/\",\"name\":\"Herceg Novi Str\u00e4nde - Visit Montenegro\",\"isPartOf\":{\"@id\":\"https:\\\/\\\/www.visit-montenegro.com\\\/de\\\/#website\"},\"primaryImageOfPage\":{\"@id\":\"https:\\\/\\\/www.visit-montenegro.com\\\/de\\\/reiseziele\\\/herceg-novi\\\/info\\\/straende\\\/#primaryimage\"},\"image\":{\"@id\":\"https:\\\/\\\/www.visit-montenegro.com\\\/de\\\/reiseziele\\\/herceg-novi\\\/info\\\/straende\\\/#primaryimage\"},\"thumbnailUrl\":\"https:\\\/\\\/www.visit-montenegro.com\\\/wp-content\\\/uploads\\\/2026\\\/02\\\/herceg-novi-beach.jpg\",\"datePublished\":\"2026-01-27T20:44:32+00:00\",\"dateModified\":\"2026-02-22T16:09:04+00:00\",\"description\":\"Entdecken Sie 62 Herceg Novi Str\u00e4nde an der malerischen K\u00fcste Montenegros. Erfahren Sie mehr \u00fcber Sandstr\u00e4nde, moderne Einrichtungen und Tipps f\u00fcr einen unvergesslichen Strandurlaub.\",\"breadcrumb\":{\"@id\":\"https:\\\/\\\/www.visit-montenegro.com\\\/de\\\/reiseziele\\\/herceg-novi\\\/info\\\/straende\\\/#breadcrumb\"},\"inLanguage\":\"de\",\"potentialAction\":[{\"@type\":\"ReadAction\",\"target\":[\"https:\\\/\\\/www.visit-montenegro.com\\\/de\\\/reiseziele\\\/herceg-novi\\\/info\\\/straende\\\/\"]}]},{\"@type\":\"ImageObject\",\"inLanguage\":\"de\",\"@id\":\"https:\\\/\\\/www.visit-montenegro.com\\\/de\\\/reiseziele\\\/herceg-novi\\\/info\\\/straende\\\/#primaryimage\",\"url\":\"https:\\\/\\\/www.visit-montenegro.com\\\/wp-content\\\/uploads\\\/2026\\\/02\\\/herceg-novi-beach.jpg\",\"contentUrl\":\"https:\\\/\\\/www.visit-montenegro.com\\\/wp-content\\\/uploads\\\/2026\\\/02\\\/herceg-novi-beach.jpg\",\"width\":1600,\"height\":1067},{\"@type\":\"BreadcrumbList\",\"@id\":\"https:\\\/\\\/www.visit-montenegro.com\\\/de\\\/reiseziele\\\/herceg-novi\\\/info\\\/straende\\\/#breadcrumb\",\"itemListElement\":[{\"@type\":\"ListItem\",\"position\":1,\"name\":\"Home\",\"item\":\"https:\\\/\\\/www.visit-montenegro.com\\\/de\\\/home\\\/\"},{\"@type\":\"ListItem\",\"position\":2,\"name\":\"Reiseziele in Montenegro\",\"item\":\"https:\\\/\\\/www.visit-montenegro.com\\\/de\\\/reiseziele\\\/\"},{\"@type\":\"ListItem\",\"position\":3,\"name\":\"Herceg Novi\",\"item\":\"https:\\\/\\\/www.visit-montenegro.com\\\/de\\\/reiseziele\\\/herceg-novi\\\/\"},{\"@type\":\"ListItem\",\"position\":4,\"name\":\"Mehr \u00fcber Herceg Novi\",\"item\":\"https:\\\/\\\/www.visit-montenegro.com\\\/de\\\/reiseziele\\\/herceg-novi\\\/info\\\/\"},{\"@type\":\"ListItem\",\"position\":5,\"name\":\"Herceg Novi Str\u00e4nde\"}]},{\"@type\":\"WebSite\",\"@id\":\"https:\\\/\\\/www.visit-montenegro.com\\\/de\\\/#website\",\"url\":\"https:\\\/\\\/www.visit-montenegro.com\\\/de\\\/\",\"name\":\"Visit Montenegro\",\"description\":\"Breathtaking beauty\",\"publisher\":{\"@id\":\"https:\\\/\\\/www.visit-montenegro.com\\\/de\\\/#organization\"},\"potentialAction\":[{\"@type\":\"SearchAction\",\"target\":{\"@type\":\"EntryPoint\",\"urlTemplate\":\"https:\\\/\\\/www.visit-montenegro.com\\\/de\\\/?s={search_term_string}\"},\"query-input\":{\"@type\":\"PropertyValueSpecification\",\"valueRequired\":true,\"valueName\":\"search_term_string\"}}],\"inLanguage\":\"de\"},{\"@type\":\"Organization\",\"@id\":\"https:\\\/\\\/www.visit-montenegro.com\\\/de\\\/#organization\",\"name\":\"Visit Montenegro\",\"url\":\"https:\\\/\\\/www.visit-montenegro.com\\\/de\\\/\",\"logo\":{\"@type\":\"ImageObject\",\"inLanguage\":\"de\",\"@id\":\"https:\\\/\\\/www.visit-montenegro.com\\\/de\\\/#\\\/schema\\\/logo\\\/image\\\/\",\"url\":\"https:\\\/\\\/www.visit-montenegro.com\\\/wp-content\\\/uploads\\\/2017\\\/10\\\/logo-amp.png\",\"contentUrl\":\"https:\\\/\\\/www.visit-montenegro.com\\\/wp-content\\\/uploads\\\/2017\\\/10\\\/logo-amp.png\",\"width\":190,\"height\":36,\"caption\":\"Visit Montenegro\"},\"image\":{\"@id\":\"https:\\\/\\\/www.visit-montenegro.com\\\/de\\\/#\\\/schema\\\/logo\\\/image\\\/\"},\"sameAs\":[\"https:\\\/\\\/www.facebook.com\\\/visitmontenegro\",\"https:\\\/\\\/x.com\\\/visitmontenegro\",\"https:\\\/\\\/www.instagram.com\\\/visit_montenegro\\\/\",\"https:\\\/\\\/www.youtube.com\\\/user\\\/VisitMontenegro\"]}]}<\/script>\n<!-- \/ Yoast SEO plugin. -->","yoast_head_json":{"title":"Herceg Novi Str\u00e4nde - Visit Montenegro","description":"Entdecken Sie 62 Herceg Novi Str\u00e4nde an der malerischen K\u00fcste Montenegros. Erfahren Sie mehr \u00fcber Sandstr\u00e4nde, moderne Einrichtungen und Tipps f\u00fcr einen unvergesslichen Strandurlaub.","robots":{"index":"index","follow":"follow","max-snippet":"max-snippet:-1","max-image-preview":"max-image-preview:large","max-video-preview":"max-video-preview:-1"},"canonical":"https:\/\/www.visit-montenegro.com\/de\/reiseziele\/herceg-novi\/info\/straende\/","og_locale":"de_DE","og_type":"article","og_title":"Herceg Novi Str\u00e4nde - Visit Montenegro","og_description":"Entdecken Sie 62 Herceg Novi Str\u00e4nde an der malerischen K\u00fcste Montenegros. Erfahren Sie mehr \u00fcber Sandstr\u00e4nde, moderne Einrichtungen und Tipps f\u00fcr einen unvergesslichen Strandurlaub.","og_url":"https:\/\/www.visit-montenegro.com\/de\/reiseziele\/herceg-novi\/info\/straende\/","og_site_name":"Visit Montenegro","article_publisher":"https:\/\/www.facebook.com\/visitmontenegro","article_modified_time":"2026-02-22T16:09:04+00:00","og_image":[{"width":1600,"height":1067,"url":"https:\/\/www.visit-montenegro.com\/wp-content\/uploads\/2026\/02\/herceg-novi-beach.jpg","type":"image\/jpeg"}],"twitter_card":"summary_large_image","twitter_site":"@visitmontenegro","twitter_misc":{"Gesch\u00e4tzte Lesezeit":"5\u00a0Minuten"},"schema":{"@context":"https:\/\/schema.org","@graph":[{"@type":"WebPage","@id":"https:\/\/www.visit-montenegro.com\/de\/reiseziele\/herceg-novi\/info\/straende\/","url":"https:\/\/www.visit-montenegro.com\/de\/reiseziele\/herceg-novi\/info\/straende\/","name":"Herceg Novi Str\u00e4nde - Visit Montenegro","isPartOf":{"@id":"https:\/\/www.visit-montenegro.com\/de\/#website"},"primaryImageOfPage":{"@id":"https:\/\/www.visit-montenegro.com\/de\/reiseziele\/herceg-novi\/info\/straende\/#primaryimage"},"image":{"@id":"https:\/\/www.visit-montenegro.com\/de\/reiseziele\/herceg-novi\/info\/straende\/#primaryimage"},"thumbnailUrl":"https:\/\/www.visit-montenegro.com\/wp-content\/uploads\/2026\/02\/herceg-novi-beach.jpg","datePublished":"2026-01-27T20:44:32+00:00","dateModified":"2026-02-22T16:09:04+00:00","description":"Entdecken Sie 62 Herceg Novi Str\u00e4nde an der malerischen K\u00fcste Montenegros. Erfahren Sie mehr \u00fcber Sandstr\u00e4nde, moderne Einrichtungen und Tipps f\u00fcr einen unvergesslichen Strandurlaub.","breadcrumb":{"@id":"https:\/\/www.visit-montenegro.com\/de\/reiseziele\/herceg-novi\/info\/straende\/#breadcrumb"},"inLanguage":"de","potentialAction":[{"@type":"ReadAction","target":["https:\/\/www.visit-montenegro.com\/de\/reiseziele\/herceg-novi\/info\/straende\/"]}]},{"@type":"ImageObject","inLanguage":"de","@id":"https:\/\/www.visit-montenegro.com\/de\/reiseziele\/herceg-novi\/info\/straende\/#primaryimage","url":"https:\/\/www.visit-montenegro.com\/wp-content\/uploads\/2026\/02\/herceg-novi-beach.jpg","contentUrl":"https:\/\/www.visit-montenegro.com\/wp-content\/uploads\/2026\/02\/herceg-novi-beach.jpg","width":1600,"height":1067},{"@type":"BreadcrumbList","@id":"https:\/\/www.visit-montenegro.com\/de\/reiseziele\/herceg-novi\/info\/straende\/#breadcrumb","itemListElement":[{"@type":"ListItem","position":1,"name":"Home","item":"https:\/\/www.visit-montenegro.com\/de\/home\/"},{"@type":"ListItem","position":2,"name":"Reiseziele in Montenegro","item":"https:\/\/www.visit-montenegro.com\/de\/reiseziele\/"},{"@type":"ListItem","position":3,"name":"Herceg Novi","item":"https:\/\/www.visit-montenegro.com\/de\/reiseziele\/herceg-novi\/"},{"@type":"ListItem","position":4,"name":"Mehr \u00fcber Herceg Novi","item":"https:\/\/www.visit-montenegro.com\/de\/reiseziele\/herceg-novi\/info\/"},{"@type":"ListItem","position":5,"name":"Herceg Novi Str\u00e4nde"}]},{"@type":"WebSite","@id":"https:\/\/www.visit-montenegro.com\/de\/#website","url":"https:\/\/www.visit-montenegro.com\/de\/","name":"Visit Montenegro","description":"Breathtaking beauty","publisher":{"@id":"https:\/\/www.visit-montenegro.com\/de\/#organization"},"potentialAction":[{"@type":"SearchAction","target":{"@type":"EntryPoint","urlTemplate":"https:\/\/www.visit-montenegro.com\/de\/?s={search_term_string}"},"query-input":{"@type":"PropertyValueSpecification","valueRequired":true,"valueName":"search_term_string"}}],"inLanguage":"de"},{"@type":"Organization","@id":"https:\/\/www.visit-montenegro.com\/de\/#organization","name":"Visit Montenegro","url":"https:\/\/www.visit-montenegro.com\/de\/","logo":{"@type":"ImageObject","inLanguage":"de","@id":"https:\/\/www.visit-montenegro.com\/de\/#\/schema\/logo\/image\/","url":"https:\/\/www.visit-montenegro.com\/wp-content\/uploads\/2017\/10\/logo-amp.png","contentUrl":"https:\/\/www.visit-montenegro.com\/wp-content\/uploads\/2017\/10\/logo-amp.png","width":190,"height":36,"caption":"Visit Montenegro"},"image":{"@id":"https:\/\/www.visit-montenegro.com\/de\/#\/schema\/logo\/image\/"},"sameAs":["https:\/\/www.facebook.com\/visitmontenegro","https:\/\/x.com\/visitmontenegro","https:\/\/www.instagram.com\/visit_montenegro\/","https:\/\/www.youtube.com\/user\/VisitMontenegro"]}]}},"translations":[],"_links":{"self":[{"href":"https:\/\/www.visit-montenegro.com\/de\/wp-json\/wp\/v2\/pages\/134903","targetHints":{"allow":["GET"]}}],"collection":[{"href":"https:\/\/www.visit-montenegro.com\/de\/wp-json\/wp\/v2\/pages"}],"about":[{"href":"https:\/\/www.visit-montenegro.com\/de\/wp-json\/wp\/v2\/types\/page"}],"author":[{"embeddable":true,"href":"https:\/\/www.visit-montenegro.com\/de\/wp-json\/wp\/v2\/users\/1"}],"replies":[{"embeddable":true,"href":"https:\/\/www.visit-montenegro.com\/de\/wp-json\/wp\/v2\/comments?post=134903"}],"version-history":[{"count":0,"href":"https:\/\/www.visit-montenegro.com\/de\/wp-json\/wp\/v2\/pages\/134903\/revisions"}],"up":[{"embeddable":true,"href":"https:\/\/www.visit-montenegro.com\/de\/wp-json\/wp\/v2\/pages\/134870"}],"wp:featuredmedia":[{"embeddable":true,"href":"https:\/\/www.visit-montenegro.com\/de\/wp-json\/wp\/v2\/media\/134904"}],"wp:attachment":[{"href":"https:\/\/www.visit-montenegro.com\/de\/wp-json\/wp\/v2\/media?parent=134903"}],"wp:term":[{"taxonomy":"post_tag","embeddable":true,"href":"https:\/\/www.visit-montenegro.com\/de\/wp-json\/wp\/v2\/tags?post=134903"}],"curies":[{"name":"wp","href":"https:\/\/api.w.org\/{rel}","templated":true}]}}