{"id":134906,"date":"2026-01-27T21:44:32","date_gmt":"2026-01-27T20:44:32","guid":{"rendered":"https:\/\/new.visit-montenegro.com\/ziele\/petrovac\/"},"modified":"2026-02-22T17:09:05","modified_gmt":"2026-02-22T16:09:05","slug":"petrovac","status":"publish","type":"page","link":"https:\/\/www.visit-montenegro.com\/de\/reiseziele\/petrovac\/","title":{"rendered":"Petrovac"},"content":{"rendered":"\n<p>Petrovac ist eine wundersch\u00f6ne kleine Stadt an der montenegrinischen K\u00fcste, wo sogar die R\u00f6mer Villen bauten. Beim Spaziergang durch die von jahrhundertealten Kiefern und Palmen ges\u00e4umte Promenade k\u00f6nnen Sie jeden Schritt genie\u00dfen.<\/p>\n\n<p>Petrovac ist ein idealer Ort f\u00fcr Familienurlaube. Exzellente Unterk\u00fcnfte, viele zus\u00e4tzliche Aktivit\u00e4ten, sch\u00f6ne Str\u00e4nde, kristallklares Meerwasser und Spielpl\u00e4tze sorgen daf\u00fcr, dass Ihre Kinder eine wunderbare Zeit haben. Tats\u00e4chlich sind der Luci\u0107e-Strand, der Buljarica-Strand und der Hauptstrand von Petrovac mit seinen feinen r\u00f6tlichen Kieseln drei perfekte Orte f\u00fcr einen ausgezeichneten Sommerurlaub. Kleine Restaurants und Bars bieten erstklassigen Service direkt an der Adriak\u00fcste. Ob Sie einen Cappuccino oder eine Meeresfr\u00fcchte-Spezialit\u00e4t bevorzugen, die Wahl liegt bei Ihnen.<\/p>\n\n<hr class=\"wp-block-separator has-alpha-channel-opacity\"\/>\n\n<div class=\"wp-block-columns is-layout-flex wp-container-core-columns-is-layout-9d6595d7 wp-block-columns-is-layout-flex\">\n<div class=\"wp-block-column is-layout-flow wp-block-column-is-layout-flow\">\n<div class=\"wp-block-group\"><div class=\"wp-block-group__inner-container is-layout-constrained wp-block-group-is-layout-constrained\">\n<h3 class=\"wp-block-heading\">Entdecken Sie Petrovacs verborgene Sch\u00e4tze<\/h3>\n\n\n\n<p>Erkunden Sie die ikonischsten Sehensw\u00fcrdigkeiten, historischen St\u00e4tten und Muss-Sehen-Spots, die dieses Reiseziel einzigartig machen.<\/p>\n\n\n\n<div class=\"wp-block-buttons is-layout-flex wp-block-buttons-is-layout-flex\">\n<div class=\"wp-block-button\"><a class=\"wp-block-button__link wp-element-button\" href=\"https:\/\/www.visit-montenegro.com\/destinations\/petrovac\/attractions\/\">Petrovac Sehensw\u00fcrdigkeiten<\/a><\/div>\n<\/div>\n<\/div><\/div>\n<\/div>\n\n\n\n<div class=\"wp-block-column is-layout-flow wp-block-column-is-layout-flow\">\n<div class=\"wp-block-group\"><div class=\"wp-block-group__inner-container is-layout-constrained wp-block-group-is-layout-constrained\">\n<h3 class=\"wp-block-heading\">Erfahren Sie mehr \u00fcber Petrovac<\/h3>\n\n\n\n<p>Tauchen Sie tiefer in die lokale Kultur, Geschichte und praktische Reisetipps ein, um sich auf Ihre bevorstehende Reise vorzubereiten.<\/p>\n<\/div><\/div>\n\n\n\n<div class=\"wp-block-buttons is-layout-flex wp-block-buttons-is-layout-flex\">\n<div class=\"wp-block-button\"><a class=\"wp-block-button__link wp-element-button\" href=\"https:\/\/www.visit-montenegro.com\/destinations\/petrovac\/info\/\">Mehr \u00fcber Petrovac<\/a><\/div>\n<\/div>\n<\/div>\n<\/div>\n","protected":false},"excerpt":{"rendered":"<p>Entdecken Sie Petrovac, eine charmante K\u00fcstenstadt in Montenegro, perfekt f\u00fcr Familienurlaube. Genie\u00dfen Sie sch\u00f6ne Str\u00e4nde, historische St\u00e4tten und exzellente Einrichtungen entlang der Adriak\u00fcste. Planen Sie Ihren idealen Sommerurlaub in diesem malerischen Reiseziel.<\/p>\n","protected":false},"author":1,"featured_media":134907,"parent":133381,"menu_order":0,"comment_status":"closed","ping_status":"closed","template":"","meta":{"_yoast_wpseo_focuskw":"Petrovac","_yoast_wpseo_metadesc":"Entdecken Sie Petrovac, Montenegros idealen Familienurlaubsort mit sch\u00f6nen Str\u00e4nden, kristallklarem Wasser und historischem Charme. Planen Sie noch heute Ihren perfekten Urlaub an der Adriak\u00fcste!","_kad_post_transparent":"","_kad_post_title":"","_kad_post_layout":"","_kad_post_sidebar_id":"","_kad_post_content_style":"","_kad_post_vertical_padding":"","_kad_post_feature":"","_kad_post_feature_position":"","_kad_post_header":false,"_kad_post_footer":false,"_kad_post_classname":"","iawp_total_views":19,"footnotes":""},"tags":[2295,594],"class_list":["post-134906","page","type-page","status-publish","has-post-thumbnail","hentry","tag-coast-destination","tag-destination"],"yoast_head":"<!-- This site is optimized with the Yoast SEO plugin v27.3 - https:\/\/yoast.com\/product\/yoast-seo-wordpress\/ -->\n<title>Petrovac - Visit Montenegro<\/title>\n<meta name=\"description\" content=\"Entdecken Sie Petrovac, Montenegros idealen Familienurlaubsort mit sch\u00f6nen Str\u00e4nden, kristallklarem Wasser und historischem Charme. Planen Sie noch heute Ihren perfekten Urlaub an der Adriak\u00fcste!\" \/>\n<meta name=\"robots\" content=\"index, follow, max-snippet:-1, max-image-preview:large, max-video-preview:-1\" \/>\n<link rel=\"canonical\" href=\"https:\/\/www.visit-montenegro.com\/de\/reiseziele\/petrovac\/\" \/>\n<meta property=\"og:locale\" content=\"de_DE\" \/>\n<meta property=\"og:type\" content=\"article\" \/>\n<meta property=\"og:title\" content=\"Petrovac - Visit Montenegro\" \/>\n<meta property=\"og:description\" content=\"Entdecken Sie Petrovac, Montenegros idealen Familienurlaubsort mit sch\u00f6nen Str\u00e4nden, kristallklarem Wasser und historischem Charme. Planen Sie noch heute Ihren perfekten Urlaub an der Adriak\u00fcste!\" \/>\n<meta property=\"og:url\" content=\"https:\/\/www.visit-montenegro.com\/de\/reiseziele\/petrovac\/\" \/>\n<meta property=\"og:site_name\" content=\"Visit Montenegro\" \/>\n<meta property=\"article:publisher\" content=\"https:\/\/www.facebook.com\/visitmontenegro\" \/>\n<meta property=\"article:modified_time\" content=\"2026-02-22T16:09:05+00:00\" \/>\n<meta property=\"og:image\" content=\"https:\/\/www.visit-montenegro.com\/wp-content\/uploads\/2026\/01\/petrovac-panorama-scaled.jpg\" \/>\n\t<meta property=\"og:image:width\" content=\"1600\" \/>\n\t<meta property=\"og:image:height\" content=\"1067\" \/>\n\t<meta property=\"og:image:type\" content=\"image\/jpeg\" \/>\n<meta name=\"twitter:card\" content=\"summary_large_image\" \/>\n<meta name=\"twitter:site\" content=\"@visitmontenegro\" \/>\n<meta name=\"twitter:label1\" content=\"Gesch\u00e4tzte Lesezeit\" \/>\n\t<meta name=\"twitter:data1\" content=\"1\u00a0Minute\" \/>\n<script type=\"application\/ld+json\" class=\"yoast-schema-graph\">{\"@context\":\"https:\\\/\\\/schema.org\",\"@graph\":[{\"@type\":\"WebPage\",\"@id\":\"https:\\\/\\\/www.visit-montenegro.com\\\/de\\\/reiseziele\\\/petrovac\\\/\",\"url\":\"https:\\\/\\\/www.visit-montenegro.com\\\/de\\\/reiseziele\\\/petrovac\\\/\",\"name\":\"Petrovac - Visit Montenegro\",\"isPartOf\":{\"@id\":\"https:\\\/\\\/www.visit-montenegro.com\\\/de\\\/#website\"},\"primaryImageOfPage\":{\"@id\":\"https:\\\/\\\/www.visit-montenegro.com\\\/de\\\/reiseziele\\\/petrovac\\\/#primaryimage\"},\"image\":{\"@id\":\"https:\\\/\\\/www.visit-montenegro.com\\\/de\\\/reiseziele\\\/petrovac\\\/#primaryimage\"},\"thumbnailUrl\":\"https:\\\/\\\/www.visit-montenegro.com\\\/wp-content\\\/uploads\\\/2026\\\/01\\\/petrovac-panorama-scaled.jpg\",\"datePublished\":\"2026-01-27T20:44:32+00:00\",\"dateModified\":\"2026-02-22T16:09:05+00:00\",\"description\":\"Entdecken Sie Petrovac, Montenegros idealen Familienurlaubsort mit sch\u00f6nen Str\u00e4nden, kristallklarem Wasser und historischem Charme. Planen Sie noch heute Ihren perfekten Urlaub an der Adriak\u00fcste!\",\"breadcrumb\":{\"@id\":\"https:\\\/\\\/www.visit-montenegro.com\\\/de\\\/reiseziele\\\/petrovac\\\/#breadcrumb\"},\"inLanguage\":\"de\",\"potentialAction\":[{\"@type\":\"ReadAction\",\"target\":[\"https:\\\/\\\/www.visit-montenegro.com\\\/de\\\/reiseziele\\\/petrovac\\\/\"]}]},{\"@type\":\"ImageObject\",\"inLanguage\":\"de\",\"@id\":\"https:\\\/\\\/www.visit-montenegro.com\\\/de\\\/reiseziele\\\/petrovac\\\/#primaryimage\",\"url\":\"https:\\\/\\\/www.visit-montenegro.com\\\/wp-content\\\/uploads\\\/2026\\\/01\\\/petrovac-panorama-scaled.jpg\",\"contentUrl\":\"https:\\\/\\\/www.visit-montenegro.com\\\/wp-content\\\/uploads\\\/2026\\\/01\\\/petrovac-panorama-scaled.jpg\",\"width\":1600,\"height\":1067,\"caption\":\"Luftaufnahme der Stadt Petrovac in Montenegro.\"},{\"@type\":\"BreadcrumbList\",\"@id\":\"https:\\\/\\\/www.visit-montenegro.com\\\/de\\\/reiseziele\\\/petrovac\\\/#breadcrumb\",\"itemListElement\":[{\"@type\":\"ListItem\",\"position\":1,\"name\":\"Home\",\"item\":\"https:\\\/\\\/www.visit-montenegro.com\\\/de\\\/home\\\/\"},{\"@type\":\"ListItem\",\"position\":2,\"name\":\"Reiseziele in Montenegro\",\"item\":\"https:\\\/\\\/www.visit-montenegro.com\\\/de\\\/reiseziele\\\/\"},{\"@type\":\"ListItem\",\"position\":3,\"name\":\"Petrovac\"}]},{\"@type\":\"WebSite\",\"@id\":\"https:\\\/\\\/www.visit-montenegro.com\\\/de\\\/#website\",\"url\":\"https:\\\/\\\/www.visit-montenegro.com\\\/de\\\/\",\"name\":\"Visit Montenegro\",\"description\":\"Breathtaking beauty\",\"publisher\":{\"@id\":\"https:\\\/\\\/www.visit-montenegro.com\\\/de\\\/#organization\"},\"potentialAction\":[{\"@type\":\"SearchAction\",\"target\":{\"@type\":\"EntryPoint\",\"urlTemplate\":\"https:\\\/\\\/www.visit-montenegro.com\\\/de\\\/?s={search_term_string}\"},\"query-input\":{\"@type\":\"PropertyValueSpecification\",\"valueRequired\":true,\"valueName\":\"search_term_string\"}}],\"inLanguage\":\"de\"},{\"@type\":\"Organization\",\"@id\":\"https:\\\/\\\/www.visit-montenegro.com\\\/de\\\/#organization\",\"name\":\"Visit Montenegro\",\"url\":\"https:\\\/\\\/www.visit-montenegro.com\\\/de\\\/\",\"logo\":{\"@type\":\"ImageObject\",\"inLanguage\":\"de\",\"@id\":\"https:\\\/\\\/www.visit-montenegro.com\\\/de\\\/#\\\/schema\\\/logo\\\/image\\\/\",\"url\":\"https:\\\/\\\/www.visit-montenegro.com\\\/wp-content\\\/uploads\\\/2017\\\/10\\\/logo-amp.png\",\"contentUrl\":\"https:\\\/\\\/www.visit-montenegro.com\\\/wp-content\\\/uploads\\\/2017\\\/10\\\/logo-amp.png\",\"width\":190,\"height\":36,\"caption\":\"Visit Montenegro\"},\"image\":{\"@id\":\"https:\\\/\\\/www.visit-montenegro.com\\\/de\\\/#\\\/schema\\\/logo\\\/image\\\/\"},\"sameAs\":[\"https:\\\/\\\/www.facebook.com\\\/visitmontenegro\",\"https:\\\/\\\/x.com\\\/visitmontenegro\",\"https:\\\/\\\/www.instagram.com\\\/visit_montenegro\\\/\",\"https:\\\/\\\/www.youtube.com\\\/user\\\/VisitMontenegro\"]}]}<\/script>\n<!-- \/ Yoast SEO plugin. -->","yoast_head_json":{"title":"Petrovac - Visit Montenegro","description":"Entdecken Sie Petrovac, Montenegros idealen Familienurlaubsort mit sch\u00f6nen Str\u00e4nden, kristallklarem Wasser und historischem Charme. Planen Sie noch heute Ihren perfekten Urlaub an der Adriak\u00fcste!","robots":{"index":"index","follow":"follow","max-snippet":"max-snippet:-1","max-image-preview":"max-image-preview:large","max-video-preview":"max-video-preview:-1"},"canonical":"https:\/\/www.visit-montenegro.com\/de\/reiseziele\/petrovac\/","og_locale":"de_DE","og_type":"article","og_title":"Petrovac - Visit Montenegro","og_description":"Entdecken Sie Petrovac, Montenegros idealen Familienurlaubsort mit sch\u00f6nen Str\u00e4nden, kristallklarem Wasser und historischem Charme. Planen Sie noch heute Ihren perfekten Urlaub an der Adriak\u00fcste!","og_url":"https:\/\/www.visit-montenegro.com\/de\/reiseziele\/petrovac\/","og_site_name":"Visit Montenegro","article_publisher":"https:\/\/www.facebook.com\/visitmontenegro","article_modified_time":"2026-02-22T16:09:05+00:00","og_image":[{"width":1600,"height":1067,"url":"https:\/\/www.visit-montenegro.com\/wp-content\/uploads\/2026\/01\/petrovac-panorama-scaled.jpg","type":"image\/jpeg"}],"twitter_card":"summary_large_image","twitter_site":"@visitmontenegro","twitter_misc":{"Gesch\u00e4tzte Lesezeit":"1\u00a0Minute"},"schema":{"@context":"https:\/\/schema.org","@graph":[{"@type":"WebPage","@id":"https:\/\/www.visit-montenegro.com\/de\/reiseziele\/petrovac\/","url":"https:\/\/www.visit-montenegro.com\/de\/reiseziele\/petrovac\/","name":"Petrovac - Visit Montenegro","isPartOf":{"@id":"https:\/\/www.visit-montenegro.com\/de\/#website"},"primaryImageOfPage":{"@id":"https:\/\/www.visit-montenegro.com\/de\/reiseziele\/petrovac\/#primaryimage"},"image":{"@id":"https:\/\/www.visit-montenegro.com\/de\/reiseziele\/petrovac\/#primaryimage"},"thumbnailUrl":"https:\/\/www.visit-montenegro.com\/wp-content\/uploads\/2026\/01\/petrovac-panorama-scaled.jpg","datePublished":"2026-01-27T20:44:32+00:00","dateModified":"2026-02-22T16:09:05+00:00","description":"Entdecken Sie Petrovac, Montenegros idealen Familienurlaubsort mit sch\u00f6nen Str\u00e4nden, kristallklarem Wasser und historischem Charme. Planen Sie noch heute Ihren perfekten Urlaub an der Adriak\u00fcste!","breadcrumb":{"@id":"https:\/\/www.visit-montenegro.com\/de\/reiseziele\/petrovac\/#breadcrumb"},"inLanguage":"de","potentialAction":[{"@type":"ReadAction","target":["https:\/\/www.visit-montenegro.com\/de\/reiseziele\/petrovac\/"]}]},{"@type":"ImageObject","inLanguage":"de","@id":"https:\/\/www.visit-montenegro.com\/de\/reiseziele\/petrovac\/#primaryimage","url":"https:\/\/www.visit-montenegro.com\/wp-content\/uploads\/2026\/01\/petrovac-panorama-scaled.jpg","contentUrl":"https:\/\/www.visit-montenegro.com\/wp-content\/uploads\/2026\/01\/petrovac-panorama-scaled.jpg","width":1600,"height":1067,"caption":"Luftaufnahme der Stadt Petrovac in Montenegro."},{"@type":"BreadcrumbList","@id":"https:\/\/www.visit-montenegro.com\/de\/reiseziele\/petrovac\/#breadcrumb","itemListElement":[{"@type":"ListItem","position":1,"name":"Home","item":"https:\/\/www.visit-montenegro.com\/de\/home\/"},{"@type":"ListItem","position":2,"name":"Reiseziele in Montenegro","item":"https:\/\/www.visit-montenegro.com\/de\/reiseziele\/"},{"@type":"ListItem","position":3,"name":"Petrovac"}]},{"@type":"WebSite","@id":"https:\/\/www.visit-montenegro.com\/de\/#website","url":"https:\/\/www.visit-montenegro.com\/de\/","name":"Visit Montenegro","description":"Breathtaking beauty","publisher":{"@id":"https:\/\/www.visit-montenegro.com\/de\/#organization"},"potentialAction":[{"@type":"SearchAction","target":{"@type":"EntryPoint","urlTemplate":"https:\/\/www.visit-montenegro.com\/de\/?s={search_term_string}"},"query-input":{"@type":"PropertyValueSpecification","valueRequired":true,"valueName":"search_term_string"}}],"inLanguage":"de"},{"@type":"Organization","@id":"https:\/\/www.visit-montenegro.com\/de\/#organization","name":"Visit Montenegro","url":"https:\/\/www.visit-montenegro.com\/de\/","logo":{"@type":"ImageObject","inLanguage":"de","@id":"https:\/\/www.visit-montenegro.com\/de\/#\/schema\/logo\/image\/","url":"https:\/\/www.visit-montenegro.com\/wp-content\/uploads\/2017\/10\/logo-amp.png","contentUrl":"https:\/\/www.visit-montenegro.com\/wp-content\/uploads\/2017\/10\/logo-amp.png","width":190,"height":36,"caption":"Visit Montenegro"},"image":{"@id":"https:\/\/www.visit-montenegro.com\/de\/#\/schema\/logo\/image\/"},"sameAs":["https:\/\/www.facebook.com\/visitmontenegro","https:\/\/x.com\/visitmontenegro","https:\/\/www.instagram.com\/visit_montenegro\/","https:\/\/www.youtube.com\/user\/VisitMontenegro"]}]}},"translations":[],"_links":{"self":[{"href":"https:\/\/www.visit-montenegro.com\/de\/wp-json\/wp\/v2\/pages\/134906","targetHints":{"allow":["GET"]}}],"collection":[{"href":"https:\/\/www.visit-montenegro.com\/de\/wp-json\/wp\/v2\/pages"}],"about":[{"href":"https:\/\/www.visit-montenegro.com\/de\/wp-json\/wp\/v2\/types\/page"}],"author":[{"embeddable":true,"href":"https:\/\/www.visit-montenegro.com\/de\/wp-json\/wp\/v2\/users\/1"}],"replies":[{"embeddable":true,"href":"https:\/\/www.visit-montenegro.com\/de\/wp-json\/wp\/v2\/comments?post=134906"}],"version-history":[{"count":0,"href":"https:\/\/www.visit-montenegro.com\/de\/wp-json\/wp\/v2\/pages\/134906\/revisions"}],"up":[{"embeddable":true,"href":"https:\/\/www.visit-montenegro.com\/de\/wp-json\/wp\/v2\/pages\/133381"}],"wp:featuredmedia":[{"embeddable":true,"href":"https:\/\/www.visit-montenegro.com\/de\/wp-json\/wp\/v2\/media\/134907"}],"wp:attachment":[{"href":"https:\/\/www.visit-montenegro.com\/de\/wp-json\/wp\/v2\/media?parent=134906"}],"wp:term":[{"taxonomy":"post_tag","embeddable":true,"href":"https:\/\/www.visit-montenegro.com\/de\/wp-json\/wp\/v2\/tags?post=134906"}],"curies":[{"name":"wp","href":"https:\/\/api.w.org\/{rel}","templated":true}]}}