{"id":134930,"date":"2026-01-27T21:44:32","date_gmt":"2026-01-27T20:44:32","guid":{"rendered":"https:\/\/new.visit-montenegro.com\/ziele\/petrovac\/attractions\/rezevici-monastery\/"},"modified":"2026-02-22T17:09:05","modified_gmt":"2026-02-22T16:09:05","slug":"rezevici-monastery","status":"publish","type":"page","link":"https:\/\/www.visit-montenegro.com\/de\/reiseziele\/petrovac\/sehenswuerdigkeiten\/rezevici-monastery\/","title":{"rendered":"Re\u017eevi\u0107i-Kloster"},"content":{"rendered":"\n<p>Das Re\u017eevi\u0107i-Kloster ist ein historisches orthodoxes Klosterkomplex entlang der Stra\u00dfe Budva-Petrovac in Montenegro, benannt nach dem Pastrovici-Stamm Re\u017eevi\u0107i. Sein Gr\u00fcndungsdatum ist ungewiss, aber es wird mit einer Legende aus dem Jahr 1226 in Verbindung gebracht, die Stefan Prvovjencani betrifft, der seinen Bau nach der Genesung von einem Kater anordnete. Der Komplex umfasst zwei Kirchen, Schlafquartiere und ein Wirtschaftsgeb\u00e4ude und zeigt eine Mischung aus mittelalterlichen und sp\u00e4teren architektonischen Einfl\u00fcssen.<\/p>\n\n<hr class=\"wp-block-separator has-alpha-channel-opacity\"\/>\n\n<h2 class=\"wp-block-heading\">Historische Urspr\u00fcnge und Gr\u00fcndung<\/h2>\n\n<p>Entlang der Stra\u00dfe <a href=\"https:\/\/www.visit-montenegro.com\/de\/reiseziele\/budva\/\">Budva<\/a> \u2013 <a href=\"https:\/\/www.visit-montenegro.com\/de\/reiseziele\/petrovac\/\">Petrovac<\/a> sto\u00dfen Sie auf den Klosterkomplex namens <strong>Re\u017eevi\u0107i-Kloster<\/strong>. Dieses Kloster erhielt seinen Namen vom Pastrovici-Stamm Rezevici. Der genaue Zeitpunkt seiner Gr\u00fcndung ist nicht festgestellt worden, aber eine Legende aus dem Jahr 1226, aus der Zeit der Nemanjici, ist mit seinem Ursprung verbunden. W\u00e4hrend seiner Reise durch diese Gegenden wurde Stefan Prvovjencani (Stefan der Erstgekr\u00f6nte) sehr betrunken von Wein aus Pastrovici. Nach dem Kater und dem N\u00fcchternwerden ordnete er an, dass an dieser Stelle eine Kirche erbaut werden sollte. Folglich umfasst der Klosterkomplex zwei Kirchen, Schlafquartiere und ein Wirtschaftsgeb\u00e4ude.<\/p>\n\n<h2 class=\"wp-block-heading\">Architektonische und k\u00fcnstlerische Merkmale<\/h2>\n\n<p>Die kleine Kirche Uspenje Bogorodice (Entschlafung der Heiligen Mutter Gottes) ist aufgrund ihrer Freskenmalerei interessant. Daraus l\u00e4sst sich schlie\u00dfen, dass der Schutzpatron oder Stifter der Kirche hier begraben wurde. Tats\u00e4chlich handelt es sich um das Verm\u00e4chtnis von Stefan Prvovjencani, dem ersten serbischen K\u00f6nig.<\/p>\n\n<p>Die gr\u00f6\u00dfere Kirche, gewidmet Sveta Trojica (Heilige Dreifaltigkeit), wurde im 18. Jahrhundert erbaut und hat daneben einen Glockenturm. Dar\u00fcber hinaus ist die Ikonostase in dieser Kirche ein Werk des einheimischen Malers Marko Gregovic aus dem Ende des 19. Jahrhunderts. Die Kirche Sveta Trojica ist das Verm\u00e4chtnis von Kaiser Dusan. Die gro\u00dfe Erneuerung des <strong>Re\u017eevi\u0107i-Klosters<\/strong> im 18. Jahrhundert wurde von Maksim Kosjerevac aus der Herzegowina und Nikodin Vukovic durchgef\u00fchrt.<\/p>\n\n<h2 class=\"wp-block-heading\">Moderne Geschichte und Erhaltung<\/h2>\n\n<p>Das Kloster wurde bei einem Erdbeben im Jahr 1979 schwer besch\u00e4digt und danach erneut restauriert. Heute steht das <strong>Re\u017eevi\u0107i-Kloster<\/strong> unter dem Schutz der UNESCO, was seine Erhaltung f\u00fcr zuk\u00fcnftige Generationen sicherstellt.<\/p>\n","protected":false},"excerpt":{"rendered":"<p>Entdecken Sie das Re\u017eevi\u0107i-Kloster, eine historische St\u00e4tte in Montenegro mit Urspr\u00fcngen, die auf eine Legende aus dem Jahr 1226 zur\u00fcckgehen. Erkunden Sie seine zwei Kirchen, Fresken und UNESCO-Schutz, die einen Einblick in das serbische k\u00f6nigliche Erbe und architektonische Kulturgut bieten.<\/p>\n","protected":false},"author":1,"featured_media":134931,"parent":134911,"menu_order":0,"comment_status":"closed","ping_status":"closed","template":"","meta":{"_yoast_wpseo_focuskw":"Re\u017eevi\u0107i-Kloster","_yoast_wpseo_metadesc":"Entdecken Sie das Re\u017eevi\u0107i-Kloster in Montenegro: eine UNESCO-gesch\u00fctzte St\u00e4tte mit mittelalterlichen Fresken, k\u00f6niglicher Geschichte und beeindruckender Architektur. Planen Sie Ihren Besuch dieses historischen Juwels.","_kad_post_transparent":"","_kad_post_title":"","_kad_post_layout":"","_kad_post_sidebar_id":"","_kad_post_content_style":"","_kad_post_vertical_padding":"","_kad_post_feature":"","_kad_post_feature_position":"","_kad_post_header":false,"_kad_post_footer":false,"_kad_post_classname":"","iawp_total_views":11,"footnotes":""},"tags":[],"class_list":["post-134930","page","type-page","status-publish","has-post-thumbnail","hentry"],"yoast_head":"<!-- This site is optimized with the Yoast SEO plugin v27.3 - https:\/\/yoast.com\/product\/yoast-seo-wordpress\/ -->\n<title>Re\u017eevi\u0107i-Kloster - Visit Montenegro<\/title>\n<meta name=\"description\" content=\"Entdecken Sie das Re\u017eevi\u0107i-Kloster in Montenegro: eine UNESCO-gesch\u00fctzte St\u00e4tte mit mittelalterlichen Fresken, k\u00f6niglicher Geschichte und beeindruckender Architektur. Planen Sie Ihren Besuch dieses historischen Juwels.\" \/>\n<meta name=\"robots\" content=\"index, follow, max-snippet:-1, max-image-preview:large, max-video-preview:-1\" \/>\n<link rel=\"canonical\" href=\"https:\/\/www.visit-montenegro.com\/de\/reiseziele\/petrovac\/sehenswuerdigkeiten\/rezevici-monastery\/\" \/>\n<meta property=\"og:locale\" content=\"de_DE\" \/>\n<meta property=\"og:type\" content=\"article\" \/>\n<meta property=\"og:title\" content=\"Re\u017eevi\u0107i-Kloster - Visit Montenegro\" \/>\n<meta property=\"og:description\" content=\"Entdecken Sie das Re\u017eevi\u0107i-Kloster in Montenegro: eine UNESCO-gesch\u00fctzte St\u00e4tte mit mittelalterlichen Fresken, k\u00f6niglicher Geschichte und beeindruckender Architektur. Planen Sie Ihren Besuch dieses historischen Juwels.\" \/>\n<meta property=\"og:url\" content=\"https:\/\/www.visit-montenegro.com\/de\/reiseziele\/petrovac\/sehenswuerdigkeiten\/rezevici-monastery\/\" \/>\n<meta property=\"og:site_name\" content=\"Visit Montenegro\" \/>\n<meta property=\"article:publisher\" content=\"https:\/\/www.facebook.com\/visitmontenegro\" \/>\n<meta property=\"article:modified_time\" content=\"2026-02-22T16:09:05+00:00\" \/>\n<meta property=\"og:image\" content=\"https:\/\/www.visit-montenegro.com\/wp-content\/uploads\/2026\/01\/petrovac-rezevici-monastery-scaled.jpg\" \/>\n\t<meta property=\"og:image:width\" content=\"1600\" \/>\n\t<meta property=\"og:image:height\" content=\"1064\" \/>\n\t<meta property=\"og:image:type\" content=\"image\/jpeg\" \/>\n<meta name=\"twitter:card\" content=\"summary_large_image\" \/>\n<meta name=\"twitter:site\" content=\"@visitmontenegro\" \/>\n<meta name=\"twitter:label1\" content=\"Gesch\u00e4tzte Lesezeit\" \/>\n\t<meta name=\"twitter:data1\" content=\"2\u00a0Minuten\" \/>\n<script type=\"application\/ld+json\" class=\"yoast-schema-graph\">{\"@context\":\"https:\\\/\\\/schema.org\",\"@graph\":[{\"@type\":\"WebPage\",\"@id\":\"https:\\\/\\\/www.visit-montenegro.com\\\/de\\\/reiseziele\\\/petrovac\\\/sehenswuerdigkeiten\\\/rezevici-monastery\\\/\",\"url\":\"https:\\\/\\\/www.visit-montenegro.com\\\/de\\\/reiseziele\\\/petrovac\\\/sehenswuerdigkeiten\\\/rezevici-monastery\\\/\",\"name\":\"Re\u017eevi\u0107i-Kloster - Visit Montenegro\",\"isPartOf\":{\"@id\":\"https:\\\/\\\/www.visit-montenegro.com\\\/de\\\/#website\"},\"primaryImageOfPage\":{\"@id\":\"https:\\\/\\\/www.visit-montenegro.com\\\/de\\\/reiseziele\\\/petrovac\\\/sehenswuerdigkeiten\\\/rezevici-monastery\\\/#primaryimage\"},\"image\":{\"@id\":\"https:\\\/\\\/www.visit-montenegro.com\\\/de\\\/reiseziele\\\/petrovac\\\/sehenswuerdigkeiten\\\/rezevici-monastery\\\/#primaryimage\"},\"thumbnailUrl\":\"https:\\\/\\\/www.visit-montenegro.com\\\/wp-content\\\/uploads\\\/2026\\\/01\\\/petrovac-rezevici-monastery-scaled.jpg\",\"datePublished\":\"2026-01-27T20:44:32+00:00\",\"dateModified\":\"2026-02-22T16:09:05+00:00\",\"description\":\"Entdecken Sie das Re\u017eevi\u0107i-Kloster in Montenegro: eine UNESCO-gesch\u00fctzte St\u00e4tte mit mittelalterlichen Fresken, k\u00f6niglicher Geschichte und beeindruckender Architektur. Planen Sie Ihren Besuch dieses historischen Juwels.\",\"breadcrumb\":{\"@id\":\"https:\\\/\\\/www.visit-montenegro.com\\\/de\\\/reiseziele\\\/petrovac\\\/sehenswuerdigkeiten\\\/rezevici-monastery\\\/#breadcrumb\"},\"inLanguage\":\"de\",\"potentialAction\":[{\"@type\":\"ReadAction\",\"target\":[\"https:\\\/\\\/www.visit-montenegro.com\\\/de\\\/reiseziele\\\/petrovac\\\/sehenswuerdigkeiten\\\/rezevici-monastery\\\/\"]}]},{\"@type\":\"ImageObject\",\"inLanguage\":\"de\",\"@id\":\"https:\\\/\\\/www.visit-montenegro.com\\\/de\\\/reiseziele\\\/petrovac\\\/sehenswuerdigkeiten\\\/rezevici-monastery\\\/#primaryimage\",\"url\":\"https:\\\/\\\/www.visit-montenegro.com\\\/wp-content\\\/uploads\\\/2026\\\/01\\\/petrovac-rezevici-monastery-scaled.jpg\",\"contentUrl\":\"https:\\\/\\\/www.visit-montenegro.com\\\/wp-content\\\/uploads\\\/2026\\\/01\\\/petrovac-rezevici-monastery-scaled.jpg\",\"width\":1600,\"height\":1064,\"caption\":\"Mittelalterliches serbisch-orthodoxes Rezevici-Kloster aus dem 12.-13. Jahrhundert, gelegen im Dorf Katun Rezevici, zwischen Budva und Petrovac. Historisches und architektonisches Kulturerbe Montenegros. Vorderansicht.\"},{\"@type\":\"BreadcrumbList\",\"@id\":\"https:\\\/\\\/www.visit-montenegro.com\\\/de\\\/reiseziele\\\/petrovac\\\/sehenswuerdigkeiten\\\/rezevici-monastery\\\/#breadcrumb\",\"itemListElement\":[{\"@type\":\"ListItem\",\"position\":1,\"name\":\"Home\",\"item\":\"https:\\\/\\\/www.visit-montenegro.com\\\/de\\\/home\\\/\"},{\"@type\":\"ListItem\",\"position\":2,\"name\":\"Reiseziele in Montenegro\",\"item\":\"https:\\\/\\\/www.visit-montenegro.com\\\/de\\\/reiseziele\\\/\"},{\"@type\":\"ListItem\",\"position\":3,\"name\":\"Petrovac\",\"item\":\"https:\\\/\\\/www.visit-montenegro.com\\\/de\\\/reiseziele\\\/petrovac\\\/\"},{\"@type\":\"ListItem\",\"position\":4,\"name\":\"Petrovac Sehensw\u00fcrdigkeiten\",\"item\":\"https:\\\/\\\/www.visit-montenegro.com\\\/de\\\/reiseziele\\\/petrovac\\\/sehenswuerdigkeiten\\\/\"},{\"@type\":\"ListItem\",\"position\":5,\"name\":\"Re\u017eevi\u0107i-Kloster\"}]},{\"@type\":\"WebSite\",\"@id\":\"https:\\\/\\\/www.visit-montenegro.com\\\/de\\\/#website\",\"url\":\"https:\\\/\\\/www.visit-montenegro.com\\\/de\\\/\",\"name\":\"Visit Montenegro\",\"description\":\"Breathtaking beauty\",\"publisher\":{\"@id\":\"https:\\\/\\\/www.visit-montenegro.com\\\/de\\\/#organization\"},\"potentialAction\":[{\"@type\":\"SearchAction\",\"target\":{\"@type\":\"EntryPoint\",\"urlTemplate\":\"https:\\\/\\\/www.visit-montenegro.com\\\/de\\\/?s={search_term_string}\"},\"query-input\":{\"@type\":\"PropertyValueSpecification\",\"valueRequired\":true,\"valueName\":\"search_term_string\"}}],\"inLanguage\":\"de\"},{\"@type\":\"Organization\",\"@id\":\"https:\\\/\\\/www.visit-montenegro.com\\\/de\\\/#organization\",\"name\":\"Visit Montenegro\",\"url\":\"https:\\\/\\\/www.visit-montenegro.com\\\/de\\\/\",\"logo\":{\"@type\":\"ImageObject\",\"inLanguage\":\"de\",\"@id\":\"https:\\\/\\\/www.visit-montenegro.com\\\/de\\\/#\\\/schema\\\/logo\\\/image\\\/\",\"url\":\"https:\\\/\\\/www.visit-montenegro.com\\\/wp-content\\\/uploads\\\/2017\\\/10\\\/logo-amp.png\",\"contentUrl\":\"https:\\\/\\\/www.visit-montenegro.com\\\/wp-content\\\/uploads\\\/2017\\\/10\\\/logo-amp.png\",\"width\":190,\"height\":36,\"caption\":\"Visit Montenegro\"},\"image\":{\"@id\":\"https:\\\/\\\/www.visit-montenegro.com\\\/de\\\/#\\\/schema\\\/logo\\\/image\\\/\"},\"sameAs\":[\"https:\\\/\\\/www.facebook.com\\\/visitmontenegro\",\"https:\\\/\\\/x.com\\\/visitmontenegro\",\"https:\\\/\\\/www.instagram.com\\\/visit_montenegro\\\/\",\"https:\\\/\\\/www.youtube.com\\\/user\\\/VisitMontenegro\"]}]}<\/script>\n<!-- \/ Yoast SEO plugin. -->","yoast_head_json":{"title":"Re\u017eevi\u0107i-Kloster - Visit Montenegro","description":"Entdecken Sie das Re\u017eevi\u0107i-Kloster in Montenegro: eine UNESCO-gesch\u00fctzte St\u00e4tte mit mittelalterlichen Fresken, k\u00f6niglicher Geschichte und beeindruckender Architektur. Planen Sie Ihren Besuch dieses historischen Juwels.","robots":{"index":"index","follow":"follow","max-snippet":"max-snippet:-1","max-image-preview":"max-image-preview:large","max-video-preview":"max-video-preview:-1"},"canonical":"https:\/\/www.visit-montenegro.com\/de\/reiseziele\/petrovac\/sehenswuerdigkeiten\/rezevici-monastery\/","og_locale":"de_DE","og_type":"article","og_title":"Re\u017eevi\u0107i-Kloster - Visit Montenegro","og_description":"Entdecken Sie das Re\u017eevi\u0107i-Kloster in Montenegro: eine UNESCO-gesch\u00fctzte St\u00e4tte mit mittelalterlichen Fresken, k\u00f6niglicher Geschichte und beeindruckender Architektur. Planen Sie Ihren Besuch dieses historischen Juwels.","og_url":"https:\/\/www.visit-montenegro.com\/de\/reiseziele\/petrovac\/sehenswuerdigkeiten\/rezevici-monastery\/","og_site_name":"Visit Montenegro","article_publisher":"https:\/\/www.facebook.com\/visitmontenegro","article_modified_time":"2026-02-22T16:09:05+00:00","og_image":[{"width":1600,"height":1064,"url":"https:\/\/www.visit-montenegro.com\/wp-content\/uploads\/2026\/01\/petrovac-rezevici-monastery-scaled.jpg","type":"image\/jpeg"}],"twitter_card":"summary_large_image","twitter_site":"@visitmontenegro","twitter_misc":{"Gesch\u00e4tzte Lesezeit":"2\u00a0Minuten"},"schema":{"@context":"https:\/\/schema.org","@graph":[{"@type":"WebPage","@id":"https:\/\/www.visit-montenegro.com\/de\/reiseziele\/petrovac\/sehenswuerdigkeiten\/rezevici-monastery\/","url":"https:\/\/www.visit-montenegro.com\/de\/reiseziele\/petrovac\/sehenswuerdigkeiten\/rezevici-monastery\/","name":"Re\u017eevi\u0107i-Kloster - Visit Montenegro","isPartOf":{"@id":"https:\/\/www.visit-montenegro.com\/de\/#website"},"primaryImageOfPage":{"@id":"https:\/\/www.visit-montenegro.com\/de\/reiseziele\/petrovac\/sehenswuerdigkeiten\/rezevici-monastery\/#primaryimage"},"image":{"@id":"https:\/\/www.visit-montenegro.com\/de\/reiseziele\/petrovac\/sehenswuerdigkeiten\/rezevici-monastery\/#primaryimage"},"thumbnailUrl":"https:\/\/www.visit-montenegro.com\/wp-content\/uploads\/2026\/01\/petrovac-rezevici-monastery-scaled.jpg","datePublished":"2026-01-27T20:44:32+00:00","dateModified":"2026-02-22T16:09:05+00:00","description":"Entdecken Sie das Re\u017eevi\u0107i-Kloster in Montenegro: eine UNESCO-gesch\u00fctzte St\u00e4tte mit mittelalterlichen Fresken, k\u00f6niglicher Geschichte und beeindruckender Architektur. Planen Sie Ihren Besuch dieses historischen Juwels.","breadcrumb":{"@id":"https:\/\/www.visit-montenegro.com\/de\/reiseziele\/petrovac\/sehenswuerdigkeiten\/rezevici-monastery\/#breadcrumb"},"inLanguage":"de","potentialAction":[{"@type":"ReadAction","target":["https:\/\/www.visit-montenegro.com\/de\/reiseziele\/petrovac\/sehenswuerdigkeiten\/rezevici-monastery\/"]}]},{"@type":"ImageObject","inLanguage":"de","@id":"https:\/\/www.visit-montenegro.com\/de\/reiseziele\/petrovac\/sehenswuerdigkeiten\/rezevici-monastery\/#primaryimage","url":"https:\/\/www.visit-montenegro.com\/wp-content\/uploads\/2026\/01\/petrovac-rezevici-monastery-scaled.jpg","contentUrl":"https:\/\/www.visit-montenegro.com\/wp-content\/uploads\/2026\/01\/petrovac-rezevici-monastery-scaled.jpg","width":1600,"height":1064,"caption":"Mittelalterliches serbisch-orthodoxes Rezevici-Kloster aus dem 12.-13. Jahrhundert, gelegen im Dorf Katun Rezevici, zwischen Budva und Petrovac. Historisches und architektonisches Kulturerbe Montenegros. Vorderansicht."},{"@type":"BreadcrumbList","@id":"https:\/\/www.visit-montenegro.com\/de\/reiseziele\/petrovac\/sehenswuerdigkeiten\/rezevici-monastery\/#breadcrumb","itemListElement":[{"@type":"ListItem","position":1,"name":"Home","item":"https:\/\/www.visit-montenegro.com\/de\/home\/"},{"@type":"ListItem","position":2,"name":"Reiseziele in Montenegro","item":"https:\/\/www.visit-montenegro.com\/de\/reiseziele\/"},{"@type":"ListItem","position":3,"name":"Petrovac","item":"https:\/\/www.visit-montenegro.com\/de\/reiseziele\/petrovac\/"},{"@type":"ListItem","position":4,"name":"Petrovac Sehensw\u00fcrdigkeiten","item":"https:\/\/www.visit-montenegro.com\/de\/reiseziele\/petrovac\/sehenswuerdigkeiten\/"},{"@type":"ListItem","position":5,"name":"Re\u017eevi\u0107i-Kloster"}]},{"@type":"WebSite","@id":"https:\/\/www.visit-montenegro.com\/de\/#website","url":"https:\/\/www.visit-montenegro.com\/de\/","name":"Visit Montenegro","description":"Breathtaking beauty","publisher":{"@id":"https:\/\/www.visit-montenegro.com\/de\/#organization"},"potentialAction":[{"@type":"SearchAction","target":{"@type":"EntryPoint","urlTemplate":"https:\/\/www.visit-montenegro.com\/de\/?s={search_term_string}"},"query-input":{"@type":"PropertyValueSpecification","valueRequired":true,"valueName":"search_term_string"}}],"inLanguage":"de"},{"@type":"Organization","@id":"https:\/\/www.visit-montenegro.com\/de\/#organization","name":"Visit Montenegro","url":"https:\/\/www.visit-montenegro.com\/de\/","logo":{"@type":"ImageObject","inLanguage":"de","@id":"https:\/\/www.visit-montenegro.com\/de\/#\/schema\/logo\/image\/","url":"https:\/\/www.visit-montenegro.com\/wp-content\/uploads\/2017\/10\/logo-amp.png","contentUrl":"https:\/\/www.visit-montenegro.com\/wp-content\/uploads\/2017\/10\/logo-amp.png","width":190,"height":36,"caption":"Visit Montenegro"},"image":{"@id":"https:\/\/www.visit-montenegro.com\/de\/#\/schema\/logo\/image\/"},"sameAs":["https:\/\/www.facebook.com\/visitmontenegro","https:\/\/x.com\/visitmontenegro","https:\/\/www.instagram.com\/visit_montenegro\/","https:\/\/www.youtube.com\/user\/VisitMontenegro"]}]}},"translations":[],"_links":{"self":[{"href":"https:\/\/www.visit-montenegro.com\/de\/wp-json\/wp\/v2\/pages\/134930","targetHints":{"allow":["GET"]}}],"collection":[{"href":"https:\/\/www.visit-montenegro.com\/de\/wp-json\/wp\/v2\/pages"}],"about":[{"href":"https:\/\/www.visit-montenegro.com\/de\/wp-json\/wp\/v2\/types\/page"}],"author":[{"embeddable":true,"href":"https:\/\/www.visit-montenegro.com\/de\/wp-json\/wp\/v2\/users\/1"}],"replies":[{"embeddable":true,"href":"https:\/\/www.visit-montenegro.com\/de\/wp-json\/wp\/v2\/comments?post=134930"}],"version-history":[{"count":0,"href":"https:\/\/www.visit-montenegro.com\/de\/wp-json\/wp\/v2\/pages\/134930\/revisions"}],"up":[{"embeddable":true,"href":"https:\/\/www.visit-montenegro.com\/de\/wp-json\/wp\/v2\/pages\/134911"}],"wp:featuredmedia":[{"embeddable":true,"href":"https:\/\/www.visit-montenegro.com\/de\/wp-json\/wp\/v2\/media\/134931"}],"wp:attachment":[{"href":"https:\/\/www.visit-montenegro.com\/de\/wp-json\/wp\/v2\/media?parent=134930"}],"wp:term":[{"taxonomy":"post_tag","embeddable":true,"href":"https:\/\/www.visit-montenegro.com\/de\/wp-json\/wp\/v2\/tags?post=134930"}],"curies":[{"name":"wp","href":"https:\/\/api.w.org\/{rel}","templated":true}]}}