{"id":134938,"date":"2026-01-27T21:44:32","date_gmt":"2026-01-27T20:44:32","guid":{"rendered":"https:\/\/new.visit-montenegro.com\/ziele\/petrovac\/attractions\/sveta-nedjelja-island\/"},"modified":"2026-02-22T17:09:05","modified_gmt":"2026-02-22T16:09:05","slug":"sveta-nedjelja-island","status":"publish","type":"page","link":"https:\/\/www.visit-montenegro.com\/de\/reiseziele\/petrovac\/sehenswuerdigkeiten\/sveta-nedjelja-island\/","title":{"rendered":"Insel Sveta Nedjelja"},"content":{"rendered":"\n<p><strong>Die Insel Sveta Nedjelja<\/strong> ist eine kleine Insel direkt gegen\u00fcber von <a href=\"https:\/\/www.visit-montenegro.com\/de\/reiseziele\/petrovac\/\">Petrovac<\/a> in Montenegro. Sie verf\u00fcgt \u00fcber eine Kirche, die im sp\u00e4ten 20. Jahrhundert erbaut wurde und die urspr\u00fcngliche ersetzt, die beim Erdbeben von 1979 zerst\u00f6rt wurde. Die Insel ist mit Touristenbooten, Kajaks oder Pedalinobooten erreichbar, aber Schwimmen wird aufgrund der fast 1 km Entfernung vom Ufer nicht empfohlen.<\/p>\n\n<hr class=\"wp-block-separator has-alpha-channel-opacity\"\/>\n\n<h2 class=\"wp-block-heading\">Lage und Geschichte der Insel Sveta Nedjelja<\/h2>\n\n<p>Die Insel liegt direkt gegen\u00fcber von Petrovac. Auf der Insel selbst befindet sich eine kleine Kirche, die im sp\u00e4ten 20. Jahrhundert nach dem verheerenden Erdbeben von 1979 erbaut wurde, das die urspr\u00fcngliche vollst\u00e4ndig zerst\u00f6rte.<\/p>\n\n<h2 class=\"wp-block-heading\">Wie man die Insel Sveta Nedjelja erreicht<\/h2>\n\n<p>Die Insel kann mit vielen Touristenbooten von Petrovac aus erreicht werden, oder f\u00fcr Abenteuerlustige mit Kajak oder Pedalinobooten. Obwohl die Insel vom Strand aus betrachtet recht nahe erscheint, ist sie tats\u00e4chlich fast 1 km entfernt, daher raten wir davon ab, sie schwimmend zu erreichen.<\/p>\n","protected":false},"excerpt":{"rendered":"<p>Entdecken Sie die Insel Sveta Nedjelja, einen malerischen Ort bei Petrovac mit einer historischen Kirche und landschaftlichen Aussichten. Erfahren Sie, wie Sie sie sicher per Boot oder Kajak besuchen k\u00f6nnen und warum Schwimmen nicht empfohlen wird.<\/p>\n","protected":false},"author":1,"featured_media":134939,"parent":134911,"menu_order":0,"comment_status":"closed","ping_status":"closed","template":"","meta":{"_yoast_wpseo_focuskw":"Insel Sveta Nedjelja","_yoast_wpseo_metadesc":"Entdecken Sie die Insel Sveta Nedjelja bei Petrovac: ihre Geschichte, Kirche und wie Sie sie per Boot oder Kajak besuchen k\u00f6nnen. Planen Sie Ihre Reise zu diesem sch\u00f6nen montenegrinischen Ziel.","_kad_post_transparent":"","_kad_post_title":"","_kad_post_layout":"","_kad_post_sidebar_id":"","_kad_post_content_style":"","_kad_post_vertical_padding":"","_kad_post_feature":"","_kad_post_feature_position":"","_kad_post_header":false,"_kad_post_footer":false,"_kad_post_classname":"","iawp_total_views":8,"footnotes":""},"tags":[],"class_list":["post-134938","page","type-page","status-publish","has-post-thumbnail","hentry"],"yoast_head":"<!-- This site is optimized with the Yoast SEO plugin v27.3 - https:\/\/yoast.com\/product\/yoast-seo-wordpress\/ -->\n<title>Insel Sveta Nedjelja - Visit Montenegro<\/title>\n<meta name=\"description\" content=\"Entdecken Sie die Insel Sveta Nedjelja bei Petrovac: ihre Geschichte, Kirche und wie Sie sie per Boot oder Kajak besuchen k\u00f6nnen. Planen Sie Ihre Reise zu diesem sch\u00f6nen montenegrinischen Ziel.\" \/>\n<meta name=\"robots\" content=\"index, follow, max-snippet:-1, max-image-preview:large, max-video-preview:-1\" \/>\n<link rel=\"canonical\" href=\"https:\/\/www.visit-montenegro.com\/de\/reiseziele\/petrovac\/sehenswuerdigkeiten\/sveta-nedjelja-island\/\" \/>\n<meta property=\"og:locale\" content=\"de_DE\" \/>\n<meta property=\"og:type\" content=\"article\" \/>\n<meta property=\"og:title\" content=\"Insel Sveta Nedjelja - Visit Montenegro\" \/>\n<meta property=\"og:description\" content=\"Entdecken Sie die Insel Sveta Nedjelja bei Petrovac: ihre Geschichte, Kirche und wie Sie sie per Boot oder Kajak besuchen k\u00f6nnen. Planen Sie Ihre Reise zu diesem sch\u00f6nen montenegrinischen Ziel.\" \/>\n<meta property=\"og:url\" content=\"https:\/\/www.visit-montenegro.com\/de\/reiseziele\/petrovac\/sehenswuerdigkeiten\/sveta-nedjelja-island\/\" \/>\n<meta property=\"og:site_name\" content=\"Visit Montenegro\" \/>\n<meta property=\"article:publisher\" content=\"https:\/\/www.facebook.com\/visitmontenegro\" \/>\n<meta property=\"article:modified_time\" content=\"2026-02-22T16:09:05+00:00\" \/>\n<meta property=\"og:image\" content=\"https:\/\/www.visit-montenegro.com\/wp-content\/uploads\/2026\/01\/petrovac-island-scaled.jpg\" \/>\n\t<meta property=\"og:image:width\" content=\"1600\" \/>\n\t<meta property=\"og:image:height\" content=\"1067\" \/>\n\t<meta property=\"og:image:type\" content=\"image\/jpeg\" \/>\n<meta name=\"twitter:card\" content=\"summary_large_image\" \/>\n<meta name=\"twitter:site\" content=\"@visitmontenegro\" \/>\n<meta name=\"twitter:label1\" content=\"Gesch\u00e4tzte Lesezeit\" \/>\n\t<meta name=\"twitter:data1\" content=\"1\u00a0Minute\" \/>\n<script type=\"application\/ld+json\" class=\"yoast-schema-graph\">{\"@context\":\"https:\\\/\\\/schema.org\",\"@graph\":[{\"@type\":\"WebPage\",\"@id\":\"https:\\\/\\\/www.visit-montenegro.com\\\/de\\\/reiseziele\\\/petrovac\\\/sehenswuerdigkeiten\\\/sveta-nedjelja-island\\\/\",\"url\":\"https:\\\/\\\/www.visit-montenegro.com\\\/de\\\/reiseziele\\\/petrovac\\\/sehenswuerdigkeiten\\\/sveta-nedjelja-island\\\/\",\"name\":\"Insel Sveta Nedjelja - Visit Montenegro\",\"isPartOf\":{\"@id\":\"https:\\\/\\\/www.visit-montenegro.com\\\/de\\\/#website\"},\"primaryImageOfPage\":{\"@id\":\"https:\\\/\\\/www.visit-montenegro.com\\\/de\\\/reiseziele\\\/petrovac\\\/sehenswuerdigkeiten\\\/sveta-nedjelja-island\\\/#primaryimage\"},\"image\":{\"@id\":\"https:\\\/\\\/www.visit-montenegro.com\\\/de\\\/reiseziele\\\/petrovac\\\/sehenswuerdigkeiten\\\/sveta-nedjelja-island\\\/#primaryimage\"},\"thumbnailUrl\":\"https:\\\/\\\/www.visit-montenegro.com\\\/wp-content\\\/uploads\\\/2026\\\/01\\\/petrovac-island-scaled.jpg\",\"datePublished\":\"2026-01-27T20:44:32+00:00\",\"dateModified\":\"2026-02-22T16:09:05+00:00\",\"description\":\"Entdecken Sie die Insel Sveta Nedjelja bei Petrovac: ihre Geschichte, Kirche und wie Sie sie per Boot oder Kajak besuchen k\u00f6nnen. Planen Sie Ihre Reise zu diesem sch\u00f6nen montenegrinischen Ziel.\",\"breadcrumb\":{\"@id\":\"https:\\\/\\\/www.visit-montenegro.com\\\/de\\\/reiseziele\\\/petrovac\\\/sehenswuerdigkeiten\\\/sveta-nedjelja-island\\\/#breadcrumb\"},\"inLanguage\":\"de\",\"potentialAction\":[{\"@type\":\"ReadAction\",\"target\":[\"https:\\\/\\\/www.visit-montenegro.com\\\/de\\\/reiseziele\\\/petrovac\\\/sehenswuerdigkeiten\\\/sveta-nedjelja-island\\\/\"]}]},{\"@type\":\"ImageObject\",\"inLanguage\":\"de\",\"@id\":\"https:\\\/\\\/www.visit-montenegro.com\\\/de\\\/reiseziele\\\/petrovac\\\/sehenswuerdigkeiten\\\/sveta-nedjelja-island\\\/#primaryimage\",\"url\":\"https:\\\/\\\/www.visit-montenegro.com\\\/wp-content\\\/uploads\\\/2026\\\/01\\\/petrovac-island-scaled.jpg\",\"contentUrl\":\"https:\\\/\\\/www.visit-montenegro.com\\\/wp-content\\\/uploads\\\/2026\\\/01\\\/petrovac-island-scaled.jpg\",\"width\":1600,\"height\":1067,\"caption\":\"Draufsicht auf die Insel mit einem Steingeb\u00e4ude\"},{\"@type\":\"BreadcrumbList\",\"@id\":\"https:\\\/\\\/www.visit-montenegro.com\\\/de\\\/reiseziele\\\/petrovac\\\/sehenswuerdigkeiten\\\/sveta-nedjelja-island\\\/#breadcrumb\",\"itemListElement\":[{\"@type\":\"ListItem\",\"position\":1,\"name\":\"Home\",\"item\":\"https:\\\/\\\/www.visit-montenegro.com\\\/de\\\/home\\\/\"},{\"@type\":\"ListItem\",\"position\":2,\"name\":\"Reiseziele in Montenegro\",\"item\":\"https:\\\/\\\/www.visit-montenegro.com\\\/de\\\/reiseziele\\\/\"},{\"@type\":\"ListItem\",\"position\":3,\"name\":\"Petrovac\",\"item\":\"https:\\\/\\\/www.visit-montenegro.com\\\/de\\\/reiseziele\\\/petrovac\\\/\"},{\"@type\":\"ListItem\",\"position\":4,\"name\":\"Petrovac Sehensw\u00fcrdigkeiten\",\"item\":\"https:\\\/\\\/www.visit-montenegro.com\\\/de\\\/reiseziele\\\/petrovac\\\/sehenswuerdigkeiten\\\/\"},{\"@type\":\"ListItem\",\"position\":5,\"name\":\"Insel Sveta Nedjelja\"}]},{\"@type\":\"WebSite\",\"@id\":\"https:\\\/\\\/www.visit-montenegro.com\\\/de\\\/#website\",\"url\":\"https:\\\/\\\/www.visit-montenegro.com\\\/de\\\/\",\"name\":\"Visit Montenegro\",\"description\":\"Breathtaking beauty\",\"publisher\":{\"@id\":\"https:\\\/\\\/www.visit-montenegro.com\\\/de\\\/#organization\"},\"potentialAction\":[{\"@type\":\"SearchAction\",\"target\":{\"@type\":\"EntryPoint\",\"urlTemplate\":\"https:\\\/\\\/www.visit-montenegro.com\\\/de\\\/?s={search_term_string}\"},\"query-input\":{\"@type\":\"PropertyValueSpecification\",\"valueRequired\":true,\"valueName\":\"search_term_string\"}}],\"inLanguage\":\"de\"},{\"@type\":\"Organization\",\"@id\":\"https:\\\/\\\/www.visit-montenegro.com\\\/de\\\/#organization\",\"name\":\"Visit Montenegro\",\"url\":\"https:\\\/\\\/www.visit-montenegro.com\\\/de\\\/\",\"logo\":{\"@type\":\"ImageObject\",\"inLanguage\":\"de\",\"@id\":\"https:\\\/\\\/www.visit-montenegro.com\\\/de\\\/#\\\/schema\\\/logo\\\/image\\\/\",\"url\":\"https:\\\/\\\/www.visit-montenegro.com\\\/wp-content\\\/uploads\\\/2017\\\/10\\\/logo-amp.png\",\"contentUrl\":\"https:\\\/\\\/www.visit-montenegro.com\\\/wp-content\\\/uploads\\\/2017\\\/10\\\/logo-amp.png\",\"width\":190,\"height\":36,\"caption\":\"Visit Montenegro\"},\"image\":{\"@id\":\"https:\\\/\\\/www.visit-montenegro.com\\\/de\\\/#\\\/schema\\\/logo\\\/image\\\/\"},\"sameAs\":[\"https:\\\/\\\/www.facebook.com\\\/visitmontenegro\",\"https:\\\/\\\/x.com\\\/visitmontenegro\",\"https:\\\/\\\/www.instagram.com\\\/visit_montenegro\\\/\",\"https:\\\/\\\/www.youtube.com\\\/user\\\/VisitMontenegro\"]}]}<\/script>\n<!-- \/ Yoast SEO plugin. -->","yoast_head_json":{"title":"Insel Sveta Nedjelja - Visit Montenegro","description":"Entdecken Sie die Insel Sveta Nedjelja bei Petrovac: ihre Geschichte, Kirche und wie Sie sie per Boot oder Kajak besuchen k\u00f6nnen. Planen Sie Ihre Reise zu diesem sch\u00f6nen montenegrinischen Ziel.","robots":{"index":"index","follow":"follow","max-snippet":"max-snippet:-1","max-image-preview":"max-image-preview:large","max-video-preview":"max-video-preview:-1"},"canonical":"https:\/\/www.visit-montenegro.com\/de\/reiseziele\/petrovac\/sehenswuerdigkeiten\/sveta-nedjelja-island\/","og_locale":"de_DE","og_type":"article","og_title":"Insel Sveta Nedjelja - Visit Montenegro","og_description":"Entdecken Sie die Insel Sveta Nedjelja bei Petrovac: ihre Geschichte, Kirche und wie Sie sie per Boot oder Kajak besuchen k\u00f6nnen. Planen Sie Ihre Reise zu diesem sch\u00f6nen montenegrinischen Ziel.","og_url":"https:\/\/www.visit-montenegro.com\/de\/reiseziele\/petrovac\/sehenswuerdigkeiten\/sveta-nedjelja-island\/","og_site_name":"Visit Montenegro","article_publisher":"https:\/\/www.facebook.com\/visitmontenegro","article_modified_time":"2026-02-22T16:09:05+00:00","og_image":[{"width":1600,"height":1067,"url":"https:\/\/www.visit-montenegro.com\/wp-content\/uploads\/2026\/01\/petrovac-island-scaled.jpg","type":"image\/jpeg"}],"twitter_card":"summary_large_image","twitter_site":"@visitmontenegro","twitter_misc":{"Gesch\u00e4tzte Lesezeit":"1\u00a0Minute"},"schema":{"@context":"https:\/\/schema.org","@graph":[{"@type":"WebPage","@id":"https:\/\/www.visit-montenegro.com\/de\/reiseziele\/petrovac\/sehenswuerdigkeiten\/sveta-nedjelja-island\/","url":"https:\/\/www.visit-montenegro.com\/de\/reiseziele\/petrovac\/sehenswuerdigkeiten\/sveta-nedjelja-island\/","name":"Insel Sveta Nedjelja - Visit Montenegro","isPartOf":{"@id":"https:\/\/www.visit-montenegro.com\/de\/#website"},"primaryImageOfPage":{"@id":"https:\/\/www.visit-montenegro.com\/de\/reiseziele\/petrovac\/sehenswuerdigkeiten\/sveta-nedjelja-island\/#primaryimage"},"image":{"@id":"https:\/\/www.visit-montenegro.com\/de\/reiseziele\/petrovac\/sehenswuerdigkeiten\/sveta-nedjelja-island\/#primaryimage"},"thumbnailUrl":"https:\/\/www.visit-montenegro.com\/wp-content\/uploads\/2026\/01\/petrovac-island-scaled.jpg","datePublished":"2026-01-27T20:44:32+00:00","dateModified":"2026-02-22T16:09:05+00:00","description":"Entdecken Sie die Insel Sveta Nedjelja bei Petrovac: ihre Geschichte, Kirche und wie Sie sie per Boot oder Kajak besuchen k\u00f6nnen. Planen Sie Ihre Reise zu diesem sch\u00f6nen montenegrinischen Ziel.","breadcrumb":{"@id":"https:\/\/www.visit-montenegro.com\/de\/reiseziele\/petrovac\/sehenswuerdigkeiten\/sveta-nedjelja-island\/#breadcrumb"},"inLanguage":"de","potentialAction":[{"@type":"ReadAction","target":["https:\/\/www.visit-montenegro.com\/de\/reiseziele\/petrovac\/sehenswuerdigkeiten\/sveta-nedjelja-island\/"]}]},{"@type":"ImageObject","inLanguage":"de","@id":"https:\/\/www.visit-montenegro.com\/de\/reiseziele\/petrovac\/sehenswuerdigkeiten\/sveta-nedjelja-island\/#primaryimage","url":"https:\/\/www.visit-montenegro.com\/wp-content\/uploads\/2026\/01\/petrovac-island-scaled.jpg","contentUrl":"https:\/\/www.visit-montenegro.com\/wp-content\/uploads\/2026\/01\/petrovac-island-scaled.jpg","width":1600,"height":1067,"caption":"Draufsicht auf die Insel mit einem Steingeb\u00e4ude"},{"@type":"BreadcrumbList","@id":"https:\/\/www.visit-montenegro.com\/de\/reiseziele\/petrovac\/sehenswuerdigkeiten\/sveta-nedjelja-island\/#breadcrumb","itemListElement":[{"@type":"ListItem","position":1,"name":"Home","item":"https:\/\/www.visit-montenegro.com\/de\/home\/"},{"@type":"ListItem","position":2,"name":"Reiseziele in Montenegro","item":"https:\/\/www.visit-montenegro.com\/de\/reiseziele\/"},{"@type":"ListItem","position":3,"name":"Petrovac","item":"https:\/\/www.visit-montenegro.com\/de\/reiseziele\/petrovac\/"},{"@type":"ListItem","position":4,"name":"Petrovac Sehensw\u00fcrdigkeiten","item":"https:\/\/www.visit-montenegro.com\/de\/reiseziele\/petrovac\/sehenswuerdigkeiten\/"},{"@type":"ListItem","position":5,"name":"Insel Sveta Nedjelja"}]},{"@type":"WebSite","@id":"https:\/\/www.visit-montenegro.com\/de\/#website","url":"https:\/\/www.visit-montenegro.com\/de\/","name":"Visit Montenegro","description":"Breathtaking beauty","publisher":{"@id":"https:\/\/www.visit-montenegro.com\/de\/#organization"},"potentialAction":[{"@type":"SearchAction","target":{"@type":"EntryPoint","urlTemplate":"https:\/\/www.visit-montenegro.com\/de\/?s={search_term_string}"},"query-input":{"@type":"PropertyValueSpecification","valueRequired":true,"valueName":"search_term_string"}}],"inLanguage":"de"},{"@type":"Organization","@id":"https:\/\/www.visit-montenegro.com\/de\/#organization","name":"Visit Montenegro","url":"https:\/\/www.visit-montenegro.com\/de\/","logo":{"@type":"ImageObject","inLanguage":"de","@id":"https:\/\/www.visit-montenegro.com\/de\/#\/schema\/logo\/image\/","url":"https:\/\/www.visit-montenegro.com\/wp-content\/uploads\/2017\/10\/logo-amp.png","contentUrl":"https:\/\/www.visit-montenegro.com\/wp-content\/uploads\/2017\/10\/logo-amp.png","width":190,"height":36,"caption":"Visit Montenegro"},"image":{"@id":"https:\/\/www.visit-montenegro.com\/de\/#\/schema\/logo\/image\/"},"sameAs":["https:\/\/www.facebook.com\/visitmontenegro","https:\/\/x.com\/visitmontenegro","https:\/\/www.instagram.com\/visit_montenegro\/","https:\/\/www.youtube.com\/user\/VisitMontenegro"]}]}},"translations":[],"_links":{"self":[{"href":"https:\/\/www.visit-montenegro.com\/de\/wp-json\/wp\/v2\/pages\/134938","targetHints":{"allow":["GET"]}}],"collection":[{"href":"https:\/\/www.visit-montenegro.com\/de\/wp-json\/wp\/v2\/pages"}],"about":[{"href":"https:\/\/www.visit-montenegro.com\/de\/wp-json\/wp\/v2\/types\/page"}],"author":[{"embeddable":true,"href":"https:\/\/www.visit-montenegro.com\/de\/wp-json\/wp\/v2\/users\/1"}],"replies":[{"embeddable":true,"href":"https:\/\/www.visit-montenegro.com\/de\/wp-json\/wp\/v2\/comments?post=134938"}],"version-history":[{"count":0,"href":"https:\/\/www.visit-montenegro.com\/de\/wp-json\/wp\/v2\/pages\/134938\/revisions"}],"up":[{"embeddable":true,"href":"https:\/\/www.visit-montenegro.com\/de\/wp-json\/wp\/v2\/pages\/134911"}],"wp:featuredmedia":[{"embeddable":true,"href":"https:\/\/www.visit-montenegro.com\/de\/wp-json\/wp\/v2\/media\/134939"}],"wp:attachment":[{"href":"https:\/\/www.visit-montenegro.com\/de\/wp-json\/wp\/v2\/media?parent=134938"}],"wp:term":[{"taxonomy":"post_tag","embeddable":true,"href":"https:\/\/www.visit-montenegro.com\/de\/wp-json\/wp\/v2\/tags?post=134938"}],"curies":[{"name":"wp","href":"https:\/\/api.w.org\/{rel}","templated":true}]}}