{"id":134950,"date":"2026-01-27T21:44:32","date_gmt":"2026-01-27T20:44:32","guid":{"rendered":"https:\/\/new.visit-montenegro.com\/ziele\/petrovac\/info\/straende\/"},"modified":"2026-02-22T17:09:05","modified_gmt":"2026-02-22T16:09:05","slug":"straende","status":"publish","type":"page","link":"https:\/\/www.visit-montenegro.com\/de\/reiseziele\/petrovac\/info\/straende\/","title":{"rendered":"Petrovac Str\u00e4nde"},"content":{"rendered":"\n<p><a href=\"https:\/\/www.visit-montenegro.com\/de\/reiseziele\/petrovac\/\">Petrovac<\/a> Str\u00e4nde bieten eine beeindruckende Auswahl an Sandstr\u00e4nden, kristallklarem Wasser und malerischen Buchten entlang der montenegrinischen K\u00fcste, ideal f\u00fcr Familienurlaube und entspannte Auszeiten.<\/p>\n\n<hr class=\"wp-block-separator has-alpha-channel-opacity\"\/>\n\n<h2 class=\"wp-block-heading\">Petrovac Stadtstrand<\/h2>\n\n<p>Petrovac hat einen sehr sch\u00f6nen sandigen Stadtstrand, der, je nachdem, wo Sie \u00fcbernachten m\u00f6chten, nur wenige Meter von Ihrer Unterkunft entfernt sein k\u00f6nnte. Der Strand ist 600 Meter lang und erstreckt sich von der <a href=\"https:\/\/www.visit-montenegro.com\/de\/reiseziele\/petrovac\/sehenswuerdigkeiten\/castle-lastva\/\">Burg Lastva<\/a> bis zum anderen Ende der Stadt. Daher kann der Stadtstrand in der Hochsaison von Mitte Juli bis Ende August etwas \u00fcberf\u00fcllt sein. Wenn Sie Ihren Urlaub in diesen Monaten planen, schauen Sie sich die anderen <strong>Petrovac Str\u00e4nde<\/strong> unten an.<\/p>\n\n<figure class=\"wp-block-image size-large\"><img loading=\"lazy\" decoding=\"async\" width=\"1024\" height=\"767\" src=\"https:\/\/www.visit-montenegro.com\/wp-content\/uploads\/2026\/01\/petrovac-drone-1024x767.jpg\" alt=\"\" class=\"wp-image-36155\" srcset=\"https:\/\/www.visit-montenegro.com\/wp-content\/uploads\/2026\/01\/petrovac-drone-1024x767.jpg 1024w, https:\/\/www.visit-montenegro.com\/wp-content\/uploads\/2026\/01\/petrovac-drone-300x225.jpg 300w, https:\/\/www.visit-montenegro.com\/wp-content\/uploads\/2026\/01\/petrovac-drone-768x575.jpg 768w, https:\/\/www.visit-montenegro.com\/wp-content\/uploads\/2026\/01\/petrovac-drone-1536x1150.jpg 1536w, https:\/\/www.visit-montenegro.com\/wp-content\/uploads\/2026\/01\/petrovac-drone-1200x899.jpg 1200w, https:\/\/www.visit-montenegro.com\/wp-content\/uploads\/2026\/01\/petrovac-drone-scaled.jpg 1600w\" sizes=\"auto, (max-width: 1024px) 100vw, 1024px\" \/><figcaption class=\"wp-element-caption\">Blick aus der Luft auf die alte europ\u00e4ische Stadt an der Adria-K\u00fcste, Sommer<\/figcaption><\/figure>\n\n<h2 class=\"wp-block-heading\">Lu\u010dice Strand<\/h2>\n\n<p>Der Lu\u010dice Strand ist ein wundersch\u00f6ner Sandstrand in einer lieblichen Bucht. Kristallklares Wasser wird von einem mediterranen Pinienwald \u00fcberblickt, was der Umgebung eine besondere Atmosph\u00e4re verleiht. Klein in der Gr\u00f6\u00dfe und \u00e4u\u00dferst sch\u00f6n, ist der Strand in der Saison \u00fcberf\u00fcllt. Zudem verleihen zwei kleine Inseln, Katic und <a href=\"https:\/\/www.visit-montenegro.com\/de\/reiseziele\/petrovac\/sehenswuerdigkeiten\/sveta-nedjelja-island\/\">Sveta Nedelja<\/a>, der Panoramaansicht besonderen Charme und k\u00f6nnen mit dem Boot besucht werden. Besucher k\u00f6nnen sich am Strand erfrischen, da Bars \u00fcberall vorhanden sind. W\u00e4hrend der Saison hat die H\u00e4lfte des Strandes Sonnenliegen und Sonnenschirme zum Mieten, die andere H\u00e4lfte ist kostenlos. Eine Wasserrutsche und ein Spielplatz am Ende machen ihn zu einem Paradies f\u00fcr Kinder und ihre Eltern.<\/p>\n\n<figure class=\"wp-block-image size-large\"><img loading=\"lazy\" decoding=\"async\" width=\"1024\" height=\"683\" src=\"https:\/\/www.visit-montenegro.com\/wp-content\/uploads\/2026\/01\/petrovac-lucice-beach-1024x683.jpg\" alt=\"\" class=\"wp-image-36159\" srcset=\"https:\/\/www.visit-montenegro.com\/wp-content\/uploads\/2026\/01\/petrovac-lucice-beach-1024x683.jpg 1024w, https:\/\/www.visit-montenegro.com\/wp-content\/uploads\/2026\/01\/petrovac-lucice-beach-300x200.jpg 300w, https:\/\/www.visit-montenegro.com\/wp-content\/uploads\/2026\/01\/petrovac-lucice-beach-768x512.jpg 768w, https:\/\/www.visit-montenegro.com\/wp-content\/uploads\/2026\/01\/petrovac-lucice-beach-1536x1024.jpg 1536w, https:\/\/www.visit-montenegro.com\/wp-content\/uploads\/2026\/01\/petrovac-lucice-beach-1200x800.jpg 1200w, https:\/\/www.visit-montenegro.com\/wp-content\/uploads\/2026\/01\/petrovac-lucice-beach-scaled.jpg 1600w\" sizes=\"auto, (max-width: 1024px) 100vw, 1024px\" \/><figcaption class=\"wp-element-caption\">Lu\u010dice Strand, Petrovac<\/figcaption><\/figure>\n\n<h2 class=\"wp-block-heading\">Buljarica Strand<\/h2>\n\n<p>Der Buljarica Strand ist definitiv einer der sch\u00f6nsten <strong>Petrovac Str\u00e4nde<\/strong>. Dieser 2 km lange Kiesstrand bietet eine sch\u00f6ne und friedliche Atmosph\u00e4re, perfekt f\u00fcr Familien- und Erholungsurlaube. Sie k\u00f6nnen ihn von Petrovac aus in nur wenigen Minuten mit dem Auto erreichen, mit einem gro\u00dfen Parkplatz direkt am Strand. Tats\u00e4chlich gibt es mehrere nette Restaurants und Strandbars am Strand sowie einige Spielpl\u00e4tze f\u00fcr Kinder.<\/p>\n\n<figure class=\"wp-block-image size-large\"><img loading=\"lazy\" decoding=\"async\" width=\"1024\" height=\"683\" src=\"https:\/\/www.visit-montenegro.com\/wp-content\/uploads\/2026\/01\/budva-beach-buljarica-1024x683.jpg\" alt=\"\" class=\"wp-image-36151\" srcset=\"https:\/\/www.visit-montenegro.com\/wp-content\/uploads\/2026\/01\/budva-beach-buljarica-1024x683.jpg 1024w, https:\/\/www.visit-montenegro.com\/wp-content\/uploads\/2026\/01\/budva-beach-buljarica-300x200.jpg 300w, https:\/\/www.visit-montenegro.com\/wp-content\/uploads\/2026\/01\/budva-beach-buljarica-768x512.jpg 768w, https:\/\/www.visit-montenegro.com\/wp-content\/uploads\/2026\/01\/budva-beach-buljarica-1536x1025.jpg 1536w, https:\/\/www.visit-montenegro.com\/wp-content\/uploads\/2026\/01\/budva-beach-buljarica-1200x801.jpg 1200w, https:\/\/www.visit-montenegro.com\/wp-content\/uploads\/2026\/01\/budva-beach-buljarica-scaled.jpg 1600w\" sizes=\"auto, (max-width: 1024px) 100vw, 1024px\" \/><figcaption class=\"wp-element-caption\">Buljarica Strand, Petrovac<\/figcaption><\/figure>\n\n<h2 class=\"wp-block-heading\">Perazi\u0107a Do Strand<\/h2>\n\n<p>Der Sandstrand in <a href=\"https:\/\/www.visit-montenegro.com\/de\/reiseziele\/petrovac\/sehenswuerdigkeiten\/perazica-do\/\">Perazica Do<\/a> ist nur wenige hundert Meter lang. Jedoch macht sein kristallklares t\u00fcrkisfarbenes Wasser ihn zu einem der besten <strong>Petrovac Str\u00e4nde<\/strong> an der K\u00fcste Montenegros.<\/p>\n\n<figure class=\"wp-block-image size-large\"><img loading=\"lazy\" decoding=\"async\" width=\"1024\" height=\"767\" src=\"https:\/\/www.visit-montenegro.com\/wp-content\/uploads\/2026\/01\/petrovac-perazica-do-1024x767.jpg\" alt=\"\" class=\"wp-image-36161\" srcset=\"https:\/\/www.visit-montenegro.com\/wp-content\/uploads\/2026\/01\/petrovac-perazica-do-1024x767.jpg 1024w, https:\/\/www.visit-montenegro.com\/wp-content\/uploads\/2026\/01\/petrovac-perazica-do-300x225.jpg 300w, https:\/\/www.visit-montenegro.com\/wp-content\/uploads\/2026\/01\/petrovac-perazica-do-768x575.jpg 768w, https:\/\/www.visit-montenegro.com\/wp-content\/uploads\/2026\/01\/petrovac-perazica-do-1536x1150.jpg 1536w, https:\/\/www.visit-montenegro.com\/wp-content\/uploads\/2026\/01\/petrovac-perazica-do-1200x899.jpg 1200w, https:\/\/www.visit-montenegro.com\/wp-content\/uploads\/2026\/01\/petrovac-perazica-do-scaled.jpg 1600w\" sizes=\"auto, (max-width: 1024px) 100vw, 1024px\" \/><figcaption class=\"wp-element-caption\">Luftaufnahme der Str\u00e4nde der Adria-K\u00fcste in Montenegro<\/figcaption><\/figure>\n","protected":false},"excerpt":{"rendered":"<p>Entdecken Sie die atemberaubenden Petrovac Str\u00e4nde in Montenegro, von sandigen Stadtstr\u00e4nden bis zu malerischen Buchten. Perfekt f\u00fcr Familienurlaube und entspannte Auszeiten, bieten diese Str\u00e4nde kristallklares Wasser und wundersch\u00f6ne Umgebungen.<\/p>\n","protected":false},"author":1,"featured_media":134951,"parent":134944,"menu_order":0,"comment_status":"closed","ping_status":"closed","template":"","meta":{"_yoast_wpseo_focuskw":"Petrovac Str\u00e4nde","_yoast_wpseo_metadesc":"Entdecken Sie die besten Petrovac Str\u00e4nde in Montenegro: Sandstr\u00e4nde, kristallklares Wasser und malerische Buchten, perfekt f\u00fcr Familienurlaube und entspannte Auszeiten.","_kad_post_transparent":"","_kad_post_title":"","_kad_post_layout":"","_kad_post_sidebar_id":"","_kad_post_content_style":"","_kad_post_vertical_padding":"","_kad_post_feature":"","_kad_post_feature_position":"","_kad_post_header":false,"_kad_post_footer":false,"_kad_post_classname":"","iawp_total_views":5,"footnotes":""},"tags":[],"class_list":["post-134950","page","type-page","status-publish","has-post-thumbnail","hentry"],"yoast_head":"<!-- This site is optimized with the Yoast SEO plugin v27.3 - https:\/\/yoast.com\/product\/yoast-seo-wordpress\/ -->\n<title>Petrovac Str\u00e4nde - Visit Montenegro<\/title>\n<meta name=\"description\" content=\"Entdecken Sie die besten Petrovac Str\u00e4nde in Montenegro: Sandstr\u00e4nde, kristallklares Wasser und malerische Buchten, perfekt f\u00fcr Familienurlaube und entspannte Auszeiten.\" \/>\n<meta name=\"robots\" content=\"index, follow, max-snippet:-1, max-image-preview:large, max-video-preview:-1\" \/>\n<link rel=\"canonical\" href=\"https:\/\/www.visit-montenegro.com\/de\/reiseziele\/petrovac\/info\/straende\/\" \/>\n<meta property=\"og:locale\" content=\"de_DE\" \/>\n<meta property=\"og:type\" content=\"article\" \/>\n<meta property=\"og:title\" content=\"Petrovac Str\u00e4nde - Visit Montenegro\" \/>\n<meta property=\"og:description\" content=\"Entdecken Sie die besten Petrovac Str\u00e4nde in Montenegro: Sandstr\u00e4nde, kristallklares Wasser und malerische Buchten, perfekt f\u00fcr Familienurlaube und entspannte Auszeiten.\" \/>\n<meta property=\"og:url\" content=\"https:\/\/www.visit-montenegro.com\/de\/reiseziele\/petrovac\/info\/straende\/\" \/>\n<meta property=\"og:site_name\" content=\"Visit Montenegro\" \/>\n<meta property=\"article:publisher\" content=\"https:\/\/www.facebook.com\/visitmontenegro\" \/>\n<meta property=\"article:modified_time\" content=\"2026-02-22T16:09:05+00:00\" \/>\n<meta property=\"og:image\" content=\"https:\/\/www.visit-montenegro.com\/wp-content\/uploads\/2026\/01\/beach-family-scaled.jpg\" \/>\n\t<meta property=\"og:image:width\" content=\"1600\" \/>\n\t<meta property=\"og:image:height\" content=\"1067\" \/>\n\t<meta property=\"og:image:type\" content=\"image\/jpeg\" \/>\n<meta name=\"twitter:card\" content=\"summary_large_image\" \/>\n<meta name=\"twitter:site\" content=\"@visitmontenegro\" \/>\n<meta name=\"twitter:label1\" content=\"Gesch\u00e4tzte Lesezeit\" \/>\n\t<meta name=\"twitter:data1\" content=\"2\u00a0Minuten\" \/>\n<script type=\"application\/ld+json\" class=\"yoast-schema-graph\">{\"@context\":\"https:\\\/\\\/schema.org\",\"@graph\":[{\"@type\":\"WebPage\",\"@id\":\"https:\\\/\\\/www.visit-montenegro.com\\\/de\\\/reiseziele\\\/petrovac\\\/info\\\/straende\\\/\",\"url\":\"https:\\\/\\\/www.visit-montenegro.com\\\/de\\\/reiseziele\\\/petrovac\\\/info\\\/straende\\\/\",\"name\":\"Petrovac Str\u00e4nde - Visit Montenegro\",\"isPartOf\":{\"@id\":\"https:\\\/\\\/www.visit-montenegro.com\\\/de\\\/#website\"},\"primaryImageOfPage\":{\"@id\":\"https:\\\/\\\/www.visit-montenegro.com\\\/de\\\/reiseziele\\\/petrovac\\\/info\\\/straende\\\/#primaryimage\"},\"image\":{\"@id\":\"https:\\\/\\\/www.visit-montenegro.com\\\/de\\\/reiseziele\\\/petrovac\\\/info\\\/straende\\\/#primaryimage\"},\"thumbnailUrl\":\"https:\\\/\\\/www.visit-montenegro.com\\\/wp-content\\\/uploads\\\/2026\\\/01\\\/beach-family-scaled.jpg\",\"datePublished\":\"2026-01-27T20:44:32+00:00\",\"dateModified\":\"2026-02-22T16:09:05+00:00\",\"description\":\"Entdecken Sie die besten Petrovac Str\u00e4nde in Montenegro: Sandstr\u00e4nde, kristallklares Wasser und malerische Buchten, perfekt f\u00fcr Familienurlaube und entspannte Auszeiten.\",\"breadcrumb\":{\"@id\":\"https:\\\/\\\/www.visit-montenegro.com\\\/de\\\/reiseziele\\\/petrovac\\\/info\\\/straende\\\/#breadcrumb\"},\"inLanguage\":\"de\",\"potentialAction\":[{\"@type\":\"ReadAction\",\"target\":[\"https:\\\/\\\/www.visit-montenegro.com\\\/de\\\/reiseziele\\\/petrovac\\\/info\\\/straende\\\/\"]}]},{\"@type\":\"ImageObject\",\"inLanguage\":\"de\",\"@id\":\"https:\\\/\\\/www.visit-montenegro.com\\\/de\\\/reiseziele\\\/petrovac\\\/info\\\/straende\\\/#primaryimage\",\"url\":\"https:\\\/\\\/www.visit-montenegro.com\\\/wp-content\\\/uploads\\\/2026\\\/01\\\/beach-family-scaled.jpg\",\"contentUrl\":\"https:\\\/\\\/www.visit-montenegro.com\\\/wp-content\\\/uploads\\\/2026\\\/01\\\/beach-family-scaled.jpg\",\"width\":1600,\"height\":1067,\"caption\":\"gl\u00fcckliche junge Familie hat Spa\u00df am Strand, rennt und springt bei Sonnenuntergang\"},{\"@type\":\"BreadcrumbList\",\"@id\":\"https:\\\/\\\/www.visit-montenegro.com\\\/de\\\/reiseziele\\\/petrovac\\\/info\\\/straende\\\/#breadcrumb\",\"itemListElement\":[{\"@type\":\"ListItem\",\"position\":1,\"name\":\"Home\",\"item\":\"https:\\\/\\\/www.visit-montenegro.com\\\/de\\\/home\\\/\"},{\"@type\":\"ListItem\",\"position\":2,\"name\":\"Reiseziele in Montenegro\",\"item\":\"https:\\\/\\\/www.visit-montenegro.com\\\/de\\\/reiseziele\\\/\"},{\"@type\":\"ListItem\",\"position\":3,\"name\":\"Petrovac\",\"item\":\"https:\\\/\\\/www.visit-montenegro.com\\\/de\\\/reiseziele\\\/petrovac\\\/\"},{\"@type\":\"ListItem\",\"position\":4,\"name\":\"Mehr \u00fcber Petrovac\",\"item\":\"https:\\\/\\\/www.visit-montenegro.com\\\/de\\\/reiseziele\\\/petrovac\\\/info\\\/\"},{\"@type\":\"ListItem\",\"position\":5,\"name\":\"Petrovac Str\u00e4nde\"}]},{\"@type\":\"WebSite\",\"@id\":\"https:\\\/\\\/www.visit-montenegro.com\\\/de\\\/#website\",\"url\":\"https:\\\/\\\/www.visit-montenegro.com\\\/de\\\/\",\"name\":\"Visit Montenegro\",\"description\":\"Breathtaking beauty\",\"publisher\":{\"@id\":\"https:\\\/\\\/www.visit-montenegro.com\\\/de\\\/#organization\"},\"potentialAction\":[{\"@type\":\"SearchAction\",\"target\":{\"@type\":\"EntryPoint\",\"urlTemplate\":\"https:\\\/\\\/www.visit-montenegro.com\\\/de\\\/?s={search_term_string}\"},\"query-input\":{\"@type\":\"PropertyValueSpecification\",\"valueRequired\":true,\"valueName\":\"search_term_string\"}}],\"inLanguage\":\"de\"},{\"@type\":\"Organization\",\"@id\":\"https:\\\/\\\/www.visit-montenegro.com\\\/de\\\/#organization\",\"name\":\"Visit Montenegro\",\"url\":\"https:\\\/\\\/www.visit-montenegro.com\\\/de\\\/\",\"logo\":{\"@type\":\"ImageObject\",\"inLanguage\":\"de\",\"@id\":\"https:\\\/\\\/www.visit-montenegro.com\\\/de\\\/#\\\/schema\\\/logo\\\/image\\\/\",\"url\":\"https:\\\/\\\/www.visit-montenegro.com\\\/wp-content\\\/uploads\\\/2017\\\/10\\\/logo-amp.png\",\"contentUrl\":\"https:\\\/\\\/www.visit-montenegro.com\\\/wp-content\\\/uploads\\\/2017\\\/10\\\/logo-amp.png\",\"width\":190,\"height\":36,\"caption\":\"Visit Montenegro\"},\"image\":{\"@id\":\"https:\\\/\\\/www.visit-montenegro.com\\\/de\\\/#\\\/schema\\\/logo\\\/image\\\/\"},\"sameAs\":[\"https:\\\/\\\/www.facebook.com\\\/visitmontenegro\",\"https:\\\/\\\/x.com\\\/visitmontenegro\",\"https:\\\/\\\/www.instagram.com\\\/visit_montenegro\\\/\",\"https:\\\/\\\/www.youtube.com\\\/user\\\/VisitMontenegro\"]}]}<\/script>\n<!-- \/ Yoast SEO plugin. -->","yoast_head_json":{"title":"Petrovac Str\u00e4nde - Visit Montenegro","description":"Entdecken Sie die besten Petrovac Str\u00e4nde in Montenegro: Sandstr\u00e4nde, kristallklares Wasser und malerische Buchten, perfekt f\u00fcr Familienurlaube und entspannte Auszeiten.","robots":{"index":"index","follow":"follow","max-snippet":"max-snippet:-1","max-image-preview":"max-image-preview:large","max-video-preview":"max-video-preview:-1"},"canonical":"https:\/\/www.visit-montenegro.com\/de\/reiseziele\/petrovac\/info\/straende\/","og_locale":"de_DE","og_type":"article","og_title":"Petrovac Str\u00e4nde - Visit Montenegro","og_description":"Entdecken Sie die besten Petrovac Str\u00e4nde in Montenegro: Sandstr\u00e4nde, kristallklares Wasser und malerische Buchten, perfekt f\u00fcr Familienurlaube und entspannte Auszeiten.","og_url":"https:\/\/www.visit-montenegro.com\/de\/reiseziele\/petrovac\/info\/straende\/","og_site_name":"Visit Montenegro","article_publisher":"https:\/\/www.facebook.com\/visitmontenegro","article_modified_time":"2026-02-22T16:09:05+00:00","og_image":[{"width":1600,"height":1067,"url":"https:\/\/www.visit-montenegro.com\/wp-content\/uploads\/2026\/01\/beach-family-scaled.jpg","type":"image\/jpeg"}],"twitter_card":"summary_large_image","twitter_site":"@visitmontenegro","twitter_misc":{"Gesch\u00e4tzte Lesezeit":"2\u00a0Minuten"},"schema":{"@context":"https:\/\/schema.org","@graph":[{"@type":"WebPage","@id":"https:\/\/www.visit-montenegro.com\/de\/reiseziele\/petrovac\/info\/straende\/","url":"https:\/\/www.visit-montenegro.com\/de\/reiseziele\/petrovac\/info\/straende\/","name":"Petrovac Str\u00e4nde - Visit Montenegro","isPartOf":{"@id":"https:\/\/www.visit-montenegro.com\/de\/#website"},"primaryImageOfPage":{"@id":"https:\/\/www.visit-montenegro.com\/de\/reiseziele\/petrovac\/info\/straende\/#primaryimage"},"image":{"@id":"https:\/\/www.visit-montenegro.com\/de\/reiseziele\/petrovac\/info\/straende\/#primaryimage"},"thumbnailUrl":"https:\/\/www.visit-montenegro.com\/wp-content\/uploads\/2026\/01\/beach-family-scaled.jpg","datePublished":"2026-01-27T20:44:32+00:00","dateModified":"2026-02-22T16:09:05+00:00","description":"Entdecken Sie die besten Petrovac Str\u00e4nde in Montenegro: Sandstr\u00e4nde, kristallklares Wasser und malerische Buchten, perfekt f\u00fcr Familienurlaube und entspannte Auszeiten.","breadcrumb":{"@id":"https:\/\/www.visit-montenegro.com\/de\/reiseziele\/petrovac\/info\/straende\/#breadcrumb"},"inLanguage":"de","potentialAction":[{"@type":"ReadAction","target":["https:\/\/www.visit-montenegro.com\/de\/reiseziele\/petrovac\/info\/straende\/"]}]},{"@type":"ImageObject","inLanguage":"de","@id":"https:\/\/www.visit-montenegro.com\/de\/reiseziele\/petrovac\/info\/straende\/#primaryimage","url":"https:\/\/www.visit-montenegro.com\/wp-content\/uploads\/2026\/01\/beach-family-scaled.jpg","contentUrl":"https:\/\/www.visit-montenegro.com\/wp-content\/uploads\/2026\/01\/beach-family-scaled.jpg","width":1600,"height":1067,"caption":"gl\u00fcckliche junge Familie hat Spa\u00df am Strand, rennt und springt bei Sonnenuntergang"},{"@type":"BreadcrumbList","@id":"https:\/\/www.visit-montenegro.com\/de\/reiseziele\/petrovac\/info\/straende\/#breadcrumb","itemListElement":[{"@type":"ListItem","position":1,"name":"Home","item":"https:\/\/www.visit-montenegro.com\/de\/home\/"},{"@type":"ListItem","position":2,"name":"Reiseziele in Montenegro","item":"https:\/\/www.visit-montenegro.com\/de\/reiseziele\/"},{"@type":"ListItem","position":3,"name":"Petrovac","item":"https:\/\/www.visit-montenegro.com\/de\/reiseziele\/petrovac\/"},{"@type":"ListItem","position":4,"name":"Mehr \u00fcber Petrovac","item":"https:\/\/www.visit-montenegro.com\/de\/reiseziele\/petrovac\/info\/"},{"@type":"ListItem","position":5,"name":"Petrovac Str\u00e4nde"}]},{"@type":"WebSite","@id":"https:\/\/www.visit-montenegro.com\/de\/#website","url":"https:\/\/www.visit-montenegro.com\/de\/","name":"Visit Montenegro","description":"Breathtaking beauty","publisher":{"@id":"https:\/\/www.visit-montenegro.com\/de\/#organization"},"potentialAction":[{"@type":"SearchAction","target":{"@type":"EntryPoint","urlTemplate":"https:\/\/www.visit-montenegro.com\/de\/?s={search_term_string}"},"query-input":{"@type":"PropertyValueSpecification","valueRequired":true,"valueName":"search_term_string"}}],"inLanguage":"de"},{"@type":"Organization","@id":"https:\/\/www.visit-montenegro.com\/de\/#organization","name":"Visit Montenegro","url":"https:\/\/www.visit-montenegro.com\/de\/","logo":{"@type":"ImageObject","inLanguage":"de","@id":"https:\/\/www.visit-montenegro.com\/de\/#\/schema\/logo\/image\/","url":"https:\/\/www.visit-montenegro.com\/wp-content\/uploads\/2017\/10\/logo-amp.png","contentUrl":"https:\/\/www.visit-montenegro.com\/wp-content\/uploads\/2017\/10\/logo-amp.png","width":190,"height":36,"caption":"Visit Montenegro"},"image":{"@id":"https:\/\/www.visit-montenegro.com\/de\/#\/schema\/logo\/image\/"},"sameAs":["https:\/\/www.facebook.com\/visitmontenegro","https:\/\/x.com\/visitmontenegro","https:\/\/www.instagram.com\/visit_montenegro\/","https:\/\/www.youtube.com\/user\/VisitMontenegro"]}]}},"translations":[],"_links":{"self":[{"href":"https:\/\/www.visit-montenegro.com\/de\/wp-json\/wp\/v2\/pages\/134950","targetHints":{"allow":["GET"]}}],"collection":[{"href":"https:\/\/www.visit-montenegro.com\/de\/wp-json\/wp\/v2\/pages"}],"about":[{"href":"https:\/\/www.visit-montenegro.com\/de\/wp-json\/wp\/v2\/types\/page"}],"author":[{"embeddable":true,"href":"https:\/\/www.visit-montenegro.com\/de\/wp-json\/wp\/v2\/users\/1"}],"replies":[{"embeddable":true,"href":"https:\/\/www.visit-montenegro.com\/de\/wp-json\/wp\/v2\/comments?post=134950"}],"version-history":[{"count":0,"href":"https:\/\/www.visit-montenegro.com\/de\/wp-json\/wp\/v2\/pages\/134950\/revisions"}],"up":[{"embeddable":true,"href":"https:\/\/www.visit-montenegro.com\/de\/wp-json\/wp\/v2\/pages\/134944"}],"wp:featuredmedia":[{"embeddable":true,"href":"https:\/\/www.visit-montenegro.com\/de\/wp-json\/wp\/v2\/media\/134951"}],"wp:attachment":[{"href":"https:\/\/www.visit-montenegro.com\/de\/wp-json\/wp\/v2\/media?parent=134950"}],"wp:term":[{"taxonomy":"post_tag","embeddable":true,"href":"https:\/\/www.visit-montenegro.com\/de\/wp-json\/wp\/v2\/tags?post=134950"}],"curies":[{"name":"wp","href":"https:\/\/api.w.org\/{rel}","templated":true}]}}