{"id":134960,"date":"2026-01-27T21:44:32","date_gmt":"2026-01-27T20:44:32","guid":{"rendered":"https:\/\/new.visit-montenegro.com\/ziele\/bar\/attractions\/"},"modified":"2026-02-23T11:41:38","modified_gmt":"2026-02-23T10:41:38","slug":"sehenswuerdigkeiten","status":"publish","type":"page","link":"https:\/\/www.visit-montenegro.com\/de\/reiseziele\/bar\/sehenswuerdigkeiten\/","title":{"rendered":"Bar Sehensw\u00fcrdigkeiten"},"content":{"rendered":"\n<p><a href=\"https:\/\/www.visit-montenegro.com\/de\/reiseziele\/bar\/\">Bar<\/a> Sehensw\u00fcrdigkeiten bieten eine reiche Mischung aus historischen St\u00e4tten, nat\u00fcrlicher Sch\u00f6nheit und kulturellen Erlebnissen in Montenegro, von antiken Ruinen bis zu idyllischen Seenpl\u00e4tzen.<\/p>\n\n<hr class=\"wp-block-separator has-alpha-channel-opacity\"\/>\n\n<div class=\"wp-block-query is-layout-flow wp-block-query-is-layout-flow\"><ul class=\"wp-block-post-template is-layout-flow wp-block-post-template-is-layout-flow\"><li class=\"wp-block-post post-134966 page type-page status-publish has-post-thumbnail hentry\">\n<h2 class=\"wp-block-post-title\"><a href=\"https:\/\/www.visit-montenegro.com\/de\/reiseziele\/bar\/sehenswuerdigkeiten\/altstadt-bar\/\" target=\"_self\" >Altstadt von Bar<\/a><\/h2>\n\n<figure class=\"alignwide wp-block-post-featured-image\"><a href=\"https:\/\/www.visit-montenegro.com\/de\/reiseziele\/bar\/sehenswuerdigkeiten\/altstadt-bar\/\" target=\"_self\"  ><img loading=\"lazy\" decoding=\"async\" width=\"1200\" height=\"801\" src=\"https:\/\/www.visit-montenegro.com\/wp-content\/uploads\/2026\/01\/bar-old-town-01-1200x801.jpg\" class=\"attachment-post-thumbnail size-post-thumbnail wp-post-image\" alt=\"Altstadt von Bar\" style=\"object-fit:cover;\" srcset=\"https:\/\/www.visit-montenegro.com\/wp-content\/uploads\/2026\/01\/bar-old-town-01-1200x801.jpg 1200w, https:\/\/www.visit-montenegro.com\/wp-content\/uploads\/2026\/01\/bar-old-town-01-300x200.jpg 300w, https:\/\/www.visit-montenegro.com\/wp-content\/uploads\/2026\/01\/bar-old-town-01-1024x684.jpg 1024w, https:\/\/www.visit-montenegro.com\/wp-content\/uploads\/2026\/01\/bar-old-town-01-768x513.jpg 768w, https:\/\/www.visit-montenegro.com\/wp-content\/uploads\/2026\/01\/bar-old-town-01-1536x1026.jpg 1536w, https:\/\/www.visit-montenegro.com\/wp-content\/uploads\/2026\/01\/bar-old-town-01-scaled.jpg 1600w\" sizes=\"auto, (max-width: 1200px) 100vw, 1200px\" \/><\/a><\/figure>\n\n<div class=\"wp-block-post-excerpt\"><p class=\"wp-block-post-excerpt__excerpt\">Erkunden Sie die historische Altstadt von Bar in Montenegro, eine befestigte Siedlung mit alten Mauern, Kirchen und Ruinen. Erfahren Sie mehr \u00fcber ihre reiche Geschichte, laufende Wiederbelebungsbem\u00fchungen und nahegelegene Sehensw\u00fcrdigkeiten wie den \u00fcber 2.000 Jahre alten Olivenbaum.<\/p><p class=\"wp-block-post-excerpt__more-text\"><a class=\"wp-block-post-excerpt__more-link\" href=\"https:\/\/www.visit-montenegro.com\/de\/reiseziele\/bar\/sehenswuerdigkeiten\/altstadt-bar\/\"><strong>Weiterlesen<\/strong><\/a><\/p><\/div>\n\n\n<hr class=\"wp-block-separator has-css-opacity\" style=\"margin-top:var(--wp--preset--spacing--70);margin-bottom:var(--wp--preset--spacing--70)\"\/>\n\n<\/li><li class=\"wp-block-post post-134975 page type-page status-publish has-post-thumbnail hentry\">\n<h2 class=\"wp-block-post-title\"><a href=\"https:\/\/www.visit-montenegro.com\/de\/reiseziele\/bar\/sehenswuerdigkeiten\/koenig-nikola-schloss\/\" target=\"_self\" >K\u00f6nig Nikola&#8217;s Schloss<\/a><\/h2>\n\n<figure class=\"alignwide wp-block-post-featured-image\"><a href=\"https:\/\/www.visit-montenegro.com\/de\/reiseziele\/bar\/sehenswuerdigkeiten\/koenig-nikola-schloss\/\" target=\"_self\"  ><img loading=\"lazy\" decoding=\"async\" width=\"1200\" height=\"800\" src=\"https:\/\/www.visit-montenegro.com\/wp-content\/uploads\/2026\/01\/bar-king-nikola-castle-1200x800.jpg\" class=\"attachment-post-thumbnail size-post-thumbnail wp-post-image\" alt=\"K\u00f6nig Nikola&#8217;s Schloss\" style=\"object-fit:cover;\" srcset=\"https:\/\/www.visit-montenegro.com\/wp-content\/uploads\/2026\/01\/bar-king-nikola-castle-1200x800.jpg 1200w, https:\/\/www.visit-montenegro.com\/wp-content\/uploads\/2026\/01\/bar-king-nikola-castle-300x200.jpg 300w, https:\/\/www.visit-montenegro.com\/wp-content\/uploads\/2026\/01\/bar-king-nikola-castle-1024x683.jpg 1024w, https:\/\/www.visit-montenegro.com\/wp-content\/uploads\/2026\/01\/bar-king-nikola-castle-768x512.jpg 768w, https:\/\/www.visit-montenegro.com\/wp-content\/uploads\/2026\/01\/bar-king-nikola-castle-1536x1024.jpg 1536w, https:\/\/www.visit-montenegro.com\/wp-content\/uploads\/2026\/01\/bar-king-nikola-castle-scaled.jpg 1600w\" sizes=\"auto, (max-width: 1200px) 100vw, 1200px\" \/><\/a><\/figure>\n\n<div class=\"wp-block-post-excerpt\"><p class=\"wp-block-post-excerpt__excerpt\">Erkunden Sie K\u00f6nig Nikola&#8217;s Schloss in Bar, Montenegro \u2013 ein historisches Museum, das k\u00f6nigliche Architektur und kulturelles Erbe pr\u00e4sentiert. Entdecken Sie seine mediterranen G\u00e4rten, einzigartige Merkmale wie ein h\u00f6lzernes Fluttor f\u00fcr Yachten und lebendige Veranstaltungen, die Geschichte zum Leben erwecken.<\/p><p class=\"wp-block-post-excerpt__more-text\"><a class=\"wp-block-post-excerpt__more-link\" href=\"https:\/\/www.visit-montenegro.com\/de\/reiseziele\/bar\/sehenswuerdigkeiten\/koenig-nikola-schloss\/\"><strong>Weiterlesen<\/strong><\/a><\/p><\/div>\n\n\n<hr class=\"wp-block-separator has-css-opacity\" style=\"margin-top:var(--wp--preset--spacing--70);margin-bottom:var(--wp--preset--spacing--70)\"\/>\n\n<\/li><li class=\"wp-block-post post-134978 page type-page status-publish has-post-thumbnail hentry\">\n<h2 class=\"wp-block-post-title\"><a href=\"https:\/\/www.visit-montenegro.com\/de\/reiseziele\/bar\/sehenswuerdigkeiten\/virpazar\/\" target=\"_self\" >Virpazar<\/a><\/h2>\n\n<figure class=\"alignwide wp-block-post-featured-image\"><a href=\"https:\/\/www.visit-montenegro.com\/de\/reiseziele\/bar\/sehenswuerdigkeiten\/virpazar\/\" target=\"_self\"  ><img loading=\"lazy\" decoding=\"async\" width=\"1200\" height=\"800\" src=\"https:\/\/www.visit-montenegro.com\/wp-content\/uploads\/2026\/01\/virpazar-01-1200x800.jpg\" class=\"attachment-post-thumbnail size-post-thumbnail wp-post-image\" alt=\"Virpazar\" style=\"object-fit:cover;\" srcset=\"https:\/\/www.visit-montenegro.com\/wp-content\/uploads\/2026\/01\/virpazar-01-1200x800.jpg 1200w, https:\/\/www.visit-montenegro.com\/wp-content\/uploads\/2026\/01\/virpazar-01-300x200.jpg 300w, https:\/\/www.visit-montenegro.com\/wp-content\/uploads\/2026\/01\/virpazar-01-1024x683.jpg 1024w, https:\/\/www.visit-montenegro.com\/wp-content\/uploads\/2026\/01\/virpazar-01-768x512.jpg 768w, https:\/\/www.visit-montenegro.com\/wp-content\/uploads\/2026\/01\/virpazar-01-1536x1024.jpg 1536w, https:\/\/www.visit-montenegro.com\/wp-content\/uploads\/2026\/01\/virpazar-01-scaled.jpg 1600w\" sizes=\"auto, (max-width: 1200px) 100vw, 1200px\" \/><\/a><\/figure>\n\n<div class=\"wp-block-post-excerpt\"><p class=\"wp-block-post-excerpt__excerpt\">Fl\u00fcchten Sie nach Virpazar, einer charmanten montenegrinischen Stadt am Skadar-See. Entdecken Sie ihre landschaftliche Sch\u00f6nheit, Bootstouren und reiche Geschichte. Erleben Sie lokale Kultur und K\u00fcche f\u00fcr einen perfekten R\u00fcckzugsort.<\/p><p class=\"wp-block-post-excerpt__more-text\"><a class=\"wp-block-post-excerpt__more-link\" href=\"https:\/\/www.visit-montenegro.com\/de\/reiseziele\/bar\/sehenswuerdigkeiten\/virpazar\/\"><strong>Weiterlesen<\/strong><\/a><\/p><\/div>\n\n\n<hr class=\"wp-block-separator has-css-opacity\" style=\"margin-top:var(--wp--preset--spacing--70);margin-bottom:var(--wp--preset--spacing--70)\"\/>\n\n<\/li><li class=\"wp-block-post post-134984 page type-page status-publish has-post-thumbnail hentry\">\n<h2 class=\"wp-block-post-title\"><a href=\"https:\/\/www.visit-montenegro.com\/de\/reiseziele\/bar\/sehenswuerdigkeiten\/murici\/\" target=\"_self\" >Murici<\/a><\/h2>\n\n<figure class=\"alignwide wp-block-post-featured-image\"><a href=\"https:\/\/www.visit-montenegro.com\/de\/reiseziele\/bar\/sehenswuerdigkeiten\/murici\/\" target=\"_self\"  ><img loading=\"lazy\" decoding=\"async\" width=\"1200\" height=\"803\" src=\"https:\/\/www.visit-montenegro.com\/wp-content\/uploads\/2026\/01\/lake-skadar-murici-beach-02-1200x803.jpg\" class=\"attachment-post-thumbnail size-post-thumbnail wp-post-image\" alt=\"Murici\" style=\"object-fit:cover;\" srcset=\"https:\/\/www.visit-montenegro.com\/wp-content\/uploads\/2026\/01\/lake-skadar-murici-beach-02-1200x803.jpg 1200w, https:\/\/www.visit-montenegro.com\/wp-content\/uploads\/2026\/01\/lake-skadar-murici-beach-02-300x201.jpg 300w, https:\/\/www.visit-montenegro.com\/wp-content\/uploads\/2026\/01\/lake-skadar-murici-beach-02-1024x685.jpg 1024w, https:\/\/www.visit-montenegro.com\/wp-content\/uploads\/2026\/01\/lake-skadar-murici-beach-02-768x514.jpg 768w, https:\/\/www.visit-montenegro.com\/wp-content\/uploads\/2026\/01\/lake-skadar-murici-beach-02-1536x1028.jpg 1536w, https:\/\/www.visit-montenegro.com\/wp-content\/uploads\/2026\/01\/lake-skadar-murici-beach-02-scaled.jpg 1600w\" sizes=\"auto, (max-width: 1200px) 100vw, 1200px\" \/><\/a><\/figure>\n\n<div class=\"wp-block-post-excerpt\"><p class=\"wp-block-post-excerpt__excerpt\">Entdecken Sie den Murici-Strand am Skadar-See, einen 500 Meter langen friedlichen Ort, ideal zum Schwimmen und Entspannen. Genie\u00dfen Sie nahegelegene Fischspezialit\u00e4ten, montenegrinische Weine und Bootstouren f\u00fcr ein unvergessliches Erlebnis.<\/p><p class=\"wp-block-post-excerpt__more-text\"><a class=\"wp-block-post-excerpt__more-link\" href=\"https:\/\/www.visit-montenegro.com\/de\/reiseziele\/bar\/sehenswuerdigkeiten\/murici\/\"><strong>Weiterlesen<\/strong><\/a><\/p><\/div>\n\n\n<hr class=\"wp-block-separator has-css-opacity\" style=\"margin-top:var(--wp--preset--spacing--70);margin-bottom:var(--wp--preset--spacing--70)\"\/>\n\n<\/li><li class=\"wp-block-post post-134990 page type-page status-publish has-post-thumbnail hentry\">\n<h2 class=\"wp-block-post-title\"><a href=\"https:\/\/www.visit-montenegro.com\/de\/reiseziele\/bar\/sehenswuerdigkeiten\/sutomore\/\" target=\"_self\" >Sutomore<\/a><\/h2>\n\n<figure class=\"alignwide wp-block-post-featured-image\"><a href=\"https:\/\/www.visit-montenegro.com\/de\/reiseziele\/bar\/sehenswuerdigkeiten\/sutomore\/\" target=\"_self\"  ><img loading=\"lazy\" decoding=\"async\" width=\"1200\" height=\"800\" src=\"https:\/\/www.visit-montenegro.com\/wp-content\/uploads\/2026\/01\/sutomore-beach-1200x800.jpg\" class=\"attachment-post-thumbnail size-post-thumbnail wp-post-image\" alt=\"Sutomore\" style=\"object-fit:cover;\" srcset=\"https:\/\/www.visit-montenegro.com\/wp-content\/uploads\/2026\/01\/sutomore-beach-1200x800.jpg 1200w, https:\/\/www.visit-montenegro.com\/wp-content\/uploads\/2026\/01\/sutomore-beach-300x200.jpg 300w, https:\/\/www.visit-montenegro.com\/wp-content\/uploads\/2026\/01\/sutomore-beach-1024x683.jpg 1024w, https:\/\/www.visit-montenegro.com\/wp-content\/uploads\/2026\/01\/sutomore-beach-768x512.jpg 768w, https:\/\/www.visit-montenegro.com\/wp-content\/uploads\/2026\/01\/sutomore-beach-1536x1024.jpg 1536w, https:\/\/www.visit-montenegro.com\/wp-content\/uploads\/2026\/01\/sutomore-beach-scaled.jpg 1600w\" sizes=\"auto, (max-width: 1200px) 100vw, 1200px\" \/><\/a><\/figure>\n\n<div class=\"wp-block-post-excerpt\"><p class=\"wp-block-post-excerpt__excerpt\">Entdecken Sie Sutomore, eine lebhafte K\u00fcstenstadt nahe Bar mit einem atemberaubenden Sandstrand, ideal f\u00fcr Sonnenbaden und Schwimmen. Erkunden Sie g\u00fcnstige Unterk\u00fcnfte und nahegelegene kulturelle Highlights wie die Gemeinde Brca f\u00fcr einen unvergesslichen Urlaub in Montenegro.<\/p><p class=\"wp-block-post-excerpt__more-text\"><a class=\"wp-block-post-excerpt__more-link\" href=\"https:\/\/www.visit-montenegro.com\/de\/reiseziele\/bar\/sehenswuerdigkeiten\/sutomore\/\"><strong>Weiterlesen<\/strong><\/a><\/p><\/div>\n\n\n<hr class=\"wp-block-separator has-css-opacity\" style=\"margin-top:var(--wp--preset--spacing--70);margin-bottom:var(--wp--preset--spacing--70)\"\/>\n\n<\/li><\/ul><\/div>\n","protected":false},"excerpt":{"rendered":"<p>Entdecken Sie die Top-Sehensw\u00fcrdigkeiten in Bar, Montenegro, von historischen Orten wie Alt-Bar und K\u00f6nig Nikolas Burg bis zu malerischen Spots wie Virpazar und Murici Strand. Dieser Leitfaden hilft Ihnen, die besten kulturellen und nat\u00fcrlichen St\u00e4tten f\u00fcr einen unvergesslichen Trip zu erkunden.<\/p>\n","protected":false},"author":1,"featured_media":134363,"parent":134953,"menu_order":0,"comment_status":"closed","ping_status":"closed","template":"","meta":{"_yoast_wpseo_focuskw":"Bar Sehensw\u00fcrdigkeiten","_yoast_wpseo_metadesc":"Entdecken Sie Bar Sehensw\u00fcrdigkeiten in Montenegro: historische St\u00e4tten, malerische Str\u00e4nde und kulturelle Highlights. Planen Sie Ihren Besuch in Alt-Bar, K\u00f6nig Nikolas Burg und mehr!","_kad_post_transparent":"","_kad_post_title":"","_kad_post_layout":"","_kad_post_sidebar_id":"","_kad_post_content_style":"","_kad_post_vertical_padding":"","_kad_post_feature":"","_kad_post_feature_position":"","_kad_post_header":false,"_kad_post_footer":false,"_kad_post_classname":"","iawp_total_views":15,"footnotes":""},"tags":[],"class_list":["post-134960","page","type-page","status-publish","has-post-thumbnail","hentry"],"yoast_head":"<!-- This site is optimized with the Yoast SEO plugin v27.3 - https:\/\/yoast.com\/product\/yoast-seo-wordpress\/ -->\n<title>Bar Sehensw\u00fcrdigkeiten - Visit Montenegro<\/title>\n<meta name=\"description\" content=\"Entdecken Sie Bar Sehensw\u00fcrdigkeiten in Montenegro: historische St\u00e4tten, malerische Str\u00e4nde und kulturelle Highlights. Planen Sie Ihren Besuch in Alt-Bar, K\u00f6nig Nikolas Burg und mehr!\" \/>\n<meta name=\"robots\" content=\"index, follow, max-snippet:-1, max-image-preview:large, max-video-preview:-1\" \/>\n<link rel=\"canonical\" href=\"https:\/\/www.visit-montenegro.com\/de\/reiseziele\/bar\/sehenswuerdigkeiten\/\" \/>\n<meta property=\"og:locale\" content=\"de_DE\" \/>\n<meta property=\"og:type\" content=\"article\" \/>\n<meta property=\"og:title\" content=\"Bar Sehensw\u00fcrdigkeiten - Visit Montenegro\" \/>\n<meta property=\"og:description\" content=\"Entdecken Sie Bar Sehensw\u00fcrdigkeiten in Montenegro: historische St\u00e4tten, malerische Str\u00e4nde und kulturelle Highlights. Planen Sie Ihren Besuch in Alt-Bar, K\u00f6nig Nikolas Burg und mehr!\" \/>\n<meta property=\"og:url\" content=\"https:\/\/www.visit-montenegro.com\/de\/reiseziele\/bar\/sehenswuerdigkeiten\/\" \/>\n<meta property=\"og:site_name\" content=\"Visit Montenegro\" \/>\n<meta property=\"article:publisher\" content=\"https:\/\/www.facebook.com\/visitmontenegro\" \/>\n<meta property=\"article:modified_time\" content=\"2026-02-23T10:41:38+00:00\" \/>\n<meta property=\"og:image\" content=\"https:\/\/www.visit-montenegro.com\/wp-content\/uploads\/2026\/01\/Depositphotos_668449212_XL-scaled.jpg\" \/>\n\t<meta property=\"og:image:width\" content=\"1600\" \/>\n\t<meta property=\"og:image:height\" content=\"1198\" \/>\n\t<meta property=\"og:image:type\" content=\"image\/jpeg\" \/>\n<meta name=\"twitter:card\" content=\"summary_large_image\" \/>\n<meta name=\"twitter:site\" content=\"@visitmontenegro\" \/>\n<script type=\"application\/ld+json\" class=\"yoast-schema-graph\">{\"@context\":\"https:\\\/\\\/schema.org\",\"@graph\":[{\"@type\":\"WebPage\",\"@id\":\"https:\\\/\\\/www.visit-montenegro.com\\\/de\\\/reiseziele\\\/bar\\\/sehenswuerdigkeiten\\\/\",\"url\":\"https:\\\/\\\/www.visit-montenegro.com\\\/de\\\/reiseziele\\\/bar\\\/sehenswuerdigkeiten\\\/\",\"name\":\"Bar Sehensw\u00fcrdigkeiten - Visit Montenegro\",\"isPartOf\":{\"@id\":\"https:\\\/\\\/www.visit-montenegro.com\\\/de\\\/#website\"},\"primaryImageOfPage\":{\"@id\":\"https:\\\/\\\/www.visit-montenegro.com\\\/de\\\/reiseziele\\\/bar\\\/sehenswuerdigkeiten\\\/#primaryimage\"},\"image\":{\"@id\":\"https:\\\/\\\/www.visit-montenegro.com\\\/de\\\/reiseziele\\\/bar\\\/sehenswuerdigkeiten\\\/#primaryimage\"},\"thumbnailUrl\":\"https:\\\/\\\/www.visit-montenegro.com\\\/wp-content\\\/uploads\\\/2026\\\/01\\\/Depositphotos_668449212_XL-scaled.jpg\",\"datePublished\":\"2026-01-27T20:44:32+00:00\",\"dateModified\":\"2026-02-23T10:41:38+00:00\",\"description\":\"Entdecken Sie Bar Sehensw\u00fcrdigkeiten in Montenegro: historische St\u00e4tten, malerische Str\u00e4nde und kulturelle Highlights. Planen Sie Ihren Besuch in Alt-Bar, K\u00f6nig Nikolas Burg und mehr!\",\"breadcrumb\":{\"@id\":\"https:\\\/\\\/www.visit-montenegro.com\\\/de\\\/reiseziele\\\/bar\\\/sehenswuerdigkeiten\\\/#breadcrumb\"},\"inLanguage\":\"de\",\"potentialAction\":[{\"@type\":\"ReadAction\",\"target\":[\"https:\\\/\\\/www.visit-montenegro.com\\\/de\\\/reiseziele\\\/bar\\\/sehenswuerdigkeiten\\\/\"]}]},{\"@type\":\"ImageObject\",\"inLanguage\":\"de\",\"@id\":\"https:\\\/\\\/www.visit-montenegro.com\\\/de\\\/reiseziele\\\/bar\\\/sehenswuerdigkeiten\\\/#primaryimage\",\"url\":\"https:\\\/\\\/www.visit-montenegro.com\\\/wp-content\\\/uploads\\\/2026\\\/01\\\/Depositphotos_668449212_XL-scaled.jpg\",\"contentUrl\":\"https:\\\/\\\/www.visit-montenegro.com\\\/wp-content\\\/uploads\\\/2026\\\/01\\\/Depositphotos_668449212_XL-scaled.jpg\",\"width\":1600,\"height\":1198},{\"@type\":\"BreadcrumbList\",\"@id\":\"https:\\\/\\\/www.visit-montenegro.com\\\/de\\\/reiseziele\\\/bar\\\/sehenswuerdigkeiten\\\/#breadcrumb\",\"itemListElement\":[{\"@type\":\"ListItem\",\"position\":1,\"name\":\"Home\",\"item\":\"https:\\\/\\\/www.visit-montenegro.com\\\/de\\\/home\\\/\"},{\"@type\":\"ListItem\",\"position\":2,\"name\":\"Reiseziele in Montenegro\",\"item\":\"https:\\\/\\\/www.visit-montenegro.com\\\/de\\\/reiseziele\\\/\"},{\"@type\":\"ListItem\",\"position\":3,\"name\":\"Bar\",\"item\":\"https:\\\/\\\/www.visit-montenegro.com\\\/de\\\/reiseziele\\\/bar\\\/\"},{\"@type\":\"ListItem\",\"position\":4,\"name\":\"Bar Sehensw\u00fcrdigkeiten\"}]},{\"@type\":\"WebSite\",\"@id\":\"https:\\\/\\\/www.visit-montenegro.com\\\/de\\\/#website\",\"url\":\"https:\\\/\\\/www.visit-montenegro.com\\\/de\\\/\",\"name\":\"Visit Montenegro\",\"description\":\"Breathtaking beauty\",\"publisher\":{\"@id\":\"https:\\\/\\\/www.visit-montenegro.com\\\/de\\\/#organization\"},\"potentialAction\":[{\"@type\":\"SearchAction\",\"target\":{\"@type\":\"EntryPoint\",\"urlTemplate\":\"https:\\\/\\\/www.visit-montenegro.com\\\/de\\\/?s={search_term_string}\"},\"query-input\":{\"@type\":\"PropertyValueSpecification\",\"valueRequired\":true,\"valueName\":\"search_term_string\"}}],\"inLanguage\":\"de\"},{\"@type\":\"Organization\",\"@id\":\"https:\\\/\\\/www.visit-montenegro.com\\\/de\\\/#organization\",\"name\":\"Visit Montenegro\",\"url\":\"https:\\\/\\\/www.visit-montenegro.com\\\/de\\\/\",\"logo\":{\"@type\":\"ImageObject\",\"inLanguage\":\"de\",\"@id\":\"https:\\\/\\\/www.visit-montenegro.com\\\/de\\\/#\\\/schema\\\/logo\\\/image\\\/\",\"url\":\"https:\\\/\\\/www.visit-montenegro.com\\\/wp-content\\\/uploads\\\/2017\\\/10\\\/logo-amp.png\",\"contentUrl\":\"https:\\\/\\\/www.visit-montenegro.com\\\/wp-content\\\/uploads\\\/2017\\\/10\\\/logo-amp.png\",\"width\":190,\"height\":36,\"caption\":\"Visit Montenegro\"},\"image\":{\"@id\":\"https:\\\/\\\/www.visit-montenegro.com\\\/de\\\/#\\\/schema\\\/logo\\\/image\\\/\"},\"sameAs\":[\"https:\\\/\\\/www.facebook.com\\\/visitmontenegro\",\"https:\\\/\\\/x.com\\\/visitmontenegro\",\"https:\\\/\\\/www.instagram.com\\\/visit_montenegro\\\/\",\"https:\\\/\\\/www.youtube.com\\\/user\\\/VisitMontenegro\"]}]}<\/script>\n<!-- \/ Yoast SEO plugin. -->","yoast_head_json":{"title":"Bar Sehensw\u00fcrdigkeiten - Visit Montenegro","description":"Entdecken Sie Bar Sehensw\u00fcrdigkeiten in Montenegro: historische St\u00e4tten, malerische Str\u00e4nde und kulturelle Highlights. Planen Sie Ihren Besuch in Alt-Bar, K\u00f6nig Nikolas Burg und mehr!","robots":{"index":"index","follow":"follow","max-snippet":"max-snippet:-1","max-image-preview":"max-image-preview:large","max-video-preview":"max-video-preview:-1"},"canonical":"https:\/\/www.visit-montenegro.com\/de\/reiseziele\/bar\/sehenswuerdigkeiten\/","og_locale":"de_DE","og_type":"article","og_title":"Bar Sehensw\u00fcrdigkeiten - Visit Montenegro","og_description":"Entdecken Sie Bar Sehensw\u00fcrdigkeiten in Montenegro: historische St\u00e4tten, malerische Str\u00e4nde und kulturelle Highlights. Planen Sie Ihren Besuch in Alt-Bar, K\u00f6nig Nikolas Burg und mehr!","og_url":"https:\/\/www.visit-montenegro.com\/de\/reiseziele\/bar\/sehenswuerdigkeiten\/","og_site_name":"Visit Montenegro","article_publisher":"https:\/\/www.facebook.com\/visitmontenegro","article_modified_time":"2026-02-23T10:41:38+00:00","og_image":[{"width":1600,"height":1198,"url":"https:\/\/www.visit-montenegro.com\/wp-content\/uploads\/2026\/01\/Depositphotos_668449212_XL-scaled.jpg","type":"image\/jpeg"}],"twitter_card":"summary_large_image","twitter_site":"@visitmontenegro","schema":{"@context":"https:\/\/schema.org","@graph":[{"@type":"WebPage","@id":"https:\/\/www.visit-montenegro.com\/de\/reiseziele\/bar\/sehenswuerdigkeiten\/","url":"https:\/\/www.visit-montenegro.com\/de\/reiseziele\/bar\/sehenswuerdigkeiten\/","name":"Bar Sehensw\u00fcrdigkeiten - Visit Montenegro","isPartOf":{"@id":"https:\/\/www.visit-montenegro.com\/de\/#website"},"primaryImageOfPage":{"@id":"https:\/\/www.visit-montenegro.com\/de\/reiseziele\/bar\/sehenswuerdigkeiten\/#primaryimage"},"image":{"@id":"https:\/\/www.visit-montenegro.com\/de\/reiseziele\/bar\/sehenswuerdigkeiten\/#primaryimage"},"thumbnailUrl":"https:\/\/www.visit-montenegro.com\/wp-content\/uploads\/2026\/01\/Depositphotos_668449212_XL-scaled.jpg","datePublished":"2026-01-27T20:44:32+00:00","dateModified":"2026-02-23T10:41:38+00:00","description":"Entdecken Sie Bar Sehensw\u00fcrdigkeiten in Montenegro: historische St\u00e4tten, malerische Str\u00e4nde und kulturelle Highlights. Planen Sie Ihren Besuch in Alt-Bar, K\u00f6nig Nikolas Burg und mehr!","breadcrumb":{"@id":"https:\/\/www.visit-montenegro.com\/de\/reiseziele\/bar\/sehenswuerdigkeiten\/#breadcrumb"},"inLanguage":"de","potentialAction":[{"@type":"ReadAction","target":["https:\/\/www.visit-montenegro.com\/de\/reiseziele\/bar\/sehenswuerdigkeiten\/"]}]},{"@type":"ImageObject","inLanguage":"de","@id":"https:\/\/www.visit-montenegro.com\/de\/reiseziele\/bar\/sehenswuerdigkeiten\/#primaryimage","url":"https:\/\/www.visit-montenegro.com\/wp-content\/uploads\/2026\/01\/Depositphotos_668449212_XL-scaled.jpg","contentUrl":"https:\/\/www.visit-montenegro.com\/wp-content\/uploads\/2026\/01\/Depositphotos_668449212_XL-scaled.jpg","width":1600,"height":1198},{"@type":"BreadcrumbList","@id":"https:\/\/www.visit-montenegro.com\/de\/reiseziele\/bar\/sehenswuerdigkeiten\/#breadcrumb","itemListElement":[{"@type":"ListItem","position":1,"name":"Home","item":"https:\/\/www.visit-montenegro.com\/de\/home\/"},{"@type":"ListItem","position":2,"name":"Reiseziele in Montenegro","item":"https:\/\/www.visit-montenegro.com\/de\/reiseziele\/"},{"@type":"ListItem","position":3,"name":"Bar","item":"https:\/\/www.visit-montenegro.com\/de\/reiseziele\/bar\/"},{"@type":"ListItem","position":4,"name":"Bar Sehensw\u00fcrdigkeiten"}]},{"@type":"WebSite","@id":"https:\/\/www.visit-montenegro.com\/de\/#website","url":"https:\/\/www.visit-montenegro.com\/de\/","name":"Visit Montenegro","description":"Breathtaking beauty","publisher":{"@id":"https:\/\/www.visit-montenegro.com\/de\/#organization"},"potentialAction":[{"@type":"SearchAction","target":{"@type":"EntryPoint","urlTemplate":"https:\/\/www.visit-montenegro.com\/de\/?s={search_term_string}"},"query-input":{"@type":"PropertyValueSpecification","valueRequired":true,"valueName":"search_term_string"}}],"inLanguage":"de"},{"@type":"Organization","@id":"https:\/\/www.visit-montenegro.com\/de\/#organization","name":"Visit Montenegro","url":"https:\/\/www.visit-montenegro.com\/de\/","logo":{"@type":"ImageObject","inLanguage":"de","@id":"https:\/\/www.visit-montenegro.com\/de\/#\/schema\/logo\/image\/","url":"https:\/\/www.visit-montenegro.com\/wp-content\/uploads\/2017\/10\/logo-amp.png","contentUrl":"https:\/\/www.visit-montenegro.com\/wp-content\/uploads\/2017\/10\/logo-amp.png","width":190,"height":36,"caption":"Visit Montenegro"},"image":{"@id":"https:\/\/www.visit-montenegro.com\/de\/#\/schema\/logo\/image\/"},"sameAs":["https:\/\/www.facebook.com\/visitmontenegro","https:\/\/x.com\/visitmontenegro","https:\/\/www.instagram.com\/visit_montenegro\/","https:\/\/www.youtube.com\/user\/VisitMontenegro"]}]}},"translations":[],"_links":{"self":[{"href":"https:\/\/www.visit-montenegro.com\/de\/wp-json\/wp\/v2\/pages\/134960","targetHints":{"allow":["GET"]}}],"collection":[{"href":"https:\/\/www.visit-montenegro.com\/de\/wp-json\/wp\/v2\/pages"}],"about":[{"href":"https:\/\/www.visit-montenegro.com\/de\/wp-json\/wp\/v2\/types\/page"}],"author":[{"embeddable":true,"href":"https:\/\/www.visit-montenegro.com\/de\/wp-json\/wp\/v2\/users\/1"}],"replies":[{"embeddable":true,"href":"https:\/\/www.visit-montenegro.com\/de\/wp-json\/wp\/v2\/comments?post=134960"}],"version-history":[{"count":0,"href":"https:\/\/www.visit-montenegro.com\/de\/wp-json\/wp\/v2\/pages\/134960\/revisions"}],"up":[{"embeddable":true,"href":"https:\/\/www.visit-montenegro.com\/de\/wp-json\/wp\/v2\/pages\/134953"}],"wp:featuredmedia":[{"embeddable":true,"href":"https:\/\/www.visit-montenegro.com\/de\/wp-json\/wp\/v2\/media\/134363"}],"wp:attachment":[{"href":"https:\/\/www.visit-montenegro.com\/de\/wp-json\/wp\/v2\/media?parent=134960"}],"wp:term":[{"taxonomy":"post_tag","embeddable":true,"href":"https:\/\/www.visit-montenegro.com\/de\/wp-json\/wp\/v2\/tags?post=134960"}],"curies":[{"name":"wp","href":"https:\/\/api.w.org\/{rel}","templated":true}]}}