{"id":134966,"date":"2026-01-27T21:44:32","date_gmt":"2026-01-27T20:44:32","guid":{"rendered":"https:\/\/new.visit-montenegro.com\/ziele\/bar\/attractions\/altstadt-bar\/"},"modified":"2026-02-22T17:09:06","modified_gmt":"2026-02-22T16:09:06","slug":"altstadt-bar","status":"publish","type":"page","link":"https:\/\/www.visit-montenegro.com\/de\/reiseziele\/bar\/sehenswuerdigkeiten\/altstadt-bar\/","title":{"rendered":"Altstadt von Bar"},"content":{"rendered":"\n<p><strong>Altstadt von <a href=\"https:\/\/www.visit-montenegro.com\/de\/reiseziele\/bar\/\">Bar<\/a><\/strong> ist der historische befestigte Kern von Bar, Montenegro, gelegen auf einem steilen Felsen 4 km vom modernen Zentrum entfernt. Sie umfasst jahrhundertealte Mauern, Tore, Kirchen und Ruinen und bietet einen Einblick in die reiche Vergangenheit der Region und laufende Wiederbelebungsbem\u00fchungen.<\/p>\n\n<hr class=\"wp-block-separator has-alpha-channel-opacity\"\/>\n\n<h2 class=\"wp-block-heading\">Geschichte und Lage der Altstadt von Bar<\/h2>\n\n<p>In Bar zu bleiben und nicht den alten Teil, also die <strong>Altstadt von Bar<\/strong>, zu besuchen, ist dasselbe, als ob man \u00fcberhaupt nicht in dieser Stadt gewesen w\u00e4re. Die <strong>Altstadt von Bar<\/strong> liegt 4 Kilometer vom Zentrum des Neuen Bar entfernt auf einem sehr steilen Felsen am Fu\u00dfe des Berges Rumija. Die Stadt wurde \u00fcber mehrere Jahrhunderte hinweg sukzessive erbaut. Urspr\u00fcnglich war das Gebiet, das die <strong>Altstadt von Bar<\/strong> umfasste, viel n\u00e4her am Ufer, aber aufgrund h\u00e4ufiger Piratenangriffe musste die Bev\u00f6lkerung ins Landesinnere ziehen. Daher ist die <strong>Altstadt von Bar<\/strong> heute fast 5 Kilometer vom Meer entfernt.<\/p>\n\n<figure class=\"wp-block-image size-full\"><img loading=\"lazy\" decoding=\"async\" width=\"1600\" height=\"1066\" src=\"https:\/\/www.visit-montenegro.com\/wp-content\/uploads\/2026\/01\/bar-old-town-walls-scaled.jpg\" alt=\"\" class=\"wp-image-35993\" srcset=\"https:\/\/www.visit-montenegro.com\/wp-content\/uploads\/2026\/01\/bar-old-town-walls-scaled.jpg 1600w, https:\/\/www.visit-montenegro.com\/wp-content\/uploads\/2026\/01\/bar-old-town-walls-300x200.jpg 300w, https:\/\/www.visit-montenegro.com\/wp-content\/uploads\/2026\/01\/bar-old-town-walls-1024x682.jpg 1024w, https:\/\/www.visit-montenegro.com\/wp-content\/uploads\/2026\/01\/bar-old-town-walls-768x512.jpg 768w, https:\/\/www.visit-montenegro.com\/wp-content\/uploads\/2026\/01\/bar-old-town-walls-1536x1023.jpg 1536w, https:\/\/www.visit-montenegro.com\/wp-content\/uploads\/2026\/01\/bar-old-town-walls-1200x799.jpg 1200w\" sizes=\"auto, (max-width: 1600px) 100vw, 1600px\" \/><figcaption class=\"wp-element-caption\">Stadtmauern, Altstadt von Bar<\/figcaption><\/figure>\n\n<h2 class=\"wp-block-heading\">Architektonische und historische Merkmale<\/h2>\n\n<p><strong>Altstadt von Bar<\/strong> besteht aus einer befestigten Stadtsee, umgeben von Mauern aus dem 11. und 12. Jahrhundert, die im 14. und 15. Jahrhundert erneuert wurden. Bei einem Besuch sehen Sie ein altes Stadttor aus dem 11. Jahrhundert. Neben dem Tor befindet sich eine Zitadelle, die ausschlie\u00dflich Verteidigungscharakter hatte. Da ein Teil der <strong>Altstadt von Bar<\/strong> in der venezianischen \u00c4ra im 15. und fr\u00fchen 16. Jahrhundert angegliedert wurde, zeugen zahlreiche Denkm\u00e4ler authentisch von dieser Zeit.<\/p>\n\n<figure class=\"wp-block-image size-full\"><img loading=\"lazy\" decoding=\"async\" width=\"1600\" height=\"1067\" src=\"https:\/\/www.visit-montenegro.com\/wp-content\/uploads\/2026\/01\/bar-old-town-mosque-scaled.jpg\" alt=\"\" class=\"wp-image-35991\" srcset=\"https:\/\/www.visit-montenegro.com\/wp-content\/uploads\/2026\/01\/bar-old-town-mosque-scaled.jpg 1600w, https:\/\/www.visit-montenegro.com\/wp-content\/uploads\/2026\/01\/bar-old-town-mosque-300x200.jpg 300w, https:\/\/www.visit-montenegro.com\/wp-content\/uploads\/2026\/01\/bar-old-town-mosque-1024x683.jpg 1024w, https:\/\/www.visit-montenegro.com\/wp-content\/uploads\/2026\/01\/bar-old-town-mosque-768x512.jpg 768w, https:\/\/www.visit-montenegro.com\/wp-content\/uploads\/2026\/01\/bar-old-town-mosque-1536x1024.jpg 1536w, https:\/\/www.visit-montenegro.com\/wp-content\/uploads\/2026\/01\/bar-old-town-mosque-1200x800.jpg 1200w\" sizes=\"auto, (max-width: 1600px) 100vw, 1600px\" \/><figcaption class=\"wp-element-caption\">Moschee in der Stadt Bar, Montenegro<\/figcaption><\/figure>\n\n<p>Es gibt zwei noch sehr gut erhaltene Kirchen: die Kirche St. Katarina aus dem 16. Jahrhundert und die Kirche St. Veneranda aus dem 15. Jahrhundert. Im alten Teil der Stadt befindet sich ein t\u00fcrkisches Bad \u2013 ein Dampfbad aus dem 17. Jahrhundert \u2013 ein Pulvermagazin und andere interessante Geb\u00e4ude. Au\u00dferdem sind die \u00dcberreste der Kirche St. Nikola zu sehen, die 1288 von der Frau des serbischen Kaisers Uros, Jelena Anzujska oder Jelena Kurtnejska, erbaut wurde. Unterhalb der <strong>Altstadt von Bar<\/strong> befinden sich die \u00dcberreste eines Aqu\u00e4dukts aus dem 16. und 17. Jahrhundert, durch den Wasser in die Stadt gebracht wurde.<\/p>\n\n<figure class=\"wp-block-image size-full\"><img loading=\"lazy\" decoding=\"async\" width=\"1600\" height=\"1064\" src=\"https:\/\/www.visit-montenegro.com\/wp-content\/uploads\/2026\/01\/bar-old-town-street-scaled.jpg\" alt=\"\" class=\"wp-image-35992\" srcset=\"https:\/\/www.visit-montenegro.com\/wp-content\/uploads\/2026\/01\/bar-old-town-street-scaled.jpg 1600w, https:\/\/www.visit-montenegro.com\/wp-content\/uploads\/2026\/01\/bar-old-town-street-300x200.jpg 300w, https:\/\/www.visit-montenegro.com\/wp-content\/uploads\/2026\/01\/bar-old-town-street-1024x681.jpg 1024w, https:\/\/www.visit-montenegro.com\/wp-content\/uploads\/2026\/01\/bar-old-town-street-768x511.jpg 768w, https:\/\/www.visit-montenegro.com\/wp-content\/uploads\/2026\/01\/bar-old-town-street-1536x1022.jpg 1536w, https:\/\/www.visit-montenegro.com\/wp-content\/uploads\/2026\/01\/bar-old-town-street-1200x798.jpg 1200w\" sizes=\"auto, (max-width: 1600px) 100vw, 1600px\" \/><figcaption class=\"wp-element-caption\">Alte Pflasterstra\u00dfe und Geb\u00e4ude des touristischen Stadtzentrums von Bar, Montenegro<\/figcaption><\/figure>\n\n<h2 class=\"wp-block-heading\">Gemeinschaft und Wiederbelebungsbem\u00fchungen<\/h2>\n\n<p>Die <strong>Altstadt von Bar<\/strong>, in der heute niemand mehr lebt, war fr\u00fcher voller Einwohner, die mit verschiedenen Handelsarten wie dem Verkauf von Oliven\u00f6l, Salz und Kunsthandwerk besch\u00e4ftigt waren. In der <strong>Altstadt von Bar<\/strong> gibt es auch einen Ort namens Podgrad (Unterstadt), der aus dem Mittelalter stammt, aber heute noch bewohnt ist. Diese Gemeinschaft umfasst mehrere alte Gasth\u00e4user, Gesch\u00e4fte, Kunsthandwerksl\u00e4den und einen Fleischmarkt. Tats\u00e4chlich beinhaltet Podgrad zwei Moscheen und eine katholische Kirche St. Marija.<\/p>\n\n<p>Besonders in den letzten Jahren haben die Gesellschaft der Freunde der <strong>Altstadt von Bar<\/strong> und Nachkommen ehemaliger Familien Aktionen initiiert, um sie als antike architektonische Anlage und \u00e4lteste Siedlung der Region wiederzubeleben. Von Sommer zu Sommer ist die <strong>Altstadt von Bar<\/strong> f\u00fcr Architekten, Arch\u00e4ologen und Kulturschaffende sehr interessant geworden. Sie enth\u00fcllen Ideen und erstellen Projekte zur Wiederbelebung und Erhaltung, um j\u00fcngere Menschen und Touristen mit dem vertraut zu machen, was die <strong>Altstadt von Bar<\/strong> fr\u00fcher bedeutete.<\/p>\n\n<p>Wenn Sie die Umgebung der <strong>Altstadt von Bar<\/strong> erkunden m\u00f6chten, empfehlen wir einen Spaziergang nach Mirovica. Dort k\u00f6nnen Sie den ber\u00fchmten Stamm eines \u00fcber 2.000 Jahre alten Olivenbaums von Bar sehen.<\/p>\n","protected":false},"excerpt":{"rendered":"<p>Erkunden Sie die historische Altstadt von Bar in Montenegro, eine befestigte Siedlung mit alten Mauern, Kirchen und Ruinen. Erfahren Sie mehr \u00fcber ihre reiche Geschichte, laufende Wiederbelebungsbem\u00fchungen und nahegelegene Sehensw\u00fcrdigkeiten wie den \u00fcber 2.000 Jahre alten Olivenbaum.<\/p>\n","protected":false},"author":1,"featured_media":134967,"parent":134960,"menu_order":0,"comment_status":"closed","ping_status":"closed","template":"","meta":{"_yoast_wpseo_focuskw":"Altstadt von Bar","_yoast_wpseo_metadesc":"Entdecken Sie die historische Altstadt von Bar in Montenegro: alte Mauern, Kirchen und Ruinen. Erfahren Sie mehr \u00fcber ihre reiche Vergangenheit und Wiederbelebungsbem\u00fchungen. Planen Sie noch heute Ihren Besuch!","_kad_post_transparent":"","_kad_post_title":"","_kad_post_layout":"","_kad_post_sidebar_id":"","_kad_post_content_style":"","_kad_post_vertical_padding":"","_kad_post_feature":"","_kad_post_feature_position":"","_kad_post_header":false,"_kad_post_footer":false,"_kad_post_classname":"","iawp_total_views":16,"footnotes":""},"tags":[],"class_list":["post-134966","page","type-page","status-publish","has-post-thumbnail","hentry"],"yoast_head":"<!-- This site is optimized with the Yoast SEO plugin v27.3 - https:\/\/yoast.com\/product\/yoast-seo-wordpress\/ -->\n<title>Altstadt von Bar - Visit Montenegro<\/title>\n<meta name=\"description\" content=\"Entdecken Sie die historische Altstadt von Bar in Montenegro: alte Mauern, Kirchen und Ruinen. Erfahren Sie mehr \u00fcber ihre reiche Vergangenheit und Wiederbelebungsbem\u00fchungen. Planen Sie noch heute Ihren Besuch!\" \/>\n<meta name=\"robots\" content=\"index, follow, max-snippet:-1, max-image-preview:large, max-video-preview:-1\" \/>\n<link rel=\"canonical\" href=\"https:\/\/www.visit-montenegro.com\/de\/reiseziele\/bar\/sehenswuerdigkeiten\/altstadt-bar\/\" \/>\n<meta property=\"og:locale\" content=\"de_DE\" \/>\n<meta property=\"og:type\" content=\"article\" \/>\n<meta property=\"og:title\" content=\"Altstadt von Bar - Visit Montenegro\" \/>\n<meta property=\"og:description\" content=\"Entdecken Sie die historische Altstadt von Bar in Montenegro: alte Mauern, Kirchen und Ruinen. Erfahren Sie mehr \u00fcber ihre reiche Vergangenheit und Wiederbelebungsbem\u00fchungen. Planen Sie noch heute Ihren Besuch!\" \/>\n<meta property=\"og:url\" content=\"https:\/\/www.visit-montenegro.com\/de\/reiseziele\/bar\/sehenswuerdigkeiten\/altstadt-bar\/\" \/>\n<meta property=\"og:site_name\" content=\"Visit Montenegro\" \/>\n<meta property=\"article:publisher\" content=\"https:\/\/www.facebook.com\/visitmontenegro\" \/>\n<meta property=\"article:modified_time\" content=\"2026-02-22T16:09:06+00:00\" \/>\n<meta property=\"og:image\" content=\"https:\/\/www.visit-montenegro.com\/wp-content\/uploads\/2026\/01\/bar-old-town-01-scaled.jpg\" \/>\n\t<meta property=\"og:image:width\" content=\"1600\" \/>\n\t<meta property=\"og:image:height\" content=\"1068\" \/>\n\t<meta property=\"og:image:type\" content=\"image\/jpeg\" \/>\n<meta name=\"twitter:card\" content=\"summary_large_image\" \/>\n<meta name=\"twitter:site\" content=\"@visitmontenegro\" \/>\n<meta name=\"twitter:label1\" content=\"Gesch\u00e4tzte Lesezeit\" \/>\n\t<meta name=\"twitter:data1\" content=\"3\u00a0Minuten\" \/>\n<script type=\"application\/ld+json\" class=\"yoast-schema-graph\">{\"@context\":\"https:\\\/\\\/schema.org\",\"@graph\":[{\"@type\":\"WebPage\",\"@id\":\"https:\\\/\\\/www.visit-montenegro.com\\\/de\\\/reiseziele\\\/bar\\\/sehenswuerdigkeiten\\\/altstadt-bar\\\/\",\"url\":\"https:\\\/\\\/www.visit-montenegro.com\\\/de\\\/reiseziele\\\/bar\\\/sehenswuerdigkeiten\\\/altstadt-bar\\\/\",\"name\":\"Altstadt von Bar - Visit Montenegro\",\"isPartOf\":{\"@id\":\"https:\\\/\\\/www.visit-montenegro.com\\\/de\\\/#website\"},\"primaryImageOfPage\":{\"@id\":\"https:\\\/\\\/www.visit-montenegro.com\\\/de\\\/reiseziele\\\/bar\\\/sehenswuerdigkeiten\\\/altstadt-bar\\\/#primaryimage\"},\"image\":{\"@id\":\"https:\\\/\\\/www.visit-montenegro.com\\\/de\\\/reiseziele\\\/bar\\\/sehenswuerdigkeiten\\\/altstadt-bar\\\/#primaryimage\"},\"thumbnailUrl\":\"https:\\\/\\\/www.visit-montenegro.com\\\/wp-content\\\/uploads\\\/2026\\\/01\\\/bar-old-town-01-scaled.jpg\",\"datePublished\":\"2026-01-27T20:44:32+00:00\",\"dateModified\":\"2026-02-22T16:09:06+00:00\",\"description\":\"Entdecken Sie die historische Altstadt von Bar in Montenegro: alte Mauern, Kirchen und Ruinen. Erfahren Sie mehr \u00fcber ihre reiche Vergangenheit und Wiederbelebungsbem\u00fchungen. Planen Sie noch heute Ihren Besuch!\",\"breadcrumb\":{\"@id\":\"https:\\\/\\\/www.visit-montenegro.com\\\/de\\\/reiseziele\\\/bar\\\/sehenswuerdigkeiten\\\/altstadt-bar\\\/#breadcrumb\"},\"inLanguage\":\"de\",\"potentialAction\":[{\"@type\":\"ReadAction\",\"target\":[\"https:\\\/\\\/www.visit-montenegro.com\\\/de\\\/reiseziele\\\/bar\\\/sehenswuerdigkeiten\\\/altstadt-bar\\\/\"]}]},{\"@type\":\"ImageObject\",\"inLanguage\":\"de\",\"@id\":\"https:\\\/\\\/www.visit-montenegro.com\\\/de\\\/reiseziele\\\/bar\\\/sehenswuerdigkeiten\\\/altstadt-bar\\\/#primaryimage\",\"url\":\"https:\\\/\\\/www.visit-montenegro.com\\\/wp-content\\\/uploads\\\/2026\\\/01\\\/bar-old-town-01-scaled.jpg\",\"contentUrl\":\"https:\\\/\\\/www.visit-montenegro.com\\\/wp-content\\\/uploads\\\/2026\\\/01\\\/bar-old-town-01-scaled.jpg\",\"width\":1600,\"height\":1068,\"caption\":\"Alte Steinruinen und Uhrturm in der Altstadt von Bar auf der wolkigen Berglandschaft, Montenegro. Panoramablick auf Stari Bar \u2013 zerst\u00f6rte mittelalterliche Stadt an der Adriak\u00fcste, UNESCO-Weltkulturerbe.\"},{\"@type\":\"BreadcrumbList\",\"@id\":\"https:\\\/\\\/www.visit-montenegro.com\\\/de\\\/reiseziele\\\/bar\\\/sehenswuerdigkeiten\\\/altstadt-bar\\\/#breadcrumb\",\"itemListElement\":[{\"@type\":\"ListItem\",\"position\":1,\"name\":\"Home\",\"item\":\"https:\\\/\\\/www.visit-montenegro.com\\\/de\\\/home\\\/\"},{\"@type\":\"ListItem\",\"position\":2,\"name\":\"Reiseziele in Montenegro\",\"item\":\"https:\\\/\\\/www.visit-montenegro.com\\\/de\\\/reiseziele\\\/\"},{\"@type\":\"ListItem\",\"position\":3,\"name\":\"Bar\",\"item\":\"https:\\\/\\\/www.visit-montenegro.com\\\/de\\\/reiseziele\\\/bar\\\/\"},{\"@type\":\"ListItem\",\"position\":4,\"name\":\"Bar Sehensw\u00fcrdigkeiten\",\"item\":\"https:\\\/\\\/www.visit-montenegro.com\\\/de\\\/reiseziele\\\/bar\\\/sehenswuerdigkeiten\\\/\"},{\"@type\":\"ListItem\",\"position\":5,\"name\":\"Altstadt von Bar\"}]},{\"@type\":\"WebSite\",\"@id\":\"https:\\\/\\\/www.visit-montenegro.com\\\/de\\\/#website\",\"url\":\"https:\\\/\\\/www.visit-montenegro.com\\\/de\\\/\",\"name\":\"Visit Montenegro\",\"description\":\"Breathtaking beauty\",\"publisher\":{\"@id\":\"https:\\\/\\\/www.visit-montenegro.com\\\/de\\\/#organization\"},\"potentialAction\":[{\"@type\":\"SearchAction\",\"target\":{\"@type\":\"EntryPoint\",\"urlTemplate\":\"https:\\\/\\\/www.visit-montenegro.com\\\/de\\\/?s={search_term_string}\"},\"query-input\":{\"@type\":\"PropertyValueSpecification\",\"valueRequired\":true,\"valueName\":\"search_term_string\"}}],\"inLanguage\":\"de\"},{\"@type\":\"Organization\",\"@id\":\"https:\\\/\\\/www.visit-montenegro.com\\\/de\\\/#organization\",\"name\":\"Visit Montenegro\",\"url\":\"https:\\\/\\\/www.visit-montenegro.com\\\/de\\\/\",\"logo\":{\"@type\":\"ImageObject\",\"inLanguage\":\"de\",\"@id\":\"https:\\\/\\\/www.visit-montenegro.com\\\/de\\\/#\\\/schema\\\/logo\\\/image\\\/\",\"url\":\"https:\\\/\\\/www.visit-montenegro.com\\\/wp-content\\\/uploads\\\/2017\\\/10\\\/logo-amp.png\",\"contentUrl\":\"https:\\\/\\\/www.visit-montenegro.com\\\/wp-content\\\/uploads\\\/2017\\\/10\\\/logo-amp.png\",\"width\":190,\"height\":36,\"caption\":\"Visit Montenegro\"},\"image\":{\"@id\":\"https:\\\/\\\/www.visit-montenegro.com\\\/de\\\/#\\\/schema\\\/logo\\\/image\\\/\"},\"sameAs\":[\"https:\\\/\\\/www.facebook.com\\\/visitmontenegro\",\"https:\\\/\\\/x.com\\\/visitmontenegro\",\"https:\\\/\\\/www.instagram.com\\\/visit_montenegro\\\/\",\"https:\\\/\\\/www.youtube.com\\\/user\\\/VisitMontenegro\"]}]}<\/script>\n<!-- \/ Yoast SEO plugin. -->","yoast_head_json":{"title":"Altstadt von Bar - Visit Montenegro","description":"Entdecken Sie die historische Altstadt von Bar in Montenegro: alte Mauern, Kirchen und Ruinen. Erfahren Sie mehr \u00fcber ihre reiche Vergangenheit und Wiederbelebungsbem\u00fchungen. Planen Sie noch heute Ihren Besuch!","robots":{"index":"index","follow":"follow","max-snippet":"max-snippet:-1","max-image-preview":"max-image-preview:large","max-video-preview":"max-video-preview:-1"},"canonical":"https:\/\/www.visit-montenegro.com\/de\/reiseziele\/bar\/sehenswuerdigkeiten\/altstadt-bar\/","og_locale":"de_DE","og_type":"article","og_title":"Altstadt von Bar - Visit Montenegro","og_description":"Entdecken Sie die historische Altstadt von Bar in Montenegro: alte Mauern, Kirchen und Ruinen. Erfahren Sie mehr \u00fcber ihre reiche Vergangenheit und Wiederbelebungsbem\u00fchungen. Planen Sie noch heute Ihren Besuch!","og_url":"https:\/\/www.visit-montenegro.com\/de\/reiseziele\/bar\/sehenswuerdigkeiten\/altstadt-bar\/","og_site_name":"Visit Montenegro","article_publisher":"https:\/\/www.facebook.com\/visitmontenegro","article_modified_time":"2026-02-22T16:09:06+00:00","og_image":[{"width":1600,"height":1068,"url":"https:\/\/www.visit-montenegro.com\/wp-content\/uploads\/2026\/01\/bar-old-town-01-scaled.jpg","type":"image\/jpeg"}],"twitter_card":"summary_large_image","twitter_site":"@visitmontenegro","twitter_misc":{"Gesch\u00e4tzte Lesezeit":"3\u00a0Minuten"},"schema":{"@context":"https:\/\/schema.org","@graph":[{"@type":"WebPage","@id":"https:\/\/www.visit-montenegro.com\/de\/reiseziele\/bar\/sehenswuerdigkeiten\/altstadt-bar\/","url":"https:\/\/www.visit-montenegro.com\/de\/reiseziele\/bar\/sehenswuerdigkeiten\/altstadt-bar\/","name":"Altstadt von Bar - Visit Montenegro","isPartOf":{"@id":"https:\/\/www.visit-montenegro.com\/de\/#website"},"primaryImageOfPage":{"@id":"https:\/\/www.visit-montenegro.com\/de\/reiseziele\/bar\/sehenswuerdigkeiten\/altstadt-bar\/#primaryimage"},"image":{"@id":"https:\/\/www.visit-montenegro.com\/de\/reiseziele\/bar\/sehenswuerdigkeiten\/altstadt-bar\/#primaryimage"},"thumbnailUrl":"https:\/\/www.visit-montenegro.com\/wp-content\/uploads\/2026\/01\/bar-old-town-01-scaled.jpg","datePublished":"2026-01-27T20:44:32+00:00","dateModified":"2026-02-22T16:09:06+00:00","description":"Entdecken Sie die historische Altstadt von Bar in Montenegro: alte Mauern, Kirchen und Ruinen. Erfahren Sie mehr \u00fcber ihre reiche Vergangenheit und Wiederbelebungsbem\u00fchungen. Planen Sie noch heute Ihren Besuch!","breadcrumb":{"@id":"https:\/\/www.visit-montenegro.com\/de\/reiseziele\/bar\/sehenswuerdigkeiten\/altstadt-bar\/#breadcrumb"},"inLanguage":"de","potentialAction":[{"@type":"ReadAction","target":["https:\/\/www.visit-montenegro.com\/de\/reiseziele\/bar\/sehenswuerdigkeiten\/altstadt-bar\/"]}]},{"@type":"ImageObject","inLanguage":"de","@id":"https:\/\/www.visit-montenegro.com\/de\/reiseziele\/bar\/sehenswuerdigkeiten\/altstadt-bar\/#primaryimage","url":"https:\/\/www.visit-montenegro.com\/wp-content\/uploads\/2026\/01\/bar-old-town-01-scaled.jpg","contentUrl":"https:\/\/www.visit-montenegro.com\/wp-content\/uploads\/2026\/01\/bar-old-town-01-scaled.jpg","width":1600,"height":1068,"caption":"Alte Steinruinen und Uhrturm in der Altstadt von Bar auf der wolkigen Berglandschaft, Montenegro. Panoramablick auf Stari Bar \u2013 zerst\u00f6rte mittelalterliche Stadt an der Adriak\u00fcste, UNESCO-Weltkulturerbe."},{"@type":"BreadcrumbList","@id":"https:\/\/www.visit-montenegro.com\/de\/reiseziele\/bar\/sehenswuerdigkeiten\/altstadt-bar\/#breadcrumb","itemListElement":[{"@type":"ListItem","position":1,"name":"Home","item":"https:\/\/www.visit-montenegro.com\/de\/home\/"},{"@type":"ListItem","position":2,"name":"Reiseziele in Montenegro","item":"https:\/\/www.visit-montenegro.com\/de\/reiseziele\/"},{"@type":"ListItem","position":3,"name":"Bar","item":"https:\/\/www.visit-montenegro.com\/de\/reiseziele\/bar\/"},{"@type":"ListItem","position":4,"name":"Bar Sehensw\u00fcrdigkeiten","item":"https:\/\/www.visit-montenegro.com\/de\/reiseziele\/bar\/sehenswuerdigkeiten\/"},{"@type":"ListItem","position":5,"name":"Altstadt von Bar"}]},{"@type":"WebSite","@id":"https:\/\/www.visit-montenegro.com\/de\/#website","url":"https:\/\/www.visit-montenegro.com\/de\/","name":"Visit Montenegro","description":"Breathtaking beauty","publisher":{"@id":"https:\/\/www.visit-montenegro.com\/de\/#organization"},"potentialAction":[{"@type":"SearchAction","target":{"@type":"EntryPoint","urlTemplate":"https:\/\/www.visit-montenegro.com\/de\/?s={search_term_string}"},"query-input":{"@type":"PropertyValueSpecification","valueRequired":true,"valueName":"search_term_string"}}],"inLanguage":"de"},{"@type":"Organization","@id":"https:\/\/www.visit-montenegro.com\/de\/#organization","name":"Visit Montenegro","url":"https:\/\/www.visit-montenegro.com\/de\/","logo":{"@type":"ImageObject","inLanguage":"de","@id":"https:\/\/www.visit-montenegro.com\/de\/#\/schema\/logo\/image\/","url":"https:\/\/www.visit-montenegro.com\/wp-content\/uploads\/2017\/10\/logo-amp.png","contentUrl":"https:\/\/www.visit-montenegro.com\/wp-content\/uploads\/2017\/10\/logo-amp.png","width":190,"height":36,"caption":"Visit Montenegro"},"image":{"@id":"https:\/\/www.visit-montenegro.com\/de\/#\/schema\/logo\/image\/"},"sameAs":["https:\/\/www.facebook.com\/visitmontenegro","https:\/\/x.com\/visitmontenegro","https:\/\/www.instagram.com\/visit_montenegro\/","https:\/\/www.youtube.com\/user\/VisitMontenegro"]}]}},"translations":[],"_links":{"self":[{"href":"https:\/\/www.visit-montenegro.com\/de\/wp-json\/wp\/v2\/pages\/134966","targetHints":{"allow":["GET"]}}],"collection":[{"href":"https:\/\/www.visit-montenegro.com\/de\/wp-json\/wp\/v2\/pages"}],"about":[{"href":"https:\/\/www.visit-montenegro.com\/de\/wp-json\/wp\/v2\/types\/page"}],"author":[{"embeddable":true,"href":"https:\/\/www.visit-montenegro.com\/de\/wp-json\/wp\/v2\/users\/1"}],"replies":[{"embeddable":true,"href":"https:\/\/www.visit-montenegro.com\/de\/wp-json\/wp\/v2\/comments?post=134966"}],"version-history":[{"count":0,"href":"https:\/\/www.visit-montenegro.com\/de\/wp-json\/wp\/v2\/pages\/134966\/revisions"}],"up":[{"embeddable":true,"href":"https:\/\/www.visit-montenegro.com\/de\/wp-json\/wp\/v2\/pages\/134960"}],"wp:featuredmedia":[{"embeddable":true,"href":"https:\/\/www.visit-montenegro.com\/de\/wp-json\/wp\/v2\/media\/134967"}],"wp:attachment":[{"href":"https:\/\/www.visit-montenegro.com\/de\/wp-json\/wp\/v2\/media?parent=134966"}],"wp:term":[{"taxonomy":"post_tag","embeddable":true,"href":"https:\/\/www.visit-montenegro.com\/de\/wp-json\/wp\/v2\/tags?post=134966"}],"curies":[{"name":"wp","href":"https:\/\/api.w.org\/{rel}","templated":true}]}}