{"id":134975,"date":"2026-01-27T21:44:32","date_gmt":"2026-01-27T20:44:32","guid":{"rendered":"https:\/\/new.visit-montenegro.com\/ziele\/bar\/attractions\/koenig-nikola-schloss\/"},"modified":"2026-02-22T17:09:06","modified_gmt":"2026-02-22T16:09:06","slug":"koenig-nikola-schloss","status":"publish","type":"page","link":"https:\/\/www.visit-montenegro.com\/de\/reiseziele\/bar\/sehenswuerdigkeiten\/koenig-nikola-schloss\/","title":{"rendered":"K\u00f6nig Nikola&#8217;s Schloss"},"content":{"rendered":"\n<p>K\u00f6nig Nikola&#8217;s Schloss, urspr\u00fcnglich 1885 erbaut und sp\u00e4ter erweitert, ist ein historisches Museum in <a href=\"https:\/\/www.visit-montenegro.com\/de\/reiseziele\/bar\/\">Bar<\/a>, Montenegro, das das kulturelle und architektonische Erbe der Herrschaft von K\u00f6nig Nikola I. Petrovi\u0107 zeigt. Es verf\u00fcgt \u00fcber mediterrane G\u00e4rten, veranstaltet kulturelle Events und umfasst einzigartige Elemente wie ein ehemaliges h\u00f6lzernes Fluttor f\u00fcr k\u00f6nigliche Yachten.<\/p>\n\n<hr class=\"wp-block-separator has-alpha-channel-opacity\"\/>\n\n<h2 class=\"wp-block-heading\">Historische Bedeutung und Architektur<\/h2>\n\n<p>Heute dient <strong>K\u00f6nig Nikola&#8217;s Schloss<\/strong> als Museumsgeb\u00e4ude, das vom montenegrinischen Staat unter K\u00f6nig Nikola I. Petrovi\u0107 zeugt. Es hebt die Bedeutung zeitgen\u00f6ssischer sozialer, kultureller und architektonischer Trends des 19. und fr\u00fchen 20. Jahrhunderts hervor. Erbaut von Prinz Petar Karadjordjevic, Nikola&#8217;s Schwager, im Jahr 1885, wurde das Schloss im selben Jahr von Nikola gekauft. Der Komplex umfasst ein kleines Schloss, Kapellen, Wachh\u00e4uschen und Winterg\u00e4rten. 1919 wurde ein ger\u00e4umiger Ballsaal hinzugef\u00fcgt, der seine Pracht steigerte.<\/p>\n\n<p>Das Schloss liegt in einem mediterranen Park mit wunderbarer Vegetation. Diese Umgebung macht es au\u00dfergew\u00f6hnlich. Folglich wird der Komplex nun f\u00fcr die kulturellen Bed\u00fcrfnisse von Bar genutzt. <strong>K\u00f6nig Nikola&#8217;s Schloss<\/strong> fungiert auch als Heimatmuseum. In seinen S\u00e4len finden regelm\u00e4\u00dfig besondere literarische Abende, Musik-Konzerte, Festivals, Happenings und Kunstausstellungen statt.<\/p>\n\n<h2 class=\"wp-block-heading\">Einzigartige Merkmale und k\u00f6nigliches Erbe<\/h2>\n\n<p>Gelegen am Meeresufer, hatte <strong>K\u00f6nig Nikola&#8217;s Schloss<\/strong> einst ein h\u00f6lzernes Fluttor zum Anlegen von Schiffen. K\u00f6nig Nikola besa\u00df 10 Yachten, was seine maritime Bedeutung unterstreicht. Dar\u00fcber hinaus ist es interessant zu erw\u00e4hnen, dass er die ber\u00fchmte Yacht \u201eSibil\u201c vom Romancier Jules Verne kaufte. Seine letzte Yacht, \u201eRumija\u201c, wurde 1915 von der \u00f6sterreichisch-ungarischen Marine im heutigen Gew\u00e4sser versenkt.<\/p>\n\n<p>In der N\u00e4he befindet sich ein Blumenhaus aus nicht-korrosiver Konstruktion. Es war ein Geschenk des italienischen K\u00f6nigs Emanuel. Heute steht diese Struktur als repr\u00e4sentative Ferienanlage, besser bekannt als \u201ePrinzengarten\u201c.<\/p>\n","protected":false},"excerpt":{"rendered":"<p>Erkunden Sie K\u00f6nig Nikola&#8217;s Schloss in Bar, Montenegro \u2013 ein historisches Museum, das k\u00f6nigliche Architektur und kulturelles Erbe pr\u00e4sentiert. Entdecken Sie seine mediterranen G\u00e4rten, einzigartige Merkmale wie ein h\u00f6lzernes Fluttor f\u00fcr Yachten und lebendige Veranstaltungen, die Geschichte zum Leben erwecken.<\/p>\n","protected":false},"author":1,"featured_media":134976,"parent":134960,"menu_order":0,"comment_status":"closed","ping_status":"closed","template":"","meta":{"_yoast_wpseo_focuskw":"K\u00f6nig Nikola\u2019s Schloss","_yoast_wpseo_metadesc":"Entdecken Sie K\u00f6nig Nikola's Schloss in Montenegro: ein historisches Museum mit k\u00f6niglicher Architektur, G\u00e4rten und kulturellen Veranstaltungen. Planen Sie Ihren Besuch dieses ikonischen Wahrzeichens noch heute!","_kad_post_transparent":"","_kad_post_title":"","_kad_post_layout":"","_kad_post_sidebar_id":"","_kad_post_content_style":"","_kad_post_vertical_padding":"","_kad_post_feature":"","_kad_post_feature_position":"","_kad_post_header":false,"_kad_post_footer":false,"_kad_post_classname":"","iawp_total_views":7,"footnotes":""},"tags":[],"class_list":["post-134975","page","type-page","status-publish","has-post-thumbnail","hentry"],"yoast_head":"<!-- This site is optimized with the Yoast SEO plugin v27.3 - https:\/\/yoast.com\/product\/yoast-seo-wordpress\/ -->\n<title>K\u00f6nig Nikola&#039;s Schloss - Visit Montenegro<\/title>\n<meta name=\"description\" content=\"Entdecken Sie K\u00f6nig Nikola&#039;s Schloss in Montenegro: ein historisches Museum mit k\u00f6niglicher Architektur, G\u00e4rten und kulturellen Veranstaltungen. Planen Sie Ihren Besuch dieses ikonischen Wahrzeichens noch heute!\" \/>\n<meta name=\"robots\" content=\"index, follow, max-snippet:-1, max-image-preview:large, max-video-preview:-1\" \/>\n<link rel=\"canonical\" href=\"https:\/\/www.visit-montenegro.com\/de\/reiseziele\/bar\/sehenswuerdigkeiten\/koenig-nikola-schloss\/\" \/>\n<meta property=\"og:locale\" content=\"de_DE\" \/>\n<meta property=\"og:type\" content=\"article\" \/>\n<meta property=\"og:title\" content=\"K\u00f6nig Nikola&#039;s Schloss - Visit Montenegro\" \/>\n<meta property=\"og:description\" content=\"Entdecken Sie K\u00f6nig Nikola&#039;s Schloss in Montenegro: ein historisches Museum mit k\u00f6niglicher Architektur, G\u00e4rten und kulturellen Veranstaltungen. Planen Sie Ihren Besuch dieses ikonischen Wahrzeichens noch heute!\" \/>\n<meta property=\"og:url\" content=\"https:\/\/www.visit-montenegro.com\/de\/reiseziele\/bar\/sehenswuerdigkeiten\/koenig-nikola-schloss\/\" \/>\n<meta property=\"og:site_name\" content=\"Visit Montenegro\" \/>\n<meta property=\"article:publisher\" content=\"https:\/\/www.facebook.com\/visitmontenegro\" \/>\n<meta property=\"article:modified_time\" content=\"2026-02-22T16:09:06+00:00\" \/>\n<meta property=\"og:image\" content=\"https:\/\/www.visit-montenegro.com\/wp-content\/uploads\/2026\/01\/bar-king-nikola-castle-scaled.jpg\" \/>\n\t<meta property=\"og:image:width\" content=\"1600\" \/>\n\t<meta property=\"og:image:height\" content=\"1067\" \/>\n\t<meta property=\"og:image:type\" content=\"image\/jpeg\" \/>\n<meta name=\"twitter:card\" content=\"summary_large_image\" \/>\n<meta name=\"twitter:site\" content=\"@visitmontenegro\" \/>\n<meta name=\"twitter:label1\" content=\"Gesch\u00e4tzte Lesezeit\" \/>\n\t<meta name=\"twitter:data1\" content=\"1\u00a0Minute\" \/>\n<script type=\"application\/ld+json\" class=\"yoast-schema-graph\">{\"@context\":\"https:\\\/\\\/schema.org\",\"@graph\":[{\"@type\":\"WebPage\",\"@id\":\"https:\\\/\\\/www.visit-montenegro.com\\\/de\\\/reiseziele\\\/bar\\\/sehenswuerdigkeiten\\\/koenig-nikola-schloss\\\/\",\"url\":\"https:\\\/\\\/www.visit-montenegro.com\\\/de\\\/reiseziele\\\/bar\\\/sehenswuerdigkeiten\\\/koenig-nikola-schloss\\\/\",\"name\":\"K\u00f6nig Nikola's Schloss - Visit Montenegro\",\"isPartOf\":{\"@id\":\"https:\\\/\\\/www.visit-montenegro.com\\\/de\\\/#website\"},\"primaryImageOfPage\":{\"@id\":\"https:\\\/\\\/www.visit-montenegro.com\\\/de\\\/reiseziele\\\/bar\\\/sehenswuerdigkeiten\\\/koenig-nikola-schloss\\\/#primaryimage\"},\"image\":{\"@id\":\"https:\\\/\\\/www.visit-montenegro.com\\\/de\\\/reiseziele\\\/bar\\\/sehenswuerdigkeiten\\\/koenig-nikola-schloss\\\/#primaryimage\"},\"thumbnailUrl\":\"https:\\\/\\\/www.visit-montenegro.com\\\/wp-content\\\/uploads\\\/2026\\\/01\\\/bar-king-nikola-castle-scaled.jpg\",\"datePublished\":\"2026-01-27T20:44:32+00:00\",\"dateModified\":\"2026-02-22T16:09:06+00:00\",\"description\":\"Entdecken Sie K\u00f6nig Nikola's Schloss in Montenegro: ein historisches Museum mit k\u00f6niglicher Architektur, G\u00e4rten und kulturellen Veranstaltungen. Planen Sie Ihren Besuch dieses ikonischen Wahrzeichens noch heute!\",\"breadcrumb\":{\"@id\":\"https:\\\/\\\/www.visit-montenegro.com\\\/de\\\/reiseziele\\\/bar\\\/sehenswuerdigkeiten\\\/koenig-nikola-schloss\\\/#breadcrumb\"},\"inLanguage\":\"de\",\"potentialAction\":[{\"@type\":\"ReadAction\",\"target\":[\"https:\\\/\\\/www.visit-montenegro.com\\\/de\\\/reiseziele\\\/bar\\\/sehenswuerdigkeiten\\\/koenig-nikola-schloss\\\/\"]}]},{\"@type\":\"ImageObject\",\"inLanguage\":\"de\",\"@id\":\"https:\\\/\\\/www.visit-montenegro.com\\\/de\\\/reiseziele\\\/bar\\\/sehenswuerdigkeiten\\\/koenig-nikola-schloss\\\/#primaryimage\",\"url\":\"https:\\\/\\\/www.visit-montenegro.com\\\/wp-content\\\/uploads\\\/2026\\\/01\\\/bar-king-nikola-castle-scaled.jpg\",\"contentUrl\":\"https:\\\/\\\/www.visit-montenegro.com\\\/wp-content\\\/uploads\\\/2026\\\/01\\\/bar-king-nikola-castle-scaled.jpg\",\"width\":1600,\"height\":1067},{\"@type\":\"BreadcrumbList\",\"@id\":\"https:\\\/\\\/www.visit-montenegro.com\\\/de\\\/reiseziele\\\/bar\\\/sehenswuerdigkeiten\\\/koenig-nikola-schloss\\\/#breadcrumb\",\"itemListElement\":[{\"@type\":\"ListItem\",\"position\":1,\"name\":\"Home\",\"item\":\"https:\\\/\\\/www.visit-montenegro.com\\\/de\\\/home\\\/\"},{\"@type\":\"ListItem\",\"position\":2,\"name\":\"Reiseziele in Montenegro\",\"item\":\"https:\\\/\\\/www.visit-montenegro.com\\\/de\\\/reiseziele\\\/\"},{\"@type\":\"ListItem\",\"position\":3,\"name\":\"Bar\",\"item\":\"https:\\\/\\\/www.visit-montenegro.com\\\/de\\\/reiseziele\\\/bar\\\/\"},{\"@type\":\"ListItem\",\"position\":4,\"name\":\"Bar Sehensw\u00fcrdigkeiten\",\"item\":\"https:\\\/\\\/www.visit-montenegro.com\\\/de\\\/reiseziele\\\/bar\\\/sehenswuerdigkeiten\\\/\"},{\"@type\":\"ListItem\",\"position\":5,\"name\":\"K\u00f6nig Nikola&#8217;s Schloss\"}]},{\"@type\":\"WebSite\",\"@id\":\"https:\\\/\\\/www.visit-montenegro.com\\\/de\\\/#website\",\"url\":\"https:\\\/\\\/www.visit-montenegro.com\\\/de\\\/\",\"name\":\"Visit Montenegro\",\"description\":\"Breathtaking beauty\",\"publisher\":{\"@id\":\"https:\\\/\\\/www.visit-montenegro.com\\\/de\\\/#organization\"},\"potentialAction\":[{\"@type\":\"SearchAction\",\"target\":{\"@type\":\"EntryPoint\",\"urlTemplate\":\"https:\\\/\\\/www.visit-montenegro.com\\\/de\\\/?s={search_term_string}\"},\"query-input\":{\"@type\":\"PropertyValueSpecification\",\"valueRequired\":true,\"valueName\":\"search_term_string\"}}],\"inLanguage\":\"de\"},{\"@type\":\"Organization\",\"@id\":\"https:\\\/\\\/www.visit-montenegro.com\\\/de\\\/#organization\",\"name\":\"Visit Montenegro\",\"url\":\"https:\\\/\\\/www.visit-montenegro.com\\\/de\\\/\",\"logo\":{\"@type\":\"ImageObject\",\"inLanguage\":\"de\",\"@id\":\"https:\\\/\\\/www.visit-montenegro.com\\\/de\\\/#\\\/schema\\\/logo\\\/image\\\/\",\"url\":\"https:\\\/\\\/www.visit-montenegro.com\\\/wp-content\\\/uploads\\\/2017\\\/10\\\/logo-amp.png\",\"contentUrl\":\"https:\\\/\\\/www.visit-montenegro.com\\\/wp-content\\\/uploads\\\/2017\\\/10\\\/logo-amp.png\",\"width\":190,\"height\":36,\"caption\":\"Visit Montenegro\"},\"image\":{\"@id\":\"https:\\\/\\\/www.visit-montenegro.com\\\/de\\\/#\\\/schema\\\/logo\\\/image\\\/\"},\"sameAs\":[\"https:\\\/\\\/www.facebook.com\\\/visitmontenegro\",\"https:\\\/\\\/x.com\\\/visitmontenegro\",\"https:\\\/\\\/www.instagram.com\\\/visit_montenegro\\\/\",\"https:\\\/\\\/www.youtube.com\\\/user\\\/VisitMontenegro\"]}]}<\/script>\n<!-- \/ Yoast SEO plugin. -->","yoast_head_json":{"title":"K\u00f6nig Nikola's Schloss - Visit Montenegro","description":"Entdecken Sie K\u00f6nig Nikola's Schloss in Montenegro: ein historisches Museum mit k\u00f6niglicher Architektur, G\u00e4rten und kulturellen Veranstaltungen. Planen Sie Ihren Besuch dieses ikonischen Wahrzeichens noch heute!","robots":{"index":"index","follow":"follow","max-snippet":"max-snippet:-1","max-image-preview":"max-image-preview:large","max-video-preview":"max-video-preview:-1"},"canonical":"https:\/\/www.visit-montenegro.com\/de\/reiseziele\/bar\/sehenswuerdigkeiten\/koenig-nikola-schloss\/","og_locale":"de_DE","og_type":"article","og_title":"K\u00f6nig Nikola's Schloss - Visit Montenegro","og_description":"Entdecken Sie K\u00f6nig Nikola's Schloss in Montenegro: ein historisches Museum mit k\u00f6niglicher Architektur, G\u00e4rten und kulturellen Veranstaltungen. Planen Sie Ihren Besuch dieses ikonischen Wahrzeichens noch heute!","og_url":"https:\/\/www.visit-montenegro.com\/de\/reiseziele\/bar\/sehenswuerdigkeiten\/koenig-nikola-schloss\/","og_site_name":"Visit Montenegro","article_publisher":"https:\/\/www.facebook.com\/visitmontenegro","article_modified_time":"2026-02-22T16:09:06+00:00","og_image":[{"width":1600,"height":1067,"url":"https:\/\/www.visit-montenegro.com\/wp-content\/uploads\/2026\/01\/bar-king-nikola-castle-scaled.jpg","type":"image\/jpeg"}],"twitter_card":"summary_large_image","twitter_site":"@visitmontenegro","twitter_misc":{"Gesch\u00e4tzte Lesezeit":"1\u00a0Minute"},"schema":{"@context":"https:\/\/schema.org","@graph":[{"@type":"WebPage","@id":"https:\/\/www.visit-montenegro.com\/de\/reiseziele\/bar\/sehenswuerdigkeiten\/koenig-nikola-schloss\/","url":"https:\/\/www.visit-montenegro.com\/de\/reiseziele\/bar\/sehenswuerdigkeiten\/koenig-nikola-schloss\/","name":"K\u00f6nig Nikola's Schloss - Visit Montenegro","isPartOf":{"@id":"https:\/\/www.visit-montenegro.com\/de\/#website"},"primaryImageOfPage":{"@id":"https:\/\/www.visit-montenegro.com\/de\/reiseziele\/bar\/sehenswuerdigkeiten\/koenig-nikola-schloss\/#primaryimage"},"image":{"@id":"https:\/\/www.visit-montenegro.com\/de\/reiseziele\/bar\/sehenswuerdigkeiten\/koenig-nikola-schloss\/#primaryimage"},"thumbnailUrl":"https:\/\/www.visit-montenegro.com\/wp-content\/uploads\/2026\/01\/bar-king-nikola-castle-scaled.jpg","datePublished":"2026-01-27T20:44:32+00:00","dateModified":"2026-02-22T16:09:06+00:00","description":"Entdecken Sie K\u00f6nig Nikola's Schloss in Montenegro: ein historisches Museum mit k\u00f6niglicher Architektur, G\u00e4rten und kulturellen Veranstaltungen. Planen Sie Ihren Besuch dieses ikonischen Wahrzeichens noch heute!","breadcrumb":{"@id":"https:\/\/www.visit-montenegro.com\/de\/reiseziele\/bar\/sehenswuerdigkeiten\/koenig-nikola-schloss\/#breadcrumb"},"inLanguage":"de","potentialAction":[{"@type":"ReadAction","target":["https:\/\/www.visit-montenegro.com\/de\/reiseziele\/bar\/sehenswuerdigkeiten\/koenig-nikola-schloss\/"]}]},{"@type":"ImageObject","inLanguage":"de","@id":"https:\/\/www.visit-montenegro.com\/de\/reiseziele\/bar\/sehenswuerdigkeiten\/koenig-nikola-schloss\/#primaryimage","url":"https:\/\/www.visit-montenegro.com\/wp-content\/uploads\/2026\/01\/bar-king-nikola-castle-scaled.jpg","contentUrl":"https:\/\/www.visit-montenegro.com\/wp-content\/uploads\/2026\/01\/bar-king-nikola-castle-scaled.jpg","width":1600,"height":1067},{"@type":"BreadcrumbList","@id":"https:\/\/www.visit-montenegro.com\/de\/reiseziele\/bar\/sehenswuerdigkeiten\/koenig-nikola-schloss\/#breadcrumb","itemListElement":[{"@type":"ListItem","position":1,"name":"Home","item":"https:\/\/www.visit-montenegro.com\/de\/home\/"},{"@type":"ListItem","position":2,"name":"Reiseziele in Montenegro","item":"https:\/\/www.visit-montenegro.com\/de\/reiseziele\/"},{"@type":"ListItem","position":3,"name":"Bar","item":"https:\/\/www.visit-montenegro.com\/de\/reiseziele\/bar\/"},{"@type":"ListItem","position":4,"name":"Bar Sehensw\u00fcrdigkeiten","item":"https:\/\/www.visit-montenegro.com\/de\/reiseziele\/bar\/sehenswuerdigkeiten\/"},{"@type":"ListItem","position":5,"name":"K\u00f6nig Nikola&#8217;s Schloss"}]},{"@type":"WebSite","@id":"https:\/\/www.visit-montenegro.com\/de\/#website","url":"https:\/\/www.visit-montenegro.com\/de\/","name":"Visit Montenegro","description":"Breathtaking beauty","publisher":{"@id":"https:\/\/www.visit-montenegro.com\/de\/#organization"},"potentialAction":[{"@type":"SearchAction","target":{"@type":"EntryPoint","urlTemplate":"https:\/\/www.visit-montenegro.com\/de\/?s={search_term_string}"},"query-input":{"@type":"PropertyValueSpecification","valueRequired":true,"valueName":"search_term_string"}}],"inLanguage":"de"},{"@type":"Organization","@id":"https:\/\/www.visit-montenegro.com\/de\/#organization","name":"Visit Montenegro","url":"https:\/\/www.visit-montenegro.com\/de\/","logo":{"@type":"ImageObject","inLanguage":"de","@id":"https:\/\/www.visit-montenegro.com\/de\/#\/schema\/logo\/image\/","url":"https:\/\/www.visit-montenegro.com\/wp-content\/uploads\/2017\/10\/logo-amp.png","contentUrl":"https:\/\/www.visit-montenegro.com\/wp-content\/uploads\/2017\/10\/logo-amp.png","width":190,"height":36,"caption":"Visit Montenegro"},"image":{"@id":"https:\/\/www.visit-montenegro.com\/de\/#\/schema\/logo\/image\/"},"sameAs":["https:\/\/www.facebook.com\/visitmontenegro","https:\/\/x.com\/visitmontenegro","https:\/\/www.instagram.com\/visit_montenegro\/","https:\/\/www.youtube.com\/user\/VisitMontenegro"]}]}},"translations":[],"_links":{"self":[{"href":"https:\/\/www.visit-montenegro.com\/de\/wp-json\/wp\/v2\/pages\/134975","targetHints":{"allow":["GET"]}}],"collection":[{"href":"https:\/\/www.visit-montenegro.com\/de\/wp-json\/wp\/v2\/pages"}],"about":[{"href":"https:\/\/www.visit-montenegro.com\/de\/wp-json\/wp\/v2\/types\/page"}],"author":[{"embeddable":true,"href":"https:\/\/www.visit-montenegro.com\/de\/wp-json\/wp\/v2\/users\/1"}],"replies":[{"embeddable":true,"href":"https:\/\/www.visit-montenegro.com\/de\/wp-json\/wp\/v2\/comments?post=134975"}],"version-history":[{"count":0,"href":"https:\/\/www.visit-montenegro.com\/de\/wp-json\/wp\/v2\/pages\/134975\/revisions"}],"up":[{"embeddable":true,"href":"https:\/\/www.visit-montenegro.com\/de\/wp-json\/wp\/v2\/pages\/134960"}],"wp:featuredmedia":[{"embeddable":true,"href":"https:\/\/www.visit-montenegro.com\/de\/wp-json\/wp\/v2\/media\/134976"}],"wp:attachment":[{"href":"https:\/\/www.visit-montenegro.com\/de\/wp-json\/wp\/v2\/media?parent=134975"}],"wp:term":[{"taxonomy":"post_tag","embeddable":true,"href":"https:\/\/www.visit-montenegro.com\/de\/wp-json\/wp\/v2\/tags?post=134975"}],"curies":[{"name":"wp","href":"https:\/\/api.w.org\/{rel}","templated":true}]}}