{"id":134978,"date":"2026-01-27T21:44:32","date_gmt":"2026-01-27T20:44:32","guid":{"rendered":"https:\/\/new.visit-montenegro.com\/ziele\/bar\/attractions\/virpazar\/"},"modified":"2026-02-22T17:09:06","modified_gmt":"2026-02-22T16:09:06","slug":"virpazar","status":"publish","type":"page","link":"https:\/\/www.visit-montenegro.com\/de\/reiseziele\/bar\/sehenswuerdigkeiten\/virpazar\/","title":{"rendered":"Virpazar"},"content":{"rendered":"\n<p>Virpazar ist eine malerische montenegrinische Stadt am Skadar-See, historisch bekannt f\u00fcr ihren lebhaften Markt und heute ein ruhiger Urlaubsort, der landschaftliche Sch\u00f6nheit, Bootstouren und reiche lokale Kultur bietet, ideal zum Entfliehen der sommerlichen Menschenmassen.<\/p>\n\n<hr class=\"wp-block-separator has-alpha-channel-opacity\"\/>\n\n<h2 class=\"wp-block-heading\">Virpazar entdecken: Ein ganzj\u00e4hriger R\u00fcckzugsort<\/h2>\n\n<p>Wenn Sie der Sommerhitze und dem Gedr\u00e4nge entfliehen m\u00f6chten, das sowohl an den Str\u00e4nden als auch in der ganzen Stadt herrscht, empfehlen wir Ihnen, sich von <a href=\"https:\/\/www.visit-montenegro.com\/de\/reiseziele\/bar\/\">Bar<\/a> aus durch den Sozina-Tunnel mit dem eigenen Auto, einem Touristentaxi oder Van-Transport zu einem Ort namens <strong>Virpazar<\/strong> zu begeben. Es ist ein malerischer Ort, der in der Vergangenheit f\u00fcr den gr\u00f6\u00dften montenegrinischen Markt ber\u00fchmt war. Heute ist <strong>Virpazar<\/strong> auch ein ber\u00fchmtes Urlaubsgebiet und war fr\u00fcher eine Durchgangsstation f\u00fcr Kreuzfahrten \u00fcber den <a href=\"https:\/\/www.visit-montenegro.com\/de\/reiseziele\/podgorica\/sehenswuerdigkeiten\/lake-skadar\/\">Skadar-See<\/a>.<\/p>\n\n<p>Viele ber\u00fchmte und weniger ber\u00fchmte Menschen, die nach <strong>Virpazar<\/strong> kamen, kehrten immer wieder zur\u00fcck, weil es ein sch\u00f6ner Ort ist, der Menschen einfach anzieht, sowohl an warmen Sommertagen als auch im fr\u00fchen Herbst und Fr\u00fchling. Auch an kalten Wintertagen, grau vom Regen oder ersten Schnee, wirkt <strong>Virpazar<\/strong> attraktiv. Familienh\u00e4user, aus denen man den Rauch aus dem Schornstein aufsteigen sieht, der im Winter das Zuhause warm h\u00e4lt, zahlreiche Kanus, Lastk\u00e4hne und gr\u00f6\u00dfere Taxiboote, die normalerweise Touristen transportieren, die die Sch\u00f6nheiten des Skadar-Sees sehen m\u00f6chten, liegen am Ufer vert\u00e4ut, und nur einige hart arbeitende und ausdauernde Bewohner von <strong>Virpazar<\/strong> versuchen, sich auf die Seewasser zu begeben, in der Hoffnung, in ihrem Netz zahlreiche Karpfen, Ukeleien oder einen Aal zu finden. Dennoch erleben Sie die ganze Magie von <strong>Virpazar<\/strong> oder Vir, wie dieser Ort in der Vergangenheit genannt wurde, am besten im Sommer.<\/p>\n\n<figure class=\"wp-block-image size-large\"><img loading=\"lazy\" decoding=\"async\" width=\"1024\" height=\"683\" src=\"https:\/\/www.visit-montenegro.com\/wp-content\/uploads\/2026\/01\/virpazar-02-1024x683.jpg\" alt=\"\" class=\"wp-image-36137\" srcset=\"https:\/\/www.visit-montenegro.com\/wp-content\/uploads\/2026\/01\/virpazar-02-1024x683.jpg 1024w, https:\/\/www.visit-montenegro.com\/wp-content\/uploads\/2026\/01\/virpazar-02-300x200.jpg 300w, https:\/\/www.visit-montenegro.com\/wp-content\/uploads\/2026\/01\/virpazar-02-768x512.jpg 768w, https:\/\/www.visit-montenegro.com\/wp-content\/uploads\/2026\/01\/virpazar-02-1536x1024.jpg 1536w, https:\/\/www.visit-montenegro.com\/wp-content\/uploads\/2026\/01\/virpazar-02-1200x800.jpg 1200w, https:\/\/www.visit-montenegro.com\/wp-content\/uploads\/2026\/01\/virpazar-02-scaled.jpg 1600w\" sizes=\"auto, (max-width: 1024px) 100vw, 1024px\" \/><figcaption class=\"wp-element-caption\">die Stadt Virpazar am Skadar-See in Montenegro auf dem Balkan in Osteuropa.<\/figcaption><\/figure>\n\n<h2 class=\"wp-block-heading\">Den Skadar-See erkunden: Eine nat\u00fcrliche und historische Reise<\/h2>\n\n<p>Egal, ob Sie im Hotel \u201e13. Juli\u201c \u00fcbernachten oder bequem im ber\u00fchmten Motel \u201ePelikan\u201c untergebracht sind, Sie werden Ihr Hotelzimmer schnell verlassen, denn der Ruf des Skadar-Sees und seiner zahlreichen historischen Denkm\u00e4ler wird Sie sofort zu einer Kreuzfahrt ziehen. Wenn Sie eines der Touristentaxis unter der fr\u00fcher erbauten Br\u00fccke besteigen, wird der Kapit\u00e4n und gleichzeitig der Reisef\u00fchrer, w\u00e4hrend er das Schiff geschickt navigiert, versuchen, Ihnen auf bestm\u00f6gliche Weise die Vergangenheit von <strong>Virpazar<\/strong> und des Skadar-Sees zu erkl\u00e4ren, und das oft in mehreren Fremdsprachen.<\/p>\n\n<p>Er wird Sie mit einigen Details vertraut machen, wie: der Tatsache, dass der Skadar-See der gr\u00f6\u00dfte See auf dem Balkan und der zweitgr\u00f6\u00dfte in Europa ist. Sie werden erfahren, dass es am See 200 verschiedene Vogelarten gibt. Aufgrund dieser Tatsache hat sich in den letzten Jahren, besonders bei Touristen, die Vogelbeobachtung sehr entwickelt oder das Beobachten der V\u00f6gel \u2013 mit Ferngl\u00e4sern oder spezieller Ausr\u00fcstung, die zum Verfolgen ihrer Flugrichtung bestimmt ist.<\/p>\n\n<figure class=\"wp-block-image size-large\"><img loading=\"lazy\" decoding=\"async\" width=\"1024\" height=\"678\" src=\"https:\/\/www.visit-montenegro.com\/wp-content\/uploads\/2026\/01\/lake-skadar-pelikan-1024x678.jpg\" alt=\"\" class=\"wp-image-36133\" srcset=\"https:\/\/www.visit-montenegro.com\/wp-content\/uploads\/2026\/01\/lake-skadar-pelikan-1024x678.jpg 1024w, https:\/\/www.visit-montenegro.com\/wp-content\/uploads\/2026\/01\/lake-skadar-pelikan-300x199.jpg 300w, https:\/\/www.visit-montenegro.com\/wp-content\/uploads\/2026\/01\/lake-skadar-pelikan-768x508.jpg 768w, https:\/\/www.visit-montenegro.com\/wp-content\/uploads\/2026\/01\/lake-skadar-pelikan-1536x1017.jpg 1536w, https:\/\/www.visit-montenegro.com\/wp-content\/uploads\/2026\/01\/lake-skadar-pelikan-1200x794.jpg 1200w, https:\/\/www.visit-montenegro.com\/wp-content\/uploads\/2026\/01\/lake-skadar-pelikan-scaled.jpg 1600w\" sizes=\"auto, (max-width: 1024px) 100vw, 1024px\" \/><figcaption class=\"wp-element-caption\">Pelikan am Skadar-See<\/figcaption><\/figure>\n\n<p>Der Skadar-See ist heute die gr\u00f6\u00dfte Pelikansiedlung in Europa. Es gibt 12 Arten von Schnepfen, 3 Arten von Enten und 160 weitere andere Vogelarten. Unter den Vogelbewohnern in der Region des Skadar-Sees haben wir: Kormorane, M\u00f6wen, verschiedene Arten von Enten, G\u00e4nse und Fasan. Oft kann man St\u00f6rche, Reiher (wei\u00dfe, gelbe und graue), Taucher und andere Vogelarten sehen, die weltweit selten sind, hier aber h\u00e4ufig vorkommen. Am Skadar-See ist das Fischen sehr verbreitet. Die am h\u00e4ufigsten gefangenen Fische sind Karpfen und Aale. Bei der Fahrt \u00fcber den See k\u00f6nnen Sie sch\u00f6ne Flora treffen. Wenn Sie den Wunsch \u00e4u\u00dfern, wird der Kapit\u00e4n f\u00fcr einen Moment langsamer fahren, damit Sie leicht eine Seerose oder eine sch\u00f6ne wei\u00dfe Lotusblume pfl\u00fccken k\u00f6nnen, die \u00fcberall am See zu finden ist.<\/p>\n\n<p>Neben den dekorativen St\u00e4ngeln des bl\u00fchenden Schilfs wird die Erinnerung an den Aufenthalt in den \u00f6kologischen Gebieten des Skadar-Sees auch ein Souvenir wie Kasoranja (eine schwarze, unregelm\u00e4\u00dfig geformte borstige Frucht) sein, das hei\u00dft, Meeresnuss. Die \u00fcbliche Touristentour \u00fcber den See beinhaltet einen Halt an der Insel Grmozur \u2013 die fr\u00fcher ein Gef\u00e4ngnis war, dann einen Besuch von Kirchen, deren Stifter alte montenegrinische Herrscher Balsici waren, einen Besuch eines Strandes namens <a href=\"https:\/\/www.visit-montenegro.com\/de\/reiseziele\/bar\/sehenswuerdigkeiten\/murici\/\">Murici<\/a>, wo Sie sich im Seewasser erfrischen, unter hundertj\u00e4hrigen B\u00e4umen ausruhen oder mit einem wunderbaren Seemittagessen (normalerweise dicke Fischsuppe und gebratener Karpfen) entspannen k\u00f6nnen!<\/p>\n\n<figure class=\"wp-block-image size-large\"><img loading=\"lazy\" decoding=\"async\" width=\"1024\" height=\"685\" src=\"https:\/\/www.visit-montenegro.com\/wp-content\/uploads\/2026\/01\/lake-skadar-murici-beach-02-1024x685.jpg\" alt=\"\" class=\"wp-image-36130\" srcset=\"https:\/\/www.visit-montenegro.com\/wp-content\/uploads\/2026\/01\/lake-skadar-murici-beach-02-1024x685.jpg 1024w, https:\/\/www.visit-montenegro.com\/wp-content\/uploads\/2026\/01\/lake-skadar-murici-beach-02-300x201.jpg 300w, https:\/\/www.visit-montenegro.com\/wp-content\/uploads\/2026\/01\/lake-skadar-murici-beach-02-768x514.jpg 768w, https:\/\/www.visit-montenegro.com\/wp-content\/uploads\/2026\/01\/lake-skadar-murici-beach-02-1536x1028.jpg 1536w, https:\/\/www.visit-montenegro.com\/wp-content\/uploads\/2026\/01\/lake-skadar-murici-beach-02-1200x803.jpg 1200w, https:\/\/www.visit-montenegro.com\/wp-content\/uploads\/2026\/01\/lake-skadar-murici-beach-02-scaled.jpg 1600w\" sizes=\"auto, (max-width: 1024px) 100vw, 1024px\" \/><figcaption class=\"wp-element-caption\">SKADAR-NATIONALPARK, MONTENEGRO &#8211; 8. AUG 2009: Touristen entspannen am Strand des sch\u00f6nen Bergsees Skadar, einem von vielen beliebten Reisezielen in Montenegro<\/figcaption><\/figure>\n\n<p>Auf Ihrem R\u00fcckweg nach <strong>Virpazar<\/strong> wird der Kapit\u00e4n Schwimmen im Wasser vorschlagen, wo der See am w\u00e4rmsten ist, er wird auch die Beobachtung seltener Vogelarten, Besichtigungen alter Kirchen vorschlagen\u2026 und wenn Sie zufrieden mit dem, was Sie gesehen haben, nach <strong>Virpazar<\/strong> zur\u00fcckkehren, empfehlen wir Ihnen, unbedingt das Motel \u201ePelikan\u201c zu besuchen, denn neben au\u00dfergew\u00f6hnlichen Seespezialit\u00e4ten wie: dicker Fischsuppe, ger\u00e4uchertem oder gebratenem Fisch, hausgemachtem Brot\u2026, werden die freundlichen Gastgeber Ihnen noch etwas anderes servieren. Das Innere des Restaurants, das sich im Motel befindet, zeugt vom Fischerleben dieser Region. An den W\u00e4nden h\u00e4ngen verschiedene H\u00fcte, aromatische und heilende Kr\u00e4uter, alte Gegenst\u00e4nde\u2026<\/p>\n\n<p>Wenn Sie bemerken, dass das Motel \u201ePelikan\u201c ein ungew\u00f6hnlich interessanter Ort ist und Sie das \u00f6ffentlich sagen, werden die Gastgeber Sie zu einem versteckten Ort namens Odzaklija (Schornsteinhaus) f\u00fchren, einem alten Haus, das sich im Dachgeschoss des Hotels befindet. \u00dcber diesen Ort verraten wir nur so viel, dass neben der Vergangenheit Montenegros, Werkzeugen, Waffen und Volkstrachten dort zum Beispiel viele alte Gegenst\u00e4nde aufbewahrt werden, einige sogar mehrere Jahrhunderte alt. Den Rest der Geschichte m\u00f6chten wir, dass Sie selbst herausfinden und erleben. Und nat\u00fcrlich genie\u00dfen!<\/p>\n","protected":false},"excerpt":{"rendered":"<p>Fl\u00fcchten Sie nach Virpazar, einer charmanten montenegrinischen Stadt am Skadar-See. Entdecken Sie ihre landschaftliche Sch\u00f6nheit, Bootstouren und reiche Geschichte. Erleben Sie lokale Kultur und K\u00fcche f\u00fcr einen perfekten R\u00fcckzugsort.<\/p>\n","protected":false},"author":1,"featured_media":134979,"parent":134960,"menu_order":0,"comment_status":"closed","ping_status":"closed","template":"","meta":{"_yoast_wpseo_focuskw":"Virpazar","_yoast_wpseo_metadesc":"Entdecken Sie Virpazar, eine malerische montenegrinische Stadt am Skadar-See. Genie\u00dfen Sie Bootstouren, Vogelbeobachtung und lokale Kultur. Planen Sie noch heute Ihren ruhigen Urlaub!","_kad_post_transparent":"","_kad_post_title":"","_kad_post_layout":"","_kad_post_sidebar_id":"","_kad_post_content_style":"","_kad_post_vertical_padding":"","_kad_post_feature":"","_kad_post_feature_position":"","_kad_post_header":false,"_kad_post_footer":false,"_kad_post_classname":"","iawp_total_views":12,"footnotes":""},"tags":[],"class_list":["post-134978","page","type-page","status-publish","has-post-thumbnail","hentry"],"yoast_head":"<!-- This site is optimized with the Yoast SEO plugin v27.3 - https:\/\/yoast.com\/product\/yoast-seo-wordpress\/ -->\n<title>Virpazar - Visit Montenegro<\/title>\n<meta name=\"description\" content=\"Entdecken Sie Virpazar, eine malerische montenegrinische Stadt am Skadar-See. Genie\u00dfen Sie Bootstouren, Vogelbeobachtung und lokale Kultur. Planen Sie noch heute Ihren ruhigen Urlaub!\" \/>\n<meta name=\"robots\" content=\"index, follow, max-snippet:-1, max-image-preview:large, max-video-preview:-1\" \/>\n<link rel=\"canonical\" href=\"https:\/\/www.visit-montenegro.com\/de\/reiseziele\/bar\/sehenswuerdigkeiten\/virpazar\/\" \/>\n<meta property=\"og:locale\" content=\"de_DE\" \/>\n<meta property=\"og:type\" content=\"article\" \/>\n<meta property=\"og:title\" content=\"Virpazar - Visit Montenegro\" \/>\n<meta property=\"og:description\" content=\"Entdecken Sie Virpazar, eine malerische montenegrinische Stadt am Skadar-See. Genie\u00dfen Sie Bootstouren, Vogelbeobachtung und lokale Kultur. Planen Sie noch heute Ihren ruhigen Urlaub!\" \/>\n<meta property=\"og:url\" content=\"https:\/\/www.visit-montenegro.com\/de\/reiseziele\/bar\/sehenswuerdigkeiten\/virpazar\/\" \/>\n<meta property=\"og:site_name\" content=\"Visit Montenegro\" \/>\n<meta property=\"article:publisher\" content=\"https:\/\/www.facebook.com\/visitmontenegro\" \/>\n<meta property=\"article:modified_time\" content=\"2026-02-22T16:09:06+00:00\" \/>\n<meta property=\"og:image\" content=\"https:\/\/www.visit-montenegro.com\/wp-content\/uploads\/2026\/01\/virpazar-01-scaled.jpg\" \/>\n\t<meta property=\"og:image:width\" content=\"1600\" \/>\n\t<meta property=\"og:image:height\" content=\"1067\" \/>\n\t<meta property=\"og:image:type\" content=\"image\/jpeg\" \/>\n<meta name=\"twitter:card\" content=\"summary_large_image\" \/>\n<meta name=\"twitter:site\" content=\"@visitmontenegro\" \/>\n<meta name=\"twitter:label1\" content=\"Gesch\u00e4tzte Lesezeit\" \/>\n\t<meta name=\"twitter:data1\" content=\"5\u00a0Minuten\" \/>\n<script type=\"application\/ld+json\" class=\"yoast-schema-graph\">{\"@context\":\"https:\\\/\\\/schema.org\",\"@graph\":[{\"@type\":\"WebPage\",\"@id\":\"https:\\\/\\\/www.visit-montenegro.com\\\/de\\\/reiseziele\\\/bar\\\/sehenswuerdigkeiten\\\/virpazar\\\/\",\"url\":\"https:\\\/\\\/www.visit-montenegro.com\\\/de\\\/reiseziele\\\/bar\\\/sehenswuerdigkeiten\\\/virpazar\\\/\",\"name\":\"Virpazar - Visit Montenegro\",\"isPartOf\":{\"@id\":\"https:\\\/\\\/www.visit-montenegro.com\\\/de\\\/#website\"},\"primaryImageOfPage\":{\"@id\":\"https:\\\/\\\/www.visit-montenegro.com\\\/de\\\/reiseziele\\\/bar\\\/sehenswuerdigkeiten\\\/virpazar\\\/#primaryimage\"},\"image\":{\"@id\":\"https:\\\/\\\/www.visit-montenegro.com\\\/de\\\/reiseziele\\\/bar\\\/sehenswuerdigkeiten\\\/virpazar\\\/#primaryimage\"},\"thumbnailUrl\":\"https:\\\/\\\/www.visit-montenegro.com\\\/wp-content\\\/uploads\\\/2026\\\/01\\\/virpazar-01-scaled.jpg\",\"datePublished\":\"2026-01-27T20:44:32+00:00\",\"dateModified\":\"2026-02-22T16:09:06+00:00\",\"description\":\"Entdecken Sie Virpazar, eine malerische montenegrinische Stadt am Skadar-See. Genie\u00dfen Sie Bootstouren, Vogelbeobachtung und lokale Kultur. Planen Sie noch heute Ihren ruhigen Urlaub!\",\"breadcrumb\":{\"@id\":\"https:\\\/\\\/www.visit-montenegro.com\\\/de\\\/reiseziele\\\/bar\\\/sehenswuerdigkeiten\\\/virpazar\\\/#breadcrumb\"},\"inLanguage\":\"de\",\"potentialAction\":[{\"@type\":\"ReadAction\",\"target\":[\"https:\\\/\\\/www.visit-montenegro.com\\\/de\\\/reiseziele\\\/bar\\\/sehenswuerdigkeiten\\\/virpazar\\\/\"]}]},{\"@type\":\"ImageObject\",\"inLanguage\":\"de\",\"@id\":\"https:\\\/\\\/www.visit-montenegro.com\\\/de\\\/reiseziele\\\/bar\\\/sehenswuerdigkeiten\\\/virpazar\\\/#primaryimage\",\"url\":\"https:\\\/\\\/www.visit-montenegro.com\\\/wp-content\\\/uploads\\\/2026\\\/01\\\/virpazar-01-scaled.jpg\",\"contentUrl\":\"https:\\\/\\\/www.visit-montenegro.com\\\/wp-content\\\/uploads\\\/2026\\\/01\\\/virpazar-01-scaled.jpg\",\"width\":1600,\"height\":1067},{\"@type\":\"BreadcrumbList\",\"@id\":\"https:\\\/\\\/www.visit-montenegro.com\\\/de\\\/reiseziele\\\/bar\\\/sehenswuerdigkeiten\\\/virpazar\\\/#breadcrumb\",\"itemListElement\":[{\"@type\":\"ListItem\",\"position\":1,\"name\":\"Home\",\"item\":\"https:\\\/\\\/www.visit-montenegro.com\\\/de\\\/home\\\/\"},{\"@type\":\"ListItem\",\"position\":2,\"name\":\"Reiseziele in Montenegro\",\"item\":\"https:\\\/\\\/www.visit-montenegro.com\\\/de\\\/reiseziele\\\/\"},{\"@type\":\"ListItem\",\"position\":3,\"name\":\"Bar\",\"item\":\"https:\\\/\\\/www.visit-montenegro.com\\\/de\\\/reiseziele\\\/bar\\\/\"},{\"@type\":\"ListItem\",\"position\":4,\"name\":\"Bar Sehensw\u00fcrdigkeiten\",\"item\":\"https:\\\/\\\/www.visit-montenegro.com\\\/de\\\/reiseziele\\\/bar\\\/sehenswuerdigkeiten\\\/\"},{\"@type\":\"ListItem\",\"position\":5,\"name\":\"Virpazar\"}]},{\"@type\":\"WebSite\",\"@id\":\"https:\\\/\\\/www.visit-montenegro.com\\\/de\\\/#website\",\"url\":\"https:\\\/\\\/www.visit-montenegro.com\\\/de\\\/\",\"name\":\"Visit Montenegro\",\"description\":\"Breathtaking beauty\",\"publisher\":{\"@id\":\"https:\\\/\\\/www.visit-montenegro.com\\\/de\\\/#organization\"},\"potentialAction\":[{\"@type\":\"SearchAction\",\"target\":{\"@type\":\"EntryPoint\",\"urlTemplate\":\"https:\\\/\\\/www.visit-montenegro.com\\\/de\\\/?s={search_term_string}\"},\"query-input\":{\"@type\":\"PropertyValueSpecification\",\"valueRequired\":true,\"valueName\":\"search_term_string\"}}],\"inLanguage\":\"de\"},{\"@type\":\"Organization\",\"@id\":\"https:\\\/\\\/www.visit-montenegro.com\\\/de\\\/#organization\",\"name\":\"Visit Montenegro\",\"url\":\"https:\\\/\\\/www.visit-montenegro.com\\\/de\\\/\",\"logo\":{\"@type\":\"ImageObject\",\"inLanguage\":\"de\",\"@id\":\"https:\\\/\\\/www.visit-montenegro.com\\\/de\\\/#\\\/schema\\\/logo\\\/image\\\/\",\"url\":\"https:\\\/\\\/www.visit-montenegro.com\\\/wp-content\\\/uploads\\\/2017\\\/10\\\/logo-amp.png\",\"contentUrl\":\"https:\\\/\\\/www.visit-montenegro.com\\\/wp-content\\\/uploads\\\/2017\\\/10\\\/logo-amp.png\",\"width\":190,\"height\":36,\"caption\":\"Visit Montenegro\"},\"image\":{\"@id\":\"https:\\\/\\\/www.visit-montenegro.com\\\/de\\\/#\\\/schema\\\/logo\\\/image\\\/\"},\"sameAs\":[\"https:\\\/\\\/www.facebook.com\\\/visitmontenegro\",\"https:\\\/\\\/x.com\\\/visitmontenegro\",\"https:\\\/\\\/www.instagram.com\\\/visit_montenegro\\\/\",\"https:\\\/\\\/www.youtube.com\\\/user\\\/VisitMontenegro\"]}]}<\/script>\n<!-- \/ Yoast SEO plugin. -->","yoast_head_json":{"title":"Virpazar - Visit Montenegro","description":"Entdecken Sie Virpazar, eine malerische montenegrinische Stadt am Skadar-See. Genie\u00dfen Sie Bootstouren, Vogelbeobachtung und lokale Kultur. Planen Sie noch heute Ihren ruhigen Urlaub!","robots":{"index":"index","follow":"follow","max-snippet":"max-snippet:-1","max-image-preview":"max-image-preview:large","max-video-preview":"max-video-preview:-1"},"canonical":"https:\/\/www.visit-montenegro.com\/de\/reiseziele\/bar\/sehenswuerdigkeiten\/virpazar\/","og_locale":"de_DE","og_type":"article","og_title":"Virpazar - Visit Montenegro","og_description":"Entdecken Sie Virpazar, eine malerische montenegrinische Stadt am Skadar-See. Genie\u00dfen Sie Bootstouren, Vogelbeobachtung und lokale Kultur. Planen Sie noch heute Ihren ruhigen Urlaub!","og_url":"https:\/\/www.visit-montenegro.com\/de\/reiseziele\/bar\/sehenswuerdigkeiten\/virpazar\/","og_site_name":"Visit Montenegro","article_publisher":"https:\/\/www.facebook.com\/visitmontenegro","article_modified_time":"2026-02-22T16:09:06+00:00","og_image":[{"width":1600,"height":1067,"url":"https:\/\/www.visit-montenegro.com\/wp-content\/uploads\/2026\/01\/virpazar-01-scaled.jpg","type":"image\/jpeg"}],"twitter_card":"summary_large_image","twitter_site":"@visitmontenegro","twitter_misc":{"Gesch\u00e4tzte Lesezeit":"5\u00a0Minuten"},"schema":{"@context":"https:\/\/schema.org","@graph":[{"@type":"WebPage","@id":"https:\/\/www.visit-montenegro.com\/de\/reiseziele\/bar\/sehenswuerdigkeiten\/virpazar\/","url":"https:\/\/www.visit-montenegro.com\/de\/reiseziele\/bar\/sehenswuerdigkeiten\/virpazar\/","name":"Virpazar - Visit Montenegro","isPartOf":{"@id":"https:\/\/www.visit-montenegro.com\/de\/#website"},"primaryImageOfPage":{"@id":"https:\/\/www.visit-montenegro.com\/de\/reiseziele\/bar\/sehenswuerdigkeiten\/virpazar\/#primaryimage"},"image":{"@id":"https:\/\/www.visit-montenegro.com\/de\/reiseziele\/bar\/sehenswuerdigkeiten\/virpazar\/#primaryimage"},"thumbnailUrl":"https:\/\/www.visit-montenegro.com\/wp-content\/uploads\/2026\/01\/virpazar-01-scaled.jpg","datePublished":"2026-01-27T20:44:32+00:00","dateModified":"2026-02-22T16:09:06+00:00","description":"Entdecken Sie Virpazar, eine malerische montenegrinische Stadt am Skadar-See. Genie\u00dfen Sie Bootstouren, Vogelbeobachtung und lokale Kultur. Planen Sie noch heute Ihren ruhigen Urlaub!","breadcrumb":{"@id":"https:\/\/www.visit-montenegro.com\/de\/reiseziele\/bar\/sehenswuerdigkeiten\/virpazar\/#breadcrumb"},"inLanguage":"de","potentialAction":[{"@type":"ReadAction","target":["https:\/\/www.visit-montenegro.com\/de\/reiseziele\/bar\/sehenswuerdigkeiten\/virpazar\/"]}]},{"@type":"ImageObject","inLanguage":"de","@id":"https:\/\/www.visit-montenegro.com\/de\/reiseziele\/bar\/sehenswuerdigkeiten\/virpazar\/#primaryimage","url":"https:\/\/www.visit-montenegro.com\/wp-content\/uploads\/2026\/01\/virpazar-01-scaled.jpg","contentUrl":"https:\/\/www.visit-montenegro.com\/wp-content\/uploads\/2026\/01\/virpazar-01-scaled.jpg","width":1600,"height":1067},{"@type":"BreadcrumbList","@id":"https:\/\/www.visit-montenegro.com\/de\/reiseziele\/bar\/sehenswuerdigkeiten\/virpazar\/#breadcrumb","itemListElement":[{"@type":"ListItem","position":1,"name":"Home","item":"https:\/\/www.visit-montenegro.com\/de\/home\/"},{"@type":"ListItem","position":2,"name":"Reiseziele in Montenegro","item":"https:\/\/www.visit-montenegro.com\/de\/reiseziele\/"},{"@type":"ListItem","position":3,"name":"Bar","item":"https:\/\/www.visit-montenegro.com\/de\/reiseziele\/bar\/"},{"@type":"ListItem","position":4,"name":"Bar Sehensw\u00fcrdigkeiten","item":"https:\/\/www.visit-montenegro.com\/de\/reiseziele\/bar\/sehenswuerdigkeiten\/"},{"@type":"ListItem","position":5,"name":"Virpazar"}]},{"@type":"WebSite","@id":"https:\/\/www.visit-montenegro.com\/de\/#website","url":"https:\/\/www.visit-montenegro.com\/de\/","name":"Visit Montenegro","description":"Breathtaking beauty","publisher":{"@id":"https:\/\/www.visit-montenegro.com\/de\/#organization"},"potentialAction":[{"@type":"SearchAction","target":{"@type":"EntryPoint","urlTemplate":"https:\/\/www.visit-montenegro.com\/de\/?s={search_term_string}"},"query-input":{"@type":"PropertyValueSpecification","valueRequired":true,"valueName":"search_term_string"}}],"inLanguage":"de"},{"@type":"Organization","@id":"https:\/\/www.visit-montenegro.com\/de\/#organization","name":"Visit Montenegro","url":"https:\/\/www.visit-montenegro.com\/de\/","logo":{"@type":"ImageObject","inLanguage":"de","@id":"https:\/\/www.visit-montenegro.com\/de\/#\/schema\/logo\/image\/","url":"https:\/\/www.visit-montenegro.com\/wp-content\/uploads\/2017\/10\/logo-amp.png","contentUrl":"https:\/\/www.visit-montenegro.com\/wp-content\/uploads\/2017\/10\/logo-amp.png","width":190,"height":36,"caption":"Visit Montenegro"},"image":{"@id":"https:\/\/www.visit-montenegro.com\/de\/#\/schema\/logo\/image\/"},"sameAs":["https:\/\/www.facebook.com\/visitmontenegro","https:\/\/x.com\/visitmontenegro","https:\/\/www.instagram.com\/visit_montenegro\/","https:\/\/www.youtube.com\/user\/VisitMontenegro"]}]}},"translations":[],"_links":{"self":[{"href":"https:\/\/www.visit-montenegro.com\/de\/wp-json\/wp\/v2\/pages\/134978","targetHints":{"allow":["GET"]}}],"collection":[{"href":"https:\/\/www.visit-montenegro.com\/de\/wp-json\/wp\/v2\/pages"}],"about":[{"href":"https:\/\/www.visit-montenegro.com\/de\/wp-json\/wp\/v2\/types\/page"}],"author":[{"embeddable":true,"href":"https:\/\/www.visit-montenegro.com\/de\/wp-json\/wp\/v2\/users\/1"}],"replies":[{"embeddable":true,"href":"https:\/\/www.visit-montenegro.com\/de\/wp-json\/wp\/v2\/comments?post=134978"}],"version-history":[{"count":0,"href":"https:\/\/www.visit-montenegro.com\/de\/wp-json\/wp\/v2\/pages\/134978\/revisions"}],"up":[{"embeddable":true,"href":"https:\/\/www.visit-montenegro.com\/de\/wp-json\/wp\/v2\/pages\/134960"}],"wp:featuredmedia":[{"embeddable":true,"href":"https:\/\/www.visit-montenegro.com\/de\/wp-json\/wp\/v2\/media\/134979"}],"wp:attachment":[{"href":"https:\/\/www.visit-montenegro.com\/de\/wp-json\/wp\/v2\/media?parent=134978"}],"wp:term":[{"taxonomy":"post_tag","embeddable":true,"href":"https:\/\/www.visit-montenegro.com\/de\/wp-json\/wp\/v2\/tags?post=134978"}],"curies":[{"name":"wp","href":"https:\/\/api.w.org\/{rel}","templated":true}]}}