{"id":135002,"date":"2026-01-27T21:44:32","date_gmt":"2026-01-27T20:44:32","guid":{"rendered":"https:\/\/new.visit-montenegro.com\/ziele\/bar\/info\/straende\/"},"modified":"2026-02-22T17:09:06","modified_gmt":"2026-02-22T16:09:06","slug":"straende","status":"publish","type":"page","link":"https:\/\/www.visit-montenegro.com\/de\/reiseziele\/bar\/info\/straende\/","title":{"rendered":"Str\u00e4nde in Bar"},"content":{"rendered":"\n<p>Die <a href=\"https:\/\/www.visit-montenegro.com\/de\/reiseziele\/bar\/\">Bar<\/a> Riviera in Montenegro bietet eine atemberaubende K\u00fcste mit vielf\u00e4ltigen <strong>Str\u00e4nden in Bar<\/strong>, von sandigen Strecken bis zu abgelegenen felsigen Buchten, ideal zum Sonnenbaden und Schwimmen in klarem Wasser.<\/p>\n<hr \/>\n\n<h2 class=\"wp-block-heading\">Die K\u00fcstenlandschaft von Bar<\/h2>\n\n<p>Die K\u00fcste von Bar erstreckt sich vom Kap Stolac, der Bucht Pecin, dem Kap und der Bucht Canj, die zwischen den Klippen Velja ponta und dem Kap Sapavica liegt. Im Zentrum von Bar gibt es keinen echten Strand, da der gr\u00f6\u00dfte Teil der K\u00fcste in einen Hafenkai umgewandelt wurde, sodass auf dem gr\u00f6\u00dften Teil der K\u00fcste in Bar Anlegestellen f\u00fcr Frachter und Passagierschiffe vorhanden sind.<\/p>\n\n<p>Der gr\u00f6\u00dfte Teil der K\u00fcste des Bar-Gebiets ist steil und steinig, mit Einbuchtungen, Buchten, steilen Klippen und steilen Uferr\u00e4ndern. Da es nur wenige Inseln und Riffe gibt, ist die K\u00fcste von Bar den Wellen recht ausgesetzt. Die K\u00fcste des hinteren Teils von Bar ist ziemlich zerkl\u00fcftet, mit vielen charakteristischen Str\u00e4nden, die durch Material von Fl\u00fcssen oder durch die Wirkung der Wellen entstanden sind. Die L\u00e4nge der Bar-K\u00fcste, die zum Schwimmen genutzt werden kann, betr\u00e4gt 4.964 Meter.<\/p>\n\n<figure class=\"wp-block-image size-large\"><img loading=\"lazy\" decoding=\"async\" width=\"1024\" height=\"683\" src=\"https:\/\/www.visit-montenegro.com\/wp-content\/uploads\/2026\/01\/bar-susanj-beach-1024x683.jpg\" alt=\"\" class=\"wp-image-35995\" srcset=\"https:\/\/www.visit-montenegro.com\/wp-content\/uploads\/2026\/01\/bar-susanj-beach-1024x683.jpg 1024w, https:\/\/www.visit-montenegro.com\/wp-content\/uploads\/2026\/01\/bar-susanj-beach-300x200.jpg 300w, https:\/\/www.visit-montenegro.com\/wp-content\/uploads\/2026\/01\/bar-susanj-beach-768x512.jpg 768w, https:\/\/www.visit-montenegro.com\/wp-content\/uploads\/2026\/01\/bar-susanj-beach-1536x1024.jpg 1536w, https:\/\/www.visit-montenegro.com\/wp-content\/uploads\/2026\/01\/bar-susanj-beach-1200x800.jpg 1200w, https:\/\/www.visit-montenegro.com\/wp-content\/uploads\/2026\/01\/bar-susanj-beach-scaled.jpg 1600w\" sizes=\"auto, (max-width: 1024px) 100vw, 1024px\" \/><figcaption class=\"wp-element-caption\">Sonnenaufgang am See Nebel Landschaft Natur<\/figcaption><\/figure>\n\n<h2 class=\"wp-block-heading\">Klima und Strand\u00fcbersicht<\/h2>\n\n<p>Das Klima in Bar ist sehr charakteristisch. Neben der Tatsache, dass es einer der sonnigsten Orte S\u00fcdeuropas ist, mit etwa 270 Sonnentagen pro Jahr, hat das Klima lange und warme Sommer und milde Winter. Die durchschnittliche Jahrestemperatur betr\u00e4gt 16\u00b0C. Im Juli liegt die ungef\u00e4hre Lufttemperatur bei 23\u00b0C und im Januar bei 10\u00b0C. Der Salzgehalt des Meeres betr\u00e4gt 38 Promille; die Transparenz des Wassers reicht bis zu 5, und auf offener See bis zu 45.<\/p>\n\n<p>Auf der Bar Riviera gibt es fast 20 verschiedene <strong>Str\u00e4nde in Bar<\/strong>, Badeorte und steinige Buchten, die auch von Touristen zum Sonnenbaden und Schwimmen genutzt werden.<\/p>\n\n<h2 class=\"wp-block-heading\">Bemerkenswerte Str\u00e4nde und Buchten<\/h2>\n\n<p>Der ber\u00fchmte Stadtstrand auf Topolica liegt in Bar. Dieser Strand wurde im Laufe der Jahre durch den Bau des Hafens und des Kais verkleinert. Der K\u00fcstenabschnitt vom Fluss Zeljeznica, der durch Bar flie\u00dft, ist mit felsigem Material bedeckt, w\u00e4hrend der Teil vor dem Hotel \u201eTopolica\u201c im Zentrum von Bar reich an feinem Kies und Sand ist, der aus der Ausbaggerung des Hafens stammt. Der Fluss Zeljanica, ein gro\u00dfer Strand, bedeckt mit felsigem und grobk\u00f6rnigem Sand, entstand auf Zukotrlica.<\/p>\n\n<p>Von der Seeseite ist die Bucht von Bar durch den H\u00fcgel Volujica gesch\u00fctzt, hinter dessen Kap sich der gesch\u00fctzte und schwer zug\u00e4ngliche steinige Strand Val von Bigovica befindet, besser bekannt f\u00fcr sein sauberes Meerwasser. Zwei kleine Buchten mit interessanten Str\u00e4nden des Roten Felsens (die Rote H\u00f6hle, der Gro\u00dfe und der Kleine Felsen) liegen zwischen Val von Bigovica und dem Kap Skocivuk. Richtung S\u00fcdosten gelangt man zu einem Ort Ujtin \u2013 einem Bach, und auch zur Bucht Mrkojevici. In diesen Teilen der Bar Riviera ist die K\u00fcste steil, mit Felsen und zahlreichen Klippen. Dennoch sind dort mehrere <strong>Str\u00e4nde in Bar<\/strong> gelegen. Der Strand in der Bucht Mali pijesak (Kleiner Sand), dann die Str\u00e4nde Trila und Veliki pijesak (Gro\u00dfer Sand), die sich bis zum Kap Meret erstrecken. Der Strand Veliki pijesak ist ein steiniger Strand, sehr ber\u00fchmt f\u00fcr sein sauberes und klares Meerwasser. Dieser Strand ist auch f\u00fcr Schwimmer interessant wegen seines zerkl\u00fcfteten K\u00fcstenabschnitts, auf dem er liegt, und wegen seiner dichten subtropischen Vegetation. Die L\u00e4nge des Strandes Veliki pijesak betr\u00e4gt 298 m und seine Fl\u00e4che 8.046 m\u00b2.<\/p>\n\n<p>Vom Kap Meret bis zum Kap Komina haben wir Buchten: unter Meret und unter Crnjaka, mit den gleichnamigen Str\u00e4nden. Einige hundert Meter entfernt liegt die Bucht der Oliven oder Utjeha (Trost), wo der Strand Utjeha liegt. Der Strand Utjeha besteht aus gelblichem und wei\u00dflichem Kalkstein. Vom Kap Adam\u2019s felsiges Gel\u00e4nde bis zum Kap Karastanov erstreckt sich der Strand in der Bucht Paljuskovo, und etwas s\u00fcdlich dieser Orte gibt es einen Strand in der Bucht Hladna (Kalte Bucht) und den Strand Peskic.<\/p>\n\n<p>In der Bucht Canj, einem Ort, der an der Autobahn <a href=\"https:\/\/www.visit-montenegro.com\/de\/reiseziele\/petrovac\/\">Petrovac<\/a> \u2013 Bar liegt, gibt es einen Strand, der mit feinem Sand und Kies bedeckt ist und eine L\u00e4nge von 797 m hat. Im Sommer ist dieser Strand ein sehr beliebter Ort zur Erholung und Freizeitgestaltung sowohl f\u00fcr die Einheimischen als auch f\u00fcr zahlreiche Touristen.<\/p>\n\n<figure class=\"wp-block-image size-large\"><img loading=\"lazy\" decoding=\"async\" width=\"1024\" height=\"683\" src=\"https:\/\/www.visit-montenegro.com\/wp-content\/uploads\/2026\/01\/sutomore-beach-1024x683.jpg\" alt=\"\" class=\"wp-image-35997\" srcset=\"https:\/\/www.visit-montenegro.com\/wp-content\/uploads\/2026\/01\/sutomore-beach-1024x683.jpg 1024w, https:\/\/www.visit-montenegro.com\/wp-content\/uploads\/2026\/01\/sutomore-beach-300x200.jpg 300w, https:\/\/www.visit-montenegro.com\/wp-content\/uploads\/2026\/01\/sutomore-beach-768x512.jpg 768w, https:\/\/www.visit-montenegro.com\/wp-content\/uploads\/2026\/01\/sutomore-beach-1536x1024.jpg 1536w, https:\/\/www.visit-montenegro.com\/wp-content\/uploads\/2026\/01\/sutomore-beach-1200x800.jpg 1200w, https:\/\/www.visit-montenegro.com\/wp-content\/uploads\/2026\/01\/sutomore-beach-scaled.jpg 1600w\" sizes=\"auto, (max-width: 1024px) 100vw, 1024px\" \/><figcaption class=\"wp-element-caption\"><a href=\"https:\/\/www.visit-montenegro.com\/de\/reiseziele\/bar\/sehenswuerdigkeiten\/sutomore\/\">Sutomore<\/a> Strand, Bar, Montenegro<\/figcaption><\/figure>\n\n<p>Ein Teil der Bar-K\u00fcste vom Kap Sapavica bis zur Schwarzen H\u00f6hle, die in Sutomore liegt, einem Ort, von dem man sagen kann, dass er einen Vorort von Bar darstellt, ist sehr steil und hat mehrere Buchten, sodass es keine eingerichteten Badeorte gibt, au\u00dfer dem Strand in der Bucht Perazici, unterhalb des Roten H\u00fcgels.<\/p>\n\n<p>Der Strand in der Bucht Maljevik ist steinig und mit einem steilen Ufer. S\u00fcd\u00f6stlich davon liegt der steinige Rote Strand von Spich.<\/p>\n\n<p>Einer der gr\u00f6\u00dften <strong>Str\u00e4nde in Bar<\/strong> ist der Sandstrand in Sutomore. Dieser Strand hat eine bogenf\u00f6rmige Gestalt, mit einer L\u00e4nge von 1.070 m und einer Fl\u00e4che von 27.820 m\u00b2. Eine gro\u00dfe Anzahl kleiner Str\u00e4nde und Buchten befindet sich in dem Teil der Bar Riviera, der sich zwischen dem Strand von Sutomore und den Str\u00e4nden auf Zukotrlica erstreckt. Dies sind meist Hotelstr\u00e4nde, unter denen wir den Strand des Hotels \u201eInex \u2013 die Goldene K\u00fcste\u201c, \u201eKleiner Strand von Ratac\u201c, \u201eWei\u00dfer Strand\u201c, \u201eKadice\u201c und den Strand \u201eSoferska\u201c erw\u00e4hnen sollten\u2026<\/p>\n\n<p>Unterhalb des ber\u00fchmten Kaps von Bar, besser bekannt unter dem Namen Ratac, das mit verschiedenen Pflanzenarten bewachsen ist, gibt es einen Strand mit einem FKK-Strand.<\/p>\n\n<p>Der Teil der K\u00fcste zwischen dem Kap Ratac und dem H\u00fcgel Volujica, der besser als die halbkreisf\u00f6rmige Bucht von Bar bekannt ist, ist mit Kies und sandigem Schwemmmaterial bedeckt, und in diesen Teilen gibt es weder eingerichtete Badeorte noch Str\u00e4nde. \u00d6stlich des genannten K\u00fcstenabschnitts, zwischen der Klippe Djonov krs (Der Stein von Djono), der felsigen K\u00fcste und dem Plateau Crvanj, liegt der Rote Strand von Bar. Dieser Strand ist mit feinem Kies und sand von r\u00f6tlicher Farbe bedeckt, was dem Strand eine besondere Bedeutung verleiht.<\/p>\n\n<h2 class=\"wp-block-heading\">Strandeinrichtungen und Zugang<\/h2>\n\n<p>Die Mehrheit der Hotelstr\u00e4nde und Badeorte sowie k\u00fcnstlichen Str\u00e4nde, die auf Klippen oder in Buchten liegen, erf\u00fcllen grundlegende touristische Standards. Neben der notwendigen Strandausr\u00fcstung wie: Sonnenschirme, Liegest\u00fchle, Duschen, haben bestimmte Str\u00e4nde sogar Restaurants, Strandbars, Terrassen und Kinderspielpl\u00e4tze. Obwohl die Mehrheit der <strong>Str\u00e4nde in Bar<\/strong> in einer Entfernung von nicht mehr als 2 Kilometern vom Stadtzentrum liegt, sind wir sicher, dass Sie den einfachsten Weg finden werden, um die oben genannten Str\u00e4nde zu erreichen und die Segnungen von Sonne und Meer in Bar und Umgebung zu genie\u00dfen. Der sicherste und einfachste Weg, sich \u00fcber den Weg zu einem bestimmten Strand zu informieren, ist die Touristenagentur der Stadt Bar. Auch als Transportmittel zu bestimmten Str\u00e4nden, insbesondere denen in Sutomore und Canj, k\u00f6nnen Sie zahlreiche Kleinbus-Taxis nutzen, die Touristen alle 15 Minuten vom Stadtzentrum zu den gew\u00fcnschten Zielen fahren. Wenn Sie den gr\u00f6\u00dften Teil Ihres Urlaubs am Meer verbringen m\u00f6chten, dann schlagen wir vor, dass Sie sich bei den Besitzern von Taxibooten und Barkassen nach Ausfl\u00fcgen erkundigen, die zu einigen der 20 Bar-Str\u00e4nde organisiert werden. Die M\u00f6glichkeiten sind vielf\u00e4ltig, und es liegt an Ihnen, schnell zu entscheiden und nat\u00fcrlich Bar so bald wie m\u00f6glich zu besuchen!<\/p>\n\n<p>Wenn Sie einen Tag Ihres Urlaubs in einer anderen Stadt und an einem anderen Strand verbringen m\u00f6chten, empfehlen wir Ihnen, organisierte Ausfl\u00fcge mit Touristen-Taxibooten zu nutzen, die die Linien Bar \u2013 <a href=\"https:\/\/www.visit-montenegro.com\/de\/reiseziele\/ulcinj\/\">Ulcinj<\/a>, Bar \u2013 <a href=\"https:\/\/www.visit-montenegro.com\/de\/reiseziele\/budva\/\">Budva<\/a> oder Bar \u2013 Herceg Novi befahren.<\/p>\n","protected":false},"excerpt":{"rendered":"<p>Entdecken Sie die atemberaubenden Str\u00e4nde in Bar, Montenegro, von sandigen Abschnitten bis zu felsigen Buchten. Erfahren Sie mehr \u00fcber das Klima, Einrichtungen und wie Sie diese sch\u00f6nen Orte f\u00fcr einen perfekten Strandurlaub erreichen.<\/p>\n","protected":false},"author":1,"featured_media":135003,"parent":134998,"menu_order":0,"comment_status":"closed","ping_status":"closed","template":"","meta":{"_yoast_wpseo_focuskw":"Str\u00e4nde in Bar","_yoast_wpseo_metadesc":"Entdecken Sie die besten Str\u00e4nde in Bar, Montenegro. Finden Sie Sandstr\u00e4nde, felsige Buchten und klares Wasser. Planen Sie Ihre Reise mit Tipps zu Klima, Zugang und Einrichtungen.","_kad_post_transparent":"","_kad_post_title":"","_kad_post_layout":"","_kad_post_sidebar_id":"","_kad_post_content_style":"","_kad_post_vertical_padding":"","_kad_post_feature":"","_kad_post_feature_position":"","_kad_post_header":false,"_kad_post_footer":false,"_kad_post_classname":"","iawp_total_views":5,"footnotes":""},"tags":[],"class_list":["post-135002","page","type-page","status-publish","has-post-thumbnail","hentry"],"yoast_head":"<!-- This site is optimized with the Yoast SEO plugin v27.4 - https:\/\/yoast.com\/product\/yoast-seo-wordpress\/ -->\n<title>Str\u00e4nde in Bar - Visit Montenegro<\/title>\n<meta name=\"description\" content=\"Entdecken Sie die besten Str\u00e4nde in Bar, Montenegro. Finden Sie Sandstr\u00e4nde, felsige Buchten und klares Wasser. Planen Sie Ihre Reise mit Tipps zu Klima, Zugang und Einrichtungen.\" \/>\n<meta name=\"robots\" content=\"index, follow, max-snippet:-1, max-image-preview:large, max-video-preview:-1\" \/>\n<link rel=\"canonical\" href=\"https:\/\/www.visit-montenegro.com\/de\/reiseziele\/bar\/info\/straende\/\" \/>\n<meta property=\"og:locale\" content=\"de_DE\" \/>\n<meta property=\"og:type\" content=\"article\" \/>\n<meta property=\"og:title\" content=\"Str\u00e4nde in Bar - Visit Montenegro\" \/>\n<meta property=\"og:description\" content=\"Entdecken Sie die besten Str\u00e4nde in Bar, Montenegro. Finden Sie Sandstr\u00e4nde, felsige Buchten und klares Wasser. Planen Sie Ihre Reise mit Tipps zu Klima, Zugang und Einrichtungen.\" \/>\n<meta property=\"og:url\" content=\"https:\/\/www.visit-montenegro.com\/de\/reiseziele\/bar\/info\/straende\/\" \/>\n<meta property=\"og:site_name\" content=\"Visit Montenegro\" \/>\n<meta property=\"article:publisher\" content=\"https:\/\/www.facebook.com\/visitmontenegro\" \/>\n<meta property=\"article:modified_time\" content=\"2026-02-22T16:09:06+00:00\" \/>\n<meta property=\"og:image\" content=\"https:\/\/www.visit-montenegro.com\/wp-content\/uploads\/2026\/01\/beach-guitar-scaled.jpg\" \/>\n\t<meta property=\"og:image:width\" content=\"1600\" \/>\n\t<meta property=\"og:image:height\" content=\"1068\" \/>\n\t<meta property=\"og:image:type\" content=\"image\/jpeg\" \/>\n<meta name=\"twitter:card\" content=\"summary_large_image\" \/>\n<meta name=\"twitter:site\" content=\"@visitmontenegro\" \/>\n<meta name=\"twitter:label1\" content=\"Gesch\u00e4tzte Lesezeit\" \/>\n\t<meta name=\"twitter:data1\" content=\"6\u00a0Minuten\" \/>\n<script type=\"application\/ld+json\" class=\"yoast-schema-graph\">{\"@context\":\"https:\\\/\\\/schema.org\",\"@graph\":[{\"@type\":\"WebPage\",\"@id\":\"https:\\\/\\\/www.visit-montenegro.com\\\/de\\\/reiseziele\\\/bar\\\/info\\\/straende\\\/\",\"url\":\"https:\\\/\\\/www.visit-montenegro.com\\\/de\\\/reiseziele\\\/bar\\\/info\\\/straende\\\/\",\"name\":\"Str\u00e4nde in Bar - Visit Montenegro\",\"isPartOf\":{\"@id\":\"https:\\\/\\\/www.visit-montenegro.com\\\/de\\\/#website\"},\"primaryImageOfPage\":{\"@id\":\"https:\\\/\\\/www.visit-montenegro.com\\\/de\\\/reiseziele\\\/bar\\\/info\\\/straende\\\/#primaryimage\"},\"image\":{\"@id\":\"https:\\\/\\\/www.visit-montenegro.com\\\/de\\\/reiseziele\\\/bar\\\/info\\\/straende\\\/#primaryimage\"},\"thumbnailUrl\":\"https:\\\/\\\/www.visit-montenegro.com\\\/wp-content\\\/uploads\\\/2026\\\/01\\\/beach-guitar-scaled.jpg\",\"datePublished\":\"2026-01-27T20:44:32+00:00\",\"dateModified\":\"2026-02-22T16:09:06+00:00\",\"description\":\"Entdecken Sie die besten Str\u00e4nde in Bar, Montenegro. Finden Sie Sandstr\u00e4nde, felsige Buchten und klares Wasser. Planen Sie Ihre Reise mit Tipps zu Klima, Zugang und Einrichtungen.\",\"breadcrumb\":{\"@id\":\"https:\\\/\\\/www.visit-montenegro.com\\\/de\\\/reiseziele\\\/bar\\\/info\\\/straende\\\/#breadcrumb\"},\"inLanguage\":\"de\",\"potentialAction\":[{\"@type\":\"ReadAction\",\"target\":[\"https:\\\/\\\/www.visit-montenegro.com\\\/de\\\/reiseziele\\\/bar\\\/info\\\/straende\\\/\"]}]},{\"@type\":\"ImageObject\",\"inLanguage\":\"de\",\"@id\":\"https:\\\/\\\/www.visit-montenegro.com\\\/de\\\/reiseziele\\\/bar\\\/info\\\/straende\\\/#primaryimage\",\"url\":\"https:\\\/\\\/www.visit-montenegro.com\\\/wp-content\\\/uploads\\\/2026\\\/01\\\/beach-guitar-scaled.jpg\",\"contentUrl\":\"https:\\\/\\\/www.visit-montenegro.com\\\/wp-content\\\/uploads\\\/2026\\\/01\\\/beach-guitar-scaled.jpg\",\"width\":1600,\"height\":1068},{\"@type\":\"BreadcrumbList\",\"@id\":\"https:\\\/\\\/www.visit-montenegro.com\\\/de\\\/reiseziele\\\/bar\\\/info\\\/straende\\\/#breadcrumb\",\"itemListElement\":[{\"@type\":\"ListItem\",\"position\":1,\"name\":\"Home\",\"item\":\"https:\\\/\\\/www.visit-montenegro.com\\\/de\\\/\"},{\"@type\":\"ListItem\",\"position\":2,\"name\":\"Reiseziele in Montenegro\",\"item\":\"https:\\\/\\\/www.visit-montenegro.com\\\/de\\\/reiseziele\\\/\"},{\"@type\":\"ListItem\",\"position\":3,\"name\":\"Bar\",\"item\":\"https:\\\/\\\/www.visit-montenegro.com\\\/de\\\/reiseziele\\\/bar\\\/\"},{\"@type\":\"ListItem\",\"position\":4,\"name\":\"Mehr \u00fcber Bar\",\"item\":\"https:\\\/\\\/www.visit-montenegro.com\\\/de\\\/reiseziele\\\/bar\\\/info\\\/\"},{\"@type\":\"ListItem\",\"position\":5,\"name\":\"Str\u00e4nde in Bar\"}]},{\"@type\":\"WebSite\",\"@id\":\"https:\\\/\\\/www.visit-montenegro.com\\\/de\\\/#website\",\"url\":\"https:\\\/\\\/www.visit-montenegro.com\\\/de\\\/\",\"name\":\"Visit Montenegro\",\"description\":\"Breathtaking beauty\",\"publisher\":{\"@id\":\"https:\\\/\\\/www.visit-montenegro.com\\\/de\\\/#organization\"},\"potentialAction\":[{\"@type\":\"SearchAction\",\"target\":{\"@type\":\"EntryPoint\",\"urlTemplate\":\"https:\\\/\\\/www.visit-montenegro.com\\\/de\\\/?s={search_term_string}\"},\"query-input\":{\"@type\":\"PropertyValueSpecification\",\"valueRequired\":true,\"valueName\":\"search_term_string\"}}],\"inLanguage\":\"de\"},{\"@type\":\"Organization\",\"@id\":\"https:\\\/\\\/www.visit-montenegro.com\\\/de\\\/#organization\",\"name\":\"Visit Montenegro\",\"url\":\"https:\\\/\\\/www.visit-montenegro.com\\\/de\\\/\",\"logo\":{\"@type\":\"ImageObject\",\"inLanguage\":\"de\",\"@id\":\"https:\\\/\\\/www.visit-montenegro.com\\\/de\\\/#\\\/schema\\\/logo\\\/image\\\/\",\"url\":\"https:\\\/\\\/www.visit-montenegro.com\\\/wp-content\\\/uploads\\\/2017\\\/10\\\/logo-amp.png\",\"contentUrl\":\"https:\\\/\\\/www.visit-montenegro.com\\\/wp-content\\\/uploads\\\/2017\\\/10\\\/logo-amp.png\",\"width\":190,\"height\":36,\"caption\":\"Visit Montenegro\"},\"image\":{\"@id\":\"https:\\\/\\\/www.visit-montenegro.com\\\/de\\\/#\\\/schema\\\/logo\\\/image\\\/\"},\"sameAs\":[\"https:\\\/\\\/www.facebook.com\\\/visitmontenegro\",\"https:\\\/\\\/x.com\\\/visitmontenegro\",\"https:\\\/\\\/www.instagram.com\\\/visit_montenegro\\\/\",\"https:\\\/\\\/www.youtube.com\\\/user\\\/VisitMontenegro\"]}]}<\/script>\n<!-- \/ Yoast SEO plugin. -->","yoast_head_json":{"title":"Str\u00e4nde in Bar - Visit Montenegro","description":"Entdecken Sie die besten Str\u00e4nde in Bar, Montenegro. Finden Sie Sandstr\u00e4nde, felsige Buchten und klares Wasser. Planen Sie Ihre Reise mit Tipps zu Klima, Zugang und Einrichtungen.","robots":{"index":"index","follow":"follow","max-snippet":"max-snippet:-1","max-image-preview":"max-image-preview:large","max-video-preview":"max-video-preview:-1"},"canonical":"https:\/\/www.visit-montenegro.com\/de\/reiseziele\/bar\/info\/straende\/","og_locale":"de_DE","og_type":"article","og_title":"Str\u00e4nde in Bar - Visit Montenegro","og_description":"Entdecken Sie die besten Str\u00e4nde in Bar, Montenegro. Finden Sie Sandstr\u00e4nde, felsige Buchten und klares Wasser. Planen Sie Ihre Reise mit Tipps zu Klima, Zugang und Einrichtungen.","og_url":"https:\/\/www.visit-montenegro.com\/de\/reiseziele\/bar\/info\/straende\/","og_site_name":"Visit Montenegro","article_publisher":"https:\/\/www.facebook.com\/visitmontenegro","article_modified_time":"2026-02-22T16:09:06+00:00","og_image":[{"width":1600,"height":1068,"url":"https:\/\/www.visit-montenegro.com\/wp-content\/uploads\/2026\/01\/beach-guitar-scaled.jpg","type":"image\/jpeg"}],"twitter_card":"summary_large_image","twitter_site":"@visitmontenegro","twitter_misc":{"Gesch\u00e4tzte Lesezeit":"6\u00a0Minuten"},"schema":{"@context":"https:\/\/schema.org","@graph":[{"@type":"WebPage","@id":"https:\/\/www.visit-montenegro.com\/de\/reiseziele\/bar\/info\/straende\/","url":"https:\/\/www.visit-montenegro.com\/de\/reiseziele\/bar\/info\/straende\/","name":"Str\u00e4nde in Bar - Visit Montenegro","isPartOf":{"@id":"https:\/\/www.visit-montenegro.com\/de\/#website"},"primaryImageOfPage":{"@id":"https:\/\/www.visit-montenegro.com\/de\/reiseziele\/bar\/info\/straende\/#primaryimage"},"image":{"@id":"https:\/\/www.visit-montenegro.com\/de\/reiseziele\/bar\/info\/straende\/#primaryimage"},"thumbnailUrl":"https:\/\/www.visit-montenegro.com\/wp-content\/uploads\/2026\/01\/beach-guitar-scaled.jpg","datePublished":"2026-01-27T20:44:32+00:00","dateModified":"2026-02-22T16:09:06+00:00","description":"Entdecken Sie die besten Str\u00e4nde in Bar, Montenegro. Finden Sie Sandstr\u00e4nde, felsige Buchten und klares Wasser. Planen Sie Ihre Reise mit Tipps zu Klima, Zugang und Einrichtungen.","breadcrumb":{"@id":"https:\/\/www.visit-montenegro.com\/de\/reiseziele\/bar\/info\/straende\/#breadcrumb"},"inLanguage":"de","potentialAction":[{"@type":"ReadAction","target":["https:\/\/www.visit-montenegro.com\/de\/reiseziele\/bar\/info\/straende\/"]}]},{"@type":"ImageObject","inLanguage":"de","@id":"https:\/\/www.visit-montenegro.com\/de\/reiseziele\/bar\/info\/straende\/#primaryimage","url":"https:\/\/www.visit-montenegro.com\/wp-content\/uploads\/2026\/01\/beach-guitar-scaled.jpg","contentUrl":"https:\/\/www.visit-montenegro.com\/wp-content\/uploads\/2026\/01\/beach-guitar-scaled.jpg","width":1600,"height":1068},{"@type":"BreadcrumbList","@id":"https:\/\/www.visit-montenegro.com\/de\/reiseziele\/bar\/info\/straende\/#breadcrumb","itemListElement":[{"@type":"ListItem","position":1,"name":"Home","item":"https:\/\/www.visit-montenegro.com\/de\/"},{"@type":"ListItem","position":2,"name":"Reiseziele in Montenegro","item":"https:\/\/www.visit-montenegro.com\/de\/reiseziele\/"},{"@type":"ListItem","position":3,"name":"Bar","item":"https:\/\/www.visit-montenegro.com\/de\/reiseziele\/bar\/"},{"@type":"ListItem","position":4,"name":"Mehr \u00fcber Bar","item":"https:\/\/www.visit-montenegro.com\/de\/reiseziele\/bar\/info\/"},{"@type":"ListItem","position":5,"name":"Str\u00e4nde in Bar"}]},{"@type":"WebSite","@id":"https:\/\/www.visit-montenegro.com\/de\/#website","url":"https:\/\/www.visit-montenegro.com\/de\/","name":"Visit Montenegro","description":"Breathtaking beauty","publisher":{"@id":"https:\/\/www.visit-montenegro.com\/de\/#organization"},"potentialAction":[{"@type":"SearchAction","target":{"@type":"EntryPoint","urlTemplate":"https:\/\/www.visit-montenegro.com\/de\/?s={search_term_string}"},"query-input":{"@type":"PropertyValueSpecification","valueRequired":true,"valueName":"search_term_string"}}],"inLanguage":"de"},{"@type":"Organization","@id":"https:\/\/www.visit-montenegro.com\/de\/#organization","name":"Visit Montenegro","url":"https:\/\/www.visit-montenegro.com\/de\/","logo":{"@type":"ImageObject","inLanguage":"de","@id":"https:\/\/www.visit-montenegro.com\/de\/#\/schema\/logo\/image\/","url":"https:\/\/www.visit-montenegro.com\/wp-content\/uploads\/2017\/10\/logo-amp.png","contentUrl":"https:\/\/www.visit-montenegro.com\/wp-content\/uploads\/2017\/10\/logo-amp.png","width":190,"height":36,"caption":"Visit Montenegro"},"image":{"@id":"https:\/\/www.visit-montenegro.com\/de\/#\/schema\/logo\/image\/"},"sameAs":["https:\/\/www.facebook.com\/visitmontenegro","https:\/\/x.com\/visitmontenegro","https:\/\/www.instagram.com\/visit_montenegro\/","https:\/\/www.youtube.com\/user\/VisitMontenegro"]}]}},"_links":{"self":[{"href":"https:\/\/www.visit-montenegro.com\/de\/wp-json\/wp\/v2\/pages\/135002","targetHints":{"allow":["GET"]}}],"collection":[{"href":"https:\/\/www.visit-montenegro.com\/de\/wp-json\/wp\/v2\/pages"}],"about":[{"href":"https:\/\/www.visit-montenegro.com\/de\/wp-json\/wp\/v2\/types\/page"}],"author":[{"embeddable":true,"href":"https:\/\/www.visit-montenegro.com\/de\/wp-json\/wp\/v2\/users\/1"}],"replies":[{"embeddable":true,"href":"https:\/\/www.visit-montenegro.com\/de\/wp-json\/wp\/v2\/comments?post=135002"}],"version-history":[{"count":0,"href":"https:\/\/www.visit-montenegro.com\/de\/wp-json\/wp\/v2\/pages\/135002\/revisions"}],"up":[{"embeddable":true,"href":"https:\/\/www.visit-montenegro.com\/de\/wp-json\/wp\/v2\/pages\/134998"}],"wp:featuredmedia":[{"embeddable":true,"href":"https:\/\/www.visit-montenegro.com\/de\/wp-json\/wp\/v2\/media\/135003"}],"wp:attachment":[{"href":"https:\/\/www.visit-montenegro.com\/de\/wp-json\/wp\/v2\/media?parent=135002"}],"wp:term":[{"taxonomy":"post_tag","embeddable":true,"href":"https:\/\/www.visit-montenegro.com\/de\/wp-json\/wp\/v2\/tags?post=135002"}],"curies":[{"name":"wp","href":"https:\/\/api.w.org\/{rel}","templated":true}]}}