{"id":135008,"date":"2026-01-27T21:44:32","date_gmt":"2026-01-27T20:44:32","guid":{"rendered":"https:\/\/new.visit-montenegro.com\/ziele\/bar\/info\/einkaufen\/"},"modified":"2026-02-22T17:09:07","modified_gmt":"2026-02-22T16:09:07","slug":"einkaufen","status":"publish","type":"page","link":"https:\/\/www.visit-montenegro.com\/de\/reiseziele\/bar\/info\/einkaufen\/","title":{"rendered":"Einkaufen in Bar"},"content":{"rendered":"\n<p>Montenegros Hafenstadt <a href=\"https:\/\/www.visit-montenegro.com\/de\/reiseziele\/bar\/\">Bar<\/a> bietet eine lebendige Einkaufsszene mit einer gr\u00f6\u00dferen Vielfalt an Gesch\u00e4ften als viele andere K\u00fcstenregionen. Die beste Auswahl an Kleidung, Schuhen, Sportausr\u00fcstung und Lebensmitteln finden Sie in Gesch\u00e4ften im Zentrum von Bar. Entlang der breiten Boulevards entdecken Sie L\u00e4den mit Artikeln von weltweiten und europ\u00e4ischen Modedesignern. Wenn Sie ein Fan italienischer Designer sind, werden Sie erfreut sein zu wissen, dass fast alle Boutiquen in Bar St\u00fccke f\u00fchren, die denen in Rom, Mailand oder Bari \u00e4hneln.<\/p>\n\n<p>Um den Anspr\u00fcchen immer w\u00e4hlerischerer K\u00e4ufer gerecht zu werden, reisen die Besitzer von Barer Gesch\u00e4ften und Boutiquen h\u00e4ufig per F\u00e4hrlinien nach Italien, nach Bari oder Ancona. Dies stellt sicher, dass ihre Schaufenster stets mit den neuesten italienischen Kleidungsst\u00fccken, Schuhen und Galanteriewaren gef\u00fcllt sind. Dar\u00fcber hinaus bem\u00fchen sich Barer H\u00e4ndler, ein breites Publikum anzusprechen, indem sie in ihrem umfangreichen Sortiment eine gute Auswahl an moderner Kinder- und Herrenkleidung, Schuhen und Galanterie anbieten.<\/p>\n\n<p>W\u00e4hrend der Sommermonate sind Barer Boutiquen besonders beliebt aufgrund ihrer gro\u00dfen und hochwertigen Auswahl an neuesten Badeanzugmodellen. Neben Boutiquen verf\u00fcgt Bar \u00fcber zahlreiche weitere Verkaufsstellen: Souvenirl\u00e4den, Juweliergesch\u00e4fte, Fotogesch\u00e4fte, Kommissionsl\u00e4den, Lebensmittelgesch\u00e4fte, verschiedene Friseur- und Kosmetiksalons sowie Spielzeugl\u00e4den.<\/p>\n\n<hr class=\"wp-block-separator has-alpha-channel-opacity\"\/>\n\n<h2 class=\"wp-block-heading\">Erschwingliche und alternative Einkaufsm\u00f6glichkeiten<\/h2>\n\n<p>Wenn der Kauf von Markenkleidung als unn\u00f6tige Ausgabe erscheint, k\u00f6nnen Sie St\u00e4nde mit Kleidung und Schuhen besuchen, die sich neben Bar&#8217;s gr\u00fcnem Markt befinden, nur wenige hundert Meter vom Zentrum entfernt. Neben diesen St\u00e4nden k\u00f6nnten Sie auf Verk\u00e4ufer treffen, die handgefertigte Produkte, Kunstobjekte und Souvenirs anbieten, was diese Art von <strong>Einkaufen in Bar<\/strong> zu einer interessanten Alternative macht, wenn Sie zus\u00e4tzliche Zeit haben.<\/p>\n\n<h2 class=\"wp-block-heading\">Bar&#8217;s gr\u00fcner Markt: Ein kulturelles Zentrum<\/h2>\n\n<p>Bar&#8217;s gr\u00fcner Markt ist gut best\u00fcckt mit allen mediterranen Fr\u00fcchten, Gem\u00fcse, Fisch, verschiedenen Fleischsorten und Milchprodukten. An Samstagen ist der Markt voller Einheimischer, Menschen aus anderen K\u00fcstenst\u00e4dten sowie ausl\u00e4ndischer und inl\u00e4ndischer Touristen. Sie k\u00f6nnen faszinierende Gespr\u00e4che auf Englisch, Deutsch, Italienisch und Albanisch zwischen landwirtschaftlichen Herstellern, H\u00e4ndlern und K\u00e4ufern h\u00f6ren.<\/p>\n\n<p>F\u00fcr Erstbesucher ist eine echte Attraktion die Verk\u00e4uferinnen, die in traditionellen muslimischen Trachten gekleidet sind, mit wei\u00dfen Kopft\u00fcchern bedeckt und Hosen oder lange R\u00f6cke in verschiedenen Farben tragen. Dies verleiht dem <strong>Einkaufen in Bar<\/strong> einen einzigartigen kulturellen Flair.<\/p>\n\n<p>Der Geist des Orients, typisch f\u00fcr <a href=\"https:\/\/www.visit-montenegro.com\/de\/reiseziele\/ulcinj\/\">Ulcinj<\/a>, pr\u00e4gt auch Bar, wo Sie leicht verschiedene Konditoreien mit ber\u00fchmten s\u00fc\u00dfen t\u00fcrkischen Leckereien, Burek-L\u00e4den (burekdzinica) und zahlreiche Restaurants finden, die ber\u00fchmte mediterrane Fischspezialit\u00e4ten servieren.<\/p>\n","protected":false},"excerpt":{"rendered":"<p>Erkunden Sie die lebendige Einkaufsszene in Bar, Montenegro, von hochwertigen Boutiquen mit italienischer Mode bis zu gesch\u00e4ftigen gr\u00fcnen M\u00e4rkten. Entdecken Sie einzigartige kulturelle Erlebnisse und erschwingliche Alternativen f\u00fcr einen unvergesslichen Besuch.<\/p>\n","protected":false},"author":1,"featured_media":134057,"parent":134998,"menu_order":0,"comment_status":"closed","ping_status":"closed","template":"","meta":{"_yoast_wpseo_focuskw":"Einkaufen in Bar","_yoast_wpseo_metadesc":"Entdecken Sie das beste Einkaufen in Bar, Montenegro: von italienischen Boutiquen bis zu lebhaften M\u00e4rkten. Planen Sie Ihre Reise mit Tipps, wo Sie einzigartige Artikel und lokale Aromen finden.","_kad_post_transparent":"","_kad_post_title":"","_kad_post_layout":"","_kad_post_sidebar_id":"","_kad_post_content_style":"","_kad_post_vertical_padding":"","_kad_post_feature":"","_kad_post_feature_position":"","_kad_post_header":false,"_kad_post_footer":false,"_kad_post_classname":"","iawp_total_views":9,"footnotes":""},"tags":[],"class_list":["post-135008","page","type-page","status-publish","has-post-thumbnail","hentry"],"yoast_head":"<!-- This site is optimized with the Yoast SEO plugin v27.3 - https:\/\/yoast.com\/product\/yoast-seo-wordpress\/ -->\n<title>Einkaufen in Bar - Visit Montenegro<\/title>\n<meta name=\"description\" content=\"Entdecken Sie das beste Einkaufen in Bar, Montenegro: von italienischen Boutiquen bis zu lebhaften M\u00e4rkten. Planen Sie Ihre Reise mit Tipps, wo Sie einzigartige Artikel und lokale Aromen finden.\" \/>\n<meta name=\"robots\" content=\"index, follow, max-snippet:-1, max-image-preview:large, max-video-preview:-1\" \/>\n<link rel=\"canonical\" href=\"https:\/\/www.visit-montenegro.com\/de\/reiseziele\/bar\/info\/einkaufen\/\" \/>\n<meta property=\"og:locale\" content=\"de_DE\" \/>\n<meta property=\"og:type\" content=\"article\" \/>\n<meta property=\"og:title\" content=\"Einkaufen in Bar - Visit Montenegro\" \/>\n<meta property=\"og:description\" content=\"Entdecken Sie das beste Einkaufen in Bar, Montenegro: von italienischen Boutiquen bis zu lebhaften M\u00e4rkten. Planen Sie Ihre Reise mit Tipps, wo Sie einzigartige Artikel und lokale Aromen finden.\" \/>\n<meta property=\"og:url\" content=\"https:\/\/www.visit-montenegro.com\/de\/reiseziele\/bar\/info\/einkaufen\/\" \/>\n<meta property=\"og:site_name\" content=\"Visit Montenegro\" \/>\n<meta property=\"article:publisher\" content=\"https:\/\/www.facebook.com\/visitmontenegro\" \/>\n<meta property=\"article:modified_time\" content=\"2026-02-22T16:09:07+00:00\" \/>\n<meta property=\"og:image\" content=\"https:\/\/www.visit-montenegro.com\/wp-content\/uploads\/2026\/02\/Depositphotos_153048182_XL-scaled.jpg\" \/>\n\t<meta property=\"og:image:width\" content=\"1600\" \/>\n\t<meta property=\"og:image:height\" content=\"1067\" \/>\n\t<meta property=\"og:image:type\" content=\"image\/jpeg\" \/>\n<meta name=\"twitter:card\" content=\"summary_large_image\" \/>\n<meta name=\"twitter:site\" content=\"@visitmontenegro\" \/>\n<meta name=\"twitter:label1\" content=\"Gesch\u00e4tzte Lesezeit\" \/>\n\t<meta name=\"twitter:data1\" content=\"2\u00a0Minuten\" \/>\n<script type=\"application\/ld+json\" class=\"yoast-schema-graph\">{\"@context\":\"https:\\\/\\\/schema.org\",\"@graph\":[{\"@type\":\"WebPage\",\"@id\":\"https:\\\/\\\/www.visit-montenegro.com\\\/de\\\/reiseziele\\\/bar\\\/info\\\/einkaufen\\\/\",\"url\":\"https:\\\/\\\/www.visit-montenegro.com\\\/de\\\/reiseziele\\\/bar\\\/info\\\/einkaufen\\\/\",\"name\":\"Einkaufen in Bar - Visit Montenegro\",\"isPartOf\":{\"@id\":\"https:\\\/\\\/www.visit-montenegro.com\\\/de\\\/#website\"},\"primaryImageOfPage\":{\"@id\":\"https:\\\/\\\/www.visit-montenegro.com\\\/de\\\/reiseziele\\\/bar\\\/info\\\/einkaufen\\\/#primaryimage\"},\"image\":{\"@id\":\"https:\\\/\\\/www.visit-montenegro.com\\\/de\\\/reiseziele\\\/bar\\\/info\\\/einkaufen\\\/#primaryimage\"},\"thumbnailUrl\":\"https:\\\/\\\/www.visit-montenegro.com\\\/wp-content\\\/uploads\\\/2026\\\/02\\\/Depositphotos_153048182_XL-scaled.jpg\",\"datePublished\":\"2026-01-27T20:44:32+00:00\",\"dateModified\":\"2026-02-22T16:09:07+00:00\",\"description\":\"Entdecken Sie das beste Einkaufen in Bar, Montenegro: von italienischen Boutiquen bis zu lebhaften M\u00e4rkten. Planen Sie Ihre Reise mit Tipps, wo Sie einzigartige Artikel und lokale Aromen finden.\",\"breadcrumb\":{\"@id\":\"https:\\\/\\\/www.visit-montenegro.com\\\/de\\\/reiseziele\\\/bar\\\/info\\\/einkaufen\\\/#breadcrumb\"},\"inLanguage\":\"de\",\"potentialAction\":[{\"@type\":\"ReadAction\",\"target\":[\"https:\\\/\\\/www.visit-montenegro.com\\\/de\\\/reiseziele\\\/bar\\\/info\\\/einkaufen\\\/\"]}]},{\"@type\":\"ImageObject\",\"inLanguage\":\"de\",\"@id\":\"https:\\\/\\\/www.visit-montenegro.com\\\/de\\\/reiseziele\\\/bar\\\/info\\\/einkaufen\\\/#primaryimage\",\"url\":\"https:\\\/\\\/www.visit-montenegro.com\\\/wp-content\\\/uploads\\\/2026\\\/02\\\/Depositphotos_153048182_XL-scaled.jpg\",\"contentUrl\":\"https:\\\/\\\/www.visit-montenegro.com\\\/wp-content\\\/uploads\\\/2026\\\/02\\\/Depositphotos_153048182_XL-scaled.jpg\",\"width\":1600,\"height\":1067},{\"@type\":\"BreadcrumbList\",\"@id\":\"https:\\\/\\\/www.visit-montenegro.com\\\/de\\\/reiseziele\\\/bar\\\/info\\\/einkaufen\\\/#breadcrumb\",\"itemListElement\":[{\"@type\":\"ListItem\",\"position\":1,\"name\":\"Home\",\"item\":\"https:\\\/\\\/www.visit-montenegro.com\\\/de\\\/home\\\/\"},{\"@type\":\"ListItem\",\"position\":2,\"name\":\"Reiseziele in Montenegro\",\"item\":\"https:\\\/\\\/www.visit-montenegro.com\\\/de\\\/reiseziele\\\/\"},{\"@type\":\"ListItem\",\"position\":3,\"name\":\"Bar\",\"item\":\"https:\\\/\\\/www.visit-montenegro.com\\\/de\\\/reiseziele\\\/bar\\\/\"},{\"@type\":\"ListItem\",\"position\":4,\"name\":\"Mehr \u00fcber Bar\",\"item\":\"https:\\\/\\\/www.visit-montenegro.com\\\/de\\\/reiseziele\\\/bar\\\/info\\\/\"},{\"@type\":\"ListItem\",\"position\":5,\"name\":\"Einkaufen in Bar\"}]},{\"@type\":\"WebSite\",\"@id\":\"https:\\\/\\\/www.visit-montenegro.com\\\/de\\\/#website\",\"url\":\"https:\\\/\\\/www.visit-montenegro.com\\\/de\\\/\",\"name\":\"Visit Montenegro\",\"description\":\"Breathtaking beauty\",\"publisher\":{\"@id\":\"https:\\\/\\\/www.visit-montenegro.com\\\/de\\\/#organization\"},\"potentialAction\":[{\"@type\":\"SearchAction\",\"target\":{\"@type\":\"EntryPoint\",\"urlTemplate\":\"https:\\\/\\\/www.visit-montenegro.com\\\/de\\\/?s={search_term_string}\"},\"query-input\":{\"@type\":\"PropertyValueSpecification\",\"valueRequired\":true,\"valueName\":\"search_term_string\"}}],\"inLanguage\":\"de\"},{\"@type\":\"Organization\",\"@id\":\"https:\\\/\\\/www.visit-montenegro.com\\\/de\\\/#organization\",\"name\":\"Visit Montenegro\",\"url\":\"https:\\\/\\\/www.visit-montenegro.com\\\/de\\\/\",\"logo\":{\"@type\":\"ImageObject\",\"inLanguage\":\"de\",\"@id\":\"https:\\\/\\\/www.visit-montenegro.com\\\/de\\\/#\\\/schema\\\/logo\\\/image\\\/\",\"url\":\"https:\\\/\\\/www.visit-montenegro.com\\\/wp-content\\\/uploads\\\/2017\\\/10\\\/logo-amp.png\",\"contentUrl\":\"https:\\\/\\\/www.visit-montenegro.com\\\/wp-content\\\/uploads\\\/2017\\\/10\\\/logo-amp.png\",\"width\":190,\"height\":36,\"caption\":\"Visit Montenegro\"},\"image\":{\"@id\":\"https:\\\/\\\/www.visit-montenegro.com\\\/de\\\/#\\\/schema\\\/logo\\\/image\\\/\"},\"sameAs\":[\"https:\\\/\\\/www.facebook.com\\\/visitmontenegro\",\"https:\\\/\\\/x.com\\\/visitmontenegro\",\"https:\\\/\\\/www.instagram.com\\\/visit_montenegro\\\/\",\"https:\\\/\\\/www.youtube.com\\\/user\\\/VisitMontenegro\"]}]}<\/script>\n<!-- \/ Yoast SEO plugin. -->","yoast_head_json":{"title":"Einkaufen in Bar - Visit Montenegro","description":"Entdecken Sie das beste Einkaufen in Bar, Montenegro: von italienischen Boutiquen bis zu lebhaften M\u00e4rkten. Planen Sie Ihre Reise mit Tipps, wo Sie einzigartige Artikel und lokale Aromen finden.","robots":{"index":"index","follow":"follow","max-snippet":"max-snippet:-1","max-image-preview":"max-image-preview:large","max-video-preview":"max-video-preview:-1"},"canonical":"https:\/\/www.visit-montenegro.com\/de\/reiseziele\/bar\/info\/einkaufen\/","og_locale":"de_DE","og_type":"article","og_title":"Einkaufen in Bar - Visit Montenegro","og_description":"Entdecken Sie das beste Einkaufen in Bar, Montenegro: von italienischen Boutiquen bis zu lebhaften M\u00e4rkten. Planen Sie Ihre Reise mit Tipps, wo Sie einzigartige Artikel und lokale Aromen finden.","og_url":"https:\/\/www.visit-montenegro.com\/de\/reiseziele\/bar\/info\/einkaufen\/","og_site_name":"Visit Montenegro","article_publisher":"https:\/\/www.facebook.com\/visitmontenegro","article_modified_time":"2026-02-22T16:09:07+00:00","og_image":[{"width":1600,"height":1067,"url":"https:\/\/www.visit-montenegro.com\/wp-content\/uploads\/2026\/02\/Depositphotos_153048182_XL-scaled.jpg","type":"image\/jpeg"}],"twitter_card":"summary_large_image","twitter_site":"@visitmontenegro","twitter_misc":{"Gesch\u00e4tzte Lesezeit":"2\u00a0Minuten"},"schema":{"@context":"https:\/\/schema.org","@graph":[{"@type":"WebPage","@id":"https:\/\/www.visit-montenegro.com\/de\/reiseziele\/bar\/info\/einkaufen\/","url":"https:\/\/www.visit-montenegro.com\/de\/reiseziele\/bar\/info\/einkaufen\/","name":"Einkaufen in Bar - Visit Montenegro","isPartOf":{"@id":"https:\/\/www.visit-montenegro.com\/de\/#website"},"primaryImageOfPage":{"@id":"https:\/\/www.visit-montenegro.com\/de\/reiseziele\/bar\/info\/einkaufen\/#primaryimage"},"image":{"@id":"https:\/\/www.visit-montenegro.com\/de\/reiseziele\/bar\/info\/einkaufen\/#primaryimage"},"thumbnailUrl":"https:\/\/www.visit-montenegro.com\/wp-content\/uploads\/2026\/02\/Depositphotos_153048182_XL-scaled.jpg","datePublished":"2026-01-27T20:44:32+00:00","dateModified":"2026-02-22T16:09:07+00:00","description":"Entdecken Sie das beste Einkaufen in Bar, Montenegro: von italienischen Boutiquen bis zu lebhaften M\u00e4rkten. Planen Sie Ihre Reise mit Tipps, wo Sie einzigartige Artikel und lokale Aromen finden.","breadcrumb":{"@id":"https:\/\/www.visit-montenegro.com\/de\/reiseziele\/bar\/info\/einkaufen\/#breadcrumb"},"inLanguage":"de","potentialAction":[{"@type":"ReadAction","target":["https:\/\/www.visit-montenegro.com\/de\/reiseziele\/bar\/info\/einkaufen\/"]}]},{"@type":"ImageObject","inLanguage":"de","@id":"https:\/\/www.visit-montenegro.com\/de\/reiseziele\/bar\/info\/einkaufen\/#primaryimage","url":"https:\/\/www.visit-montenegro.com\/wp-content\/uploads\/2026\/02\/Depositphotos_153048182_XL-scaled.jpg","contentUrl":"https:\/\/www.visit-montenegro.com\/wp-content\/uploads\/2026\/02\/Depositphotos_153048182_XL-scaled.jpg","width":1600,"height":1067},{"@type":"BreadcrumbList","@id":"https:\/\/www.visit-montenegro.com\/de\/reiseziele\/bar\/info\/einkaufen\/#breadcrumb","itemListElement":[{"@type":"ListItem","position":1,"name":"Home","item":"https:\/\/www.visit-montenegro.com\/de\/home\/"},{"@type":"ListItem","position":2,"name":"Reiseziele in Montenegro","item":"https:\/\/www.visit-montenegro.com\/de\/reiseziele\/"},{"@type":"ListItem","position":3,"name":"Bar","item":"https:\/\/www.visit-montenegro.com\/de\/reiseziele\/bar\/"},{"@type":"ListItem","position":4,"name":"Mehr \u00fcber Bar","item":"https:\/\/www.visit-montenegro.com\/de\/reiseziele\/bar\/info\/"},{"@type":"ListItem","position":5,"name":"Einkaufen in Bar"}]},{"@type":"WebSite","@id":"https:\/\/www.visit-montenegro.com\/de\/#website","url":"https:\/\/www.visit-montenegro.com\/de\/","name":"Visit Montenegro","description":"Breathtaking beauty","publisher":{"@id":"https:\/\/www.visit-montenegro.com\/de\/#organization"},"potentialAction":[{"@type":"SearchAction","target":{"@type":"EntryPoint","urlTemplate":"https:\/\/www.visit-montenegro.com\/de\/?s={search_term_string}"},"query-input":{"@type":"PropertyValueSpecification","valueRequired":true,"valueName":"search_term_string"}}],"inLanguage":"de"},{"@type":"Organization","@id":"https:\/\/www.visit-montenegro.com\/de\/#organization","name":"Visit Montenegro","url":"https:\/\/www.visit-montenegro.com\/de\/","logo":{"@type":"ImageObject","inLanguage":"de","@id":"https:\/\/www.visit-montenegro.com\/de\/#\/schema\/logo\/image\/","url":"https:\/\/www.visit-montenegro.com\/wp-content\/uploads\/2017\/10\/logo-amp.png","contentUrl":"https:\/\/www.visit-montenegro.com\/wp-content\/uploads\/2017\/10\/logo-amp.png","width":190,"height":36,"caption":"Visit Montenegro"},"image":{"@id":"https:\/\/www.visit-montenegro.com\/de\/#\/schema\/logo\/image\/"},"sameAs":["https:\/\/www.facebook.com\/visitmontenegro","https:\/\/x.com\/visitmontenegro","https:\/\/www.instagram.com\/visit_montenegro\/","https:\/\/www.youtube.com\/user\/VisitMontenegro"]}]}},"translations":[],"_links":{"self":[{"href":"https:\/\/www.visit-montenegro.com\/de\/wp-json\/wp\/v2\/pages\/135008","targetHints":{"allow":["GET"]}}],"collection":[{"href":"https:\/\/www.visit-montenegro.com\/de\/wp-json\/wp\/v2\/pages"}],"about":[{"href":"https:\/\/www.visit-montenegro.com\/de\/wp-json\/wp\/v2\/types\/page"}],"author":[{"embeddable":true,"href":"https:\/\/www.visit-montenegro.com\/de\/wp-json\/wp\/v2\/users\/1"}],"replies":[{"embeddable":true,"href":"https:\/\/www.visit-montenegro.com\/de\/wp-json\/wp\/v2\/comments?post=135008"}],"version-history":[{"count":0,"href":"https:\/\/www.visit-montenegro.com\/de\/wp-json\/wp\/v2\/pages\/135008\/revisions"}],"up":[{"embeddable":true,"href":"https:\/\/www.visit-montenegro.com\/de\/wp-json\/wp\/v2\/pages\/134998"}],"wp:featuredmedia":[{"embeddable":true,"href":"https:\/\/www.visit-montenegro.com\/de\/wp-json\/wp\/v2\/media\/134057"}],"wp:attachment":[{"href":"https:\/\/www.visit-montenegro.com\/de\/wp-json\/wp\/v2\/media?parent=135008"}],"wp:term":[{"taxonomy":"post_tag","embeddable":true,"href":"https:\/\/www.visit-montenegro.com\/de\/wp-json\/wp\/v2\/tags?post=135008"}],"curies":[{"name":"wp","href":"https:\/\/api.w.org\/{rel}","templated":true}]}}