{"id":135012,"date":"2026-01-27T21:44:32","date_gmt":"2026-01-27T20:44:32","guid":{"rendered":"https:\/\/new.visit-montenegro.com\/ziele\/bar\/info\/geschichte\/"},"modified":"2026-02-22T17:09:07","modified_gmt":"2026-02-22T16:09:07","slug":"geschichte","status":"publish","type":"page","link":"https:\/\/www.visit-montenegro.com\/de\/reiseziele\/bar\/info\/geschichte\/","title":{"rendered":"Die Geschichte von Bar"},"content":{"rendered":"\n<p><a href=\"https:\/\/www.visit-montenegro.com\/de\/reiseziele\/bar\/\">Bar<\/a> ist eine sehr alte Stadt. Es gibt keine genauen Daten \u00fcber ihren Ursprung, aber in historischen Quellen wird der Name Alt-Bar erstmals im 9. Jahrhundert unter dem Namen Antibareos (Anti-alt) erw\u00e4hnt. Nach Informationen aus anderen Quellen wird der Ursprung der Stadt zwischen dem 6. und 7. Jahrhundert vermutet, da es zu dieser Zeit in Bar eine charakteristische r\u00f6mische Siedlung gab.<\/p>\n\n<p>Obwohl es nur sehr wenige genaue Daten \u00fcber die Gr\u00fcndungszeit des antiken Bar gibt, wurden auf einem gr\u00f6\u00dferen Gebiet \u00dcberreste neolithischen Materials gefunden, verschiedene Gegenst\u00e4nde wie: eine \u00e4neolithische Axt, ein Dolch, Vasen ungew\u00f6hnlicher Herstellung usw., bezeugen, dass im Gebiet der heutigen Gemeinde Bar bereits in pr\u00e4historischer, illyrischer, griechischer und r\u00f6mischer Zeit Leben existierte. Die gr\u00f6\u00dfte Best\u00e4tigung dieser These ist jedoch ein 2000 Jahre alter Olivenbaum, der an einem Ort namens Mirovica steht und auf andere Weise bezeugt, dass es im Gebiet von Bar bereits vor mehr als zwei Jahrtausenden Leben gab. Dass Bar tats\u00e4chlich eine alte st\u00e4dtische Siedlung ist, best\u00e4tigen die Namen der Stadt: Griechisch \u2013 Antibareos, R\u00f6misch \u2013 Antibarum und Slawisch \u2013 Bar.<\/p>\n\n<figure class=\"wp-block-image size-large\"><img loading=\"lazy\" decoding=\"async\" width=\"1024\" height=\"684\" src=\"https:\/\/www.visit-montenegro.com\/wp-content\/uploads\/2026\/01\/bar-old-town-01-1024x684.jpg\" alt=\"\" class=\"wp-image-35989\" srcset=\"https:\/\/www.visit-montenegro.com\/wp-content\/uploads\/2026\/01\/bar-old-town-01-1024x684.jpg 1024w, https:\/\/www.visit-montenegro.com\/wp-content\/uploads\/2026\/01\/bar-old-town-01-300x200.jpg 300w, https:\/\/www.visit-montenegro.com\/wp-content\/uploads\/2026\/01\/bar-old-town-01-768x513.jpg 768w, https:\/\/www.visit-montenegro.com\/wp-content\/uploads\/2026\/01\/bar-old-town-01-1536x1026.jpg 1536w, https:\/\/www.visit-montenegro.com\/wp-content\/uploads\/2026\/01\/bar-old-town-01-1200x801.jpg 1200w, https:\/\/www.visit-montenegro.com\/wp-content\/uploads\/2026\/01\/bar-old-town-01-scaled.jpg 1600w\" sizes=\"auto, (max-width: 1024px) 100vw, 1024px\" \/><figcaption class=\"wp-element-caption\">Antike Steinruinen und Uhrturm in der <a href=\"https:\/\/www.visit-montenegro.com\/de\/reiseziele\/bar\/sehenswuerdigkeiten\/altstadt-bar\/\">Altstadt von Bar<\/a> vor der bew\u00f6lkten Berglandschaft, Montenegro. Panoramablick auf Stari Bar &#8211; eine zerst\u00f6rte mittelalterliche Stadt an der Adriak\u00fcste, UNESCO-Weltkulturerbe.<\/figcaption><\/figure>\n\n<p>Ende des 9. Jahrhunderts wird Bar auch unter dem Namen Antivari erw\u00e4hnt, was nach historischen Quellen auf den Stamm der Awaren zur\u00fcckzuf\u00fchren ist, die im 6. und 7. Jahrhundert zusammen mit den Slawen das Gebiet des heutigen Montenegro besiedelten.<\/p>\n\n<h2 class=\"wp-block-heading\">Bar unter byzantinischer und fr\u00fcher montenegrinischer Herrschaft<\/h2>\n\n<p>Obwohl es zu Beginn des 7. Jahrhunderts von Slawen besiedelt wurde, blieb Bar bis zur Mitte des 11. Jahrhunderts unter der Kontrolle von Byzanz, genauer gesagt, zu dieser Zeit lag Bar in der Region Dirahion, historisch besser bekannt unter dem Namen Prevalis. Dass Bar ein sehr wichtiges geistiges, kulturelles und politisches Zentrum war, zeigt die Tatsache, dass Bar bis zur Mitte des 8. Jahrhunderts das Zentrum des Bistums war. Als Hauptstadt des ersten nominell unabh\u00e4ngigen Herrschers des ersten montenegrinischen Staates \u2013 <a href=\"https:\/\/www.visit-montenegro.com\/de\/reiseziele\/podgorica\/sehenswuerdigkeiten\/duklja\/\">Duklja<\/a>, F\u00fcrst Vladimir, wird ein Gebiet nur wenige Kilometer von Bar entfernt in Richtung Skadar-See, das Dorf Krajina am Ort Ostros, 50 Kilometer von Bar entfernt, erw\u00e4hnt. Da dieses Gebiet jedoch Teil des Byzantinischen Reiches war, wird im Jahr 1042 in der ber\u00fchmten \u201eSchlacht von Bar\u201c, die am Hang des Rumija ausgetragen wurde, dieser Teil des Bar-Gebiets vom Herrscher von Zeta Vojislav (1017 \u2013 1050) befreit.<\/p>\n\n<p>Es wird vermutet, dass bereits im Jahr 1077 in Bar der erste montenegrinische K\u00f6nig Mihailo Vojislavljevic gekr\u00f6nt wurde, und als Best\u00e4tigung f\u00fcr diese Handlung erhielt er k\u00f6nigliche Insignien von Papst Clemens III. Anschlie\u00dfend wird Bar von K\u00f6nig Bodin Vojislavljevic (1082 \u2013 1101) regiert. Aufgrund von Bodins Bem\u00fchungen erh\u00e4lt das Bistum von Bar im Jahr 1089 den Titel eines Erzbistums, und als Folge davon wird die Stadt Bar zum Zentrum von Bodins Staat. Mitte des 11. Jahrhunderts wird Bar wieder Teil von Duklja, und nach 1183 tritt es erneut in die Struktur des Byzantinischen Reiches ein, als es mit dem Rest von Zeta Teil des Staates der Nemanjici wird. Bar steht bis zum Jahr 1360 unter der Kontrolle der Nemanjici. W\u00e4hrend dieser Zeit erlebt es eine vollst\u00e4ndige Bl\u00fcte \u2013 es hatte st\u00e4dtische Autonomie, ein Statut, ein Wappen und Geld.<\/p>\n\n<h2 class=\"wp-block-heading\">Mittelalterliche Konflikte und venezianischer Einfluss<\/h2>\n\n<p>In historischen Dokumenten hei\u00dft es, dass Bar Mitte des 15. Jahrhunderts einen Sieg \u00fcber Dubrovnik errang. W\u00e4hrend der 60er Jahre des 14. Jahrhunderts wird Bar von den Balsici regiert, einer k\u00f6niglichen Familie, die im Gebiet von Skadar ein unabh\u00e4ngiges Territorium schuf. W\u00e4hrend dieser Zeit betrachten die Prinzessin Jelena und Balsa III Bar als ihre Hauptstadt.<\/p>\n\n<p>Danach befindet sich Bar lange Zeit in st\u00e4ndigen K\u00e4mpfen und Streitigkeiten zwischen den Grafschaftsherren.<\/p>\n\n<p>Im Jahr 1404 wird Bar von Venedig (den Venezianern) \u00fcbernommen, das im Jahr 1412 wieder in die H\u00e4nde der Balsici f\u00e4llt.<\/p>\n\n<p>Im Jahr 1421 stand Bar unter der Schirmherrschaft des Despoten Stefan Lazarevic, und ab dem Jahr 1427 unter der Schirmherrschaft des Despoten Djuradj Brankovic \u2013 als es wieder zur Hauptstadt von Zeta wird.<\/p>\n\n<p>Durch die Pl\u00fcnderung (Eroberung) der Stadt von dem bekannten bosnischen Herrn Stefan Vukcic Kosaca wird Bar mit seinen K\u00fcstengebieten 1443 von den Venezianern erobert. Nach der venezianischen Herrschaft wird Bar von den T\u00fcrken angegriffen. Um sich vor der t\u00fcrkischen Invasion zu verteidigen, bat Bar Venedig um Hilfe, um dauerhaften Frieden zu bewahren, was jedoch scheiterte.<\/p>\n\n<figure class=\"wp-block-image size-large\"><img loading=\"lazy\" decoding=\"async\" width=\"1024\" height=\"683\" src=\"https:\/\/www.visit-montenegro.com\/wp-content\/uploads\/2026\/01\/bar-old-town-mosque-1024x683.jpg\" alt=\"\" class=\"wp-image-35991\" srcset=\"https:\/\/www.visit-montenegro.com\/wp-content\/uploads\/2026\/01\/bar-old-town-mosque-1024x683.jpg 1024w, https:\/\/www.visit-montenegro.com\/wp-content\/uploads\/2026\/01\/bar-old-town-mosque-300x200.jpg 300w, https:\/\/www.visit-montenegro.com\/wp-content\/uploads\/2026\/01\/bar-old-town-mosque-768x512.jpg 768w, https:\/\/www.visit-montenegro.com\/wp-content\/uploads\/2026\/01\/bar-old-town-mosque-1536x1024.jpg 1536w, https:\/\/www.visit-montenegro.com\/wp-content\/uploads\/2026\/01\/bar-old-town-mosque-1200x800.jpg 1200w, https:\/\/www.visit-montenegro.com\/wp-content\/uploads\/2026\/01\/bar-old-town-mosque-scaled.jpg 1600w\" sizes=\"auto, (max-width: 1024px) 100vw, 1024px\" \/><figcaption class=\"wp-element-caption\">Moschee in der Stadt Bar, Montenegro<\/figcaption><\/figure>\n\n<h2 class=\"wp-block-heading\">Osmanische Herrschaft und moderne Entwicklung<\/h2>\n\n<p>Die T\u00fcrken, die dieses Gebiet 307 Jahre lang regierten, eroberten Bar im Jahr 1571. 1878 wird Bar von Montenegrinern von den T\u00fcrken befreit. Im selben Jahr, 1878, wurde Montenegro auf dem Berliner Kongress f\u00fcr unabh\u00e4ngig erkl\u00e4rt, sodass die Stadt Bar gro\u00dfe Bedeutung und Ansehen erlangte. Da Bar w\u00e4hrend der Befreiung 1878 stark zerst\u00f6rt war, beschlie\u00dft der Ministerrat des F\u00fcrstentums Montenegro 1908, mit dem Bau einer neuen Stadt zu beginnen, die Bar genannt wird.<\/p>\n\n<p>Mit der Zeit beginnen viele B\u00fcrger von Bar, in die s\u00fcdlichen Teile der Stadt zu ziehen, haupts\u00e4chlich besiedeln sie die Region neben der K\u00fcste, wo zu Beginn des 20. Jahrhunderts ein Gebiet entsteht, besser bekannt als Pristan (Hafen), auf dessen Platz das Fundament von Neu-Bar gelegt wurde. Heute gilt Neu-Bar als urbanistisch am besten organisierte, moderne architektonische Anlage in Montenegro. Breite Boulevards, geschm\u00fcckt mit Palmen, Oleandern und anderen exotischen mediterranen B\u00e4umen, die sorgf\u00e4ltig gepflegt und erhalten werden, mit der herzlichen F\u00fcrsorge der \u00f6ffentlichen Arbeiter, haben dazu gef\u00fchrt, dass Bar mehrere Jahre in Folge (meist im letzten Jahrzehnt des 20. Jahrhunderts) zur saubersten Stadt in der Bundesrepublik Jugoslawien erkl\u00e4rt wurde.<\/p>\n\n<p>Wie in anderen K\u00fcstenst\u00e4dten stand Bar bis 1928 unter der Verwaltung von \u00d6sterreich-Ungarn. Nach der Befreiung von \u00d6sterreich-Ungarn ist Bar bis 1941 Teil des K\u00f6nigreichs Jugoslawien (des Staates der Serben, Kroaten und Slowenen).<\/p>\n\n<p>W\u00e4hrend des Zweiten Weltkriegs (1941 \u2013 1945) stand Bar unter fremder Kontrolle. Zu dieser Zeit kontrollierten die italienische und deutsche Armee Bar. Im Kampf gegen die Besatzer befreite die Partisanenarmee Bar im November 1944. Seitdem und bis 1991 war Bar Teil der Sozialistischen F\u00f6derativen Republik Jugoslawien.<\/p>\n\n<p>In der Nachkriegszeit, insbesondere w\u00e4hrend der 60er Jahre des 20. Jahrhunderts, entwickelte sich Bar zu einem bekannten Hafenzentrum Montenegros und des ehemaligen Jugoslawien. Neben Hafen- und Seetransport ist Bar heute auch f\u00fcr die Entwicklung von Tourismus, Wirtschaft und Sport bekannt.<\/p>\n","protected":false},"excerpt":{"rendered":"<p>Erkunden Sie die reiche Geschichte von Bar, Montenegro, von seinen antiken Urspr\u00fcngen bis zur modernen Entwicklung. Entdecken Sie, wie sich diese K\u00fcstenstadt unter byzantinischer, venezianischer und osmanischer Herrschaft entwickelte und ihr einzigartiges kulturelles Erbe pr\u00e4gte.<\/p>\n","protected":false},"author":1,"featured_media":135013,"parent":134998,"menu_order":0,"comment_status":"closed","ping_status":"closed","template":"","meta":{"_yoast_wpseo_focuskw":"Die Geschichte von Bar","_yoast_wpseo_metadesc":"Entdecken Sie die faszinierende Geschichte von Bar, Montenegro. Von antiken Urspr\u00fcngen bis zum modernen Wachstum, erfahren Sie, wie diese Stadt das Erbe Montenegros gepr\u00e4gt hat. Planen Sie noch heute Ihren Besuch!","_kad_post_transparent":"","_kad_post_title":"","_kad_post_layout":"","_kad_post_sidebar_id":"","_kad_post_content_style":"","_kad_post_vertical_padding":"","_kad_post_feature":"","_kad_post_feature_position":"","_kad_post_header":false,"_kad_post_footer":false,"_kad_post_classname":"","iawp_total_views":8,"footnotes":""},"tags":[],"class_list":["post-135012","page","type-page","status-publish","has-post-thumbnail","hentry"],"yoast_head":"<!-- This site is optimized with the Yoast SEO plugin v27.3 - https:\/\/yoast.com\/product\/yoast-seo-wordpress\/ -->\n<title>Die Geschichte von Bar - Visit Montenegro<\/title>\n<meta name=\"description\" content=\"Entdecken Sie die faszinierende Geschichte von Bar, Montenegro. Von antiken Urspr\u00fcngen bis zum modernen Wachstum, erfahren Sie, wie diese Stadt das Erbe Montenegros gepr\u00e4gt hat. Planen Sie noch heute Ihren Besuch!\" \/>\n<meta name=\"robots\" content=\"index, follow, max-snippet:-1, max-image-preview:large, max-video-preview:-1\" \/>\n<link rel=\"canonical\" href=\"https:\/\/www.visit-montenegro.com\/de\/reiseziele\/bar\/info\/geschichte\/\" \/>\n<meta property=\"og:locale\" content=\"de_DE\" \/>\n<meta property=\"og:type\" content=\"article\" \/>\n<meta property=\"og:title\" content=\"Die Geschichte von Bar - Visit Montenegro\" \/>\n<meta property=\"og:description\" content=\"Entdecken Sie die faszinierende Geschichte von Bar, Montenegro. Von antiken Urspr\u00fcngen bis zum modernen Wachstum, erfahren Sie, wie diese Stadt das Erbe Montenegros gepr\u00e4gt hat. Planen Sie noch heute Ihren Besuch!\" \/>\n<meta property=\"og:url\" content=\"https:\/\/www.visit-montenegro.com\/de\/reiseziele\/bar\/info\/geschichte\/\" \/>\n<meta property=\"og:site_name\" content=\"Visit Montenegro\" \/>\n<meta property=\"article:publisher\" content=\"https:\/\/www.facebook.com\/visitmontenegro\" \/>\n<meta property=\"article:modified_time\" content=\"2026-02-22T16:09:07+00:00\" \/>\n<meta property=\"og:image\" content=\"https:\/\/www.visit-montenegro.com\/wp-content\/uploads\/2026\/01\/bar-old-town-detail-scaled.jpg\" \/>\n\t<meta property=\"og:image:width\" content=\"1600\" \/>\n\t<meta property=\"og:image:height\" content=\"1068\" \/>\n\t<meta property=\"og:image:type\" content=\"image\/jpeg\" \/>\n<meta name=\"twitter:card\" content=\"summary_large_image\" \/>\n<meta name=\"twitter:site\" content=\"@visitmontenegro\" \/>\n<meta name=\"twitter:label1\" content=\"Gesch\u00e4tzte Lesezeit\" \/>\n\t<meta name=\"twitter:data1\" content=\"5\u00a0Minuten\" \/>\n<script type=\"application\/ld+json\" class=\"yoast-schema-graph\">{\"@context\":\"https:\\\/\\\/schema.org\",\"@graph\":[{\"@type\":\"WebPage\",\"@id\":\"https:\\\/\\\/www.visit-montenegro.com\\\/de\\\/reiseziele\\\/bar\\\/info\\\/geschichte\\\/\",\"url\":\"https:\\\/\\\/www.visit-montenegro.com\\\/de\\\/reiseziele\\\/bar\\\/info\\\/geschichte\\\/\",\"name\":\"Die Geschichte von Bar - Visit Montenegro\",\"isPartOf\":{\"@id\":\"https:\\\/\\\/www.visit-montenegro.com\\\/de\\\/#website\"},\"primaryImageOfPage\":{\"@id\":\"https:\\\/\\\/www.visit-montenegro.com\\\/de\\\/reiseziele\\\/bar\\\/info\\\/geschichte\\\/#primaryimage\"},\"image\":{\"@id\":\"https:\\\/\\\/www.visit-montenegro.com\\\/de\\\/reiseziele\\\/bar\\\/info\\\/geschichte\\\/#primaryimage\"},\"thumbnailUrl\":\"https:\\\/\\\/www.visit-montenegro.com\\\/wp-content\\\/uploads\\\/2026\\\/01\\\/bar-old-town-detail-scaled.jpg\",\"datePublished\":\"2026-01-27T20:44:32+00:00\",\"dateModified\":\"2026-02-22T16:09:07+00:00\",\"description\":\"Entdecken Sie die faszinierende Geschichte von Bar, Montenegro. Von antiken Urspr\u00fcngen bis zum modernen Wachstum, erfahren Sie, wie diese Stadt das Erbe Montenegros gepr\u00e4gt hat. Planen Sie noch heute Ihren Besuch!\",\"breadcrumb\":{\"@id\":\"https:\\\/\\\/www.visit-montenegro.com\\\/de\\\/reiseziele\\\/bar\\\/info\\\/geschichte\\\/#breadcrumb\"},\"inLanguage\":\"de\",\"potentialAction\":[{\"@type\":\"ReadAction\",\"target\":[\"https:\\\/\\\/www.visit-montenegro.com\\\/de\\\/reiseziele\\\/bar\\\/info\\\/geschichte\\\/\"]}]},{\"@type\":\"ImageObject\",\"inLanguage\":\"de\",\"@id\":\"https:\\\/\\\/www.visit-montenegro.com\\\/de\\\/reiseziele\\\/bar\\\/info\\\/geschichte\\\/#primaryimage\",\"url\":\"https:\\\/\\\/www.visit-montenegro.com\\\/wp-content\\\/uploads\\\/2026\\\/01\\\/bar-old-town-detail-scaled.jpg\",\"contentUrl\":\"https:\\\/\\\/www.visit-montenegro.com\\\/wp-content\\\/uploads\\\/2026\\\/01\\\/bar-old-town-detail-scaled.jpg\",\"width\":1600,\"height\":1068,\"caption\":\"Antike Steinruinen mit Efeu, Festungsmauer und Toren in der Altstadt von Bar, Montenegro. Stari Bar - eine zerst\u00f6rte mittelalterliche Stadt an der Adriak\u00fcste, UNESCO-Weltkulturerbe.\"},{\"@type\":\"BreadcrumbList\",\"@id\":\"https:\\\/\\\/www.visit-montenegro.com\\\/de\\\/reiseziele\\\/bar\\\/info\\\/geschichte\\\/#breadcrumb\",\"itemListElement\":[{\"@type\":\"ListItem\",\"position\":1,\"name\":\"Home\",\"item\":\"https:\\\/\\\/www.visit-montenegro.com\\\/de\\\/home\\\/\"},{\"@type\":\"ListItem\",\"position\":2,\"name\":\"Reiseziele in Montenegro\",\"item\":\"https:\\\/\\\/www.visit-montenegro.com\\\/de\\\/reiseziele\\\/\"},{\"@type\":\"ListItem\",\"position\":3,\"name\":\"Bar\",\"item\":\"https:\\\/\\\/www.visit-montenegro.com\\\/de\\\/reiseziele\\\/bar\\\/\"},{\"@type\":\"ListItem\",\"position\":4,\"name\":\"Mehr \u00fcber Bar\",\"item\":\"https:\\\/\\\/www.visit-montenegro.com\\\/de\\\/reiseziele\\\/bar\\\/info\\\/\"},{\"@type\":\"ListItem\",\"position\":5,\"name\":\"Die Geschichte von Bar\"}]},{\"@type\":\"WebSite\",\"@id\":\"https:\\\/\\\/www.visit-montenegro.com\\\/de\\\/#website\",\"url\":\"https:\\\/\\\/www.visit-montenegro.com\\\/de\\\/\",\"name\":\"Visit Montenegro\",\"description\":\"Breathtaking beauty\",\"publisher\":{\"@id\":\"https:\\\/\\\/www.visit-montenegro.com\\\/de\\\/#organization\"},\"potentialAction\":[{\"@type\":\"SearchAction\",\"target\":{\"@type\":\"EntryPoint\",\"urlTemplate\":\"https:\\\/\\\/www.visit-montenegro.com\\\/de\\\/?s={search_term_string}\"},\"query-input\":{\"@type\":\"PropertyValueSpecification\",\"valueRequired\":true,\"valueName\":\"search_term_string\"}}],\"inLanguage\":\"de\"},{\"@type\":\"Organization\",\"@id\":\"https:\\\/\\\/www.visit-montenegro.com\\\/de\\\/#organization\",\"name\":\"Visit Montenegro\",\"url\":\"https:\\\/\\\/www.visit-montenegro.com\\\/de\\\/\",\"logo\":{\"@type\":\"ImageObject\",\"inLanguage\":\"de\",\"@id\":\"https:\\\/\\\/www.visit-montenegro.com\\\/de\\\/#\\\/schema\\\/logo\\\/image\\\/\",\"url\":\"https:\\\/\\\/www.visit-montenegro.com\\\/wp-content\\\/uploads\\\/2017\\\/10\\\/logo-amp.png\",\"contentUrl\":\"https:\\\/\\\/www.visit-montenegro.com\\\/wp-content\\\/uploads\\\/2017\\\/10\\\/logo-amp.png\",\"width\":190,\"height\":36,\"caption\":\"Visit Montenegro\"},\"image\":{\"@id\":\"https:\\\/\\\/www.visit-montenegro.com\\\/de\\\/#\\\/schema\\\/logo\\\/image\\\/\"},\"sameAs\":[\"https:\\\/\\\/www.facebook.com\\\/visitmontenegro\",\"https:\\\/\\\/x.com\\\/visitmontenegro\",\"https:\\\/\\\/www.instagram.com\\\/visit_montenegro\\\/\",\"https:\\\/\\\/www.youtube.com\\\/user\\\/VisitMontenegro\"]}]}<\/script>\n<!-- \/ Yoast SEO plugin. -->","yoast_head_json":{"title":"Die Geschichte von Bar - Visit Montenegro","description":"Entdecken Sie die faszinierende Geschichte von Bar, Montenegro. Von antiken Urspr\u00fcngen bis zum modernen Wachstum, erfahren Sie, wie diese Stadt das Erbe Montenegros gepr\u00e4gt hat. Planen Sie noch heute Ihren Besuch!","robots":{"index":"index","follow":"follow","max-snippet":"max-snippet:-1","max-image-preview":"max-image-preview:large","max-video-preview":"max-video-preview:-1"},"canonical":"https:\/\/www.visit-montenegro.com\/de\/reiseziele\/bar\/info\/geschichte\/","og_locale":"de_DE","og_type":"article","og_title":"Die Geschichte von Bar - Visit Montenegro","og_description":"Entdecken Sie die faszinierende Geschichte von Bar, Montenegro. Von antiken Urspr\u00fcngen bis zum modernen Wachstum, erfahren Sie, wie diese Stadt das Erbe Montenegros gepr\u00e4gt hat. Planen Sie noch heute Ihren Besuch!","og_url":"https:\/\/www.visit-montenegro.com\/de\/reiseziele\/bar\/info\/geschichte\/","og_site_name":"Visit Montenegro","article_publisher":"https:\/\/www.facebook.com\/visitmontenegro","article_modified_time":"2026-02-22T16:09:07+00:00","og_image":[{"width":1600,"height":1068,"url":"https:\/\/www.visit-montenegro.com\/wp-content\/uploads\/2026\/01\/bar-old-town-detail-scaled.jpg","type":"image\/jpeg"}],"twitter_card":"summary_large_image","twitter_site":"@visitmontenegro","twitter_misc":{"Gesch\u00e4tzte Lesezeit":"5\u00a0Minuten"},"schema":{"@context":"https:\/\/schema.org","@graph":[{"@type":"WebPage","@id":"https:\/\/www.visit-montenegro.com\/de\/reiseziele\/bar\/info\/geschichte\/","url":"https:\/\/www.visit-montenegro.com\/de\/reiseziele\/bar\/info\/geschichte\/","name":"Die Geschichte von Bar - Visit Montenegro","isPartOf":{"@id":"https:\/\/www.visit-montenegro.com\/de\/#website"},"primaryImageOfPage":{"@id":"https:\/\/www.visit-montenegro.com\/de\/reiseziele\/bar\/info\/geschichte\/#primaryimage"},"image":{"@id":"https:\/\/www.visit-montenegro.com\/de\/reiseziele\/bar\/info\/geschichte\/#primaryimage"},"thumbnailUrl":"https:\/\/www.visit-montenegro.com\/wp-content\/uploads\/2026\/01\/bar-old-town-detail-scaled.jpg","datePublished":"2026-01-27T20:44:32+00:00","dateModified":"2026-02-22T16:09:07+00:00","description":"Entdecken Sie die faszinierende Geschichte von Bar, Montenegro. Von antiken Urspr\u00fcngen bis zum modernen Wachstum, erfahren Sie, wie diese Stadt das Erbe Montenegros gepr\u00e4gt hat. Planen Sie noch heute Ihren Besuch!","breadcrumb":{"@id":"https:\/\/www.visit-montenegro.com\/de\/reiseziele\/bar\/info\/geschichte\/#breadcrumb"},"inLanguage":"de","potentialAction":[{"@type":"ReadAction","target":["https:\/\/www.visit-montenegro.com\/de\/reiseziele\/bar\/info\/geschichte\/"]}]},{"@type":"ImageObject","inLanguage":"de","@id":"https:\/\/www.visit-montenegro.com\/de\/reiseziele\/bar\/info\/geschichte\/#primaryimage","url":"https:\/\/www.visit-montenegro.com\/wp-content\/uploads\/2026\/01\/bar-old-town-detail-scaled.jpg","contentUrl":"https:\/\/www.visit-montenegro.com\/wp-content\/uploads\/2026\/01\/bar-old-town-detail-scaled.jpg","width":1600,"height":1068,"caption":"Antike Steinruinen mit Efeu, Festungsmauer und Toren in der Altstadt von Bar, Montenegro. Stari Bar - eine zerst\u00f6rte mittelalterliche Stadt an der Adriak\u00fcste, UNESCO-Weltkulturerbe."},{"@type":"BreadcrumbList","@id":"https:\/\/www.visit-montenegro.com\/de\/reiseziele\/bar\/info\/geschichte\/#breadcrumb","itemListElement":[{"@type":"ListItem","position":1,"name":"Home","item":"https:\/\/www.visit-montenegro.com\/de\/home\/"},{"@type":"ListItem","position":2,"name":"Reiseziele in Montenegro","item":"https:\/\/www.visit-montenegro.com\/de\/reiseziele\/"},{"@type":"ListItem","position":3,"name":"Bar","item":"https:\/\/www.visit-montenegro.com\/de\/reiseziele\/bar\/"},{"@type":"ListItem","position":4,"name":"Mehr \u00fcber Bar","item":"https:\/\/www.visit-montenegro.com\/de\/reiseziele\/bar\/info\/"},{"@type":"ListItem","position":5,"name":"Die Geschichte von Bar"}]},{"@type":"WebSite","@id":"https:\/\/www.visit-montenegro.com\/de\/#website","url":"https:\/\/www.visit-montenegro.com\/de\/","name":"Visit Montenegro","description":"Breathtaking beauty","publisher":{"@id":"https:\/\/www.visit-montenegro.com\/de\/#organization"},"potentialAction":[{"@type":"SearchAction","target":{"@type":"EntryPoint","urlTemplate":"https:\/\/www.visit-montenegro.com\/de\/?s={search_term_string}"},"query-input":{"@type":"PropertyValueSpecification","valueRequired":true,"valueName":"search_term_string"}}],"inLanguage":"de"},{"@type":"Organization","@id":"https:\/\/www.visit-montenegro.com\/de\/#organization","name":"Visit Montenegro","url":"https:\/\/www.visit-montenegro.com\/de\/","logo":{"@type":"ImageObject","inLanguage":"de","@id":"https:\/\/www.visit-montenegro.com\/de\/#\/schema\/logo\/image\/","url":"https:\/\/www.visit-montenegro.com\/wp-content\/uploads\/2017\/10\/logo-amp.png","contentUrl":"https:\/\/www.visit-montenegro.com\/wp-content\/uploads\/2017\/10\/logo-amp.png","width":190,"height":36,"caption":"Visit Montenegro"},"image":{"@id":"https:\/\/www.visit-montenegro.com\/de\/#\/schema\/logo\/image\/"},"sameAs":["https:\/\/www.facebook.com\/visitmontenegro","https:\/\/x.com\/visitmontenegro","https:\/\/www.instagram.com\/visit_montenegro\/","https:\/\/www.youtube.com\/user\/VisitMontenegro"]}]}},"translations":[],"_links":{"self":[{"href":"https:\/\/www.visit-montenegro.com\/de\/wp-json\/wp\/v2\/pages\/135012","targetHints":{"allow":["GET"]}}],"collection":[{"href":"https:\/\/www.visit-montenegro.com\/de\/wp-json\/wp\/v2\/pages"}],"about":[{"href":"https:\/\/www.visit-montenegro.com\/de\/wp-json\/wp\/v2\/types\/page"}],"author":[{"embeddable":true,"href":"https:\/\/www.visit-montenegro.com\/de\/wp-json\/wp\/v2\/users\/1"}],"replies":[{"embeddable":true,"href":"https:\/\/www.visit-montenegro.com\/de\/wp-json\/wp\/v2\/comments?post=135012"}],"version-history":[{"count":0,"href":"https:\/\/www.visit-montenegro.com\/de\/wp-json\/wp\/v2\/pages\/135012\/revisions"}],"up":[{"embeddable":true,"href":"https:\/\/www.visit-montenegro.com\/de\/wp-json\/wp\/v2\/pages\/134998"}],"wp:featuredmedia":[{"embeddable":true,"href":"https:\/\/www.visit-montenegro.com\/de\/wp-json\/wp\/v2\/media\/135013"}],"wp:attachment":[{"href":"https:\/\/www.visit-montenegro.com\/de\/wp-json\/wp\/v2\/media?parent=135012"}],"wp:term":[{"taxonomy":"post_tag","embeddable":true,"href":"https:\/\/www.visit-montenegro.com\/de\/wp-json\/wp\/v2\/tags?post=135012"}],"curies":[{"name":"wp","href":"https:\/\/api.w.org\/{rel}","templated":true}]}}