{"id":135026,"date":"2026-01-27T21:44:32","date_gmt":"2026-01-27T20:44:32","guid":{"rendered":"https:\/\/new.visit-montenegro.com\/ziele\/cetinje\/attractions\/lovcen\/"},"modified":"2026-02-22T17:09:07","modified_gmt":"2026-02-22T16:09:07","slug":"lovcen","status":"publish","type":"page","link":"https:\/\/www.visit-montenegro.com\/de\/reiseziele\/cetinje\/sehenswuerdigkeiten\/lovcen\/","title":{"rendered":"Nationalpark Lov\u0107en"},"content":{"rendered":"\n<p>Der Nationalpark Lov\u0107en ist ein bergiges Schutzgebiet in den Dinara-Alpen Montenegros und erhebt sich steil von der Budva-K\u00fcste auf 1.749 Meter. Er erstreckt sich \u00fcber 6.220 Hektar und vereint mediterranes und kontinentales Klima, was einzigartige Lebensr\u00e4ume und reiche Biodiversit\u00e4t f\u00f6rdert.<\/p>\n\n<hr class=\"wp-block-separator has-alpha-channel-opacity\"\/>\n\n<h2 class=\"wp-block-heading\">Lage und nat\u00fcrliche Merkmale<\/h2>\n\n<p>Der Nationalpark <strong>Lov\u0107en<\/strong> liegt in der felsigen Region der Dinara-Alpen. Die H\u00e4nge des Berges Lov\u0107en steigen steil von der K\u00fcstenregion Budvas und dem westlichen Teil von <a href=\"https:\/\/www.visit-montenegro.com\/de\/reiseziele\/cetinje\/\">Cetinje<\/a> auf. Der Park wird im S\u00fcden von der Stra\u00dfe <a href=\"https:\/\/www.visit-montenegro.com\/de\/reiseziele\/budva\/\">Budva<\/a> \u2013 Cetinje und im Norden von der alten Kotor-Stra\u00dfe begrenzt. Der \u201eSchwarze Berg\u201c, nach dem Montenegro seinen Namen erhielt, erreicht eine H\u00f6he von 1.749 Metern. Der Park ist 6.220 Hektar gro\u00df, und sein B\u00fcro befindet sich in Cetinje.<\/p>\n\n<p>Die Geschichte der Flora und Fauna spielt eine wichtige Rolle im Nationalpark <strong>Lov\u0107en<\/strong>, der neun verschiedene Lebensr\u00e4ume auf sehr kleinem Raum beherbergt. Diese gro\u00dfe Anzahl an Lebensr\u00e4umen f\u00fchrt zu einer gro\u00dfen Vielfalt an Flora und Fauna. Es gibt 2.000 Pflanzenarten im Park. Diese F\u00fclle an Leben resultiert aus extremen H\u00f6henlagen und dem Einfluss zweier Klimazonen: mediterran und kontinental. Ihre Kombination auf so kleinem Raum schafft einen einzigartigen Lebensraum.<\/p>\n\n<figure class=\"wp-block-image size-large\"><img loading=\"lazy\" decoding=\"async\" width=\"1024\" height=\"681\" src=\"https:\/\/www.visit-montenegro.com\/wp-content\/uploads\/2017\/11\/20582877_369771663460508_4396329292984745984_n-1024x681.jpg\" alt=\"\" class=\"wp-image-33109\" srcset=\"https:\/\/www.visit-montenegro.com\/wp-content\/uploads\/2017\/11\/20582877_369771663460508_4396329292984745984_n-1024x681.jpg 1024w, https:\/\/www.visit-montenegro.com\/wp-content\/uploads\/2017\/11\/20582877_369771663460508_4396329292984745984_n-300x199.jpg 300w, https:\/\/www.visit-montenegro.com\/wp-content\/uploads\/2017\/11\/20582877_369771663460508_4396329292984745984_n-768x511.jpg 768w, https:\/\/www.visit-montenegro.com\/wp-content\/uploads\/2017\/11\/20582877_369771663460508_4396329292984745984_n-90x60.jpg 90w, https:\/\/www.visit-montenegro.com\/wp-content\/uploads\/2017\/11\/20582877_369771663460508_4396329292984745984_n-180x120.jpg 180w, https:\/\/www.visit-montenegro.com\/wp-content\/uploads\/2017\/11\/20582877_369771663460508_4396329292984745984_n-95x64.jpg 95w, https:\/\/www.visit-montenegro.com\/wp-content\/uploads\/2017\/11\/20582877_369771663460508_4396329292984745984_n.jpg 1080w\" sizes=\"auto, (max-width: 1024px) 100vw, 1024px\" \/><figcaption class=\"wp-element-caption\">Foto mit freundlicher Genehmigung von <a href=\"https:\/\/www.instagram.com\/bright.sky.travel\/\" target=\"_blank\">@bright.sky.travel<\/a><\/figcaption><\/figure>\n\n<h2 class=\"wp-block-heading\">Kulturelle und historische Bedeutung<\/h2>\n\n<p>In diesem Park befindet sich das <a href=\"https:\/\/www.visit-montenegro.com\/de\/reiseziele\/cetinje\/sehenswuerdigkeiten\/njegos-mausoleum\/\">Mausoleum des montenegrinischen Herrschers und Dichters Petar II. Petrovi\u0107 Njego\u0161<\/a>. Dieses imposante Geb\u00e4ude hat 461 Stufen, die vom Parkplatz zum <a href=\"https:\/\/www.visit-montenegro.com\/de\/reiseziele\/cetinje\/sehenswuerdigkeiten\/njegos-mausoleum\/\">Mausoleum<\/a> selbst f\u00fchren. Der Bau begann 1951 und wurde 1974 f\u00fcr die \u00d6ffentlichkeit ge\u00f6ffnet. Die gesamte Region des Berges Lov\u0107en gilt bei Montenegrinern als heilig. Wie Verse eines ber\u00fchmten Liedes sagen: \u201eLov\u0107en ist unser heiliger Altar.\u201c <strong>Lov\u0107en<\/strong> ist ein Symbol Montenegros und verleiht ihm nationale Identit\u00e4t. Kurz gesagt, was die Freiheitsstatue f\u00fcr Amerikaner ist, das ist der Berg Lov\u0107en f\u00fcr Montenegriner.<\/p>\n\n<h3 class=\"wp-block-heading\">Geschichte<\/h3>\n\n<p>Diese Region erlebte den Lauf der Geschichte von Illyrern und R\u00f6mern bis zur Ankunft slawischer St\u00e4mme. Cetinje wurde eine Hochburg des Christentums und die Hauptstadt Montenegros, die nie von den T\u00fcrken erobert wurde. 1885 wurden die Relikte von Petar II. auf den Gipfel des Berges Lov\u0107en in eine kleine Kirche verlegt. W\u00e4hrend des Zweiten Weltkriegs zerst\u00f6rten \u00f6sterreichische Soldaten die Kirche, und der K\u00f6rper des F\u00fcrsten wurde zur Sicherheit verlegt. Eine neue Kirche wurde am selben Ort gebaut, und die Relikte des F\u00fcrsten wurden dorthin \u00fcberf\u00fchrt. Der Plan zum Bau des Mausoleums wurde genehmigt, und der Bau begann 1951. Er dauerte 23 Jahre und wurde 1974 f\u00fcr die \u00d6ffentlichkeit ge\u00f6ffnet.<\/p>\n\n<h3 class=\"wp-block-heading\">Geschichte des Parks<\/h3>\n\n<p>Dieser Park ist \u00fcber 50 Jahre alt und hat \u00fcber Jahrhunderte starke Emotionen in den Herzen der Montenegriner geweckt. Petar II., einer der letzten gro\u00dfen montenegrinischen Dynastie Petrovi\u0107, der in einem nahegelegenen Dorf (in Zone VI des Parks) lebte, schrieb: \u201eStolzer Lov\u0107en-Berg, Haupt \u00fcber den Wolken h\u00f6her, unter dir betrachtet stolz alles Wunderbare, das die Natur schafft.\u201c<\/p>\n\n<h2 class=\"wp-block-heading\">Erholung und Zugang<\/h2>\n\n<p>Der beliebteste Sport an den hohen schneebedeckten H\u00e4ngen ist nordisches Skifahren. Andere beliebte Aktivit\u00e4ten sind Wandern und Spazierg\u00e4nge durch den Park. Es gibt auch einen kleinen Abenteuerpark in Ivanova Korita.<\/p>\n\n<h3 class=\"wp-block-heading\">Transport und Verbindung<\/h3>\n\n<p>Es gibt viel Busverkehr zwischen Cetinje, <a href=\"https:\/\/www.visit-montenegro.com\/de\/reiseziele\/bar\/\">Bar<\/a>, Budva und <a href=\"https:\/\/www.visit-montenegro.com\/de\/reiseziele\/podgorica\/\">Podgorica<\/a>. Es ist m\u00f6glich, ein Taxi zu mieten, das Passagiere in den Park bringt. F\u00fcr einen Besuch im Park nutzen die meisten G\u00e4ste eigene oder gemietete Autos.<\/p>\n","protected":false},"excerpt":{"rendered":"<p>Erkunden Sie den Nationalpark Lov\u0107en, einen majest\u00e4tischen montenegrinischen Schatz, der raue Berge, reiche Biodiversit\u00e4t und tiefes kulturelles Erbe vereint. Entdecken Sie sein ikonisches Mausoleum, vielf\u00e4ltige Lebensr\u00e4ume und Outdoor-Aktivit\u00e4ten in diesem malerischen Schutzgebiet.<\/p>\n","protected":false},"author":1,"featured_media":135027,"parent":134802,"menu_order":0,"comment_status":"closed","ping_status":"closed","template":"","meta":{"_yoast_wpseo_focuskw":"Nationalpark Lov\u0107en","_yoast_wpseo_metadesc":"Entdecken Sie den Nationalpark Lov\u0107en: Montenegros heiliger Berg mit atemberaubenden Landschaften, dem Njego\u0161-Mausoleum und vielf\u00e4ltiger Flora. Planen Sie Ihren Besuch f\u00fcr Wandern, Skifahren und Geschichte.","_kad_post_transparent":"","_kad_post_title":"","_kad_post_layout":"","_kad_post_sidebar_id":"","_kad_post_content_style":"","_kad_post_vertical_padding":"","_kad_post_feature":"","_kad_post_feature_position":"","_kad_post_header":false,"_kad_post_footer":false,"_kad_post_classname":"","iawp_total_views":27,"footnotes":""},"tags":[],"class_list":["post-135026","page","type-page","status-publish","has-post-thumbnail","hentry"],"yoast_head":"<!-- This site is optimized with the Yoast SEO plugin v27.3 - https:\/\/yoast.com\/product\/yoast-seo-wordpress\/ -->\n<title>Nationalpark Lov\u0107en - Visit Montenegro<\/title>\n<meta name=\"description\" content=\"Entdecken Sie den Nationalpark Lov\u0107en: Montenegros heiliger Berg mit atemberaubenden Landschaften, dem Njego\u0161-Mausoleum und vielf\u00e4ltiger Flora. Planen Sie Ihren Besuch f\u00fcr Wandern, Skifahren und Geschichte.\" \/>\n<meta name=\"robots\" content=\"index, follow, max-snippet:-1, max-image-preview:large, max-video-preview:-1\" \/>\n<link rel=\"canonical\" href=\"https:\/\/www.visit-montenegro.com\/de\/reiseziele\/cetinje\/sehenswuerdigkeiten\/lovcen\/\" \/>\n<meta property=\"og:locale\" content=\"de_DE\" \/>\n<meta property=\"og:type\" content=\"article\" \/>\n<meta property=\"og:title\" content=\"Nationalpark Lov\u0107en - Visit Montenegro\" \/>\n<meta property=\"og:description\" content=\"Entdecken Sie den Nationalpark Lov\u0107en: Montenegros heiliger Berg mit atemberaubenden Landschaften, dem Njego\u0161-Mausoleum und vielf\u00e4ltiger Flora. Planen Sie Ihren Besuch f\u00fcr Wandern, Skifahren und Geschichte.\" \/>\n<meta property=\"og:url\" content=\"https:\/\/www.visit-montenegro.com\/de\/reiseziele\/cetinje\/sehenswuerdigkeiten\/lovcen\/\" \/>\n<meta property=\"og:site_name\" content=\"Visit Montenegro\" \/>\n<meta property=\"article:publisher\" content=\"https:\/\/www.facebook.com\/visitmontenegro\" \/>\n<meta property=\"article:modified_time\" content=\"2026-02-22T16:09:07+00:00\" \/>\n<meta property=\"og:image\" content=\"https:\/\/www.visit-montenegro.com\/wp-content\/uploads\/2026\/01\/lovcen-scaled.jpg\" \/>\n\t<meta property=\"og:image:width\" content=\"1600\" \/>\n\t<meta property=\"og:image:height\" content=\"1200\" \/>\n\t<meta property=\"og:image:type\" content=\"image\/jpeg\" \/>\n<meta name=\"twitter:card\" content=\"summary_large_image\" \/>\n<meta name=\"twitter:site\" content=\"@visitmontenegro\" \/>\n<meta name=\"twitter:label1\" content=\"Gesch\u00e4tzte Lesezeit\" \/>\n\t<meta name=\"twitter:data1\" content=\"3\u00a0Minuten\" \/>\n<script type=\"application\/ld+json\" class=\"yoast-schema-graph\">{\"@context\":\"https:\\\/\\\/schema.org\",\"@graph\":[{\"@type\":\"WebPage\",\"@id\":\"https:\\\/\\\/www.visit-montenegro.com\\\/de\\\/reiseziele\\\/cetinje\\\/sehenswuerdigkeiten\\\/lovcen\\\/\",\"url\":\"https:\\\/\\\/www.visit-montenegro.com\\\/de\\\/reiseziele\\\/cetinje\\\/sehenswuerdigkeiten\\\/lovcen\\\/\",\"name\":\"Nationalpark Lov\u0107en - Visit Montenegro\",\"isPartOf\":{\"@id\":\"https:\\\/\\\/www.visit-montenegro.com\\\/de\\\/#website\"},\"primaryImageOfPage\":{\"@id\":\"https:\\\/\\\/www.visit-montenegro.com\\\/de\\\/reiseziele\\\/cetinje\\\/sehenswuerdigkeiten\\\/lovcen\\\/#primaryimage\"},\"image\":{\"@id\":\"https:\\\/\\\/www.visit-montenegro.com\\\/de\\\/reiseziele\\\/cetinje\\\/sehenswuerdigkeiten\\\/lovcen\\\/#primaryimage\"},\"thumbnailUrl\":\"https:\\\/\\\/www.visit-montenegro.com\\\/wp-content\\\/uploads\\\/2026\\\/01\\\/lovcen-scaled.jpg\",\"datePublished\":\"2026-01-27T20:44:32+00:00\",\"dateModified\":\"2026-02-22T16:09:07+00:00\",\"description\":\"Entdecken Sie den Nationalpark Lov\u0107en: Montenegros heiliger Berg mit atemberaubenden Landschaften, dem Njego\u0161-Mausoleum und vielf\u00e4ltiger Flora. Planen Sie Ihren Besuch f\u00fcr Wandern, Skifahren und Geschichte.\",\"breadcrumb\":{\"@id\":\"https:\\\/\\\/www.visit-montenegro.com\\\/de\\\/reiseziele\\\/cetinje\\\/sehenswuerdigkeiten\\\/lovcen\\\/#breadcrumb\"},\"inLanguage\":\"de\",\"potentialAction\":[{\"@type\":\"ReadAction\",\"target\":[\"https:\\\/\\\/www.visit-montenegro.com\\\/de\\\/reiseziele\\\/cetinje\\\/sehenswuerdigkeiten\\\/lovcen\\\/\"]}]},{\"@type\":\"ImageObject\",\"inLanguage\":\"de\",\"@id\":\"https:\\\/\\\/www.visit-montenegro.com\\\/de\\\/reiseziele\\\/cetinje\\\/sehenswuerdigkeiten\\\/lovcen\\\/#primaryimage\",\"url\":\"https:\\\/\\\/www.visit-montenegro.com\\\/wp-content\\\/uploads\\\/2026\\\/01\\\/lovcen-scaled.jpg\",\"contentUrl\":\"https:\\\/\\\/www.visit-montenegro.com\\\/wp-content\\\/uploads\\\/2026\\\/01\\\/lovcen-scaled.jpg\",\"width\":1600,\"height\":1200,\"caption\":\"Gipfel des Berges Lov\u0107en, Montenegro\"},{\"@type\":\"BreadcrumbList\",\"@id\":\"https:\\\/\\\/www.visit-montenegro.com\\\/de\\\/reiseziele\\\/cetinje\\\/sehenswuerdigkeiten\\\/lovcen\\\/#breadcrumb\",\"itemListElement\":[{\"@type\":\"ListItem\",\"position\":1,\"name\":\"Home\",\"item\":\"https:\\\/\\\/www.visit-montenegro.com\\\/de\\\/home\\\/\"},{\"@type\":\"ListItem\",\"position\":2,\"name\":\"Reiseziele in Montenegro\",\"item\":\"https:\\\/\\\/www.visit-montenegro.com\\\/de\\\/reiseziele\\\/\"},{\"@type\":\"ListItem\",\"position\":3,\"name\":\"Cetinje\",\"item\":\"https:\\\/\\\/www.visit-montenegro.com\\\/de\\\/reiseziele\\\/cetinje\\\/\"},{\"@type\":\"ListItem\",\"position\":4,\"name\":\"Cetinje Sehensw\u00fcrdigkeiten\",\"item\":\"https:\\\/\\\/www.visit-montenegro.com\\\/de\\\/reiseziele\\\/cetinje\\\/sehenswuerdigkeiten\\\/\"},{\"@type\":\"ListItem\",\"position\":5,\"name\":\"Nationalpark Lov\u0107en\"}]},{\"@type\":\"WebSite\",\"@id\":\"https:\\\/\\\/www.visit-montenegro.com\\\/de\\\/#website\",\"url\":\"https:\\\/\\\/www.visit-montenegro.com\\\/de\\\/\",\"name\":\"Visit Montenegro\",\"description\":\"Breathtaking beauty\",\"publisher\":{\"@id\":\"https:\\\/\\\/www.visit-montenegro.com\\\/de\\\/#organization\"},\"potentialAction\":[{\"@type\":\"SearchAction\",\"target\":{\"@type\":\"EntryPoint\",\"urlTemplate\":\"https:\\\/\\\/www.visit-montenegro.com\\\/de\\\/?s={search_term_string}\"},\"query-input\":{\"@type\":\"PropertyValueSpecification\",\"valueRequired\":true,\"valueName\":\"search_term_string\"}}],\"inLanguage\":\"de\"},{\"@type\":\"Organization\",\"@id\":\"https:\\\/\\\/www.visit-montenegro.com\\\/de\\\/#organization\",\"name\":\"Visit Montenegro\",\"url\":\"https:\\\/\\\/www.visit-montenegro.com\\\/de\\\/\",\"logo\":{\"@type\":\"ImageObject\",\"inLanguage\":\"de\",\"@id\":\"https:\\\/\\\/www.visit-montenegro.com\\\/de\\\/#\\\/schema\\\/logo\\\/image\\\/\",\"url\":\"https:\\\/\\\/www.visit-montenegro.com\\\/wp-content\\\/uploads\\\/2017\\\/10\\\/logo-amp.png\",\"contentUrl\":\"https:\\\/\\\/www.visit-montenegro.com\\\/wp-content\\\/uploads\\\/2017\\\/10\\\/logo-amp.png\",\"width\":190,\"height\":36,\"caption\":\"Visit Montenegro\"},\"image\":{\"@id\":\"https:\\\/\\\/www.visit-montenegro.com\\\/de\\\/#\\\/schema\\\/logo\\\/image\\\/\"},\"sameAs\":[\"https:\\\/\\\/www.facebook.com\\\/visitmontenegro\",\"https:\\\/\\\/x.com\\\/visitmontenegro\",\"https:\\\/\\\/www.instagram.com\\\/visit_montenegro\\\/\",\"https:\\\/\\\/www.youtube.com\\\/user\\\/VisitMontenegro\"]}]}<\/script>\n<!-- \/ Yoast SEO plugin. -->","yoast_head_json":{"title":"Nationalpark Lov\u0107en - Visit Montenegro","description":"Entdecken Sie den Nationalpark Lov\u0107en: Montenegros heiliger Berg mit atemberaubenden Landschaften, dem Njego\u0161-Mausoleum und vielf\u00e4ltiger Flora. Planen Sie Ihren Besuch f\u00fcr Wandern, Skifahren und Geschichte.","robots":{"index":"index","follow":"follow","max-snippet":"max-snippet:-1","max-image-preview":"max-image-preview:large","max-video-preview":"max-video-preview:-1"},"canonical":"https:\/\/www.visit-montenegro.com\/de\/reiseziele\/cetinje\/sehenswuerdigkeiten\/lovcen\/","og_locale":"de_DE","og_type":"article","og_title":"Nationalpark Lov\u0107en - Visit Montenegro","og_description":"Entdecken Sie den Nationalpark Lov\u0107en: Montenegros heiliger Berg mit atemberaubenden Landschaften, dem Njego\u0161-Mausoleum und vielf\u00e4ltiger Flora. Planen Sie Ihren Besuch f\u00fcr Wandern, Skifahren und Geschichte.","og_url":"https:\/\/www.visit-montenegro.com\/de\/reiseziele\/cetinje\/sehenswuerdigkeiten\/lovcen\/","og_site_name":"Visit Montenegro","article_publisher":"https:\/\/www.facebook.com\/visitmontenegro","article_modified_time":"2026-02-22T16:09:07+00:00","og_image":[{"width":1600,"height":1200,"url":"https:\/\/www.visit-montenegro.com\/wp-content\/uploads\/2026\/01\/lovcen-scaled.jpg","type":"image\/jpeg"}],"twitter_card":"summary_large_image","twitter_site":"@visitmontenegro","twitter_misc":{"Gesch\u00e4tzte Lesezeit":"3\u00a0Minuten"},"schema":{"@context":"https:\/\/schema.org","@graph":[{"@type":"WebPage","@id":"https:\/\/www.visit-montenegro.com\/de\/reiseziele\/cetinje\/sehenswuerdigkeiten\/lovcen\/","url":"https:\/\/www.visit-montenegro.com\/de\/reiseziele\/cetinje\/sehenswuerdigkeiten\/lovcen\/","name":"Nationalpark Lov\u0107en - Visit Montenegro","isPartOf":{"@id":"https:\/\/www.visit-montenegro.com\/de\/#website"},"primaryImageOfPage":{"@id":"https:\/\/www.visit-montenegro.com\/de\/reiseziele\/cetinje\/sehenswuerdigkeiten\/lovcen\/#primaryimage"},"image":{"@id":"https:\/\/www.visit-montenegro.com\/de\/reiseziele\/cetinje\/sehenswuerdigkeiten\/lovcen\/#primaryimage"},"thumbnailUrl":"https:\/\/www.visit-montenegro.com\/wp-content\/uploads\/2026\/01\/lovcen-scaled.jpg","datePublished":"2026-01-27T20:44:32+00:00","dateModified":"2026-02-22T16:09:07+00:00","description":"Entdecken Sie den Nationalpark Lov\u0107en: Montenegros heiliger Berg mit atemberaubenden Landschaften, dem Njego\u0161-Mausoleum und vielf\u00e4ltiger Flora. Planen Sie Ihren Besuch f\u00fcr Wandern, Skifahren und Geschichte.","breadcrumb":{"@id":"https:\/\/www.visit-montenegro.com\/de\/reiseziele\/cetinje\/sehenswuerdigkeiten\/lovcen\/#breadcrumb"},"inLanguage":"de","potentialAction":[{"@type":"ReadAction","target":["https:\/\/www.visit-montenegro.com\/de\/reiseziele\/cetinje\/sehenswuerdigkeiten\/lovcen\/"]}]},{"@type":"ImageObject","inLanguage":"de","@id":"https:\/\/www.visit-montenegro.com\/de\/reiseziele\/cetinje\/sehenswuerdigkeiten\/lovcen\/#primaryimage","url":"https:\/\/www.visit-montenegro.com\/wp-content\/uploads\/2026\/01\/lovcen-scaled.jpg","contentUrl":"https:\/\/www.visit-montenegro.com\/wp-content\/uploads\/2026\/01\/lovcen-scaled.jpg","width":1600,"height":1200,"caption":"Gipfel des Berges Lov\u0107en, Montenegro"},{"@type":"BreadcrumbList","@id":"https:\/\/www.visit-montenegro.com\/de\/reiseziele\/cetinje\/sehenswuerdigkeiten\/lovcen\/#breadcrumb","itemListElement":[{"@type":"ListItem","position":1,"name":"Home","item":"https:\/\/www.visit-montenegro.com\/de\/home\/"},{"@type":"ListItem","position":2,"name":"Reiseziele in Montenegro","item":"https:\/\/www.visit-montenegro.com\/de\/reiseziele\/"},{"@type":"ListItem","position":3,"name":"Cetinje","item":"https:\/\/www.visit-montenegro.com\/de\/reiseziele\/cetinje\/"},{"@type":"ListItem","position":4,"name":"Cetinje Sehensw\u00fcrdigkeiten","item":"https:\/\/www.visit-montenegro.com\/de\/reiseziele\/cetinje\/sehenswuerdigkeiten\/"},{"@type":"ListItem","position":5,"name":"Nationalpark Lov\u0107en"}]},{"@type":"WebSite","@id":"https:\/\/www.visit-montenegro.com\/de\/#website","url":"https:\/\/www.visit-montenegro.com\/de\/","name":"Visit Montenegro","description":"Breathtaking beauty","publisher":{"@id":"https:\/\/www.visit-montenegro.com\/de\/#organization"},"potentialAction":[{"@type":"SearchAction","target":{"@type":"EntryPoint","urlTemplate":"https:\/\/www.visit-montenegro.com\/de\/?s={search_term_string}"},"query-input":{"@type":"PropertyValueSpecification","valueRequired":true,"valueName":"search_term_string"}}],"inLanguage":"de"},{"@type":"Organization","@id":"https:\/\/www.visit-montenegro.com\/de\/#organization","name":"Visit Montenegro","url":"https:\/\/www.visit-montenegro.com\/de\/","logo":{"@type":"ImageObject","inLanguage":"de","@id":"https:\/\/www.visit-montenegro.com\/de\/#\/schema\/logo\/image\/","url":"https:\/\/www.visit-montenegro.com\/wp-content\/uploads\/2017\/10\/logo-amp.png","contentUrl":"https:\/\/www.visit-montenegro.com\/wp-content\/uploads\/2017\/10\/logo-amp.png","width":190,"height":36,"caption":"Visit Montenegro"},"image":{"@id":"https:\/\/www.visit-montenegro.com\/de\/#\/schema\/logo\/image\/"},"sameAs":["https:\/\/www.facebook.com\/visitmontenegro","https:\/\/x.com\/visitmontenegro","https:\/\/www.instagram.com\/visit_montenegro\/","https:\/\/www.youtube.com\/user\/VisitMontenegro"]}]}},"translations":[],"_links":{"self":[{"href":"https:\/\/www.visit-montenegro.com\/de\/wp-json\/wp\/v2\/pages\/135026","targetHints":{"allow":["GET"]}}],"collection":[{"href":"https:\/\/www.visit-montenegro.com\/de\/wp-json\/wp\/v2\/pages"}],"about":[{"href":"https:\/\/www.visit-montenegro.com\/de\/wp-json\/wp\/v2\/types\/page"}],"author":[{"embeddable":true,"href":"https:\/\/www.visit-montenegro.com\/de\/wp-json\/wp\/v2\/users\/1"}],"replies":[{"embeddable":true,"href":"https:\/\/www.visit-montenegro.com\/de\/wp-json\/wp\/v2\/comments?post=135026"}],"version-history":[{"count":0,"href":"https:\/\/www.visit-montenegro.com\/de\/wp-json\/wp\/v2\/pages\/135026\/revisions"}],"up":[{"embeddable":true,"href":"https:\/\/www.visit-montenegro.com\/de\/wp-json\/wp\/v2\/pages\/134802"}],"wp:featuredmedia":[{"embeddable":true,"href":"https:\/\/www.visit-montenegro.com\/de\/wp-json\/wp\/v2\/media\/135027"}],"wp:attachment":[{"href":"https:\/\/www.visit-montenegro.com\/de\/wp-json\/wp\/v2\/media?parent=135026"}],"wp:term":[{"taxonomy":"post_tag","embeddable":true,"href":"https:\/\/www.visit-montenegro.com\/de\/wp-json\/wp\/v2\/tags?post=135026"}],"curies":[{"name":"wp","href":"https:\/\/api.w.org\/{rel}","templated":true}]}}