{"id":135040,"date":"2026-01-27T21:44:32","date_gmt":"2026-01-27T20:44:32","guid":{"rendered":"https:\/\/new.visit-montenegro.com\/altstadt\/"},"modified":"2026-02-22T17:12:21","modified_gmt":"2026-02-22T16:12:21","slug":"altstadt","status":"publish","type":"page","link":"https:\/\/www.visit-montenegro.com\/de\/reiseziele\/ulcinj\/sehenswuerdigkeiten\/altstadt\/","title":{"rendered":"Ulcinj Altstadt"},"content":{"rendered":"\n<p>Die <a href=\"https:\/\/www.visit-montenegro.com\/de\/reiseziele\/ulcinj\/\">Ulcinj<\/a> Altstadt ist eine historische Festung an der K\u00fcste Montenegros, die mittelalterliche Steinmauern, ein reiches kulturelles Erbe und Geschichten von Piraten und Legenden bietet, was sie zu einem bedeutenden Denkmal und UNESCO-Kandidaten macht.<\/p>\n\n<hr class=\"wp-block-separator has-alpha-channel-opacity\"\/>\n\n<p><strong>Die Ulcinj Altstadt<\/strong> \u00e4hnelt vielen anderen mittelalterlichen St\u00e4dten an der montenegrinischen K\u00fcste. Sie ist von gro\u00dfen Steinmauern und Festungen umgeben, die seit Jahrhunderten die H\u00fcter der Geschichte, Kultur und Tradition von Ulcinj sind. Einheimische beschreiben sie als eine Festung von einzigartiger Sch\u00f6nheit. Die Bollwerke, die sie umgeben, ragen direkt aus dem Meer und bedecken eine Fl\u00e4che von 3 Hektar. Sie bestehen aus einer Zitadelle \u2013 einem Teil, der noch als Oberstadt bezeichnet wird \u2013 und einer Festung milit\u00e4rischen Charakters, die auf dem h\u00f6chsten Steinplateau liegt, sowie einer Stadtgemeinschaft, die den s\u00fcdlichen Bereich umgibt und von Verteidigungsmauern umgeben ist. Es wird angenommen, dass die wahren Erbauer der <strong>Ulcinj Altstadt<\/strong> Griechen aus Epirus waren, die die Stadt Ende des 5. und Anfang des 4. Jahrhunderts v. Chr. erbauten.<\/p>\n\n<p>Diese Periode kann als die Entstehung der Stadt betrachtet werden, wie eine Inschrift auf dem Sockel f\u00fcr das Bildnis der G\u00f6ttin Ara bezeugt, die lautet: \u201eDie Vereinigung der Steinmetze (errichtet) f\u00fcr Artemis Elafavoli (eine Jagdg\u00f6ttin)\u201c. Dies f\u00fchrt zu der Tatsache, dass die \u201eZyklopen\u201c-Mauern, wie sie noch genannt werden, die Bollwerke von Ulcinj, von griechischen Steinmetzen errichtet wurden. Die von den Griechen erbaute Stadt wurde im 5. Jahrhundert durch ein Erdbeben zerst\u00f6rt, sodass f\u00fcr das heutige Aussehen der <strong>Ulcinj Altstadt<\/strong> haupts\u00e4chlich die R\u00f6mer verantwortlich sind, die im 6. Jahrhundert eine neue Stadt erbauten.<\/p>\n\n<h2 class=\"wp-block-heading\">Historische und kulturelle Bedeutung<\/h2>\n\n<p>Viele Geschichten sind mit der <strong>Ulcinj Altstadt<\/strong> verbunden. Bis zum Jahr 1900 lebten 100 Schwarze in Ulcinj. Die Ankunft der ersten Menschen mit dunkler Hautfarbe ist am bedeutendsten in der Zeit, als Ulcinj, damals Port <a href=\"https:\/\/www.visit-montenegro.com\/de\/reiseziele\/ulcinj\/sehenswuerdigkeiten\/valdanos\/\">Valdanos<\/a>, ein Piratenasyl war. Aufgrund des Handels mit Sklaven aus Mittelmeerl\u00e4ndern tr\u00e4gt der Hauptplatz in Ulcinj noch heute den Namen Sklavenplatz.<\/p>\n\n<figure class=\"wp-block-image size-large\"><img loading=\"lazy\" decoding=\"async\" width=\"1024\" height=\"708\" src=\"https:\/\/www.visit-montenegro.com\/wp-content\/uploads\/2026\/01\/ulcinj-old-town-stairs-1024x708.jpg\" alt=\"\" class=\"wp-image-36238\" srcset=\"https:\/\/www.visit-montenegro.com\/wp-content\/uploads\/2026\/01\/ulcinj-old-town-stairs-1024x708.jpg 1024w, https:\/\/www.visit-montenegro.com\/wp-content\/uploads\/2026\/01\/ulcinj-old-town-stairs-300x208.jpg 300w, https:\/\/www.visit-montenegro.com\/wp-content\/uploads\/2026\/01\/ulcinj-old-town-stairs-768x531.jpg 768w, https:\/\/www.visit-montenegro.com\/wp-content\/uploads\/2026\/01\/ulcinj-old-town-stairs-1536x1062.jpg 1536w, https:\/\/www.visit-montenegro.com\/wp-content\/uploads\/2026\/01\/ulcinj-old-town-stairs-1200x830.jpg 1200w, https:\/\/www.visit-montenegro.com\/wp-content\/uploads\/2026\/01\/ulcinj-old-town-stairs-scaled.jpg 1600w\" sizes=\"auto, (max-width: 1024px) 100vw, 1024px\" \/><figcaption class=\"wp-element-caption\">Treppen und Steinbogen in der Ulcinj Altstadt, Montenegro<\/figcaption><\/figure>\n\n<p>Dar\u00fcber hinaus kann man noch heute die Geschichte h\u00f6ren, dass der ber\u00fchmte spanische Schriftsteller Miguel de Cervantes einer der gefangenen Piraten und Sklaven in Ulcinj war. Cervantes verbrachte 5 Jahre in Ulcinj. Sp\u00e4ter, nach seiner R\u00fcckkehr in seine Heimat, schrieb Cervantes sein ber\u00fchmtes Werk namens \u201eDon Quijote\u201c. Es wird vermutet, dass zwei weibliche Figuren, die in diesem Werk erw\u00e4hnt werden, genau von Cervantes&#8216; Gefangenschaft in der <strong>Ulcinj Altstadt<\/strong> inspiriert sind.<\/p>\n\n<p><strong>Die Ulcinj Altstadt<\/strong> stellt ein echtes Nest des kulturell-historischen Erbes von Ulcinj dar. Neben dem Nordtor der Stadt, auf dem zentralen Plateau, befindet sich ein Museumskomplex. Dort gibt es auch eine Kirche, eine Moschee, heute ein Museum, in dem alle relevanten Dokumente und Entdeckungen aufbewahrt werden. Zu den bemerkenswerten Exponaten geh\u00f6ren: ein antiker Sockel mit einer Inschrift an die griechische G\u00f6ttin Artemis, ein antikes Kameo mit dem Bild einer G\u00f6ttin mit Helm und 2 \u00c4xte aus der Bronzezeit. In der Sammlung von Steinobjekten sind ein ionisches Kapitell, Teile der Kleinen Kirche aus dem 9. Jahrhundert und eine F\u00fclle von Objekten aus der T\u00fcrkenzeit erhalten.<\/p>\n\n<figure class=\"wp-block-image size-large\"><img loading=\"lazy\" decoding=\"async\" width=\"1024\" height=\"683\" src=\"https:\/\/www.visit-montenegro.com\/wp-content\/uploads\/2026\/01\/ulcinj-archeological-museum-1024x683.jpg\" alt=\"\" class=\"wp-image-36227\" srcset=\"https:\/\/www.visit-montenegro.com\/wp-content\/uploads\/2026\/01\/ulcinj-archeological-museum-1024x683.jpg 1024w, https:\/\/www.visit-montenegro.com\/wp-content\/uploads\/2026\/01\/ulcinj-archeological-museum-300x200.jpg 300w, https:\/\/www.visit-montenegro.com\/wp-content\/uploads\/2026\/01\/ulcinj-archeological-museum-768x512.jpg 768w, https:\/\/www.visit-montenegro.com\/wp-content\/uploads\/2026\/01\/ulcinj-archeological-museum-1536x1024.jpg 1536w, https:\/\/www.visit-montenegro.com\/wp-content\/uploads\/2026\/01\/ulcinj-archeological-museum-1200x800.jpg 1200w, https:\/\/www.visit-montenegro.com\/wp-content\/uploads\/2026\/01\/ulcinj-archeological-museum-scaled.jpg 1600w\" sizes=\"auto, (max-width: 1024px) 100vw, 1024px\" \/><figcaption class=\"wp-element-caption\">Arch\u00e4ologisches Museum in der Altstadt, Ulcinj, Montenegro<\/figcaption><\/figure>\n\n<h3 class=\"wp-block-heading\">Architektonische Merkmale<\/h3>\n\n<p>Hinter dem alten Ulcinj-Museum befindet sich ein \u201eTurm Balsici\u201c, dessen Raum teilweise als Galerie genutzt wurde. Der \u201eTurm Balsici\u201c gilt als eines der repr\u00e4sentativsten Objekte der mittelalterlichen Architektur in Montenegro. Vor dem Turm liegt ein Kleiner oder Sklavenplatz, der von Gew\u00f6lben (Kasematten) umschlossen ist. In der N\u00e4he befindet sich eine hohe Mauer, besser bekannt als Balani, aus der venezianischen \u00c4ra. Vor dem Eingang zum Museum befindet sich eine Rampe \u201eRavelin\u201c (\u00e4u\u00dferer Teil der Befestigung, geformt wie eine Mondsichel oder Halbmond, normalerweise vor dem mittleren Bollwerk und zwischen Brustwehren platziert) und ein t\u00fcrkischer Brunnen von 1749.<\/p>\n\n<p>Nur wenige Meter vom Hauptplatz entfernt befindet sich das Ethnologische Museum von Ulcinj. Es besitzt eine \u00e4u\u00dferst reiche Sammlung von Exponaten. Von dort f\u00fchren viele Gassen zum oberen Plateau der alten Stadtfestung. Vor dem S\u00fcdeingang der Stadt befinden sich die Fundamente einer ehemaligen orthodoxen Kirche der Heiligen Muttergottes aus dem 12. Jahrhundert, die sp\u00e4ter in eine katholische Kirche des Heiligen Markus umgewandelt wurde. In der N\u00e4he der Kirche befindet sich auch ein gro\u00dfer venezianischer Zisternen. Etwas weiter entfernt ist ein t\u00fcrkisches Pulvermagazin aus dem 18. Jahrhundert. In der N\u00e4he befindet sich ein \u00e4u\u00dferst luxuri\u00f6ses Geb\u00e4ude \u201ePalata Venecija\u201c (\u201ePalast Venedig\u201c), an dessen Stelle fr\u00fcher \u00dcberreste eines alten Geb\u00e4udes standen, sodass angenommen wird, dass im Geb\u00e4ude \u201ePalata Venecija\u201c zur Zeit der Venezianischen Republik die Residenz der Stadtverwalter war.<\/p>\n\n<p>Aufgrund der Sch\u00f6nheit, des Luxus und der Funktionalit\u00e4t nutzten die montenegrinischen Herrscher Balsici den Palast als Residenz und Hof. In der unmittelbaren N\u00e4he des Palastes befindet sich ein gro\u00dfes venezianisches Geb\u00e4ude, \u201eDvori Balsica\u201c aus dem 14. Jahrhundert \u2013 heute eine bekannte Hotelanlage.<\/p>\n\n<figure class=\"wp-block-image size-large\"><img loading=\"lazy\" decoding=\"async\" width=\"1024\" height=\"684\" src=\"https:\/\/www.visit-montenegro.com\/wp-content\/uploads\/2026\/01\/ulcinj-old-town-window-1024x684.jpg\" alt=\"\" class=\"wp-image-36239\" srcset=\"https:\/\/www.visit-montenegro.com\/wp-content\/uploads\/2026\/01\/ulcinj-old-town-window-1024x684.jpg 1024w, https:\/\/www.visit-montenegro.com\/wp-content\/uploads\/2026\/01\/ulcinj-old-town-window-300x200.jpg 300w, https:\/\/www.visit-montenegro.com\/wp-content\/uploads\/2026\/01\/ulcinj-old-town-window-768x513.jpg 768w, https:\/\/www.visit-montenegro.com\/wp-content\/uploads\/2026\/01\/ulcinj-old-town-window-1536x1026.jpg 1536w, https:\/\/www.visit-montenegro.com\/wp-content\/uploads\/2026\/01\/ulcinj-old-town-window-1200x801.jpg 1200w, https:\/\/www.visit-montenegro.com\/wp-content\/uploads\/2026\/01\/ulcinj-old-town-window-scaled.jpg 1600w\" sizes=\"auto, (max-width: 1024px) 100vw, 1024px\" \/><figcaption class=\"wp-element-caption\">Blick auf das Meer vom Festungsfenster in der Altstadt Ulcinj, Montenegro<\/figcaption><\/figure>\n\n<h3 class=\"wp-block-heading\">Legenden und Traditionen<\/h3>\n\n<p>Vor dem Eingang in die <strong>Ulcinj Altstadt<\/strong> befindet sich eine Grabkammer, die ein spezifisches Merkmal der Herrschaftszeit des Osmanischen Reiches ist. Einer Legende nach zeugt die Grabkammer von einem Duell zweier Br\u00fcder oder Freunde um die Liebe einer Frau. Nach dieser Geschichte k\u00e4mpften zwei M\u00e4nner bis zum Tod, damit der Sieger in diesem Duell die Liebe der geliebten Frau gewinnen w\u00fcrde. Unf\u00e4hig, eine Entscheidung zu treffen, und nicht einmal in der Lage, ihren Kampf bis zum Tod zu beobachten, sprang die junge Frau laut Legende vom Haus und setzte ihrem Leben ein Ende. Dennoch wurde der Kampf der jungen M\u00e4nner, die zu dieser Zeit im ehemaligen Ulcinj hoch angesehen waren, fortgesetzt. Einer von ihnen starb im Kampf, und der andere starb nicht lange nach dem ersten. Die Grabkammer \u2013 an der Stelle ihres Kampfes \u2013 stellt eine Heiligkeit dar, die \u2013 gem\u00e4\u00df dem Volksglauben \u2013 strahlt und heilt.<\/p>\n\n<p>Zahlreiche Menschen aus Ulcinj und auch Touristen, die durch die <strong>Ulcinj Altstadt<\/strong> gehen, die noch heute mit Stangen eingez\u00e4unt ist, werfen eine M\u00fcnze f\u00fcr Gl\u00fcck hinein.<\/p>\n\n<p><strong>Die Ulcinj Altstadt<\/strong> bleibt trotz zahlreicher Sch\u00e4den an der S\u00fcdseite und minderwertiger kommunaler Infrastruktur ein Denkmal der Kategorie I und ein Kandidat f\u00fcr den UNESCO-Schutz.<\/p>\n","protected":false},"excerpt":{"rendered":"<p>Erkunden Sie die Ulcinj Altstadt, eine mittelalterliche Festung an der K\u00fcste Montenegros mit reicher Geschichte, Piratengeschichten und kulturellen Sch\u00e4tzen. Entdecken Sie ihre griechischen und r\u00f6mischen Urspr\u00fcnge, Legenden und ihren Status als UNESCO-Kandidat.<\/p>\n","protected":false},"author":1,"featured_media":134809,"parent":135045,"menu_order":0,"comment_status":"closed","ping_status":"closed","template":"","meta":{"_yoast_wpseo_focuskw":"Ulcinj Altstadt","_yoast_wpseo_metadesc":"Entdecken Sie den mittelalterlichen Charme, die Piratengeschichte und das kulturelle Erbe der Ulcinj Altstadt in Montenegro. Erkunden Sie ihre Geschichten, Architektur und UNESCO-Kandidatur f\u00fcr einen unvergesslichen Besuch.","_kad_post_transparent":"","_kad_post_title":"","_kad_post_layout":"","_kad_post_sidebar_id":"","_kad_post_content_style":"","_kad_post_vertical_padding":"","_kad_post_feature":"","_kad_post_feature_position":"","_kad_post_header":false,"_kad_post_footer":false,"_kad_post_classname":"","iawp_total_views":8,"footnotes":""},"tags":[],"class_list":["post-135040","page","type-page","status-publish","has-post-thumbnail","hentry"],"yoast_head":"<!-- This site is optimized with the Yoast SEO plugin v27.3 - https:\/\/yoast.com\/product\/yoast-seo-wordpress\/ -->\n<title>Ulcinj Altstadt - Visit Montenegro<\/title>\n<meta name=\"description\" content=\"Entdecken Sie den mittelalterlichen Charme, die Piratengeschichte und das kulturelle Erbe der Ulcinj Altstadt in Montenegro. Erkunden Sie ihre Geschichten, Architektur und UNESCO-Kandidatur f\u00fcr einen unvergesslichen Besuch.\" \/>\n<meta name=\"robots\" content=\"index, follow, max-snippet:-1, max-image-preview:large, max-video-preview:-1\" \/>\n<link rel=\"canonical\" href=\"https:\/\/www.visit-montenegro.com\/de\/reiseziele\/ulcinj\/sehenswuerdigkeiten\/altstadt\/\" \/>\n<meta property=\"og:locale\" content=\"de_DE\" \/>\n<meta property=\"og:type\" content=\"article\" \/>\n<meta property=\"og:title\" content=\"Ulcinj Altstadt - Visit Montenegro\" \/>\n<meta property=\"og:description\" content=\"Entdecken Sie den mittelalterlichen Charme, die Piratengeschichte und das kulturelle Erbe der Ulcinj Altstadt in Montenegro. Erkunden Sie ihre Geschichten, Architektur und UNESCO-Kandidatur f\u00fcr einen unvergesslichen Besuch.\" \/>\n<meta property=\"og:url\" content=\"https:\/\/www.visit-montenegro.com\/de\/reiseziele\/ulcinj\/sehenswuerdigkeiten\/altstadt\/\" \/>\n<meta property=\"og:site_name\" content=\"Visit Montenegro\" \/>\n<meta property=\"article:publisher\" content=\"https:\/\/www.facebook.com\/visitmontenegro\" \/>\n<meta property=\"article:modified_time\" content=\"2026-02-22T16:12:21+00:00\" \/>\n<meta property=\"og:image\" content=\"https:\/\/www.visit-montenegro.com\/wp-content\/uploads\/2026\/01\/ulcinj-old-town-scaled.jpg\" \/>\n\t<meta property=\"og:image:width\" content=\"1600\" \/>\n\t<meta property=\"og:image:height\" content=\"945\" \/>\n\t<meta property=\"og:image:type\" content=\"image\/jpeg\" \/>\n<meta name=\"twitter:card\" content=\"summary_large_image\" \/>\n<meta name=\"twitter:site\" content=\"@visitmontenegro\" \/>\n<meta name=\"twitter:label1\" content=\"Gesch\u00e4tzte Lesezeit\" \/>\n\t<meta name=\"twitter:data1\" content=\"5\u00a0Minuten\" \/>\n<script type=\"application\/ld+json\" class=\"yoast-schema-graph\">{\"@context\":\"https:\\\/\\\/schema.org\",\"@graph\":[{\"@type\":\"WebPage\",\"@id\":\"https:\\\/\\\/www.visit-montenegro.com\\\/de\\\/reiseziele\\\/ulcinj\\\/sehenswuerdigkeiten\\\/altstadt\\\/\",\"url\":\"https:\\\/\\\/www.visit-montenegro.com\\\/de\\\/reiseziele\\\/ulcinj\\\/sehenswuerdigkeiten\\\/altstadt\\\/\",\"name\":\"Ulcinj Altstadt - Visit Montenegro\",\"isPartOf\":{\"@id\":\"https:\\\/\\\/www.visit-montenegro.com\\\/de\\\/#website\"},\"primaryImageOfPage\":{\"@id\":\"https:\\\/\\\/www.visit-montenegro.com\\\/de\\\/reiseziele\\\/ulcinj\\\/sehenswuerdigkeiten\\\/altstadt\\\/#primaryimage\"},\"image\":{\"@id\":\"https:\\\/\\\/www.visit-montenegro.com\\\/de\\\/reiseziele\\\/ulcinj\\\/sehenswuerdigkeiten\\\/altstadt\\\/#primaryimage\"},\"thumbnailUrl\":\"https:\\\/\\\/www.visit-montenegro.com\\\/wp-content\\\/uploads\\\/2026\\\/01\\\/ulcinj-old-town-scaled.jpg\",\"datePublished\":\"2026-01-27T20:44:32+00:00\",\"dateModified\":\"2026-02-22T16:12:21+00:00\",\"description\":\"Entdecken Sie den mittelalterlichen Charme, die Piratengeschichte und das kulturelle Erbe der Ulcinj Altstadt in Montenegro. Erkunden Sie ihre Geschichten, Architektur und UNESCO-Kandidatur f\u00fcr einen unvergesslichen Besuch.\",\"breadcrumb\":{\"@id\":\"https:\\\/\\\/www.visit-montenegro.com\\\/de\\\/reiseziele\\\/ulcinj\\\/sehenswuerdigkeiten\\\/altstadt\\\/#breadcrumb\"},\"inLanguage\":\"de\",\"potentialAction\":[{\"@type\":\"ReadAction\",\"target\":[\"https:\\\/\\\/www.visit-montenegro.com\\\/de\\\/reiseziele\\\/ulcinj\\\/sehenswuerdigkeiten\\\/altstadt\\\/\"]}]},{\"@type\":\"ImageObject\",\"inLanguage\":\"de\",\"@id\":\"https:\\\/\\\/www.visit-montenegro.com\\\/de\\\/reiseziele\\\/ulcinj\\\/sehenswuerdigkeiten\\\/altstadt\\\/#primaryimage\",\"url\":\"https:\\\/\\\/www.visit-montenegro.com\\\/wp-content\\\/uploads\\\/2026\\\/01\\\/ulcinj-old-town-scaled.jpg\",\"contentUrl\":\"https:\\\/\\\/www.visit-montenegro.com\\\/wp-content\\\/uploads\\\/2026\\\/01\\\/ulcinj-old-town-scaled.jpg\",\"width\":1600,\"height\":945,\"caption\":\"Altstadt von Ulcinj, Montenegro\"},{\"@type\":\"BreadcrumbList\",\"@id\":\"https:\\\/\\\/www.visit-montenegro.com\\\/de\\\/reiseziele\\\/ulcinj\\\/sehenswuerdigkeiten\\\/altstadt\\\/#breadcrumb\",\"itemListElement\":[{\"@type\":\"ListItem\",\"position\":1,\"name\":\"Home\",\"item\":\"https:\\\/\\\/www.visit-montenegro.com\\\/de\\\/home\\\/\"},{\"@type\":\"ListItem\",\"position\":2,\"name\":\"Reiseziele in Montenegro\",\"item\":\"https:\\\/\\\/www.visit-montenegro.com\\\/de\\\/reiseziele\\\/\"},{\"@type\":\"ListItem\",\"position\":3,\"name\":\"Ulcinj\",\"item\":\"https:\\\/\\\/www.visit-montenegro.com\\\/de\\\/reiseziele\\\/ulcinj\\\/\"},{\"@type\":\"ListItem\",\"position\":4,\"name\":\"Ulcinj Sehensw\u00fcrdigkeiten\",\"item\":\"https:\\\/\\\/www.visit-montenegro.com\\\/de\\\/reiseziele\\\/ulcinj\\\/sehenswuerdigkeiten\\\/\"},{\"@type\":\"ListItem\",\"position\":5,\"name\":\"Ulcinj Altstadt\"}]},{\"@type\":\"WebSite\",\"@id\":\"https:\\\/\\\/www.visit-montenegro.com\\\/de\\\/#website\",\"url\":\"https:\\\/\\\/www.visit-montenegro.com\\\/de\\\/\",\"name\":\"Visit Montenegro\",\"description\":\"Breathtaking beauty\",\"publisher\":{\"@id\":\"https:\\\/\\\/www.visit-montenegro.com\\\/de\\\/#organization\"},\"potentialAction\":[{\"@type\":\"SearchAction\",\"target\":{\"@type\":\"EntryPoint\",\"urlTemplate\":\"https:\\\/\\\/www.visit-montenegro.com\\\/de\\\/?s={search_term_string}\"},\"query-input\":{\"@type\":\"PropertyValueSpecification\",\"valueRequired\":true,\"valueName\":\"search_term_string\"}}],\"inLanguage\":\"de\"},{\"@type\":\"Organization\",\"@id\":\"https:\\\/\\\/www.visit-montenegro.com\\\/de\\\/#organization\",\"name\":\"Visit Montenegro\",\"url\":\"https:\\\/\\\/www.visit-montenegro.com\\\/de\\\/\",\"logo\":{\"@type\":\"ImageObject\",\"inLanguage\":\"de\",\"@id\":\"https:\\\/\\\/www.visit-montenegro.com\\\/de\\\/#\\\/schema\\\/logo\\\/image\\\/\",\"url\":\"https:\\\/\\\/www.visit-montenegro.com\\\/wp-content\\\/uploads\\\/2017\\\/10\\\/logo-amp.png\",\"contentUrl\":\"https:\\\/\\\/www.visit-montenegro.com\\\/wp-content\\\/uploads\\\/2017\\\/10\\\/logo-amp.png\",\"width\":190,\"height\":36,\"caption\":\"Visit Montenegro\"},\"image\":{\"@id\":\"https:\\\/\\\/www.visit-montenegro.com\\\/de\\\/#\\\/schema\\\/logo\\\/image\\\/\"},\"sameAs\":[\"https:\\\/\\\/www.facebook.com\\\/visitmontenegro\",\"https:\\\/\\\/x.com\\\/visitmontenegro\",\"https:\\\/\\\/www.instagram.com\\\/visit_montenegro\\\/\",\"https:\\\/\\\/www.youtube.com\\\/user\\\/VisitMontenegro\"]}]}<\/script>\n<!-- \/ Yoast SEO plugin. -->","yoast_head_json":{"title":"Ulcinj Altstadt - Visit Montenegro","description":"Entdecken Sie den mittelalterlichen Charme, die Piratengeschichte und das kulturelle Erbe der Ulcinj Altstadt in Montenegro. Erkunden Sie ihre Geschichten, Architektur und UNESCO-Kandidatur f\u00fcr einen unvergesslichen Besuch.","robots":{"index":"index","follow":"follow","max-snippet":"max-snippet:-1","max-image-preview":"max-image-preview:large","max-video-preview":"max-video-preview:-1"},"canonical":"https:\/\/www.visit-montenegro.com\/de\/reiseziele\/ulcinj\/sehenswuerdigkeiten\/altstadt\/","og_locale":"de_DE","og_type":"article","og_title":"Ulcinj Altstadt - Visit Montenegro","og_description":"Entdecken Sie den mittelalterlichen Charme, die Piratengeschichte und das kulturelle Erbe der Ulcinj Altstadt in Montenegro. Erkunden Sie ihre Geschichten, Architektur und UNESCO-Kandidatur f\u00fcr einen unvergesslichen Besuch.","og_url":"https:\/\/www.visit-montenegro.com\/de\/reiseziele\/ulcinj\/sehenswuerdigkeiten\/altstadt\/","og_site_name":"Visit Montenegro","article_publisher":"https:\/\/www.facebook.com\/visitmontenegro","article_modified_time":"2026-02-22T16:12:21+00:00","og_image":[{"width":1600,"height":945,"url":"https:\/\/www.visit-montenegro.com\/wp-content\/uploads\/2026\/01\/ulcinj-old-town-scaled.jpg","type":"image\/jpeg"}],"twitter_card":"summary_large_image","twitter_site":"@visitmontenegro","twitter_misc":{"Gesch\u00e4tzte Lesezeit":"5\u00a0Minuten"},"schema":{"@context":"https:\/\/schema.org","@graph":[{"@type":"WebPage","@id":"https:\/\/www.visit-montenegro.com\/de\/reiseziele\/ulcinj\/sehenswuerdigkeiten\/altstadt\/","url":"https:\/\/www.visit-montenegro.com\/de\/reiseziele\/ulcinj\/sehenswuerdigkeiten\/altstadt\/","name":"Ulcinj Altstadt - Visit Montenegro","isPartOf":{"@id":"https:\/\/www.visit-montenegro.com\/de\/#website"},"primaryImageOfPage":{"@id":"https:\/\/www.visit-montenegro.com\/de\/reiseziele\/ulcinj\/sehenswuerdigkeiten\/altstadt\/#primaryimage"},"image":{"@id":"https:\/\/www.visit-montenegro.com\/de\/reiseziele\/ulcinj\/sehenswuerdigkeiten\/altstadt\/#primaryimage"},"thumbnailUrl":"https:\/\/www.visit-montenegro.com\/wp-content\/uploads\/2026\/01\/ulcinj-old-town-scaled.jpg","datePublished":"2026-01-27T20:44:32+00:00","dateModified":"2026-02-22T16:12:21+00:00","description":"Entdecken Sie den mittelalterlichen Charme, die Piratengeschichte und das kulturelle Erbe der Ulcinj Altstadt in Montenegro. Erkunden Sie ihre Geschichten, Architektur und UNESCO-Kandidatur f\u00fcr einen unvergesslichen Besuch.","breadcrumb":{"@id":"https:\/\/www.visit-montenegro.com\/de\/reiseziele\/ulcinj\/sehenswuerdigkeiten\/altstadt\/#breadcrumb"},"inLanguage":"de","potentialAction":[{"@type":"ReadAction","target":["https:\/\/www.visit-montenegro.com\/de\/reiseziele\/ulcinj\/sehenswuerdigkeiten\/altstadt\/"]}]},{"@type":"ImageObject","inLanguage":"de","@id":"https:\/\/www.visit-montenegro.com\/de\/reiseziele\/ulcinj\/sehenswuerdigkeiten\/altstadt\/#primaryimage","url":"https:\/\/www.visit-montenegro.com\/wp-content\/uploads\/2026\/01\/ulcinj-old-town-scaled.jpg","contentUrl":"https:\/\/www.visit-montenegro.com\/wp-content\/uploads\/2026\/01\/ulcinj-old-town-scaled.jpg","width":1600,"height":945,"caption":"Altstadt von Ulcinj, Montenegro"},{"@type":"BreadcrumbList","@id":"https:\/\/www.visit-montenegro.com\/de\/reiseziele\/ulcinj\/sehenswuerdigkeiten\/altstadt\/#breadcrumb","itemListElement":[{"@type":"ListItem","position":1,"name":"Home","item":"https:\/\/www.visit-montenegro.com\/de\/home\/"},{"@type":"ListItem","position":2,"name":"Reiseziele in Montenegro","item":"https:\/\/www.visit-montenegro.com\/de\/reiseziele\/"},{"@type":"ListItem","position":3,"name":"Ulcinj","item":"https:\/\/www.visit-montenegro.com\/de\/reiseziele\/ulcinj\/"},{"@type":"ListItem","position":4,"name":"Ulcinj Sehensw\u00fcrdigkeiten","item":"https:\/\/www.visit-montenegro.com\/de\/reiseziele\/ulcinj\/sehenswuerdigkeiten\/"},{"@type":"ListItem","position":5,"name":"Ulcinj Altstadt"}]},{"@type":"WebSite","@id":"https:\/\/www.visit-montenegro.com\/de\/#website","url":"https:\/\/www.visit-montenegro.com\/de\/","name":"Visit Montenegro","description":"Breathtaking beauty","publisher":{"@id":"https:\/\/www.visit-montenegro.com\/de\/#organization"},"potentialAction":[{"@type":"SearchAction","target":{"@type":"EntryPoint","urlTemplate":"https:\/\/www.visit-montenegro.com\/de\/?s={search_term_string}"},"query-input":{"@type":"PropertyValueSpecification","valueRequired":true,"valueName":"search_term_string"}}],"inLanguage":"de"},{"@type":"Organization","@id":"https:\/\/www.visit-montenegro.com\/de\/#organization","name":"Visit Montenegro","url":"https:\/\/www.visit-montenegro.com\/de\/","logo":{"@type":"ImageObject","inLanguage":"de","@id":"https:\/\/www.visit-montenegro.com\/de\/#\/schema\/logo\/image\/","url":"https:\/\/www.visit-montenegro.com\/wp-content\/uploads\/2017\/10\/logo-amp.png","contentUrl":"https:\/\/www.visit-montenegro.com\/wp-content\/uploads\/2017\/10\/logo-amp.png","width":190,"height":36,"caption":"Visit Montenegro"},"image":{"@id":"https:\/\/www.visit-montenegro.com\/de\/#\/schema\/logo\/image\/"},"sameAs":["https:\/\/www.facebook.com\/visitmontenegro","https:\/\/x.com\/visitmontenegro","https:\/\/www.instagram.com\/visit_montenegro\/","https:\/\/www.youtube.com\/user\/VisitMontenegro"]}]}},"translations":[],"_links":{"self":[{"href":"https:\/\/www.visit-montenegro.com\/de\/wp-json\/wp\/v2\/pages\/135040","targetHints":{"allow":["GET"]}}],"collection":[{"href":"https:\/\/www.visit-montenegro.com\/de\/wp-json\/wp\/v2\/pages"}],"about":[{"href":"https:\/\/www.visit-montenegro.com\/de\/wp-json\/wp\/v2\/types\/page"}],"author":[{"embeddable":true,"href":"https:\/\/www.visit-montenegro.com\/de\/wp-json\/wp\/v2\/users\/1"}],"replies":[{"embeddable":true,"href":"https:\/\/www.visit-montenegro.com\/de\/wp-json\/wp\/v2\/comments?post=135040"}],"version-history":[{"count":0,"href":"https:\/\/www.visit-montenegro.com\/de\/wp-json\/wp\/v2\/pages\/135040\/revisions"}],"up":[{"embeddable":true,"href":"https:\/\/www.visit-montenegro.com\/de\/wp-json\/wp\/v2\/pages\/135045"}],"wp:featuredmedia":[{"embeddable":true,"href":"https:\/\/www.visit-montenegro.com\/de\/wp-json\/wp\/v2\/media\/134809"}],"wp:attachment":[{"href":"https:\/\/www.visit-montenegro.com\/de\/wp-json\/wp\/v2\/media?parent=135040"}],"wp:term":[{"taxonomy":"post_tag","embeddable":true,"href":"https:\/\/www.visit-montenegro.com\/de\/wp-json\/wp\/v2\/tags?post=135040"}],"curies":[{"name":"wp","href":"https:\/\/api.w.org\/{rel}","templated":true}]}}