{"id":135045,"date":"2026-01-27T21:44:32","date_gmt":"2026-01-27T20:44:32","guid":{"rendered":"https:\/\/new.visit-montenegro.com\/attractions\/"},"modified":"2026-02-23T11:41:40","modified_gmt":"2026-02-23T10:41:40","slug":"sehenswuerdigkeiten","status":"publish","type":"page","link":"https:\/\/www.visit-montenegro.com\/de\/reiseziele\/ulcinj\/sehenswuerdigkeiten\/","title":{"rendered":"Ulcinj Sehensw\u00fcrdigkeiten"},"content":{"rendered":"\n<p><a href=\"https:\/\/www.visit-montenegro.com\/de\/reiseziele\/ulcinj\/\">Ulcinj<\/a> Sehensw\u00fcrdigkeiten bieten eine faszinierende Mischung aus Geschichte, Natur und Abenteuer entlang der montenegrinischen K\u00fcste, von mittelalterlichen Festungen bis zu unber\u00fchrten Str\u00e4nden und einzigartigen Inseln.<\/p>\n\n<hr class=\"wp-block-separator has-alpha-channel-opacity\"\/>\n\n<div class=\"wp-block-query is-layout-flow wp-block-query-is-layout-flow\"><ul class=\"wp-block-post-template is-layout-flow wp-block-post-template-is-layout-flow\"><li class=\"wp-block-post post-135040 page type-page status-publish has-post-thumbnail hentry\">\n<h2 class=\"wp-block-post-title\"><a href=\"https:\/\/www.visit-montenegro.com\/de\/reiseziele\/ulcinj\/sehenswuerdigkeiten\/altstadt\/\" target=\"_self\" >Ulcinj Altstadt<\/a><\/h2>\n\n<figure class=\"alignwide wp-block-post-featured-image\"><a href=\"https:\/\/www.visit-montenegro.com\/de\/reiseziele\/ulcinj\/sehenswuerdigkeiten\/altstadt\/\" target=\"_self\"  ><img loading=\"lazy\" decoding=\"async\" width=\"1200\" height=\"709\" src=\"https:\/\/www.visit-montenegro.com\/wp-content\/uploads\/2026\/01\/ulcinj-old-town-1200x709.jpg\" class=\"attachment-post-thumbnail size-post-thumbnail wp-post-image\" alt=\"Ulcinj Altstadt\" style=\"object-fit:cover;\" srcset=\"https:\/\/www.visit-montenegro.com\/wp-content\/uploads\/2026\/01\/ulcinj-old-town-1200x709.jpg 1200w, https:\/\/www.visit-montenegro.com\/wp-content\/uploads\/2026\/01\/ulcinj-old-town-300x177.jpg 300w, https:\/\/www.visit-montenegro.com\/wp-content\/uploads\/2026\/01\/ulcinj-old-town-1024x605.jpg 1024w, https:\/\/www.visit-montenegro.com\/wp-content\/uploads\/2026\/01\/ulcinj-old-town-768x454.jpg 768w, https:\/\/www.visit-montenegro.com\/wp-content\/uploads\/2026\/01\/ulcinj-old-town-1536x907.jpg 1536w, https:\/\/www.visit-montenegro.com\/wp-content\/uploads\/2026\/01\/ulcinj-old-town-scaled.jpg 1600w\" sizes=\"auto, (max-width: 1200px) 100vw, 1200px\" \/><\/a><\/figure>\n\n<div class=\"wp-block-post-excerpt\"><p class=\"wp-block-post-excerpt__excerpt\">Erkunden Sie die Ulcinj Altstadt, eine mittelalterliche Festung an der K\u00fcste Montenegros mit reicher Geschichte, Piratengeschichten und kulturellen Sch\u00e4tzen. Entdecken Sie ihre griechischen und r\u00f6mischen Urspr\u00fcnge, Legenden und ihren Status als UNESCO-Kandidat.<\/p><p class=\"wp-block-post-excerpt__more-text\"><a class=\"wp-block-post-excerpt__more-link\" href=\"https:\/\/www.visit-montenegro.com\/de\/reiseziele\/ulcinj\/sehenswuerdigkeiten\/altstadt\/\"><strong>Weiterlesen<\/strong><\/a><\/p><\/div>\n\n\n<hr class=\"wp-block-separator has-css-opacity\" style=\"margin-top:var(--wp--preset--spacing--70);margin-bottom:var(--wp--preset--spacing--70)\"\/>\n\n<\/li><li class=\"wp-block-post post-135050 page type-page status-publish has-post-thumbnail hentry\">\n<h2 class=\"wp-block-post-title\"><a href=\"https:\/\/www.visit-montenegro.com\/de\/reiseziele\/ulcinj\/sehenswuerdigkeiten\/ada-bojana\/\" target=\"_self\" >Ada Bojana<\/a><\/h2>\n\n<figure class=\"alignwide wp-block-post-featured-image\"><a href=\"https:\/\/www.visit-montenegro.com\/de\/reiseziele\/ulcinj\/sehenswuerdigkeiten\/ada-bojana\/\" target=\"_self\"  ><img loading=\"lazy\" decoding=\"async\" width=\"1200\" height=\"900\" src=\"https:\/\/www.visit-montenegro.com\/wp-content\/uploads\/2026\/01\/ulcinj-bojana-ada-1200x900.jpg\" class=\"attachment-post-thumbnail size-post-thumbnail wp-post-image\" alt=\"Ada Bojana\" style=\"object-fit:cover;\" srcset=\"https:\/\/www.visit-montenegro.com\/wp-content\/uploads\/2026\/01\/ulcinj-bojana-ada-1200x900.jpg 1200w, https:\/\/www.visit-montenegro.com\/wp-content\/uploads\/2026\/01\/ulcinj-bojana-ada-300x225.jpg 300w, https:\/\/www.visit-montenegro.com\/wp-content\/uploads\/2026\/01\/ulcinj-bojana-ada-1024x768.jpg 1024w, https:\/\/www.visit-montenegro.com\/wp-content\/uploads\/2026\/01\/ulcinj-bojana-ada-768x576.jpg 768w, https:\/\/www.visit-montenegro.com\/wp-content\/uploads\/2026\/01\/ulcinj-bojana-ada-1536x1152.jpg 1536w, https:\/\/www.visit-montenegro.com\/wp-content\/uploads\/2026\/01\/ulcinj-bojana-ada-scaled.jpg 1600w\" sizes=\"auto, (max-width: 1200px) 100vw, 1200px\" \/><\/a><\/figure>\n\n<div class=\"wp-block-post-excerpt\"><p class=\"wp-block-post-excerpt__excerpt\">Entdecken Sie Ada Bojana, Montenegros k\u00fcnstliches Inselparadies, das aus einem Schiffswrack entstanden ist. Genie\u00dfen Sie lange Sandstr\u00e4nde, Nudistenbereiche und friedliche Sonnenunterg\u00e4nge in einer einzigartigen nat\u00fcrlichen Umgebung. Perfekt zum Entspannen, f\u00fcr Wassersport und zum Verbinden mit unber\u00fchrter Sch\u00f6nheit.<\/p><p class=\"wp-block-post-excerpt__more-text\"><a class=\"wp-block-post-excerpt__more-link\" href=\"https:\/\/www.visit-montenegro.com\/de\/reiseziele\/ulcinj\/sehenswuerdigkeiten\/ada-bojana\/\"><strong>Weiterlesen<\/strong><\/a><\/p><\/div>\n\n\n<hr class=\"wp-block-separator has-css-opacity\" style=\"margin-top:var(--wp--preset--spacing--70);margin-bottom:var(--wp--preset--spacing--70)\"\/>\n\n<\/li><li class=\"wp-block-post post-135056 page type-page status-publish has-post-thumbnail hentry\">\n<h2 class=\"wp-block-post-title\"><a href=\"https:\/\/www.visit-montenegro.com\/de\/reiseziele\/ulcinj\/sehenswuerdigkeiten\/long-beach\/\" target=\"_self\" >Langer Strand<\/a><\/h2>\n\n<figure class=\"alignwide wp-block-post-featured-image\"><a href=\"https:\/\/www.visit-montenegro.com\/de\/reiseziele\/ulcinj\/sehenswuerdigkeiten\/long-beach\/\" target=\"_self\"  ><img loading=\"lazy\" decoding=\"async\" width=\"1200\" height=\"726\" src=\"https:\/\/www.visit-montenegro.com\/wp-content\/uploads\/2026\/01\/ulcinj-long-beach-kites-1200x726.jpg\" class=\"attachment-post-thumbnail size-post-thumbnail wp-post-image\" alt=\"Langer Strand\" style=\"object-fit:cover;\" srcset=\"https:\/\/www.visit-montenegro.com\/wp-content\/uploads\/2026\/01\/ulcinj-long-beach-kites-1200x726.jpg 1200w, https:\/\/www.visit-montenegro.com\/wp-content\/uploads\/2026\/01\/ulcinj-long-beach-kites-300x182.jpg 300w, https:\/\/www.visit-montenegro.com\/wp-content\/uploads\/2026\/01\/ulcinj-long-beach-kites-1024x620.jpg 1024w, https:\/\/www.visit-montenegro.com\/wp-content\/uploads\/2026\/01\/ulcinj-long-beach-kites-768x465.jpg 768w, https:\/\/www.visit-montenegro.com\/wp-content\/uploads\/2026\/01\/ulcinj-long-beach-kites-1536x930.jpg 1536w, https:\/\/www.visit-montenegro.com\/wp-content\/uploads\/2026\/01\/ulcinj-long-beach-kites-scaled.jpg 1600w\" sizes=\"auto, (max-width: 1200px) 100vw, 1200px\" \/><\/a><\/figure>\n\n<div class=\"wp-block-post-excerpt\"><p class=\"wp-block-post-excerpt__excerpt\">Entdecken Sie den Langen Strand, die mit 13 km l\u00e4ngste Sandstrecke der Adria, perfekt f\u00fcr Kitesurfen und Windsurfen. Erkunden Sie in der N\u00e4he Ada Bojana, eine einzigartige Insel ideal zur Entspannung und f\u00fcr Nudismus.<\/p><p class=\"wp-block-post-excerpt__more-text\"><a class=\"wp-block-post-excerpt__more-link\" href=\"https:\/\/www.visit-montenegro.com\/de\/reiseziele\/ulcinj\/sehenswuerdigkeiten\/long-beach\/\"><strong>Weiterlesen<\/strong><\/a><\/p><\/div>\n\n\n<hr class=\"wp-block-separator has-css-opacity\" style=\"margin-top:var(--wp--preset--spacing--70);margin-bottom:var(--wp--preset--spacing--70)\"\/>\n\n<\/li><li class=\"wp-block-post post-135064 page type-page status-publish has-post-thumbnail hentry\">\n<h2 class=\"wp-block-post-title\"><a href=\"https:\/\/www.visit-montenegro.com\/de\/reiseziele\/ulcinj\/sehenswuerdigkeiten\/valdanos\/\" target=\"_self\" >Valdanos<\/a><\/h2>\n\n<figure class=\"alignwide wp-block-post-featured-image\"><a href=\"https:\/\/www.visit-montenegro.com\/de\/reiseziele\/ulcinj\/sehenswuerdigkeiten\/valdanos\/\" target=\"_self\"  ><img loading=\"lazy\" decoding=\"async\" width=\"1200\" height=\"801\" src=\"https:\/\/www.visit-montenegro.com\/wp-content\/uploads\/2026\/01\/ulcinj-valdanos-olive-trees-1200x801.jpg\" class=\"attachment-post-thumbnail size-post-thumbnail wp-post-image\" alt=\"Valdanos\" style=\"object-fit:cover;\" srcset=\"https:\/\/www.visit-montenegro.com\/wp-content\/uploads\/2026\/01\/ulcinj-valdanos-olive-trees-1200x801.jpg 1200w, https:\/\/www.visit-montenegro.com\/wp-content\/uploads\/2026\/01\/ulcinj-valdanos-olive-trees-300x200.jpg 300w, https:\/\/www.visit-montenegro.com\/wp-content\/uploads\/2026\/01\/ulcinj-valdanos-olive-trees-1024x684.jpg 1024w, https:\/\/www.visit-montenegro.com\/wp-content\/uploads\/2026\/01\/ulcinj-valdanos-olive-trees-768x513.jpg 768w, https:\/\/www.visit-montenegro.com\/wp-content\/uploads\/2026\/01\/ulcinj-valdanos-olive-trees-1536x1026.jpg 1536w, https:\/\/www.visit-montenegro.com\/wp-content\/uploads\/2026\/01\/ulcinj-valdanos-olive-trees-scaled.jpg 1600w\" sizes=\"auto, (max-width: 1200px) 100vw, 1200px\" \/><\/a><\/figure>\n\n<div class=\"wp-block-post-excerpt\"><p class=\"wp-block-post-excerpt__excerpt\">Entdecken Sie Valdanos, eine historische Bucht bei Ulcinj mit uralten Olivenhainen und einem Kiesstrand. Ideal zum Schwimmen, Erkunden der Piratengeschichte und Besuchen des \u00e4ltesten Leuchtturms Montenegros. Perfekt f\u00fcr Naturliebhaber und Abenteurer.<\/p><p class=\"wp-block-post-excerpt__more-text\"><a class=\"wp-block-post-excerpt__more-link\" href=\"https:\/\/www.visit-montenegro.com\/de\/reiseziele\/ulcinj\/sehenswuerdigkeiten\/valdanos\/\"><strong>Weiterlesen<\/strong><\/a><\/p><\/div>\n\n\n<hr class=\"wp-block-separator has-css-opacity\" style=\"margin-top:var(--wp--preset--spacing--70);margin-bottom:var(--wp--preset--spacing--70)\"\/>\n\n<\/li><\/ul><\/div>\n","protected":false},"excerpt":{"rendered":"<p>Entdecken Sie die Top-Sehensw\u00fcrdigkeiten von Ulcinj, vom mittelalterlichen Charme der Ulcinj Altstadt bis zu den Naturwundern von Ada Bojana und Long Beach. Erkunden Sie historische St\u00e4tten und unber\u00fchrte Landschaften, die dieses K\u00fcstenziel unvergesslich machen.<\/p>\n","protected":false},"author":1,"featured_media":135046,"parent":135080,"menu_order":0,"comment_status":"closed","ping_status":"closed","template":"","meta":{"_yoast_wpseo_focuskw":"Ulcinj Sehensw\u00fcrdigkeiten","_yoast_wpseo_metadesc":"Entdecken Sie Ulcinj Sehensw\u00fcrdigkeiten: mittelalterliche Altstadt, ruhige Ada Bojana Insel, Long Beach f\u00fcr Kitesurfen und historische Valdanos Bucht. Planen Sie noch heute Ihr perfektes montenegrinisches Abenteuer!","_kad_post_transparent":"","_kad_post_title":"","_kad_post_layout":"","_kad_post_sidebar_id":"","_kad_post_content_style":"","_kad_post_vertical_padding":"","_kad_post_feature":"","_kad_post_feature_position":"","_kad_post_header":false,"_kad_post_footer":false,"_kad_post_classname":"","iawp_total_views":6,"footnotes":""},"tags":[],"class_list":["post-135045","page","type-page","status-publish","has-post-thumbnail","hentry"],"yoast_head":"<!-- This site is optimized with the Yoast SEO plugin v27.3 - https:\/\/yoast.com\/product\/yoast-seo-wordpress\/ -->\n<title>Ulcinj Sehensw\u00fcrdigkeiten - Visit Montenegro<\/title>\n<meta name=\"description\" content=\"Entdecken Sie Ulcinj Sehensw\u00fcrdigkeiten: mittelalterliche Altstadt, ruhige Ada Bojana Insel, Long Beach f\u00fcr Kitesurfen und historische Valdanos Bucht. Planen Sie noch heute Ihr perfektes montenegrinisches Abenteuer!\" \/>\n<meta name=\"robots\" content=\"index, follow, max-snippet:-1, max-image-preview:large, max-video-preview:-1\" \/>\n<link rel=\"canonical\" href=\"https:\/\/www.visit-montenegro.com\/de\/reiseziele\/ulcinj\/sehenswuerdigkeiten\/\" \/>\n<meta property=\"og:locale\" content=\"de_DE\" \/>\n<meta property=\"og:type\" content=\"article\" \/>\n<meta property=\"og:title\" content=\"Ulcinj Sehensw\u00fcrdigkeiten - Visit Montenegro\" \/>\n<meta property=\"og:description\" content=\"Entdecken Sie Ulcinj Sehensw\u00fcrdigkeiten: mittelalterliche Altstadt, ruhige Ada Bojana Insel, Long Beach f\u00fcr Kitesurfen und historische Valdanos Bucht. Planen Sie noch heute Ihr perfektes montenegrinisches Abenteuer!\" \/>\n<meta property=\"og:url\" content=\"https:\/\/www.visit-montenegro.com\/de\/reiseziele\/ulcinj\/sehenswuerdigkeiten\/\" \/>\n<meta property=\"og:site_name\" content=\"Visit Montenegro\" \/>\n<meta property=\"article:publisher\" content=\"https:\/\/www.facebook.com\/visitmontenegro\" \/>\n<meta property=\"article:modified_time\" content=\"2026-02-23T10:41:40+00:00\" \/>\n<meta property=\"og:image\" content=\"https:\/\/www.visit-montenegro.com\/wp-content\/uploads\/2026\/01\/ulcinj-aerial-scaled.jpg\" \/>\n\t<meta property=\"og:image:width\" content=\"1600\" \/>\n\t<meta property=\"og:image:height\" content=\"1067\" \/>\n\t<meta property=\"og:image:type\" content=\"image\/jpeg\" \/>\n<meta name=\"twitter:card\" content=\"summary_large_image\" \/>\n<meta name=\"twitter:site\" content=\"@visitmontenegro\" \/>\n<script type=\"application\/ld+json\" class=\"yoast-schema-graph\">{\"@context\":\"https:\\\/\\\/schema.org\",\"@graph\":[{\"@type\":\"WebPage\",\"@id\":\"https:\\\/\\\/www.visit-montenegro.com\\\/de\\\/reiseziele\\\/ulcinj\\\/sehenswuerdigkeiten\\\/\",\"url\":\"https:\\\/\\\/www.visit-montenegro.com\\\/de\\\/reiseziele\\\/ulcinj\\\/sehenswuerdigkeiten\\\/\",\"name\":\"Ulcinj Sehensw\u00fcrdigkeiten - Visit Montenegro\",\"isPartOf\":{\"@id\":\"https:\\\/\\\/www.visit-montenegro.com\\\/de\\\/#website\"},\"primaryImageOfPage\":{\"@id\":\"https:\\\/\\\/www.visit-montenegro.com\\\/de\\\/reiseziele\\\/ulcinj\\\/sehenswuerdigkeiten\\\/#primaryimage\"},\"image\":{\"@id\":\"https:\\\/\\\/www.visit-montenegro.com\\\/de\\\/reiseziele\\\/ulcinj\\\/sehenswuerdigkeiten\\\/#primaryimage\"},\"thumbnailUrl\":\"https:\\\/\\\/www.visit-montenegro.com\\\/wp-content\\\/uploads\\\/2026\\\/01\\\/ulcinj-aerial-scaled.jpg\",\"datePublished\":\"2026-01-27T20:44:32+00:00\",\"dateModified\":\"2026-02-23T10:41:40+00:00\",\"description\":\"Entdecken Sie Ulcinj Sehensw\u00fcrdigkeiten: mittelalterliche Altstadt, ruhige Ada Bojana Insel, Long Beach f\u00fcr Kitesurfen und historische Valdanos Bucht. Planen Sie noch heute Ihr perfektes montenegrinisches Abenteuer!\",\"breadcrumb\":{\"@id\":\"https:\\\/\\\/www.visit-montenegro.com\\\/de\\\/reiseziele\\\/ulcinj\\\/sehenswuerdigkeiten\\\/#breadcrumb\"},\"inLanguage\":\"de\",\"potentialAction\":[{\"@type\":\"ReadAction\",\"target\":[\"https:\\\/\\\/www.visit-montenegro.com\\\/de\\\/reiseziele\\\/ulcinj\\\/sehenswuerdigkeiten\\\/\"]}]},{\"@type\":\"ImageObject\",\"inLanguage\":\"de\",\"@id\":\"https:\\\/\\\/www.visit-montenegro.com\\\/de\\\/reiseziele\\\/ulcinj\\\/sehenswuerdigkeiten\\\/#primaryimage\",\"url\":\"https:\\\/\\\/www.visit-montenegro.com\\\/wp-content\\\/uploads\\\/2026\\\/01\\\/ulcinj-aerial-scaled.jpg\",\"contentUrl\":\"https:\\\/\\\/www.visit-montenegro.com\\\/wp-content\\\/uploads\\\/2026\\\/01\\\/ulcinj-aerial-scaled.jpg\",\"width\":1600,\"height\":1067,\"caption\":\"Luftaufnahme der Altstadt von Ulcinj - der s\u00fcdlichsten Stadt Montenegros.\"},{\"@type\":\"BreadcrumbList\",\"@id\":\"https:\\\/\\\/www.visit-montenegro.com\\\/de\\\/reiseziele\\\/ulcinj\\\/sehenswuerdigkeiten\\\/#breadcrumb\",\"itemListElement\":[{\"@type\":\"ListItem\",\"position\":1,\"name\":\"Home\",\"item\":\"https:\\\/\\\/www.visit-montenegro.com\\\/de\\\/home\\\/\"},{\"@type\":\"ListItem\",\"position\":2,\"name\":\"Reiseziele in Montenegro\",\"item\":\"https:\\\/\\\/www.visit-montenegro.com\\\/de\\\/reiseziele\\\/\"},{\"@type\":\"ListItem\",\"position\":3,\"name\":\"Ulcinj\",\"item\":\"https:\\\/\\\/www.visit-montenegro.com\\\/de\\\/reiseziele\\\/ulcinj\\\/\"},{\"@type\":\"ListItem\",\"position\":4,\"name\":\"Ulcinj Sehensw\u00fcrdigkeiten\"}]},{\"@type\":\"WebSite\",\"@id\":\"https:\\\/\\\/www.visit-montenegro.com\\\/de\\\/#website\",\"url\":\"https:\\\/\\\/www.visit-montenegro.com\\\/de\\\/\",\"name\":\"Visit Montenegro\",\"description\":\"Breathtaking beauty\",\"publisher\":{\"@id\":\"https:\\\/\\\/www.visit-montenegro.com\\\/de\\\/#organization\"},\"potentialAction\":[{\"@type\":\"SearchAction\",\"target\":{\"@type\":\"EntryPoint\",\"urlTemplate\":\"https:\\\/\\\/www.visit-montenegro.com\\\/de\\\/?s={search_term_string}\"},\"query-input\":{\"@type\":\"PropertyValueSpecification\",\"valueRequired\":true,\"valueName\":\"search_term_string\"}}],\"inLanguage\":\"de\"},{\"@type\":\"Organization\",\"@id\":\"https:\\\/\\\/www.visit-montenegro.com\\\/de\\\/#organization\",\"name\":\"Visit Montenegro\",\"url\":\"https:\\\/\\\/www.visit-montenegro.com\\\/de\\\/\",\"logo\":{\"@type\":\"ImageObject\",\"inLanguage\":\"de\",\"@id\":\"https:\\\/\\\/www.visit-montenegro.com\\\/de\\\/#\\\/schema\\\/logo\\\/image\\\/\",\"url\":\"https:\\\/\\\/www.visit-montenegro.com\\\/wp-content\\\/uploads\\\/2017\\\/10\\\/logo-amp.png\",\"contentUrl\":\"https:\\\/\\\/www.visit-montenegro.com\\\/wp-content\\\/uploads\\\/2017\\\/10\\\/logo-amp.png\",\"width\":190,\"height\":36,\"caption\":\"Visit Montenegro\"},\"image\":{\"@id\":\"https:\\\/\\\/www.visit-montenegro.com\\\/de\\\/#\\\/schema\\\/logo\\\/image\\\/\"},\"sameAs\":[\"https:\\\/\\\/www.facebook.com\\\/visitmontenegro\",\"https:\\\/\\\/x.com\\\/visitmontenegro\",\"https:\\\/\\\/www.instagram.com\\\/visit_montenegro\\\/\",\"https:\\\/\\\/www.youtube.com\\\/user\\\/VisitMontenegro\"]}]}<\/script>\n<!-- \/ Yoast SEO plugin. -->","yoast_head_json":{"title":"Ulcinj Sehensw\u00fcrdigkeiten - Visit Montenegro","description":"Entdecken Sie Ulcinj Sehensw\u00fcrdigkeiten: mittelalterliche Altstadt, ruhige Ada Bojana Insel, Long Beach f\u00fcr Kitesurfen und historische Valdanos Bucht. Planen Sie noch heute Ihr perfektes montenegrinisches Abenteuer!","robots":{"index":"index","follow":"follow","max-snippet":"max-snippet:-1","max-image-preview":"max-image-preview:large","max-video-preview":"max-video-preview:-1"},"canonical":"https:\/\/www.visit-montenegro.com\/de\/reiseziele\/ulcinj\/sehenswuerdigkeiten\/","og_locale":"de_DE","og_type":"article","og_title":"Ulcinj Sehensw\u00fcrdigkeiten - Visit Montenegro","og_description":"Entdecken Sie Ulcinj Sehensw\u00fcrdigkeiten: mittelalterliche Altstadt, ruhige Ada Bojana Insel, Long Beach f\u00fcr Kitesurfen und historische Valdanos Bucht. Planen Sie noch heute Ihr perfektes montenegrinisches Abenteuer!","og_url":"https:\/\/www.visit-montenegro.com\/de\/reiseziele\/ulcinj\/sehenswuerdigkeiten\/","og_site_name":"Visit Montenegro","article_publisher":"https:\/\/www.facebook.com\/visitmontenegro","article_modified_time":"2026-02-23T10:41:40+00:00","og_image":[{"width":1600,"height":1067,"url":"https:\/\/www.visit-montenegro.com\/wp-content\/uploads\/2026\/01\/ulcinj-aerial-scaled.jpg","type":"image\/jpeg"}],"twitter_card":"summary_large_image","twitter_site":"@visitmontenegro","schema":{"@context":"https:\/\/schema.org","@graph":[{"@type":"WebPage","@id":"https:\/\/www.visit-montenegro.com\/de\/reiseziele\/ulcinj\/sehenswuerdigkeiten\/","url":"https:\/\/www.visit-montenegro.com\/de\/reiseziele\/ulcinj\/sehenswuerdigkeiten\/","name":"Ulcinj Sehensw\u00fcrdigkeiten - Visit Montenegro","isPartOf":{"@id":"https:\/\/www.visit-montenegro.com\/de\/#website"},"primaryImageOfPage":{"@id":"https:\/\/www.visit-montenegro.com\/de\/reiseziele\/ulcinj\/sehenswuerdigkeiten\/#primaryimage"},"image":{"@id":"https:\/\/www.visit-montenegro.com\/de\/reiseziele\/ulcinj\/sehenswuerdigkeiten\/#primaryimage"},"thumbnailUrl":"https:\/\/www.visit-montenegro.com\/wp-content\/uploads\/2026\/01\/ulcinj-aerial-scaled.jpg","datePublished":"2026-01-27T20:44:32+00:00","dateModified":"2026-02-23T10:41:40+00:00","description":"Entdecken Sie Ulcinj Sehensw\u00fcrdigkeiten: mittelalterliche Altstadt, ruhige Ada Bojana Insel, Long Beach f\u00fcr Kitesurfen und historische Valdanos Bucht. Planen Sie noch heute Ihr perfektes montenegrinisches Abenteuer!","breadcrumb":{"@id":"https:\/\/www.visit-montenegro.com\/de\/reiseziele\/ulcinj\/sehenswuerdigkeiten\/#breadcrumb"},"inLanguage":"de","potentialAction":[{"@type":"ReadAction","target":["https:\/\/www.visit-montenegro.com\/de\/reiseziele\/ulcinj\/sehenswuerdigkeiten\/"]}]},{"@type":"ImageObject","inLanguage":"de","@id":"https:\/\/www.visit-montenegro.com\/de\/reiseziele\/ulcinj\/sehenswuerdigkeiten\/#primaryimage","url":"https:\/\/www.visit-montenegro.com\/wp-content\/uploads\/2026\/01\/ulcinj-aerial-scaled.jpg","contentUrl":"https:\/\/www.visit-montenegro.com\/wp-content\/uploads\/2026\/01\/ulcinj-aerial-scaled.jpg","width":1600,"height":1067,"caption":"Luftaufnahme der Altstadt von Ulcinj - der s\u00fcdlichsten Stadt Montenegros."},{"@type":"BreadcrumbList","@id":"https:\/\/www.visit-montenegro.com\/de\/reiseziele\/ulcinj\/sehenswuerdigkeiten\/#breadcrumb","itemListElement":[{"@type":"ListItem","position":1,"name":"Home","item":"https:\/\/www.visit-montenegro.com\/de\/home\/"},{"@type":"ListItem","position":2,"name":"Reiseziele in Montenegro","item":"https:\/\/www.visit-montenegro.com\/de\/reiseziele\/"},{"@type":"ListItem","position":3,"name":"Ulcinj","item":"https:\/\/www.visit-montenegro.com\/de\/reiseziele\/ulcinj\/"},{"@type":"ListItem","position":4,"name":"Ulcinj Sehensw\u00fcrdigkeiten"}]},{"@type":"WebSite","@id":"https:\/\/www.visit-montenegro.com\/de\/#website","url":"https:\/\/www.visit-montenegro.com\/de\/","name":"Visit Montenegro","description":"Breathtaking beauty","publisher":{"@id":"https:\/\/www.visit-montenegro.com\/de\/#organization"},"potentialAction":[{"@type":"SearchAction","target":{"@type":"EntryPoint","urlTemplate":"https:\/\/www.visit-montenegro.com\/de\/?s={search_term_string}"},"query-input":{"@type":"PropertyValueSpecification","valueRequired":true,"valueName":"search_term_string"}}],"inLanguage":"de"},{"@type":"Organization","@id":"https:\/\/www.visit-montenegro.com\/de\/#organization","name":"Visit Montenegro","url":"https:\/\/www.visit-montenegro.com\/de\/","logo":{"@type":"ImageObject","inLanguage":"de","@id":"https:\/\/www.visit-montenegro.com\/de\/#\/schema\/logo\/image\/","url":"https:\/\/www.visit-montenegro.com\/wp-content\/uploads\/2017\/10\/logo-amp.png","contentUrl":"https:\/\/www.visit-montenegro.com\/wp-content\/uploads\/2017\/10\/logo-amp.png","width":190,"height":36,"caption":"Visit Montenegro"},"image":{"@id":"https:\/\/www.visit-montenegro.com\/de\/#\/schema\/logo\/image\/"},"sameAs":["https:\/\/www.facebook.com\/visitmontenegro","https:\/\/x.com\/visitmontenegro","https:\/\/www.instagram.com\/visit_montenegro\/","https:\/\/www.youtube.com\/user\/VisitMontenegro"]}]}},"translations":[],"_links":{"self":[{"href":"https:\/\/www.visit-montenegro.com\/de\/wp-json\/wp\/v2\/pages\/135045","targetHints":{"allow":["GET"]}}],"collection":[{"href":"https:\/\/www.visit-montenegro.com\/de\/wp-json\/wp\/v2\/pages"}],"about":[{"href":"https:\/\/www.visit-montenegro.com\/de\/wp-json\/wp\/v2\/types\/page"}],"author":[{"embeddable":true,"href":"https:\/\/www.visit-montenegro.com\/de\/wp-json\/wp\/v2\/users\/1"}],"replies":[{"embeddable":true,"href":"https:\/\/www.visit-montenegro.com\/de\/wp-json\/wp\/v2\/comments?post=135045"}],"version-history":[{"count":0,"href":"https:\/\/www.visit-montenegro.com\/de\/wp-json\/wp\/v2\/pages\/135045\/revisions"}],"up":[{"embeddable":true,"href":"https:\/\/www.visit-montenegro.com\/de\/wp-json\/wp\/v2\/pages\/135080"}],"wp:featuredmedia":[{"embeddable":true,"href":"https:\/\/www.visit-montenegro.com\/de\/wp-json\/wp\/v2\/media\/135046"}],"wp:attachment":[{"href":"https:\/\/www.visit-montenegro.com\/de\/wp-json\/wp\/v2\/media?parent=135045"}],"wp:term":[{"taxonomy":"post_tag","embeddable":true,"href":"https:\/\/www.visit-montenegro.com\/de\/wp-json\/wp\/v2\/tags?post=135045"}],"curies":[{"name":"wp","href":"https:\/\/api.w.org\/{rel}","templated":true}]}}