{"id":135050,"date":"2026-01-27T21:44:32","date_gmt":"2026-01-27T20:44:32","guid":{"rendered":"https:\/\/new.visit-montenegro.com\/attractions\/ada-bojana\/"},"modified":"2026-02-22T17:12:21","modified_gmt":"2026-02-22T16:12:21","slug":"ada-bojana","status":"publish","type":"page","link":"https:\/\/www.visit-montenegro.com\/de\/reiseziele\/ulcinj\/sehenswuerdigkeiten\/ada-bojana\/","title":{"rendered":"Ada Bojana"},"content":{"rendered":"\n<p>Ada Bojana ist eine k\u00fcnstliche Insel, die im 19. Jahrhundert entstand, als das Schiff &#8222;Merito&#8220; auf Grund lief, und durch jahrelange Flusssedimentation zu dem wurde, was viele heute als Paradies auf Erden betrachten.<\/p>\n\n<p>Folglich ist <strong>Ada Bojana<\/strong> Montenegros ber\u00fchmtestes touristisches Juwel. Sein Nudistenbereich, geschickt vor neugierigen Blicken verborgen, wird auf zwei Seiten vom sch\u00f6nen Fluss Bojana und auf der dritten vom klarsten Meerwasser umgeben. Viele raten: &#8222;Wenn Sie jemals von einem Sommerurlaub in den Kost\u00fcmen von Adam und Eva tr\u00e4umen, ist <strong>Ada Bojana<\/strong> die richtige Wahl.&#8220;<\/p>\n\n<figure class=\"wp-block-image size-large\"><img loading=\"lazy\" decoding=\"async\" width=\"1024\" height=\"650\" src=\"https:\/\/www.visit-montenegro.com\/wp-content\/uploads\/2026\/01\/ulcinj-bojana-1024x650.jpg\" alt=\"\" class=\"wp-image-36228\" srcset=\"https:\/\/www.visit-montenegro.com\/wp-content\/uploads\/2026\/01\/ulcinj-bojana-1024x650.jpg 1024w, https:\/\/www.visit-montenegro.com\/wp-content\/uploads\/2026\/01\/ulcinj-bojana-300x190.jpg 300w, https:\/\/www.visit-montenegro.com\/wp-content\/uploads\/2026\/01\/ulcinj-bojana-768x488.jpg 768w, https:\/\/www.visit-montenegro.com\/wp-content\/uploads\/2026\/01\/ulcinj-bojana-1536x975.jpg 1536w, https:\/\/www.visit-montenegro.com\/wp-content\/uploads\/2026\/01\/ulcinj-bojana-1200x762.jpg 1200w, https:\/\/www.visit-montenegro.com\/wp-content\/uploads\/2026\/01\/ulcinj-bojana-scaled.jpg 1600w\" sizes=\"auto, (max-width: 1024px) 100vw, 1024px\" \/><figcaption class=\"wp-element-caption\">Fluss Bojana und Ada-Insel in <a href=\"https:\/\/www.visit-montenegro.com\/de\/reiseziele\/ulcinj\/\">Ulcinj<\/a>, Montenegro<\/figcaption><\/figure>\n\n<h2 class=\"wp-block-heading\">Der Strand und die nat\u00fcrliche Sch\u00f6nheit von Ada Bojana<\/h2>\n\n<p>Wenn Sie auf <strong>Ada Bojana<\/strong> Urlaub machen, werden Sie von Kilometern langem Sandstrand begeistert sein, der mit kristallklarem Meer verschmilzt. Strand und Meeresboden sind mit feinem Sand bedeckt, ges\u00e4umt von Schilf und Sonnenschirmen. <strong>Ada Bojana<\/strong> ist bei Sonnenuntergang am sch\u00f6nsten, mit erstaunlichen Farben, die Meer, Sand und Himmel zu einem einzigartigen Bild verschmelzen. Au\u00dferdem kommen im Sommer neben Touristen und Nudisten auch diejenigen, die sich mit unber\u00fchrter Natur verbinden und t\u00e4glich Sonnenunterg\u00e4nge genie\u00dfen m\u00f6chten, die sich im blauen Meer spiegeln. Von Sommer zu Sommer kehren hier Dichter, Literaten, S\u00e4nger, Filmemacher, Journalisten, Gesch\u00e4ftsleute, Bohemiens und Exzentriker zur\u00fcck.<\/p>\n\n<p>Tats\u00e4chlich bietet der Strandbereich vollst\u00e4ndige Privatsph\u00e4re. Luxuri\u00f6se Bungalows stehen direkt am Strand, umgeben von Blumenarrangements und mediterraner Vegetation, was Ihren Urlaub auf <strong>Ada Bojana<\/strong> ungew\u00f6hnlich und unvorstellbar perfekt macht.<\/p>\n\n<figure class=\"wp-block-image size-large\"><img loading=\"lazy\" decoding=\"async\" width=\"1024\" height=\"678\" src=\"https:\/\/www.visit-montenegro.com\/wp-content\/uploads\/2026\/01\/ada-bojana-house-1024x678.jpg\" alt=\"\" class=\"wp-image-36223\" srcset=\"https:\/\/www.visit-montenegro.com\/wp-content\/uploads\/2026\/01\/ada-bojana-house-1024x678.jpg 1024w, https:\/\/www.visit-montenegro.com\/wp-content\/uploads\/2026\/01\/ada-bojana-house-300x199.jpg 300w, https:\/\/www.visit-montenegro.com\/wp-content\/uploads\/2026\/01\/ada-bojana-house-768x508.jpg 768w, https:\/\/www.visit-montenegro.com\/wp-content\/uploads\/2026\/01\/ada-bojana-house-1536x1017.jpg 1536w, https:\/\/www.visit-montenegro.com\/wp-content\/uploads\/2026\/01\/ada-bojana-house-1200x794.jpg 1200w, https:\/\/www.visit-montenegro.com\/wp-content\/uploads\/2026\/01\/ada-bojana-house-scaled.jpg 1600w\" sizes=\"auto, (max-width: 1024px) 100vw, 1024px\" \/><figcaption class=\"wp-element-caption\">Holzhaus entlang der \u00fcppigen Flussufer von Ada Bojana, Montenegro<\/figcaption><\/figure>\n\n<p>F\u00fcr diejenigen, die sich maximal erholen m\u00f6chten, liegen die Bungalows nur 100 Meter vom Strand entfernt mit separaten Eing\u00e4ngen und Terrassen mit Meerblick. In der N\u00e4he befinden sich Restaurants, Sportpl\u00e4tze und Parkpl\u00e4tze.<\/p>\n\n<h2 class=\"wp-block-heading\">Aktivit\u00e4ten und Atmosph\u00e4re auf Ada Bojana<\/h2>\n\n<p>Man sagt, <strong>Ada Bojana<\/strong> sei ein Spiel, das negative Gedanken vertreibt. Das Gebiet ist ungew\u00f6hnlich ruhig, und nach mehreren Tagen kann diese Stille die Menschen beruhigen, Enthusiasmus und Lebensenergie wiederherstellen. Wie k\u00f6nnte es anders sein, wenn nur Vogelgesang, Wellenrauschen, Meereswind oder Grillenzirpen die Ruhe st\u00f6ren? Neben unber\u00fchrter Natur sind die Sportangebote vielf\u00e4ltig: Reiten, Segeln, Paragliding, Kitesurfen und Windsurfen.<\/p>\n\n<figure class=\"wp-block-image size-large\"><img loading=\"lazy\" decoding=\"async\" width=\"1024\" height=\"676\" src=\"https:\/\/www.visit-montenegro.com\/wp-content\/uploads\/2026\/01\/ulcinj-long-beach-kite-surfing-1024x676.jpg\" alt=\"\" class=\"wp-image-36236\" srcset=\"https:\/\/www.visit-montenegro.com\/wp-content\/uploads\/2026\/01\/ulcinj-long-beach-kite-surfing-1024x676.jpg 1024w, https:\/\/www.visit-montenegro.com\/wp-content\/uploads\/2026\/01\/ulcinj-long-beach-kite-surfing-300x198.jpg 300w, https:\/\/www.visit-montenegro.com\/wp-content\/uploads\/2026\/01\/ulcinj-long-beach-kite-surfing-768x507.jpg 768w, https:\/\/www.visit-montenegro.com\/wp-content\/uploads\/2026\/01\/ulcinj-long-beach-kite-surfing-1536x1014.jpg 1536w, https:\/\/www.visit-montenegro.com\/wp-content\/uploads\/2026\/01\/ulcinj-long-beach-kite-surfing-1200x792.jpg 1200w, https:\/\/www.visit-montenegro.com\/wp-content\/uploads\/2026\/01\/ulcinj-long-beach-kite-surfing-scaled.jpg 1600w\" sizes=\"auto, (max-width: 1024px) 100vw, 1024px\" \/><figcaption class=\"wp-element-caption\">Kitesurfer mit Kitesurf-Leine am Strand in Ulcinj, Montenegro<\/figcaption><\/figure>\n\n<p>Auf <strong>Ada Bojana<\/strong> befriedigt eine Windsurf-Schule mit erstklassiger Ausr\u00fcstung Amateure und Profis. Flaches Seewasser eignet sich f\u00fcr Anf\u00e4nger; nach 7 Tagen Training k\u00f6nnen Sie Wellen genie\u00dfen, und nach einem Monat die Winde des offenen Meeres. Salzhaltige Winde erzeugen ausgezeichnete Wellen f\u00fcr hochwertiges Windsurfen.<\/p>\n\n<p>Die von der Bojana besp\u00fclten Ufer sind f\u00fcr Holzh\u00e4user bekannt, in denen Einheimische traditionell Fisch jagen, der sofort in Fischrestaurants mit attraktiver Atmosph\u00e4re serviert wird. <strong>Ada Bojana<\/strong> ist voll von subtropischer und mediterraner Vegetation. In den 1970er Jahren erbaut, wird es seit Jahren als Ziel f\u00fcr die Hippie-Generation anerkannt.<\/p>\n","protected":false},"excerpt":{"rendered":"<p>Entdecken Sie Ada Bojana, Montenegros k\u00fcnstliches Inselparadies, das aus einem Schiffswrack entstanden ist. Genie\u00dfen Sie lange Sandstr\u00e4nde, Nudistenbereiche und friedliche Sonnenunterg\u00e4nge in einer einzigartigen nat\u00fcrlichen Umgebung. Perfekt zum Entspannen, f\u00fcr Wassersport und zum Verbinden mit unber\u00fchrter Sch\u00f6nheit.<\/p>\n","protected":false},"author":1,"featured_media":135051,"parent":135045,"menu_order":0,"comment_status":"closed","ping_status":"closed","template":"","meta":{"_yoast_wpseo_focuskw":"Ada Bojana","_yoast_wpseo_metadesc":"Entdecken Sie Ada Bojana, Montenegros verstecktes Juwel mit Sandstr\u00e4nden, Nudistenbereichen und Wassersport. Planen Sie Ihren Traumurlaub in diesem friedlichen Inselparadies.","_kad_post_transparent":"","_kad_post_title":"","_kad_post_layout":"","_kad_post_sidebar_id":"","_kad_post_content_style":"","_kad_post_vertical_padding":"","_kad_post_feature":"","_kad_post_feature_position":"","_kad_post_header":false,"_kad_post_footer":false,"_kad_post_classname":"","iawp_total_views":13,"footnotes":""},"tags":[],"class_list":["post-135050","page","type-page","status-publish","has-post-thumbnail","hentry"],"yoast_head":"<!-- This site is optimized with the Yoast SEO plugin v27.3 - https:\/\/yoast.com\/product\/yoast-seo-wordpress\/ -->\n<title>Ada Bojana - Visit Montenegro<\/title>\n<meta name=\"description\" content=\"Entdecken Sie Ada Bojana, Montenegros verstecktes Juwel mit Sandstr\u00e4nden, Nudistenbereichen und Wassersport. Planen Sie Ihren Traumurlaub in diesem friedlichen Inselparadies.\" \/>\n<meta name=\"robots\" content=\"index, follow, max-snippet:-1, max-image-preview:large, max-video-preview:-1\" \/>\n<link rel=\"canonical\" href=\"https:\/\/www.visit-montenegro.com\/de\/reiseziele\/ulcinj\/sehenswuerdigkeiten\/ada-bojana\/\" \/>\n<meta property=\"og:locale\" content=\"de_DE\" \/>\n<meta property=\"og:type\" content=\"article\" \/>\n<meta property=\"og:title\" content=\"Ada Bojana - Visit Montenegro\" \/>\n<meta property=\"og:description\" content=\"Entdecken Sie Ada Bojana, Montenegros verstecktes Juwel mit Sandstr\u00e4nden, Nudistenbereichen und Wassersport. Planen Sie Ihren Traumurlaub in diesem friedlichen Inselparadies.\" \/>\n<meta property=\"og:url\" content=\"https:\/\/www.visit-montenegro.com\/de\/reiseziele\/ulcinj\/sehenswuerdigkeiten\/ada-bojana\/\" \/>\n<meta property=\"og:site_name\" content=\"Visit Montenegro\" \/>\n<meta property=\"article:publisher\" content=\"https:\/\/www.facebook.com\/visitmontenegro\" \/>\n<meta property=\"article:modified_time\" content=\"2026-02-22T16:12:21+00:00\" \/>\n<meta property=\"og:image\" content=\"https:\/\/www.visit-montenegro.com\/wp-content\/uploads\/2026\/01\/ulcinj-bojana-ada-scaled.jpg\" \/>\n\t<meta property=\"og:image:width\" content=\"1600\" \/>\n\t<meta property=\"og:image:height\" content=\"1200\" \/>\n\t<meta property=\"og:image:type\" content=\"image\/jpeg\" \/>\n<meta name=\"twitter:card\" content=\"summary_large_image\" \/>\n<meta name=\"twitter:site\" content=\"@visitmontenegro\" \/>\n<meta name=\"twitter:label1\" content=\"Gesch\u00e4tzte Lesezeit\" \/>\n\t<meta name=\"twitter:data1\" content=\"2\u00a0Minuten\" \/>\n<script type=\"application\/ld+json\" class=\"yoast-schema-graph\">{\"@context\":\"https:\\\/\\\/schema.org\",\"@graph\":[{\"@type\":\"WebPage\",\"@id\":\"https:\\\/\\\/www.visit-montenegro.com\\\/de\\\/reiseziele\\\/ulcinj\\\/sehenswuerdigkeiten\\\/ada-bojana\\\/\",\"url\":\"https:\\\/\\\/www.visit-montenegro.com\\\/de\\\/reiseziele\\\/ulcinj\\\/sehenswuerdigkeiten\\\/ada-bojana\\\/\",\"name\":\"Ada Bojana - Visit Montenegro\",\"isPartOf\":{\"@id\":\"https:\\\/\\\/www.visit-montenegro.com\\\/de\\\/#website\"},\"primaryImageOfPage\":{\"@id\":\"https:\\\/\\\/www.visit-montenegro.com\\\/de\\\/reiseziele\\\/ulcinj\\\/sehenswuerdigkeiten\\\/ada-bojana\\\/#primaryimage\"},\"image\":{\"@id\":\"https:\\\/\\\/www.visit-montenegro.com\\\/de\\\/reiseziele\\\/ulcinj\\\/sehenswuerdigkeiten\\\/ada-bojana\\\/#primaryimage\"},\"thumbnailUrl\":\"https:\\\/\\\/www.visit-montenegro.com\\\/wp-content\\\/uploads\\\/2026\\\/01\\\/ulcinj-bojana-ada-scaled.jpg\",\"datePublished\":\"2026-01-27T20:44:32+00:00\",\"dateModified\":\"2026-02-22T16:12:21+00:00\",\"description\":\"Entdecken Sie Ada Bojana, Montenegros verstecktes Juwel mit Sandstr\u00e4nden, Nudistenbereichen und Wassersport. Planen Sie Ihren Traumurlaub in diesem friedlichen Inselparadies.\",\"breadcrumb\":{\"@id\":\"https:\\\/\\\/www.visit-montenegro.com\\\/de\\\/reiseziele\\\/ulcinj\\\/sehenswuerdigkeiten\\\/ada-bojana\\\/#breadcrumb\"},\"inLanguage\":\"de\",\"potentialAction\":[{\"@type\":\"ReadAction\",\"target\":[\"https:\\\/\\\/www.visit-montenegro.com\\\/de\\\/reiseziele\\\/ulcinj\\\/sehenswuerdigkeiten\\\/ada-bojana\\\/\"]}]},{\"@type\":\"ImageObject\",\"inLanguage\":\"de\",\"@id\":\"https:\\\/\\\/www.visit-montenegro.com\\\/de\\\/reiseziele\\\/ulcinj\\\/sehenswuerdigkeiten\\\/ada-bojana\\\/#primaryimage\",\"url\":\"https:\\\/\\\/www.visit-montenegro.com\\\/wp-content\\\/uploads\\\/2026\\\/01\\\/ulcinj-bojana-ada-scaled.jpg\",\"contentUrl\":\"https:\\\/\\\/www.visit-montenegro.com\\\/wp-content\\\/uploads\\\/2026\\\/01\\\/ulcinj-bojana-ada-scaled.jpg\",\"width\":1600,\"height\":1200,\"caption\":\"Luftaufnahme des Flusses Bojana und der Insel Ada Bojana, Montenegro\"},{\"@type\":\"BreadcrumbList\",\"@id\":\"https:\\\/\\\/www.visit-montenegro.com\\\/de\\\/reiseziele\\\/ulcinj\\\/sehenswuerdigkeiten\\\/ada-bojana\\\/#breadcrumb\",\"itemListElement\":[{\"@type\":\"ListItem\",\"position\":1,\"name\":\"Home\",\"item\":\"https:\\\/\\\/www.visit-montenegro.com\\\/de\\\/home\\\/\"},{\"@type\":\"ListItem\",\"position\":2,\"name\":\"Reiseziele in Montenegro\",\"item\":\"https:\\\/\\\/www.visit-montenegro.com\\\/de\\\/reiseziele\\\/\"},{\"@type\":\"ListItem\",\"position\":3,\"name\":\"Ulcinj\",\"item\":\"https:\\\/\\\/www.visit-montenegro.com\\\/de\\\/reiseziele\\\/ulcinj\\\/\"},{\"@type\":\"ListItem\",\"position\":4,\"name\":\"Ulcinj Sehensw\u00fcrdigkeiten\",\"item\":\"https:\\\/\\\/www.visit-montenegro.com\\\/de\\\/reiseziele\\\/ulcinj\\\/sehenswuerdigkeiten\\\/\"},{\"@type\":\"ListItem\",\"position\":5,\"name\":\"Ada Bojana\"}]},{\"@type\":\"WebSite\",\"@id\":\"https:\\\/\\\/www.visit-montenegro.com\\\/de\\\/#website\",\"url\":\"https:\\\/\\\/www.visit-montenegro.com\\\/de\\\/\",\"name\":\"Visit Montenegro\",\"description\":\"Breathtaking beauty\",\"publisher\":{\"@id\":\"https:\\\/\\\/www.visit-montenegro.com\\\/de\\\/#organization\"},\"potentialAction\":[{\"@type\":\"SearchAction\",\"target\":{\"@type\":\"EntryPoint\",\"urlTemplate\":\"https:\\\/\\\/www.visit-montenegro.com\\\/de\\\/?s={search_term_string}\"},\"query-input\":{\"@type\":\"PropertyValueSpecification\",\"valueRequired\":true,\"valueName\":\"search_term_string\"}}],\"inLanguage\":\"de\"},{\"@type\":\"Organization\",\"@id\":\"https:\\\/\\\/www.visit-montenegro.com\\\/de\\\/#organization\",\"name\":\"Visit Montenegro\",\"url\":\"https:\\\/\\\/www.visit-montenegro.com\\\/de\\\/\",\"logo\":{\"@type\":\"ImageObject\",\"inLanguage\":\"de\",\"@id\":\"https:\\\/\\\/www.visit-montenegro.com\\\/de\\\/#\\\/schema\\\/logo\\\/image\\\/\",\"url\":\"https:\\\/\\\/www.visit-montenegro.com\\\/wp-content\\\/uploads\\\/2017\\\/10\\\/logo-amp.png\",\"contentUrl\":\"https:\\\/\\\/www.visit-montenegro.com\\\/wp-content\\\/uploads\\\/2017\\\/10\\\/logo-amp.png\",\"width\":190,\"height\":36,\"caption\":\"Visit Montenegro\"},\"image\":{\"@id\":\"https:\\\/\\\/www.visit-montenegro.com\\\/de\\\/#\\\/schema\\\/logo\\\/image\\\/\"},\"sameAs\":[\"https:\\\/\\\/www.facebook.com\\\/visitmontenegro\",\"https:\\\/\\\/x.com\\\/visitmontenegro\",\"https:\\\/\\\/www.instagram.com\\\/visit_montenegro\\\/\",\"https:\\\/\\\/www.youtube.com\\\/user\\\/VisitMontenegro\"]}]}<\/script>\n<!-- \/ Yoast SEO plugin. -->","yoast_head_json":{"title":"Ada Bojana - Visit Montenegro","description":"Entdecken Sie Ada Bojana, Montenegros verstecktes Juwel mit Sandstr\u00e4nden, Nudistenbereichen und Wassersport. Planen Sie Ihren Traumurlaub in diesem friedlichen Inselparadies.","robots":{"index":"index","follow":"follow","max-snippet":"max-snippet:-1","max-image-preview":"max-image-preview:large","max-video-preview":"max-video-preview:-1"},"canonical":"https:\/\/www.visit-montenegro.com\/de\/reiseziele\/ulcinj\/sehenswuerdigkeiten\/ada-bojana\/","og_locale":"de_DE","og_type":"article","og_title":"Ada Bojana - Visit Montenegro","og_description":"Entdecken Sie Ada Bojana, Montenegros verstecktes Juwel mit Sandstr\u00e4nden, Nudistenbereichen und Wassersport. Planen Sie Ihren Traumurlaub in diesem friedlichen Inselparadies.","og_url":"https:\/\/www.visit-montenegro.com\/de\/reiseziele\/ulcinj\/sehenswuerdigkeiten\/ada-bojana\/","og_site_name":"Visit Montenegro","article_publisher":"https:\/\/www.facebook.com\/visitmontenegro","article_modified_time":"2026-02-22T16:12:21+00:00","og_image":[{"width":1600,"height":1200,"url":"https:\/\/www.visit-montenegro.com\/wp-content\/uploads\/2026\/01\/ulcinj-bojana-ada-scaled.jpg","type":"image\/jpeg"}],"twitter_card":"summary_large_image","twitter_site":"@visitmontenegro","twitter_misc":{"Gesch\u00e4tzte Lesezeit":"2\u00a0Minuten"},"schema":{"@context":"https:\/\/schema.org","@graph":[{"@type":"WebPage","@id":"https:\/\/www.visit-montenegro.com\/de\/reiseziele\/ulcinj\/sehenswuerdigkeiten\/ada-bojana\/","url":"https:\/\/www.visit-montenegro.com\/de\/reiseziele\/ulcinj\/sehenswuerdigkeiten\/ada-bojana\/","name":"Ada Bojana - Visit Montenegro","isPartOf":{"@id":"https:\/\/www.visit-montenegro.com\/de\/#website"},"primaryImageOfPage":{"@id":"https:\/\/www.visit-montenegro.com\/de\/reiseziele\/ulcinj\/sehenswuerdigkeiten\/ada-bojana\/#primaryimage"},"image":{"@id":"https:\/\/www.visit-montenegro.com\/de\/reiseziele\/ulcinj\/sehenswuerdigkeiten\/ada-bojana\/#primaryimage"},"thumbnailUrl":"https:\/\/www.visit-montenegro.com\/wp-content\/uploads\/2026\/01\/ulcinj-bojana-ada-scaled.jpg","datePublished":"2026-01-27T20:44:32+00:00","dateModified":"2026-02-22T16:12:21+00:00","description":"Entdecken Sie Ada Bojana, Montenegros verstecktes Juwel mit Sandstr\u00e4nden, Nudistenbereichen und Wassersport. Planen Sie Ihren Traumurlaub in diesem friedlichen Inselparadies.","breadcrumb":{"@id":"https:\/\/www.visit-montenegro.com\/de\/reiseziele\/ulcinj\/sehenswuerdigkeiten\/ada-bojana\/#breadcrumb"},"inLanguage":"de","potentialAction":[{"@type":"ReadAction","target":["https:\/\/www.visit-montenegro.com\/de\/reiseziele\/ulcinj\/sehenswuerdigkeiten\/ada-bojana\/"]}]},{"@type":"ImageObject","inLanguage":"de","@id":"https:\/\/www.visit-montenegro.com\/de\/reiseziele\/ulcinj\/sehenswuerdigkeiten\/ada-bojana\/#primaryimage","url":"https:\/\/www.visit-montenegro.com\/wp-content\/uploads\/2026\/01\/ulcinj-bojana-ada-scaled.jpg","contentUrl":"https:\/\/www.visit-montenegro.com\/wp-content\/uploads\/2026\/01\/ulcinj-bojana-ada-scaled.jpg","width":1600,"height":1200,"caption":"Luftaufnahme des Flusses Bojana und der Insel Ada Bojana, Montenegro"},{"@type":"BreadcrumbList","@id":"https:\/\/www.visit-montenegro.com\/de\/reiseziele\/ulcinj\/sehenswuerdigkeiten\/ada-bojana\/#breadcrumb","itemListElement":[{"@type":"ListItem","position":1,"name":"Home","item":"https:\/\/www.visit-montenegro.com\/de\/home\/"},{"@type":"ListItem","position":2,"name":"Reiseziele in Montenegro","item":"https:\/\/www.visit-montenegro.com\/de\/reiseziele\/"},{"@type":"ListItem","position":3,"name":"Ulcinj","item":"https:\/\/www.visit-montenegro.com\/de\/reiseziele\/ulcinj\/"},{"@type":"ListItem","position":4,"name":"Ulcinj Sehensw\u00fcrdigkeiten","item":"https:\/\/www.visit-montenegro.com\/de\/reiseziele\/ulcinj\/sehenswuerdigkeiten\/"},{"@type":"ListItem","position":5,"name":"Ada Bojana"}]},{"@type":"WebSite","@id":"https:\/\/www.visit-montenegro.com\/de\/#website","url":"https:\/\/www.visit-montenegro.com\/de\/","name":"Visit Montenegro","description":"Breathtaking beauty","publisher":{"@id":"https:\/\/www.visit-montenegro.com\/de\/#organization"},"potentialAction":[{"@type":"SearchAction","target":{"@type":"EntryPoint","urlTemplate":"https:\/\/www.visit-montenegro.com\/de\/?s={search_term_string}"},"query-input":{"@type":"PropertyValueSpecification","valueRequired":true,"valueName":"search_term_string"}}],"inLanguage":"de"},{"@type":"Organization","@id":"https:\/\/www.visit-montenegro.com\/de\/#organization","name":"Visit Montenegro","url":"https:\/\/www.visit-montenegro.com\/de\/","logo":{"@type":"ImageObject","inLanguage":"de","@id":"https:\/\/www.visit-montenegro.com\/de\/#\/schema\/logo\/image\/","url":"https:\/\/www.visit-montenegro.com\/wp-content\/uploads\/2017\/10\/logo-amp.png","contentUrl":"https:\/\/www.visit-montenegro.com\/wp-content\/uploads\/2017\/10\/logo-amp.png","width":190,"height":36,"caption":"Visit Montenegro"},"image":{"@id":"https:\/\/www.visit-montenegro.com\/de\/#\/schema\/logo\/image\/"},"sameAs":["https:\/\/www.facebook.com\/visitmontenegro","https:\/\/x.com\/visitmontenegro","https:\/\/www.instagram.com\/visit_montenegro\/","https:\/\/www.youtube.com\/user\/VisitMontenegro"]}]}},"translations":[],"_links":{"self":[{"href":"https:\/\/www.visit-montenegro.com\/de\/wp-json\/wp\/v2\/pages\/135050","targetHints":{"allow":["GET"]}}],"collection":[{"href":"https:\/\/www.visit-montenegro.com\/de\/wp-json\/wp\/v2\/pages"}],"about":[{"href":"https:\/\/www.visit-montenegro.com\/de\/wp-json\/wp\/v2\/types\/page"}],"author":[{"embeddable":true,"href":"https:\/\/www.visit-montenegro.com\/de\/wp-json\/wp\/v2\/users\/1"}],"replies":[{"embeddable":true,"href":"https:\/\/www.visit-montenegro.com\/de\/wp-json\/wp\/v2\/comments?post=135050"}],"version-history":[{"count":0,"href":"https:\/\/www.visit-montenegro.com\/de\/wp-json\/wp\/v2\/pages\/135050\/revisions"}],"up":[{"embeddable":true,"href":"https:\/\/www.visit-montenegro.com\/de\/wp-json\/wp\/v2\/pages\/135045"}],"wp:featuredmedia":[{"embeddable":true,"href":"https:\/\/www.visit-montenegro.com\/de\/wp-json\/wp\/v2\/media\/135051"}],"wp:attachment":[{"href":"https:\/\/www.visit-montenegro.com\/de\/wp-json\/wp\/v2\/media?parent=135050"}],"wp:term":[{"taxonomy":"post_tag","embeddable":true,"href":"https:\/\/www.visit-montenegro.com\/de\/wp-json\/wp\/v2\/tags?post=135050"}],"curies":[{"name":"wp","href":"https:\/\/api.w.org\/{rel}","templated":true}]}}