{"id":135056,"date":"2026-01-27T21:44:32","date_gmt":"2026-01-27T20:44:32","guid":{"rendered":"https:\/\/new.visit-montenegro.com\/attractions\/long-beach\/"},"modified":"2026-02-22T17:12:21","modified_gmt":"2026-02-22T16:12:21","slug":"long-beach","status":"publish","type":"page","link":"https:\/\/www.visit-montenegro.com\/de\/reiseziele\/ulcinj\/sehenswuerdigkeiten\/long-beach\/","title":{"rendered":"Langer Strand"},"content":{"rendered":"\n<p>Der Lange Strand (Velika Pla\u017ea) ist der l\u00e4ngste Strand an der Adria, der sich \u00fcber 13 km von Bojana bis zum Port Milena in <a href=\"https:\/\/www.visit-montenegro.com\/de\/reiseziele\/ulcinj\/\">Ulcinj<\/a> erstreckt. Seine weite Sandfl\u00e4che und die best\u00e4ndigen Sommerwinde machen ihn zu einem Top-Ziel f\u00fcr Wassersport-Enthusiasten.<\/p>\n\n<hr class=\"wp-block-separator has-alpha-channel-opacity\"\/>\n\n<h2 class=\"wp-block-heading\">\u00dcberblick und Bedeutung des Langen Strands<\/h2>\n\n<p><strong>Der Lange Strand<\/strong> (Velika Pla\u017ea), wie der Name schon sagt, ist der l\u00e4ngste Strand an der Adria (13 km) und erstreckt sich von Bojana bis zum Port Milena in Ulcinj. Eine der Hauptaktivit\u00e4ten in den letzten Jahren ist das Kitesurfen. Tats\u00e4chlich macht der sch\u00f6ne 13 Kilometer lange Sandstrand, mit Winden fast jeden Tag im Sommer, ihn zu einem idealen Ort f\u00fcr Kitesurfen und andere verwandte Wassersportarten wie Windsurfen. Kein Wunder, dass sogar The New York Times <strong>den Langen Strand<\/strong> in eine Rangliste der besten Reiseziele f\u00fcr 2010 aufgenommen hat.<\/p>\n\n<figure class=\"wp-block-image size-large\"><img loading=\"lazy\" decoding=\"async\" width=\"1024\" height=\"676\" src=\"https:\/\/www.visit-montenegro.com\/wp-content\/uploads\/2026\/01\/ulcinj-long-beach-kite-surfing-1024x676.jpg\" alt=\"\" class=\"wp-image-36236\" srcset=\"https:\/\/www.visit-montenegro.com\/wp-content\/uploads\/2026\/01\/ulcinj-long-beach-kite-surfing-1024x676.jpg 1024w, https:\/\/www.visit-montenegro.com\/wp-content\/uploads\/2026\/01\/ulcinj-long-beach-kite-surfing-300x198.jpg 300w, https:\/\/www.visit-montenegro.com\/wp-content\/uploads\/2026\/01\/ulcinj-long-beach-kite-surfing-768x507.jpg 768w, https:\/\/www.visit-montenegro.com\/wp-content\/uploads\/2026\/01\/ulcinj-long-beach-kite-surfing-1536x1014.jpg 1536w, https:\/\/www.visit-montenegro.com\/wp-content\/uploads\/2026\/01\/ulcinj-long-beach-kite-surfing-1200x792.jpg 1200w, https:\/\/www.visit-montenegro.com\/wp-content\/uploads\/2026\/01\/ulcinj-long-beach-kite-surfing-scaled.jpg 1600w\" sizes=\"auto, (max-width: 1024px) 100vw, 1024px\" \/><figcaption class=\"wp-element-caption\">Kitesurfer mit Kitesurf-Kite am Strand in Ulcinj, Montenegro<\/figcaption><\/figure>\n\n<h2 class=\"wp-block-heading\">Nahegelegene Attraktionen und Aktivit\u00e4ten<\/h2>\n\n<p>Verpassen Sie nicht den Besuch von <a href=\"https:\/\/www.visit-montenegro.com\/de\/attractions\/ada-bojana\/\">Ada Bojana<\/a>, der magischen Insel, die durch ein Flussdelta des Flusses Bojana entstanden ist. Mit einer Fl\u00e4che von 4,8 km\u00b2 hat <a href=\"https:\/\/www.visit-montenegro.com\/de\/reiseziele\/ulcinj\/sehenswuerdigkeiten\/ada-bojana\/\">Ada Bojana<\/a> eine dreieckige Form, die von zwei Seiten vom Fluss Bojana und von der S\u00fcdseite von der Adria begrenzt wird. Exotisch und sch\u00f6n, ist Ada Bojana auch ein perfekter Ort f\u00fcr Nudismus.<\/p>\n","protected":false},"excerpt":{"rendered":"<p>Entdecken Sie den Langen Strand, die mit 13 km l\u00e4ngste Sandstrecke der Adria, perfekt f\u00fcr Kitesurfen und Windsurfen. Erkunden Sie in der N\u00e4he Ada Bojana, eine einzigartige Insel ideal zur Entspannung und f\u00fcr Nudismus.<\/p>\n","protected":false},"author":1,"featured_media":135057,"parent":135045,"menu_order":0,"comment_status":"closed","ping_status":"closed","template":"","meta":{"_yoast_wpseo_focuskw":"Langer Strand","_yoast_wpseo_metadesc":"Entdecken Sie den Langen Strand, den mit 13 km l\u00e4ngsten Sandstrand der Adria, ideal f\u00fcr Kitesurfen und Windsurfen. Besuchen Sie in der N\u00e4he Ada Bojana f\u00fcr exotische Sch\u00f6nheit und Nudismus.","_kad_post_transparent":"","_kad_post_title":"","_kad_post_layout":"","_kad_post_sidebar_id":"","_kad_post_content_style":"","_kad_post_vertical_padding":"","_kad_post_feature":"","_kad_post_feature_position":"","_kad_post_header":false,"_kad_post_footer":false,"_kad_post_classname":"","iawp_total_views":17,"footnotes":""},"tags":[],"class_list":["post-135056","page","type-page","status-publish","has-post-thumbnail","hentry"],"yoast_head":"<!-- This site is optimized with the Yoast SEO plugin v27.3 - https:\/\/yoast.com\/product\/yoast-seo-wordpress\/ -->\n<title>Langer Strand - Visit Montenegro<\/title>\n<meta name=\"description\" content=\"Entdecken Sie den Langen Strand, den mit 13 km l\u00e4ngsten Sandstrand der Adria, ideal f\u00fcr Kitesurfen und Windsurfen. Besuchen Sie in der N\u00e4he Ada Bojana f\u00fcr exotische Sch\u00f6nheit und Nudismus.\" \/>\n<meta name=\"robots\" content=\"index, follow, max-snippet:-1, max-image-preview:large, max-video-preview:-1\" \/>\n<link rel=\"canonical\" href=\"https:\/\/www.visit-montenegro.com\/de\/reiseziele\/ulcinj\/sehenswuerdigkeiten\/long-beach\/\" \/>\n<meta property=\"og:locale\" content=\"de_DE\" \/>\n<meta property=\"og:type\" content=\"article\" \/>\n<meta property=\"og:title\" content=\"Langer Strand - Visit Montenegro\" \/>\n<meta property=\"og:description\" content=\"Entdecken Sie den Langen Strand, den mit 13 km l\u00e4ngsten Sandstrand der Adria, ideal f\u00fcr Kitesurfen und Windsurfen. Besuchen Sie in der N\u00e4he Ada Bojana f\u00fcr exotische Sch\u00f6nheit und Nudismus.\" \/>\n<meta property=\"og:url\" content=\"https:\/\/www.visit-montenegro.com\/de\/reiseziele\/ulcinj\/sehenswuerdigkeiten\/long-beach\/\" \/>\n<meta property=\"og:site_name\" content=\"Visit Montenegro\" \/>\n<meta property=\"article:publisher\" content=\"https:\/\/www.facebook.com\/visitmontenegro\" \/>\n<meta property=\"article:modified_time\" content=\"2026-02-22T16:12:21+00:00\" \/>\n<meta property=\"og:image\" content=\"https:\/\/www.visit-montenegro.com\/wp-content\/uploads\/2026\/01\/ulcinj-long-beach-kites-scaled.jpg\" \/>\n\t<meta property=\"og:image:width\" content=\"1600\" \/>\n\t<meta property=\"og:image:height\" content=\"968\" \/>\n\t<meta property=\"og:image:type\" content=\"image\/jpeg\" \/>\n<meta name=\"twitter:card\" content=\"summary_large_image\" \/>\n<meta name=\"twitter:site\" content=\"@visitmontenegro\" \/>\n<meta name=\"twitter:label1\" content=\"Gesch\u00e4tzte Lesezeit\" \/>\n\t<meta name=\"twitter:data1\" content=\"1\u00a0Minute\" \/>\n<script type=\"application\/ld+json\" class=\"yoast-schema-graph\">{\"@context\":\"https:\\\/\\\/schema.org\",\"@graph\":[{\"@type\":\"WebPage\",\"@id\":\"https:\\\/\\\/www.visit-montenegro.com\\\/de\\\/reiseziele\\\/ulcinj\\\/sehenswuerdigkeiten\\\/long-beach\\\/\",\"url\":\"https:\\\/\\\/www.visit-montenegro.com\\\/de\\\/reiseziele\\\/ulcinj\\\/sehenswuerdigkeiten\\\/long-beach\\\/\",\"name\":\"Langer Strand - Visit Montenegro\",\"isPartOf\":{\"@id\":\"https:\\\/\\\/www.visit-montenegro.com\\\/de\\\/#website\"},\"primaryImageOfPage\":{\"@id\":\"https:\\\/\\\/www.visit-montenegro.com\\\/de\\\/reiseziele\\\/ulcinj\\\/sehenswuerdigkeiten\\\/long-beach\\\/#primaryimage\"},\"image\":{\"@id\":\"https:\\\/\\\/www.visit-montenegro.com\\\/de\\\/reiseziele\\\/ulcinj\\\/sehenswuerdigkeiten\\\/long-beach\\\/#primaryimage\"},\"thumbnailUrl\":\"https:\\\/\\\/www.visit-montenegro.com\\\/wp-content\\\/uploads\\\/2026\\\/01\\\/ulcinj-long-beach-kites-scaled.jpg\",\"datePublished\":\"2026-01-27T20:44:32+00:00\",\"dateModified\":\"2026-02-22T16:12:21+00:00\",\"description\":\"Entdecken Sie den Langen Strand, den mit 13 km l\u00e4ngsten Sandstrand der Adria, ideal f\u00fcr Kitesurfen und Windsurfen. Besuchen Sie in der N\u00e4he Ada Bojana f\u00fcr exotische Sch\u00f6nheit und Nudismus.\",\"breadcrumb\":{\"@id\":\"https:\\\/\\\/www.visit-montenegro.com\\\/de\\\/reiseziele\\\/ulcinj\\\/sehenswuerdigkeiten\\\/long-beach\\\/#breadcrumb\"},\"inLanguage\":\"de\",\"potentialAction\":[{\"@type\":\"ReadAction\",\"target\":[\"https:\\\/\\\/www.visit-montenegro.com\\\/de\\\/reiseziele\\\/ulcinj\\\/sehenswuerdigkeiten\\\/long-beach\\\/\"]}]},{\"@type\":\"ImageObject\",\"inLanguage\":\"de\",\"@id\":\"https:\\\/\\\/www.visit-montenegro.com\\\/de\\\/reiseziele\\\/ulcinj\\\/sehenswuerdigkeiten\\\/long-beach\\\/#primaryimage\",\"url\":\"https:\\\/\\\/www.visit-montenegro.com\\\/wp-content\\\/uploads\\\/2026\\\/01\\\/ulcinj-long-beach-kites-scaled.jpg\",\"contentUrl\":\"https:\\\/\\\/www.visit-montenegro.com\\\/wp-content\\\/uploads\\\/2026\\\/01\\\/ulcinj-long-beach-kites-scaled.jpg\",\"width\":1600,\"height\":968,\"caption\":\"Kitesurfen auf der Adria in Ulcinj, Montenegro, Europa\"},{\"@type\":\"BreadcrumbList\",\"@id\":\"https:\\\/\\\/www.visit-montenegro.com\\\/de\\\/reiseziele\\\/ulcinj\\\/sehenswuerdigkeiten\\\/long-beach\\\/#breadcrumb\",\"itemListElement\":[{\"@type\":\"ListItem\",\"position\":1,\"name\":\"Home\",\"item\":\"https:\\\/\\\/www.visit-montenegro.com\\\/de\\\/home\\\/\"},{\"@type\":\"ListItem\",\"position\":2,\"name\":\"Reiseziele in Montenegro\",\"item\":\"https:\\\/\\\/www.visit-montenegro.com\\\/de\\\/reiseziele\\\/\"},{\"@type\":\"ListItem\",\"position\":3,\"name\":\"Ulcinj\",\"item\":\"https:\\\/\\\/www.visit-montenegro.com\\\/de\\\/reiseziele\\\/ulcinj\\\/\"},{\"@type\":\"ListItem\",\"position\":4,\"name\":\"Ulcinj Sehensw\u00fcrdigkeiten\",\"item\":\"https:\\\/\\\/www.visit-montenegro.com\\\/de\\\/reiseziele\\\/ulcinj\\\/sehenswuerdigkeiten\\\/\"},{\"@type\":\"ListItem\",\"position\":5,\"name\":\"Langer Strand\"}]},{\"@type\":\"WebSite\",\"@id\":\"https:\\\/\\\/www.visit-montenegro.com\\\/de\\\/#website\",\"url\":\"https:\\\/\\\/www.visit-montenegro.com\\\/de\\\/\",\"name\":\"Visit Montenegro\",\"description\":\"Breathtaking beauty\",\"publisher\":{\"@id\":\"https:\\\/\\\/www.visit-montenegro.com\\\/de\\\/#organization\"},\"potentialAction\":[{\"@type\":\"SearchAction\",\"target\":{\"@type\":\"EntryPoint\",\"urlTemplate\":\"https:\\\/\\\/www.visit-montenegro.com\\\/de\\\/?s={search_term_string}\"},\"query-input\":{\"@type\":\"PropertyValueSpecification\",\"valueRequired\":true,\"valueName\":\"search_term_string\"}}],\"inLanguage\":\"de\"},{\"@type\":\"Organization\",\"@id\":\"https:\\\/\\\/www.visit-montenegro.com\\\/de\\\/#organization\",\"name\":\"Visit Montenegro\",\"url\":\"https:\\\/\\\/www.visit-montenegro.com\\\/de\\\/\",\"logo\":{\"@type\":\"ImageObject\",\"inLanguage\":\"de\",\"@id\":\"https:\\\/\\\/www.visit-montenegro.com\\\/de\\\/#\\\/schema\\\/logo\\\/image\\\/\",\"url\":\"https:\\\/\\\/www.visit-montenegro.com\\\/wp-content\\\/uploads\\\/2017\\\/10\\\/logo-amp.png\",\"contentUrl\":\"https:\\\/\\\/www.visit-montenegro.com\\\/wp-content\\\/uploads\\\/2017\\\/10\\\/logo-amp.png\",\"width\":190,\"height\":36,\"caption\":\"Visit Montenegro\"},\"image\":{\"@id\":\"https:\\\/\\\/www.visit-montenegro.com\\\/de\\\/#\\\/schema\\\/logo\\\/image\\\/\"},\"sameAs\":[\"https:\\\/\\\/www.facebook.com\\\/visitmontenegro\",\"https:\\\/\\\/x.com\\\/visitmontenegro\",\"https:\\\/\\\/www.instagram.com\\\/visit_montenegro\\\/\",\"https:\\\/\\\/www.youtube.com\\\/user\\\/VisitMontenegro\"]}]}<\/script>\n<!-- \/ Yoast SEO plugin. -->","yoast_head_json":{"title":"Langer Strand - Visit Montenegro","description":"Entdecken Sie den Langen Strand, den mit 13 km l\u00e4ngsten Sandstrand der Adria, ideal f\u00fcr Kitesurfen und Windsurfen. Besuchen Sie in der N\u00e4he Ada Bojana f\u00fcr exotische Sch\u00f6nheit und Nudismus.","robots":{"index":"index","follow":"follow","max-snippet":"max-snippet:-1","max-image-preview":"max-image-preview:large","max-video-preview":"max-video-preview:-1"},"canonical":"https:\/\/www.visit-montenegro.com\/de\/reiseziele\/ulcinj\/sehenswuerdigkeiten\/long-beach\/","og_locale":"de_DE","og_type":"article","og_title":"Langer Strand - Visit Montenegro","og_description":"Entdecken Sie den Langen Strand, den mit 13 km l\u00e4ngsten Sandstrand der Adria, ideal f\u00fcr Kitesurfen und Windsurfen. Besuchen Sie in der N\u00e4he Ada Bojana f\u00fcr exotische Sch\u00f6nheit und Nudismus.","og_url":"https:\/\/www.visit-montenegro.com\/de\/reiseziele\/ulcinj\/sehenswuerdigkeiten\/long-beach\/","og_site_name":"Visit Montenegro","article_publisher":"https:\/\/www.facebook.com\/visitmontenegro","article_modified_time":"2026-02-22T16:12:21+00:00","og_image":[{"width":1600,"height":968,"url":"https:\/\/www.visit-montenegro.com\/wp-content\/uploads\/2026\/01\/ulcinj-long-beach-kites-scaled.jpg","type":"image\/jpeg"}],"twitter_card":"summary_large_image","twitter_site":"@visitmontenegro","twitter_misc":{"Gesch\u00e4tzte Lesezeit":"1\u00a0Minute"},"schema":{"@context":"https:\/\/schema.org","@graph":[{"@type":"WebPage","@id":"https:\/\/www.visit-montenegro.com\/de\/reiseziele\/ulcinj\/sehenswuerdigkeiten\/long-beach\/","url":"https:\/\/www.visit-montenegro.com\/de\/reiseziele\/ulcinj\/sehenswuerdigkeiten\/long-beach\/","name":"Langer Strand - Visit Montenegro","isPartOf":{"@id":"https:\/\/www.visit-montenegro.com\/de\/#website"},"primaryImageOfPage":{"@id":"https:\/\/www.visit-montenegro.com\/de\/reiseziele\/ulcinj\/sehenswuerdigkeiten\/long-beach\/#primaryimage"},"image":{"@id":"https:\/\/www.visit-montenegro.com\/de\/reiseziele\/ulcinj\/sehenswuerdigkeiten\/long-beach\/#primaryimage"},"thumbnailUrl":"https:\/\/www.visit-montenegro.com\/wp-content\/uploads\/2026\/01\/ulcinj-long-beach-kites-scaled.jpg","datePublished":"2026-01-27T20:44:32+00:00","dateModified":"2026-02-22T16:12:21+00:00","description":"Entdecken Sie den Langen Strand, den mit 13 km l\u00e4ngsten Sandstrand der Adria, ideal f\u00fcr Kitesurfen und Windsurfen. Besuchen Sie in der N\u00e4he Ada Bojana f\u00fcr exotische Sch\u00f6nheit und Nudismus.","breadcrumb":{"@id":"https:\/\/www.visit-montenegro.com\/de\/reiseziele\/ulcinj\/sehenswuerdigkeiten\/long-beach\/#breadcrumb"},"inLanguage":"de","potentialAction":[{"@type":"ReadAction","target":["https:\/\/www.visit-montenegro.com\/de\/reiseziele\/ulcinj\/sehenswuerdigkeiten\/long-beach\/"]}]},{"@type":"ImageObject","inLanguage":"de","@id":"https:\/\/www.visit-montenegro.com\/de\/reiseziele\/ulcinj\/sehenswuerdigkeiten\/long-beach\/#primaryimage","url":"https:\/\/www.visit-montenegro.com\/wp-content\/uploads\/2026\/01\/ulcinj-long-beach-kites-scaled.jpg","contentUrl":"https:\/\/www.visit-montenegro.com\/wp-content\/uploads\/2026\/01\/ulcinj-long-beach-kites-scaled.jpg","width":1600,"height":968,"caption":"Kitesurfen auf der Adria in Ulcinj, Montenegro, Europa"},{"@type":"BreadcrumbList","@id":"https:\/\/www.visit-montenegro.com\/de\/reiseziele\/ulcinj\/sehenswuerdigkeiten\/long-beach\/#breadcrumb","itemListElement":[{"@type":"ListItem","position":1,"name":"Home","item":"https:\/\/www.visit-montenegro.com\/de\/home\/"},{"@type":"ListItem","position":2,"name":"Reiseziele in Montenegro","item":"https:\/\/www.visit-montenegro.com\/de\/reiseziele\/"},{"@type":"ListItem","position":3,"name":"Ulcinj","item":"https:\/\/www.visit-montenegro.com\/de\/reiseziele\/ulcinj\/"},{"@type":"ListItem","position":4,"name":"Ulcinj Sehensw\u00fcrdigkeiten","item":"https:\/\/www.visit-montenegro.com\/de\/reiseziele\/ulcinj\/sehenswuerdigkeiten\/"},{"@type":"ListItem","position":5,"name":"Langer Strand"}]},{"@type":"WebSite","@id":"https:\/\/www.visit-montenegro.com\/de\/#website","url":"https:\/\/www.visit-montenegro.com\/de\/","name":"Visit Montenegro","description":"Breathtaking beauty","publisher":{"@id":"https:\/\/www.visit-montenegro.com\/de\/#organization"},"potentialAction":[{"@type":"SearchAction","target":{"@type":"EntryPoint","urlTemplate":"https:\/\/www.visit-montenegro.com\/de\/?s={search_term_string}"},"query-input":{"@type":"PropertyValueSpecification","valueRequired":true,"valueName":"search_term_string"}}],"inLanguage":"de"},{"@type":"Organization","@id":"https:\/\/www.visit-montenegro.com\/de\/#organization","name":"Visit Montenegro","url":"https:\/\/www.visit-montenegro.com\/de\/","logo":{"@type":"ImageObject","inLanguage":"de","@id":"https:\/\/www.visit-montenegro.com\/de\/#\/schema\/logo\/image\/","url":"https:\/\/www.visit-montenegro.com\/wp-content\/uploads\/2017\/10\/logo-amp.png","contentUrl":"https:\/\/www.visit-montenegro.com\/wp-content\/uploads\/2017\/10\/logo-amp.png","width":190,"height":36,"caption":"Visit Montenegro"},"image":{"@id":"https:\/\/www.visit-montenegro.com\/de\/#\/schema\/logo\/image\/"},"sameAs":["https:\/\/www.facebook.com\/visitmontenegro","https:\/\/x.com\/visitmontenegro","https:\/\/www.instagram.com\/visit_montenegro\/","https:\/\/www.youtube.com\/user\/VisitMontenegro"]}]}},"translations":[],"_links":{"self":[{"href":"https:\/\/www.visit-montenegro.com\/de\/wp-json\/wp\/v2\/pages\/135056","targetHints":{"allow":["GET"]}}],"collection":[{"href":"https:\/\/www.visit-montenegro.com\/de\/wp-json\/wp\/v2\/pages"}],"about":[{"href":"https:\/\/www.visit-montenegro.com\/de\/wp-json\/wp\/v2\/types\/page"}],"author":[{"embeddable":true,"href":"https:\/\/www.visit-montenegro.com\/de\/wp-json\/wp\/v2\/users\/1"}],"replies":[{"embeddable":true,"href":"https:\/\/www.visit-montenegro.com\/de\/wp-json\/wp\/v2\/comments?post=135056"}],"version-history":[{"count":0,"href":"https:\/\/www.visit-montenegro.com\/de\/wp-json\/wp\/v2\/pages\/135056\/revisions"}],"up":[{"embeddable":true,"href":"https:\/\/www.visit-montenegro.com\/de\/wp-json\/wp\/v2\/pages\/135045"}],"wp:featuredmedia":[{"embeddable":true,"href":"https:\/\/www.visit-montenegro.com\/de\/wp-json\/wp\/v2\/media\/135057"}],"wp:attachment":[{"href":"https:\/\/www.visit-montenegro.com\/de\/wp-json\/wp\/v2\/media?parent=135056"}],"wp:term":[{"taxonomy":"post_tag","embeddable":true,"href":"https:\/\/www.visit-montenegro.com\/de\/wp-json\/wp\/v2\/tags?post=135056"}],"curies":[{"name":"wp","href":"https:\/\/api.w.org\/{rel}","templated":true}]}}