{"id":135064,"date":"2026-01-27T21:44:32","date_gmt":"2026-01-27T20:44:32","guid":{"rendered":"https:\/\/new.visit-montenegro.com\/attractions\/valdanos\/"},"modified":"2026-02-22T17:12:21","modified_gmt":"2026-02-22T16:12:21","slug":"valdanos","status":"publish","type":"page","link":"https:\/\/www.visit-montenegro.com\/de\/reiseziele\/ulcinj\/sehenswuerdigkeiten\/valdanos\/","title":{"rendered":"Valdanos"},"content":{"rendered":"\n<p>Valdanos ist eine historische Bucht bei <a href=\"https:\/\/www.visit-montenegro.com\/de\/reiseziele\/ulcinj\/\">Ulcinj<\/a>, Montenegro, bekannt f\u00fcr ihre uralten Olivenhaine, Piratengeschichte und den Kiesstrand. Sie bietet Schwimmen, Sonnenbaden und M\u00f6glichkeiten zur Erkundung, einschlie\u00dflich Unterwasserforschung und Besuch eines historischen Leuchtturms.<\/p>\n\n<hr class=\"wp-block-separator has-alpha-channel-opacity\" \/>\n\n<h2 class=\"wp-block-heading\">Geschichte und nat\u00fcrliche Umgebung von Valdanos<\/h2>\n\n<p>Einen oder mehrere Tage Ihres Urlaubs sollten Sie dem Besuch der Bucht <strong>Valdanos<\/strong> widmen, und hier sind die Gr\u00fcnde. Die Bucht <strong>Valdanos<\/strong> liegt nur f\u00fcnf Kilometer nordwestlich von Ulcinj. Sie war einst der Hauptst\u00fctzpunkt der Ulcinjer Piraten und Schauplatz vieler Seeschlachten. Gut informierte Personen behaupten, dass die Bucht \u00dcberreste gesunkener Schiffe aus der griechischen und r\u00f6mischen Zeit sowie dem Mittelalter birgt.<\/p>\n\n<p>Gelegen zwischen den beiden H\u00fcgeln Mavrijan und Mendre ist die Bucht <strong>Valdanos<\/strong> ein wahres Versteck von Olivenb\u00e4umen. Aufgrund der Tatsache, dass in dieser Bucht 80.000 Olivenb\u00e4ume stehen, wird Ulcinj oft nachgesagt, ein Olivenklima zu haben. Im Vergleich zu anderen Buchten ist diese vor S\u00fcd- und Nordwinden gesch\u00fctzt und diente oft als Unterschlupf. Die Bucht ist von allen Seiten von Olivenhainen umgeben. Kenner dieser Gegend sagen, dass einige Olivenb\u00e4ume aus der Zeit des antiken Griechenlands stammen, w\u00e4hrend die meisten B\u00e4ume auf bis zu 300 Jahre alt gesch\u00e4tzt werden. Oliven waren in diesen Gebieten immer ein Gut, das Gold gleichkam. Oliven\u00f6l aus der Region Ulcinj erreichte \u00fcber Handelswege in Amphoren und Kr\u00fcgen Venedig, Rom, Kairo, Skadar, Skopje, <a href=\"https:\/\/www.visit-montenegro.com\/de\/reiseziele\/podgorica\/sehenswuerdigkeiten\/duklja\/\">Duklja<\/a> und Prizren\u2026<\/p>\n\n<h2 class=\"wp-block-heading\">Geografie und Infrastruktur<\/h2>\n\n<p>Vom Strand bis zur Stadt ist die Bucht <strong>Valdanos<\/strong> 5 Kilometer lang. Entlang des Randes der Bucht verl\u00e4uft eine gepflasterte Stra\u00dfe, die einerseits mit der Autobahn Ulcinj \u2013 <a href=\"https:\/\/www.visit-montenegro.com\/de\/reiseziele\/bar\/\">Bar<\/a> verbunden ist und andererseits mit Stadtstra\u00dfen. In der s\u00fcd\u00f6stlichen Ecke der Bucht befindet sich ein kleinerer Pier f\u00fcr Boote, Yachten und Ruderboote. Es gibt Spuren von Urbanisierung, aber bisher gab es keine arch\u00e4ologischen Forschungen. Neben dem Ufer selbst sind die \u00dcberreste einer kleineren Kirche zu sehen, von der man glaubt, dass sie von den Griechen erbaut wurde.<\/p>\n\n<p>Kaps, die die Bucht <strong>Valdanos<\/strong> sch\u00fctzen, fallen pl\u00f6tzlich ab und tauchen tief ins Meer ein. Dort befindet sich ein sehr sch\u00f6n angelegter Strand aus gr\u00f6\u00dferen Kieseln. Im Hintergrund ist der Strand mit Macchia und Pinienwald bewachsen. Er ist 600 Meter lang und durchschnittlich 20 Meter breit. Neben dem Strand gibt es ein Restaurant, Sportanlagen und eine Strandbar.<\/p>\n\n<h2 class=\"wp-block-heading\">Aktivit\u00e4ten und Erkundungsm\u00f6glichkeiten<\/h2>\n\n<p>Touristen, die aufgrund der Ruhe und des Rufs der Natur einen Teil ihres Urlaubs in der Bucht <strong>Valdanos<\/strong> verbringen m\u00f6chten, werden sicher keinen Fehler machen, denn neben Schwimmen, Sonnenbaden und Ausruhen im Schatten der 100 Jahre alten Olivenb\u00e4ume k\u00f6nnen sie leicht Gelegenheiten zum Camping, Erkunden der umliegenden Kaps und Erforschen der gesamten Bucht wie echte Arch\u00e4ologen, H\u00f6hlenforscher oder Botaniker finden\u2026<\/p>\n\n<p>Neben dem Genuss im idealen Schatten der Olivenhaine und Schwimmen im klaren, azurblauen Wasser k\u00f6nnen Sie in der Bucht <strong>Valdanos<\/strong> wie ein echter \u201eAntiquit\u00e4tenj\u00e4ger\u201c Unterwasserforschung betreiben, nach Schiffswracks suchen oder die vielf\u00e4ltige Meereswelt bewundern. Au\u00dferdem k\u00f6nnen Sie, wenn Sie m\u00f6chten, zum Kap Mendre gehen, auf dem der \u00e4lteste Leuchtturm Montenegros steht.<\/p>\n\n<h3 class=\"wp-block-heading\">Leuchtturmerlebnis<\/h3>\n\n<p>In dem kleinen Haus, das vor 20 Jahren f\u00fcr den alten Leuchtturmw\u00e4rter und seine Frau gebaut wurde, k\u00f6nnen Sie mit der Aufmerksamkeit des Gastgebers einige Details \u00fcber das Leben des Leuchtturmw\u00e4rters, \u00fcber das Meer und die Emotionen erfahren, die der Blick auf das \u201eoffene blaue Meer\u201c weckt\u2026<\/p>\n","protected":false},"excerpt":{"rendered":"<p>Entdecken Sie Valdanos, eine historische Bucht bei Ulcinj mit uralten Olivenhainen und einem Kiesstrand. Ideal zum Schwimmen, Erkunden der Piratengeschichte und Besuchen des \u00e4ltesten Leuchtturms Montenegros. Perfekt f\u00fcr Naturliebhaber und Abenteurer.<\/p>\n","protected":false},"author":1,"featured_media":135065,"parent":135045,"menu_order":0,"comment_status":"closed","ping_status":"closed","template":"","meta":{"_yoast_wpseo_focuskw":"Valdanos","_yoast_wpseo_metadesc":"Entdecken Sie Valdanos, eine historische Bucht in Montenegro mit uralten Olivenb\u00e4umen, Piratengeschichte und einem Kiesstrand. Perfekt zum Schwimmen, Sonnenbaden und f\u00fcr Abenteuer.","_kad_post_transparent":"","_kad_post_title":"","_kad_post_layout":"","_kad_post_sidebar_id":"","_kad_post_content_style":"","_kad_post_vertical_padding":"","_kad_post_feature":"","_kad_post_feature_position":"","_kad_post_header":false,"_kad_post_footer":false,"_kad_post_classname":"","iawp_total_views":3,"footnotes":""},"tags":[],"class_list":["post-135064","page","type-page","status-publish","has-post-thumbnail","hentry"],"yoast_head":"<!-- This site is optimized with the Yoast SEO plugin v27.3 - https:\/\/yoast.com\/product\/yoast-seo-wordpress\/ -->\n<title>Valdanos - Visit Montenegro<\/title>\n<meta name=\"description\" content=\"Entdecken Sie Valdanos, eine historische Bucht in Montenegro mit uralten Olivenb\u00e4umen, Piratengeschichte und einem Kiesstrand. Perfekt zum Schwimmen, Sonnenbaden und f\u00fcr Abenteuer.\" \/>\n<meta name=\"robots\" content=\"index, follow, max-snippet:-1, max-image-preview:large, max-video-preview:-1\" \/>\n<link rel=\"canonical\" href=\"https:\/\/www.visit-montenegro.com\/de\/reiseziele\/ulcinj\/sehenswuerdigkeiten\/valdanos\/\" \/>\n<meta property=\"og:locale\" content=\"de_DE\" \/>\n<meta property=\"og:type\" content=\"article\" \/>\n<meta property=\"og:title\" content=\"Valdanos - Visit Montenegro\" \/>\n<meta property=\"og:description\" content=\"Entdecken Sie Valdanos, eine historische Bucht in Montenegro mit uralten Olivenb\u00e4umen, Piratengeschichte und einem Kiesstrand. Perfekt zum Schwimmen, Sonnenbaden und f\u00fcr Abenteuer.\" \/>\n<meta property=\"og:url\" content=\"https:\/\/www.visit-montenegro.com\/de\/reiseziele\/ulcinj\/sehenswuerdigkeiten\/valdanos\/\" \/>\n<meta property=\"og:site_name\" content=\"Visit Montenegro\" \/>\n<meta property=\"article:publisher\" content=\"https:\/\/www.facebook.com\/visitmontenegro\" \/>\n<meta property=\"article:modified_time\" content=\"2026-02-22T16:12:21+00:00\" \/>\n<meta property=\"og:image\" content=\"https:\/\/www.visit-montenegro.com\/wp-content\/uploads\/2026\/01\/ulcinj-valdanos-olive-trees-scaled.jpg\" \/>\n\t<meta property=\"og:image:width\" content=\"1600\" \/>\n\t<meta property=\"og:image:height\" content=\"1068\" \/>\n\t<meta property=\"og:image:type\" content=\"image\/jpeg\" \/>\n<meta name=\"twitter:card\" content=\"summary_large_image\" \/>\n<meta name=\"twitter:site\" content=\"@visitmontenegro\" \/>\n<meta name=\"twitter:label1\" content=\"Gesch\u00e4tzte Lesezeit\" \/>\n\t<meta name=\"twitter:data1\" content=\"3\u00a0Minuten\" \/>\n<script type=\"application\/ld+json\" class=\"yoast-schema-graph\">{\"@context\":\"https:\\\/\\\/schema.org\",\"@graph\":[{\"@type\":\"WebPage\",\"@id\":\"https:\\\/\\\/www.visit-montenegro.com\\\/de\\\/reiseziele\\\/ulcinj\\\/sehenswuerdigkeiten\\\/valdanos\\\/\",\"url\":\"https:\\\/\\\/www.visit-montenegro.com\\\/de\\\/reiseziele\\\/ulcinj\\\/sehenswuerdigkeiten\\\/valdanos\\\/\",\"name\":\"Valdanos - Visit Montenegro\",\"isPartOf\":{\"@id\":\"https:\\\/\\\/www.visit-montenegro.com\\\/de\\\/#website\"},\"primaryImageOfPage\":{\"@id\":\"https:\\\/\\\/www.visit-montenegro.com\\\/de\\\/reiseziele\\\/ulcinj\\\/sehenswuerdigkeiten\\\/valdanos\\\/#primaryimage\"},\"image\":{\"@id\":\"https:\\\/\\\/www.visit-montenegro.com\\\/de\\\/reiseziele\\\/ulcinj\\\/sehenswuerdigkeiten\\\/valdanos\\\/#primaryimage\"},\"thumbnailUrl\":\"https:\\\/\\\/www.visit-montenegro.com\\\/wp-content\\\/uploads\\\/2026\\\/01\\\/ulcinj-valdanos-olive-trees-scaled.jpg\",\"datePublished\":\"2026-01-27T20:44:32+00:00\",\"dateModified\":\"2026-02-22T16:12:21+00:00\",\"description\":\"Entdecken Sie Valdanos, eine historische Bucht in Montenegro mit uralten Olivenb\u00e4umen, Piratengeschichte und einem Kiesstrand. Perfekt zum Schwimmen, Sonnenbaden und f\u00fcr Abenteuer.\",\"breadcrumb\":{\"@id\":\"https:\\\/\\\/www.visit-montenegro.com\\\/de\\\/reiseziele\\\/ulcinj\\\/sehenswuerdigkeiten\\\/valdanos\\\/#breadcrumb\"},\"inLanguage\":\"de\",\"potentialAction\":[{\"@type\":\"ReadAction\",\"target\":[\"https:\\\/\\\/www.visit-montenegro.com\\\/de\\\/reiseziele\\\/ulcinj\\\/sehenswuerdigkeiten\\\/valdanos\\\/\"]}]},{\"@type\":\"ImageObject\",\"inLanguage\":\"de\",\"@id\":\"https:\\\/\\\/www.visit-montenegro.com\\\/de\\\/reiseziele\\\/ulcinj\\\/sehenswuerdigkeiten\\\/valdanos\\\/#primaryimage\",\"url\":\"https:\\\/\\\/www.visit-montenegro.com\\\/wp-content\\\/uploads\\\/2026\\\/01\\\/ulcinj-valdanos-olive-trees-scaled.jpg\",\"contentUrl\":\"https:\\\/\\\/www.visit-montenegro.com\\\/wp-content\\\/uploads\\\/2026\\\/01\\\/ulcinj-valdanos-olive-trees-scaled.jpg\",\"width\":1600,\"height\":1068,\"caption\":\"Olivenb\u00e4ume im Herbst in Valdanos, Ulcinj, Montenegro\"},{\"@type\":\"BreadcrumbList\",\"@id\":\"https:\\\/\\\/www.visit-montenegro.com\\\/de\\\/reiseziele\\\/ulcinj\\\/sehenswuerdigkeiten\\\/valdanos\\\/#breadcrumb\",\"itemListElement\":[{\"@type\":\"ListItem\",\"position\":1,\"name\":\"Home\",\"item\":\"https:\\\/\\\/www.visit-montenegro.com\\\/de\\\/home\\\/\"},{\"@type\":\"ListItem\",\"position\":2,\"name\":\"Reiseziele in Montenegro\",\"item\":\"https:\\\/\\\/www.visit-montenegro.com\\\/de\\\/reiseziele\\\/\"},{\"@type\":\"ListItem\",\"position\":3,\"name\":\"Ulcinj\",\"item\":\"https:\\\/\\\/www.visit-montenegro.com\\\/de\\\/reiseziele\\\/ulcinj\\\/\"},{\"@type\":\"ListItem\",\"position\":4,\"name\":\"Ulcinj Sehensw\u00fcrdigkeiten\",\"item\":\"https:\\\/\\\/www.visit-montenegro.com\\\/de\\\/reiseziele\\\/ulcinj\\\/sehenswuerdigkeiten\\\/\"},{\"@type\":\"ListItem\",\"position\":5,\"name\":\"Valdanos\"}]},{\"@type\":\"WebSite\",\"@id\":\"https:\\\/\\\/www.visit-montenegro.com\\\/de\\\/#website\",\"url\":\"https:\\\/\\\/www.visit-montenegro.com\\\/de\\\/\",\"name\":\"Visit Montenegro\",\"description\":\"Breathtaking beauty\",\"publisher\":{\"@id\":\"https:\\\/\\\/www.visit-montenegro.com\\\/de\\\/#organization\"},\"potentialAction\":[{\"@type\":\"SearchAction\",\"target\":{\"@type\":\"EntryPoint\",\"urlTemplate\":\"https:\\\/\\\/www.visit-montenegro.com\\\/de\\\/?s={search_term_string}\"},\"query-input\":{\"@type\":\"PropertyValueSpecification\",\"valueRequired\":true,\"valueName\":\"search_term_string\"}}],\"inLanguage\":\"de\"},{\"@type\":\"Organization\",\"@id\":\"https:\\\/\\\/www.visit-montenegro.com\\\/de\\\/#organization\",\"name\":\"Visit Montenegro\",\"url\":\"https:\\\/\\\/www.visit-montenegro.com\\\/de\\\/\",\"logo\":{\"@type\":\"ImageObject\",\"inLanguage\":\"de\",\"@id\":\"https:\\\/\\\/www.visit-montenegro.com\\\/de\\\/#\\\/schema\\\/logo\\\/image\\\/\",\"url\":\"https:\\\/\\\/www.visit-montenegro.com\\\/wp-content\\\/uploads\\\/2017\\\/10\\\/logo-amp.png\",\"contentUrl\":\"https:\\\/\\\/www.visit-montenegro.com\\\/wp-content\\\/uploads\\\/2017\\\/10\\\/logo-amp.png\",\"width\":190,\"height\":36,\"caption\":\"Visit Montenegro\"},\"image\":{\"@id\":\"https:\\\/\\\/www.visit-montenegro.com\\\/de\\\/#\\\/schema\\\/logo\\\/image\\\/\"},\"sameAs\":[\"https:\\\/\\\/www.facebook.com\\\/visitmontenegro\",\"https:\\\/\\\/x.com\\\/visitmontenegro\",\"https:\\\/\\\/www.instagram.com\\\/visit_montenegro\\\/\",\"https:\\\/\\\/www.youtube.com\\\/user\\\/VisitMontenegro\"]}]}<\/script>\n<!-- \/ Yoast SEO plugin. -->","yoast_head_json":{"title":"Valdanos - Visit Montenegro","description":"Entdecken Sie Valdanos, eine historische Bucht in Montenegro mit uralten Olivenb\u00e4umen, Piratengeschichte und einem Kiesstrand. Perfekt zum Schwimmen, Sonnenbaden und f\u00fcr Abenteuer.","robots":{"index":"index","follow":"follow","max-snippet":"max-snippet:-1","max-image-preview":"max-image-preview:large","max-video-preview":"max-video-preview:-1"},"canonical":"https:\/\/www.visit-montenegro.com\/de\/reiseziele\/ulcinj\/sehenswuerdigkeiten\/valdanos\/","og_locale":"de_DE","og_type":"article","og_title":"Valdanos - Visit Montenegro","og_description":"Entdecken Sie Valdanos, eine historische Bucht in Montenegro mit uralten Olivenb\u00e4umen, Piratengeschichte und einem Kiesstrand. Perfekt zum Schwimmen, Sonnenbaden und f\u00fcr Abenteuer.","og_url":"https:\/\/www.visit-montenegro.com\/de\/reiseziele\/ulcinj\/sehenswuerdigkeiten\/valdanos\/","og_site_name":"Visit Montenegro","article_publisher":"https:\/\/www.facebook.com\/visitmontenegro","article_modified_time":"2026-02-22T16:12:21+00:00","og_image":[{"width":1600,"height":1068,"url":"https:\/\/www.visit-montenegro.com\/wp-content\/uploads\/2026\/01\/ulcinj-valdanos-olive-trees-scaled.jpg","type":"image\/jpeg"}],"twitter_card":"summary_large_image","twitter_site":"@visitmontenegro","twitter_misc":{"Gesch\u00e4tzte Lesezeit":"3\u00a0Minuten"},"schema":{"@context":"https:\/\/schema.org","@graph":[{"@type":"WebPage","@id":"https:\/\/www.visit-montenegro.com\/de\/reiseziele\/ulcinj\/sehenswuerdigkeiten\/valdanos\/","url":"https:\/\/www.visit-montenegro.com\/de\/reiseziele\/ulcinj\/sehenswuerdigkeiten\/valdanos\/","name":"Valdanos - Visit Montenegro","isPartOf":{"@id":"https:\/\/www.visit-montenegro.com\/de\/#website"},"primaryImageOfPage":{"@id":"https:\/\/www.visit-montenegro.com\/de\/reiseziele\/ulcinj\/sehenswuerdigkeiten\/valdanos\/#primaryimage"},"image":{"@id":"https:\/\/www.visit-montenegro.com\/de\/reiseziele\/ulcinj\/sehenswuerdigkeiten\/valdanos\/#primaryimage"},"thumbnailUrl":"https:\/\/www.visit-montenegro.com\/wp-content\/uploads\/2026\/01\/ulcinj-valdanos-olive-trees-scaled.jpg","datePublished":"2026-01-27T20:44:32+00:00","dateModified":"2026-02-22T16:12:21+00:00","description":"Entdecken Sie Valdanos, eine historische Bucht in Montenegro mit uralten Olivenb\u00e4umen, Piratengeschichte und einem Kiesstrand. Perfekt zum Schwimmen, Sonnenbaden und f\u00fcr Abenteuer.","breadcrumb":{"@id":"https:\/\/www.visit-montenegro.com\/de\/reiseziele\/ulcinj\/sehenswuerdigkeiten\/valdanos\/#breadcrumb"},"inLanguage":"de","potentialAction":[{"@type":"ReadAction","target":["https:\/\/www.visit-montenegro.com\/de\/reiseziele\/ulcinj\/sehenswuerdigkeiten\/valdanos\/"]}]},{"@type":"ImageObject","inLanguage":"de","@id":"https:\/\/www.visit-montenegro.com\/de\/reiseziele\/ulcinj\/sehenswuerdigkeiten\/valdanos\/#primaryimage","url":"https:\/\/www.visit-montenegro.com\/wp-content\/uploads\/2026\/01\/ulcinj-valdanos-olive-trees-scaled.jpg","contentUrl":"https:\/\/www.visit-montenegro.com\/wp-content\/uploads\/2026\/01\/ulcinj-valdanos-olive-trees-scaled.jpg","width":1600,"height":1068,"caption":"Olivenb\u00e4ume im Herbst in Valdanos, Ulcinj, Montenegro"},{"@type":"BreadcrumbList","@id":"https:\/\/www.visit-montenegro.com\/de\/reiseziele\/ulcinj\/sehenswuerdigkeiten\/valdanos\/#breadcrumb","itemListElement":[{"@type":"ListItem","position":1,"name":"Home","item":"https:\/\/www.visit-montenegro.com\/de\/home\/"},{"@type":"ListItem","position":2,"name":"Reiseziele in Montenegro","item":"https:\/\/www.visit-montenegro.com\/de\/reiseziele\/"},{"@type":"ListItem","position":3,"name":"Ulcinj","item":"https:\/\/www.visit-montenegro.com\/de\/reiseziele\/ulcinj\/"},{"@type":"ListItem","position":4,"name":"Ulcinj Sehensw\u00fcrdigkeiten","item":"https:\/\/www.visit-montenegro.com\/de\/reiseziele\/ulcinj\/sehenswuerdigkeiten\/"},{"@type":"ListItem","position":5,"name":"Valdanos"}]},{"@type":"WebSite","@id":"https:\/\/www.visit-montenegro.com\/de\/#website","url":"https:\/\/www.visit-montenegro.com\/de\/","name":"Visit Montenegro","description":"Breathtaking beauty","publisher":{"@id":"https:\/\/www.visit-montenegro.com\/de\/#organization"},"potentialAction":[{"@type":"SearchAction","target":{"@type":"EntryPoint","urlTemplate":"https:\/\/www.visit-montenegro.com\/de\/?s={search_term_string}"},"query-input":{"@type":"PropertyValueSpecification","valueRequired":true,"valueName":"search_term_string"}}],"inLanguage":"de"},{"@type":"Organization","@id":"https:\/\/www.visit-montenegro.com\/de\/#organization","name":"Visit Montenegro","url":"https:\/\/www.visit-montenegro.com\/de\/","logo":{"@type":"ImageObject","inLanguage":"de","@id":"https:\/\/www.visit-montenegro.com\/de\/#\/schema\/logo\/image\/","url":"https:\/\/www.visit-montenegro.com\/wp-content\/uploads\/2017\/10\/logo-amp.png","contentUrl":"https:\/\/www.visit-montenegro.com\/wp-content\/uploads\/2017\/10\/logo-amp.png","width":190,"height":36,"caption":"Visit Montenegro"},"image":{"@id":"https:\/\/www.visit-montenegro.com\/de\/#\/schema\/logo\/image\/"},"sameAs":["https:\/\/www.facebook.com\/visitmontenegro","https:\/\/x.com\/visitmontenegro","https:\/\/www.instagram.com\/visit_montenegro\/","https:\/\/www.youtube.com\/user\/VisitMontenegro"]}]}},"translations":[],"_links":{"self":[{"href":"https:\/\/www.visit-montenegro.com\/de\/wp-json\/wp\/v2\/pages\/135064","targetHints":{"allow":["GET"]}}],"collection":[{"href":"https:\/\/www.visit-montenegro.com\/de\/wp-json\/wp\/v2\/pages"}],"about":[{"href":"https:\/\/www.visit-montenegro.com\/de\/wp-json\/wp\/v2\/types\/page"}],"author":[{"embeddable":true,"href":"https:\/\/www.visit-montenegro.com\/de\/wp-json\/wp\/v2\/users\/1"}],"replies":[{"embeddable":true,"href":"https:\/\/www.visit-montenegro.com\/de\/wp-json\/wp\/v2\/comments?post=135064"}],"version-history":[{"count":0,"href":"https:\/\/www.visit-montenegro.com\/de\/wp-json\/wp\/v2\/pages\/135064\/revisions"}],"up":[{"embeddable":true,"href":"https:\/\/www.visit-montenegro.com\/de\/wp-json\/wp\/v2\/pages\/135045"}],"wp:featuredmedia":[{"embeddable":true,"href":"https:\/\/www.visit-montenegro.com\/de\/wp-json\/wp\/v2\/media\/135065"}],"wp:attachment":[{"href":"https:\/\/www.visit-montenegro.com\/de\/wp-json\/wp\/v2\/media?parent=135064"}],"wp:term":[{"taxonomy":"post_tag","embeddable":true,"href":"https:\/\/www.visit-montenegro.com\/de\/wp-json\/wp\/v2\/tags?post=135064"}],"curies":[{"name":"wp","href":"https:\/\/api.w.org\/{rel}","templated":true}]}}