{"id":135074,"date":"2026-01-27T21:44:32","date_gmt":"2026-01-27T20:44:32","guid":{"rendered":"https:\/\/new.visit-montenegro.com\/info\/straende\/"},"modified":"2026-02-22T17:12:22","modified_gmt":"2026-02-22T16:12:22","slug":"straende","status":"publish","type":"page","link":"https:\/\/www.visit-montenegro.com\/de\/reiseziele\/ulcinj\/info\/straende\/","title":{"rendered":"Ulcinj Str\u00e4nde"},"content":{"rendered":"\n<p><a href=\"https:\/\/www.visit-montenegro.com\/de\/reiseziele\/ulcinj\/\">Ulcinj<\/a>, Montenegro, ist ber\u00fchmt f\u00fcr seine ausgedehnten, atemberaubenden Str\u00e4nde mit einzigartigem, mehlartigem Sand und bietet ein himmlisches K\u00fcstenerlebnis mit warmem Meer und mildem Klima.<\/p>\n\n<hr class=\"wp-block-separator has-alpha-channel-opacity\"\/>\n\n<h2 class=\"wp-block-heading\">Die Faszination der Ulcinj Str\u00e4nde<\/h2>\n\n<p>Ulcinj ist auch au\u00dferhalb der Grenzen Montenegros bekannt. Es hat sehr lange und sch\u00f6ne <strong>Ulcinj Str\u00e4nde<\/strong> mit einzigartigem, feinem Sand wie Mehl. Die K\u00fcste ist 32 km lang, mit 18 km Str\u00e4nden. Die sch\u00f6nsten und gr\u00f6\u00dften sind Sandstr\u00e4nde, die sich \u00fcber 15 km erstrecken. Unter etwa 25 Str\u00e4nden stechen Sandstr\u00e4nde wie Velika plaza, Mala plaza, <a href=\"https:\/\/www.visit-montenegro.com\/de\/reiseziele\/ulcinj\/sehenswuerdigkeiten\/ada-bojana\/\">Ada Bojana<\/a>, Borove sume und <a href=\"https:\/\/www.visit-montenegro.com\/de\/reiseziele\/ulcinj\/sehenswuerdigkeiten\/valdanos\/\">Valdanos<\/a> durch ihre Sch\u00f6nheit und Atmosph\u00e4re hervor.<\/p>\n\n<p>Besucher str\u00f6men zu den <strong>Ulcinj Str\u00e4nden<\/strong> f\u00fcr Sonne, Meer und Sand und nennen sie oft &#8222;von Gott gegeben&#8220;. Der Sand hat feine, warme K\u00f6rner. Das Meer ist warm, klar und durchsichtig, mit 56 Metern Sichtweite \u2013 der h\u00f6chste Wert an der Adria. Dies, kombiniert mit einem milden K\u00fcstenklima, macht es f\u00fcr Touristen unwiderstehlich.<\/p>\n\n<p>Das Klima von Ulcinj ist an der montenegrinischen K\u00fcste sehr begehrt, da es wenige Tropentage gibt. Die Lufttemperaturen im Sommer erreichen bis zu 38\u00b0C, im Durchschnitt 25,2\u00b0C. Die Sonne scheint im Sommer bis zu 11,5 Stunden t\u00e4glich. Die Sonnenbad- und Badesaison dauert fast 6 Monate, von Mai bis Oktober.<\/p>\n\n<p>Diejenigen, die die <strong>Ulcinj Str\u00e4nde<\/strong> besuchen, beschreiben das Erlebnis als &#8222;Himmel auf Erden&#8220;. In der Tat schafft die Natur rund um diese Str\u00e4nde \u2013 feiner Sand, warmes azurblaues Meer, Schilf, Holzh\u00e4user, Flo\u00dfrestaurants, Sonne und Wellenger\u00e4usche \u2013 eine friedliche Atmosph\u00e4re.<\/p>\n\n<figure class=\"wp-block-image size-large\"><img loading=\"lazy\" decoding=\"async\" width=\"1024\" height=\"768\" src=\"https:\/\/www.visit-montenegro.com\/wp-content\/uploads\/2026\/01\/ulcinj-bojana-ada-1024x768.jpg\" alt=\"\" class=\"wp-image-36229\" srcset=\"https:\/\/www.visit-montenegro.com\/wp-content\/uploads\/2026\/01\/ulcinj-bojana-ada-1024x768.jpg 1024w, https:\/\/www.visit-montenegro.com\/wp-content\/uploads\/2026\/01\/ulcinj-bojana-ada-300x225.jpg 300w, https:\/\/www.visit-montenegro.com\/wp-content\/uploads\/2026\/01\/ulcinj-bojana-ada-768x576.jpg 768w, https:\/\/www.visit-montenegro.com\/wp-content\/uploads\/2026\/01\/ulcinj-bojana-ada-1536x1152.jpg 1536w, https:\/\/www.visit-montenegro.com\/wp-content\/uploads\/2026\/01\/ulcinj-bojana-ada-1200x900.jpg 1200w, https:\/\/www.visit-montenegro.com\/wp-content\/uploads\/2026\/01\/ulcinj-bojana-ada-scaled.jpg 1600w\" sizes=\"auto, (max-width: 1024px) 100vw, 1024px\" \/><figcaption class=\"wp-element-caption\">Luftaufnahme des Flusses Bojana und der Insel Ada Bojana, Montenegro<\/figcaption><\/figure>\n\n<p>Viele ausl\u00e4ndische Touristen kehren j\u00e4hrlich nach Ulcinj zur\u00fcck. Eine gro\u00dfe Anzahl verbringt ihren Urlaub an der M\u00fcndung des <a href=\"https:\/\/www.visit-montenegro.com\/de\/attractions\/ada-bojana\/\">Flusses Bojana<\/a>, an einem feinen Sandstrand, oft in nudistischen Umgebungen, und verbindet sich mit der Natur neu. Andere w\u00e4hlen die <strong>Ulcinj Str\u00e4nde<\/strong>, weil das Gebiet &#8222;Energie und vergessene Emotionen zur\u00fcckbringt&#8220;.<\/p>\n\n<h2 class=\"wp-block-heading\">Hauptsandstr\u00e4nde von Ulcinj<\/h2>\n\n<p>Fast jeder Tourist in Ulcinj besucht den <a href=\"https:\/\/www.visit-montenegro.com\/de\/attractions\/long-beach\/\">Ulcinj Langen Strand<\/a>, 5 km vom Zentrum entfernt. Er ist 12 km lang und 60 m breit, mit einer Fl\u00e4che von 600.000 m\u00b2 und einer Kapazit\u00e4t von 150.000 Schwimmern. Dieser Strand ist ein Favorit aufgrund seines feinen Sands, der Mehl \u00e4hnelt, mit K\u00f6rnern von 0,1 bis 0,5 mm Durchmesser. Der Sand hat heilende Eigenschaften, empfohlen bei Extremit\u00e4tenproblemen, Ischias, Wirbels\u00e4ulenproblemen und Fruchtbarkeit. Unterhalb von Djeran cope, am Anfang des gro\u00dfen Strandes, liegt der Hafen &#8222;Porta Milena&#8220; mit Holzh\u00fctten auf dem Wasser, genannt Kalimera.<\/p>\n\n<figure class=\"wp-block-image size-large\"><img loading=\"lazy\" decoding=\"async\" width=\"1024\" height=\"620\" src=\"https:\/\/www.visit-montenegro.com\/wp-content\/uploads\/2026\/01\/ulcinj-long-beach-kites-1024x620.jpg\" alt=\"\" class=\"wp-image-36235\" srcset=\"https:\/\/www.visit-montenegro.com\/wp-content\/uploads\/2026\/01\/ulcinj-long-beach-kites-1024x620.jpg 1024w, https:\/\/www.visit-montenegro.com\/wp-content\/uploads\/2026\/01\/ulcinj-long-beach-kites-300x182.jpg 300w, https:\/\/www.visit-montenegro.com\/wp-content\/uploads\/2026\/01\/ulcinj-long-beach-kites-768x465.jpg 768w, https:\/\/www.visit-montenegro.com\/wp-content\/uploads\/2026\/01\/ulcinj-long-beach-kites-1536x930.jpg 1536w, https:\/\/www.visit-montenegro.com\/wp-content\/uploads\/2026\/01\/ulcinj-long-beach-kites-1200x726.jpg 1200w, https:\/\/www.visit-montenegro.com\/wp-content\/uploads\/2026\/01\/ulcinj-long-beach-kites-scaled.jpg 1600w\" sizes=\"auto, (max-width: 1024px) 100vw, 1024px\" \/><figcaption class=\"wp-element-caption\">Kitesurfen auf der Adria in Ulcinj, Montenegro, Europa<\/figcaption><\/figure>\n\n<p>Der Kleine Strand, oder Stadtstrand, ist ebenfalls sehr interessant. Er ist 376 Meter lang mit einer Fl\u00e4che von 12.787 m\u00b2, bedeckt mit feinem Sand. Gelegen in einer sch\u00f6nen Bucht zwischen den Halbinseln Ratislava und Starogradska Tvrdjava, erf\u00fcllt er Weltnormen mit 5 m freiem Raum pro Schwimmer und bietet Platz f\u00fcr 2.557 Touristen. Auf der Halbinsel Ada Bojana gibt es einen Nudistenstrand gleichen Namens, 1.880 Meter lang. Dieser Strand ist einzigartig, da er auf zwei Seiten vom Fluss Bojana und auf der dritten vom Meer besp\u00fclt wird, was Schwimmen in salzigem und s\u00fc\u00dfem Wasser erm\u00f6glicht. Der Kleine Strand respektiert ebenfalls die 5-Meter-Norm, mit einer Kapazit\u00e4t von 12.880 G\u00e4sten.<\/p>\n\n<figure class=\"wp-block-image size-large\"><img loading=\"lazy\" decoding=\"async\" width=\"1024\" height=\"683\" src=\"https:\/\/www.visit-montenegro.com\/wp-content\/uploads\/2026\/01\/ulcinj-city-beach-1024x683.jpg\" alt=\"\" class=\"wp-image-36231\" srcset=\"https:\/\/www.visit-montenegro.com\/wp-content\/uploads\/2026\/01\/ulcinj-city-beach-1024x683.jpg 1024w, https:\/\/www.visit-montenegro.com\/wp-content\/uploads\/2026\/01\/ulcinj-city-beach-300x200.jpg 300w, https:\/\/www.visit-montenegro.com\/wp-content\/uploads\/2026\/01\/ulcinj-city-beach-768x512.jpg 768w, https:\/\/www.visit-montenegro.com\/wp-content\/uploads\/2026\/01\/ulcinj-city-beach-1536x1024.jpg 1536w, https:\/\/www.visit-montenegro.com\/wp-content\/uploads\/2026\/01\/ulcinj-city-beach-1200x800.jpg 1200w, https:\/\/www.visit-montenegro.com\/wp-content\/uploads\/2026\/01\/ulcinj-city-beach-scaled.jpg 1600w\" sizes=\"auto, (max-width: 1024px) 100vw, 1024px\" \/><figcaption class=\"wp-element-caption\">Ein malerischer Strand in der Stadt Ulcinj. Montenegro.<\/figcaption><\/figure>\n\n<p>Diese <strong>Ulcinj Str\u00e4nde<\/strong> sind aufgrund sandiger Untiefen \u00e4u\u00dferst geeignet f\u00fcr Kinder und erm\u00f6glichen sorgloses Schwimmen, Sonnenbaden und Spielen an langen Sandufern.<\/p>\n\n<h2 class=\"wp-block-heading\">Andere bemerkenswerte Str\u00e4nde und Attraktionen<\/h2>\n\n<p>Die K\u00fcste von Ulcinj ist eine der am st\u00e4rksten gegliederten Meeresk\u00fcsten mit zahlreichen Buchten, Meeresarmen, Inseln und mehr, die viele Schwimm- und Sonnenbadpl\u00e4tze bieten.<\/p>\n\n<p>Die Ulcinj Bucht Valdanos hat einen 800 Meter langen Kiesstrand aus zerkleinerten Steinbrocken, mit einer Fl\u00e4che von 14.000 m\u00b2. Dahinter liegen die Str\u00e4nde Stari Ulcinj (250 m lang, 5.000 m\u00b2 Fl\u00e4che, Kapazit\u00e4t 1.000) und Kruce (600 m lang, 6.000 m\u00b2 Fl\u00e4che, Kapazit\u00e4t 1.200).<\/p>\n\n<p>Von Ulcinj in Richtung <a href=\"https:\/\/www.visit-montenegro.com\/de\/attractions\/valdanos\/\">Valdanos<\/a>, nach rechts abbiegend, finden Sie kiesig-steinerne Str\u00e4nde, beliebt f\u00fcr geheime, friedliche Pl\u00e4tze. Dazu geh\u00f6ren:<\/p>\n\n<ul class=\"wp-block-list\">\n<li><strong>Basbuljuk<\/strong>: 100 m lang, Kapazit\u00e4t 200 Schwimmer.<\/li>\n\n\n\n<li><strong>Maslinjak<\/strong>: 50 m Fl\u00e4che, ideal f\u00fcr intime Entspannung unter Olivenb\u00e4umen.<\/li>\n\n\n\n<li><strong>Opaljike<\/strong>: 100 m lang.<\/li>\n\n\n\n<li><strong>Dzemilina plaza<\/strong>: 150 m lang.<\/li>\n\n\n\n<li><strong>Ljama<\/strong>: 100 m lang.<\/li>\n\n\n\n<li><strong>Rejmet beach<\/strong>: 100 m lang.<\/li>\n\n\n\n<li><strong>Crnogorsko guvno<\/strong>: 150 m lang.<\/li>\n<\/ul>\n\n<p>Alle diese Str\u00e4nde sind besser vom Meer aus erreichbar, mit Paddelboot, Touristentaxiboot oder Barke f\u00fcr Abenteuerlustige.<\/p>\n\n<p>Entlang des Kiefernwaldes zwischen den Hotels &#8222;Albatros&#8220; und &#8222;Galeb&#8220; gibt es eine 1 km lange Reihe kleinerer Hotelstr\u00e4nde, darunter Ludovigs, Paneuropa, Skalice, Borici I, Borici II, Zenska plaza und ein Teil des &#8222;Albatros&#8220;-Strandes f\u00fcr Nudisten. Unterhalb der alten Stadtfestung liegt &#8222;Dvora Balsica&#8220;, gefolgt von Liman I und Liman II.<\/p>\n\n<p>Der Frauenstrand zwischen &#8222;Albatros&#8220; und &#8222;Galeb&#8220; ist besonders interessant. Er hat sulfithaltiges Heilwasser, das bei Frauenkrankheiten und Sterilit\u00e4t n\u00fctzlich ist, und zieht viele Frauen aus dem In- und Ausland an. Dieser Strand ist nudistisch und ausschlie\u00dflich f\u00fcr Frauen.<\/p>\n\n<p>F\u00fcr Abenteuer besuchen Sie den Sasko-See in der N\u00e4he des Flusses Bojana, reich an Fisch und mit transparentem Wasser, mit \u00dcberresten der antiken Stadt Svac in der N\u00e4he. Am Ufer des Flusses Bojana sehen Sie bunte Pfahlbauten, die von Nudisten und Touristen genutzt werden. Genie\u00dfen Sie Gespr\u00e4che mit Fischern und probieren Sie frischen Seefisch in authentischen Restaurants. Es gibt hier auch einen bekannten Nudistenstrand.<\/p>\n\n<p>Wenn Sie nicht an Abenteuern interessiert sind, bleiben Sie am Meer oder unternehmen Sie Ausfl\u00fcge von Ulcinj zu St\u00e4dten wie <a href=\"https:\/\/www.visit-montenegro.com\/de\/reiseziele\/bar\/\">Bar<\/a>, <a href=\"https:\/\/www.visit-montenegro.com\/de\/reiseziele\/petrovac\/\">Petrovac<\/a>, <a href=\"https:\/\/www.visit-montenegro.com\/de\/reiseziele\/budva\/\">Budva<\/a>, <a href=\"https:\/\/www.visit-montenegro.com\/de\/reiseziele\/kotor\/\">Kotor<\/a> oder Herceg Novi, organisiert von privaten Minitaxibarken oder Taxibooten.<\/p>\n\n<p>Ob f\u00fcr abenteuerliche oder touristische Urlaube in Ulcinj, wir w\u00fcnschen Ihnen eine sch\u00f6ne Zeit und viel Freude an allem, was Ulcinj wirklich ausmacht.<\/p>\n","protected":false},"excerpt":{"rendered":"<p>Entdecken Sie die beeindruckenden Str\u00e4nde von Ulcinj mit einzigartigem, mehlartigem Sand und warmem, klarem Meer. Vom ber\u00fchmten Langen Strand bis zu versteckten Buchten \u2013 erfahren Sie, warum diese K\u00fcstenjuwelen als &#8222;Himmel auf Erden&#8220; f\u00fcr Touristen und Familien gelten.<\/p>\n","protected":false},"author":1,"featured_media":135075,"parent":135070,"menu_order":0,"comment_status":"closed","ping_status":"closed","template":"","meta":{"_yoast_wpseo_focuskw":"Ulcinj Str\u00e4nde","_yoast_wpseo_metadesc":"Entdecken Sie die atemberaubenden Str\u00e4nde von Ulcinj mit feinem Sand und kristallklarem Wasser. Erkunden Sie Top-Spots wie den Langen Strand und Ada Bojana f\u00fcr einen perfekten K\u00fcstenurlaub in Montenegro.","_kad_post_transparent":"","_kad_post_title":"","_kad_post_layout":"","_kad_post_sidebar_id":"","_kad_post_content_style":"","_kad_post_vertical_padding":"","_kad_post_feature":"","_kad_post_feature_position":"","_kad_post_header":false,"_kad_post_footer":false,"_kad_post_classname":"","iawp_total_views":8,"footnotes":""},"tags":[],"class_list":["post-135074","page","type-page","status-publish","has-post-thumbnail","hentry"],"yoast_head":"<!-- This site is optimized with the Yoast SEO plugin v27.3 - https:\/\/yoast.com\/product\/yoast-seo-wordpress\/ -->\n<title>Ulcinj Str\u00e4nde - Visit Montenegro<\/title>\n<meta name=\"description\" content=\"Entdecken Sie die atemberaubenden Str\u00e4nde von Ulcinj mit feinem Sand und kristallklarem Wasser. Erkunden Sie Top-Spots wie den Langen Strand und Ada Bojana f\u00fcr einen perfekten K\u00fcstenurlaub in Montenegro.\" \/>\n<meta name=\"robots\" content=\"index, follow, max-snippet:-1, max-image-preview:large, max-video-preview:-1\" \/>\n<link rel=\"canonical\" href=\"https:\/\/www.visit-montenegro.com\/de\/reiseziele\/ulcinj\/info\/straende\/\" \/>\n<meta property=\"og:locale\" content=\"de_DE\" \/>\n<meta property=\"og:type\" content=\"article\" \/>\n<meta property=\"og:title\" content=\"Ulcinj Str\u00e4nde - Visit Montenegro\" \/>\n<meta property=\"og:description\" content=\"Entdecken Sie die atemberaubenden Str\u00e4nde von Ulcinj mit feinem Sand und kristallklarem Wasser. Erkunden Sie Top-Spots wie den Langen Strand und Ada Bojana f\u00fcr einen perfekten K\u00fcstenurlaub in Montenegro.\" \/>\n<meta property=\"og:url\" content=\"https:\/\/www.visit-montenegro.com\/de\/reiseziele\/ulcinj\/info\/straende\/\" \/>\n<meta property=\"og:site_name\" content=\"Visit Montenegro\" \/>\n<meta property=\"article:publisher\" content=\"https:\/\/www.facebook.com\/visitmontenegro\" \/>\n<meta property=\"article:modified_time\" content=\"2026-02-22T16:12:22+00:00\" \/>\n<meta property=\"og:image\" content=\"https:\/\/www.visit-montenegro.com\/wp-content\/uploads\/2026\/01\/ulcinj-long-beach-01-scaled.jpg\" \/>\n\t<meta property=\"og:image:width\" content=\"1600\" \/>\n\t<meta property=\"og:image:height\" content=\"1067\" \/>\n\t<meta property=\"og:image:type\" content=\"image\/jpeg\" \/>\n<meta name=\"twitter:card\" content=\"summary_large_image\" \/>\n<meta name=\"twitter:site\" content=\"@visitmontenegro\" \/>\n<meta name=\"twitter:label1\" content=\"Gesch\u00e4tzte Lesezeit\" \/>\n\t<meta name=\"twitter:data1\" content=\"5\u00a0Minuten\" \/>\n<script type=\"application\/ld+json\" class=\"yoast-schema-graph\">{\"@context\":\"https:\\\/\\\/schema.org\",\"@graph\":[{\"@type\":\"WebPage\",\"@id\":\"https:\\\/\\\/www.visit-montenegro.com\\\/de\\\/reiseziele\\\/ulcinj\\\/info\\\/straende\\\/\",\"url\":\"https:\\\/\\\/www.visit-montenegro.com\\\/de\\\/reiseziele\\\/ulcinj\\\/info\\\/straende\\\/\",\"name\":\"Ulcinj Str\u00e4nde - Visit Montenegro\",\"isPartOf\":{\"@id\":\"https:\\\/\\\/www.visit-montenegro.com\\\/de\\\/#website\"},\"primaryImageOfPage\":{\"@id\":\"https:\\\/\\\/www.visit-montenegro.com\\\/de\\\/reiseziele\\\/ulcinj\\\/info\\\/straende\\\/#primaryimage\"},\"image\":{\"@id\":\"https:\\\/\\\/www.visit-montenegro.com\\\/de\\\/reiseziele\\\/ulcinj\\\/info\\\/straende\\\/#primaryimage\"},\"thumbnailUrl\":\"https:\\\/\\\/www.visit-montenegro.com\\\/wp-content\\\/uploads\\\/2026\\\/01\\\/ulcinj-long-beach-01-scaled.jpg\",\"datePublished\":\"2026-01-27T20:44:32+00:00\",\"dateModified\":\"2026-02-22T16:12:22+00:00\",\"description\":\"Entdecken Sie die atemberaubenden Str\u00e4nde von Ulcinj mit feinem Sand und kristallklarem Wasser. Erkunden Sie Top-Spots wie den Langen Strand und Ada Bojana f\u00fcr einen perfekten K\u00fcstenurlaub in Montenegro.\",\"breadcrumb\":{\"@id\":\"https:\\\/\\\/www.visit-montenegro.com\\\/de\\\/reiseziele\\\/ulcinj\\\/info\\\/straende\\\/#breadcrumb\"},\"inLanguage\":\"de\",\"potentialAction\":[{\"@type\":\"ReadAction\",\"target\":[\"https:\\\/\\\/www.visit-montenegro.com\\\/de\\\/reiseziele\\\/ulcinj\\\/info\\\/straende\\\/\"]}]},{\"@type\":\"ImageObject\",\"inLanguage\":\"de\",\"@id\":\"https:\\\/\\\/www.visit-montenegro.com\\\/de\\\/reiseziele\\\/ulcinj\\\/info\\\/straende\\\/#primaryimage\",\"url\":\"https:\\\/\\\/www.visit-montenegro.com\\\/wp-content\\\/uploads\\\/2026\\\/01\\\/ulcinj-long-beach-01-scaled.jpg\",\"contentUrl\":\"https:\\\/\\\/www.visit-montenegro.com\\\/wp-content\\\/uploads\\\/2026\\\/01\\\/ulcinj-long-beach-01-scaled.jpg\",\"width\":1600,\"height\":1067,\"caption\":\"Ein heller, farbenfroher Orangensonnenuntergang an der Adria, die Sonnenstrahlen erleuchten die Wellen in Gold und streuen das weiche Licht entlang der K\u00fcste.\"},{\"@type\":\"BreadcrumbList\",\"@id\":\"https:\\\/\\\/www.visit-montenegro.com\\\/de\\\/reiseziele\\\/ulcinj\\\/info\\\/straende\\\/#breadcrumb\",\"itemListElement\":[{\"@type\":\"ListItem\",\"position\":1,\"name\":\"Home\",\"item\":\"https:\\\/\\\/www.visit-montenegro.com\\\/de\\\/home\\\/\"},{\"@type\":\"ListItem\",\"position\":2,\"name\":\"Reiseziele in Montenegro\",\"item\":\"https:\\\/\\\/www.visit-montenegro.com\\\/de\\\/reiseziele\\\/\"},{\"@type\":\"ListItem\",\"position\":3,\"name\":\"Ulcinj\",\"item\":\"https:\\\/\\\/www.visit-montenegro.com\\\/de\\\/reiseziele\\\/ulcinj\\\/\"},{\"@type\":\"ListItem\",\"position\":4,\"name\":\"Mehr \u00fcber Ulcinj\",\"item\":\"https:\\\/\\\/www.visit-montenegro.com\\\/de\\\/reiseziele\\\/ulcinj\\\/info\\\/\"},{\"@type\":\"ListItem\",\"position\":5,\"name\":\"Ulcinj Str\u00e4nde\"}]},{\"@type\":\"WebSite\",\"@id\":\"https:\\\/\\\/www.visit-montenegro.com\\\/de\\\/#website\",\"url\":\"https:\\\/\\\/www.visit-montenegro.com\\\/de\\\/\",\"name\":\"Visit Montenegro\",\"description\":\"Breathtaking beauty\",\"publisher\":{\"@id\":\"https:\\\/\\\/www.visit-montenegro.com\\\/de\\\/#organization\"},\"potentialAction\":[{\"@type\":\"SearchAction\",\"target\":{\"@type\":\"EntryPoint\",\"urlTemplate\":\"https:\\\/\\\/www.visit-montenegro.com\\\/de\\\/?s={search_term_string}\"},\"query-input\":{\"@type\":\"PropertyValueSpecification\",\"valueRequired\":true,\"valueName\":\"search_term_string\"}}],\"inLanguage\":\"de\"},{\"@type\":\"Organization\",\"@id\":\"https:\\\/\\\/www.visit-montenegro.com\\\/de\\\/#organization\",\"name\":\"Visit Montenegro\",\"url\":\"https:\\\/\\\/www.visit-montenegro.com\\\/de\\\/\",\"logo\":{\"@type\":\"ImageObject\",\"inLanguage\":\"de\",\"@id\":\"https:\\\/\\\/www.visit-montenegro.com\\\/de\\\/#\\\/schema\\\/logo\\\/image\\\/\",\"url\":\"https:\\\/\\\/www.visit-montenegro.com\\\/wp-content\\\/uploads\\\/2017\\\/10\\\/logo-amp.png\",\"contentUrl\":\"https:\\\/\\\/www.visit-montenegro.com\\\/wp-content\\\/uploads\\\/2017\\\/10\\\/logo-amp.png\",\"width\":190,\"height\":36,\"caption\":\"Visit Montenegro\"},\"image\":{\"@id\":\"https:\\\/\\\/www.visit-montenegro.com\\\/de\\\/#\\\/schema\\\/logo\\\/image\\\/\"},\"sameAs\":[\"https:\\\/\\\/www.facebook.com\\\/visitmontenegro\",\"https:\\\/\\\/x.com\\\/visitmontenegro\",\"https:\\\/\\\/www.instagram.com\\\/visit_montenegro\\\/\",\"https:\\\/\\\/www.youtube.com\\\/user\\\/VisitMontenegro\"]}]}<\/script>\n<!-- \/ Yoast SEO plugin. -->","yoast_head_json":{"title":"Ulcinj Str\u00e4nde - Visit Montenegro","description":"Entdecken Sie die atemberaubenden Str\u00e4nde von Ulcinj mit feinem Sand und kristallklarem Wasser. Erkunden Sie Top-Spots wie den Langen Strand und Ada Bojana f\u00fcr einen perfekten K\u00fcstenurlaub in Montenegro.","robots":{"index":"index","follow":"follow","max-snippet":"max-snippet:-1","max-image-preview":"max-image-preview:large","max-video-preview":"max-video-preview:-1"},"canonical":"https:\/\/www.visit-montenegro.com\/de\/reiseziele\/ulcinj\/info\/straende\/","og_locale":"de_DE","og_type":"article","og_title":"Ulcinj Str\u00e4nde - Visit Montenegro","og_description":"Entdecken Sie die atemberaubenden Str\u00e4nde von Ulcinj mit feinem Sand und kristallklarem Wasser. Erkunden Sie Top-Spots wie den Langen Strand und Ada Bojana f\u00fcr einen perfekten K\u00fcstenurlaub in Montenegro.","og_url":"https:\/\/www.visit-montenegro.com\/de\/reiseziele\/ulcinj\/info\/straende\/","og_site_name":"Visit Montenegro","article_publisher":"https:\/\/www.facebook.com\/visitmontenegro","article_modified_time":"2026-02-22T16:12:22+00:00","og_image":[{"width":1600,"height":1067,"url":"https:\/\/www.visit-montenegro.com\/wp-content\/uploads\/2026\/01\/ulcinj-long-beach-01-scaled.jpg","type":"image\/jpeg"}],"twitter_card":"summary_large_image","twitter_site":"@visitmontenegro","twitter_misc":{"Gesch\u00e4tzte Lesezeit":"5\u00a0Minuten"},"schema":{"@context":"https:\/\/schema.org","@graph":[{"@type":"WebPage","@id":"https:\/\/www.visit-montenegro.com\/de\/reiseziele\/ulcinj\/info\/straende\/","url":"https:\/\/www.visit-montenegro.com\/de\/reiseziele\/ulcinj\/info\/straende\/","name":"Ulcinj Str\u00e4nde - Visit Montenegro","isPartOf":{"@id":"https:\/\/www.visit-montenegro.com\/de\/#website"},"primaryImageOfPage":{"@id":"https:\/\/www.visit-montenegro.com\/de\/reiseziele\/ulcinj\/info\/straende\/#primaryimage"},"image":{"@id":"https:\/\/www.visit-montenegro.com\/de\/reiseziele\/ulcinj\/info\/straende\/#primaryimage"},"thumbnailUrl":"https:\/\/www.visit-montenegro.com\/wp-content\/uploads\/2026\/01\/ulcinj-long-beach-01-scaled.jpg","datePublished":"2026-01-27T20:44:32+00:00","dateModified":"2026-02-22T16:12:22+00:00","description":"Entdecken Sie die atemberaubenden Str\u00e4nde von Ulcinj mit feinem Sand und kristallklarem Wasser. Erkunden Sie Top-Spots wie den Langen Strand und Ada Bojana f\u00fcr einen perfekten K\u00fcstenurlaub in Montenegro.","breadcrumb":{"@id":"https:\/\/www.visit-montenegro.com\/de\/reiseziele\/ulcinj\/info\/straende\/#breadcrumb"},"inLanguage":"de","potentialAction":[{"@type":"ReadAction","target":["https:\/\/www.visit-montenegro.com\/de\/reiseziele\/ulcinj\/info\/straende\/"]}]},{"@type":"ImageObject","inLanguage":"de","@id":"https:\/\/www.visit-montenegro.com\/de\/reiseziele\/ulcinj\/info\/straende\/#primaryimage","url":"https:\/\/www.visit-montenegro.com\/wp-content\/uploads\/2026\/01\/ulcinj-long-beach-01-scaled.jpg","contentUrl":"https:\/\/www.visit-montenegro.com\/wp-content\/uploads\/2026\/01\/ulcinj-long-beach-01-scaled.jpg","width":1600,"height":1067,"caption":"Ein heller, farbenfroher Orangensonnenuntergang an der Adria, die Sonnenstrahlen erleuchten die Wellen in Gold und streuen das weiche Licht entlang der K\u00fcste."},{"@type":"BreadcrumbList","@id":"https:\/\/www.visit-montenegro.com\/de\/reiseziele\/ulcinj\/info\/straende\/#breadcrumb","itemListElement":[{"@type":"ListItem","position":1,"name":"Home","item":"https:\/\/www.visit-montenegro.com\/de\/home\/"},{"@type":"ListItem","position":2,"name":"Reiseziele in Montenegro","item":"https:\/\/www.visit-montenegro.com\/de\/reiseziele\/"},{"@type":"ListItem","position":3,"name":"Ulcinj","item":"https:\/\/www.visit-montenegro.com\/de\/reiseziele\/ulcinj\/"},{"@type":"ListItem","position":4,"name":"Mehr \u00fcber Ulcinj","item":"https:\/\/www.visit-montenegro.com\/de\/reiseziele\/ulcinj\/info\/"},{"@type":"ListItem","position":5,"name":"Ulcinj Str\u00e4nde"}]},{"@type":"WebSite","@id":"https:\/\/www.visit-montenegro.com\/de\/#website","url":"https:\/\/www.visit-montenegro.com\/de\/","name":"Visit Montenegro","description":"Breathtaking beauty","publisher":{"@id":"https:\/\/www.visit-montenegro.com\/de\/#organization"},"potentialAction":[{"@type":"SearchAction","target":{"@type":"EntryPoint","urlTemplate":"https:\/\/www.visit-montenegro.com\/de\/?s={search_term_string}"},"query-input":{"@type":"PropertyValueSpecification","valueRequired":true,"valueName":"search_term_string"}}],"inLanguage":"de"},{"@type":"Organization","@id":"https:\/\/www.visit-montenegro.com\/de\/#organization","name":"Visit Montenegro","url":"https:\/\/www.visit-montenegro.com\/de\/","logo":{"@type":"ImageObject","inLanguage":"de","@id":"https:\/\/www.visit-montenegro.com\/de\/#\/schema\/logo\/image\/","url":"https:\/\/www.visit-montenegro.com\/wp-content\/uploads\/2017\/10\/logo-amp.png","contentUrl":"https:\/\/www.visit-montenegro.com\/wp-content\/uploads\/2017\/10\/logo-amp.png","width":190,"height":36,"caption":"Visit Montenegro"},"image":{"@id":"https:\/\/www.visit-montenegro.com\/de\/#\/schema\/logo\/image\/"},"sameAs":["https:\/\/www.facebook.com\/visitmontenegro","https:\/\/x.com\/visitmontenegro","https:\/\/www.instagram.com\/visit_montenegro\/","https:\/\/www.youtube.com\/user\/VisitMontenegro"]}]}},"translations":[],"_links":{"self":[{"href":"https:\/\/www.visit-montenegro.com\/de\/wp-json\/wp\/v2\/pages\/135074","targetHints":{"allow":["GET"]}}],"collection":[{"href":"https:\/\/www.visit-montenegro.com\/de\/wp-json\/wp\/v2\/pages"}],"about":[{"href":"https:\/\/www.visit-montenegro.com\/de\/wp-json\/wp\/v2\/types\/page"}],"author":[{"embeddable":true,"href":"https:\/\/www.visit-montenegro.com\/de\/wp-json\/wp\/v2\/users\/1"}],"replies":[{"embeddable":true,"href":"https:\/\/www.visit-montenegro.com\/de\/wp-json\/wp\/v2\/comments?post=135074"}],"version-history":[{"count":0,"href":"https:\/\/www.visit-montenegro.com\/de\/wp-json\/wp\/v2\/pages\/135074\/revisions"}],"up":[{"embeddable":true,"href":"https:\/\/www.visit-montenegro.com\/de\/wp-json\/wp\/v2\/pages\/135070"}],"wp:featuredmedia":[{"embeddable":true,"href":"https:\/\/www.visit-montenegro.com\/de\/wp-json\/wp\/v2\/media\/135075"}],"wp:attachment":[{"href":"https:\/\/www.visit-montenegro.com\/de\/wp-json\/wp\/v2\/media?parent=135074"}],"wp:term":[{"taxonomy":"post_tag","embeddable":true,"href":"https:\/\/www.visit-montenegro.com\/de\/wp-json\/wp\/v2\/tags?post=135074"}],"curies":[{"name":"wp","href":"https:\/\/api.w.org\/{rel}","templated":true}]}}