{"id":135080,"date":"2026-01-27T21:44:32","date_gmt":"2026-01-27T20:44:32","guid":{"rendered":"https:\/\/new.visit-montenegro.com\/ziele\/ulcinj\/"},"modified":"2026-02-23T11:51:49","modified_gmt":"2026-02-23T10:51:49","slug":"ulcinj","status":"publish","type":"page","link":"https:\/\/www.visit-montenegro.com\/de\/reiseziele\/ulcinj\/","title":{"rendered":"Ulcinj"},"content":{"rendered":"\n<p>Ulcinj ist die s\u00fcdlichste Stadt an Montenegros K\u00fcste, ein Tourismuszentrum mit Naturwundern wie Velika Plaza (13 km Strand), <a href=\"https:\/\/www.visit-montenegro.com\/de\/reiseziele\/ulcinj\/sehenswuerdigkeiten\/ada-bojana\/\">Ada Bojana<\/a> Insel, <a href=\"https:\/\/www.visit-montenegro.com\/de\/reiseziele\/ulcinj\/sehenswuerdigkeiten\/valdanos\/\">Valdanos<\/a> Bucht mit Olivenb\u00e4umen und einer historischen Altstadt voller Restaurants und Galerien. <strong>Ulcinj<\/strong> ist ein Muss f\u00fcr Besucher.<\/p>\n\n<hr class=\"wp-block-separator has-alpha-channel-opacity\"\/>\n\n<h2 class=\"wp-block-heading\">Str\u00e4nde und Natursch\u00f6nheiten<\/h2>\n\n<p>Bei der Diskussion \u00fcber Str\u00e4nde ist <strong>Ulcinj<\/strong> \u00fcber Montenegros Grenzen hinaus f\u00fcr seine langen, sch\u00f6nen K\u00fcsten mit feinem, mehlartigem Sand bekannt. Die K\u00fcste erstreckt sich \u00fcber 33 km, einschlie\u00dflich 18 km Str\u00e4nde, mit 15 km Sandabschnitten. Unter etwa 25 Str\u00e4nden stechen sandige wie Velika Plaza, Mala Plaza, Ada Bojana, Borove Sume und Valdanos hervor.<\/p>\n\n<p>Besucher str\u00f6men nach <strong>Ulcinj<\/strong> f\u00fcr Sonne, Meer und Sandstr\u00e4nde, oft als &#8222;gottgegebene Str\u00e4nde&#8220; bezeichnet aufgrund ihres warmen, gr\u00e4ulichen Sands. Das warme, klare Meer hat 56 Meter Sichtweite, die h\u00f6chste an der Adria, und ein mildes K\u00fcstenklima macht es f\u00fcr Touristen unwiderstehlich.<\/p>\n\n<h2 class=\"wp-block-heading\">Geschichte und Kulturerbe<\/h2>\n\n<p>Historisch gesehen ist <strong>Ulcinj<\/strong> eine der \u00e4ltesten St\u00e4dte an der Adriak\u00fcste, von der angenommen wird, dass sie \u00fcber 2.000 Jahre alt ist. Hier prallten Kulturen des Orients und des Westens aufeinander und hinterlie\u00dfen ein reiches historisches Erbe, das in jedem Schritt sp\u00fcrbar ist. Tats\u00e4chlich reichen Spuren von Siedlungen bis vor das 5. Jahrhundert v. Chr. zur\u00fcck, wobei Illyrer sie wahrscheinlich w\u00e4hrend der Bl\u00fctezeit des freien illyrischen Staates gr\u00fcndeten.<\/p>\n\n<figure class=\"wp-block-image size-large\"><img loading=\"lazy\" decoding=\"async\" width=\"1024\" height=\"605\" src=\"https:\/\/www.visit-montenegro.com\/wp-content\/uploads\/2026\/01\/ulcinj-old-town-1024x605.jpg\" alt=\"\" class=\"wp-image-36237\" srcset=\"https:\/\/www.visit-montenegro.com\/wp-content\/uploads\/2026\/01\/ulcinj-old-town-1024x605.jpg 1024w, https:\/\/www.visit-montenegro.com\/wp-content\/uploads\/2026\/01\/ulcinj-old-town-300x177.jpg 300w, https:\/\/www.visit-montenegro.com\/wp-content\/uploads\/2026\/01\/ulcinj-old-town-768x454.jpg 768w, https:\/\/www.visit-montenegro.com\/wp-content\/uploads\/2026\/01\/ulcinj-old-town-1536x907.jpg 1536w, https:\/\/www.visit-montenegro.com\/wp-content\/uploads\/2026\/01\/ulcinj-old-town-1200x709.jpg 1200w, https:\/\/www.visit-montenegro.com\/wp-content\/uploads\/2026\/01\/ulcinj-old-town-scaled.jpg 1600w\" sizes=\"auto, (max-width: 1024px) 100vw, 1024px\" \/><figcaption class=\"wp-element-caption\">Altstadt von Ulcinj, Montenegro<\/figcaption><\/figure>\n\n<p>Urspr\u00fcnglich Kolhinijum genannt nach den Kolhidiern, einem griechischst\u00e4mmigen Stamm, von dem angenommen wird, dass er den alten <strong>Ulcinj<\/strong> See gr\u00fcndete, verleiht die Geschichte der Stadt ihrer Anziehungskraft Tiefe.<\/p>\n\n<h2 class=\"wp-block-heading\">Geographie und Lage<\/h2>\n\n<p>Gelegen im \u00e4u\u00dfersten S\u00fcden der Adriak\u00fcste, im S\u00fcdosten Montenegros, geh\u00f6rt <strong>Ulcinj<\/strong> aufgrund seiner herausragenden nat\u00fcrlichen und geografischen Merkmale zur Randzone des europ\u00e4ischen Mittelmeers.<\/p>\n\n<p>Sein s\u00fcdlicher Teil erstreckt sich 30 Kilometer bis zum Adriatischen Meer, mit dem Fluss Bojana im Osten. Dar\u00fcber hinaus liegt der Sasko See im zentralen Teil, und das Rumija-Gebirgsmassiv sch\u00fctzt <strong>Ulcinj<\/strong> in der Bucht.<\/p>\n\n<hr class=\"wp-block-separator has-alpha-channel-opacity\"\/>\n\n<div class=\"wp-block-columns is-layout-flex wp-container-core-columns-is-layout-9d6595d7 wp-block-columns-is-layout-flex\">\n<div class=\"wp-block-column is-layout-flow wp-block-column-is-layout-flow\">\n<div class=\"wp-block-group\"><div class=\"wp-block-group__inner-container is-layout-constrained wp-block-group-is-layout-constrained\">\n<h3 class=\"wp-block-heading\">Entdecken Sie Ulcinjs versteckte Sch\u00e4tze<\/h3>\n\n\n\n<p>Erkunden Sie die ikonischsten Wahrzeichen, historischen St\u00e4tten und Must-See-Orte, die dieses Reiseziel einzigartig machen.<\/p>\n\n\n\n<div class=\"wp-block-buttons is-layout-flex wp-block-buttons-is-layout-flex\">\n<div class=\"wp-block-button\"><a class=\"wp-block-button__link wp-element-button\" href=\"https:\/\/www.visit-montenegro.com\/de\/reiseziele\/ulcinj\/sehenswuerdigkeiten\/\">Ulcinj Sehensw\u00fcrdigkeiten<\/a><\/div>\n<\/div>\n<\/div><\/div>\n<\/div>\n\n\n\n<div class=\"wp-block-column is-layout-flow wp-block-column-is-layout-flow\">\n<div class=\"wp-block-group\"><div class=\"wp-block-group__inner-container is-layout-constrained wp-block-group-is-layout-constrained\">\n<h3 class=\"wp-block-heading\">Erfahren Sie mehr \u00fcber Ulcinj<\/h3>\n\n\n\n<p>Tauchen Sie tiefer in die lokale Kultur, Geschichte und praktische Reiseberatung ein, um sich auf Ihre bevorstehende Reise vorzubereiten.<\/p>\n<\/div><\/div>\n\n\n\n<div class=\"wp-block-buttons is-layout-flex wp-block-buttons-is-layout-flex\">\n<div class=\"wp-block-button\"><a class=\"wp-block-button__link wp-element-button\" href=\"https:\/\/www.visit-montenegro.com\/de\/reiseziele\/ulcinj\/info\/\">Mehr \u00fcber Ulcinj<\/a><\/div>\n<\/div>\n<\/div>\n<\/div>\n","protected":false},"excerpt":{"rendered":"<p>Entdecken Sie Ulcinj, Montenegros s\u00fcdlichste K\u00fcstenstadt, ber\u00fchmt f\u00fcr ihre atemberaubenden Sandstr\u00e4nde wie Velika Plaza und Ada Bojana. Mit \u00fcber 2.000 Jahren Geschichte und einer einzigartigen Mischung der Kulturen bietet sie Sonne, Meer und reiches Erbe in einer malerischen mediterranen Umgebung.<\/p>\n","protected":false},"author":1,"featured_media":135046,"parent":133381,"menu_order":0,"comment_status":"closed","ping_status":"closed","template":"","meta":{"_yoast_wpseo_focuskw":"Ulcinj","_yoast_wpseo_metadesc":"Entdecken Sie Ulcinjs Sandstr\u00e4nde, historische Altstadt und mediterranen Charme. Planen Sie Ihre Reise zu Montenegros s\u00fcdlichem Juwel mit unserem Guide zu Sehensw\u00fcrdigkeiten und mehr.","_kad_post_transparent":"","_kad_post_title":"","_kad_post_layout":"","_kad_post_sidebar_id":"","_kad_post_content_style":"","_kad_post_vertical_padding":"","_kad_post_feature":"","_kad_post_feature_position":"","_kad_post_header":false,"_kad_post_footer":false,"_kad_post_classname":"","iawp_total_views":14,"footnotes":""},"tags":[2295,594],"class_list":["post-135080","page","type-page","status-publish","has-post-thumbnail","hentry","tag-coast-destination","tag-destination"],"yoast_head":"<!-- This site is optimized with the Yoast SEO plugin v27.3 - https:\/\/yoast.com\/product\/yoast-seo-wordpress\/ -->\n<title>Ulcinj - Visit Montenegro<\/title>\n<meta name=\"description\" content=\"Entdecken Sie Ulcinjs Sandstr\u00e4nde, historische Altstadt und mediterranen Charme. Planen Sie Ihre Reise zu Montenegros s\u00fcdlichem Juwel mit unserem Guide zu Sehensw\u00fcrdigkeiten und mehr.\" \/>\n<meta name=\"robots\" content=\"index, follow, max-snippet:-1, max-image-preview:large, max-video-preview:-1\" \/>\n<link rel=\"canonical\" href=\"https:\/\/www.visit-montenegro.com\/de\/reiseziele\/ulcinj\/\" \/>\n<meta property=\"og:locale\" content=\"de_DE\" \/>\n<meta property=\"og:type\" content=\"article\" \/>\n<meta property=\"og:title\" content=\"Ulcinj - Visit Montenegro\" \/>\n<meta property=\"og:description\" content=\"Entdecken Sie Ulcinjs Sandstr\u00e4nde, historische Altstadt und mediterranen Charme. Planen Sie Ihre Reise zu Montenegros s\u00fcdlichem Juwel mit unserem Guide zu Sehensw\u00fcrdigkeiten und mehr.\" \/>\n<meta property=\"og:url\" content=\"https:\/\/www.visit-montenegro.com\/de\/reiseziele\/ulcinj\/\" \/>\n<meta property=\"og:site_name\" content=\"Visit Montenegro\" \/>\n<meta property=\"article:publisher\" content=\"https:\/\/www.facebook.com\/visitmontenegro\" \/>\n<meta property=\"article:modified_time\" content=\"2026-02-23T10:51:49+00:00\" \/>\n<meta property=\"og:image\" content=\"https:\/\/www.visit-montenegro.com\/wp-content\/uploads\/2026\/01\/ulcinj-aerial-scaled.jpg\" \/>\n\t<meta property=\"og:image:width\" content=\"1600\" \/>\n\t<meta property=\"og:image:height\" content=\"1067\" \/>\n\t<meta property=\"og:image:type\" content=\"image\/jpeg\" \/>\n<meta name=\"twitter:card\" content=\"summary_large_image\" \/>\n<meta name=\"twitter:site\" content=\"@visitmontenegro\" \/>\n<meta name=\"twitter:label1\" content=\"Gesch\u00e4tzte Lesezeit\" \/>\n\t<meta name=\"twitter:data1\" content=\"2\u00a0Minuten\" \/>\n<script type=\"application\/ld+json\" class=\"yoast-schema-graph\">{\"@context\":\"https:\\\/\\\/schema.org\",\"@graph\":[{\"@type\":\"WebPage\",\"@id\":\"https:\\\/\\\/www.visit-montenegro.com\\\/de\\\/reiseziele\\\/ulcinj\\\/\",\"url\":\"https:\\\/\\\/www.visit-montenegro.com\\\/de\\\/reiseziele\\\/ulcinj\\\/\",\"name\":\"Ulcinj - Visit Montenegro\",\"isPartOf\":{\"@id\":\"https:\\\/\\\/www.visit-montenegro.com\\\/de\\\/#website\"},\"primaryImageOfPage\":{\"@id\":\"https:\\\/\\\/www.visit-montenegro.com\\\/de\\\/reiseziele\\\/ulcinj\\\/#primaryimage\"},\"image\":{\"@id\":\"https:\\\/\\\/www.visit-montenegro.com\\\/de\\\/reiseziele\\\/ulcinj\\\/#primaryimage\"},\"thumbnailUrl\":\"https:\\\/\\\/www.visit-montenegro.com\\\/wp-content\\\/uploads\\\/2026\\\/01\\\/ulcinj-aerial-scaled.jpg\",\"datePublished\":\"2026-01-27T20:44:32+00:00\",\"dateModified\":\"2026-02-23T10:51:49+00:00\",\"description\":\"Entdecken Sie Ulcinjs Sandstr\u00e4nde, historische Altstadt und mediterranen Charme. Planen Sie Ihre Reise zu Montenegros s\u00fcdlichem Juwel mit unserem Guide zu Sehensw\u00fcrdigkeiten und mehr.\",\"breadcrumb\":{\"@id\":\"https:\\\/\\\/www.visit-montenegro.com\\\/de\\\/reiseziele\\\/ulcinj\\\/#breadcrumb\"},\"inLanguage\":\"de\",\"potentialAction\":[{\"@type\":\"ReadAction\",\"target\":[\"https:\\\/\\\/www.visit-montenegro.com\\\/de\\\/reiseziele\\\/ulcinj\\\/\"]}]},{\"@type\":\"ImageObject\",\"inLanguage\":\"de\",\"@id\":\"https:\\\/\\\/www.visit-montenegro.com\\\/de\\\/reiseziele\\\/ulcinj\\\/#primaryimage\",\"url\":\"https:\\\/\\\/www.visit-montenegro.com\\\/wp-content\\\/uploads\\\/2026\\\/01\\\/ulcinj-aerial-scaled.jpg\",\"contentUrl\":\"https:\\\/\\\/www.visit-montenegro.com\\\/wp-content\\\/uploads\\\/2026\\\/01\\\/ulcinj-aerial-scaled.jpg\",\"width\":1600,\"height\":1067,\"caption\":\"Luftaufnahme der Altstadt von Ulcinj - der s\u00fcdlichsten Stadt Montenegros.\"},{\"@type\":\"BreadcrumbList\",\"@id\":\"https:\\\/\\\/www.visit-montenegro.com\\\/de\\\/reiseziele\\\/ulcinj\\\/#breadcrumb\",\"itemListElement\":[{\"@type\":\"ListItem\",\"position\":1,\"name\":\"Home\",\"item\":\"https:\\\/\\\/www.visit-montenegro.com\\\/de\\\/home\\\/\"},{\"@type\":\"ListItem\",\"position\":2,\"name\":\"Reiseziele in Montenegro\",\"item\":\"https:\\\/\\\/www.visit-montenegro.com\\\/de\\\/reiseziele\\\/\"},{\"@type\":\"ListItem\",\"position\":3,\"name\":\"Ulcinj\"}]},{\"@type\":\"WebSite\",\"@id\":\"https:\\\/\\\/www.visit-montenegro.com\\\/de\\\/#website\",\"url\":\"https:\\\/\\\/www.visit-montenegro.com\\\/de\\\/\",\"name\":\"Visit Montenegro\",\"description\":\"Breathtaking beauty\",\"publisher\":{\"@id\":\"https:\\\/\\\/www.visit-montenegro.com\\\/de\\\/#organization\"},\"potentialAction\":[{\"@type\":\"SearchAction\",\"target\":{\"@type\":\"EntryPoint\",\"urlTemplate\":\"https:\\\/\\\/www.visit-montenegro.com\\\/de\\\/?s={search_term_string}\"},\"query-input\":{\"@type\":\"PropertyValueSpecification\",\"valueRequired\":true,\"valueName\":\"search_term_string\"}}],\"inLanguage\":\"de\"},{\"@type\":\"Organization\",\"@id\":\"https:\\\/\\\/www.visit-montenegro.com\\\/de\\\/#organization\",\"name\":\"Visit Montenegro\",\"url\":\"https:\\\/\\\/www.visit-montenegro.com\\\/de\\\/\",\"logo\":{\"@type\":\"ImageObject\",\"inLanguage\":\"de\",\"@id\":\"https:\\\/\\\/www.visit-montenegro.com\\\/de\\\/#\\\/schema\\\/logo\\\/image\\\/\",\"url\":\"https:\\\/\\\/www.visit-montenegro.com\\\/wp-content\\\/uploads\\\/2017\\\/10\\\/logo-amp.png\",\"contentUrl\":\"https:\\\/\\\/www.visit-montenegro.com\\\/wp-content\\\/uploads\\\/2017\\\/10\\\/logo-amp.png\",\"width\":190,\"height\":36,\"caption\":\"Visit Montenegro\"},\"image\":{\"@id\":\"https:\\\/\\\/www.visit-montenegro.com\\\/de\\\/#\\\/schema\\\/logo\\\/image\\\/\"},\"sameAs\":[\"https:\\\/\\\/www.facebook.com\\\/visitmontenegro\",\"https:\\\/\\\/x.com\\\/visitmontenegro\",\"https:\\\/\\\/www.instagram.com\\\/visit_montenegro\\\/\",\"https:\\\/\\\/www.youtube.com\\\/user\\\/VisitMontenegro\"]}]}<\/script>\n<!-- \/ Yoast SEO plugin. -->","yoast_head_json":{"title":"Ulcinj - Visit Montenegro","description":"Entdecken Sie Ulcinjs Sandstr\u00e4nde, historische Altstadt und mediterranen Charme. Planen Sie Ihre Reise zu Montenegros s\u00fcdlichem Juwel mit unserem Guide zu Sehensw\u00fcrdigkeiten und mehr.","robots":{"index":"index","follow":"follow","max-snippet":"max-snippet:-1","max-image-preview":"max-image-preview:large","max-video-preview":"max-video-preview:-1"},"canonical":"https:\/\/www.visit-montenegro.com\/de\/reiseziele\/ulcinj\/","og_locale":"de_DE","og_type":"article","og_title":"Ulcinj - Visit Montenegro","og_description":"Entdecken Sie Ulcinjs Sandstr\u00e4nde, historische Altstadt und mediterranen Charme. Planen Sie Ihre Reise zu Montenegros s\u00fcdlichem Juwel mit unserem Guide zu Sehensw\u00fcrdigkeiten und mehr.","og_url":"https:\/\/www.visit-montenegro.com\/de\/reiseziele\/ulcinj\/","og_site_name":"Visit Montenegro","article_publisher":"https:\/\/www.facebook.com\/visitmontenegro","article_modified_time":"2026-02-23T10:51:49+00:00","og_image":[{"width":1600,"height":1067,"url":"https:\/\/www.visit-montenegro.com\/wp-content\/uploads\/2026\/01\/ulcinj-aerial-scaled.jpg","type":"image\/jpeg"}],"twitter_card":"summary_large_image","twitter_site":"@visitmontenegro","twitter_misc":{"Gesch\u00e4tzte Lesezeit":"2\u00a0Minuten"},"schema":{"@context":"https:\/\/schema.org","@graph":[{"@type":"WebPage","@id":"https:\/\/www.visit-montenegro.com\/de\/reiseziele\/ulcinj\/","url":"https:\/\/www.visit-montenegro.com\/de\/reiseziele\/ulcinj\/","name":"Ulcinj - Visit Montenegro","isPartOf":{"@id":"https:\/\/www.visit-montenegro.com\/de\/#website"},"primaryImageOfPage":{"@id":"https:\/\/www.visit-montenegro.com\/de\/reiseziele\/ulcinj\/#primaryimage"},"image":{"@id":"https:\/\/www.visit-montenegro.com\/de\/reiseziele\/ulcinj\/#primaryimage"},"thumbnailUrl":"https:\/\/www.visit-montenegro.com\/wp-content\/uploads\/2026\/01\/ulcinj-aerial-scaled.jpg","datePublished":"2026-01-27T20:44:32+00:00","dateModified":"2026-02-23T10:51:49+00:00","description":"Entdecken Sie Ulcinjs Sandstr\u00e4nde, historische Altstadt und mediterranen Charme. Planen Sie Ihre Reise zu Montenegros s\u00fcdlichem Juwel mit unserem Guide zu Sehensw\u00fcrdigkeiten und mehr.","breadcrumb":{"@id":"https:\/\/www.visit-montenegro.com\/de\/reiseziele\/ulcinj\/#breadcrumb"},"inLanguage":"de","potentialAction":[{"@type":"ReadAction","target":["https:\/\/www.visit-montenegro.com\/de\/reiseziele\/ulcinj\/"]}]},{"@type":"ImageObject","inLanguage":"de","@id":"https:\/\/www.visit-montenegro.com\/de\/reiseziele\/ulcinj\/#primaryimage","url":"https:\/\/www.visit-montenegro.com\/wp-content\/uploads\/2026\/01\/ulcinj-aerial-scaled.jpg","contentUrl":"https:\/\/www.visit-montenegro.com\/wp-content\/uploads\/2026\/01\/ulcinj-aerial-scaled.jpg","width":1600,"height":1067,"caption":"Luftaufnahme der Altstadt von Ulcinj - der s\u00fcdlichsten Stadt Montenegros."},{"@type":"BreadcrumbList","@id":"https:\/\/www.visit-montenegro.com\/de\/reiseziele\/ulcinj\/#breadcrumb","itemListElement":[{"@type":"ListItem","position":1,"name":"Home","item":"https:\/\/www.visit-montenegro.com\/de\/home\/"},{"@type":"ListItem","position":2,"name":"Reiseziele in Montenegro","item":"https:\/\/www.visit-montenegro.com\/de\/reiseziele\/"},{"@type":"ListItem","position":3,"name":"Ulcinj"}]},{"@type":"WebSite","@id":"https:\/\/www.visit-montenegro.com\/de\/#website","url":"https:\/\/www.visit-montenegro.com\/de\/","name":"Visit Montenegro","description":"Breathtaking beauty","publisher":{"@id":"https:\/\/www.visit-montenegro.com\/de\/#organization"},"potentialAction":[{"@type":"SearchAction","target":{"@type":"EntryPoint","urlTemplate":"https:\/\/www.visit-montenegro.com\/de\/?s={search_term_string}"},"query-input":{"@type":"PropertyValueSpecification","valueRequired":true,"valueName":"search_term_string"}}],"inLanguage":"de"},{"@type":"Organization","@id":"https:\/\/www.visit-montenegro.com\/de\/#organization","name":"Visit Montenegro","url":"https:\/\/www.visit-montenegro.com\/de\/","logo":{"@type":"ImageObject","inLanguage":"de","@id":"https:\/\/www.visit-montenegro.com\/de\/#\/schema\/logo\/image\/","url":"https:\/\/www.visit-montenegro.com\/wp-content\/uploads\/2017\/10\/logo-amp.png","contentUrl":"https:\/\/www.visit-montenegro.com\/wp-content\/uploads\/2017\/10\/logo-amp.png","width":190,"height":36,"caption":"Visit Montenegro"},"image":{"@id":"https:\/\/www.visit-montenegro.com\/de\/#\/schema\/logo\/image\/"},"sameAs":["https:\/\/www.facebook.com\/visitmontenegro","https:\/\/x.com\/visitmontenegro","https:\/\/www.instagram.com\/visit_montenegro\/","https:\/\/www.youtube.com\/user\/VisitMontenegro"]}]}},"translations":[],"_links":{"self":[{"href":"https:\/\/www.visit-montenegro.com\/de\/wp-json\/wp\/v2\/pages\/135080","targetHints":{"allow":["GET"]}}],"collection":[{"href":"https:\/\/www.visit-montenegro.com\/de\/wp-json\/wp\/v2\/pages"}],"about":[{"href":"https:\/\/www.visit-montenegro.com\/de\/wp-json\/wp\/v2\/types\/page"}],"author":[{"embeddable":true,"href":"https:\/\/www.visit-montenegro.com\/de\/wp-json\/wp\/v2\/users\/1"}],"replies":[{"embeddable":true,"href":"https:\/\/www.visit-montenegro.com\/de\/wp-json\/wp\/v2\/comments?post=135080"}],"version-history":[{"count":0,"href":"https:\/\/www.visit-montenegro.com\/de\/wp-json\/wp\/v2\/pages\/135080\/revisions"}],"up":[{"embeddable":true,"href":"https:\/\/www.visit-montenegro.com\/de\/wp-json\/wp\/v2\/pages\/133381"}],"wp:featuredmedia":[{"embeddable":true,"href":"https:\/\/www.visit-montenegro.com\/de\/wp-json\/wp\/v2\/media\/135046"}],"wp:attachment":[{"href":"https:\/\/www.visit-montenegro.com\/de\/wp-json\/wp\/v2\/media?parent=135080"}],"wp:term":[{"taxonomy":"post_tag","embeddable":true,"href":"https:\/\/www.visit-montenegro.com\/de\/wp-json\/wp\/v2\/tags?post=135080"}],"curies":[{"name":"wp","href":"https:\/\/api.w.org\/{rel}","templated":true}]}}