{"id":135092,"date":"2026-01-27T21:44:31","date_gmt":"2026-01-27T20:44:31","guid":{"rendered":"https:\/\/new.visit-montenegro.com\/ziele\/budva__trashed\/attractions\/sveti-stefan\/"},"modified":"2026-02-22T17:12:22","modified_gmt":"2026-02-22T16:12:22","slug":"sveti-stefan","status":"publish","type":"page","link":"https:\/\/www.visit-montenegro.com\/de\/reiseziele\/budva\/sehenswuerdigkeiten\/sveti-stefan\/","title":{"rendered":"Sveti Stefan"},"content":{"rendered":"\n<p><strong>Sveti Stefan<\/strong> ist ein modisches Sommerresort in Montenegro, bekannt f\u00fcr seinen elit\u00e4ren Tourismus und seine glamour\u00f6se Geschichte. Urspr\u00fcnglich ein Verteidigungsort f\u00fcr den Stamm der Pastrovici im 15. Jahrhundert, verf\u00fcgt es \u00fcber enge Gassen, Pl\u00e4tze, Kirchen und Hotels im mediterranen Stil.<\/p>\n\n<hr class=\"wp-block-separator has-alpha-channel-opacity\"\/>\n\n<h2 class=\"wp-block-heading\">Geschichte und Verwandlung von Sveti Stefan<\/h2>\n\n<p>Die Insel <strong>Sveti Stefan<\/strong> ist heute am besten als modisches Sommerresort bekannt. Durch eine sandige Verbindung ist sie mit dem Festland verbunden, und solche Inseln, die heute sehr selten sind, werden \u201eTombolo\u201c genannt. Ein ber\u00fchmter Stamm, die Pastrovici, nutzte diesen Ort in der Vergangenheit, genauer gesagt im 15. Jahrhundert, zur Verteidigung vor Feinden. Heute erinnern uns daran Kanonen\u00f6ffnungen und Kanonen, die als Erinnerung und Mahnung an vergangene Zeiten aufbewahrt werden. Das Innere der Stadt besteht aus kurvigen, engen Gassen. Es gibt auch malerische Pl\u00e4tze, 3 Kirchen, und die Hotelsuiten befinden sich in eleganten H\u00e4usern im mediterranen Stil.<\/p>\n\n<figure class=\"wp-block-image size-full\"><img loading=\"lazy\" decoding=\"async\" width=\"1024\" height=\"600\" src=\"https:\/\/www.visit-montenegro.com\/wp-content\/uploads\/2016\/04\/Sv.Stefan.jpg\" alt=\"\" class=\"wp-image-29166\" srcset=\"https:\/\/www.visit-montenegro.com\/wp-content\/uploads\/2016\/04\/Sv.Stefan.jpg 1024w, https:\/\/www.visit-montenegro.com\/wp-content\/uploads\/2016\/04\/Sv.Stefan-300x176.jpg 300w, https:\/\/www.visit-montenegro.com\/wp-content\/uploads\/2016\/04\/Sv.Stefan-768x450.jpg 768w\" sizes=\"auto, (max-width: 1024px) 100vw, 1024px\" \/><figcaption class=\"wp-element-caption\">Foto mit freundlicher Genehmigung von <a href=\"https:\/\/www.instagram.com\/earthy_colors_\/\" target=\"_blank\">@earthy_colors_<\/a><\/figcaption><\/figure>\n\n<p><strong>Sveti Stefan<\/strong> ist ein Sommerresort f\u00fcr elit\u00e4re Touristen und f\u00fcr Touristen, die nach Glamour suchen. Als Ende der 1940er Jahre die Entscheidung getroffen wurde, diesen Ort in eine touristische Einrichtung zu verwandeln, begann f\u00fcr <strong>Sveti Stefan<\/strong> eine neue Geschichte. Sein Ruhm von damals bis heute wird der Welt durch Schauspieler wie <strong>Sofia Loren und Carlo Bruni<\/strong> pr\u00e4sentiert, sowie durch die Pr\u00e4sidenten der meisten L\u00e4nder der Welt, S\u00e4nger, Wissenschaftler und viele andere. Die englische <strong>Prinzessin Margaret<\/strong> war ebenso zu Gast wie der <strong>italienische K\u00f6nig Umberto II. von Savoyen<\/strong>, ber\u00fchmte Weltstars wie: <strong>Kirk Douglas<\/strong>, <strong>Doris Day<\/strong>, <strong>Geraldine Chaplin<\/strong>, <strong>Sidney Poitier<\/strong>, <strong>Richard Widmark<\/strong>, <strong>Sylvester Stallone<\/strong>, <strong>Jeremy Irons<\/strong>\u2026 Ber\u00fchmte Literaten wie Andr\u00e9 Malraux und Alberto Moravia waren ebenfalls in <strong>Sveti Stefan<\/strong>, ebenso der sowjetische Kosmonaut Juri Gagarin, der ber\u00fchmte Schachmeister Bobby Fischer und die sch\u00f6nste Frau der Welt Claudia Schiffer. Die meisten der genannten \u201egekr\u00f6nten H\u00e4upter\u201c wohnten in Villa 118, die Teil des Hotelkomplexes \u201eSveti Stefan\u201c ist. F\u00fcr diese exklusive Villa wird der \u00dcbernachtungspreis mit dem Vermieter verhandelt. Der Startpreis betr\u00e4gt 1.500 Euro pro Tag.<\/p>\n\n<p>1972 erhielt <strong>Sveti Stefan<\/strong> den Preis \u201eGoldener Apfel\u201c als exklusivstes Sommerresort der Welt. In unmittelbarer N\u00e4he befindet sich eine ehemalige k\u00f6nigliche Sommerresidenz, die heute das Hotel Milocer ist.<\/p>\n\n<h2 class=\"wp-block-heading\">Hotel Milocer und seine nat\u00fcrliche Umgebung<\/h2>\n\n<p>Das Hotel Milocer ist vollst\u00e4ndig von Pinienw\u00e4ldern umgeben. In unmittelbarer N\u00e4he befindet sich ein wundersch\u00f6ner Park, der aus Pinienalleen, sch\u00f6n angelegten kleineren Parks mit verschiedenen Blumen, zwei Str\u00e4nden und einem Spazierweg besteht, der entlang eines kleineren H\u00fcgels zum Hotel <strong>Sveti Stefan<\/strong> f\u00fchrt. Ein besonderes Erlebnis ist ein Mittag- oder Abendessen im Freiluftrestaurant des Hotels, das aus feinstem wei\u00dfen Stein gebaut ist.<\/p>\n\n<figure class=\"wp-block-image size-large\"><img loading=\"lazy\" decoding=\"async\" width=\"1024\" height=\"678\" src=\"https:\/\/www.visit-montenegro.com\/wp-content\/uploads\/2026\/01\/budva-king-beach-1024x678.jpg\" alt=\"\" class=\"wp-image-36007\" srcset=\"https:\/\/www.visit-montenegro.com\/wp-content\/uploads\/2026\/01\/budva-king-beach-1024x678.jpg 1024w, https:\/\/www.visit-montenegro.com\/wp-content\/uploads\/2026\/01\/budva-king-beach-300x199.jpg 300w, https:\/\/www.visit-montenegro.com\/wp-content\/uploads\/2026\/01\/budva-king-beach-768x508.jpg 768w, https:\/\/www.visit-montenegro.com\/wp-content\/uploads\/2026\/01\/budva-king-beach-1536x1017.jpg 1536w, https:\/\/www.visit-montenegro.com\/wp-content\/uploads\/2026\/01\/budva-king-beach-1200x794.jpg 1200w, https:\/\/www.visit-montenegro.com\/wp-content\/uploads\/2026\/01\/budva-king-beach-scaled.jpg 1600w\" sizes=\"auto, (max-width: 1024px) 100vw, 1024px\" \/><figcaption class=\"wp-element-caption\">Der gem\u00fctliche Strand ist zwischen <a href=\"https:\/\/www.visit-montenegro.com\/de\/reiseziele\/petrovac\/\">Petrovac<\/a> und Rezevici zwischen Felsen versteckt, der beste Weg hierher ist, ein Boot zu mieten und die Stille und Privatsph\u00e4re zu genie\u00dfen, Montenegro.<\/figcaption><\/figure>\n\n<p>Eine solche nat\u00fcrliche Umgebung wie die von Milocer ist ideal f\u00fcr Touristen mit verfeinertem Geschmack. Es ist ein perfekter Ort f\u00fcr Liebhaber der Ruhe, die nur vom Zwitschern eines Vogels oder dem Murmeln der Schwimmer gest\u00f6rt wird.<\/p>\n","protected":false},"excerpt":{"rendered":"<p>Entdecken Sie Sveti Stefan, Montenegros elit\u00e4res Sommerresort mit einer reichen Geschichte und glamour\u00f6sen Vergangenheit. Erfahren Sie mehr \u00fcber seine Verwandlung von einem Verteidigungsort zu einem Luxusziel, das von Prominenten und Royals besucht wird. Lernen Sie das nahegelegene Hotel Milocer und seine ruhige nat\u00fcrliche Umgebung f\u00fcr einen friedlichen R\u00fcckzugsort kennen.<\/p>\n","protected":false},"author":1,"featured_media":135093,"parent":134185,"menu_order":0,"comment_status":"closed","ping_status":"closed","template":"","meta":{"_yoast_wpseo_focuskw":"Sveti Stefan","_yoast_wpseo_metadesc":"Entdecken Sie Sveti Stefan, Montenegros exklusives Sommerresort mit historischem Charme und Prominentenreiz. Erfahren Sie mehr \u00fcber seine Verwandlung, Luxusvillen und das ruhige Hotel Milocer f\u00fcr einen glamour\u00f6sen Urlaub.","_kad_post_transparent":"","_kad_post_title":"","_kad_post_layout":"","_kad_post_sidebar_id":"","_kad_post_content_style":"","_kad_post_vertical_padding":"","_kad_post_feature":"","_kad_post_feature_position":"","_kad_post_header":false,"_kad_post_footer":false,"_kad_post_classname":"","iawp_total_views":25,"footnotes":""},"tags":[140,52,139,62,141,76],"class_list":["post-135092","page","type-page","status-publish","has-post-thumbnail","hentry","tag-crna-gora","tag-montenegro","tag-news","tag-tourism","tag-travel","tag-visit"],"yoast_head":"<!-- This site is optimized with the Yoast SEO plugin v27.3 - https:\/\/yoast.com\/product\/yoast-seo-wordpress\/ -->\n<title>Sveti Stefan - Visit Montenegro<\/title>\n<meta name=\"description\" content=\"Entdecken Sie Sveti Stefan, Montenegros exklusives Sommerresort mit historischem Charme und Prominentenreiz. Erfahren Sie mehr \u00fcber seine Verwandlung, Luxusvillen und das ruhige Hotel Milocer f\u00fcr einen glamour\u00f6sen Urlaub.\" \/>\n<meta name=\"robots\" content=\"index, follow, max-snippet:-1, max-image-preview:large, max-video-preview:-1\" \/>\n<link rel=\"canonical\" href=\"https:\/\/www.visit-montenegro.com\/de\/reiseziele\/budva\/sehenswuerdigkeiten\/sveti-stefan\/\" \/>\n<meta property=\"og:locale\" content=\"de_DE\" \/>\n<meta property=\"og:type\" content=\"article\" \/>\n<meta property=\"og:title\" content=\"Sveti Stefan - Visit Montenegro\" \/>\n<meta property=\"og:description\" content=\"Entdecken Sie Sveti Stefan, Montenegros exklusives Sommerresort mit historischem Charme und Prominentenreiz. Erfahren Sie mehr \u00fcber seine Verwandlung, Luxusvillen und das ruhige Hotel Milocer f\u00fcr einen glamour\u00f6sen Urlaub.\" \/>\n<meta property=\"og:url\" content=\"https:\/\/www.visit-montenegro.com\/de\/reiseziele\/budva\/sehenswuerdigkeiten\/sveti-stefan\/\" \/>\n<meta property=\"og:site_name\" content=\"Visit Montenegro\" \/>\n<meta property=\"article:publisher\" content=\"https:\/\/www.facebook.com\/visitmontenegro\" \/>\n<meta property=\"article:modified_time\" content=\"2026-02-22T16:12:22+00:00\" \/>\n<meta property=\"og:image\" content=\"https:\/\/www.visit-montenegro.com\/wp-content\/uploads\/2026\/01\/sveti-stefan-drone-scaled.jpg\" \/>\n\t<meta property=\"og:image:width\" content=\"1600\" \/>\n\t<meta property=\"og:image:height\" content=\"1067\" \/>\n\t<meta property=\"og:image:type\" content=\"image\/jpeg\" \/>\n<meta name=\"twitter:card\" content=\"summary_large_image\" \/>\n<meta name=\"twitter:site\" content=\"@visitmontenegro\" \/>\n<meta name=\"twitter:label1\" content=\"Gesch\u00e4tzte Lesezeit\" \/>\n\t<meta name=\"twitter:data1\" content=\"3\u00a0Minuten\" \/>\n<script type=\"application\/ld+json\" class=\"yoast-schema-graph\">{\"@context\":\"https:\\\/\\\/schema.org\",\"@graph\":[{\"@type\":\"WebPage\",\"@id\":\"https:\\\/\\\/www.visit-montenegro.com\\\/de\\\/reiseziele\\\/budva\\\/sehenswuerdigkeiten\\\/sveti-stefan\\\/\",\"url\":\"https:\\\/\\\/www.visit-montenegro.com\\\/de\\\/reiseziele\\\/budva\\\/sehenswuerdigkeiten\\\/sveti-stefan\\\/\",\"name\":\"Sveti Stefan - Visit Montenegro\",\"isPartOf\":{\"@id\":\"https:\\\/\\\/www.visit-montenegro.com\\\/de\\\/#website\"},\"primaryImageOfPage\":{\"@id\":\"https:\\\/\\\/www.visit-montenegro.com\\\/de\\\/reiseziele\\\/budva\\\/sehenswuerdigkeiten\\\/sveti-stefan\\\/#primaryimage\"},\"image\":{\"@id\":\"https:\\\/\\\/www.visit-montenegro.com\\\/de\\\/reiseziele\\\/budva\\\/sehenswuerdigkeiten\\\/sveti-stefan\\\/#primaryimage\"},\"thumbnailUrl\":\"https:\\\/\\\/www.visit-montenegro.com\\\/wp-content\\\/uploads\\\/2026\\\/01\\\/sveti-stefan-drone-scaled.jpg\",\"datePublished\":\"2026-01-27T20:44:31+00:00\",\"dateModified\":\"2026-02-22T16:12:22+00:00\",\"description\":\"Entdecken Sie Sveti Stefan, Montenegros exklusives Sommerresort mit historischem Charme und Prominentenreiz. Erfahren Sie mehr \u00fcber seine Verwandlung, Luxusvillen und das ruhige Hotel Milocer f\u00fcr einen glamour\u00f6sen Urlaub.\",\"breadcrumb\":{\"@id\":\"https:\\\/\\\/www.visit-montenegro.com\\\/de\\\/reiseziele\\\/budva\\\/sehenswuerdigkeiten\\\/sveti-stefan\\\/#breadcrumb\"},\"inLanguage\":\"de\",\"potentialAction\":[{\"@type\":\"ReadAction\",\"target\":[\"https:\\\/\\\/www.visit-montenegro.com\\\/de\\\/reiseziele\\\/budva\\\/sehenswuerdigkeiten\\\/sveti-stefan\\\/\"]}]},{\"@type\":\"ImageObject\",\"inLanguage\":\"de\",\"@id\":\"https:\\\/\\\/www.visit-montenegro.com\\\/de\\\/reiseziele\\\/budva\\\/sehenswuerdigkeiten\\\/sveti-stefan\\\/#primaryimage\",\"url\":\"https:\\\/\\\/www.visit-montenegro.com\\\/wp-content\\\/uploads\\\/2026\\\/01\\\/sveti-stefan-drone-scaled.jpg\",\"contentUrl\":\"https:\\\/\\\/www.visit-montenegro.com\\\/wp-content\\\/uploads\\\/2026\\\/01\\\/sveti-stefan-drone-scaled.jpg\",\"width\":1600,\"height\":1067,\"caption\":\"Draufsicht auf eine Insel mit Geb\u00e4unden im Sonnenlicht\"},{\"@type\":\"BreadcrumbList\",\"@id\":\"https:\\\/\\\/www.visit-montenegro.com\\\/de\\\/reiseziele\\\/budva\\\/sehenswuerdigkeiten\\\/sveti-stefan\\\/#breadcrumb\",\"itemListElement\":[{\"@type\":\"ListItem\",\"position\":1,\"name\":\"Home\",\"item\":\"https:\\\/\\\/www.visit-montenegro.com\\\/de\\\/home\\\/\"},{\"@type\":\"ListItem\",\"position\":2,\"name\":\"Reiseziele in Montenegro\",\"item\":\"https:\\\/\\\/www.visit-montenegro.com\\\/de\\\/reiseziele\\\/\"},{\"@type\":\"ListItem\",\"position\":3,\"name\":\"Budva\",\"item\":\"https:\\\/\\\/www.visit-montenegro.com\\\/de\\\/reiseziele\\\/budva\\\/\"},{\"@type\":\"ListItem\",\"position\":4,\"name\":\"Budva Sehensw\u00fcrdigkeiten\",\"item\":\"https:\\\/\\\/www.visit-montenegro.com\\\/de\\\/reiseziele\\\/budva\\\/sehenswuerdigkeiten\\\/\"},{\"@type\":\"ListItem\",\"position\":5,\"name\":\"Sveti Stefan\"}]},{\"@type\":\"WebSite\",\"@id\":\"https:\\\/\\\/www.visit-montenegro.com\\\/de\\\/#website\",\"url\":\"https:\\\/\\\/www.visit-montenegro.com\\\/de\\\/\",\"name\":\"Visit Montenegro\",\"description\":\"Breathtaking beauty\",\"publisher\":{\"@id\":\"https:\\\/\\\/www.visit-montenegro.com\\\/de\\\/#organization\"},\"potentialAction\":[{\"@type\":\"SearchAction\",\"target\":{\"@type\":\"EntryPoint\",\"urlTemplate\":\"https:\\\/\\\/www.visit-montenegro.com\\\/de\\\/?s={search_term_string}\"},\"query-input\":{\"@type\":\"PropertyValueSpecification\",\"valueRequired\":true,\"valueName\":\"search_term_string\"}}],\"inLanguage\":\"de\"},{\"@type\":\"Organization\",\"@id\":\"https:\\\/\\\/www.visit-montenegro.com\\\/de\\\/#organization\",\"name\":\"Visit Montenegro\",\"url\":\"https:\\\/\\\/www.visit-montenegro.com\\\/de\\\/\",\"logo\":{\"@type\":\"ImageObject\",\"inLanguage\":\"de\",\"@id\":\"https:\\\/\\\/www.visit-montenegro.com\\\/de\\\/#\\\/schema\\\/logo\\\/image\\\/\",\"url\":\"https:\\\/\\\/www.visit-montenegro.com\\\/wp-content\\\/uploads\\\/2017\\\/10\\\/logo-amp.png\",\"contentUrl\":\"https:\\\/\\\/www.visit-montenegro.com\\\/wp-content\\\/uploads\\\/2017\\\/10\\\/logo-amp.png\",\"width\":190,\"height\":36,\"caption\":\"Visit Montenegro\"},\"image\":{\"@id\":\"https:\\\/\\\/www.visit-montenegro.com\\\/de\\\/#\\\/schema\\\/logo\\\/image\\\/\"},\"sameAs\":[\"https:\\\/\\\/www.facebook.com\\\/visitmontenegro\",\"https:\\\/\\\/x.com\\\/visitmontenegro\",\"https:\\\/\\\/www.instagram.com\\\/visit_montenegro\\\/\",\"https:\\\/\\\/www.youtube.com\\\/user\\\/VisitMontenegro\"]}]}<\/script>\n<!-- \/ Yoast SEO plugin. -->","yoast_head_json":{"title":"Sveti Stefan - Visit Montenegro","description":"Entdecken Sie Sveti Stefan, Montenegros exklusives Sommerresort mit historischem Charme und Prominentenreiz. Erfahren Sie mehr \u00fcber seine Verwandlung, Luxusvillen und das ruhige Hotel Milocer f\u00fcr einen glamour\u00f6sen Urlaub.","robots":{"index":"index","follow":"follow","max-snippet":"max-snippet:-1","max-image-preview":"max-image-preview:large","max-video-preview":"max-video-preview:-1"},"canonical":"https:\/\/www.visit-montenegro.com\/de\/reiseziele\/budva\/sehenswuerdigkeiten\/sveti-stefan\/","og_locale":"de_DE","og_type":"article","og_title":"Sveti Stefan - Visit Montenegro","og_description":"Entdecken Sie Sveti Stefan, Montenegros exklusives Sommerresort mit historischem Charme und Prominentenreiz. Erfahren Sie mehr \u00fcber seine Verwandlung, Luxusvillen und das ruhige Hotel Milocer f\u00fcr einen glamour\u00f6sen Urlaub.","og_url":"https:\/\/www.visit-montenegro.com\/de\/reiseziele\/budva\/sehenswuerdigkeiten\/sveti-stefan\/","og_site_name":"Visit Montenegro","article_publisher":"https:\/\/www.facebook.com\/visitmontenegro","article_modified_time":"2026-02-22T16:12:22+00:00","og_image":[{"width":1600,"height":1067,"url":"https:\/\/www.visit-montenegro.com\/wp-content\/uploads\/2026\/01\/sveti-stefan-drone-scaled.jpg","type":"image\/jpeg"}],"twitter_card":"summary_large_image","twitter_site":"@visitmontenegro","twitter_misc":{"Gesch\u00e4tzte Lesezeit":"3\u00a0Minuten"},"schema":{"@context":"https:\/\/schema.org","@graph":[{"@type":"WebPage","@id":"https:\/\/www.visit-montenegro.com\/de\/reiseziele\/budva\/sehenswuerdigkeiten\/sveti-stefan\/","url":"https:\/\/www.visit-montenegro.com\/de\/reiseziele\/budva\/sehenswuerdigkeiten\/sveti-stefan\/","name":"Sveti Stefan - Visit Montenegro","isPartOf":{"@id":"https:\/\/www.visit-montenegro.com\/de\/#website"},"primaryImageOfPage":{"@id":"https:\/\/www.visit-montenegro.com\/de\/reiseziele\/budva\/sehenswuerdigkeiten\/sveti-stefan\/#primaryimage"},"image":{"@id":"https:\/\/www.visit-montenegro.com\/de\/reiseziele\/budva\/sehenswuerdigkeiten\/sveti-stefan\/#primaryimage"},"thumbnailUrl":"https:\/\/www.visit-montenegro.com\/wp-content\/uploads\/2026\/01\/sveti-stefan-drone-scaled.jpg","datePublished":"2026-01-27T20:44:31+00:00","dateModified":"2026-02-22T16:12:22+00:00","description":"Entdecken Sie Sveti Stefan, Montenegros exklusives Sommerresort mit historischem Charme und Prominentenreiz. Erfahren Sie mehr \u00fcber seine Verwandlung, Luxusvillen und das ruhige Hotel Milocer f\u00fcr einen glamour\u00f6sen Urlaub.","breadcrumb":{"@id":"https:\/\/www.visit-montenegro.com\/de\/reiseziele\/budva\/sehenswuerdigkeiten\/sveti-stefan\/#breadcrumb"},"inLanguage":"de","potentialAction":[{"@type":"ReadAction","target":["https:\/\/www.visit-montenegro.com\/de\/reiseziele\/budva\/sehenswuerdigkeiten\/sveti-stefan\/"]}]},{"@type":"ImageObject","inLanguage":"de","@id":"https:\/\/www.visit-montenegro.com\/de\/reiseziele\/budva\/sehenswuerdigkeiten\/sveti-stefan\/#primaryimage","url":"https:\/\/www.visit-montenegro.com\/wp-content\/uploads\/2026\/01\/sveti-stefan-drone-scaled.jpg","contentUrl":"https:\/\/www.visit-montenegro.com\/wp-content\/uploads\/2026\/01\/sveti-stefan-drone-scaled.jpg","width":1600,"height":1067,"caption":"Draufsicht auf eine Insel mit Geb\u00e4unden im Sonnenlicht"},{"@type":"BreadcrumbList","@id":"https:\/\/www.visit-montenegro.com\/de\/reiseziele\/budva\/sehenswuerdigkeiten\/sveti-stefan\/#breadcrumb","itemListElement":[{"@type":"ListItem","position":1,"name":"Home","item":"https:\/\/www.visit-montenegro.com\/de\/home\/"},{"@type":"ListItem","position":2,"name":"Reiseziele in Montenegro","item":"https:\/\/www.visit-montenegro.com\/de\/reiseziele\/"},{"@type":"ListItem","position":3,"name":"Budva","item":"https:\/\/www.visit-montenegro.com\/de\/reiseziele\/budva\/"},{"@type":"ListItem","position":4,"name":"Budva Sehensw\u00fcrdigkeiten","item":"https:\/\/www.visit-montenegro.com\/de\/reiseziele\/budva\/sehenswuerdigkeiten\/"},{"@type":"ListItem","position":5,"name":"Sveti Stefan"}]},{"@type":"WebSite","@id":"https:\/\/www.visit-montenegro.com\/de\/#website","url":"https:\/\/www.visit-montenegro.com\/de\/","name":"Visit Montenegro","description":"Breathtaking beauty","publisher":{"@id":"https:\/\/www.visit-montenegro.com\/de\/#organization"},"potentialAction":[{"@type":"SearchAction","target":{"@type":"EntryPoint","urlTemplate":"https:\/\/www.visit-montenegro.com\/de\/?s={search_term_string}"},"query-input":{"@type":"PropertyValueSpecification","valueRequired":true,"valueName":"search_term_string"}}],"inLanguage":"de"},{"@type":"Organization","@id":"https:\/\/www.visit-montenegro.com\/de\/#organization","name":"Visit Montenegro","url":"https:\/\/www.visit-montenegro.com\/de\/","logo":{"@type":"ImageObject","inLanguage":"de","@id":"https:\/\/www.visit-montenegro.com\/de\/#\/schema\/logo\/image\/","url":"https:\/\/www.visit-montenegro.com\/wp-content\/uploads\/2017\/10\/logo-amp.png","contentUrl":"https:\/\/www.visit-montenegro.com\/wp-content\/uploads\/2017\/10\/logo-amp.png","width":190,"height":36,"caption":"Visit Montenegro"},"image":{"@id":"https:\/\/www.visit-montenegro.com\/de\/#\/schema\/logo\/image\/"},"sameAs":["https:\/\/www.facebook.com\/visitmontenegro","https:\/\/x.com\/visitmontenegro","https:\/\/www.instagram.com\/visit_montenegro\/","https:\/\/www.youtube.com\/user\/VisitMontenegro"]}]}},"translations":[],"_links":{"self":[{"href":"https:\/\/www.visit-montenegro.com\/de\/wp-json\/wp\/v2\/pages\/135092","targetHints":{"allow":["GET"]}}],"collection":[{"href":"https:\/\/www.visit-montenegro.com\/de\/wp-json\/wp\/v2\/pages"}],"about":[{"href":"https:\/\/www.visit-montenegro.com\/de\/wp-json\/wp\/v2\/types\/page"}],"author":[{"embeddable":true,"href":"https:\/\/www.visit-montenegro.com\/de\/wp-json\/wp\/v2\/users\/1"}],"replies":[{"embeddable":true,"href":"https:\/\/www.visit-montenegro.com\/de\/wp-json\/wp\/v2\/comments?post=135092"}],"version-history":[{"count":0,"href":"https:\/\/www.visit-montenegro.com\/de\/wp-json\/wp\/v2\/pages\/135092\/revisions"}],"up":[{"embeddable":true,"href":"https:\/\/www.visit-montenegro.com\/de\/wp-json\/wp\/v2\/pages\/134185"}],"wp:featuredmedia":[{"embeddable":true,"href":"https:\/\/www.visit-montenegro.com\/de\/wp-json\/wp\/v2\/media\/135093"}],"wp:attachment":[{"href":"https:\/\/www.visit-montenegro.com\/de\/wp-json\/wp\/v2\/media?parent=135092"}],"wp:term":[{"taxonomy":"post_tag","embeddable":true,"href":"https:\/\/www.visit-montenegro.com\/de\/wp-json\/wp\/v2\/tags?post=135092"}],"curies":[{"name":"wp","href":"https:\/\/api.w.org\/{rel}","templated":true}]}}