{"id":135098,"date":"2026-01-27T21:44:31","date_gmt":"2026-01-27T20:44:31","guid":{"rendered":"https:\/\/new.visit-montenegro.com\/ziele\/budva__trashed\/attractions\/sveti-nikola-island\/"},"modified":"2026-02-22T17:12:22","modified_gmt":"2026-02-22T16:12:22","slug":"sveti-nikola-island","status":"publish","type":"page","link":"https:\/\/www.visit-montenegro.com\/de\/reiseziele\/budva\/sehenswuerdigkeiten\/sveti-nikola-island\/","title":{"rendered":"Sveti Nikola Insel"},"content":{"rendered":"\n<p>Montenegros Sveti Nikola Insel, mit dem Spitznamen &#8222;Hawaii bei <a href=\"https:\/\/www.visit-montenegro.com\/de\/reiseziele\/budva\/\">Budva<\/a>,&#8220; ist eine Top-Attraktion an der Budva Riviera. Historisch war sie durch eine sandige Nehrung namens &#8222;tunja&#8220; mit dem Festland verbunden. Heute bietet diese Insel eine unber\u00fchrte Flucht mit durchscheinendem Meer, blauem Himmel und mediterranem Charme, was sie zu einem Muss f\u00fcr Reisende macht, die Montenegro erkunden.<\/p>\n\n<hr class=\"wp-block-separator has-alpha-channel-opacity\"\/>\n\n<h2 class=\"wp-block-heading\">Anreise und Erlebnis auf der Sveti Nikola Insel<\/h2>\n\n<p>Um die Str\u00e4nde und Kaps der Insel zu erreichen, ist der einfachste Weg mit Taxibooten oder Barkassen. Sobald Sie ankommen, erwartet Sie ein durchscheinendes und klares Meer, blauer Himmel, Sonnenstrahlen und die Ger\u00fcche und Geschm\u00e4cker des Mittelmeers. Folglich bietet ein Tagesausflug zur <strong>Sveti Nikola Insel<\/strong> Schwimmen und Erkundung, wenn Sie ein solches Projekt selbst unternehmen, oder Sie k\u00f6nnen einfach das Meer, die Ruhe und die mediterrane Atmosph\u00e4re genie\u00dfen.<\/p>\n\n<figure class=\"wp-block-image size-large\"><img loading=\"lazy\" decoding=\"async\" width=\"1024\" height=\"683\" src=\"https:\/\/www.visit-montenegro.com\/wp-content\/uploads\/2026\/01\/budva-island-beach-1024x683.jpg\" alt=\"\" class=\"wp-image-36005\" srcset=\"https:\/\/www.visit-montenegro.com\/wp-content\/uploads\/2026\/01\/budva-island-beach-1024x683.jpg 1024w, https:\/\/www.visit-montenegro.com\/wp-content\/uploads\/2026\/01\/budva-island-beach-300x200.jpg 300w, https:\/\/www.visit-montenegro.com\/wp-content\/uploads\/2026\/01\/budva-island-beach-768x512.jpg 768w, https:\/\/www.visit-montenegro.com\/wp-content\/uploads\/2026\/01\/budva-island-beach-1536x1024.jpg 1536w, https:\/\/www.visit-montenegro.com\/wp-content\/uploads\/2026\/01\/budva-island-beach-1200x800.jpg 1200w, https:\/\/www.visit-montenegro.com\/wp-content\/uploads\/2026\/01\/budva-island-beach-scaled.jpg 1600w\" sizes=\"auto, (max-width: 1024px) 100vw, 1024px\" \/><figcaption class=\"wp-element-caption\">Der Strand und die Klippen auf der Insel St. Nikolaus in Budva, Montenegro.Paradiesstrand auf einer Insel im Meer<\/figcaption><\/figure>\n\n<h2 class=\"wp-block-heading\">Merkmale und nat\u00fcrliche Umgebung der Insel<\/h2>\n\n<p>Heute ist ein Teil der Insel privatisiert und verf\u00fcgt \u00fcber ein neues Restaurant und zwei modern gestaltete Str\u00e4nde. Dar\u00fcber hinaus ist ein Maringeb\u00e4ude f\u00fcr dieses Gebiet geplant. <strong>Sveti Nikola Insel<\/strong> beherbergt Hirsche, Kaninchen, Rehe, V\u00f6gel und einige seltene Pflanzenarten. Sie ist mit dichten Nadel-, Kiefern- und Fichtenw\u00e4ldern bedeckt. Tats\u00e4chlich bleibt viel von der Insel unerforscht und sehnt sich nach neuen Robinson Crusoes, um ihre verborgenen Wunder zu entdecken.<\/p>\n","protected":false},"excerpt":{"rendered":"<p>Entdecken Sie die Sveti Nikola Insel, Montenegros &#8222;Hawaii bei Budva,&#8220; eine Top-Attraktion an der Budva Riviera. Genie\u00dfen Sie unber\u00fchrte Str\u00e4nde, klares Meer und reiche Tierwelt in diesem mediterranen Paradies. Planen Sie Ihren Besuch zum Schwimmen, Erkunden oder einfach zum Entspannen in der Natur.<\/p>\n","protected":false},"author":1,"featured_media":135099,"parent":134185,"menu_order":0,"comment_status":"closed","ping_status":"closed","template":"","meta":{"_yoast_wpseo_focuskw":"Sveti Nikola Insel","_yoast_wpseo_metadesc":"Entdecken Sie die Sveti Nikola Insel, das \"Hawaii bei Budva,\" mit seinen Str\u00e4nden, Tierwelt und mediterranem Charme. Ideal f\u00fcr Tagesausfl\u00fcge und Naturliebhaber in Montenegro.","_kad_post_transparent":"","_kad_post_title":"","_kad_post_layout":"","_kad_post_sidebar_id":"","_kad_post_content_style":"","_kad_post_vertical_padding":"","_kad_post_feature":"","_kad_post_feature_position":"","_kad_post_header":false,"_kad_post_footer":false,"_kad_post_classname":"","iawp_total_views":26,"footnotes":""},"tags":[140,52,139,62,141,76],"class_list":["post-135098","page","type-page","status-publish","has-post-thumbnail","hentry","tag-crna-gora","tag-montenegro","tag-news","tag-tourism","tag-travel","tag-visit"],"yoast_head":"<!-- This site is optimized with the Yoast SEO plugin v27.3 - https:\/\/yoast.com\/product\/yoast-seo-wordpress\/ -->\n<title>Sveti Nikola Insel - Visit Montenegro<\/title>\n<meta name=\"description\" content=\"Entdecken Sie die Sveti Nikola Insel, das &quot;Hawaii bei Budva,&quot; mit seinen Str\u00e4nden, Tierwelt und mediterranem Charme. Ideal f\u00fcr Tagesausfl\u00fcge und Naturliebhaber in Montenegro.\" \/>\n<meta name=\"robots\" content=\"index, follow, max-snippet:-1, max-image-preview:large, max-video-preview:-1\" \/>\n<link rel=\"canonical\" href=\"https:\/\/www.visit-montenegro.com\/de\/reiseziele\/budva\/sehenswuerdigkeiten\/sveti-nikola-island\/\" \/>\n<meta property=\"og:locale\" content=\"de_DE\" \/>\n<meta property=\"og:type\" content=\"article\" \/>\n<meta property=\"og:title\" content=\"Sveti Nikola Insel - Visit Montenegro\" \/>\n<meta property=\"og:description\" content=\"Entdecken Sie die Sveti Nikola Insel, das &quot;Hawaii bei Budva,&quot; mit seinen Str\u00e4nden, Tierwelt und mediterranem Charme. Ideal f\u00fcr Tagesausfl\u00fcge und Naturliebhaber in Montenegro.\" \/>\n<meta property=\"og:url\" content=\"https:\/\/www.visit-montenegro.com\/de\/reiseziele\/budva\/sehenswuerdigkeiten\/sveti-nikola-island\/\" \/>\n<meta property=\"og:site_name\" content=\"Visit Montenegro\" \/>\n<meta property=\"article:publisher\" content=\"https:\/\/www.facebook.com\/visitmontenegro\" \/>\n<meta property=\"article:modified_time\" content=\"2026-02-22T16:12:22+00:00\" \/>\n<meta property=\"og:image\" content=\"https:\/\/www.visit-montenegro.com\/wp-content\/uploads\/2026\/01\/budva-nicholas-island-scaled.jpg\" \/>\n\t<meta property=\"og:image:width\" content=\"1600\" \/>\n\t<meta property=\"og:image:height\" content=\"1066\" \/>\n\t<meta property=\"og:image:type\" content=\"image\/jpeg\" \/>\n<meta name=\"twitter:card\" content=\"summary_large_image\" \/>\n<meta name=\"twitter:site\" content=\"@visitmontenegro\" \/>\n<meta name=\"twitter:label1\" content=\"Gesch\u00e4tzte Lesezeit\" \/>\n\t<meta name=\"twitter:data1\" content=\"1\u00a0Minute\" \/>\n<script type=\"application\/ld+json\" class=\"yoast-schema-graph\">{\"@context\":\"https:\\\/\\\/schema.org\",\"@graph\":[{\"@type\":\"WebPage\",\"@id\":\"https:\\\/\\\/www.visit-montenegro.com\\\/de\\\/reiseziele\\\/budva\\\/sehenswuerdigkeiten\\\/sveti-nikola-island\\\/\",\"url\":\"https:\\\/\\\/www.visit-montenegro.com\\\/de\\\/reiseziele\\\/budva\\\/sehenswuerdigkeiten\\\/sveti-nikola-island\\\/\",\"name\":\"Sveti Nikola Insel - Visit Montenegro\",\"isPartOf\":{\"@id\":\"https:\\\/\\\/www.visit-montenegro.com\\\/de\\\/#website\"},\"primaryImageOfPage\":{\"@id\":\"https:\\\/\\\/www.visit-montenegro.com\\\/de\\\/reiseziele\\\/budva\\\/sehenswuerdigkeiten\\\/sveti-nikola-island\\\/#primaryimage\"},\"image\":{\"@id\":\"https:\\\/\\\/www.visit-montenegro.com\\\/de\\\/reiseziele\\\/budva\\\/sehenswuerdigkeiten\\\/sveti-nikola-island\\\/#primaryimage\"},\"thumbnailUrl\":\"https:\\\/\\\/www.visit-montenegro.com\\\/wp-content\\\/uploads\\\/2026\\\/01\\\/budva-nicholas-island-scaled.jpg\",\"datePublished\":\"2026-01-27T20:44:31+00:00\",\"dateModified\":\"2026-02-22T16:12:22+00:00\",\"description\":\"Entdecken Sie die Sveti Nikola Insel, das \\\"Hawaii bei Budva,\\\" mit seinen Str\u00e4nden, Tierwelt und mediterranem Charme. Ideal f\u00fcr Tagesausfl\u00fcge und Naturliebhaber in Montenegro.\",\"breadcrumb\":{\"@id\":\"https:\\\/\\\/www.visit-montenegro.com\\\/de\\\/reiseziele\\\/budva\\\/sehenswuerdigkeiten\\\/sveti-nikola-island\\\/#breadcrumb\"},\"inLanguage\":\"de\",\"potentialAction\":[{\"@type\":\"ReadAction\",\"target\":[\"https:\\\/\\\/www.visit-montenegro.com\\\/de\\\/reiseziele\\\/budva\\\/sehenswuerdigkeiten\\\/sveti-nikola-island\\\/\"]}]},{\"@type\":\"ImageObject\",\"inLanguage\":\"de\",\"@id\":\"https:\\\/\\\/www.visit-montenegro.com\\\/de\\\/reiseziele\\\/budva\\\/sehenswuerdigkeiten\\\/sveti-nikola-island\\\/#primaryimage\",\"url\":\"https:\\\/\\\/www.visit-montenegro.com\\\/wp-content\\\/uploads\\\/2026\\\/01\\\/budva-nicholas-island-scaled.jpg\",\"contentUrl\":\"https:\\\/\\\/www.visit-montenegro.com\\\/wp-content\\\/uploads\\\/2026\\\/01\\\/budva-nicholas-island-scaled.jpg\",\"width\":1600,\"height\":1066,\"caption\":\"Luftaufnahme der Sveti Nikola Insel nahe der Stadt Budva an der Adria in Montenegro. Get\u00f6ntes Bild.\"},{\"@type\":\"BreadcrumbList\",\"@id\":\"https:\\\/\\\/www.visit-montenegro.com\\\/de\\\/reiseziele\\\/budva\\\/sehenswuerdigkeiten\\\/sveti-nikola-island\\\/#breadcrumb\",\"itemListElement\":[{\"@type\":\"ListItem\",\"position\":1,\"name\":\"Home\",\"item\":\"https:\\\/\\\/www.visit-montenegro.com\\\/de\\\/home\\\/\"},{\"@type\":\"ListItem\",\"position\":2,\"name\":\"Reiseziele in Montenegro\",\"item\":\"https:\\\/\\\/www.visit-montenegro.com\\\/de\\\/reiseziele\\\/\"},{\"@type\":\"ListItem\",\"position\":3,\"name\":\"Budva\",\"item\":\"https:\\\/\\\/www.visit-montenegro.com\\\/de\\\/reiseziele\\\/budva\\\/\"},{\"@type\":\"ListItem\",\"position\":4,\"name\":\"Budva Sehensw\u00fcrdigkeiten\",\"item\":\"https:\\\/\\\/www.visit-montenegro.com\\\/de\\\/reiseziele\\\/budva\\\/sehenswuerdigkeiten\\\/\"},{\"@type\":\"ListItem\",\"position\":5,\"name\":\"Sveti Nikola Insel\"}]},{\"@type\":\"WebSite\",\"@id\":\"https:\\\/\\\/www.visit-montenegro.com\\\/de\\\/#website\",\"url\":\"https:\\\/\\\/www.visit-montenegro.com\\\/de\\\/\",\"name\":\"Visit Montenegro\",\"description\":\"Breathtaking beauty\",\"publisher\":{\"@id\":\"https:\\\/\\\/www.visit-montenegro.com\\\/de\\\/#organization\"},\"potentialAction\":[{\"@type\":\"SearchAction\",\"target\":{\"@type\":\"EntryPoint\",\"urlTemplate\":\"https:\\\/\\\/www.visit-montenegro.com\\\/de\\\/?s={search_term_string}\"},\"query-input\":{\"@type\":\"PropertyValueSpecification\",\"valueRequired\":true,\"valueName\":\"search_term_string\"}}],\"inLanguage\":\"de\"},{\"@type\":\"Organization\",\"@id\":\"https:\\\/\\\/www.visit-montenegro.com\\\/de\\\/#organization\",\"name\":\"Visit Montenegro\",\"url\":\"https:\\\/\\\/www.visit-montenegro.com\\\/de\\\/\",\"logo\":{\"@type\":\"ImageObject\",\"inLanguage\":\"de\",\"@id\":\"https:\\\/\\\/www.visit-montenegro.com\\\/de\\\/#\\\/schema\\\/logo\\\/image\\\/\",\"url\":\"https:\\\/\\\/www.visit-montenegro.com\\\/wp-content\\\/uploads\\\/2017\\\/10\\\/logo-amp.png\",\"contentUrl\":\"https:\\\/\\\/www.visit-montenegro.com\\\/wp-content\\\/uploads\\\/2017\\\/10\\\/logo-amp.png\",\"width\":190,\"height\":36,\"caption\":\"Visit Montenegro\"},\"image\":{\"@id\":\"https:\\\/\\\/www.visit-montenegro.com\\\/de\\\/#\\\/schema\\\/logo\\\/image\\\/\"},\"sameAs\":[\"https:\\\/\\\/www.facebook.com\\\/visitmontenegro\",\"https:\\\/\\\/x.com\\\/visitmontenegro\",\"https:\\\/\\\/www.instagram.com\\\/visit_montenegro\\\/\",\"https:\\\/\\\/www.youtube.com\\\/user\\\/VisitMontenegro\"]}]}<\/script>\n<!-- \/ Yoast SEO plugin. -->","yoast_head_json":{"title":"Sveti Nikola Insel - Visit Montenegro","description":"Entdecken Sie die Sveti Nikola Insel, das \"Hawaii bei Budva,\" mit seinen Str\u00e4nden, Tierwelt und mediterranem Charme. Ideal f\u00fcr Tagesausfl\u00fcge und Naturliebhaber in Montenegro.","robots":{"index":"index","follow":"follow","max-snippet":"max-snippet:-1","max-image-preview":"max-image-preview:large","max-video-preview":"max-video-preview:-1"},"canonical":"https:\/\/www.visit-montenegro.com\/de\/reiseziele\/budva\/sehenswuerdigkeiten\/sveti-nikola-island\/","og_locale":"de_DE","og_type":"article","og_title":"Sveti Nikola Insel - Visit Montenegro","og_description":"Entdecken Sie die Sveti Nikola Insel, das \"Hawaii bei Budva,\" mit seinen Str\u00e4nden, Tierwelt und mediterranem Charme. Ideal f\u00fcr Tagesausfl\u00fcge und Naturliebhaber in Montenegro.","og_url":"https:\/\/www.visit-montenegro.com\/de\/reiseziele\/budva\/sehenswuerdigkeiten\/sveti-nikola-island\/","og_site_name":"Visit Montenegro","article_publisher":"https:\/\/www.facebook.com\/visitmontenegro","article_modified_time":"2026-02-22T16:12:22+00:00","og_image":[{"width":1600,"height":1066,"url":"https:\/\/www.visit-montenegro.com\/wp-content\/uploads\/2026\/01\/budva-nicholas-island-scaled.jpg","type":"image\/jpeg"}],"twitter_card":"summary_large_image","twitter_site":"@visitmontenegro","twitter_misc":{"Gesch\u00e4tzte Lesezeit":"1\u00a0Minute"},"schema":{"@context":"https:\/\/schema.org","@graph":[{"@type":"WebPage","@id":"https:\/\/www.visit-montenegro.com\/de\/reiseziele\/budva\/sehenswuerdigkeiten\/sveti-nikola-island\/","url":"https:\/\/www.visit-montenegro.com\/de\/reiseziele\/budva\/sehenswuerdigkeiten\/sveti-nikola-island\/","name":"Sveti Nikola Insel - Visit Montenegro","isPartOf":{"@id":"https:\/\/www.visit-montenegro.com\/de\/#website"},"primaryImageOfPage":{"@id":"https:\/\/www.visit-montenegro.com\/de\/reiseziele\/budva\/sehenswuerdigkeiten\/sveti-nikola-island\/#primaryimage"},"image":{"@id":"https:\/\/www.visit-montenegro.com\/de\/reiseziele\/budva\/sehenswuerdigkeiten\/sveti-nikola-island\/#primaryimage"},"thumbnailUrl":"https:\/\/www.visit-montenegro.com\/wp-content\/uploads\/2026\/01\/budva-nicholas-island-scaled.jpg","datePublished":"2026-01-27T20:44:31+00:00","dateModified":"2026-02-22T16:12:22+00:00","description":"Entdecken Sie die Sveti Nikola Insel, das \"Hawaii bei Budva,\" mit seinen Str\u00e4nden, Tierwelt und mediterranem Charme. Ideal f\u00fcr Tagesausfl\u00fcge und Naturliebhaber in Montenegro.","breadcrumb":{"@id":"https:\/\/www.visit-montenegro.com\/de\/reiseziele\/budva\/sehenswuerdigkeiten\/sveti-nikola-island\/#breadcrumb"},"inLanguage":"de","potentialAction":[{"@type":"ReadAction","target":["https:\/\/www.visit-montenegro.com\/de\/reiseziele\/budva\/sehenswuerdigkeiten\/sveti-nikola-island\/"]}]},{"@type":"ImageObject","inLanguage":"de","@id":"https:\/\/www.visit-montenegro.com\/de\/reiseziele\/budva\/sehenswuerdigkeiten\/sveti-nikola-island\/#primaryimage","url":"https:\/\/www.visit-montenegro.com\/wp-content\/uploads\/2026\/01\/budva-nicholas-island-scaled.jpg","contentUrl":"https:\/\/www.visit-montenegro.com\/wp-content\/uploads\/2026\/01\/budva-nicholas-island-scaled.jpg","width":1600,"height":1066,"caption":"Luftaufnahme der Sveti Nikola Insel nahe der Stadt Budva an der Adria in Montenegro. Get\u00f6ntes Bild."},{"@type":"BreadcrumbList","@id":"https:\/\/www.visit-montenegro.com\/de\/reiseziele\/budva\/sehenswuerdigkeiten\/sveti-nikola-island\/#breadcrumb","itemListElement":[{"@type":"ListItem","position":1,"name":"Home","item":"https:\/\/www.visit-montenegro.com\/de\/home\/"},{"@type":"ListItem","position":2,"name":"Reiseziele in Montenegro","item":"https:\/\/www.visit-montenegro.com\/de\/reiseziele\/"},{"@type":"ListItem","position":3,"name":"Budva","item":"https:\/\/www.visit-montenegro.com\/de\/reiseziele\/budva\/"},{"@type":"ListItem","position":4,"name":"Budva Sehensw\u00fcrdigkeiten","item":"https:\/\/www.visit-montenegro.com\/de\/reiseziele\/budva\/sehenswuerdigkeiten\/"},{"@type":"ListItem","position":5,"name":"Sveti Nikola Insel"}]},{"@type":"WebSite","@id":"https:\/\/www.visit-montenegro.com\/de\/#website","url":"https:\/\/www.visit-montenegro.com\/de\/","name":"Visit Montenegro","description":"Breathtaking beauty","publisher":{"@id":"https:\/\/www.visit-montenegro.com\/de\/#organization"},"potentialAction":[{"@type":"SearchAction","target":{"@type":"EntryPoint","urlTemplate":"https:\/\/www.visit-montenegro.com\/de\/?s={search_term_string}"},"query-input":{"@type":"PropertyValueSpecification","valueRequired":true,"valueName":"search_term_string"}}],"inLanguage":"de"},{"@type":"Organization","@id":"https:\/\/www.visit-montenegro.com\/de\/#organization","name":"Visit Montenegro","url":"https:\/\/www.visit-montenegro.com\/de\/","logo":{"@type":"ImageObject","inLanguage":"de","@id":"https:\/\/www.visit-montenegro.com\/de\/#\/schema\/logo\/image\/","url":"https:\/\/www.visit-montenegro.com\/wp-content\/uploads\/2017\/10\/logo-amp.png","contentUrl":"https:\/\/www.visit-montenegro.com\/wp-content\/uploads\/2017\/10\/logo-amp.png","width":190,"height":36,"caption":"Visit Montenegro"},"image":{"@id":"https:\/\/www.visit-montenegro.com\/de\/#\/schema\/logo\/image\/"},"sameAs":["https:\/\/www.facebook.com\/visitmontenegro","https:\/\/x.com\/visitmontenegro","https:\/\/www.instagram.com\/visit_montenegro\/","https:\/\/www.youtube.com\/user\/VisitMontenegro"]}]}},"translations":[],"_links":{"self":[{"href":"https:\/\/www.visit-montenegro.com\/de\/wp-json\/wp\/v2\/pages\/135098","targetHints":{"allow":["GET"]}}],"collection":[{"href":"https:\/\/www.visit-montenegro.com\/de\/wp-json\/wp\/v2\/pages"}],"about":[{"href":"https:\/\/www.visit-montenegro.com\/de\/wp-json\/wp\/v2\/types\/page"}],"author":[{"embeddable":true,"href":"https:\/\/www.visit-montenegro.com\/de\/wp-json\/wp\/v2\/users\/1"}],"replies":[{"embeddable":true,"href":"https:\/\/www.visit-montenegro.com\/de\/wp-json\/wp\/v2\/comments?post=135098"}],"version-history":[{"count":0,"href":"https:\/\/www.visit-montenegro.com\/de\/wp-json\/wp\/v2\/pages\/135098\/revisions"}],"up":[{"embeddable":true,"href":"https:\/\/www.visit-montenegro.com\/de\/wp-json\/wp\/v2\/pages\/134185"}],"wp:featuredmedia":[{"embeddable":true,"href":"https:\/\/www.visit-montenegro.com\/de\/wp-json\/wp\/v2\/media\/135099"}],"wp:attachment":[{"href":"https:\/\/www.visit-montenegro.com\/de\/wp-json\/wp\/v2\/media?parent=135098"}],"wp:term":[{"taxonomy":"post_tag","embeddable":true,"href":"https:\/\/www.visit-montenegro.com\/de\/wp-json\/wp\/v2\/tags?post=135098"}],"curies":[{"name":"wp","href":"https:\/\/api.w.org\/{rel}","templated":true}]}}